{"id":280606,"date":"2022-06-28T10:08:18","date_gmt":"2022-06-28T09:08:18","guid":{"rendered":"https:\/\/ecosupplements.be\/product\/curcumine-a-haute-absorption-provenant-de-la-racine-de-curcuma-avec-complexe-c3-et-bioperine-1000mg-120-comprimes\/"},"modified":"2025-08-27T10:34:41","modified_gmt":"2025-08-27T09:34:41","slug":"curcumine-a-haute-absorption-provenant-de-la-racine-de-curcuma-avec-complexe-c3-et-bioperine-1000mg-120-comprimes","status":"publish","type":"product","link":"https:\/\/ecosupplements.be\/fr\/produit\/curcumine-a-haute-absorption-provenant-de-la-racine-de-curcuma-avec-complexe-c3-et-bioperine-1000mg-120-comprimes\/","title":{"rendered":"Curcumine \u00e0 haute absorption provenant de la racine de curcuma avec complexe C3 et BioPerine, 1000mg &#8211; 120 comprim\u00e9s"},"content":{"rendered":"<h1 style=\"text-align: center;\">Doctor&#8217;s Best &#8211; Curcumine \u00e0 haute absorption provenant de la racine de curcuma avec complexe C3 et BioPerine<\/h1>\n<p>Qu&#8217;est-ce que le Doctor&#8217;s Best Curcumin C3 Complex ?<br \/>\nDoctor&#8217;s Best Curcumin C3 Complex est un puissant antioxydant qui prot\u00e8ge les cellules et les tissus en combattant les radicaux libres. Il est \u00e9galement prouv\u00e9 qu&#8217;elle soutient une fonction articulaire saine. Curcumin C3 Complex contient un extrait standardis\u00e9 de racine de Curcuma longa et fournit 95% curcumino\u00efdes totaux, dont la curcumine, la bisdemethoxy curcumine et la demethoxy curcumine. Comme la curcumine est difficile \u00e0 absorber, nous ajoutons de la BioPerine, un extrait de fruit de poivre noir qui contient 95-98% de pip\u00e9rine, comme bioenhancer naturel.<br \/>\nComment cela fonctionne-t-il ?<br \/>\nDes recherches approfondies men\u00e9es au cours du dernier quart de si\u00e8cle sugg\u00e8rent que la curcumine peut aider \u00e0 contrer les toxines et \u00e0 influencer la survie des cellules par d&#8217;autres moyens. En raison de la puissante activit\u00e9 de pi\u00e9geage des radicaux des curcumines, les cellules de peau humaine en culture soumises \u00e0 une attaque de radicaux libres s&#8217;en sortent mieux lorsqu&#8217;on leur administre de la curcumine ou un m\u00e9lange des trois principales curcumines. En outre, les trois curcumines combin\u00e9es ont eu un effet plus important qu&#8217;une quantit\u00e9 \u00e9gale de curcumine, ce qui a conduit certains scientifiques \u00e0 revendiquer un effet synergique de cette combinaison.<br \/>\nPourquoi devrais-je prendre Doctor&#8217;s Best Curcumin C3 Complex ?<br \/>\nLes nombreux effets b\u00e9n\u00e9fiques attribu\u00e9s \u00e0 la racine de curcuma sont li\u00e9s aux propri\u00e9t\u00e9s antioxydantes des curcumines qu&#8217;elle contient. Cette activit\u00e9 antioxydante peut neutraliser les radicaux libres qui menacent l&#8217;int\u00e9grit\u00e9 des structures cellulaires. Les radicaux libres peuvent provoquer un &#8220;stress oxydatif&#8221;, un processus qui peut d\u00e9clencher des dommages cellulaires. Et l&#8217;on pense que le stress oxydatif joue un r\u00f4le dans une vari\u00e9t\u00e9 de maladies. Le complexe C3 de curcumine dispose de plus de 50 \u00e9tudes scientifiques pour valider son efficacit\u00e9.<\/p>\n<p><img decoding=\"async\" src=\"https:\/\/ecosupplements.be\/wp-content\/uploads\/2025\/08\/gluten-free-1.png\" title=\"Sans gluten\" alt=\"Gluten free\"><img decoding=\"async\" src=\"https:\/\/ecosupplements.be\/wp-content\/uploads\/2025\/08\/non-gmo-1.png\" title=\"Non-OGM\" alt=\"Non-GMO\"><\/p>\n","protected":false},"excerpt":{"rendered":"<p>Doctor&#8217;s Best &#8211; Curcumine \u00e0 haute absorption provenant de la racine de curcuma avec complexe C3 et BioPerine Qu&#8217;est-ce que le Doctor&#8217;s Best Curcumin C3 Complex ? Doctor&#8217;s Best Curcumin C3 Complex est un puissant antioxydant qui prot\u00e8ge les cellules et les tissus en combattant les radicaux libres. Il est \u00e9galement prouv\u00e9 qu&#8217;elle soutient une [&#8230;]\n","protected":false},"featured_media":243216,"comment_status":"open","ping_status":"open","template":"","meta":[],"product_brand":[4674],"product_cat":[5115,5097,5054,5055,5052,5053],"product_tag":[5071],"class_list":{"0":"post-280606","1":"product","2":"type-product","3":"status-publish","4":"has-post-thumbnail","6":"product_brand-doctors-best-2","7":"product_cat-cumin","8":"product_cat-curcuma","9":"product_cat-nourriture-saine","10":"product_cat-produits-vegetaliens","11":"product_cat-sante-et-bien-etre","12":"product_cat-vitamines-et-mineraux","13":"product_tag-ecoplus-2","15":"first","16":"instock","17":"taxable","18":"shipping-taxable","19":"purchasable","20":"product-type-simple"},"yoast_head":"<!-- This site is optimized with the Yoast SEO Premium plugin v27.3 (Yoast SEO v27.3) - https:\/\/yoast.com\/product\/yoast-seo-premium-wordpress\/ -->\n<title>Curcumine \u00e0 haute absorption provenant de la racine de curcuma avec complexe C3 et BioPerine, 1000mg - 120 comprim\u00e9s - ECO Supplements<\/title>\n<meta name=\"description\" content=\"Wij hebben een ruime keuze aan producten van Curcumine \u00e0 haute absorption provenant de la racine de curcuma avec complexe C3 et BioPerine, 1000mg - 120 comprim\u00e9s . Winkel bij Eco Supplements altijd gratis verzending boven 100\u20ac\" \/>\n<meta name=\"robots\" content=\"index, follow, max-snippet:-1, max-image-preview:large, max-video-preview:-1\" \/>\n<link rel=\"canonical\" href=\"https:\/\/ecosupplements.be\/fr\/produit\/curcumine-a-haute-absorption-provenant-de-la-racine-de-curcuma-avec-complexe-c3-et-bioperine-1000mg-120-comprimes\/\" \/>\n<meta property=\"og:locale\" content=\"fr_FR\" \/>\n<meta property=\"og:type\" content=\"article\" \/>\n<meta property=\"og:title\" content=\"Curcumine \u00e0 haute absorption provenant de la racine de curcuma avec complexe C3 et BioPerine, 1000mg - 120 comprim\u00e9s\" \/>\n<meta property=\"og:description\" content=\"Wij hebben een ruime keuze aan producten van Curcumine \u00e0 haute absorption provenant de la racine de curcuma avec complexe C3 et BioPerine, 1000mg - 120 comprim\u00e9s . Winkel bij Eco Supplements altijd gratis verzending boven 100\u20ac\" \/>\n<meta property=\"og:url\" content=\"https:\/\/ecosupplements.be\/fr\/produit\/curcumine-a-haute-absorption-provenant-de-la-racine-de-curcuma-avec-complexe-c3-et-bioperine-1000mg-120-comprimes\/\" \/>\n<meta property=\"og:site_name\" content=\"ECO Supplements\" \/>\n<meta property=\"article:modified_time\" content=\"2025-08-27T09:34:41+00:00\" \/>\n<meta property=\"og:image\" content=\"https:\/\/ecosupplements.be\/wp-content\/uploads\/2025\/08\/High-Absorption-Curcumin-From-Turmeric-Root-with-C3-Complex-BioPerine-1000mg-120-tabs-1.jpeg\" \/>\n\t<meta property=\"og:image:width\" content=\"500\" \/>\n\t<meta property=\"og:image:height\" content=\"500\" \/>\n\t<meta property=\"og:image:type\" content=\"image\/jpeg\" \/>\n<meta name=\"twitter:card\" content=\"summary_large_image\" \/>\n<meta name=\"twitter:label1\" content=\"Prix\" \/>\n\t<meta name=\"twitter:data1\" content=\"104.18&nbsp;&euro;\" \/>\n\t<meta name=\"twitter:label2\" content=\"Disponibilit\u00e9\" \/>\n\t<meta name=\"twitter:data2\" content=\"En stock\" \/>\n<script type=\"application\/ld+json\" class=\"yoast-schema-graph\">{\"@context\":\"https:\\\/\\\/schema.org\",\"@graph\":[{\"@type\":[\"WebPage\",\"ItemPage\"],\"@id\":\"https:\\\/\\\/ecosupplements.be\\\/fr\\\/produit\\\/curcumine-a-haute-absorption-provenant-de-la-racine-de-curcuma-avec-complexe-c3-et-bioperine-1000mg-120-comprimes\\\/\",\"url\":\"https:\\\/\\\/ecosupplements.be\\\/fr\\\/produit\\\/curcumine-a-haute-absorption-provenant-de-la-racine-de-curcuma-avec-complexe-c3-et-bioperine-1000mg-120-comprimes\\\/\",\"name\":\"Curcumine \u00e0 haute absorption provenant de la racine de curcuma avec complexe C3 et BioPerine, 1000mg - 120 comprim\u00e9s - ECO Supplements\",\"isPartOf\":{\"@id\":\"https:\\\/\\\/ecosupplements.be\\\/fr\\\/#website\"},\"primaryImageOfPage\":{\"@id\":\"https:\\\/\\\/ecosupplements.be\\\/fr\\\/produit\\\/curcumine-a-haute-absorption-provenant-de-la-racine-de-curcuma-avec-complexe-c3-et-bioperine-1000mg-120-comprimes\\\/#primaryimage\"},\"image\":{\"@id\":\"https:\\\/\\\/ecosupplements.be\\\/fr\\\/produit\\\/curcumine-a-haute-absorption-provenant-de-la-racine-de-curcuma-avec-complexe-c3-et-bioperine-1000mg-120-comprimes\\\/#primaryimage\"},\"thumbnailUrl\":\"https:\\\/\\\/ecosupplements.be\\\/wp-content\\\/uploads\\\/2025\\\/08\\\/High-Absorption-Curcumin-From-Turmeric-Root-with-C3-Complex-BioPerine-1000mg-120-tabs-1.jpeg\",\"datePublished\":\"2022-06-28T09:08:18+00:00\",\"dateModified\":\"2025-08-27T09:34:41+00:00\",\"description\":\"Wij hebben een ruime keuze aan producten van Curcumine \u00e0 haute absorption provenant de la racine de curcuma avec complexe C3 et BioPerine, 1000mg - 120 comprim\u00e9s . Winkel bij Eco Supplements altijd gratis verzending boven 100\u20ac\",\"breadcrumb\":{\"@id\":\"https:\\\/\\\/ecosupplements.be\\\/fr\\\/produit\\\/curcumine-a-haute-absorption-provenant-de-la-racine-de-curcuma-avec-complexe-c3-et-bioperine-1000mg-120-comprimes\\\/#breadcrumb\"},\"inLanguage\":\"fr-FR\",\"potentialAction\":[{\"@type\":\"ReadAction\",\"target\":[\"https:\\\/\\\/ecosupplements.be\\\/fr\\\/produit\\\/curcumine-a-haute-absorption-provenant-de-la-racine-de-curcuma-avec-complexe-c3-et-bioperine-1000mg-120-comprimes\\\/\"]}]},{\"@type\":\"ImageObject\",\"inLanguage\":\"fr-FR\",\"@id\":\"https:\\\/\\\/ecosupplements.be\\\/fr\\\/produit\\\/curcumine-a-haute-absorption-provenant-de-la-racine-de-curcuma-avec-complexe-c3-et-bioperine-1000mg-120-comprimes\\\/#primaryimage\",\"url\":\"https:\\\/\\\/ecosupplements.be\\\/wp-content\\\/uploads\\\/2025\\\/08\\\/High-Absorption-Curcumin-From-Turmeric-Root-with-C3-Complex-BioPerine-1000mg-120-tabs-1.jpeg\",\"contentUrl\":\"https:\\\/\\\/ecosupplements.be\\\/wp-content\\\/uploads\\\/2025\\\/08\\\/High-Absorption-Curcumin-From-Turmeric-Root-with-C3-Complex-BioPerine-1000mg-120-tabs-1.jpeg\",\"width\":500,\"height\":500},{\"@type\":\"BreadcrumbList\",\"@id\":\"https:\\\/\\\/ecosupplements.be\\\/fr\\\/produit\\\/curcumine-a-haute-absorption-provenant-de-la-racine-de-curcuma-avec-complexe-c3-et-bioperine-1000mg-120-comprimes\\\/#breadcrumb\",\"itemListElement\":[{\"@type\":\"ListItem\",\"position\":1,\"name\":\"Home\",\"item\":\"https:\\\/\\\/ecosupplements.be\\\/fr\\\/\"},{\"@type\":\"ListItem\",\"position\":2,\"name\":\"Boutique\",\"item\":\"https:\\\/\\\/ecosupplements.be\\\/fr\\\/boutique\\\/\"},{\"@type\":\"ListItem\",\"position\":3,\"name\":\"Curcumine \u00e0 haute absorption provenant de la racine de curcuma avec complexe C3 et BioPerine, 1000mg &#8211; 120 comprim\u00e9s\"}]},{\"@type\":\"WebSite\",\"@id\":\"https:\\\/\\\/ecosupplements.be\\\/fr\\\/#website\",\"url\":\"https:\\\/\\\/ecosupplements.be\\\/fr\\\/\",\"name\":\"ECO Supplements\",\"description\":\"Eco Supplements - Gezonde supplementen\",\"publisher\":{\"@id\":\"https:\\\/\\\/ecosupplements.be\\\/fr\\\/#organization\"},\"potentialAction\":[{\"@type\":\"SearchAction\",\"target\":{\"@type\":\"EntryPoint\",\"urlTemplate\":\"https:\\\/\\\/ecosupplements.be\\\/fr\\\/?s={search_term_string}\"},\"query-input\":{\"@type\":\"PropertyValueSpecification\",\"valueRequired\":true,\"valueName\":\"search_term_string\"}}],\"inLanguage\":\"fr-FR\"},{\"@type\":\"Organization\",\"@id\":\"https:\\\/\\\/ecosupplements.be\\\/fr\\\/#organization\",\"name\":\"Eco Supplements\",\"url\":\"https:\\\/\\\/ecosupplements.be\\\/fr\\\/\",\"logo\":{\"@type\":\"ImageObject\",\"inLanguage\":\"fr-FR\",\"@id\":\"https:\\\/\\\/ecosupplements.be\\\/fr\\\/#\\\/schema\\\/logo\\\/image\\\/\",\"url\":\"https:\\\/\\\/ecosupplements.be\\\/wp-content\\\/uploads\\\/2022\\\/06\\\/ecosupplement-family.png\",\"contentUrl\":\"https:\\\/\\\/ecosupplements.be\\\/wp-content\\\/uploads\\\/2022\\\/06\\\/ecosupplement-family.png\",\"width\":593,\"height\":374,\"caption\":\"Eco Supplements\"},\"image\":{\"@id\":\"https:\\\/\\\/ecosupplements.be\\\/fr\\\/#\\\/schema\\\/logo\\\/image\\\/\"}}]}<\/script>\n<meta property=\"product:brand\" content=\"Doctor&#039;s Best\" \/>\n<meta property=\"product:price:amount\" content=\"104.18\" \/>\n<meta property=\"product:price:currency\" content=\"EUR\" \/>\n<meta property=\"og:availability\" content=\"instock\" \/>\n<meta property=\"product:availability\" content=\"instock\" \/>\n<meta property=\"product:retailer_item_id\" content=\"753950001954\" \/>\n<meta property=\"product:condition\" content=\"new\" \/>\n<!-- \/ Yoast SEO Premium plugin. -->","yoast_head_json":{"title":"Curcumine \u00e0 haute absorption provenant de la racine de curcuma avec complexe C3 et BioPerine, 1000mg - 120 comprim\u00e9s - ECO Supplements","description":"Wij hebben een ruime keuze aan producten van Curcumine \u00e0 haute absorption provenant de la racine de curcuma avec complexe C3 et BioPerine, 1000mg - 120 comprim\u00e9s . Winkel bij Eco Supplements altijd gratis verzending boven 100\u20ac","robots":{"index":"index","follow":"follow","max-snippet":"max-snippet:-1","max-image-preview":"max-image-preview:large","max-video-preview":"max-video-preview:-1"},"canonical":"https:\/\/ecosupplements.be\/fr\/produit\/curcumine-a-haute-absorption-provenant-de-la-racine-de-curcuma-avec-complexe-c3-et-bioperine-1000mg-120-comprimes\/","og_locale":"fr_FR","og_type":"article","og_title":"Curcumine \u00e0 haute absorption provenant de la racine de curcuma avec complexe C3 et BioPerine, 1000mg - 120 comprim\u00e9s","og_description":"Wij hebben een ruime keuze aan producten van Curcumine \u00e0 haute absorption provenant de la racine de curcuma avec complexe C3 et BioPerine, 1000mg - 120 comprim\u00e9s . Winkel bij Eco Supplements altijd gratis verzending boven 100\u20ac","og_url":"https:\/\/ecosupplements.be\/fr\/produit\/curcumine-a-haute-absorption-provenant-de-la-racine-de-curcuma-avec-complexe-c3-et-bioperine-1000mg-120-comprimes\/","og_site_name":"ECO Supplements","article_modified_time":"2025-08-27T09:34:41+00:00","og_image":[{"width":500,"height":500,"url":"https:\/\/ecosupplements.be\/wp-content\/uploads\/2025\/08\/High-Absorption-Curcumin-From-Turmeric-Root-with-C3-Complex-BioPerine-1000mg-120-tabs-1.jpeg","type":"image\/jpeg"}],"twitter_card":"summary_large_image","twitter_misc":{"Prix":"104.18&nbsp;&euro;","Disponibilit\u00e9":"En stock"},"schema":{"@context":"https:\/\/schema.org","@graph":[{"@type":["WebPage","ItemPage"],"@id":"https:\/\/ecosupplements.be\/fr\/produit\/curcumine-a-haute-absorption-provenant-de-la-racine-de-curcuma-avec-complexe-c3-et-bioperine-1000mg-120-comprimes\/","url":"https:\/\/ecosupplements.be\/fr\/produit\/curcumine-a-haute-absorption-provenant-de-la-racine-de-curcuma-avec-complexe-c3-et-bioperine-1000mg-120-comprimes\/","name":"Curcumine \u00e0 haute absorption provenant de la racine de curcuma avec complexe C3 et BioPerine, 1000mg - 120 comprim\u00e9s - ECO Supplements","isPartOf":{"@id":"https:\/\/ecosupplements.be\/fr\/#website"},"primaryImageOfPage":{"@id":"https:\/\/ecosupplements.be\/fr\/produit\/curcumine-a-haute-absorption-provenant-de-la-racine-de-curcuma-avec-complexe-c3-et-bioperine-1000mg-120-comprimes\/#primaryimage"},"image":{"@id":"https:\/\/ecosupplements.be\/fr\/produit\/curcumine-a-haute-absorption-provenant-de-la-racine-de-curcuma-avec-complexe-c3-et-bioperine-1000mg-120-comprimes\/#primaryimage"},"thumbnailUrl":"https:\/\/ecosupplements.be\/wp-content\/uploads\/2025\/08\/High-Absorption-Curcumin-From-Turmeric-Root-with-C3-Complex-BioPerine-1000mg-120-tabs-1.jpeg","datePublished":"2022-06-28T09:08:18+00:00","dateModified":"2025-08-27T09:34:41+00:00","description":"Wij hebben een ruime keuze aan producten van Curcumine \u00e0 haute absorption provenant de la racine de curcuma avec complexe C3 et BioPerine, 1000mg - 120 comprim\u00e9s . Winkel bij Eco Supplements altijd gratis verzending boven 100\u20ac","breadcrumb":{"@id":"https:\/\/ecosupplements.be\/fr\/produit\/curcumine-a-haute-absorption-provenant-de-la-racine-de-curcuma-avec-complexe-c3-et-bioperine-1000mg-120-comprimes\/#breadcrumb"},"inLanguage":"fr-FR","potentialAction":[{"@type":"ReadAction","target":["https:\/\/ecosupplements.be\/fr\/produit\/curcumine-a-haute-absorption-provenant-de-la-racine-de-curcuma-avec-complexe-c3-et-bioperine-1000mg-120-comprimes\/"]}]},{"@type":"ImageObject","inLanguage":"fr-FR","@id":"https:\/\/ecosupplements.be\/fr\/produit\/curcumine-a-haute-absorption-provenant-de-la-racine-de-curcuma-avec-complexe-c3-et-bioperine-1000mg-120-comprimes\/#primaryimage","url":"https:\/\/ecosupplements.be\/wp-content\/uploads\/2025\/08\/High-Absorption-Curcumin-From-Turmeric-Root-with-C3-Complex-BioPerine-1000mg-120-tabs-1.jpeg","contentUrl":"https:\/\/ecosupplements.be\/wp-content\/uploads\/2025\/08\/High-Absorption-Curcumin-From-Turmeric-Root-with-C3-Complex-BioPerine-1000mg-120-tabs-1.jpeg","width":500,"height":500},{"@type":"BreadcrumbList","@id":"https:\/\/ecosupplements.be\/fr\/produit\/curcumine-a-haute-absorption-provenant-de-la-racine-de-curcuma-avec-complexe-c3-et-bioperine-1000mg-120-comprimes\/#breadcrumb","itemListElement":[{"@type":"ListItem","position":1,"name":"Home","item":"https:\/\/ecosupplements.be\/fr\/"},{"@type":"ListItem","position":2,"name":"Boutique","item":"https:\/\/ecosupplements.be\/fr\/boutique\/"},{"@type":"ListItem","position":3,"name":"Curcumine \u00e0 haute absorption provenant de la racine de curcuma avec complexe C3 et BioPerine, 1000mg &#8211; 120 comprim\u00e9s"}]},{"@type":"WebSite","@id":"https:\/\/ecosupplements.be\/fr\/#website","url":"https:\/\/ecosupplements.be\/fr\/","name":"ECO Supplements","description":"Eco Supplements - Gezonde supplementen","publisher":{"@id":"https:\/\/ecosupplements.be\/fr\/#organization"},"potentialAction":[{"@type":"SearchAction","target":{"@type":"EntryPoint","urlTemplate":"https:\/\/ecosupplements.be\/fr\/?s={search_term_string}"},"query-input":{"@type":"PropertyValueSpecification","valueRequired":true,"valueName":"search_term_string"}}],"inLanguage":"fr-FR"},{"@type":"Organization","@id":"https:\/\/ecosupplements.be\/fr\/#organization","name":"Eco Supplements","url":"https:\/\/ecosupplements.be\/fr\/","logo":{"@type":"ImageObject","inLanguage":"fr-FR","@id":"https:\/\/ecosupplements.be\/fr\/#\/schema\/logo\/image\/","url":"https:\/\/ecosupplements.be\/wp-content\/uploads\/2022\/06\/ecosupplement-family.png","contentUrl":"https:\/\/ecosupplements.be\/wp-content\/uploads\/2022\/06\/ecosupplement-family.png","width":593,"height":374,"caption":"Eco Supplements"},"image":{"@id":"https:\/\/ecosupplements.be\/fr\/#\/schema\/logo\/image\/"}}]},"product_brand":"Doctor's Best","product_price_amount":"104.18","product_price_currency":"EUR","og_availability":"instock","product_availability":"instock","product_retailer_item_id":"753950001954","product_condition":"new"},"_links":{"self":[{"href":"https:\/\/ecosupplements.be\/fr\/wp-json\/wp\/v2\/product\/280606","targetHints":{"allow":["GET"]}}],"collection":[{"href":"https:\/\/ecosupplements.be\/fr\/wp-json\/wp\/v2\/product"}],"about":[{"href":"https:\/\/ecosupplements.be\/fr\/wp-json\/wp\/v2\/types\/product"}],"replies":[{"embeddable":true,"href":"https:\/\/ecosupplements.be\/fr\/wp-json\/wp\/v2\/comments?post=280606"}],"wp:featuredmedia":[{"embeddable":true,"href":"https:\/\/ecosupplements.be\/fr\/wp-json\/wp\/v2\/media\/243216"}],"wp:attachment":[{"href":"https:\/\/ecosupplements.be\/fr\/wp-json\/wp\/v2\/media?parent=280606"}],"wp:term":[{"taxonomy":"product_brand","embeddable":true,"href":"https:\/\/ecosupplements.be\/fr\/wp-json\/wp\/v2\/product_brand?post=280606"},{"taxonomy":"product_cat","embeddable":true,"href":"https:\/\/ecosupplements.be\/fr\/wp-json\/wp\/v2\/product_cat?post=280606"},{"taxonomy":"product_tag","embeddable":true,"href":"https:\/\/ecosupplements.be\/fr\/wp-json\/wp\/v2\/product_tag?post=280606"}],"curies":[{"name":"wp","href":"https:\/\/api.w.org\/{rel}","templated":true}]}}