{"id":280610,"date":"2022-06-28T10:08:25","date_gmt":"2022-06-28T09:08:25","guid":{"rendered":"https:\/\/ecosupplements.be\/product\/magnesium-a-haute-absorption-100mg-240-comprimes\/"},"modified":"2025-08-27T10:35:02","modified_gmt":"2025-08-27T09:35:02","slug":"magnesium-a-haute-absorption-100mg-240-comprimes","status":"publish","type":"product","link":"https:\/\/ecosupplements.be\/fr\/produit\/magnesium-a-haute-absorption-100mg-240-comprimes\/","title":{"rendered":"Magn\u00e9sium \u00e0 haute absorption, 100mg &#8211; 240 comprim\u00e9s"},"content":{"rendered":"<h1 style=\"text-align: center;\">Doctor&#8217;s Best &#8211; Magn\u00e9sium \u00e0 haute absorption<\/h1>\n<p>La nutrition bas\u00e9e sur la science<br \/>\nAide \u00e0 soutenir la sant\u00e9 des os, du c\u0153ur, des nerfs et des muscles<br \/>\nSuppl\u00e9ment alimentaire<br \/>\nNon-OGM &#8211; Sans gluten &#8211; Vegan<\/p>\n<p>Doctor&#8217;s Best High Absorption Magnesium Powder utilise une forme de magn\u00e9sium ch\u00e9lat\u00e9 organique brevet\u00e9 pour optimiser la biodisponibilit\u00e9 et la tol\u00e9rance GI. Il n&#8217;est pas tamponn\u00e9 et plus absorbable que l&#8217;oxyde de magn\u00e9sium.<\/p>\n<p>Le magn\u00e9sium est un min\u00e9ral alimentaire essentiel qui joue de nombreux r\u00f4les importants, notamment : aider les cellules \u00e0 produire de l&#8217;\u00e9nergie m\u00e9tabolique, soutenir une fonction nerveuse optimale, aider les muscles \u00e0 se d\u00e9tendre correctement et maintenir un rythme cardiaque sain. Il a \u00e9t\u00e9 d\u00e9montr\u00e9 que la lysine et la glycine sont des transporteurs efficaces de min\u00e9raux qui facilitent l&#8217;absorption dans le tractus intestinal.<\/p>\n<p>Aide \u00e0 soutenir la sant\u00e9 des os, du c\u0153ur, des nerfs et des muscles.<br \/>\nAide \u00e0 soutenir les niveaux normaux de magn\u00e9sium qui diminuent avec l&#8217;\u00e2ge.<br \/>\nFabriqu\u00e9 avec une forme organique brevet\u00e9e ou du magn\u00e9sium biodisponible qui est ch\u00e9lat\u00e9 100%.<br \/>\nContient du magn\u00e9sium ch\u00e9lat\u00e9 avec des acides amin\u00e9s, la L-Lysine et la L-Glycine, permettant une absorption \u00e9lev\u00e9e.<\/p>\n<p><img decoding=\"async\" src=\"https:\/\/ecosupplements.be\/wp-content\/uploads\/2025\/08\/gluten-free-1.png\" title=\"Sans gluten\" alt=\"Gluten free\"><img decoding=\"async\" src=\"https:\/\/ecosupplements.be\/wp-content\/uploads\/2025\/08\/non-gmo-1.png\" title=\"Non-OGM\" alt=\"Non-GMO\"><img decoding=\"async\" src=\"https:\/\/ecosupplements.be\/wp-content\/uploads\/2025\/08\/vegan-1.png\" title=\"Vegan\" alt=\"Vegan\"><img decoding=\"async\" src=\"https:\/\/ecosupplements.be\/wp-content\/uploads\/2025\/08\/vegetarian-1.png\" title=\"V\u00e9g\u00e9tarien\" alt=\"Vegetarian\"><\/p>\n","protected":false},"excerpt":{"rendered":"<p>Doctor&#8217;s Best &#8211; Magn\u00e9sium \u00e0 haute absorption La nutrition bas\u00e9e sur la science Aide \u00e0 soutenir la sant\u00e9 des os, du c\u0153ur, des nerfs et des muscles Suppl\u00e9ment alimentaire Non-OGM &#8211; Sans gluten &#8211; Vegan Doctor&#8217;s Best High Absorption Magnesium Powder utilise une forme de magn\u00e9sium ch\u00e9lat\u00e9 organique brevet\u00e9 pour optimiser la biodisponibilit\u00e9 et la [&#8230;]\n","protected":false},"featured_media":243234,"comment_status":"open","ping_status":"open","template":"","meta":[],"product_brand":[4674],"product_cat":[5066,5064,5054,5055,5053],"product_tag":[5069],"class_list":{"0":"post-280610","1":"product","2":"type-product","3":"status-publish","4":"has-post-thumbnail","6":"product_brand-doctors-best-2","7":"product_cat-magnesium-mineraux-simples","8":"product_cat-mineraux-simples","9":"product_cat-nourriture-saine","10":"product_cat-produits-vegetaliens","11":"product_cat-vitamines-et-mineraux","12":"product_tag-topeco-2","14":"first","15":"instock","16":"taxable","17":"shipping-taxable","18":"purchasable","19":"product-type-simple"},"yoast_head":"<!-- This site is optimized with the Yoast SEO Premium plugin v27.5 (Yoast SEO v27.5) - https:\/\/yoast.com\/product\/yoast-seo-premium-wordpress\/ -->\n<title>Magn\u00e9sium \u00e0 haute absorption, 100mg - 240 comprim\u00e9s - ECO Supplements<\/title>\n<meta name=\"description\" content=\"Wij hebben een ruime keuze aan producten van Magn\u00e9sium \u00e0 haute absorption, 100mg - 240 comprim\u00e9s . Winkel bij Eco Supplements altijd gratis verzending boven 100\u20ac\" \/>\n<meta name=\"robots\" content=\"index, follow, max-snippet:-1, max-image-preview:large, max-video-preview:-1\" \/>\n<link rel=\"canonical\" href=\"https:\/\/ecosupplements.be\/fr\/produit\/magnesium-a-haute-absorption-100mg-240-comprimes\/\" \/>\n<meta property=\"og:locale\" content=\"fr_FR\" \/>\n<meta property=\"og:type\" content=\"article\" \/>\n<meta property=\"og:title\" content=\"Magn\u00e9sium \u00e0 haute absorption, 100mg - 240 comprim\u00e9s\" \/>\n<meta property=\"og:description\" content=\"Wij hebben een ruime keuze aan producten van Magn\u00e9sium \u00e0 haute absorption, 100mg - 240 comprim\u00e9s . Winkel bij Eco Supplements altijd gratis verzending boven 100\u20ac\" \/>\n<meta property=\"og:url\" content=\"https:\/\/ecosupplements.be\/fr\/produit\/magnesium-a-haute-absorption-100mg-240-comprimes\/\" \/>\n<meta property=\"og:site_name\" content=\"ECO Supplements\" \/>\n<meta property=\"article:modified_time\" content=\"2025-08-27T09:35:02+00:00\" \/>\n<meta property=\"og:image\" content=\"https:\/\/ecosupplements.be\/wp-content\/uploads\/2025\/08\/Doctors-Best-High-Absorption-Magnesium-100mg-240-tabs-2.jpeg\" \/>\n\t<meta property=\"og:image:width\" content=\"500\" \/>\n\t<meta property=\"og:image:height\" content=\"500\" \/>\n\t<meta property=\"og:image:type\" content=\"image\/jpeg\" \/>\n<meta name=\"twitter:card\" content=\"summary_large_image\" \/>\n<meta name=\"twitter:label1\" content=\"Prix\" \/>\n\t<meta name=\"twitter:data1\" content=\"30.33&nbsp;&euro;\" \/>\n\t<meta name=\"twitter:label2\" content=\"Disponibilit\u00e9\" \/>\n\t<meta name=\"twitter:data2\" content=\"En stock\" \/>\n<script type=\"application\/ld+json\" class=\"yoast-schema-graph\">{\"@context\":\"https:\\\/\\\/schema.org\",\"@graph\":[{\"@type\":[\"WebPage\",\"ItemPage\"],\"@id\":\"https:\\\/\\\/ecosupplements.be\\\/fr\\\/produit\\\/magnesium-a-haute-absorption-100mg-240-comprimes\\\/\",\"url\":\"https:\\\/\\\/ecosupplements.be\\\/fr\\\/produit\\\/magnesium-a-haute-absorption-100mg-240-comprimes\\\/\",\"name\":\"Magn\u00e9sium \u00e0 haute absorption, 100mg - 240 comprim\u00e9s - ECO Supplements\",\"isPartOf\":{\"@id\":\"https:\\\/\\\/ecosupplements.be\\\/fr\\\/#website\"},\"primaryImageOfPage\":{\"@id\":\"https:\\\/\\\/ecosupplements.be\\\/fr\\\/produit\\\/magnesium-a-haute-absorption-100mg-240-comprimes\\\/#primaryimage\"},\"image\":{\"@id\":\"https:\\\/\\\/ecosupplements.be\\\/fr\\\/produit\\\/magnesium-a-haute-absorption-100mg-240-comprimes\\\/#primaryimage\"},\"thumbnailUrl\":\"https:\\\/\\\/ecosupplements.be\\\/wp-content\\\/uploads\\\/2025\\\/08\\\/Doctors-Best-High-Absorption-Magnesium-100mg-240-tabs-2.jpeg\",\"datePublished\":\"2022-06-28T09:08:25+00:00\",\"dateModified\":\"2025-08-27T09:35:02+00:00\",\"description\":\"Wij hebben een ruime keuze aan producten van Magn\u00e9sium \u00e0 haute absorption, 100mg - 240 comprim\u00e9s . Winkel bij Eco Supplements altijd gratis verzending boven 100\u20ac\",\"breadcrumb\":{\"@id\":\"https:\\\/\\\/ecosupplements.be\\\/fr\\\/produit\\\/magnesium-a-haute-absorption-100mg-240-comprimes\\\/#breadcrumb\"},\"inLanguage\":\"fr-FR\",\"potentialAction\":[{\"@type\":\"ReadAction\",\"target\":[\"https:\\\/\\\/ecosupplements.be\\\/fr\\\/produit\\\/magnesium-a-haute-absorption-100mg-240-comprimes\\\/\"]}]},{\"@type\":\"ImageObject\",\"inLanguage\":\"fr-FR\",\"@id\":\"https:\\\/\\\/ecosupplements.be\\\/fr\\\/produit\\\/magnesium-a-haute-absorption-100mg-240-comprimes\\\/#primaryimage\",\"url\":\"https:\\\/\\\/ecosupplements.be\\\/wp-content\\\/uploads\\\/2025\\\/08\\\/Doctors-Best-High-Absorption-Magnesium-100mg-240-tabs-2.jpeg\",\"contentUrl\":\"https:\\\/\\\/ecosupplements.be\\\/wp-content\\\/uploads\\\/2025\\\/08\\\/Doctors-Best-High-Absorption-Magnesium-100mg-240-tabs-2.jpeg\",\"width\":500,\"height\":500},{\"@type\":\"BreadcrumbList\",\"@id\":\"https:\\\/\\\/ecosupplements.be\\\/fr\\\/produit\\\/magnesium-a-haute-absorption-100mg-240-comprimes\\\/#breadcrumb\",\"itemListElement\":[{\"@type\":\"ListItem\",\"position\":1,\"name\":\"Home\",\"item\":\"https:\\\/\\\/ecosupplements.be\\\/fr\\\/\"},{\"@type\":\"ListItem\",\"position\":2,\"name\":\"Boutique\",\"item\":\"https:\\\/\\\/ecosupplements.be\\\/fr\\\/boutique\\\/\"},{\"@type\":\"ListItem\",\"position\":3,\"name\":\"Magn\u00e9sium \u00e0 haute absorption, 100mg &#8211; 240 comprim\u00e9s\"}]},{\"@type\":\"WebSite\",\"@id\":\"https:\\\/\\\/ecosupplements.be\\\/fr\\\/#website\",\"url\":\"https:\\\/\\\/ecosupplements.be\\\/fr\\\/\",\"name\":\"ECO Supplements\",\"description\":\"Eco Supplements - Gezonde supplementen\",\"publisher\":{\"@id\":\"https:\\\/\\\/ecosupplements.be\\\/fr\\\/#organization\"},\"potentialAction\":[{\"@type\":\"SearchAction\",\"target\":{\"@type\":\"EntryPoint\",\"urlTemplate\":\"https:\\\/\\\/ecosupplements.be\\\/fr\\\/?s={search_term_string}\"},\"query-input\":{\"@type\":\"PropertyValueSpecification\",\"valueRequired\":true,\"valueName\":\"search_term_string\"}}],\"inLanguage\":\"fr-FR\"},{\"@type\":\"Organization\",\"@id\":\"https:\\\/\\\/ecosupplements.be\\\/fr\\\/#organization\",\"name\":\"Eco Supplements\",\"url\":\"https:\\\/\\\/ecosupplements.be\\\/fr\\\/\",\"logo\":{\"@type\":\"ImageObject\",\"inLanguage\":\"fr-FR\",\"@id\":\"https:\\\/\\\/ecosupplements.be\\\/fr\\\/#\\\/schema\\\/logo\\\/image\\\/\",\"url\":\"https:\\\/\\\/ecosupplements.be\\\/wp-content\\\/uploads\\\/2022\\\/06\\\/ecosupplement-family.png\",\"contentUrl\":\"https:\\\/\\\/ecosupplements.be\\\/wp-content\\\/uploads\\\/2022\\\/06\\\/ecosupplement-family.png\",\"width\":593,\"height\":374,\"caption\":\"Eco Supplements\"},\"image\":{\"@id\":\"https:\\\/\\\/ecosupplements.be\\\/fr\\\/#\\\/schema\\\/logo\\\/image\\\/\"}}]}<\/script>\n<meta property=\"product:brand\" content=\"Doctor&#039;s Best\" \/>\n<meta property=\"product:price:amount\" content=\"30.33\" \/>\n<meta property=\"product:price:currency\" content=\"EUR\" \/>\n<meta property=\"og:availability\" content=\"instock\" \/>\n<meta property=\"product:availability\" content=\"instock\" \/>\n<meta property=\"product:retailer_item_id\" content=\"753950000872\" \/>\n<meta property=\"product:condition\" content=\"new\" \/>\n<!-- \/ Yoast SEO Premium plugin. -->","yoast_head_json":{"title":"Magn\u00e9sium \u00e0 haute absorption, 100mg - 240 comprim\u00e9s - ECO Supplements","description":"Wij hebben een ruime keuze aan producten van Magn\u00e9sium \u00e0 haute absorption, 100mg - 240 comprim\u00e9s . Winkel bij Eco Supplements altijd gratis verzending boven 100\u20ac","robots":{"index":"index","follow":"follow","max-snippet":"max-snippet:-1","max-image-preview":"max-image-preview:large","max-video-preview":"max-video-preview:-1"},"canonical":"https:\/\/ecosupplements.be\/fr\/produit\/magnesium-a-haute-absorption-100mg-240-comprimes\/","og_locale":"fr_FR","og_type":"article","og_title":"Magn\u00e9sium \u00e0 haute absorption, 100mg - 240 comprim\u00e9s","og_description":"Wij hebben een ruime keuze aan producten van Magn\u00e9sium \u00e0 haute absorption, 100mg - 240 comprim\u00e9s . Winkel bij Eco Supplements altijd gratis verzending boven 100\u20ac","og_url":"https:\/\/ecosupplements.be\/fr\/produit\/magnesium-a-haute-absorption-100mg-240-comprimes\/","og_site_name":"ECO Supplements","article_modified_time":"2025-08-27T09:35:02+00:00","og_image":[{"width":500,"height":500,"url":"https:\/\/ecosupplements.be\/wp-content\/uploads\/2025\/08\/Doctors-Best-High-Absorption-Magnesium-100mg-240-tabs-2.jpeg","type":"image\/jpeg"}],"twitter_card":"summary_large_image","twitter_misc":{"Prix":"30.33&nbsp;&euro;","Disponibilit\u00e9":"En stock"},"schema":{"@context":"https:\/\/schema.org","@graph":[{"@type":["WebPage","ItemPage"],"@id":"https:\/\/ecosupplements.be\/fr\/produit\/magnesium-a-haute-absorption-100mg-240-comprimes\/","url":"https:\/\/ecosupplements.be\/fr\/produit\/magnesium-a-haute-absorption-100mg-240-comprimes\/","name":"Magn\u00e9sium \u00e0 haute absorption, 100mg - 240 comprim\u00e9s - ECO Supplements","isPartOf":{"@id":"https:\/\/ecosupplements.be\/fr\/#website"},"primaryImageOfPage":{"@id":"https:\/\/ecosupplements.be\/fr\/produit\/magnesium-a-haute-absorption-100mg-240-comprimes\/#primaryimage"},"image":{"@id":"https:\/\/ecosupplements.be\/fr\/produit\/magnesium-a-haute-absorption-100mg-240-comprimes\/#primaryimage"},"thumbnailUrl":"https:\/\/ecosupplements.be\/wp-content\/uploads\/2025\/08\/Doctors-Best-High-Absorption-Magnesium-100mg-240-tabs-2.jpeg","datePublished":"2022-06-28T09:08:25+00:00","dateModified":"2025-08-27T09:35:02+00:00","description":"Wij hebben een ruime keuze aan producten van Magn\u00e9sium \u00e0 haute absorption, 100mg - 240 comprim\u00e9s . Winkel bij Eco Supplements altijd gratis verzending boven 100\u20ac","breadcrumb":{"@id":"https:\/\/ecosupplements.be\/fr\/produit\/magnesium-a-haute-absorption-100mg-240-comprimes\/#breadcrumb"},"inLanguage":"fr-FR","potentialAction":[{"@type":"ReadAction","target":["https:\/\/ecosupplements.be\/fr\/produit\/magnesium-a-haute-absorption-100mg-240-comprimes\/"]}]},{"@type":"ImageObject","inLanguage":"fr-FR","@id":"https:\/\/ecosupplements.be\/fr\/produit\/magnesium-a-haute-absorption-100mg-240-comprimes\/#primaryimage","url":"https:\/\/ecosupplements.be\/wp-content\/uploads\/2025\/08\/Doctors-Best-High-Absorption-Magnesium-100mg-240-tabs-2.jpeg","contentUrl":"https:\/\/ecosupplements.be\/wp-content\/uploads\/2025\/08\/Doctors-Best-High-Absorption-Magnesium-100mg-240-tabs-2.jpeg","width":500,"height":500},{"@type":"BreadcrumbList","@id":"https:\/\/ecosupplements.be\/fr\/produit\/magnesium-a-haute-absorption-100mg-240-comprimes\/#breadcrumb","itemListElement":[{"@type":"ListItem","position":1,"name":"Home","item":"https:\/\/ecosupplements.be\/fr\/"},{"@type":"ListItem","position":2,"name":"Boutique","item":"https:\/\/ecosupplements.be\/fr\/boutique\/"},{"@type":"ListItem","position":3,"name":"Magn\u00e9sium \u00e0 haute absorption, 100mg &#8211; 240 comprim\u00e9s"}]},{"@type":"WebSite","@id":"https:\/\/ecosupplements.be\/fr\/#website","url":"https:\/\/ecosupplements.be\/fr\/","name":"ECO Supplements","description":"Eco Supplements - Gezonde supplementen","publisher":{"@id":"https:\/\/ecosupplements.be\/fr\/#organization"},"potentialAction":[{"@type":"SearchAction","target":{"@type":"EntryPoint","urlTemplate":"https:\/\/ecosupplements.be\/fr\/?s={search_term_string}"},"query-input":{"@type":"PropertyValueSpecification","valueRequired":true,"valueName":"search_term_string"}}],"inLanguage":"fr-FR"},{"@type":"Organization","@id":"https:\/\/ecosupplements.be\/fr\/#organization","name":"Eco Supplements","url":"https:\/\/ecosupplements.be\/fr\/","logo":{"@type":"ImageObject","inLanguage":"fr-FR","@id":"https:\/\/ecosupplements.be\/fr\/#\/schema\/logo\/image\/","url":"https:\/\/ecosupplements.be\/wp-content\/uploads\/2022\/06\/ecosupplement-family.png","contentUrl":"https:\/\/ecosupplements.be\/wp-content\/uploads\/2022\/06\/ecosupplement-family.png","width":593,"height":374,"caption":"Eco Supplements"},"image":{"@id":"https:\/\/ecosupplements.be\/fr\/#\/schema\/logo\/image\/"}}]},"product_brand":"Doctor's Best","product_price_amount":"30.33","product_price_currency":"EUR","og_availability":"instock","product_availability":"instock","product_retailer_item_id":"753950000872","product_condition":"new"},"_links":{"self":[{"href":"https:\/\/ecosupplements.be\/fr\/wp-json\/wp\/v2\/product\/280610","targetHints":{"allow":["GET"]}}],"collection":[{"href":"https:\/\/ecosupplements.be\/fr\/wp-json\/wp\/v2\/product"}],"about":[{"href":"https:\/\/ecosupplements.be\/fr\/wp-json\/wp\/v2\/types\/product"}],"replies":[{"embeddable":true,"href":"https:\/\/ecosupplements.be\/fr\/wp-json\/wp\/v2\/comments?post=280610"}],"wp:featuredmedia":[{"embeddable":true,"href":"https:\/\/ecosupplements.be\/fr\/wp-json\/wp\/v2\/media\/243234"}],"wp:attachment":[{"href":"https:\/\/ecosupplements.be\/fr\/wp-json\/wp\/v2\/media?parent=280610"}],"wp:term":[{"taxonomy":"product_brand","embeddable":true,"href":"https:\/\/ecosupplements.be\/fr\/wp-json\/wp\/v2\/product_brand?post=280610"},{"taxonomy":"product_cat","embeddable":true,"href":"https:\/\/ecosupplements.be\/fr\/wp-json\/wp\/v2\/product_cat?post=280610"},{"taxonomy":"product_tag","embeddable":true,"href":"https:\/\/ecosupplements.be\/fr\/wp-json\/wp\/v2\/product_tag?post=280610"}],"curies":[{"name":"wp","href":"https:\/\/api.w.org\/{rel}","templated":true}]}}