{"id":280612,"date":"2022-06-28T10:08:25","date_gmt":"2022-06-28T09:08:25","guid":{"rendered":"https:\/\/ecosupplements.be\/product\/acide-hyaluronique-sulfate-de-chondroitine-avec-collagene-biocell-180-gelules\/"},"modified":"2025-08-27T10:35:12","modified_gmt":"2025-08-27T09:35:12","slug":"acide-hyaluronique-sulfate-de-chondroitine-avec-collagene-biocell-180-gelules","status":"publish","type":"product","link":"https:\/\/ecosupplements.be\/fr\/produit\/acide-hyaluronique-sulfate-de-chondroitine-avec-collagene-biocell-180-gelules\/","title":{"rendered":"Acide Hyaluronique + Sulfate de Chondro\u00eftine avec Collag\u00e8ne BioCell &#8211; 180 g\u00e9lules"},"content":{"rendered":"<h1 style=\"text-align: center;\">Acide hyaluronique + sulfate de chondro\u00eftine avec collag\u00e8ne BioCell<\/h1>\n<p>Qu&#8217;est-ce que l&#8217;acide hyaluronique avec sulfate de chondro\u00eftine de Doctor&#8217;s Best ?<br \/>\nLe BioCell Collagen est un ingr\u00e9dient alimentaire scientifique, test\u00e9 en clinique, qui favorise une peau d&#8217;apparence jeune et des tissus conjonctifs sains. L&#8217;ingr\u00e9dient actif, le BioCell Collagen, aide \u00e0 maintenir la fonction articulaire.<br \/>\nL&#8217;acide hyaluronique est un type de bloc de construction appel\u00e9 glycosaminoglycane, et il joue un r\u00f4le important dans le soutien de la sant\u00e9 du tissu conjonctif.<br \/>\nLe sulfate de chondro\u00eftine est un produit chimique pr\u00e9sent dans le cartilage autour des articulations du corps. Doctor&#8217;s Best utilise du sulfate de chondro\u00eftine dont la puret\u00e9 est de 90 % ou plus.<br \/>\nLe collag\u00e8ne de type II est le collag\u00e8ne qui compose les articulations mobiles. Des \u00e9tudes ont montr\u00e9 que le collag\u00e8ne hydrolys\u00e9 offre un avantage substantiel en termes de biodisponibilit\u00e9 par rapport au collag\u00e8ne non hydrolys\u00e9, ayant ainsi le potentiel d&#8217;am\u00e9liorer plus efficacement la structure saine des articulations.<br \/>\nComment cela fonctionne-t-il ?<br \/>\nLes composants de BioCell Collagen (acide hyaluroinique, sulfate de chondro\u00eftine et collag\u00e8ne de type II) peuvent favoriser la production normale de prot\u00e9oglycanes dans la matrice articulaire, am\u00e9liorant ainsi la structure saine des articulations et contribuant \u00e0 maintenir leur fonction.<br \/>\nL&#8217;acide hyaluronique est un type de bloc de construction appel\u00e9 glycosaminoglycane, et il joue un r\u00f4le important dans le soutien de la sant\u00e9 du tissu conjonctif. Le maintien d&#8217;un tissu conjonctif et d&#8217;un cartilage sains est fondamental dans le fonctionnement normal de la peau et des articulations. L&#8217;acide hyaluronique est fortement concentr\u00e9 dans le liquide synovial, o\u00f9 il sert \u00e0 am\u00e9liorer la lubrification des articulations et les caract\u00e9ristiques structurelles et fonctionnelles \u00e9lastiques de l&#8217;articulation.<br \/>\nLe sulfate de chondro\u00eftine et les autres glycosaminoglycanes attirent fortement l&#8217;eau en raison des charges n\u00e9gatives de leurs groupes sulfate. Ces charges n\u00e9gatives se repoussent \u00e9galement, cr\u00e9ant des espaces entre les cha\u00eenes lat\u00e9rales des glycosaminoglycanes o\u00f9 l&#8217;eau peut p\u00e9n\u00e9trer. Cette combinaison de solide et de liquide donne au cartilage une qualit\u00e9 compressible qui lui permet de fonctionner dans des articulations saines.<br \/>\nPourquoi devrais-je prendre Doctor&#8217;s Best Hyaluronic Acid with Chondroitin Sulfate ?<br \/>\nDans le cadre de la physiologie normale, les propri\u00e9t\u00e9s de traction du cartilage articulaire commencent \u00e0 d\u00e9cliner apr\u00e8s environ 30 ans. Les chercheurs s&#8217;accordent \u00e0 dire que les principaux signes visibles du vieillissement de la peau, des articulations et des yeux sont le r\u00e9sultat de la d\u00e9gradation progressive du collag\u00e8ne et de l&#8217;acide hyaluronique dans nos tissus. Pour y rem\u00e9dier, Doctor&#8217;s Best utilise le collag\u00e8ne BioCell, un ingr\u00e9dient alimentaire scientifique, test\u00e9 en clinique, qui favorise une peau d&#8217;apparence jeune et des articulations saines.<\/p>\n<p><img decoding=\"async\" src=\"https:\/\/ecosupplements.be\/wp-content\/uploads\/2025\/08\/gluten-free-1.png\" title=\"Sans gluten\" alt=\"Gluten free\"><br \/>\n<img decoding=\"async\" src=\"https:\/\/ecosupplements.be\/wp-content\/uploads\/2025\/08\/non-gmo-1.png\" title=\"Non-OGM\" alt=\"Non-GMO\"><\/p>\n","protected":false},"excerpt":{"rendered":"<p>Acide hyaluronique + sulfate de chondro\u00eftine avec collag\u00e8ne BioCell Qu&#8217;est-ce que l&#8217;acide hyaluronique avec sulfate de chondro\u00eftine de Doctor&#8217;s Best ? Le BioCell Collagen est un ingr\u00e9dient alimentaire scientifique, test\u00e9 en clinique, qui favorise une peau d&#8217;apparence jeune et des tissus conjonctifs sains. L&#8217;ingr\u00e9dient actif, le BioCell Collagen, aide \u00e0 maintenir la fonction articulaire. L&#8217;acide [&#8230;]\n","protected":false},"featured_media":243254,"comment_status":"open","ping_status":"open","template":"","meta":[],"product_brand":[4674],"product_cat":[5121,5052,5083,5084,5085,5053],"product_tag":[5071],"class_list":{"0":"post-280612","1":"product","2":"type-product","3":"status-publish","4":"has-post-thumbnail","6":"product_brand-doctors-best-2","7":"product_cat-collagene","8":"product_cat-sante-et-bien-etre","9":"product_cat-soutien-aux-articulations","10":"product_cat-soutien-conjoint","11":"product_cat-soutien-pour-les-articulations","12":"product_cat-vitamines-et-mineraux","13":"product_tag-ecoplus-2","15":"first","16":"instock","17":"taxable","18":"shipping-taxable","19":"purchasable","20":"product-type-simple"},"yoast_head":"<!-- This site is optimized with the Yoast SEO Premium plugin v27.3 (Yoast SEO v27.3) - https:\/\/yoast.com\/product\/yoast-seo-premium-wordpress\/ -->\n<title>Acide Hyaluronique + Sulfate de Chondro\u00eftine avec Collag\u00e8ne BioCell - 180 g\u00e9lules - ECO Supplements<\/title>\n<meta name=\"description\" content=\"Wij hebben een ruime keuze aan producten van Acide Hyaluronique + Sulfate de Chondro\u00eftine avec Collag\u00e8ne BioCell - 180 g\u00e9lules . Winkel bij Eco Supplements altijd gratis verzending boven 100\u20ac\" \/>\n<meta name=\"robots\" content=\"index, follow, max-snippet:-1, max-image-preview:large, max-video-preview:-1\" \/>\n<link rel=\"canonical\" href=\"https:\/\/ecosupplements.be\/fr\/produit\/acide-hyaluronique-sulfate-de-chondroitine-avec-collagene-biocell-180-gelules\/\" \/>\n<meta property=\"og:locale\" content=\"fr_FR\" \/>\n<meta property=\"og:type\" content=\"article\" \/>\n<meta property=\"og:title\" content=\"Acide Hyaluronique + Sulfate de Chondro\u00eftine avec Collag\u00e8ne BioCell - 180 g\u00e9lules\" \/>\n<meta property=\"og:description\" content=\"Wij hebben een ruime keuze aan producten van Acide Hyaluronique + Sulfate de Chondro\u00eftine avec Collag\u00e8ne BioCell - 180 g\u00e9lules . Winkel bij Eco Supplements altijd gratis verzending boven 100\u20ac\" \/>\n<meta property=\"og:url\" content=\"https:\/\/ecosupplements.be\/fr\/produit\/acide-hyaluronique-sulfate-de-chondroitine-avec-collagene-biocell-180-gelules\/\" \/>\n<meta property=\"og:site_name\" content=\"ECO Supplements\" \/>\n<meta property=\"article:modified_time\" content=\"2025-08-27T09:35:12+00:00\" \/>\n<meta property=\"og:image\" content=\"https:\/\/ecosupplements.be\/wp-content\/uploads\/2025\/08\/Doctors-Best-Hyaluronic-Acid-Chondroitin-Sulfate-with-BioCell-Collagen-180-caps-1.jpeg\" \/>\n\t<meta property=\"og:image:width\" content=\"500\" \/>\n\t<meta property=\"og:image:height\" content=\"500\" \/>\n\t<meta property=\"og:image:type\" content=\"image\/jpeg\" \/>\n<meta name=\"twitter:card\" content=\"summary_large_image\" \/>\n<meta name=\"twitter:label1\" content=\"Prix\" \/>\n\t<meta name=\"twitter:data1\" content=\"64.40&nbsp;&euro;\" \/>\n\t<meta name=\"twitter:label2\" content=\"Disponibilit\u00e9\" \/>\n\t<meta name=\"twitter:data2\" content=\"En stock\" \/>\n<script type=\"application\/ld+json\" class=\"yoast-schema-graph\">{\"@context\":\"https:\\\/\\\/schema.org\",\"@graph\":[{\"@type\":[\"WebPage\",\"ItemPage\"],\"@id\":\"https:\\\/\\\/ecosupplements.be\\\/fr\\\/produit\\\/acide-hyaluronique-sulfate-de-chondroitine-avec-collagene-biocell-180-gelules\\\/\",\"url\":\"https:\\\/\\\/ecosupplements.be\\\/fr\\\/produit\\\/acide-hyaluronique-sulfate-de-chondroitine-avec-collagene-biocell-180-gelules\\\/\",\"name\":\"Acide Hyaluronique + Sulfate de Chondro\u00eftine avec Collag\u00e8ne BioCell - 180 g\u00e9lules - ECO Supplements\",\"isPartOf\":{\"@id\":\"https:\\\/\\\/ecosupplements.be\\\/fr\\\/#website\"},\"primaryImageOfPage\":{\"@id\":\"https:\\\/\\\/ecosupplements.be\\\/fr\\\/produit\\\/acide-hyaluronique-sulfate-de-chondroitine-avec-collagene-biocell-180-gelules\\\/#primaryimage\"},\"image\":{\"@id\":\"https:\\\/\\\/ecosupplements.be\\\/fr\\\/produit\\\/acide-hyaluronique-sulfate-de-chondroitine-avec-collagene-biocell-180-gelules\\\/#primaryimage\"},\"thumbnailUrl\":\"https:\\\/\\\/ecosupplements.be\\\/wp-content\\\/uploads\\\/2025\\\/08\\\/Doctors-Best-Hyaluronic-Acid-Chondroitin-Sulfate-with-BioCell-Collagen-180-caps-1.jpeg\",\"datePublished\":\"2022-06-28T09:08:25+00:00\",\"dateModified\":\"2025-08-27T09:35:12+00:00\",\"description\":\"Wij hebben een ruime keuze aan producten van Acide Hyaluronique + Sulfate de Chondro\u00eftine avec Collag\u00e8ne BioCell - 180 g\u00e9lules . Winkel bij Eco Supplements altijd gratis verzending boven 100\u20ac\",\"breadcrumb\":{\"@id\":\"https:\\\/\\\/ecosupplements.be\\\/fr\\\/produit\\\/acide-hyaluronique-sulfate-de-chondroitine-avec-collagene-biocell-180-gelules\\\/#breadcrumb\"},\"inLanguage\":\"fr-FR\",\"potentialAction\":[{\"@type\":\"ReadAction\",\"target\":[\"https:\\\/\\\/ecosupplements.be\\\/fr\\\/produit\\\/acide-hyaluronique-sulfate-de-chondroitine-avec-collagene-biocell-180-gelules\\\/\"]}]},{\"@type\":\"ImageObject\",\"inLanguage\":\"fr-FR\",\"@id\":\"https:\\\/\\\/ecosupplements.be\\\/fr\\\/produit\\\/acide-hyaluronique-sulfate-de-chondroitine-avec-collagene-biocell-180-gelules\\\/#primaryimage\",\"url\":\"https:\\\/\\\/ecosupplements.be\\\/wp-content\\\/uploads\\\/2025\\\/08\\\/Doctors-Best-Hyaluronic-Acid-Chondroitin-Sulfate-with-BioCell-Collagen-180-caps-1.jpeg\",\"contentUrl\":\"https:\\\/\\\/ecosupplements.be\\\/wp-content\\\/uploads\\\/2025\\\/08\\\/Doctors-Best-Hyaluronic-Acid-Chondroitin-Sulfate-with-BioCell-Collagen-180-caps-1.jpeg\",\"width\":500,\"height\":500},{\"@type\":\"BreadcrumbList\",\"@id\":\"https:\\\/\\\/ecosupplements.be\\\/fr\\\/produit\\\/acide-hyaluronique-sulfate-de-chondroitine-avec-collagene-biocell-180-gelules\\\/#breadcrumb\",\"itemListElement\":[{\"@type\":\"ListItem\",\"position\":1,\"name\":\"Home\",\"item\":\"https:\\\/\\\/ecosupplements.be\\\/fr\\\/\"},{\"@type\":\"ListItem\",\"position\":2,\"name\":\"Boutique\",\"item\":\"https:\\\/\\\/ecosupplements.be\\\/fr\\\/boutique\\\/\"},{\"@type\":\"ListItem\",\"position\":3,\"name\":\"Acide Hyaluronique + Sulfate de Chondro\u00eftine avec Collag\u00e8ne BioCell &#8211; 180 g\u00e9lules\"}]},{\"@type\":\"WebSite\",\"@id\":\"https:\\\/\\\/ecosupplements.be\\\/fr\\\/#website\",\"url\":\"https:\\\/\\\/ecosupplements.be\\\/fr\\\/\",\"name\":\"ECO Supplements\",\"description\":\"Eco Supplements - Gezonde supplementen\",\"publisher\":{\"@id\":\"https:\\\/\\\/ecosupplements.be\\\/fr\\\/#organization\"},\"potentialAction\":[{\"@type\":\"SearchAction\",\"target\":{\"@type\":\"EntryPoint\",\"urlTemplate\":\"https:\\\/\\\/ecosupplements.be\\\/fr\\\/?s={search_term_string}\"},\"query-input\":{\"@type\":\"PropertyValueSpecification\",\"valueRequired\":true,\"valueName\":\"search_term_string\"}}],\"inLanguage\":\"fr-FR\"},{\"@type\":\"Organization\",\"@id\":\"https:\\\/\\\/ecosupplements.be\\\/fr\\\/#organization\",\"name\":\"Eco Supplements\",\"url\":\"https:\\\/\\\/ecosupplements.be\\\/fr\\\/\",\"logo\":{\"@type\":\"ImageObject\",\"inLanguage\":\"fr-FR\",\"@id\":\"https:\\\/\\\/ecosupplements.be\\\/fr\\\/#\\\/schema\\\/logo\\\/image\\\/\",\"url\":\"https:\\\/\\\/ecosupplements.be\\\/wp-content\\\/uploads\\\/2022\\\/06\\\/ecosupplement-family.png\",\"contentUrl\":\"https:\\\/\\\/ecosupplements.be\\\/wp-content\\\/uploads\\\/2022\\\/06\\\/ecosupplement-family.png\",\"width\":593,\"height\":374,\"caption\":\"Eco Supplements\"},\"image\":{\"@id\":\"https:\\\/\\\/ecosupplements.be\\\/fr\\\/#\\\/schema\\\/logo\\\/image\\\/\"}}]}<\/script>\n<meta property=\"product:brand\" content=\"Doctor&#039;s Best\" \/>\n<meta property=\"product:price:amount\" content=\"64.40\" \/>\n<meta property=\"product:price:currency\" content=\"EUR\" \/>\n<meta property=\"og:availability\" content=\"instock\" \/>\n<meta property=\"product:availability\" content=\"instock\" \/>\n<meta property=\"product:retailer_item_id\" content=\"753950002289\" \/>\n<meta property=\"product:condition\" content=\"new\" \/>\n<!-- \/ Yoast SEO Premium plugin. -->","yoast_head_json":{"title":"Acide Hyaluronique + Sulfate de Chondro\u00eftine avec Collag\u00e8ne BioCell - 180 g\u00e9lules - ECO Supplements","description":"Wij hebben een ruime keuze aan producten van Acide Hyaluronique + Sulfate de Chondro\u00eftine avec Collag\u00e8ne BioCell - 180 g\u00e9lules . Winkel bij Eco Supplements altijd gratis verzending boven 100\u20ac","robots":{"index":"index","follow":"follow","max-snippet":"max-snippet:-1","max-image-preview":"max-image-preview:large","max-video-preview":"max-video-preview:-1"},"canonical":"https:\/\/ecosupplements.be\/fr\/produit\/acide-hyaluronique-sulfate-de-chondroitine-avec-collagene-biocell-180-gelules\/","og_locale":"fr_FR","og_type":"article","og_title":"Acide Hyaluronique + Sulfate de Chondro\u00eftine avec Collag\u00e8ne BioCell - 180 g\u00e9lules","og_description":"Wij hebben een ruime keuze aan producten van Acide Hyaluronique + Sulfate de Chondro\u00eftine avec Collag\u00e8ne BioCell - 180 g\u00e9lules . Winkel bij Eco Supplements altijd gratis verzending boven 100\u20ac","og_url":"https:\/\/ecosupplements.be\/fr\/produit\/acide-hyaluronique-sulfate-de-chondroitine-avec-collagene-biocell-180-gelules\/","og_site_name":"ECO Supplements","article_modified_time":"2025-08-27T09:35:12+00:00","og_image":[{"width":500,"height":500,"url":"https:\/\/ecosupplements.be\/wp-content\/uploads\/2025\/08\/Doctors-Best-Hyaluronic-Acid-Chondroitin-Sulfate-with-BioCell-Collagen-180-caps-1.jpeg","type":"image\/jpeg"}],"twitter_card":"summary_large_image","twitter_misc":{"Prix":"64.40&nbsp;&euro;","Disponibilit\u00e9":"En stock"},"schema":{"@context":"https:\/\/schema.org","@graph":[{"@type":["WebPage","ItemPage"],"@id":"https:\/\/ecosupplements.be\/fr\/produit\/acide-hyaluronique-sulfate-de-chondroitine-avec-collagene-biocell-180-gelules\/","url":"https:\/\/ecosupplements.be\/fr\/produit\/acide-hyaluronique-sulfate-de-chondroitine-avec-collagene-biocell-180-gelules\/","name":"Acide Hyaluronique + Sulfate de Chondro\u00eftine avec Collag\u00e8ne BioCell - 180 g\u00e9lules - ECO Supplements","isPartOf":{"@id":"https:\/\/ecosupplements.be\/fr\/#website"},"primaryImageOfPage":{"@id":"https:\/\/ecosupplements.be\/fr\/produit\/acide-hyaluronique-sulfate-de-chondroitine-avec-collagene-biocell-180-gelules\/#primaryimage"},"image":{"@id":"https:\/\/ecosupplements.be\/fr\/produit\/acide-hyaluronique-sulfate-de-chondroitine-avec-collagene-biocell-180-gelules\/#primaryimage"},"thumbnailUrl":"https:\/\/ecosupplements.be\/wp-content\/uploads\/2025\/08\/Doctors-Best-Hyaluronic-Acid-Chondroitin-Sulfate-with-BioCell-Collagen-180-caps-1.jpeg","datePublished":"2022-06-28T09:08:25+00:00","dateModified":"2025-08-27T09:35:12+00:00","description":"Wij hebben een ruime keuze aan producten van Acide Hyaluronique + Sulfate de Chondro\u00eftine avec Collag\u00e8ne BioCell - 180 g\u00e9lules . Winkel bij Eco Supplements altijd gratis verzending boven 100\u20ac","breadcrumb":{"@id":"https:\/\/ecosupplements.be\/fr\/produit\/acide-hyaluronique-sulfate-de-chondroitine-avec-collagene-biocell-180-gelules\/#breadcrumb"},"inLanguage":"fr-FR","potentialAction":[{"@type":"ReadAction","target":["https:\/\/ecosupplements.be\/fr\/produit\/acide-hyaluronique-sulfate-de-chondroitine-avec-collagene-biocell-180-gelules\/"]}]},{"@type":"ImageObject","inLanguage":"fr-FR","@id":"https:\/\/ecosupplements.be\/fr\/produit\/acide-hyaluronique-sulfate-de-chondroitine-avec-collagene-biocell-180-gelules\/#primaryimage","url":"https:\/\/ecosupplements.be\/wp-content\/uploads\/2025\/08\/Doctors-Best-Hyaluronic-Acid-Chondroitin-Sulfate-with-BioCell-Collagen-180-caps-1.jpeg","contentUrl":"https:\/\/ecosupplements.be\/wp-content\/uploads\/2025\/08\/Doctors-Best-Hyaluronic-Acid-Chondroitin-Sulfate-with-BioCell-Collagen-180-caps-1.jpeg","width":500,"height":500},{"@type":"BreadcrumbList","@id":"https:\/\/ecosupplements.be\/fr\/produit\/acide-hyaluronique-sulfate-de-chondroitine-avec-collagene-biocell-180-gelules\/#breadcrumb","itemListElement":[{"@type":"ListItem","position":1,"name":"Home","item":"https:\/\/ecosupplements.be\/fr\/"},{"@type":"ListItem","position":2,"name":"Boutique","item":"https:\/\/ecosupplements.be\/fr\/boutique\/"},{"@type":"ListItem","position":3,"name":"Acide Hyaluronique + Sulfate de Chondro\u00eftine avec Collag\u00e8ne BioCell &#8211; 180 g\u00e9lules"}]},{"@type":"WebSite","@id":"https:\/\/ecosupplements.be\/fr\/#website","url":"https:\/\/ecosupplements.be\/fr\/","name":"ECO Supplements","description":"Eco Supplements - Gezonde supplementen","publisher":{"@id":"https:\/\/ecosupplements.be\/fr\/#organization"},"potentialAction":[{"@type":"SearchAction","target":{"@type":"EntryPoint","urlTemplate":"https:\/\/ecosupplements.be\/fr\/?s={search_term_string}"},"query-input":{"@type":"PropertyValueSpecification","valueRequired":true,"valueName":"search_term_string"}}],"inLanguage":"fr-FR"},{"@type":"Organization","@id":"https:\/\/ecosupplements.be\/fr\/#organization","name":"Eco Supplements","url":"https:\/\/ecosupplements.be\/fr\/","logo":{"@type":"ImageObject","inLanguage":"fr-FR","@id":"https:\/\/ecosupplements.be\/fr\/#\/schema\/logo\/image\/","url":"https:\/\/ecosupplements.be\/wp-content\/uploads\/2022\/06\/ecosupplement-family.png","contentUrl":"https:\/\/ecosupplements.be\/wp-content\/uploads\/2022\/06\/ecosupplement-family.png","width":593,"height":374,"caption":"Eco Supplements"},"image":{"@id":"https:\/\/ecosupplements.be\/fr\/#\/schema\/logo\/image\/"}}]},"product_brand":"Doctor's Best","product_price_amount":"64.40","product_price_currency":"EUR","og_availability":"instock","product_availability":"instock","product_retailer_item_id":"753950002289","product_condition":"new"},"_links":{"self":[{"href":"https:\/\/ecosupplements.be\/fr\/wp-json\/wp\/v2\/product\/280612","targetHints":{"allow":["GET"]}}],"collection":[{"href":"https:\/\/ecosupplements.be\/fr\/wp-json\/wp\/v2\/product"}],"about":[{"href":"https:\/\/ecosupplements.be\/fr\/wp-json\/wp\/v2\/types\/product"}],"replies":[{"embeddable":true,"href":"https:\/\/ecosupplements.be\/fr\/wp-json\/wp\/v2\/comments?post=280612"}],"wp:featuredmedia":[{"embeddable":true,"href":"https:\/\/ecosupplements.be\/fr\/wp-json\/wp\/v2\/media\/243254"}],"wp:attachment":[{"href":"https:\/\/ecosupplements.be\/fr\/wp-json\/wp\/v2\/media?parent=280612"}],"wp:term":[{"taxonomy":"product_brand","embeddable":true,"href":"https:\/\/ecosupplements.be\/fr\/wp-json\/wp\/v2\/product_brand?post=280612"},{"taxonomy":"product_cat","embeddable":true,"href":"https:\/\/ecosupplements.be\/fr\/wp-json\/wp\/v2\/product_cat?post=280612"},{"taxonomy":"product_tag","embeddable":true,"href":"https:\/\/ecosupplements.be\/fr\/wp-json\/wp\/v2\/product_tag?post=280612"}],"curies":[{"name":"wp","href":"https:\/\/api.w.org\/{rel}","templated":true}]}}