{"id":280617,"date":"2022-06-28T10:08:25","date_gmt":"2022-06-28T09:08:25","guid":{"rendered":"https:\/\/ecosupplements.be\/product\/fumarate-de-l-carnitine-855mg-180-vcaps\/"},"modified":"2025-08-27T10:35:31","modified_gmt":"2025-08-27T09:35:31","slug":"fumarate-de-l-carnitine-855mg-180-vcaps","status":"publish","type":"product","link":"https:\/\/ecosupplements.be\/fr\/produit\/fumarate-de-l-carnitine-855mg-180-vcaps\/","title":{"rendered":"Fumarate de L-Carnitine, 855mg &#8211; 180 vcaps"},"content":{"rendered":"<h1 style=\"text-align: center;\">Doctor&#8217;s Best &#8211; Fumarate de L-Carnitine<\/h1>\n<p>Qu&#8217;est-ce que le Doctor&#8217;s Best L-Carnitine Fumarate ?<br \/>\nDoctor&#8217;s Best L-Carnitine Fumarate aide le corps \u00e0 br\u00fbler les graisses pour obtenir de l&#8217;\u00e9nergie et contribue \u00e0 maintenir un c\u0153ur et un syst\u00e8me cardiovasculaire sains. La L-carnitine est un nutriment qui favorise la production d&#8217;\u00e9nergie dans les cellules en transportant les acides gras dans la mitochondrie, une structure intracellulaire qui g\u00e9n\u00e8re de l&#8217;\u00e9nergie m\u00e9tabolique sous forme d&#8217;ATP. Dans ce r\u00f4le, la L-carnitine aide le corps \u00e0 m\u00e9taboliser efficacement les graisses. Le fumarate est un compos\u00e9 naturellement pr\u00e9sent dans l&#8217;organisme. Le fumarate sert d&#8217;interm\u00e9diaire dans le cycle de Krebs, un processus cl\u00e9 de production d&#8217;\u00e9nergie qui a lieu dans la mitochondrie. Doctor&#8217;s Best Carnitine Fumarate est d\u00e9riv\u00e9 de la L-carnitine de qualit\u00e9 pharmaceutique fabriqu\u00e9e par un proc\u00e9d\u00e9 brevet\u00e9, approuv\u00e9 par la FDA.<br \/>\nComment cela fonctionne-t-il ?<br \/>\nLa L-carnitine favorise la production d&#8217;\u00e9nergie dans les cellules en transportant les acides gras dans la mitochondrie. Sa fonction principale est de transf\u00e9rer les acides gras \u00e0 longue cha\u00eene \u00e0 travers la membrane mitochondriale interne. Les mol\u00e9cules d&#8217;acides gras sont activ\u00e9es en esters de coenzyme A (CoA) dans le cytoplasme de la cellule, puis est\u00e9rifi\u00e9es en L-carnitine. La combinaison d&#8217;une mol\u00e9cule d&#8217;acide gras et de L-carnitine est appel\u00e9e &#8220;acyl-carnitine&#8221;. Une grande partie du contenu en L-carnitine de l&#8217;organisme est stock\u00e9e sous forme d&#8217;acyl-carnitine. La mitochondrie est le fourneau g\u00e9n\u00e9rateur d&#8217;\u00e9nergie de la cellule. Appel\u00e9e &#8220;organelle&#8221;, la mitochondrie est une structure autonome \u00e0 l&#8217;int\u00e9rieur de la cellule. Comme toutes les structures cellulaires, la mitochondrie est entour\u00e9e d&#8217;une membrane. Cette membrane est une barri\u00e8re imp\u00e9n\u00e9trable pour les esters d&#8217;acyl-CoA ; le passage \u00e0 travers la membrane n\u00e9cessite la L-carnitine comme transporteur. \u00c0 l&#8217;int\u00e9rieur de la membrane mitochondriale, les esters d&#8217;acyl-CoA sont rendus disponibles pour \u00eatre m\u00e9tabolis\u00e9s par le processus de b\u00eata-oxydation. L&#8217;un des principaux sous-produits m\u00e9taboliques de ce processus est l&#8217;ac\u00e9tyl-CoA, \u00e9galement appel\u00e9 &#8220;ac\u00e9tate actif&#8221;, qui entre dans le cycle de Krebs (\u00e9galement connu sous le nom de &#8220;cycle de l&#8217;acide citrique&#8221;) pour fournir le carburant n\u00e9cessaire \u00e0 la production d&#8217;ATP, la principale &#8220;monnaie&#8221; \u00e9nerg\u00e9tique de la cellule. La L-Carnitine fait la navette entre les r\u00e9sidus d&#8217;acides gras en exc\u00e8s et la mitochondrie. Dans ce r\u00f4le, elle est essentielle pour emp\u00eacher l&#8217;accumulation toxique d&#8217;acides gras \u00e0 l&#8217;int\u00e9rieur de la mitochondrie.<\/p>\n<p><img decoding=\"async\" src=\"https:\/\/ecosupplements.be\/wp-content\/uploads\/2025\/08\/gluten-free-1.png\" title=\"Sans gluten\" alt=\"Gluten free\"><img decoding=\"async\" src=\"https:\/\/ecosupplements.be\/wp-content\/uploads\/2025\/08\/non-gmo-1.png\" title=\"Non-OGM\" alt=\"Non-GMO\"><img decoding=\"async\" src=\"https:\/\/ecosupplements.be\/wp-content\/uploads\/2025\/08\/vegan-1.png\" title=\"Vegan\" alt=\"Vegan\"><img decoding=\"async\" src=\"https:\/\/ecosupplements.be\/wp-content\/uploads\/2025\/08\/vegetarian-1.png\" title=\"V\u00e9g\u00e9tarien\" alt=\"Vegetarian\"><\/p>\n","protected":false},"excerpt":{"rendered":"<p>Doctor&#8217;s Best &#8211; Fumarate de L-Carnitine Qu&#8217;est-ce que le Doctor&#8217;s Best L-Carnitine Fumarate ? Doctor&#8217;s Best L-Carnitine Fumarate aide le corps \u00e0 br\u00fbler les graisses pour obtenir de l&#8217;\u00e9nergie et contribue \u00e0 maintenir un c\u0153ur et un syst\u00e8me cardiovasculaire sains. La L-carnitine est un nutriment qui favorise la production d&#8217;\u00e9nergie dans les cellules en transportant [&#8230;]\n","protected":false},"featured_media":243282,"comment_status":"open","ping_status":"open","template":"","meta":[],"product_brand":[4674],"product_cat":[5067,5048,5068,5049,5051,5054,5055,5052,5053],"product_tag":[5071],"class_list":{"0":"post-280617","1":"product","2":"type-product","3":"status-publish","4":"has-post-thumbnail","6":"product_brand-doctors-best-2","7":"product_cat-acides-amines-et-bcaa","8":"product_cat-aptitude","9":"product_cat-l-carnitine-acides-amines-et-bcaa","10":"product_cat-le-controle-du-poids","11":"product_cat-minceur-et-gestion-du-poids","12":"product_cat-nourriture-saine","13":"product_cat-produits-vegetaliens","14":"product_cat-sante-et-bien-etre","15":"product_cat-vitamines-et-mineraux","16":"product_tag-ecoplus-2","18":"first","19":"instock","20":"taxable","21":"shipping-taxable","22":"purchasable","23":"product-type-simple"},"yoast_head":"<!-- This site is optimized with the Yoast SEO Premium plugin v27.3 (Yoast SEO v27.3) - https:\/\/yoast.com\/product\/yoast-seo-premium-wordpress\/ -->\n<title>Fumarate de L-Carnitine, 855mg - 180 vcaps - ECO Supplements<\/title>\n<meta name=\"description\" content=\"Wij hebben een ruime keuze aan producten van Fumarate de L-Carnitine, 855mg - 180 vcaps . Winkel bij Eco Supplements altijd gratis verzending boven 100\u20ac\" \/>\n<meta name=\"robots\" content=\"index, follow, max-snippet:-1, max-image-preview:large, max-video-preview:-1\" \/>\n<link rel=\"canonical\" href=\"https:\/\/ecosupplements.be\/fr\/produit\/fumarate-de-l-carnitine-855mg-180-vcaps\/\" \/>\n<meta property=\"og:locale\" content=\"fr_FR\" \/>\n<meta property=\"og:type\" content=\"article\" \/>\n<meta property=\"og:title\" content=\"Fumarate de L-Carnitine, 855mg - 180 vcaps\" \/>\n<meta property=\"og:description\" content=\"Wij hebben een ruime keuze aan producten van Fumarate de L-Carnitine, 855mg - 180 vcaps . Winkel bij Eco Supplements altijd gratis verzending boven 100\u20ac\" \/>\n<meta property=\"og:url\" content=\"https:\/\/ecosupplements.be\/fr\/produit\/fumarate-de-l-carnitine-855mg-180-vcaps\/\" \/>\n<meta property=\"og:site_name\" content=\"ECO Supplements\" \/>\n<meta property=\"article:modified_time\" content=\"2025-08-27T09:35:31+00:00\" \/>\n<meta property=\"og:image\" content=\"https:\/\/ecosupplements.be\/wp-content\/uploads\/2025\/08\/Doctors-Best-L-Carnitine-Fumarate-855mg-180-vcaps-2.jpeg\" \/>\n\t<meta property=\"og:image:width\" content=\"500\" \/>\n\t<meta property=\"og:image:height\" content=\"500\" \/>\n\t<meta property=\"og:image:type\" content=\"image\/jpeg\" \/>\n<meta name=\"twitter:card\" content=\"summary_large_image\" \/>\n<meta name=\"twitter:label1\" content=\"Prix\" \/>\n\t<meta name=\"twitter:data1\" content=\"83.25&nbsp;&euro;\" \/>\n\t<meta name=\"twitter:label2\" content=\"Disponibilit\u00e9\" \/>\n\t<meta name=\"twitter:data2\" content=\"En stock\" \/>\n<script type=\"application\/ld+json\" class=\"yoast-schema-graph\">{\"@context\":\"https:\\\/\\\/schema.org\",\"@graph\":[{\"@type\":[\"WebPage\",\"ItemPage\"],\"@id\":\"https:\\\/\\\/ecosupplements.be\\\/fr\\\/produit\\\/fumarate-de-l-carnitine-855mg-180-vcaps\\\/\",\"url\":\"https:\\\/\\\/ecosupplements.be\\\/fr\\\/produit\\\/fumarate-de-l-carnitine-855mg-180-vcaps\\\/\",\"name\":\"Fumarate de L-Carnitine, 855mg - 180 vcaps - ECO Supplements\",\"isPartOf\":{\"@id\":\"https:\\\/\\\/ecosupplements.be\\\/fr\\\/#website\"},\"primaryImageOfPage\":{\"@id\":\"https:\\\/\\\/ecosupplements.be\\\/fr\\\/produit\\\/fumarate-de-l-carnitine-855mg-180-vcaps\\\/#primaryimage\"},\"image\":{\"@id\":\"https:\\\/\\\/ecosupplements.be\\\/fr\\\/produit\\\/fumarate-de-l-carnitine-855mg-180-vcaps\\\/#primaryimage\"},\"thumbnailUrl\":\"https:\\\/\\\/ecosupplements.be\\\/wp-content\\\/uploads\\\/2025\\\/08\\\/Doctors-Best-L-Carnitine-Fumarate-855mg-180-vcaps-2.jpeg\",\"datePublished\":\"2022-06-28T09:08:25+00:00\",\"dateModified\":\"2025-08-27T09:35:31+00:00\",\"description\":\"Wij hebben een ruime keuze aan producten van Fumarate de L-Carnitine, 855mg - 180 vcaps . Winkel bij Eco Supplements altijd gratis verzending boven 100\u20ac\",\"breadcrumb\":{\"@id\":\"https:\\\/\\\/ecosupplements.be\\\/fr\\\/produit\\\/fumarate-de-l-carnitine-855mg-180-vcaps\\\/#breadcrumb\"},\"inLanguage\":\"fr-FR\",\"potentialAction\":[{\"@type\":\"ReadAction\",\"target\":[\"https:\\\/\\\/ecosupplements.be\\\/fr\\\/produit\\\/fumarate-de-l-carnitine-855mg-180-vcaps\\\/\"]}]},{\"@type\":\"ImageObject\",\"inLanguage\":\"fr-FR\",\"@id\":\"https:\\\/\\\/ecosupplements.be\\\/fr\\\/produit\\\/fumarate-de-l-carnitine-855mg-180-vcaps\\\/#primaryimage\",\"url\":\"https:\\\/\\\/ecosupplements.be\\\/wp-content\\\/uploads\\\/2025\\\/08\\\/Doctors-Best-L-Carnitine-Fumarate-855mg-180-vcaps-2.jpeg\",\"contentUrl\":\"https:\\\/\\\/ecosupplements.be\\\/wp-content\\\/uploads\\\/2025\\\/08\\\/Doctors-Best-L-Carnitine-Fumarate-855mg-180-vcaps-2.jpeg\",\"width\":500,\"height\":500},{\"@type\":\"BreadcrumbList\",\"@id\":\"https:\\\/\\\/ecosupplements.be\\\/fr\\\/produit\\\/fumarate-de-l-carnitine-855mg-180-vcaps\\\/#breadcrumb\",\"itemListElement\":[{\"@type\":\"ListItem\",\"position\":1,\"name\":\"Home\",\"item\":\"https:\\\/\\\/ecosupplements.be\\\/fr\\\/\"},{\"@type\":\"ListItem\",\"position\":2,\"name\":\"Boutique\",\"item\":\"https:\\\/\\\/ecosupplements.be\\\/fr\\\/boutique\\\/\"},{\"@type\":\"ListItem\",\"position\":3,\"name\":\"Fumarate de L-Carnitine, 855mg &#8211; 180 vcaps\"}]},{\"@type\":\"WebSite\",\"@id\":\"https:\\\/\\\/ecosupplements.be\\\/fr\\\/#website\",\"url\":\"https:\\\/\\\/ecosupplements.be\\\/fr\\\/\",\"name\":\"ECO Supplements\",\"description\":\"Eco Supplements - Gezonde supplementen\",\"publisher\":{\"@id\":\"https:\\\/\\\/ecosupplements.be\\\/fr\\\/#organization\"},\"potentialAction\":[{\"@type\":\"SearchAction\",\"target\":{\"@type\":\"EntryPoint\",\"urlTemplate\":\"https:\\\/\\\/ecosupplements.be\\\/fr\\\/?s={search_term_string}\"},\"query-input\":{\"@type\":\"PropertyValueSpecification\",\"valueRequired\":true,\"valueName\":\"search_term_string\"}}],\"inLanguage\":\"fr-FR\"},{\"@type\":\"Organization\",\"@id\":\"https:\\\/\\\/ecosupplements.be\\\/fr\\\/#organization\",\"name\":\"Eco Supplements\",\"url\":\"https:\\\/\\\/ecosupplements.be\\\/fr\\\/\",\"logo\":{\"@type\":\"ImageObject\",\"inLanguage\":\"fr-FR\",\"@id\":\"https:\\\/\\\/ecosupplements.be\\\/fr\\\/#\\\/schema\\\/logo\\\/image\\\/\",\"url\":\"https:\\\/\\\/ecosupplements.be\\\/wp-content\\\/uploads\\\/2022\\\/06\\\/ecosupplement-family.png\",\"contentUrl\":\"https:\\\/\\\/ecosupplements.be\\\/wp-content\\\/uploads\\\/2022\\\/06\\\/ecosupplement-family.png\",\"width\":593,\"height\":374,\"caption\":\"Eco Supplements\"},\"image\":{\"@id\":\"https:\\\/\\\/ecosupplements.be\\\/fr\\\/#\\\/schema\\\/logo\\\/image\\\/\"}}]}<\/script>\n<meta property=\"product:brand\" content=\"Doctor&#039;s Best\" \/>\n<meta property=\"product:price:amount\" content=\"83.25\" \/>\n<meta property=\"product:price:currency\" content=\"EUR\" \/>\n<meta property=\"og:availability\" content=\"instock\" \/>\n<meta property=\"product:availability\" content=\"instock\" \/>\n<meta property=\"product:retailer_item_id\" content=\"753950001541\" \/>\n<meta property=\"product:condition\" content=\"new\" \/>\n<!-- \/ Yoast SEO Premium plugin. -->","yoast_head_json":{"title":"Fumarate de L-Carnitine, 855mg - 180 vcaps - ECO Supplements","description":"Wij hebben een ruime keuze aan producten van Fumarate de L-Carnitine, 855mg - 180 vcaps . Winkel bij Eco Supplements altijd gratis verzending boven 100\u20ac","robots":{"index":"index","follow":"follow","max-snippet":"max-snippet:-1","max-image-preview":"max-image-preview:large","max-video-preview":"max-video-preview:-1"},"canonical":"https:\/\/ecosupplements.be\/fr\/produit\/fumarate-de-l-carnitine-855mg-180-vcaps\/","og_locale":"fr_FR","og_type":"article","og_title":"Fumarate de L-Carnitine, 855mg - 180 vcaps","og_description":"Wij hebben een ruime keuze aan producten van Fumarate de L-Carnitine, 855mg - 180 vcaps . Winkel bij Eco Supplements altijd gratis verzending boven 100\u20ac","og_url":"https:\/\/ecosupplements.be\/fr\/produit\/fumarate-de-l-carnitine-855mg-180-vcaps\/","og_site_name":"ECO Supplements","article_modified_time":"2025-08-27T09:35:31+00:00","og_image":[{"width":500,"height":500,"url":"https:\/\/ecosupplements.be\/wp-content\/uploads\/2025\/08\/Doctors-Best-L-Carnitine-Fumarate-855mg-180-vcaps-2.jpeg","type":"image\/jpeg"}],"twitter_card":"summary_large_image","twitter_misc":{"Prix":"83.25&nbsp;&euro;","Disponibilit\u00e9":"En stock"},"schema":{"@context":"https:\/\/schema.org","@graph":[{"@type":["WebPage","ItemPage"],"@id":"https:\/\/ecosupplements.be\/fr\/produit\/fumarate-de-l-carnitine-855mg-180-vcaps\/","url":"https:\/\/ecosupplements.be\/fr\/produit\/fumarate-de-l-carnitine-855mg-180-vcaps\/","name":"Fumarate de L-Carnitine, 855mg - 180 vcaps - ECO Supplements","isPartOf":{"@id":"https:\/\/ecosupplements.be\/fr\/#website"},"primaryImageOfPage":{"@id":"https:\/\/ecosupplements.be\/fr\/produit\/fumarate-de-l-carnitine-855mg-180-vcaps\/#primaryimage"},"image":{"@id":"https:\/\/ecosupplements.be\/fr\/produit\/fumarate-de-l-carnitine-855mg-180-vcaps\/#primaryimage"},"thumbnailUrl":"https:\/\/ecosupplements.be\/wp-content\/uploads\/2025\/08\/Doctors-Best-L-Carnitine-Fumarate-855mg-180-vcaps-2.jpeg","datePublished":"2022-06-28T09:08:25+00:00","dateModified":"2025-08-27T09:35:31+00:00","description":"Wij hebben een ruime keuze aan producten van Fumarate de L-Carnitine, 855mg - 180 vcaps . Winkel bij Eco Supplements altijd gratis verzending boven 100\u20ac","breadcrumb":{"@id":"https:\/\/ecosupplements.be\/fr\/produit\/fumarate-de-l-carnitine-855mg-180-vcaps\/#breadcrumb"},"inLanguage":"fr-FR","potentialAction":[{"@type":"ReadAction","target":["https:\/\/ecosupplements.be\/fr\/produit\/fumarate-de-l-carnitine-855mg-180-vcaps\/"]}]},{"@type":"ImageObject","inLanguage":"fr-FR","@id":"https:\/\/ecosupplements.be\/fr\/produit\/fumarate-de-l-carnitine-855mg-180-vcaps\/#primaryimage","url":"https:\/\/ecosupplements.be\/wp-content\/uploads\/2025\/08\/Doctors-Best-L-Carnitine-Fumarate-855mg-180-vcaps-2.jpeg","contentUrl":"https:\/\/ecosupplements.be\/wp-content\/uploads\/2025\/08\/Doctors-Best-L-Carnitine-Fumarate-855mg-180-vcaps-2.jpeg","width":500,"height":500},{"@type":"BreadcrumbList","@id":"https:\/\/ecosupplements.be\/fr\/produit\/fumarate-de-l-carnitine-855mg-180-vcaps\/#breadcrumb","itemListElement":[{"@type":"ListItem","position":1,"name":"Home","item":"https:\/\/ecosupplements.be\/fr\/"},{"@type":"ListItem","position":2,"name":"Boutique","item":"https:\/\/ecosupplements.be\/fr\/boutique\/"},{"@type":"ListItem","position":3,"name":"Fumarate de L-Carnitine, 855mg &#8211; 180 vcaps"}]},{"@type":"WebSite","@id":"https:\/\/ecosupplements.be\/fr\/#website","url":"https:\/\/ecosupplements.be\/fr\/","name":"ECO Supplements","description":"Eco Supplements - Gezonde supplementen","publisher":{"@id":"https:\/\/ecosupplements.be\/fr\/#organization"},"potentialAction":[{"@type":"SearchAction","target":{"@type":"EntryPoint","urlTemplate":"https:\/\/ecosupplements.be\/fr\/?s={search_term_string}"},"query-input":{"@type":"PropertyValueSpecification","valueRequired":true,"valueName":"search_term_string"}}],"inLanguage":"fr-FR"},{"@type":"Organization","@id":"https:\/\/ecosupplements.be\/fr\/#organization","name":"Eco Supplements","url":"https:\/\/ecosupplements.be\/fr\/","logo":{"@type":"ImageObject","inLanguage":"fr-FR","@id":"https:\/\/ecosupplements.be\/fr\/#\/schema\/logo\/image\/","url":"https:\/\/ecosupplements.be\/wp-content\/uploads\/2022\/06\/ecosupplement-family.png","contentUrl":"https:\/\/ecosupplements.be\/wp-content\/uploads\/2022\/06\/ecosupplement-family.png","width":593,"height":374,"caption":"Eco Supplements"},"image":{"@id":"https:\/\/ecosupplements.be\/fr\/#\/schema\/logo\/image\/"}}]},"product_brand":"Doctor's Best","product_price_amount":"83.25","product_price_currency":"EUR","og_availability":"instock","product_availability":"instock","product_retailer_item_id":"753950001541","product_condition":"new"},"_links":{"self":[{"href":"https:\/\/ecosupplements.be\/fr\/wp-json\/wp\/v2\/product\/280617","targetHints":{"allow":["GET"]}}],"collection":[{"href":"https:\/\/ecosupplements.be\/fr\/wp-json\/wp\/v2\/product"}],"about":[{"href":"https:\/\/ecosupplements.be\/fr\/wp-json\/wp\/v2\/types\/product"}],"replies":[{"embeddable":true,"href":"https:\/\/ecosupplements.be\/fr\/wp-json\/wp\/v2\/comments?post=280617"}],"wp:featuredmedia":[{"embeddable":true,"href":"https:\/\/ecosupplements.be\/fr\/wp-json\/wp\/v2\/media\/243282"}],"wp:attachment":[{"href":"https:\/\/ecosupplements.be\/fr\/wp-json\/wp\/v2\/media?parent=280617"}],"wp:term":[{"taxonomy":"product_brand","embeddable":true,"href":"https:\/\/ecosupplements.be\/fr\/wp-json\/wp\/v2\/product_brand?post=280617"},{"taxonomy":"product_cat","embeddable":true,"href":"https:\/\/ecosupplements.be\/fr\/wp-json\/wp\/v2\/product_cat?post=280617"},{"taxonomy":"product_tag","embeddable":true,"href":"https:\/\/ecosupplements.be\/fr\/wp-json\/wp\/v2\/product_tag?post=280617"}],"curies":[{"name":"wp","href":"https:\/\/api.w.org\/{rel}","templated":true}]}}