{"id":280622,"date":"2022-06-28T10:08:25","date_gmt":"2022-06-28T09:08:25","guid":{"rendered":"https:\/\/ecosupplements.be\/product\/l-tryptophane-avec-tryptopure-500mg-90-vcaps\/"},"modified":"2025-08-27T10:35:55","modified_gmt":"2025-08-27T09:35:55","slug":"l-tryptophane-avec-tryptopure-500mg-90-vcaps","status":"publish","type":"product","link":"https:\/\/ecosupplements.be\/fr\/produit\/l-tryptophane-avec-tryptopure-500mg-90-vcaps\/","title":{"rendered":"L-Tryptophane avec TryptoPure, 500mg &#8211; 90 vcaps"},"content":{"rendered":"<h1 style=\"text-align: center;\">Doctor&#8217;s Best &#8211; L-Tryptophane avec TryptoPure<\/h1>\n<p>Qu&#8217;est-ce que le Doctor&#8217;s Best L-Tryptophan avec TryptoPure ?<br \/>\nLe L-tryptophane, un acide amin\u00e9 essentiel, n&#8217;est pas synth\u00e9tis\u00e9 par le corps et doit \u00eatre obtenu par des sources alimentaires. Doctor&#8217;s Best L-Tryptophan contient TryptoPure, un L-tryptophan hautement purifi\u00e9 de qualit\u00e9 pharmaceutique qui r\u00e9pond aux crit\u00e8res de puret\u00e9 de la pharmacop\u00e9e japonaise (JP) et de la pharmacop\u00e9e des \u00c9tats-Unis (USP).<br \/>\nComment cela fonctionne-t-il ?<br \/>\nLe L-tryptophane, est un \u00e9l\u00e9ment essentiel de la synth\u00e8se des prot\u00e9ines. Il fonctionne \u00e9galement comme un pr\u00e9curseur biochimique de la s\u00e9rotonine, un neurotransmetteur. La s\u00e9rotonine est synth\u00e9tis\u00e9e \u00e0 partir du L-tryptophane par la tryptophane hydrolase. La s\u00e9rotonine peut ensuite \u00eatre convertie en m\u00e9latonine, une neurohormone, via la N-ac\u00e9tyltransf\u00e9rase et la 5-hydroxyindole-O-m\u00e9thyltransf\u00e9rase. La niacine, la vitamine B3, est \u00e9galement synth\u00e9tis\u00e9e \u00e0 partir du L-tryptophane. Le b\u00e9n\u00e9fice du tryptophane pour le sommeil est d\u00fb \u00e0 la production de s\u00e9rotonine. La s\u00e9rotonine est \u00e9galement n\u00e9cessaire au d\u00e9veloppement pr\u00e9coce du cerveau, \u00e0 la maturation \u00e9motionnelle, \u00e0 la m\u00e9moire et aux autres fonctions cognitives, ainsi qu&#8217;\u00e0 la gestion de la peur et du stress, \u00e0 un sommeil sain et \u00e0 une humeur saine. La s\u00e9rotonine est \u00e9galement la principale source de m\u00e9latonine, la principale hormone du sommeil de l&#8217;organisme.<br \/>\nPourquoi devrais-je prendre Doctor&#8217;s Best L-Tryptophan avec TryptoPure ?<br \/>\nLe sommeil est une n\u00e9cessit\u00e9 absolue pour le maintien d&#8217;une bonne sant\u00e9. Une quantit\u00e9 et une qualit\u00e9 de sommeil ad\u00e9quates sont essentielles pour conserver l&#8217;\u00e9nergie du corps, pour maintenir une humeur saine, une fonction cognitive et pour soutenir le fonctionnement physique en g\u00e9n\u00e9ral.<\/p>\n<p><img decoding=\"async\" src=\"https:\/\/ecosupplements.be\/wp-content\/uploads\/2025\/08\/gluten-free-1.png\" title=\"Sans gluten\" alt=\"Gluten free\"><img decoding=\"async\" src=\"https:\/\/ecosupplements.be\/wp-content\/uploads\/2025\/08\/non-gmo-1.png\" title=\"Non-OGM\" alt=\"Non-GMO\"><\/p>\n","protected":false},"excerpt":{"rendered":"<p>Doctor&#8217;s Best &#8211; L-Tryptophane avec TryptoPure Qu&#8217;est-ce que le Doctor&#8217;s Best L-Tryptophan avec TryptoPure ? Le L-tryptophane, un acide amin\u00e9 essentiel, n&#8217;est pas synth\u00e9tis\u00e9 par le corps et doit \u00eatre obtenu par des sources alimentaires. Doctor&#8217;s Best L-Tryptophan contient TryptoPure, un L-tryptophan hautement purifi\u00e9 de qualit\u00e9 pharmaceutique qui r\u00e9pond aux crit\u00e8res de puret\u00e9 de la [&#8230;]\n","protected":false},"featured_media":243315,"comment_status":"open","ping_status":"open","template":"","meta":[],"product_brand":[4674],"product_cat":[5067,5159,5160,5054,5055,5052,5053],"product_tag":[5069],"class_list":{"0":"post-280622","1":"product","2":"type-product","3":"status-publish","4":"has-post-thumbnail","6":"product_brand-doctors-best-2","7":"product_cat-acides-amines-et-bcaa","8":"product_cat-aide-au-sommeil","9":"product_cat-melatonine-aide-au-sommeil","10":"product_cat-nourriture-saine","11":"product_cat-produits-vegetaliens","12":"product_cat-sante-et-bien-etre","13":"product_cat-vitamines-et-mineraux","14":"product_tag-topeco-2","16":"first","17":"instock","18":"taxable","19":"shipping-taxable","20":"purchasable","21":"product-type-simple"},"yoast_head":"<!-- This site is optimized with the Yoast SEO Premium plugin v27.5 (Yoast SEO v27.5) - https:\/\/yoast.com\/product\/yoast-seo-premium-wordpress\/ -->\n<title>L-Tryptophane avec TryptoPure, 500mg - 90 vcaps - ECO Supplements<\/title>\n<meta name=\"description\" content=\"Wij hebben een ruime keuze aan producten van L-Tryptophane avec TryptoPure, 500mg - 90 vcaps . Winkel bij Eco Supplements altijd gratis verzending boven 100\u20ac\" \/>\n<meta name=\"robots\" content=\"index, follow, max-snippet:-1, max-image-preview:large, max-video-preview:-1\" \/>\n<link rel=\"canonical\" href=\"https:\/\/ecosupplements.be\/fr\/produit\/l-tryptophane-avec-tryptopure-500mg-90-vcaps\/\" \/>\n<meta property=\"og:locale\" content=\"fr_FR\" \/>\n<meta property=\"og:type\" content=\"article\" \/>\n<meta property=\"og:title\" content=\"L-Tryptophane avec TryptoPure, 500mg - 90 vcaps\" \/>\n<meta property=\"og:description\" content=\"Wij hebben een ruime keuze aan producten van L-Tryptophane avec TryptoPure, 500mg - 90 vcaps . Winkel bij Eco Supplements altijd gratis verzending boven 100\u20ac\" \/>\n<meta property=\"og:url\" content=\"https:\/\/ecosupplements.be\/fr\/produit\/l-tryptophane-avec-tryptopure-500mg-90-vcaps\/\" \/>\n<meta property=\"og:site_name\" content=\"ECO Supplements\" \/>\n<meta property=\"article:modified_time\" content=\"2025-08-27T09:35:55+00:00\" \/>\n<meta property=\"og:image\" content=\"https:\/\/ecosupplements.be\/wp-content\/uploads\/2025\/08\/Doctors-Best-L-Tryptophan-with-TryptoPure-90-vcaps-1.jpg\" \/>\n\t<meta property=\"og:image:width\" content=\"750\" \/>\n\t<meta property=\"og:image:height\" content=\"750\" \/>\n\t<meta property=\"og:image:type\" content=\"image\/jpeg\" \/>\n<meta name=\"twitter:card\" content=\"summary_large_image\" \/>\n<meta name=\"twitter:label1\" content=\"Prix\" \/>\n\t<meta name=\"twitter:data1\" content=\"29.89&nbsp;&euro;\" \/>\n\t<meta name=\"twitter:label2\" content=\"Disponibilit\u00e9\" \/>\n\t<meta name=\"twitter:data2\" content=\"En stock\" \/>\n<script type=\"application\/ld+json\" class=\"yoast-schema-graph\">{\"@context\":\"https:\\\/\\\/schema.org\",\"@graph\":[{\"@type\":[\"WebPage\",\"ItemPage\"],\"@id\":\"https:\\\/\\\/ecosupplements.be\\\/fr\\\/produit\\\/l-tryptophane-avec-tryptopure-500mg-90-vcaps\\\/\",\"url\":\"https:\\\/\\\/ecosupplements.be\\\/fr\\\/produit\\\/l-tryptophane-avec-tryptopure-500mg-90-vcaps\\\/\",\"name\":\"L-Tryptophane avec TryptoPure, 500mg - 90 vcaps - ECO Supplements\",\"isPartOf\":{\"@id\":\"https:\\\/\\\/ecosupplements.be\\\/fr\\\/#website\"},\"primaryImageOfPage\":{\"@id\":\"https:\\\/\\\/ecosupplements.be\\\/fr\\\/produit\\\/l-tryptophane-avec-tryptopure-500mg-90-vcaps\\\/#primaryimage\"},\"image\":{\"@id\":\"https:\\\/\\\/ecosupplements.be\\\/fr\\\/produit\\\/l-tryptophane-avec-tryptopure-500mg-90-vcaps\\\/#primaryimage\"},\"thumbnailUrl\":\"https:\\\/\\\/ecosupplements.be\\\/wp-content\\\/uploads\\\/2025\\\/08\\\/Doctors-Best-L-Tryptophan-with-TryptoPure-90-vcaps-1.jpg\",\"datePublished\":\"2022-06-28T09:08:25+00:00\",\"dateModified\":\"2025-08-27T09:35:55+00:00\",\"description\":\"Wij hebben een ruime keuze aan producten van L-Tryptophane avec TryptoPure, 500mg - 90 vcaps . Winkel bij Eco Supplements altijd gratis verzending boven 100\u20ac\",\"breadcrumb\":{\"@id\":\"https:\\\/\\\/ecosupplements.be\\\/fr\\\/produit\\\/l-tryptophane-avec-tryptopure-500mg-90-vcaps\\\/#breadcrumb\"},\"inLanguage\":\"fr-FR\",\"potentialAction\":[{\"@type\":\"ReadAction\",\"target\":[\"https:\\\/\\\/ecosupplements.be\\\/fr\\\/produit\\\/l-tryptophane-avec-tryptopure-500mg-90-vcaps\\\/\"]}]},{\"@type\":\"ImageObject\",\"inLanguage\":\"fr-FR\",\"@id\":\"https:\\\/\\\/ecosupplements.be\\\/fr\\\/produit\\\/l-tryptophane-avec-tryptopure-500mg-90-vcaps\\\/#primaryimage\",\"url\":\"https:\\\/\\\/ecosupplements.be\\\/wp-content\\\/uploads\\\/2025\\\/08\\\/Doctors-Best-L-Tryptophan-with-TryptoPure-90-vcaps-1.jpg\",\"contentUrl\":\"https:\\\/\\\/ecosupplements.be\\\/wp-content\\\/uploads\\\/2025\\\/08\\\/Doctors-Best-L-Tryptophan-with-TryptoPure-90-vcaps-1.jpg\",\"width\":750,\"height\":750},{\"@type\":\"BreadcrumbList\",\"@id\":\"https:\\\/\\\/ecosupplements.be\\\/fr\\\/produit\\\/l-tryptophane-avec-tryptopure-500mg-90-vcaps\\\/#breadcrumb\",\"itemListElement\":[{\"@type\":\"ListItem\",\"position\":1,\"name\":\"Home\",\"item\":\"https:\\\/\\\/ecosupplements.be\\\/fr\\\/\"},{\"@type\":\"ListItem\",\"position\":2,\"name\":\"Boutique\",\"item\":\"https:\\\/\\\/ecosupplements.be\\\/fr\\\/boutique\\\/\"},{\"@type\":\"ListItem\",\"position\":3,\"name\":\"L-Tryptophane avec TryptoPure, 500mg &#8211; 90 vcaps\"}]},{\"@type\":\"WebSite\",\"@id\":\"https:\\\/\\\/ecosupplements.be\\\/fr\\\/#website\",\"url\":\"https:\\\/\\\/ecosupplements.be\\\/fr\\\/\",\"name\":\"ECO Supplements\",\"description\":\"Eco Supplements - Gezonde supplementen\",\"publisher\":{\"@id\":\"https:\\\/\\\/ecosupplements.be\\\/fr\\\/#organization\"},\"potentialAction\":[{\"@type\":\"SearchAction\",\"target\":{\"@type\":\"EntryPoint\",\"urlTemplate\":\"https:\\\/\\\/ecosupplements.be\\\/fr\\\/?s={search_term_string}\"},\"query-input\":{\"@type\":\"PropertyValueSpecification\",\"valueRequired\":true,\"valueName\":\"search_term_string\"}}],\"inLanguage\":\"fr-FR\"},{\"@type\":\"Organization\",\"@id\":\"https:\\\/\\\/ecosupplements.be\\\/fr\\\/#organization\",\"name\":\"Eco Supplements\",\"url\":\"https:\\\/\\\/ecosupplements.be\\\/fr\\\/\",\"logo\":{\"@type\":\"ImageObject\",\"inLanguage\":\"fr-FR\",\"@id\":\"https:\\\/\\\/ecosupplements.be\\\/fr\\\/#\\\/schema\\\/logo\\\/image\\\/\",\"url\":\"https:\\\/\\\/ecosupplements.be\\\/wp-content\\\/uploads\\\/2022\\\/06\\\/ecosupplement-family.png\",\"contentUrl\":\"https:\\\/\\\/ecosupplements.be\\\/wp-content\\\/uploads\\\/2022\\\/06\\\/ecosupplement-family.png\",\"width\":593,\"height\":374,\"caption\":\"Eco Supplements\"},\"image\":{\"@id\":\"https:\\\/\\\/ecosupplements.be\\\/fr\\\/#\\\/schema\\\/logo\\\/image\\\/\"}}]}<\/script>\n<meta property=\"product:brand\" content=\"Doctor&#039;s Best\" \/>\n<meta property=\"product:price:amount\" content=\"29.89\" \/>\n<meta property=\"product:price:currency\" content=\"EUR\" \/>\n<meta property=\"og:availability\" content=\"instock\" \/>\n<meta property=\"product:availability\" content=\"instock\" \/>\n<meta property=\"product:retailer_item_id\" content=\"753950001268\" \/>\n<meta property=\"product:condition\" content=\"new\" \/>\n<!-- \/ Yoast SEO Premium plugin. -->","yoast_head_json":{"title":"L-Tryptophane avec TryptoPure, 500mg - 90 vcaps - ECO Supplements","description":"Wij hebben een ruime keuze aan producten van L-Tryptophane avec TryptoPure, 500mg - 90 vcaps . Winkel bij Eco Supplements altijd gratis verzending boven 100\u20ac","robots":{"index":"index","follow":"follow","max-snippet":"max-snippet:-1","max-image-preview":"max-image-preview:large","max-video-preview":"max-video-preview:-1"},"canonical":"https:\/\/ecosupplements.be\/fr\/produit\/l-tryptophane-avec-tryptopure-500mg-90-vcaps\/","og_locale":"fr_FR","og_type":"article","og_title":"L-Tryptophane avec TryptoPure, 500mg - 90 vcaps","og_description":"Wij hebben een ruime keuze aan producten van L-Tryptophane avec TryptoPure, 500mg - 90 vcaps . Winkel bij Eco Supplements altijd gratis verzending boven 100\u20ac","og_url":"https:\/\/ecosupplements.be\/fr\/produit\/l-tryptophane-avec-tryptopure-500mg-90-vcaps\/","og_site_name":"ECO Supplements","article_modified_time":"2025-08-27T09:35:55+00:00","og_image":[{"width":750,"height":750,"url":"https:\/\/ecosupplements.be\/wp-content\/uploads\/2025\/08\/Doctors-Best-L-Tryptophan-with-TryptoPure-90-vcaps-1.jpg","type":"image\/jpeg"}],"twitter_card":"summary_large_image","twitter_misc":{"Prix":"29.89&nbsp;&euro;","Disponibilit\u00e9":"En stock"},"schema":{"@context":"https:\/\/schema.org","@graph":[{"@type":["WebPage","ItemPage"],"@id":"https:\/\/ecosupplements.be\/fr\/produit\/l-tryptophane-avec-tryptopure-500mg-90-vcaps\/","url":"https:\/\/ecosupplements.be\/fr\/produit\/l-tryptophane-avec-tryptopure-500mg-90-vcaps\/","name":"L-Tryptophane avec TryptoPure, 500mg - 90 vcaps - ECO Supplements","isPartOf":{"@id":"https:\/\/ecosupplements.be\/fr\/#website"},"primaryImageOfPage":{"@id":"https:\/\/ecosupplements.be\/fr\/produit\/l-tryptophane-avec-tryptopure-500mg-90-vcaps\/#primaryimage"},"image":{"@id":"https:\/\/ecosupplements.be\/fr\/produit\/l-tryptophane-avec-tryptopure-500mg-90-vcaps\/#primaryimage"},"thumbnailUrl":"https:\/\/ecosupplements.be\/wp-content\/uploads\/2025\/08\/Doctors-Best-L-Tryptophan-with-TryptoPure-90-vcaps-1.jpg","datePublished":"2022-06-28T09:08:25+00:00","dateModified":"2025-08-27T09:35:55+00:00","description":"Wij hebben een ruime keuze aan producten van L-Tryptophane avec TryptoPure, 500mg - 90 vcaps . Winkel bij Eco Supplements altijd gratis verzending boven 100\u20ac","breadcrumb":{"@id":"https:\/\/ecosupplements.be\/fr\/produit\/l-tryptophane-avec-tryptopure-500mg-90-vcaps\/#breadcrumb"},"inLanguage":"fr-FR","potentialAction":[{"@type":"ReadAction","target":["https:\/\/ecosupplements.be\/fr\/produit\/l-tryptophane-avec-tryptopure-500mg-90-vcaps\/"]}]},{"@type":"ImageObject","inLanguage":"fr-FR","@id":"https:\/\/ecosupplements.be\/fr\/produit\/l-tryptophane-avec-tryptopure-500mg-90-vcaps\/#primaryimage","url":"https:\/\/ecosupplements.be\/wp-content\/uploads\/2025\/08\/Doctors-Best-L-Tryptophan-with-TryptoPure-90-vcaps-1.jpg","contentUrl":"https:\/\/ecosupplements.be\/wp-content\/uploads\/2025\/08\/Doctors-Best-L-Tryptophan-with-TryptoPure-90-vcaps-1.jpg","width":750,"height":750},{"@type":"BreadcrumbList","@id":"https:\/\/ecosupplements.be\/fr\/produit\/l-tryptophane-avec-tryptopure-500mg-90-vcaps\/#breadcrumb","itemListElement":[{"@type":"ListItem","position":1,"name":"Home","item":"https:\/\/ecosupplements.be\/fr\/"},{"@type":"ListItem","position":2,"name":"Boutique","item":"https:\/\/ecosupplements.be\/fr\/boutique\/"},{"@type":"ListItem","position":3,"name":"L-Tryptophane avec TryptoPure, 500mg &#8211; 90 vcaps"}]},{"@type":"WebSite","@id":"https:\/\/ecosupplements.be\/fr\/#website","url":"https:\/\/ecosupplements.be\/fr\/","name":"ECO Supplements","description":"Eco Supplements - Gezonde supplementen","publisher":{"@id":"https:\/\/ecosupplements.be\/fr\/#organization"},"potentialAction":[{"@type":"SearchAction","target":{"@type":"EntryPoint","urlTemplate":"https:\/\/ecosupplements.be\/fr\/?s={search_term_string}"},"query-input":{"@type":"PropertyValueSpecification","valueRequired":true,"valueName":"search_term_string"}}],"inLanguage":"fr-FR"},{"@type":"Organization","@id":"https:\/\/ecosupplements.be\/fr\/#organization","name":"Eco Supplements","url":"https:\/\/ecosupplements.be\/fr\/","logo":{"@type":"ImageObject","inLanguage":"fr-FR","@id":"https:\/\/ecosupplements.be\/fr\/#\/schema\/logo\/image\/","url":"https:\/\/ecosupplements.be\/wp-content\/uploads\/2022\/06\/ecosupplement-family.png","contentUrl":"https:\/\/ecosupplements.be\/wp-content\/uploads\/2022\/06\/ecosupplement-family.png","width":593,"height":374,"caption":"Eco Supplements"},"image":{"@id":"https:\/\/ecosupplements.be\/fr\/#\/schema\/logo\/image\/"}}]},"product_brand":"Doctor's Best","product_price_amount":"29.89","product_price_currency":"EUR","og_availability":"instock","product_availability":"instock","product_retailer_item_id":"753950001268","product_condition":"new"},"_links":{"self":[{"href":"https:\/\/ecosupplements.be\/fr\/wp-json\/wp\/v2\/product\/280622","targetHints":{"allow":["GET"]}}],"collection":[{"href":"https:\/\/ecosupplements.be\/fr\/wp-json\/wp\/v2\/product"}],"about":[{"href":"https:\/\/ecosupplements.be\/fr\/wp-json\/wp\/v2\/types\/product"}],"replies":[{"embeddable":true,"href":"https:\/\/ecosupplements.be\/fr\/wp-json\/wp\/v2\/comments?post=280622"}],"wp:featuredmedia":[{"embeddable":true,"href":"https:\/\/ecosupplements.be\/fr\/wp-json\/wp\/v2\/media\/243315"}],"wp:attachment":[{"href":"https:\/\/ecosupplements.be\/fr\/wp-json\/wp\/v2\/media?parent=280622"}],"wp:term":[{"taxonomy":"product_brand","embeddable":true,"href":"https:\/\/ecosupplements.be\/fr\/wp-json\/wp\/v2\/product_brand?post=280622"},{"taxonomy":"product_cat","embeddable":true,"href":"https:\/\/ecosupplements.be\/fr\/wp-json\/wp\/v2\/product_cat?post=280622"},{"taxonomy":"product_tag","embeddable":true,"href":"https:\/\/ecosupplements.be\/fr\/wp-json\/wp\/v2\/product_tag?post=280622"}],"curies":[{"name":"wp","href":"https:\/\/api.w.org\/{rel}","templated":true}]}}