{"id":280625,"date":"2022-06-28T10:08:33","date_gmt":"2022-06-28T09:08:33","guid":{"rendered":"https:\/\/ecosupplements.be\/product\/luteine-avec-floraglo-20mg-60-softgels\/"},"modified":"2025-08-27T10:36:05","modified_gmt":"2025-08-27T09:36:05","slug":"luteine-avec-floraglo-20mg-60-softgels","status":"publish","type":"product","link":"https:\/\/ecosupplements.be\/fr\/produit\/luteine-avec-floraglo-20mg-60-softgels\/","title":{"rendered":"Lut\u00e9ine avec FloraGLO, 20mg &#8211; 60 softgels"},"content":{"rendered":"<h1 style=\"text-align: center;\">Doctor&#8217;s Best &#8211; Lut\u00e9ine avec FloraGLO<\/h1>\n<p>Qu&#8217;est-ce que Doctor&#8217;s Best Lutein with FloraGLO ?<br \/>\nDoctor&#8217;s Best Lutein with FloraGLO with Zeaxanthin maintient une fonction visuelle saine et soutient la densit\u00e9 du pigment maculaire. La lut\u00e9ine de FloraGLO soutient la sant\u00e9 de la peau et aide \u00e0 pr\u00e9venir le vieillissement de la peau. Elle fournit de la lut\u00e9ine FloraGLO de haute qualit\u00e9, une source naturelle de lut\u00e9ine hautement biodisponible. La lut\u00e9ine et la z\u00e9axanthine sont deux des principaux carot\u00e9no\u00efdes pr\u00e9sents chez l&#8217;homme, et sont tr\u00e8s concentr\u00e9s dans la r\u00e9tine de l&#8217;\u0153il humain. La lut\u00e9ine et la z\u00e9axanthine sont \u00e9galement de puissants neutralisateurs de radicaux libres qui contribuent probablement au spectre des d\u00e9fenses antioxydantes de l&#8217;organisme.<br \/>\nComment cela fonctionne-t-il ?<br \/>\nLa plupart des effets b\u00e9n\u00e9fiques des xanthophylles, qui sont des transformations photochimiques de la lut\u00e9ine, sont attribu\u00e9s \u00e0 leur capacit\u00e9 \u00e0 \u00e9teindre les esp\u00e8ces r\u00e9actives de l&#8217;oxyg\u00e8ne et \u00e0 pi\u00e9ger d&#8217;autres substances radicalaires qui sont soit absorb\u00e9es dans l&#8217;environnement, soit g\u00e9n\u00e9r\u00e9es en interne par les processus m\u00e9taboliques naturels. Les preuves in vitro de l&#8217;activit\u00e9 de pi\u00e9geage des radicaux libres de la lut\u00e9ine se trouvent dans les \u00e9tudes de ses effets sur les cellules \u00e9pith\u00e9liales du cristallin humain. Dans l&#8217;une de ces \u00e9tudes, des cultures cellulaires ont \u00e9t\u00e9 expos\u00e9es \u00e0 des rayons ultraviolets (UV) apr\u00e8s avoir \u00e9t\u00e9 pr\u00e9trait\u00e9es avec de la lut\u00e9ine ou de l&#8217;alpha-tocoph\u00e9rol. On a constat\u00e9 que les deux nutriments r\u00e9duisaient les dommages caus\u00e9s par les UV aux cellules \u00e9pith\u00e9liales du cristallin. Toutefois, la lut\u00e9ine s&#8217;est av\u00e9r\u00e9e avoir une activit\u00e9 photoprotectrice nettement sup\u00e9rieure \u00e0 celle de l&#8217;alpha-tocoph\u00e9rol, ce qui d\u00e9montre son potentiel en tant qu&#8217;antioxydant puissant. La lut\u00e9ine s&#8217;est \u00e9galement av\u00e9r\u00e9e \u00eatre un filtre efficace de la &#8220;lumi\u00e8re bleue&#8221;, une autre source quotidienne de stress oxydatif sur les photor\u00e9cepteurs enrichis en acides gras polyinsatur\u00e9s de nos yeux.<br \/>\nPourquoi devrais-je prendre Doctor&#8217;s Best Lutein avec FloraGLO ?<br \/>\nLa lut\u00e9ine et la z\u00e9axanthine sont des pigments jaunes appartenant \u00e0 une classe de carot\u00e9no\u00efdes appel\u00e9e xanthophylles. Comme le corps humain ne les synth\u00e9tise pas, nous d\u00e9pendons des sources alimentaires pour ces carot\u00e9no\u00efdes. L&#8217;Am\u00e9ricain moyen ne consomme que 2 mg de lut\u00e9ine et de z\u00e9axanthine par jour. Les meilleures sources de ces nutriments importants sont les feuilles vertes fonc\u00e9es comme les \u00e9pinards, le chou vert et le chou fris\u00e9, ainsi que certains fruits et l\u00e9gumes jaune-orange. La lut\u00e9ine, la z\u00e9axanthine et la m\u00e9so-z\u00e9axanthine sont appel\u00e9es &#8220;les pigments maculaires&#8221;, car ce sont les seuls carot\u00e9no\u00efdes pr\u00e9sents dans le cristallin et la r\u00e9gion maculaire de la r\u00e9tine de l&#8217;\u0153il humain. Plus de 20 \u00e9tudes sur l&#8217;homme utilisant FloraGLO Lutein, ont \u00e9tabli un corpus de litt\u00e9rature publi\u00e9 dans des journaux \u00e9valu\u00e9s par des pairs ou pr\u00e9sent\u00e9 sous forme de r\u00e9sum\u00e9s lors de conf\u00e9rences scientifiques qui confirme l&#8217;efficacit\u00e9 et la s\u00e9curit\u00e9 de cet ingr\u00e9dient particulier.<\/p>\n<p><img decoding=\"async\" src=\"https:\/\/ecosupplements.be\/wp-content\/uploads\/2025\/08\/gluten-free-1.png\" title=\"Sans gluten\" alt=\"Gluten free\"><img decoding=\"async\" src=\"https:\/\/ecosupplements.be\/wp-content\/uploads\/2025\/08\/non-gmo-1.png\" title=\"Non-OGM\" alt=\"Non-GMO\"><\/p>\n","protected":false},"excerpt":{"rendered":"<p>Doctor&#8217;s Best &#8211; Lut\u00e9ine avec FloraGLO Qu&#8217;est-ce que Doctor&#8217;s Best Lutein with FloraGLO ? Doctor&#8217;s Best Lutein with FloraGLO with Zeaxanthin maintient une fonction visuelle saine et soutient la densit\u00e9 du pigment maculaire. La lut\u00e9ine de FloraGLO soutient la sant\u00e9 de la peau et aide \u00e0 pr\u00e9venir le vieillissement de la peau. Elle fournit de [&#8230;]\n","protected":false},"featured_media":243330,"comment_status":"open","ping_status":"open","template":"","meta":[],"product_brand":[4674],"product_cat":[5103,5052,5104,5053],"product_tag":[5069],"class_list":{"0":"post-280625","1":"product","2":"type-product","3":"status-publish","4":"has-post-thumbnail","6":"product_brand-doctors-best-2","7":"product_cat-sante-des-yeux","8":"product_cat-sante-et-bien-etre","9":"product_cat-sante-oculaire","10":"product_cat-vitamines-et-mineraux","11":"product_tag-topeco-2","13":"first","14":"instock","15":"taxable","16":"shipping-taxable","17":"purchasable","18":"product-type-simple"},"yoast_head":"<!-- This site is optimized with the Yoast SEO Premium plugin v27.3 (Yoast SEO v27.3) - https:\/\/yoast.com\/product\/yoast-seo-premium-wordpress\/ -->\n<title>Lut\u00e9ine avec FloraGLO, 20mg - 60 softgels - ECO Supplements<\/title>\n<meta name=\"description\" content=\"Wij hebben een ruime keuze aan producten van Lut\u00e9ine avec FloraGLO, 20mg - 60 softgels . Winkel bij Eco Supplements altijd gratis verzending boven 100\u20ac\" \/>\n<meta name=\"robots\" content=\"index, follow, max-snippet:-1, max-image-preview:large, max-video-preview:-1\" \/>\n<link rel=\"canonical\" href=\"https:\/\/ecosupplements.be\/fr\/produit\/luteine-avec-floraglo-20mg-60-softgels\/\" \/>\n<meta property=\"og:locale\" content=\"fr_FR\" \/>\n<meta property=\"og:type\" content=\"article\" \/>\n<meta property=\"og:title\" content=\"Lut\u00e9ine avec FloraGLO, 20mg - 60 softgels\" \/>\n<meta property=\"og:description\" content=\"Wij hebben een ruime keuze aan producten van Lut\u00e9ine avec FloraGLO, 20mg - 60 softgels . Winkel bij Eco Supplements altijd gratis verzending boven 100\u20ac\" \/>\n<meta property=\"og:url\" content=\"https:\/\/ecosupplements.be\/fr\/produit\/luteine-avec-floraglo-20mg-60-softgels\/\" \/>\n<meta property=\"og:site_name\" content=\"ECO Supplements\" \/>\n<meta property=\"article:modified_time\" content=\"2025-08-27T09:36:05+00:00\" \/>\n<meta property=\"og:image\" content=\"https:\/\/ecosupplements.be\/wp-content\/uploads\/2025\/08\/Doctors-Best-Lutein-with-FloraGLO-60-softgels-2.jpeg\" \/>\n\t<meta property=\"og:image:width\" content=\"500\" \/>\n\t<meta property=\"og:image:height\" content=\"500\" \/>\n\t<meta property=\"og:image:type\" content=\"image\/jpeg\" \/>\n<meta name=\"twitter:card\" content=\"summary_large_image\" \/>\n<meta name=\"twitter:label1\" content=\"Prix\" \/>\n\t<meta name=\"twitter:data1\" content=\"17.27&nbsp;&euro;\" \/>\n\t<meta name=\"twitter:label2\" content=\"Disponibilit\u00e9\" \/>\n\t<meta name=\"twitter:data2\" content=\"En stock\" \/>\n<script type=\"application\/ld+json\" class=\"yoast-schema-graph\">{\"@context\":\"https:\\\/\\\/schema.org\",\"@graph\":[{\"@type\":[\"WebPage\",\"ItemPage\"],\"@id\":\"https:\\\/\\\/ecosupplements.be\\\/fr\\\/produit\\\/luteine-avec-floraglo-20mg-60-softgels\\\/\",\"url\":\"https:\\\/\\\/ecosupplements.be\\\/fr\\\/produit\\\/luteine-avec-floraglo-20mg-60-softgels\\\/\",\"name\":\"Lut\u00e9ine avec FloraGLO, 20mg - 60 softgels - ECO Supplements\",\"isPartOf\":{\"@id\":\"https:\\\/\\\/ecosupplements.be\\\/fr\\\/#website\"},\"primaryImageOfPage\":{\"@id\":\"https:\\\/\\\/ecosupplements.be\\\/fr\\\/produit\\\/luteine-avec-floraglo-20mg-60-softgels\\\/#primaryimage\"},\"image\":{\"@id\":\"https:\\\/\\\/ecosupplements.be\\\/fr\\\/produit\\\/luteine-avec-floraglo-20mg-60-softgels\\\/#primaryimage\"},\"thumbnailUrl\":\"https:\\\/\\\/ecosupplements.be\\\/wp-content\\\/uploads\\\/2025\\\/08\\\/Doctors-Best-Lutein-with-FloraGLO-60-softgels-2.jpeg\",\"datePublished\":\"2022-06-28T09:08:33+00:00\",\"dateModified\":\"2025-08-27T09:36:05+00:00\",\"description\":\"Wij hebben een ruime keuze aan producten van Lut\u00e9ine avec FloraGLO, 20mg - 60 softgels . Winkel bij Eco Supplements altijd gratis verzending boven 100\u20ac\",\"breadcrumb\":{\"@id\":\"https:\\\/\\\/ecosupplements.be\\\/fr\\\/produit\\\/luteine-avec-floraglo-20mg-60-softgels\\\/#breadcrumb\"},\"inLanguage\":\"fr-FR\",\"potentialAction\":[{\"@type\":\"ReadAction\",\"target\":[\"https:\\\/\\\/ecosupplements.be\\\/fr\\\/produit\\\/luteine-avec-floraglo-20mg-60-softgels\\\/\"]}]},{\"@type\":\"ImageObject\",\"inLanguage\":\"fr-FR\",\"@id\":\"https:\\\/\\\/ecosupplements.be\\\/fr\\\/produit\\\/luteine-avec-floraglo-20mg-60-softgels\\\/#primaryimage\",\"url\":\"https:\\\/\\\/ecosupplements.be\\\/wp-content\\\/uploads\\\/2025\\\/08\\\/Doctors-Best-Lutein-with-FloraGLO-60-softgels-2.jpeg\",\"contentUrl\":\"https:\\\/\\\/ecosupplements.be\\\/wp-content\\\/uploads\\\/2025\\\/08\\\/Doctors-Best-Lutein-with-FloraGLO-60-softgels-2.jpeg\",\"width\":500,\"height\":500},{\"@type\":\"BreadcrumbList\",\"@id\":\"https:\\\/\\\/ecosupplements.be\\\/fr\\\/produit\\\/luteine-avec-floraglo-20mg-60-softgels\\\/#breadcrumb\",\"itemListElement\":[{\"@type\":\"ListItem\",\"position\":1,\"name\":\"Home\",\"item\":\"https:\\\/\\\/ecosupplements.be\\\/fr\\\/\"},{\"@type\":\"ListItem\",\"position\":2,\"name\":\"Boutique\",\"item\":\"https:\\\/\\\/ecosupplements.be\\\/fr\\\/boutique\\\/\"},{\"@type\":\"ListItem\",\"position\":3,\"name\":\"Lut\u00e9ine avec FloraGLO, 20mg &#8211; 60 softgels\"}]},{\"@type\":\"WebSite\",\"@id\":\"https:\\\/\\\/ecosupplements.be\\\/fr\\\/#website\",\"url\":\"https:\\\/\\\/ecosupplements.be\\\/fr\\\/\",\"name\":\"ECO Supplements\",\"description\":\"Eco Supplements - Gezonde supplementen\",\"publisher\":{\"@id\":\"https:\\\/\\\/ecosupplements.be\\\/fr\\\/#organization\"},\"potentialAction\":[{\"@type\":\"SearchAction\",\"target\":{\"@type\":\"EntryPoint\",\"urlTemplate\":\"https:\\\/\\\/ecosupplements.be\\\/fr\\\/?s={search_term_string}\"},\"query-input\":{\"@type\":\"PropertyValueSpecification\",\"valueRequired\":true,\"valueName\":\"search_term_string\"}}],\"inLanguage\":\"fr-FR\"},{\"@type\":\"Organization\",\"@id\":\"https:\\\/\\\/ecosupplements.be\\\/fr\\\/#organization\",\"name\":\"Eco Supplements\",\"url\":\"https:\\\/\\\/ecosupplements.be\\\/fr\\\/\",\"logo\":{\"@type\":\"ImageObject\",\"inLanguage\":\"fr-FR\",\"@id\":\"https:\\\/\\\/ecosupplements.be\\\/fr\\\/#\\\/schema\\\/logo\\\/image\\\/\",\"url\":\"https:\\\/\\\/ecosupplements.be\\\/wp-content\\\/uploads\\\/2022\\\/06\\\/ecosupplement-family.png\",\"contentUrl\":\"https:\\\/\\\/ecosupplements.be\\\/wp-content\\\/uploads\\\/2022\\\/06\\\/ecosupplement-family.png\",\"width\":593,\"height\":374,\"caption\":\"Eco Supplements\"},\"image\":{\"@id\":\"https:\\\/\\\/ecosupplements.be\\\/fr\\\/#\\\/schema\\\/logo\\\/image\\\/\"}}]}<\/script>\n<meta property=\"product:brand\" content=\"Doctor&#039;s Best\" \/>\n<meta property=\"product:price:amount\" content=\"17.27\" \/>\n<meta property=\"product:price:currency\" content=\"EUR\" \/>\n<meta property=\"og:availability\" content=\"instock\" \/>\n<meta property=\"product:availability\" content=\"instock\" \/>\n<meta property=\"product:retailer_item_id\" content=\"753950001923\" \/>\n<meta property=\"product:condition\" content=\"new\" \/>\n<!-- \/ Yoast SEO Premium plugin. -->","yoast_head_json":{"title":"Lut\u00e9ine avec FloraGLO, 20mg - 60 softgels - ECO Supplements","description":"Wij hebben een ruime keuze aan producten van Lut\u00e9ine avec FloraGLO, 20mg - 60 softgels . Winkel bij Eco Supplements altijd gratis verzending boven 100\u20ac","robots":{"index":"index","follow":"follow","max-snippet":"max-snippet:-1","max-image-preview":"max-image-preview:large","max-video-preview":"max-video-preview:-1"},"canonical":"https:\/\/ecosupplements.be\/fr\/produit\/luteine-avec-floraglo-20mg-60-softgels\/","og_locale":"fr_FR","og_type":"article","og_title":"Lut\u00e9ine avec FloraGLO, 20mg - 60 softgels","og_description":"Wij hebben een ruime keuze aan producten van Lut\u00e9ine avec FloraGLO, 20mg - 60 softgels . Winkel bij Eco Supplements altijd gratis verzending boven 100\u20ac","og_url":"https:\/\/ecosupplements.be\/fr\/produit\/luteine-avec-floraglo-20mg-60-softgels\/","og_site_name":"ECO Supplements","article_modified_time":"2025-08-27T09:36:05+00:00","og_image":[{"width":500,"height":500,"url":"https:\/\/ecosupplements.be\/wp-content\/uploads\/2025\/08\/Doctors-Best-Lutein-with-FloraGLO-60-softgels-2.jpeg","type":"image\/jpeg"}],"twitter_card":"summary_large_image","twitter_misc":{"Prix":"17.27&nbsp;&euro;","Disponibilit\u00e9":"En stock"},"schema":{"@context":"https:\/\/schema.org","@graph":[{"@type":["WebPage","ItemPage"],"@id":"https:\/\/ecosupplements.be\/fr\/produit\/luteine-avec-floraglo-20mg-60-softgels\/","url":"https:\/\/ecosupplements.be\/fr\/produit\/luteine-avec-floraglo-20mg-60-softgels\/","name":"Lut\u00e9ine avec FloraGLO, 20mg - 60 softgels - ECO Supplements","isPartOf":{"@id":"https:\/\/ecosupplements.be\/fr\/#website"},"primaryImageOfPage":{"@id":"https:\/\/ecosupplements.be\/fr\/produit\/luteine-avec-floraglo-20mg-60-softgels\/#primaryimage"},"image":{"@id":"https:\/\/ecosupplements.be\/fr\/produit\/luteine-avec-floraglo-20mg-60-softgels\/#primaryimage"},"thumbnailUrl":"https:\/\/ecosupplements.be\/wp-content\/uploads\/2025\/08\/Doctors-Best-Lutein-with-FloraGLO-60-softgels-2.jpeg","datePublished":"2022-06-28T09:08:33+00:00","dateModified":"2025-08-27T09:36:05+00:00","description":"Wij hebben een ruime keuze aan producten van Lut\u00e9ine avec FloraGLO, 20mg - 60 softgels . Winkel bij Eco Supplements altijd gratis verzending boven 100\u20ac","breadcrumb":{"@id":"https:\/\/ecosupplements.be\/fr\/produit\/luteine-avec-floraglo-20mg-60-softgels\/#breadcrumb"},"inLanguage":"fr-FR","potentialAction":[{"@type":"ReadAction","target":["https:\/\/ecosupplements.be\/fr\/produit\/luteine-avec-floraglo-20mg-60-softgels\/"]}]},{"@type":"ImageObject","inLanguage":"fr-FR","@id":"https:\/\/ecosupplements.be\/fr\/produit\/luteine-avec-floraglo-20mg-60-softgels\/#primaryimage","url":"https:\/\/ecosupplements.be\/wp-content\/uploads\/2025\/08\/Doctors-Best-Lutein-with-FloraGLO-60-softgels-2.jpeg","contentUrl":"https:\/\/ecosupplements.be\/wp-content\/uploads\/2025\/08\/Doctors-Best-Lutein-with-FloraGLO-60-softgels-2.jpeg","width":500,"height":500},{"@type":"BreadcrumbList","@id":"https:\/\/ecosupplements.be\/fr\/produit\/luteine-avec-floraglo-20mg-60-softgels\/#breadcrumb","itemListElement":[{"@type":"ListItem","position":1,"name":"Home","item":"https:\/\/ecosupplements.be\/fr\/"},{"@type":"ListItem","position":2,"name":"Boutique","item":"https:\/\/ecosupplements.be\/fr\/boutique\/"},{"@type":"ListItem","position":3,"name":"Lut\u00e9ine avec FloraGLO, 20mg &#8211; 60 softgels"}]},{"@type":"WebSite","@id":"https:\/\/ecosupplements.be\/fr\/#website","url":"https:\/\/ecosupplements.be\/fr\/","name":"ECO Supplements","description":"Eco Supplements - Gezonde supplementen","publisher":{"@id":"https:\/\/ecosupplements.be\/fr\/#organization"},"potentialAction":[{"@type":"SearchAction","target":{"@type":"EntryPoint","urlTemplate":"https:\/\/ecosupplements.be\/fr\/?s={search_term_string}"},"query-input":{"@type":"PropertyValueSpecification","valueRequired":true,"valueName":"search_term_string"}}],"inLanguage":"fr-FR"},{"@type":"Organization","@id":"https:\/\/ecosupplements.be\/fr\/#organization","name":"Eco Supplements","url":"https:\/\/ecosupplements.be\/fr\/","logo":{"@type":"ImageObject","inLanguage":"fr-FR","@id":"https:\/\/ecosupplements.be\/fr\/#\/schema\/logo\/image\/","url":"https:\/\/ecosupplements.be\/wp-content\/uploads\/2022\/06\/ecosupplement-family.png","contentUrl":"https:\/\/ecosupplements.be\/wp-content\/uploads\/2022\/06\/ecosupplement-family.png","width":593,"height":374,"caption":"Eco Supplements"},"image":{"@id":"https:\/\/ecosupplements.be\/fr\/#\/schema\/logo\/image\/"}}]},"product_brand":"Doctor's Best","product_price_amount":"17.27","product_price_currency":"EUR","og_availability":"instock","product_availability":"instock","product_retailer_item_id":"753950001923","product_condition":"new"},"_links":{"self":[{"href":"https:\/\/ecosupplements.be\/fr\/wp-json\/wp\/v2\/product\/280625","targetHints":{"allow":["GET"]}}],"collection":[{"href":"https:\/\/ecosupplements.be\/fr\/wp-json\/wp\/v2\/product"}],"about":[{"href":"https:\/\/ecosupplements.be\/fr\/wp-json\/wp\/v2\/types\/product"}],"replies":[{"embeddable":true,"href":"https:\/\/ecosupplements.be\/fr\/wp-json\/wp\/v2\/comments?post=280625"}],"wp:featuredmedia":[{"embeddable":true,"href":"https:\/\/ecosupplements.be\/fr\/wp-json\/wp\/v2\/media\/243330"}],"wp:attachment":[{"href":"https:\/\/ecosupplements.be\/fr\/wp-json\/wp\/v2\/media?parent=280625"}],"wp:term":[{"taxonomy":"product_brand","embeddable":true,"href":"https:\/\/ecosupplements.be\/fr\/wp-json\/wp\/v2\/product_brand?post=280625"},{"taxonomy":"product_cat","embeddable":true,"href":"https:\/\/ecosupplements.be\/fr\/wp-json\/wp\/v2\/product_cat?post=280625"},{"taxonomy":"product_tag","embeddable":true,"href":"https:\/\/ecosupplements.be\/fr\/wp-json\/wp\/v2\/product_tag?post=280625"}],"curies":[{"name":"wp","href":"https:\/\/api.w.org\/{rel}","templated":true}]}}