{"id":280627,"date":"2022-06-28T10:08:33","date_gmt":"2022-06-28T09:08:33","guid":{"rendered":"https:\/\/ecosupplements.be\/product\/luteine-avec-optilut-10mg-120-vcaps\/"},"modified":"2025-08-27T10:36:14","modified_gmt":"2025-08-27T09:36:14","slug":"luteine-avec-optilut-10mg-120-vcaps","status":"publish","type":"product","link":"https:\/\/ecosupplements.be\/fr\/produit\/luteine-avec-optilut-10mg-120-vcaps\/","title":{"rendered":"Lut\u00e9ine avec OptiLut, 10mg &#8211; 120 vcaps"},"content":{"rendered":"<h1 style=\"text-align: center;\">Doctor&#8217;s Best &#8211; Lut\u00e9ine avec OptiLut<\/h1>\n<p>Qu&#8217;est-ce que Doctor&#8217;s Best Lutein ?<br \/>Doctor&#8217;s Best Lutein maintient une fonction visuelle saine, soutient la densit\u00e9 du pigment maculaire et favorise l&#8217;acuit\u00e9 cognitive. OptiLut est un concentr\u00e9 de lut\u00e9ine naturelle 100% obtenu \u00e0 partir d&#8217;un extrait de souci (Tagetes erecta) par un processus de purification sans aucune transformation chimique. Il fournit une source naturelle hautement biodisponible d&#8217;esters de lut\u00e9ine et de z\u00e9axanthine. La lut\u00e9ine et la z\u00e9axanthine sont deux des principaux carot\u00e9no\u00efdes pr\u00e9sents chez l&#8217;homme, et sont fortement concentr\u00e9s dans la r\u00e9tine de l&#8217;\u0153il humain. La lut\u00e9ine est un des principaux carot\u00e9no\u00efdes pr\u00e9sents dans le sang humain, avec une forte concentration dans la r\u00e9tine de l&#8217;\u0153il humain. La lut\u00e9ine et la z\u00e9axanthine agissent toutes deux en synergie pour promouvoir la sant\u00e9 des yeux. La lut\u00e9ine et la z\u00e9axanthine sont \u00e9galement de puissants neutralisateurs de radicaux libres qui contribuent au spectre des d\u00e9fenses antioxydantes de l&#8217;organisme.<\/p>\n<p>Comment cela fonctionne-t-il ?<br \/>La plupart des effets b\u00e9n\u00e9fiques des xanthophylles, comme la lut\u00e9ine, sont attribu\u00e9s \u00e0 leur capacit\u00e9 \u00e0 \u00e9teindre les esp\u00e8ces r\u00e9actives de l&#8217;oxyg\u00e8ne et \u00e0 pi\u00e9ger d&#8217;autres substances radicalaires qui sont soit absorb\u00e9es dans l&#8217;environnement, soit g\u00e9n\u00e9r\u00e9es en interne par les processus m\u00e9taboliques naturels. L&#8217;activit\u00e9 de pi\u00e9geage des radicaux libres de la lut\u00e9ine est prouv\u00e9e par des \u00e9tudes sur ses effets sur les cellules \u00e9pith\u00e9liales du cristallin humain. Dans l&#8217;une de ces \u00e9tudes, des cultures cellulaires ont \u00e9t\u00e9 expos\u00e9es \u00e0 des rayons ultraviolets (UV) apr\u00e8s avoir \u00e9t\u00e9 pr\u00e9trait\u00e9es avec de la lut\u00e9ine ou de l&#8217;alpha-tocoph\u00e9rol. On a constat\u00e9 que les deux nutriments r\u00e9duisaient les dommages caus\u00e9s par les UV aux cellules \u00e9pith\u00e9liales du cristallin. Cependant, la lut\u00e9ine s&#8217;est av\u00e9r\u00e9e avoir une activit\u00e9 photoprotectrice nettement sup\u00e9rieure \u00e0 celle de l&#8217;alpha-tocoph\u00e9rol, ce qui d\u00e9montre son potentiel en tant qu&#8217;antioxydant puissant. La lut\u00e9ine s&#8217;est \u00e9galement av\u00e9r\u00e9e \u00eatre un filtre efficace de la &#8220;lumi\u00e8re bleue&#8221;, une autre source quotidienne de stress oxydatif sur les photor\u00e9cepteurs enrichis en acides gras polyinsatur\u00e9s de nos yeux.<\/p>\n<p>Pourquoi devrais-je prendre Doctor&#8217;s Best Lutein ?<br \/>La lut\u00e9ine, la z\u00e9axanthine et la cryptoxanthine sont des pigments jaunes appartenant \u00e0 une classe de carot\u00e9no\u00efdes appel\u00e9e xanthophylles. Comme le corps humain ne les synth\u00e9tise pas, nous d\u00e9pendons des sources alimentaires pour ces carot\u00e9no\u00efdes. L&#8217;Am\u00e9ricain moyen ne consomme que 2 mg de lut\u00e9ine et de z\u00e9axanthine par jour. Les meilleures sources de ces nutriments importants sont les feuilles vertes fonc\u00e9es comme les \u00e9pinards, le chou vert et le chou fris\u00e9, ainsi que certains fruits et l\u00e9gumes jaune-orange. La lut\u00e9ine, la z\u00e9axanthine et la m\u00e9so-z\u00e9axanthine sont appel\u00e9es &#8220;le pigment maculaire&#8221;, car ce sont les seuls carot\u00e9no\u00efdes pr\u00e9sents dans le cristallin et la r\u00e9gion maculaire de la r\u00e9tine de l&#8217;\u0153il humain. La lut\u00e9ine, la z\u00e9axanthine et la cryptoxanthine sont trois des carot\u00e9no\u00efdes les plus pr\u00e9sents dans notre sang et dans divers tissus corporels ; leurs niveaux sont largement d\u00e9termin\u00e9s par notre alimentation. Un suppl\u00e9ment de Doctor&#8217;s Best Lutein peut aider \u00e0 maintenir une fonction visuelle saine.<\/p>\n<div class=\"facts-container\">\n<\/div>\n<\/p>\n<div class=\"tag-container\"><img decoding=\"async\" src=\"https:\/\/ecosupplements.se\/wp-content\/uploads\/2022\/02\/gluten-free-1.png\" title=\"Sans gluten\" alt=\"Gluten free\"><img decoding=\"async\" src=\"https:\/\/ecosupplements.se\/wp-content\/uploads\/2022\/02\/non-gmo-1.png\" title=\"Non-OGM\" alt=\"Non-GMO\"><img decoding=\"async\" src=\"https:\/\/ecosupplements.se\/wp-content\/uploads\/2022\/02\/vegan-1.png\" title=\"Vegan\" alt=\"Vegan\"><img decoding=\"async\" src=\"https:\/\/ecosupplements.se\/wp-content\/uploads\/2022\/02\/vegetarian-1.png\" title=\"V\u00e9g\u00e9tarien\" alt=\"Vegetarian\">\n<\/div>\n","protected":false},"excerpt":{"rendered":"<p>Doctor&#8217;s Best &#8211; Lut\u00e9ine avec OptiLut Qu&#8217;est-ce que Doctor&#8217;s Best Lutein ?Doctor&#8217;s Best Lutein maintient une fonction visuelle saine, soutient la densit\u00e9 du pigment maculaire et favorise l&#8217;acuit\u00e9 cognitive. OptiLut est un concentr\u00e9 de lut\u00e9ine naturelle 100% obtenu \u00e0 partir d&#8217;un extrait de souci (Tagetes erecta) par un processus de purification sans aucune transformation chimique. [&#8230;]\n","protected":false},"featured_media":243342,"comment_status":"open","ping_status":"open","template":"","meta":[],"product_brand":[4674],"product_cat":[5054,5055,5052,5094,5053],"product_tag":[5069],"class_list":{"0":"post-280627","1":"product","2":"type-product","3":"status-publish","4":"has-post-thumbnail","6":"product_brand-doctors-best-2","7":"product_cat-nourriture-saine","8":"product_cat-produits-vegetaliens","9":"product_cat-sante-et-bien-etre","10":"product_cat-supplements-a-base-de-plantes","11":"product_cat-vitamines-et-mineraux","12":"product_tag-topeco-2","14":"first","15":"instock","16":"taxable","17":"shipping-taxable","18":"purchasable","19":"product-type-simple"},"yoast_head":"<!-- This site is optimized with the Yoast SEO Premium plugin v27.3 (Yoast SEO v27.3) - https:\/\/yoast.com\/product\/yoast-seo-premium-wordpress\/ -->\n<title>Lut\u00e9ine avec OptiLut, 10mg - 120 vcaps - ECO Supplements<\/title>\n<meta name=\"description\" content=\"Wij hebben een ruime keuze aan producten van Lut\u00e9ine avec OptiLut, 10mg - 120 vcaps . Winkel bij Eco Supplements altijd gratis verzending boven 100\u20ac\" \/>\n<meta name=\"robots\" content=\"index, follow, max-snippet:-1, max-image-preview:large, max-video-preview:-1\" \/>\n<link rel=\"canonical\" href=\"https:\/\/ecosupplements.be\/fr\/produit\/luteine-avec-optilut-10mg-120-vcaps\/\" \/>\n<meta property=\"og:locale\" content=\"fr_FR\" \/>\n<meta property=\"og:type\" content=\"article\" \/>\n<meta property=\"og:title\" content=\"Lut\u00e9ine avec OptiLut, 10mg - 120 vcaps\" \/>\n<meta property=\"og:description\" content=\"Wij hebben een ruime keuze aan producten van Lut\u00e9ine avec OptiLut, 10mg - 120 vcaps . Winkel bij Eco Supplements altijd gratis verzending boven 100\u20ac\" \/>\n<meta property=\"og:url\" content=\"https:\/\/ecosupplements.be\/fr\/produit\/luteine-avec-optilut-10mg-120-vcaps\/\" \/>\n<meta property=\"og:site_name\" content=\"ECO Supplements\" \/>\n<meta property=\"article:modified_time\" content=\"2025-08-27T09:36:14+00:00\" \/>\n<meta property=\"og:image\" content=\"https:\/\/ecosupplements.be\/wp-content\/uploads\/2025\/08\/Doctors-Best-Lutein-with-OptiLut-10mg-120-vcaps-2.jpeg\" \/>\n\t<meta property=\"og:image:width\" content=\"500\" \/>\n\t<meta property=\"og:image:height\" content=\"500\" \/>\n\t<meta property=\"og:image:type\" content=\"image\/jpeg\" \/>\n<meta name=\"twitter:card\" content=\"summary_large_image\" \/>\n<meta name=\"twitter:label1\" content=\"Prix\" \/>\n\t<meta name=\"twitter:data1\" content=\"24.01&nbsp;&euro;\" \/>\n\t<meta name=\"twitter:label2\" content=\"Disponibilit\u00e9\" \/>\n\t<meta name=\"twitter:data2\" content=\"En stock\" \/>\n<script type=\"application\/ld+json\" class=\"yoast-schema-graph\">{\"@context\":\"https:\\\/\\\/schema.org\",\"@graph\":[{\"@type\":[\"WebPage\",\"ItemPage\"],\"@id\":\"https:\\\/\\\/ecosupplements.be\\\/fr\\\/produit\\\/luteine-avec-optilut-10mg-120-vcaps\\\/\",\"url\":\"https:\\\/\\\/ecosupplements.be\\\/fr\\\/produit\\\/luteine-avec-optilut-10mg-120-vcaps\\\/\",\"name\":\"Lut\u00e9ine avec OptiLut, 10mg - 120 vcaps - ECO Supplements\",\"isPartOf\":{\"@id\":\"https:\\\/\\\/ecosupplements.be\\\/fr\\\/#website\"},\"primaryImageOfPage\":{\"@id\":\"https:\\\/\\\/ecosupplements.be\\\/fr\\\/produit\\\/luteine-avec-optilut-10mg-120-vcaps\\\/#primaryimage\"},\"image\":{\"@id\":\"https:\\\/\\\/ecosupplements.be\\\/fr\\\/produit\\\/luteine-avec-optilut-10mg-120-vcaps\\\/#primaryimage\"},\"thumbnailUrl\":\"https:\\\/\\\/ecosupplements.be\\\/wp-content\\\/uploads\\\/2025\\\/08\\\/Doctors-Best-Lutein-with-OptiLut-10mg-120-vcaps-2.jpeg\",\"datePublished\":\"2022-06-28T09:08:33+00:00\",\"dateModified\":\"2025-08-27T09:36:14+00:00\",\"description\":\"Wij hebben een ruime keuze aan producten van Lut\u00e9ine avec OptiLut, 10mg - 120 vcaps . Winkel bij Eco Supplements altijd gratis verzending boven 100\u20ac\",\"breadcrumb\":{\"@id\":\"https:\\\/\\\/ecosupplements.be\\\/fr\\\/produit\\\/luteine-avec-optilut-10mg-120-vcaps\\\/#breadcrumb\"},\"inLanguage\":\"fr-FR\",\"potentialAction\":[{\"@type\":\"ReadAction\",\"target\":[\"https:\\\/\\\/ecosupplements.be\\\/fr\\\/produit\\\/luteine-avec-optilut-10mg-120-vcaps\\\/\"]}]},{\"@type\":\"ImageObject\",\"inLanguage\":\"fr-FR\",\"@id\":\"https:\\\/\\\/ecosupplements.be\\\/fr\\\/produit\\\/luteine-avec-optilut-10mg-120-vcaps\\\/#primaryimage\",\"url\":\"https:\\\/\\\/ecosupplements.be\\\/wp-content\\\/uploads\\\/2025\\\/08\\\/Doctors-Best-Lutein-with-OptiLut-10mg-120-vcaps-2.jpeg\",\"contentUrl\":\"https:\\\/\\\/ecosupplements.be\\\/wp-content\\\/uploads\\\/2025\\\/08\\\/Doctors-Best-Lutein-with-OptiLut-10mg-120-vcaps-2.jpeg\",\"width\":500,\"height\":500},{\"@type\":\"BreadcrumbList\",\"@id\":\"https:\\\/\\\/ecosupplements.be\\\/fr\\\/produit\\\/luteine-avec-optilut-10mg-120-vcaps\\\/#breadcrumb\",\"itemListElement\":[{\"@type\":\"ListItem\",\"position\":1,\"name\":\"Home\",\"item\":\"https:\\\/\\\/ecosupplements.be\\\/fr\\\/\"},{\"@type\":\"ListItem\",\"position\":2,\"name\":\"Boutique\",\"item\":\"https:\\\/\\\/ecosupplements.be\\\/fr\\\/boutique\\\/\"},{\"@type\":\"ListItem\",\"position\":3,\"name\":\"Lut\u00e9ine avec OptiLut, 10mg &#8211; 120 vcaps\"}]},{\"@type\":\"WebSite\",\"@id\":\"https:\\\/\\\/ecosupplements.be\\\/fr\\\/#website\",\"url\":\"https:\\\/\\\/ecosupplements.be\\\/fr\\\/\",\"name\":\"ECO Supplements\",\"description\":\"Eco Supplements - Gezonde supplementen\",\"publisher\":{\"@id\":\"https:\\\/\\\/ecosupplements.be\\\/fr\\\/#organization\"},\"potentialAction\":[{\"@type\":\"SearchAction\",\"target\":{\"@type\":\"EntryPoint\",\"urlTemplate\":\"https:\\\/\\\/ecosupplements.be\\\/fr\\\/?s={search_term_string}\"},\"query-input\":{\"@type\":\"PropertyValueSpecification\",\"valueRequired\":true,\"valueName\":\"search_term_string\"}}],\"inLanguage\":\"fr-FR\"},{\"@type\":\"Organization\",\"@id\":\"https:\\\/\\\/ecosupplements.be\\\/fr\\\/#organization\",\"name\":\"Eco Supplements\",\"url\":\"https:\\\/\\\/ecosupplements.be\\\/fr\\\/\",\"logo\":{\"@type\":\"ImageObject\",\"inLanguage\":\"fr-FR\",\"@id\":\"https:\\\/\\\/ecosupplements.be\\\/fr\\\/#\\\/schema\\\/logo\\\/image\\\/\",\"url\":\"https:\\\/\\\/ecosupplements.be\\\/wp-content\\\/uploads\\\/2022\\\/06\\\/ecosupplement-family.png\",\"contentUrl\":\"https:\\\/\\\/ecosupplements.be\\\/wp-content\\\/uploads\\\/2022\\\/06\\\/ecosupplement-family.png\",\"width\":593,\"height\":374,\"caption\":\"Eco Supplements\"},\"image\":{\"@id\":\"https:\\\/\\\/ecosupplements.be\\\/fr\\\/#\\\/schema\\\/logo\\\/image\\\/\"}}]}<\/script>\n<meta property=\"product:brand\" content=\"Doctor&#039;s Best\" \/>\n<meta property=\"product:price:amount\" content=\"24.01\" \/>\n<meta property=\"product:price:currency\" content=\"EUR\" \/>\n<meta property=\"og:availability\" content=\"instock\" \/>\n<meta property=\"product:availability\" content=\"instock\" \/>\n<meta property=\"product:retailer_item_id\" content=\"753950001435\" \/>\n<meta property=\"product:condition\" content=\"new\" \/>\n<!-- \/ Yoast SEO Premium plugin. -->","yoast_head_json":{"title":"Lut\u00e9ine avec OptiLut, 10mg - 120 vcaps - ECO Supplements","description":"Wij hebben een ruime keuze aan producten van Lut\u00e9ine avec OptiLut, 10mg - 120 vcaps . Winkel bij Eco Supplements altijd gratis verzending boven 100\u20ac","robots":{"index":"index","follow":"follow","max-snippet":"max-snippet:-1","max-image-preview":"max-image-preview:large","max-video-preview":"max-video-preview:-1"},"canonical":"https:\/\/ecosupplements.be\/fr\/produit\/luteine-avec-optilut-10mg-120-vcaps\/","og_locale":"fr_FR","og_type":"article","og_title":"Lut\u00e9ine avec OptiLut, 10mg - 120 vcaps","og_description":"Wij hebben een ruime keuze aan producten van Lut\u00e9ine avec OptiLut, 10mg - 120 vcaps . Winkel bij Eco Supplements altijd gratis verzending boven 100\u20ac","og_url":"https:\/\/ecosupplements.be\/fr\/produit\/luteine-avec-optilut-10mg-120-vcaps\/","og_site_name":"ECO Supplements","article_modified_time":"2025-08-27T09:36:14+00:00","og_image":[{"width":500,"height":500,"url":"https:\/\/ecosupplements.be\/wp-content\/uploads\/2025\/08\/Doctors-Best-Lutein-with-OptiLut-10mg-120-vcaps-2.jpeg","type":"image\/jpeg"}],"twitter_card":"summary_large_image","twitter_misc":{"Prix":"24.01&nbsp;&euro;","Disponibilit\u00e9":"En stock"},"schema":{"@context":"https:\/\/schema.org","@graph":[{"@type":["WebPage","ItemPage"],"@id":"https:\/\/ecosupplements.be\/fr\/produit\/luteine-avec-optilut-10mg-120-vcaps\/","url":"https:\/\/ecosupplements.be\/fr\/produit\/luteine-avec-optilut-10mg-120-vcaps\/","name":"Lut\u00e9ine avec OptiLut, 10mg - 120 vcaps - ECO Supplements","isPartOf":{"@id":"https:\/\/ecosupplements.be\/fr\/#website"},"primaryImageOfPage":{"@id":"https:\/\/ecosupplements.be\/fr\/produit\/luteine-avec-optilut-10mg-120-vcaps\/#primaryimage"},"image":{"@id":"https:\/\/ecosupplements.be\/fr\/produit\/luteine-avec-optilut-10mg-120-vcaps\/#primaryimage"},"thumbnailUrl":"https:\/\/ecosupplements.be\/wp-content\/uploads\/2025\/08\/Doctors-Best-Lutein-with-OptiLut-10mg-120-vcaps-2.jpeg","datePublished":"2022-06-28T09:08:33+00:00","dateModified":"2025-08-27T09:36:14+00:00","description":"Wij hebben een ruime keuze aan producten van Lut\u00e9ine avec OptiLut, 10mg - 120 vcaps . Winkel bij Eco Supplements altijd gratis verzending boven 100\u20ac","breadcrumb":{"@id":"https:\/\/ecosupplements.be\/fr\/produit\/luteine-avec-optilut-10mg-120-vcaps\/#breadcrumb"},"inLanguage":"fr-FR","potentialAction":[{"@type":"ReadAction","target":["https:\/\/ecosupplements.be\/fr\/produit\/luteine-avec-optilut-10mg-120-vcaps\/"]}]},{"@type":"ImageObject","inLanguage":"fr-FR","@id":"https:\/\/ecosupplements.be\/fr\/produit\/luteine-avec-optilut-10mg-120-vcaps\/#primaryimage","url":"https:\/\/ecosupplements.be\/wp-content\/uploads\/2025\/08\/Doctors-Best-Lutein-with-OptiLut-10mg-120-vcaps-2.jpeg","contentUrl":"https:\/\/ecosupplements.be\/wp-content\/uploads\/2025\/08\/Doctors-Best-Lutein-with-OptiLut-10mg-120-vcaps-2.jpeg","width":500,"height":500},{"@type":"BreadcrumbList","@id":"https:\/\/ecosupplements.be\/fr\/produit\/luteine-avec-optilut-10mg-120-vcaps\/#breadcrumb","itemListElement":[{"@type":"ListItem","position":1,"name":"Home","item":"https:\/\/ecosupplements.be\/fr\/"},{"@type":"ListItem","position":2,"name":"Boutique","item":"https:\/\/ecosupplements.be\/fr\/boutique\/"},{"@type":"ListItem","position":3,"name":"Lut\u00e9ine avec OptiLut, 10mg &#8211; 120 vcaps"}]},{"@type":"WebSite","@id":"https:\/\/ecosupplements.be\/fr\/#website","url":"https:\/\/ecosupplements.be\/fr\/","name":"ECO Supplements","description":"Eco Supplements - Gezonde supplementen","publisher":{"@id":"https:\/\/ecosupplements.be\/fr\/#organization"},"potentialAction":[{"@type":"SearchAction","target":{"@type":"EntryPoint","urlTemplate":"https:\/\/ecosupplements.be\/fr\/?s={search_term_string}"},"query-input":{"@type":"PropertyValueSpecification","valueRequired":true,"valueName":"search_term_string"}}],"inLanguage":"fr-FR"},{"@type":"Organization","@id":"https:\/\/ecosupplements.be\/fr\/#organization","name":"Eco Supplements","url":"https:\/\/ecosupplements.be\/fr\/","logo":{"@type":"ImageObject","inLanguage":"fr-FR","@id":"https:\/\/ecosupplements.be\/fr\/#\/schema\/logo\/image\/","url":"https:\/\/ecosupplements.be\/wp-content\/uploads\/2022\/06\/ecosupplement-family.png","contentUrl":"https:\/\/ecosupplements.be\/wp-content\/uploads\/2022\/06\/ecosupplement-family.png","width":593,"height":374,"caption":"Eco Supplements"},"image":{"@id":"https:\/\/ecosupplements.be\/fr\/#\/schema\/logo\/image\/"}}]},"product_brand":"Doctor's Best","product_price_amount":"24.01","product_price_currency":"EUR","og_availability":"instock","product_availability":"instock","product_retailer_item_id":"753950001435","product_condition":"new"},"_links":{"self":[{"href":"https:\/\/ecosupplements.be\/fr\/wp-json\/wp\/v2\/product\/280627","targetHints":{"allow":["GET"]}}],"collection":[{"href":"https:\/\/ecosupplements.be\/fr\/wp-json\/wp\/v2\/product"}],"about":[{"href":"https:\/\/ecosupplements.be\/fr\/wp-json\/wp\/v2\/types\/product"}],"replies":[{"embeddable":true,"href":"https:\/\/ecosupplements.be\/fr\/wp-json\/wp\/v2\/comments?post=280627"}],"wp:featuredmedia":[{"embeddable":true,"href":"https:\/\/ecosupplements.be\/fr\/wp-json\/wp\/v2\/media\/243342"}],"wp:attachment":[{"href":"https:\/\/ecosupplements.be\/fr\/wp-json\/wp\/v2\/media?parent=280627"}],"wp:term":[{"taxonomy":"product_brand","embeddable":true,"href":"https:\/\/ecosupplements.be\/fr\/wp-json\/wp\/v2\/product_brand?post=280627"},{"taxonomy":"product_cat","embeddable":true,"href":"https:\/\/ecosupplements.be\/fr\/wp-json\/wp\/v2\/product_cat?post=280627"},{"taxonomy":"product_tag","embeddable":true,"href":"https:\/\/ecosupplements.be\/fr\/wp-json\/wp\/v2\/product_tag?post=280627"}],"curies":[{"name":"wp","href":"https:\/\/api.w.org\/{rel}","templated":true}]}}