{"id":280628,"date":"2022-06-28T10:08:33","date_gmt":"2022-06-28T09:08:33","guid":{"rendered":"https:\/\/ecosupplements.be\/product\/spectre-de-la-menopause-avec-estrog-100-30-vcaps\/"},"modified":"2025-08-27T10:36:20","modified_gmt":"2025-08-27T09:36:20","slug":"spectre-de-la-menopause-avec-estrog-100-30-vcaps","status":"publish","type":"product","link":"https:\/\/ecosupplements.be\/fr\/produit\/spectre-de-la-menopause-avec-estrog-100-30-vcaps\/","title":{"rendered":"Spectre de la m\u00e9nopause avec EstroG-100 &#8211; 30 vcaps"},"content":{"rendered":"<h1 style=\"text-align: center;\">Doctor&#8217;s Best &#8211; Spectre de la m\u00e9nopause avec EstroG-100<\/h1>\n<p>Qu&#8217;est-ce que Doctor&#8217;s Best Menopause Spectrum avec EstroG-100 ?<br \/>\nDoctor&#8217;s Best Menopause Spectrum avec EstroG-100 est compos\u00e9 d&#8217;un m\u00e9lange brevet\u00e9 de trois extraits de plantes qui soulagent les sympt\u00f4mes de la m\u00e9nopause. Il est cliniquement prouv\u00e9 qu&#8217;EstroG-100 soulage les bouff\u00e9es de chaleur, aide \u00e0 g\u00e9rer les sautes d&#8217;humeur et d&#8217;\u00e9nergie, aide \u00e0 att\u00e9nuer les sueurs nocturnes et favorise un sommeil r\u00e9parateur, et am\u00e9liore la s\u00e9cheresse vaginale. Les \u00e9tudes cliniques montrent qu&#8217;EstroG-100 n&#8217;a aucun effet \u0153strog\u00e9nique et, contrairement \u00e0 l&#8217;hormonoth\u00e9rapie substitutive, il n&#8217;affecte pas le poids ou l&#8217;indice de masse corporelle. Il comporte un m\u00e9lange brevet\u00e9 de trois extraits de plantes qui, ensemble, se sont av\u00e9r\u00e9s aider de mani\u00e8re significative et s\u00fbre \u00e0 soulager les sympt\u00f4mes de la m\u00e9nopause. Cynanchum wilfordii contient de la gagaminine, un compos\u00e9 qui pr\u00e9sente une puissante activit\u00e9 antioxydante in vitro. Phlomis umbrosa est utilis\u00e9 pour la d\u00e9toxification. Angelica gigas Nakai, \u00e9galement connu sous le nom de &#8220;ginseng f\u00e9minin&#8221;, est utilis\u00e9 pour promouvoir la sant\u00e9 circulatoire.<br \/>\nComment cela fonctionne-t-il ?<br \/>\nEstroG-100 a \u00e9t\u00e9 test\u00e9 sur des femmes am\u00e9ricaines pr\u00e9, p\u00e9ri et post-m\u00e9nopaus\u00e9es dans le cadre d&#8217;un essai randomis\u00e9, en double aveugle, contr\u00f4l\u00e9 par placebo. Pour \u00eatre \u00e9ligibles \u00e0 l&#8217;\u00e9tude, les femmes devaient pr\u00e9senter des d\u00e9sagr\u00e9ments m\u00e9nopausiques mod\u00e9r\u00e9s ou s\u00e9v\u00e8res tels qu&#8217;identifi\u00e9s par l&#8217;indice m\u00e9nopausique de Kupperman (KMI), un questionnaire qui \u00e9value un certain nombre de param\u00e8tres m\u00e9nopausiques, notamment les bouff\u00e9es de chaleur\/sudation froide, la paresth\u00e9sie (engourdissement et picotement), les troubles du sommeil, la nervosit\u00e9, la m\u00e9lancolie (tristesse ou morosit\u00e9), les vertiges (\u00e9tourdissements), la fatigue\/faiblesse occasionnelle, les palpitations (battements du c\u0153ur), les formications (sensation de rampement de la peau) et les inconforts musculaires ou articulaires. Un questionnaire s\u00e9par\u00e9 a permis d&#8217;\u00e9valuer l&#8217;\u00e9volution de la s\u00e9cheresse vaginale.<br \/>\nLes r\u00e9sultats de l&#8217;\u00e9tude ont d\u00e9montr\u00e9 une am\u00e9lioration significative. Le score KMI moyen \u00e9tait significativement plus bas dans le groupe EstroG-100. Les scores KMI individuels qui se sont am\u00e9lior\u00e9s (par rapport au groupe de contr\u00f4le) comprenaient les bouff\u00e9es de chaleur\/les sueurs froides, la paresth\u00e9sie, les interf\u00e9rences du sommeil, la nervosit\u00e9, la m\u00e9lancolie, le vertige, la fatigue\/faiblesse occasionnelle et la g\u00eane musculaire ou articulaire. La s\u00e9cheresse vaginale a \u00e9galement \u00e9t\u00e9 am\u00e9lior\u00e9e.<br \/>\nLe groupe EstroG-100 n&#8217;a pr\u00e9sent\u00e9 aucun effet ind\u00e9sirable majeur. Fait important, ce groupe n&#8217;a montr\u00e9 aucune augmentation des niveaux d&#8217;\u0153strog\u00e8ne ou d&#8217;hormone folliculo-stimulante. Les chercheurs ont attribu\u00e9 ces avantages \u00e0 la bioactivit\u00e9 diversifi\u00e9e des compos\u00e9s non \u0153strog\u00e9niques des trois plantes qui composent EstroG-100.<br \/>\nPourquoi devrais-je prendre Doctor&#8217;s Best Menopause Spectrum avec EstroG-100 ?<br \/>\nDeux tiers des femmes \u00e9prouvent des sentiments inconfortables avant, pendant ou apr\u00e8s la m\u00e9nopause. Les sympt\u00f4mes courants comprennent la perturbation du sommeil, la tension nerveuse, la tristesse, la fatigue occasionnelle, les bouff\u00e9es de chaleur et les sueurs froides. EstroG-100 a \u00e9t\u00e9 cliniquement prouv\u00e9 pour aider \u00e0 soulager 10 diff\u00e9rents sympt\u00f4mes d&#8217;inconfort de la m\u00e9nopause et commence \u00e0 agir dans les 7 \u00e0 10 jours. Et EstroG-100 a un profil de s\u00e9curit\u00e9 \u00e9prouv\u00e9. Vous pouvez donc faire confiance \u00e0 Doctor&#8217;s Best Menopause Support avec EstroG-100 pour aider \u00e0 soulager vos sympt\u00f4mes rapidement et en toute s\u00e9curit\u00e9.<\/p>\n<p><img decoding=\"async\" src=\"https:\/\/ecosupplements.be\/wp-content\/uploads\/2025\/08\/gluten-free-1.png\" title=\"Sans gluten\" alt=\"Gluten free\"><img decoding=\"async\" src=\"https:\/\/ecosupplements.be\/wp-content\/uploads\/2025\/08\/non-gmo-1.png\" title=\"Non-OGM\" alt=\"Non-GMO\"><img decoding=\"async\" src=\"https:\/\/ecosupplements.be\/wp-content\/uploads\/2025\/08\/vegan-1.png\" title=\"Vegan\" alt=\"Vegan\"><\/p>\n","protected":false},"excerpt":{"rendered":"<p>Doctor&#8217;s Best &#8211; Spectre de la m\u00e9nopause avec EstroG-100 Qu&#8217;est-ce que Doctor&#8217;s Best Menopause Spectrum avec EstroG-100 ? Doctor&#8217;s Best Menopause Spectrum avec EstroG-100 est compos\u00e9 d&#8217;un m\u00e9lange brevet\u00e9 de trois extraits de plantes qui soulagent les sympt\u00f4mes de la m\u00e9nopause. Il est cliniquement prouv\u00e9 qu&#8217;EstroG-100 soulage les bouff\u00e9es de chaleur, aide \u00e0 g\u00e9rer les [&#8230;]\n","protected":false},"featured_media":243349,"comment_status":"open","ping_status":"open","template":"","meta":[],"product_brand":[4674],"product_cat":[5089,5054,5055,5113,5053],"product_tag":[5069],"class_list":{"0":"post-280628","1":"product","2":"type-product","3":"status-publish","4":"has-post-thumbnail","6":"product_brand-doctors-best-2","7":"product_cat-complements-alimentaires-pour-femmes","8":"product_cat-nourriture-saine","9":"product_cat-produits-vegetaliens","10":"product_cat-supplements-pour-les-femmes","11":"product_cat-vitamines-et-mineraux","12":"product_tag-topeco-2","14":"first","15":"instock","16":"taxable","17":"shipping-taxable","18":"purchasable","19":"product-type-simple"},"yoast_head":"<!-- This site is optimized with the Yoast SEO Premium plugin v27.3 (Yoast SEO v27.3) - https:\/\/yoast.com\/product\/yoast-seo-premium-wordpress\/ -->\n<title>Spectre de la m\u00e9nopause avec EstroG-100 - 30 vcaps - ECO Supplements<\/title>\n<meta name=\"description\" content=\"Wij hebben een ruime keuze aan producten van Spectre de la m\u00e9nopause avec EstroG-100 - 30 vcaps . Winkel bij Eco Supplements altijd gratis verzending boven 100\u20ac\" \/>\n<meta name=\"robots\" content=\"index, follow, max-snippet:-1, max-image-preview:large, max-video-preview:-1\" \/>\n<link rel=\"canonical\" href=\"https:\/\/ecosupplements.be\/fr\/produit\/spectre-de-la-menopause-avec-estrog-100-30-vcaps\/\" \/>\n<meta property=\"og:locale\" content=\"fr_FR\" \/>\n<meta property=\"og:type\" content=\"article\" \/>\n<meta property=\"og:title\" content=\"Spectre de la m\u00e9nopause avec EstroG-100 - 30 vcaps\" \/>\n<meta property=\"og:description\" content=\"Wij hebben een ruime keuze aan producten van Spectre de la m\u00e9nopause avec EstroG-100 - 30 vcaps . Winkel bij Eco Supplements altijd gratis verzending boven 100\u20ac\" \/>\n<meta property=\"og:url\" content=\"https:\/\/ecosupplements.be\/fr\/produit\/spectre-de-la-menopause-avec-estrog-100-30-vcaps\/\" \/>\n<meta property=\"og:site_name\" content=\"ECO Supplements\" \/>\n<meta property=\"article:modified_time\" content=\"2025-08-27T09:36:20+00:00\" \/>\n<meta property=\"og:image\" content=\"https:\/\/ecosupplements.be\/wp-content\/uploads\/2025\/08\/Doctors-Best-Menopause-Spectrum-with-EstroG-100-30-vcaps-1.jpg\" \/>\n\t<meta property=\"og:image:width\" content=\"750\" \/>\n\t<meta property=\"og:image:height\" content=\"750\" \/>\n\t<meta property=\"og:image:type\" content=\"image\/jpeg\" \/>\n<meta name=\"twitter:card\" content=\"summary_large_image\" \/>\n<meta name=\"twitter:label1\" content=\"Prix\" \/>\n\t<meta name=\"twitter:data1\" content=\"34.05&nbsp;&euro;\" \/>\n\t<meta name=\"twitter:label2\" content=\"Disponibilit\u00e9\" \/>\n\t<meta name=\"twitter:data2\" content=\"En stock\" \/>\n<script type=\"application\/ld+json\" class=\"yoast-schema-graph\">{\"@context\":\"https:\\\/\\\/schema.org\",\"@graph\":[{\"@type\":[\"WebPage\",\"ItemPage\"],\"@id\":\"https:\\\/\\\/ecosupplements.be\\\/fr\\\/produit\\\/spectre-de-la-menopause-avec-estrog-100-30-vcaps\\\/\",\"url\":\"https:\\\/\\\/ecosupplements.be\\\/fr\\\/produit\\\/spectre-de-la-menopause-avec-estrog-100-30-vcaps\\\/\",\"name\":\"Spectre de la m\u00e9nopause avec EstroG-100 - 30 vcaps - ECO Supplements\",\"isPartOf\":{\"@id\":\"https:\\\/\\\/ecosupplements.be\\\/fr\\\/#website\"},\"primaryImageOfPage\":{\"@id\":\"https:\\\/\\\/ecosupplements.be\\\/fr\\\/produit\\\/spectre-de-la-menopause-avec-estrog-100-30-vcaps\\\/#primaryimage\"},\"image\":{\"@id\":\"https:\\\/\\\/ecosupplements.be\\\/fr\\\/produit\\\/spectre-de-la-menopause-avec-estrog-100-30-vcaps\\\/#primaryimage\"},\"thumbnailUrl\":\"https:\\\/\\\/ecosupplements.be\\\/wp-content\\\/uploads\\\/2025\\\/08\\\/Doctors-Best-Menopause-Spectrum-with-EstroG-100-30-vcaps-1.jpg\",\"datePublished\":\"2022-06-28T09:08:33+00:00\",\"dateModified\":\"2025-08-27T09:36:20+00:00\",\"description\":\"Wij hebben een ruime keuze aan producten van Spectre de la m\u00e9nopause avec EstroG-100 - 30 vcaps . Winkel bij Eco Supplements altijd gratis verzending boven 100\u20ac\",\"breadcrumb\":{\"@id\":\"https:\\\/\\\/ecosupplements.be\\\/fr\\\/produit\\\/spectre-de-la-menopause-avec-estrog-100-30-vcaps\\\/#breadcrumb\"},\"inLanguage\":\"fr-FR\",\"potentialAction\":[{\"@type\":\"ReadAction\",\"target\":[\"https:\\\/\\\/ecosupplements.be\\\/fr\\\/produit\\\/spectre-de-la-menopause-avec-estrog-100-30-vcaps\\\/\"]}]},{\"@type\":\"ImageObject\",\"inLanguage\":\"fr-FR\",\"@id\":\"https:\\\/\\\/ecosupplements.be\\\/fr\\\/produit\\\/spectre-de-la-menopause-avec-estrog-100-30-vcaps\\\/#primaryimage\",\"url\":\"https:\\\/\\\/ecosupplements.be\\\/wp-content\\\/uploads\\\/2025\\\/08\\\/Doctors-Best-Menopause-Spectrum-with-EstroG-100-30-vcaps-1.jpg\",\"contentUrl\":\"https:\\\/\\\/ecosupplements.be\\\/wp-content\\\/uploads\\\/2025\\\/08\\\/Doctors-Best-Menopause-Spectrum-with-EstroG-100-30-vcaps-1.jpg\",\"width\":750,\"height\":750},{\"@type\":\"BreadcrumbList\",\"@id\":\"https:\\\/\\\/ecosupplements.be\\\/fr\\\/produit\\\/spectre-de-la-menopause-avec-estrog-100-30-vcaps\\\/#breadcrumb\",\"itemListElement\":[{\"@type\":\"ListItem\",\"position\":1,\"name\":\"Home\",\"item\":\"https:\\\/\\\/ecosupplements.be\\\/fr\\\/\"},{\"@type\":\"ListItem\",\"position\":2,\"name\":\"Boutique\",\"item\":\"https:\\\/\\\/ecosupplements.be\\\/fr\\\/boutique\\\/\"},{\"@type\":\"ListItem\",\"position\":3,\"name\":\"Spectre de la m\u00e9nopause avec EstroG-100 &#8211; 30 vcaps\"}]},{\"@type\":\"WebSite\",\"@id\":\"https:\\\/\\\/ecosupplements.be\\\/fr\\\/#website\",\"url\":\"https:\\\/\\\/ecosupplements.be\\\/fr\\\/\",\"name\":\"ECO Supplements\",\"description\":\"Eco Supplements - Gezonde supplementen\",\"publisher\":{\"@id\":\"https:\\\/\\\/ecosupplements.be\\\/fr\\\/#organization\"},\"potentialAction\":[{\"@type\":\"SearchAction\",\"target\":{\"@type\":\"EntryPoint\",\"urlTemplate\":\"https:\\\/\\\/ecosupplements.be\\\/fr\\\/?s={search_term_string}\"},\"query-input\":{\"@type\":\"PropertyValueSpecification\",\"valueRequired\":true,\"valueName\":\"search_term_string\"}}],\"inLanguage\":\"fr-FR\"},{\"@type\":\"Organization\",\"@id\":\"https:\\\/\\\/ecosupplements.be\\\/fr\\\/#organization\",\"name\":\"Eco Supplements\",\"url\":\"https:\\\/\\\/ecosupplements.be\\\/fr\\\/\",\"logo\":{\"@type\":\"ImageObject\",\"inLanguage\":\"fr-FR\",\"@id\":\"https:\\\/\\\/ecosupplements.be\\\/fr\\\/#\\\/schema\\\/logo\\\/image\\\/\",\"url\":\"https:\\\/\\\/ecosupplements.be\\\/wp-content\\\/uploads\\\/2022\\\/06\\\/ecosupplement-family.png\",\"contentUrl\":\"https:\\\/\\\/ecosupplements.be\\\/wp-content\\\/uploads\\\/2022\\\/06\\\/ecosupplement-family.png\",\"width\":593,\"height\":374,\"caption\":\"Eco Supplements\"},\"image\":{\"@id\":\"https:\\\/\\\/ecosupplements.be\\\/fr\\\/#\\\/schema\\\/logo\\\/image\\\/\"}}]}<\/script>\n<meta property=\"product:brand\" content=\"Doctor&#039;s Best\" \/>\n<meta property=\"product:price:amount\" content=\"34.05\" \/>\n<meta property=\"product:price:currency\" content=\"EUR\" \/>\n<meta property=\"og:availability\" content=\"instock\" \/>\n<meta property=\"product:availability\" content=\"instock\" \/>\n<meta property=\"product:retailer_item_id\" content=\"753950002975\" \/>\n<meta property=\"product:condition\" content=\"new\" \/>\n<!-- \/ Yoast SEO Premium plugin. -->","yoast_head_json":{"title":"Spectre de la m\u00e9nopause avec EstroG-100 - 30 vcaps - ECO Supplements","description":"Wij hebben een ruime keuze aan producten van Spectre de la m\u00e9nopause avec EstroG-100 - 30 vcaps . Winkel bij Eco Supplements altijd gratis verzending boven 100\u20ac","robots":{"index":"index","follow":"follow","max-snippet":"max-snippet:-1","max-image-preview":"max-image-preview:large","max-video-preview":"max-video-preview:-1"},"canonical":"https:\/\/ecosupplements.be\/fr\/produit\/spectre-de-la-menopause-avec-estrog-100-30-vcaps\/","og_locale":"fr_FR","og_type":"article","og_title":"Spectre de la m\u00e9nopause avec EstroG-100 - 30 vcaps","og_description":"Wij hebben een ruime keuze aan producten van Spectre de la m\u00e9nopause avec EstroG-100 - 30 vcaps . Winkel bij Eco Supplements altijd gratis verzending boven 100\u20ac","og_url":"https:\/\/ecosupplements.be\/fr\/produit\/spectre-de-la-menopause-avec-estrog-100-30-vcaps\/","og_site_name":"ECO Supplements","article_modified_time":"2025-08-27T09:36:20+00:00","og_image":[{"width":750,"height":750,"url":"https:\/\/ecosupplements.be\/wp-content\/uploads\/2025\/08\/Doctors-Best-Menopause-Spectrum-with-EstroG-100-30-vcaps-1.jpg","type":"image\/jpeg"}],"twitter_card":"summary_large_image","twitter_misc":{"Prix":"34.05&nbsp;&euro;","Disponibilit\u00e9":"En stock"},"schema":{"@context":"https:\/\/schema.org","@graph":[{"@type":["WebPage","ItemPage"],"@id":"https:\/\/ecosupplements.be\/fr\/produit\/spectre-de-la-menopause-avec-estrog-100-30-vcaps\/","url":"https:\/\/ecosupplements.be\/fr\/produit\/spectre-de-la-menopause-avec-estrog-100-30-vcaps\/","name":"Spectre de la m\u00e9nopause avec EstroG-100 - 30 vcaps - ECO Supplements","isPartOf":{"@id":"https:\/\/ecosupplements.be\/fr\/#website"},"primaryImageOfPage":{"@id":"https:\/\/ecosupplements.be\/fr\/produit\/spectre-de-la-menopause-avec-estrog-100-30-vcaps\/#primaryimage"},"image":{"@id":"https:\/\/ecosupplements.be\/fr\/produit\/spectre-de-la-menopause-avec-estrog-100-30-vcaps\/#primaryimage"},"thumbnailUrl":"https:\/\/ecosupplements.be\/wp-content\/uploads\/2025\/08\/Doctors-Best-Menopause-Spectrum-with-EstroG-100-30-vcaps-1.jpg","datePublished":"2022-06-28T09:08:33+00:00","dateModified":"2025-08-27T09:36:20+00:00","description":"Wij hebben een ruime keuze aan producten van Spectre de la m\u00e9nopause avec EstroG-100 - 30 vcaps . Winkel bij Eco Supplements altijd gratis verzending boven 100\u20ac","breadcrumb":{"@id":"https:\/\/ecosupplements.be\/fr\/produit\/spectre-de-la-menopause-avec-estrog-100-30-vcaps\/#breadcrumb"},"inLanguage":"fr-FR","potentialAction":[{"@type":"ReadAction","target":["https:\/\/ecosupplements.be\/fr\/produit\/spectre-de-la-menopause-avec-estrog-100-30-vcaps\/"]}]},{"@type":"ImageObject","inLanguage":"fr-FR","@id":"https:\/\/ecosupplements.be\/fr\/produit\/spectre-de-la-menopause-avec-estrog-100-30-vcaps\/#primaryimage","url":"https:\/\/ecosupplements.be\/wp-content\/uploads\/2025\/08\/Doctors-Best-Menopause-Spectrum-with-EstroG-100-30-vcaps-1.jpg","contentUrl":"https:\/\/ecosupplements.be\/wp-content\/uploads\/2025\/08\/Doctors-Best-Menopause-Spectrum-with-EstroG-100-30-vcaps-1.jpg","width":750,"height":750},{"@type":"BreadcrumbList","@id":"https:\/\/ecosupplements.be\/fr\/produit\/spectre-de-la-menopause-avec-estrog-100-30-vcaps\/#breadcrumb","itemListElement":[{"@type":"ListItem","position":1,"name":"Home","item":"https:\/\/ecosupplements.be\/fr\/"},{"@type":"ListItem","position":2,"name":"Boutique","item":"https:\/\/ecosupplements.be\/fr\/boutique\/"},{"@type":"ListItem","position":3,"name":"Spectre de la m\u00e9nopause avec EstroG-100 &#8211; 30 vcaps"}]},{"@type":"WebSite","@id":"https:\/\/ecosupplements.be\/fr\/#website","url":"https:\/\/ecosupplements.be\/fr\/","name":"ECO Supplements","description":"Eco Supplements - Gezonde supplementen","publisher":{"@id":"https:\/\/ecosupplements.be\/fr\/#organization"},"potentialAction":[{"@type":"SearchAction","target":{"@type":"EntryPoint","urlTemplate":"https:\/\/ecosupplements.be\/fr\/?s={search_term_string}"},"query-input":{"@type":"PropertyValueSpecification","valueRequired":true,"valueName":"search_term_string"}}],"inLanguage":"fr-FR"},{"@type":"Organization","@id":"https:\/\/ecosupplements.be\/fr\/#organization","name":"Eco Supplements","url":"https:\/\/ecosupplements.be\/fr\/","logo":{"@type":"ImageObject","inLanguage":"fr-FR","@id":"https:\/\/ecosupplements.be\/fr\/#\/schema\/logo\/image\/","url":"https:\/\/ecosupplements.be\/wp-content\/uploads\/2022\/06\/ecosupplement-family.png","contentUrl":"https:\/\/ecosupplements.be\/wp-content\/uploads\/2022\/06\/ecosupplement-family.png","width":593,"height":374,"caption":"Eco Supplements"},"image":{"@id":"https:\/\/ecosupplements.be\/fr\/#\/schema\/logo\/image\/"}}]},"product_brand":"Doctor's Best","product_price_amount":"34.05","product_price_currency":"EUR","og_availability":"instock","product_availability":"instock","product_retailer_item_id":"753950002975","product_condition":"new"},"_links":{"self":[{"href":"https:\/\/ecosupplements.be\/fr\/wp-json\/wp\/v2\/product\/280628","targetHints":{"allow":["GET"]}}],"collection":[{"href":"https:\/\/ecosupplements.be\/fr\/wp-json\/wp\/v2\/product"}],"about":[{"href":"https:\/\/ecosupplements.be\/fr\/wp-json\/wp\/v2\/types\/product"}],"replies":[{"embeddable":true,"href":"https:\/\/ecosupplements.be\/fr\/wp-json\/wp\/v2\/comments?post=280628"}],"wp:featuredmedia":[{"embeddable":true,"href":"https:\/\/ecosupplements.be\/fr\/wp-json\/wp\/v2\/media\/243349"}],"wp:attachment":[{"href":"https:\/\/ecosupplements.be\/fr\/wp-json\/wp\/v2\/media?parent=280628"}],"wp:term":[{"taxonomy":"product_brand","embeddable":true,"href":"https:\/\/ecosupplements.be\/fr\/wp-json\/wp\/v2\/product_brand?post=280628"},{"taxonomy":"product_cat","embeddable":true,"href":"https:\/\/ecosupplements.be\/fr\/wp-json\/wp\/v2\/product_cat?post=280628"},{"taxonomy":"product_tag","embeddable":true,"href":"https:\/\/ecosupplements.be\/fr\/wp-json\/wp\/v2\/product_tag?post=280628"}],"curies":[{"name":"wp","href":"https:\/\/api.w.org\/{rel}","templated":true}]}}