{"id":280632,"date":"2022-06-28T10:08:33","date_gmt":"2022-06-28T09:08:33","guid":{"rendered":"https:\/\/ecosupplements.be\/product\/msm-avec-optimsm-1000mg-360-caps\/"},"modified":"2025-08-27T10:36:40","modified_gmt":"2025-08-27T09:36:40","slug":"msm-avec-optimsm-1000mg-360-caps","status":"publish","type":"product","link":"https:\/\/ecosupplements.be\/fr\/produit\/msm-avec-optimsm-1000mg-360-caps\/","title":{"rendered":"MSM avec OptiMSM, 1000mg &#8211; 360 caps"},"content":{"rendered":"<h1 style=\"text-align: center;\">Doctor&#8217;s Best &#8211; MSM avec OptiMSM<\/h1>\n<p>Qu&#8217;est-ce que le Doctor&#8217;s Best MSM ?<br \/>\nCompos\u00e9 biologique pr\u00e9sent dans le corps humain et dans certains aliments, le MSM est une excellente source alimentaire de soufre organique biodisponible. Doctor&#8217;s Best MSM contient de l&#8217;OptiMSM, une forme hautement purifi\u00e9e (pure \u00e0 99,9%) de m\u00e9thylsulfonylm\u00e9thane (MSM). \u00c9tant donn\u00e9 que la quantit\u00e9 de MSM pr\u00e9sente naturellement dans les mati\u00e8res vivantes est trop faible pour \u00eatre extraite, le MSM utilis\u00e9 pour les compl\u00e9ments alimentaires est fabriqu\u00e9. Les fabricants d&#8217;OptiMSM ont mis au point un processus en quatre \u00e9tapes pour s\u00e9parer les impuret\u00e9s, notamment les m\u00e9taux lourds et autres contaminants, de l&#8217;OptiMSM. Chaque lot d\u00e9passe les normes de la monographie de la United States Pharmacopeia (USP) pour le MSM, et est valid\u00e9 par des tests dans des laboratoires ind\u00e9pendants.<br \/>\nComment cela fonctionne-t-il ?<br \/>\nMSM est une abr\u00e9viation de m\u00e9thylsulfonylm\u00e9thane qui est un compos\u00e9 organique du soufre. Le MSM contient deux atomes d&#8217;oxyg\u00e8ne et deux groupes m\u00e9thyles li\u00e9s \u00e0 un atome de soufre. En donnant ses groupes m\u00e9thyles, le MSM permet d&#8217;importantes fonctions m\u00e9taboliques, notamment la transduction de l&#8217;\u00e9nergie et la r\u00e9gulation des enzymes. L&#8217;utilisation du MSM dans la sant\u00e9 des articulations et de la peau d\u00e9coule de son soutien en soufre organique des liaisons disulfure qui renforcent les fibres de collag\u00e8ne, une propri\u00e9t\u00e9 qui est cens\u00e9e favoriser l&#8217;int\u00e9grit\u00e9 et la r\u00e9silience des tissus. L&#8217;immunomodulation du MSM peut \u00e9galement contribuer \u00e0 att\u00e9nuer la d\u00e9gradation des tissus articulaires, car il favorise le maintien d&#8217;une structure articulaire saine, am\u00e9liorant ainsi la fonction articulaire. Dans les tissus mous, le soutien du collag\u00e8ne et les propri\u00e9t\u00e9s apaisantes du MSM peuvent aider \u00e0 favoriser la r\u00e9cup\u00e9ration apr\u00e8s l&#8217;exercice. Dans la peau, il semble aider \u00e0 combattre les signes visibles du vieillissement tout en soutenant la souplesse. En tant qu&#8217;\u00e9l\u00e9ment constitutif de la k\u00e9ratine, le MSM peut offrir un soutien suppl\u00e9mentaire \u00e0 la sant\u00e9 des cheveux et des ongles.<br \/>\nPourquoi devrais-je prendre Doctor&#8217;s Best MSM ?<br \/>\nDoctor&#8217;s Best MSM fournit du soufre naturel biodisponible pour aider \u00e0 former les antioxydants N-ac\u00e9tylcyst\u00e9ine et glutathion et servir de nutriment structurel cl\u00e9 dans des articulations saines. \u00c0 mesure que nous vieillissons, la sant\u00e9 des articulations peut commencer \u00e0 d\u00e9cliner. Le MSM peut aider \u00e0 r\u00e9soudre ces probl\u00e8mes car il peut aider \u00e0 former, renforcer et prot\u00e9ger des tissus articulaires sains dans tout le corps.<\/p>\n<p><img decoding=\"async\" src=\"https:\/\/ecosupplements.be\/wp-content\/uploads\/2025\/08\/gluten-free-1.png\" title=\"Sans gluten\" alt=\"Gluten free\"><img decoding=\"async\" src=\"https:\/\/ecosupplements.be\/wp-content\/uploads\/2025\/08\/non-gmo-1.png\" title=\"Non-OGM\" alt=\"Non-GMO\"><\/p>\n","protected":false},"excerpt":{"rendered":"<p>Doctor&#8217;s Best &#8211; MSM avec OptiMSM Qu&#8217;est-ce que le Doctor&#8217;s Best MSM ? Compos\u00e9 biologique pr\u00e9sent dans le corps humain et dans certains aliments, le MSM est une excellente source alimentaire de soufre organique biodisponible. Doctor&#8217;s Best MSM contient de l&#8217;OptiMSM, une forme hautement purifi\u00e9e (pure \u00e0 99,9%) de m\u00e9thylsulfonylm\u00e9thane (MSM). \u00c9tant donn\u00e9 que la [&#8230;]\n","protected":false},"featured_media":243373,"comment_status":"open","ping_status":"open","template":"","meta":[],"product_brand":[4674],"product_cat":[5064,5052,5083,5084,5085,5053],"product_tag":[5069],"class_list":{"0":"post-280632","1":"product","2":"type-product","3":"status-publish","4":"has-post-thumbnail","6":"product_brand-doctors-best-2","7":"product_cat-mineraux-simples","8":"product_cat-sante-et-bien-etre","9":"product_cat-soutien-aux-articulations","10":"product_cat-soutien-conjoint","11":"product_cat-soutien-pour-les-articulations","12":"product_cat-vitamines-et-mineraux","13":"product_tag-topeco-2","15":"first","16":"instock","17":"taxable","18":"shipping-taxable","19":"purchasable","20":"product-type-simple"},"yoast_head":"<!-- This site is optimized with the Yoast SEO Premium plugin v27.5 (Yoast SEO v27.5) - https:\/\/yoast.com\/product\/yoast-seo-premium-wordpress\/ -->\n<title>MSM avec OptiMSM, 1000mg - 360 caps - ECO Supplements<\/title>\n<meta name=\"description\" content=\"Wij hebben een ruime keuze aan producten van MSM avec OptiMSM, 1000mg - 360 caps . Winkel bij Eco Supplements altijd gratis verzending boven 100\u20ac\" \/>\n<meta name=\"robots\" content=\"index, follow, max-snippet:-1, max-image-preview:large, max-video-preview:-1\" \/>\n<link rel=\"canonical\" href=\"https:\/\/ecosupplements.be\/fr\/produit\/msm-avec-optimsm-1000mg-360-caps\/\" \/>\n<meta property=\"og:locale\" content=\"fr_FR\" \/>\n<meta property=\"og:type\" content=\"article\" \/>\n<meta property=\"og:title\" content=\"MSM avec OptiMSM, 1000mg - 360 caps\" \/>\n<meta property=\"og:description\" content=\"Wij hebben een ruime keuze aan producten van MSM avec OptiMSM, 1000mg - 360 caps . Winkel bij Eco Supplements altijd gratis verzending boven 100\u20ac\" \/>\n<meta property=\"og:url\" content=\"https:\/\/ecosupplements.be\/fr\/produit\/msm-avec-optimsm-1000mg-360-caps\/\" \/>\n<meta property=\"og:site_name\" content=\"ECO Supplements\" \/>\n<meta property=\"article:modified_time\" content=\"2025-08-27T09:36:40+00:00\" \/>\n<meta property=\"og:image\" content=\"https:\/\/ecosupplements.be\/wp-content\/uploads\/2025\/08\/Doctors-Best-MSM-with-OptiMSM-1000mg-360-caps-2.jpeg\" \/>\n\t<meta property=\"og:image:width\" content=\"500\" \/>\n\t<meta property=\"og:image:height\" content=\"500\" \/>\n\t<meta property=\"og:image:type\" content=\"image\/jpeg\" \/>\n<meta name=\"twitter:card\" content=\"summary_large_image\" \/>\n<meta name=\"twitter:label1\" content=\"Prix\" \/>\n\t<meta name=\"twitter:data1\" content=\"45.82&nbsp;&euro;\" \/>\n\t<meta name=\"twitter:label2\" content=\"Disponibilit\u00e9\" \/>\n\t<meta name=\"twitter:data2\" content=\"En stock\" \/>\n<script type=\"application\/ld+json\" class=\"yoast-schema-graph\">{\"@context\":\"https:\\\/\\\/schema.org\",\"@graph\":[{\"@type\":[\"WebPage\",\"ItemPage\"],\"@id\":\"https:\\\/\\\/ecosupplements.be\\\/fr\\\/produit\\\/msm-avec-optimsm-1000mg-360-caps\\\/\",\"url\":\"https:\\\/\\\/ecosupplements.be\\\/fr\\\/produit\\\/msm-avec-optimsm-1000mg-360-caps\\\/\",\"name\":\"MSM avec OptiMSM, 1000mg - 360 caps - ECO Supplements\",\"isPartOf\":{\"@id\":\"https:\\\/\\\/ecosupplements.be\\\/fr\\\/#website\"},\"primaryImageOfPage\":{\"@id\":\"https:\\\/\\\/ecosupplements.be\\\/fr\\\/produit\\\/msm-avec-optimsm-1000mg-360-caps\\\/#primaryimage\"},\"image\":{\"@id\":\"https:\\\/\\\/ecosupplements.be\\\/fr\\\/produit\\\/msm-avec-optimsm-1000mg-360-caps\\\/#primaryimage\"},\"thumbnailUrl\":\"https:\\\/\\\/ecosupplements.be\\\/wp-content\\\/uploads\\\/2025\\\/08\\\/Doctors-Best-MSM-with-OptiMSM-1000mg-360-caps-2.jpeg\",\"datePublished\":\"2022-06-28T09:08:33+00:00\",\"dateModified\":\"2025-08-27T09:36:40+00:00\",\"description\":\"Wij hebben een ruime keuze aan producten van MSM avec OptiMSM, 1000mg - 360 caps . Winkel bij Eco Supplements altijd gratis verzending boven 100\u20ac\",\"breadcrumb\":{\"@id\":\"https:\\\/\\\/ecosupplements.be\\\/fr\\\/produit\\\/msm-avec-optimsm-1000mg-360-caps\\\/#breadcrumb\"},\"inLanguage\":\"fr-FR\",\"potentialAction\":[{\"@type\":\"ReadAction\",\"target\":[\"https:\\\/\\\/ecosupplements.be\\\/fr\\\/produit\\\/msm-avec-optimsm-1000mg-360-caps\\\/\"]}]},{\"@type\":\"ImageObject\",\"inLanguage\":\"fr-FR\",\"@id\":\"https:\\\/\\\/ecosupplements.be\\\/fr\\\/produit\\\/msm-avec-optimsm-1000mg-360-caps\\\/#primaryimage\",\"url\":\"https:\\\/\\\/ecosupplements.be\\\/wp-content\\\/uploads\\\/2025\\\/08\\\/Doctors-Best-MSM-with-OptiMSM-1000mg-360-caps-2.jpeg\",\"contentUrl\":\"https:\\\/\\\/ecosupplements.be\\\/wp-content\\\/uploads\\\/2025\\\/08\\\/Doctors-Best-MSM-with-OptiMSM-1000mg-360-caps-2.jpeg\",\"width\":500,\"height\":500},{\"@type\":\"BreadcrumbList\",\"@id\":\"https:\\\/\\\/ecosupplements.be\\\/fr\\\/produit\\\/msm-avec-optimsm-1000mg-360-caps\\\/#breadcrumb\",\"itemListElement\":[{\"@type\":\"ListItem\",\"position\":1,\"name\":\"Home\",\"item\":\"https:\\\/\\\/ecosupplements.be\\\/fr\\\/\"},{\"@type\":\"ListItem\",\"position\":2,\"name\":\"Boutique\",\"item\":\"https:\\\/\\\/ecosupplements.be\\\/fr\\\/boutique\\\/\"},{\"@type\":\"ListItem\",\"position\":3,\"name\":\"MSM avec OptiMSM, 1000mg &#8211; 360 caps\"}]},{\"@type\":\"WebSite\",\"@id\":\"https:\\\/\\\/ecosupplements.be\\\/fr\\\/#website\",\"url\":\"https:\\\/\\\/ecosupplements.be\\\/fr\\\/\",\"name\":\"ECO Supplements\",\"description\":\"Eco Supplements - Gezonde supplementen\",\"publisher\":{\"@id\":\"https:\\\/\\\/ecosupplements.be\\\/fr\\\/#organization\"},\"potentialAction\":[{\"@type\":\"SearchAction\",\"target\":{\"@type\":\"EntryPoint\",\"urlTemplate\":\"https:\\\/\\\/ecosupplements.be\\\/fr\\\/?s={search_term_string}\"},\"query-input\":{\"@type\":\"PropertyValueSpecification\",\"valueRequired\":true,\"valueName\":\"search_term_string\"}}],\"inLanguage\":\"fr-FR\"},{\"@type\":\"Organization\",\"@id\":\"https:\\\/\\\/ecosupplements.be\\\/fr\\\/#organization\",\"name\":\"Eco Supplements\",\"url\":\"https:\\\/\\\/ecosupplements.be\\\/fr\\\/\",\"logo\":{\"@type\":\"ImageObject\",\"inLanguage\":\"fr-FR\",\"@id\":\"https:\\\/\\\/ecosupplements.be\\\/fr\\\/#\\\/schema\\\/logo\\\/image\\\/\",\"url\":\"https:\\\/\\\/ecosupplements.be\\\/wp-content\\\/uploads\\\/2022\\\/06\\\/ecosupplement-family.png\",\"contentUrl\":\"https:\\\/\\\/ecosupplements.be\\\/wp-content\\\/uploads\\\/2022\\\/06\\\/ecosupplement-family.png\",\"width\":593,\"height\":374,\"caption\":\"Eco Supplements\"},\"image\":{\"@id\":\"https:\\\/\\\/ecosupplements.be\\\/fr\\\/#\\\/schema\\\/logo\\\/image\\\/\"}}]}<\/script>\n<meta property=\"product:brand\" content=\"Doctor&#039;s Best\" \/>\n<meta property=\"product:price:amount\" content=\"45.82\" \/>\n<meta property=\"product:price:currency\" content=\"EUR\" \/>\n<meta property=\"og:availability\" content=\"instock\" \/>\n<meta property=\"product:availability\" content=\"instock\" \/>\n<meta property=\"product:retailer_item_id\" content=\"753950003170\" \/>\n<meta property=\"product:condition\" content=\"new\" \/>\n<!-- \/ Yoast SEO Premium plugin. -->","yoast_head_json":{"title":"MSM avec OptiMSM, 1000mg - 360 caps - ECO Supplements","description":"Wij hebben een ruime keuze aan producten van MSM avec OptiMSM, 1000mg - 360 caps . Winkel bij Eco Supplements altijd gratis verzending boven 100\u20ac","robots":{"index":"index","follow":"follow","max-snippet":"max-snippet:-1","max-image-preview":"max-image-preview:large","max-video-preview":"max-video-preview:-1"},"canonical":"https:\/\/ecosupplements.be\/fr\/produit\/msm-avec-optimsm-1000mg-360-caps\/","og_locale":"fr_FR","og_type":"article","og_title":"MSM avec OptiMSM, 1000mg - 360 caps","og_description":"Wij hebben een ruime keuze aan producten van MSM avec OptiMSM, 1000mg - 360 caps . Winkel bij Eco Supplements altijd gratis verzending boven 100\u20ac","og_url":"https:\/\/ecosupplements.be\/fr\/produit\/msm-avec-optimsm-1000mg-360-caps\/","og_site_name":"ECO Supplements","article_modified_time":"2025-08-27T09:36:40+00:00","og_image":[{"width":500,"height":500,"url":"https:\/\/ecosupplements.be\/wp-content\/uploads\/2025\/08\/Doctors-Best-MSM-with-OptiMSM-1000mg-360-caps-2.jpeg","type":"image\/jpeg"}],"twitter_card":"summary_large_image","twitter_misc":{"Prix":"45.82&nbsp;&euro;","Disponibilit\u00e9":"En stock"},"schema":{"@context":"https:\/\/schema.org","@graph":[{"@type":["WebPage","ItemPage"],"@id":"https:\/\/ecosupplements.be\/fr\/produit\/msm-avec-optimsm-1000mg-360-caps\/","url":"https:\/\/ecosupplements.be\/fr\/produit\/msm-avec-optimsm-1000mg-360-caps\/","name":"MSM avec OptiMSM, 1000mg - 360 caps - ECO Supplements","isPartOf":{"@id":"https:\/\/ecosupplements.be\/fr\/#website"},"primaryImageOfPage":{"@id":"https:\/\/ecosupplements.be\/fr\/produit\/msm-avec-optimsm-1000mg-360-caps\/#primaryimage"},"image":{"@id":"https:\/\/ecosupplements.be\/fr\/produit\/msm-avec-optimsm-1000mg-360-caps\/#primaryimage"},"thumbnailUrl":"https:\/\/ecosupplements.be\/wp-content\/uploads\/2025\/08\/Doctors-Best-MSM-with-OptiMSM-1000mg-360-caps-2.jpeg","datePublished":"2022-06-28T09:08:33+00:00","dateModified":"2025-08-27T09:36:40+00:00","description":"Wij hebben een ruime keuze aan producten van MSM avec OptiMSM, 1000mg - 360 caps . Winkel bij Eco Supplements altijd gratis verzending boven 100\u20ac","breadcrumb":{"@id":"https:\/\/ecosupplements.be\/fr\/produit\/msm-avec-optimsm-1000mg-360-caps\/#breadcrumb"},"inLanguage":"fr-FR","potentialAction":[{"@type":"ReadAction","target":["https:\/\/ecosupplements.be\/fr\/produit\/msm-avec-optimsm-1000mg-360-caps\/"]}]},{"@type":"ImageObject","inLanguage":"fr-FR","@id":"https:\/\/ecosupplements.be\/fr\/produit\/msm-avec-optimsm-1000mg-360-caps\/#primaryimage","url":"https:\/\/ecosupplements.be\/wp-content\/uploads\/2025\/08\/Doctors-Best-MSM-with-OptiMSM-1000mg-360-caps-2.jpeg","contentUrl":"https:\/\/ecosupplements.be\/wp-content\/uploads\/2025\/08\/Doctors-Best-MSM-with-OptiMSM-1000mg-360-caps-2.jpeg","width":500,"height":500},{"@type":"BreadcrumbList","@id":"https:\/\/ecosupplements.be\/fr\/produit\/msm-avec-optimsm-1000mg-360-caps\/#breadcrumb","itemListElement":[{"@type":"ListItem","position":1,"name":"Home","item":"https:\/\/ecosupplements.be\/fr\/"},{"@type":"ListItem","position":2,"name":"Boutique","item":"https:\/\/ecosupplements.be\/fr\/boutique\/"},{"@type":"ListItem","position":3,"name":"MSM avec OptiMSM, 1000mg &#8211; 360 caps"}]},{"@type":"WebSite","@id":"https:\/\/ecosupplements.be\/fr\/#website","url":"https:\/\/ecosupplements.be\/fr\/","name":"ECO Supplements","description":"Eco Supplements - Gezonde supplementen","publisher":{"@id":"https:\/\/ecosupplements.be\/fr\/#organization"},"potentialAction":[{"@type":"SearchAction","target":{"@type":"EntryPoint","urlTemplate":"https:\/\/ecosupplements.be\/fr\/?s={search_term_string}"},"query-input":{"@type":"PropertyValueSpecification","valueRequired":true,"valueName":"search_term_string"}}],"inLanguage":"fr-FR"},{"@type":"Organization","@id":"https:\/\/ecosupplements.be\/fr\/#organization","name":"Eco Supplements","url":"https:\/\/ecosupplements.be\/fr\/","logo":{"@type":"ImageObject","inLanguage":"fr-FR","@id":"https:\/\/ecosupplements.be\/fr\/#\/schema\/logo\/image\/","url":"https:\/\/ecosupplements.be\/wp-content\/uploads\/2022\/06\/ecosupplement-family.png","contentUrl":"https:\/\/ecosupplements.be\/wp-content\/uploads\/2022\/06\/ecosupplement-family.png","width":593,"height":374,"caption":"Eco Supplements"},"image":{"@id":"https:\/\/ecosupplements.be\/fr\/#\/schema\/logo\/image\/"}}]},"product_brand":"Doctor's Best","product_price_amount":"45.82","product_price_currency":"EUR","og_availability":"instock","product_availability":"instock","product_retailer_item_id":"753950003170","product_condition":"new"},"_links":{"self":[{"href":"https:\/\/ecosupplements.be\/fr\/wp-json\/wp\/v2\/product\/280632","targetHints":{"allow":["GET"]}}],"collection":[{"href":"https:\/\/ecosupplements.be\/fr\/wp-json\/wp\/v2\/product"}],"about":[{"href":"https:\/\/ecosupplements.be\/fr\/wp-json\/wp\/v2\/types\/product"}],"replies":[{"embeddable":true,"href":"https:\/\/ecosupplements.be\/fr\/wp-json\/wp\/v2\/comments?post=280632"}],"wp:featuredmedia":[{"embeddable":true,"href":"https:\/\/ecosupplements.be\/fr\/wp-json\/wp\/v2\/media\/243373"}],"wp:attachment":[{"href":"https:\/\/ecosupplements.be\/fr\/wp-json\/wp\/v2\/media?parent=280632"}],"wp:term":[{"taxonomy":"product_brand","embeddable":true,"href":"https:\/\/ecosupplements.be\/fr\/wp-json\/wp\/v2\/product_brand?post=280632"},{"taxonomy":"product_cat","embeddable":true,"href":"https:\/\/ecosupplements.be\/fr\/wp-json\/wp\/v2\/product_cat?post=280632"},{"taxonomy":"product_tag","embeddable":true,"href":"https:\/\/ecosupplements.be\/fr\/wp-json\/wp\/v2\/product_tag?post=280632"}],"curies":[{"name":"wp","href":"https:\/\/api.w.org\/{rel}","templated":true}]}}