{"id":280633,"date":"2022-06-28T10:08:33","date_gmt":"2022-06-28T09:08:33","guid":{"rendered":"https:\/\/ecosupplements.be\/product\/multi-vitamine-90-vcaps\/"},"modified":"2025-08-27T10:36:45","modified_gmt":"2025-08-27T09:36:45","slug":"multi-vitamine-90-vcaps","status":"publish","type":"product","link":"https:\/\/ecosupplements.be\/fr\/produit\/multi-vitamine-90-vcaps\/","title":{"rendered":"Multi-Vitamine &#8211; 90 vcaps"},"content":{"rendered":"<h1 style=\"text-align: center;\">Doctor&#8217;s Best &#8211; Multi-Vitamines<\/h1>\n<h3 style=\"text-align: center;\">avec VITASHINE D3 et Quatrefolic<\/h3>\n<p>Qu&#8217;est-ce que Doctor&#8217;s Best Multi-Vitamin ?<br \/>\nDoctor&#8217;s Best Multi-Vitamin fournit la gamme compl\u00e8te de vitamines et de min\u00e9raux reconnus essentiels \u00e0 la sant\u00e9. Il s&#8217;agit d&#8217;une formule de suppl\u00e9ment alimentaire de vitamines et de min\u00e9raux enti\u00e8rement optimis\u00e9e pour l&#8217;absorption et l&#8217;utilisation par des personnes de tous les milieux et de tous les modes de vie. Doctor&#8217;s Best Multi-Vitamin est solidement ancr\u00e9 dans la recherche nutritionnelle la plus r\u00e9cente et fournit des vitamines et min\u00e9raux cl\u00e9s sous leur forme la plus s\u00fbre, la mieux tol\u00e9r\u00e9e et la plus biochimiquement active.<br \/>\nComment cela fonctionne-t-il ?<br \/>\nLes nombreuses vitamines, min\u00e9raux essentiels et autres nutriments importants contenus dans Best Multi-Vitamin comprennent :<br \/>\nLa vitamine A (sous forme de palmitate de r\u00e9tinyle) est cruciale pour l&#8217;int\u00e9grit\u00e9 des d\u00e9licates couches cellulaires (\u00e9pith\u00e9liums) qui tapissent le tractus intestinal, les poumons et les sinus. La vitamine A est \u00e9galement cruciale pour un d\u00e9veloppement embryonnaire sain et pour le fonctionnement de l&#8217;\u0153il. De plus, la vitamine A facilite la capacit\u00e9 de l&#8217;organisme \u00e0 produire des anticorps et de nouvelles cellules immunitaires.<br \/>\nLa vitamine C (sous forme d&#8217;acide ascorbique) est essentielle \u00e0 de nombreuses r\u00e9actions enzymatiques, notamment la synth\u00e8se des neurotransmetteurs et la production de mol\u00e9cules de collag\u00e8ne, qui renforcent les tissus conjonctifs de l&#8217;organisme. Les humains ne peuvent pas fabriquer l&#8217;acide ascorbique et doivent donc l&#8217;obtenir de leur alimentation.<br \/>\nL&#8217;importance de la vitamine D (sous forme de D3, chol\u00e9calcif\u00e9rol, source v\u00e9g\u00e9tale) pour la solidit\u00e9 des os est bien \u00e9tablie. Cependant, la vitamine D3 est \u00e9galement tr\u00e8s importante pour les autres syst\u00e8mes organiques du corps. Cette formulation fournit du chol\u00e9calcif\u00e9rol v\u00e9g\u00e9talien \u00e0 une puissance qui est s\u00fbre \u00e0 long terme et respecte le besoin d&#8217;apports plus \u00e9lev\u00e9s en D3 pour soutenir un bien-\u00eatre optimal.<br \/>\nLa vitamine E (sous forme d&#8217;alpha, b\u00eata, gamma, delta tocoph\u00e9rols) est le principal antioxydant protecteur des membranes, les zones les plus dynamiques des cellules. Elle aide \u00e0 prot\u00e9ger les om\u00e9ga-3, les phospholipides et le coenzyme Q10 contre les dommages. Cette formulation fournit non seulement la forme alpha-tocoph\u00e9rol mais aussi les b\u00eata, gamma et delta-tocoph\u00e9rols, pour mieux repr\u00e9senter le spectre de la vitamine E pr\u00e9sente dans les aliments.<br \/>\nLa vitamine K (sous forme de K2, m\u00e9naquinone-7 ou MK-7) est cruciale pour un m\u00e9tabolisme sain du calcium et est n\u00e9cessaire pour int\u00e9grer le calcium dans les os et pr\u00e9venir le d\u00e9p\u00f4t de calcium dans les parois des vaisseaux sanguins et autres tissus mous. La vitamine K2 soutient \u00e9galement la production d&#8217;\u00e9nergie par les mitochondries \u00e0 l&#8217;int\u00e9rieur des cellules de l&#8217;organisme. La m\u00e9naquinone-7 (MK-7) contenue dans Doctor&#8217;s Best Multiple pr\u00e9sente une activit\u00e9 K2 mesur\u00e9e \u00e9lev\u00e9e.<br \/>\nLa thiamine (vitamine B1) est indispensable aux cellules de l&#8217;organisme pour fabriquer de l&#8217;\u00e9nergie et pour m\u00e9taboliser les acides amin\u00e9s et les glucides (y compris le glucose sanguin). La thiamine est particuli\u00e8rement importante pour g\u00e9rer le r\u00e9gime moderne riche en glucides, qui a \u00e9t\u00e9 associ\u00e9 \u00e0 la &#8220;malnutrition hypercalorique&#8221;.<br \/>\nLa riboflavine (vitamine B2) est un cofacteur pour diverses enzymes mitochondriales et est donc \u00e9galement essentielle \u00e0 la production d&#8217;\u00e9nergie par l&#8217;organisme. La riboflavine est n\u00e9cessaire \u00e0 une enzyme qui participe au cycle redox du glutathion, ce qui est important pour la protection contre les esp\u00e8ces r\u00e9actives de l&#8217;oxyg\u00e8ne. La riboflavine soutient \u00e9galement le m\u00e9tabolisme de la vitamine B6, du folate, de la niacine et du fer.<br \/>\nLa niacine et la niacinamide (vitamine B3) sont m\u00e9taboliquement actives et cette formulation utilise moins de niacine afin de minimiser les bouff\u00e9es vasomotrices. La niacinamide ne provoque pas de bouff\u00e9es vasomotrices et est utilis\u00e9e par l&#8217;organisme pour former des coenzymes qui g\u00e9n\u00e8rent et utilisent l&#8217;\u00e9nergie.<br \/>\nLa vitamine B6 (sous forme de chlorhydrate de pyridoxine) est essentielle pour au moins 100 enzymes qui m\u00e9tabolisent les acides amin\u00e9s, les acides gras et les glucides. Elle est particuli\u00e8rement vitale pour le d\u00e9veloppement pr\u00e9coce du cerveau et pour sa production de divers transmetteurs chimiques.<br \/>\nLe folate (sous forme de m\u00e9thylt\u00e9trahydrofolate ou MTHF, marque Quatrefolic) est n\u00e9cessaire \u00e0 la synth\u00e8se de l&#8217;ADN et de l&#8217;ARN, \u00e0 la bonne division cellulaire et au m\u00e9tabolisme des acides amin\u00e9s. L&#8217;une des r\u00e9actions les plus importantes d\u00e9pendant du folate est la conversion de l&#8217;acide amin\u00e9 homocyst\u00e9ine en m\u00e9thionine.<br \/>\nLa vitamine B12 (cobalamine, sous forme de m\u00e9thylcobalamine ou m\u00e9thyl-B12) est n\u00e9cessaire \u00e0 la bonne formation des globules rouges, \u00e0 la fonction neurologique et \u00e0 la synth\u00e8se de l&#8217;ADN. Elle travaille en \u00e9troite collaboration avec le folate pour soutenir le m\u00e9tabolisme m\u00e9thylique et recycler l&#8217;homocyst\u00e9ine.<br \/>\nLa biotine est fix\u00e9e au site actif de cinq enzymes, appel\u00e9es carboxylases, qui sont impliqu\u00e9es dans le m\u00e9tabolisme des acides gras et des acides amin\u00e9s et dans la formation du glucose. En outre, la fixation de la biotine aux histones est impliqu\u00e9e dans la r\u00e9gulation de la r\u00e9plication et de la transcription de l&#8217;ADN ainsi que dans la prolif\u00e9ration cellulaire et d&#8217;autres r\u00e9ponses cellulaires.<br \/>\nL&#8217;acide pantoth\u00e9nique (sous forme de pantoth\u00e9nate de calcium, &#8220;vitamine B5&#8221;) est n\u00e9cessaire \u00e0 la fabrication du coenzyme A (CoA), un facteur m\u00e9tabolique fondamental. Les cellules de l&#8217;organisme utilisent le CoA pour fabriquer des acides amin\u00e9s, des prot\u00e9ines et des hormones, m\u00e9taboliser les graisses en acides gras utiles et construire les membranes cellulaires.<br \/>\nLe calcium et le magn\u00e9sium ont une relation &#8220;yin-yang&#8221;, chacun aidant \u00e0 \u00e9quilibrer les actions de l&#8217;autre. Une faible concentration de calcium dans le sang peut \u00eatre caus\u00e9e par un faible taux de magn\u00e9sium dans le sang. Cette formulation fournit \u00e0 la fois du magn\u00e9sium et du calcium pour aider \u00e0 assurer un \u00e9quilibre favorable.<br \/>\nL&#8217;iode (sous forme d&#8217;iodure de potassium) est un composant essentiel des hormones thyro\u00efdiennes qui aident \u00e0 r\u00e9guler le m\u00e9tabolisme de l&#8217;organisme. Les hormones thyro\u00efdiennes sont \u00e9galement importantes pour le bon d\u00e9veloppement des os et du cerveau pendant la grossesse et la petite enfance.<br \/>\nLe zinc (sous forme de citrate) est pr\u00e9sent dans les cellules de l&#8217;organisme et est n\u00e9cessaire \u00e0 la fabrication des prot\u00e9ines et de l&#8217;ADN. Il aide le syst\u00e8me immunitaire \u00e0 combattre les bact\u00e9ries et les virus et favorise la cicatrisation des plaies. Le zinc favorise la croissance et le d\u00e9veloppement pendant la grossesse, l&#8217;enfance et l&#8217;adolescence.<br \/>\nLe cuivre (sous forme de glycinate) ainsi que le zinc soutiennent l&#8217;enzyme antioxydante superoxyde dismutase. Le cuivre est \u00e9galement essentiel pour la production d&#8217;\u00e9nergie, la synth\u00e8se des neurotransmetteurs, la formation du tissu conjonctif, le m\u00e9tabolisme du fer et la production de globules rouges.<br \/>\nLe s\u00e9l\u00e9nium (sous forme de s\u00e9l\u00e9nite de sodium) est nutritionnellement essentiel pour les humains. Les prot\u00e9ines de s\u00e9l\u00e9nium sont impliqu\u00e9es dans la protection contre les dommages oxydatifs, la synth\u00e8se de l&#8217;ADN, le m\u00e9tabolisme des hormones thyro\u00efdiennes, la reproduction et l&#8217;immunit\u00e9. Le s\u00e9l\u00e9nite de sodium contenu dans cette formulation est hypoallerg\u00e9nique et donc extr\u00eamement bien tol\u00e9r\u00e9.<br \/>\nLe mangan\u00e8se (sous forme de glycinate) est essentiel pour un autre type d&#8217;enzyme superoxyde dismutase, qui se trouve dans la mitochondrie et aide \u00e0 neutraliser les radicaux libres d&#8217;oxyg\u00e8ne avant qu&#8217;ils ne puissent faire du mal. Le mangan\u00e8se est \u00e9galement utilis\u00e9 pour le m\u00e9tabolisme du cholest\u00e9rol, des glucides et des acides amin\u00e9s ; et pour produire des composants de la matrice osseuse (prot\u00e9oglycanes).<br \/>\nLe chrome (sous forme de picolinate) est essentiel au m\u00e9tabolisme du sucre dans le sang. Le picolinate de chrome de cette formulation est tr\u00e8s bien absorb\u00e9, aide \u00e0 faire face aux fringales de glucides et favorise une gestion saine de l&#8217;humeur.<br \/>\nLe molybd\u00e8ne (sous forme de glycinate) est un cofacteur pour diverses enzymes humaines qui sont responsables des transformations chimiques dans les cycles mondiaux du carbone, de l&#8217;azote et du soufre. Ces enzymes sont n\u00e9cessaires au m\u00e9tabolisme des acides amin\u00e9s contenant du soufre, contribuent \u00e0 la capacit\u00e9 antioxydante du sang et sont impliqu\u00e9s dans le m\u00e9tabolisme des m\u00e9dicaments et des toxines.<br \/>\nLe potassium (sous forme de citrate) est le principal ion (cation) charg\u00e9 positivement \u00e0 l&#8217;int\u00e9rieur des cellules, tandis que le sodium est le principal cation \u00e0 l&#8217;ext\u00e9rieur des cellules. Les diff\u00e9rences de concentration entre ces deux cations \u00e0 travers les membranes cellulaires cr\u00e9ent un gradient \u00e9lectrochimique connu sous le nom de potentiel de membrane.<br \/>\nLa choline (sous forme de bitartrate) favorise la production d&#8217;ac\u00e9tylcholine, un important neurotransmetteur impliqu\u00e9 dans le contr\u00f4le musculaire, la m\u00e9moire et de nombreuses autres fonctions. La choline est \u00e9galement importante pour l&#8217;int\u00e9grit\u00e9 de la membrane cellulaire, le transport et le m\u00e9tabolisme des lipides, et comme source de groupes m\u00e9thyles pour les r\u00e9actions de m\u00e9thylation.<br \/>\nLa lut\u00e9ine et la z\u00e9axanthine se trouvent dans la r\u00e9tine de l&#8217;\u0153il humain et prot\u00e8gent contre les dommages caus\u00e9s par la lumi\u00e8re et les esp\u00e8ces r\u00e9actives de l&#8217;oxyg\u00e8ne nuisibles et am\u00e9liorent l&#8217;acuit\u00e9 visuelle. Elles ont \u00e9galement \u00e9t\u00e9 associ\u00e9es \u00e0 des risques r\u00e9duits de d\u00e9g\u00e9n\u00e9rescence maculaire li\u00e9e \u00e0 l&#8217;\u00e2ge et de cataracte.<br \/>\nLes autres nutriments contenus dans cette formulation comprennent le bore, qui soutient le m\u00e9tabolisme du calcium et du magn\u00e9sium, notamment pour la sant\u00e9 des os, et le silicium, qui soutient le tissu conjonctif et l&#8217;int\u00e9grit\u00e9 des os.<\/p>\n<p><img decoding=\"async\" src=\"https:\/\/ecosupplements.be\/wp-content\/uploads\/2025\/08\/gluten-free-1.png\" title=\"Sans gluten\" alt=\"Gluten free\"><img decoding=\"async\" src=\"https:\/\/ecosupplements.be\/wp-content\/uploads\/2025\/08\/vegan-1.png\" title=\"Vegan\" alt=\"Vegan\"><img decoding=\"async\" src=\"https:\/\/ecosupplements.be\/wp-content\/uploads\/2025\/08\/vegetarian-1.png\" title=\"V\u00e9g\u00e9tarien\" alt=\"Vegetarian\"><\/p>\n","protected":false},"excerpt":{"rendered":"<p>Doctor&#8217;s Best &#8211; Multi-Vitamines avec VITASHINE D3 et Quatrefolic Qu&#8217;est-ce que Doctor&#8217;s Best Multi-Vitamin ? Doctor&#8217;s Best Multi-Vitamin fournit la gamme compl\u00e8te de vitamines et de min\u00e9raux reconnus essentiels \u00e0 la sant\u00e9. Il s&#8217;agit d&#8217;une formule de suppl\u00e9ment alimentaire de vitamines et de min\u00e9raux enti\u00e8rement optimis\u00e9e pour l&#8217;absorption et l&#8217;utilisation par des personnes de tous [&#8230;]\n","protected":false},"featured_media":243380,"comment_status":"open","ping_status":"open","template":"","meta":[],"product_brand":[4674],"product_cat":[5062,5054,5055,5053],"product_tag":[5071],"class_list":{"0":"post-280633","1":"product","2":"type-product","3":"status-publish","4":"has-post-thumbnail","6":"product_brand-doctors-best-2","7":"product_cat-multivitamines","8":"product_cat-nourriture-saine","9":"product_cat-produits-vegetaliens","10":"product_cat-vitamines-et-mineraux","11":"product_tag-ecoplus-2","13":"first","14":"instock","15":"taxable","16":"shipping-taxable","17":"purchasable","18":"product-type-simple"},"yoast_head":"<!-- This site is optimized with the Yoast SEO Premium plugin v27.3 (Yoast SEO v27.3) - https:\/\/yoast.com\/product\/yoast-seo-premium-wordpress\/ -->\n<title>Multi-Vitamine - 90 vcaps - ECO Supplements<\/title>\n<meta name=\"description\" content=\"Wij hebben een ruime keuze aan producten van Multi-Vitamine - 90 vcaps . Winkel bij Eco Supplements altijd gratis verzending boven 100\u20ac\" \/>\n<meta name=\"robots\" content=\"index, follow, max-snippet:-1, max-image-preview:large, max-video-preview:-1\" \/>\n<link rel=\"canonical\" href=\"https:\/\/ecosupplements.be\/fr\/produit\/multi-vitamine-90-vcaps\/\" \/>\n<meta property=\"og:locale\" content=\"fr_FR\" \/>\n<meta property=\"og:type\" content=\"article\" \/>\n<meta property=\"og:title\" content=\"Multi-Vitamine - 90 vcaps\" \/>\n<meta property=\"og:description\" content=\"Wij hebben een ruime keuze aan producten van Multi-Vitamine - 90 vcaps . Winkel bij Eco Supplements altijd gratis verzending boven 100\u20ac\" \/>\n<meta property=\"og:url\" content=\"https:\/\/ecosupplements.be\/fr\/produit\/multi-vitamine-90-vcaps\/\" \/>\n<meta property=\"og:site_name\" content=\"ECO Supplements\" \/>\n<meta property=\"article:modified_time\" content=\"2025-08-27T09:36:45+00:00\" \/>\n<meta property=\"og:image\" content=\"https:\/\/ecosupplements.be\/wp-content\/uploads\/2025\/08\/Doctors-Best-Multi-Vitamin-90-vcaps-2.jpeg\" \/>\n\t<meta property=\"og:image:width\" content=\"500\" \/>\n\t<meta property=\"og:image:height\" content=\"500\" \/>\n\t<meta property=\"og:image:type\" content=\"image\/jpeg\" \/>\n<meta name=\"twitter:card\" content=\"summary_large_image\" \/>\n<meta name=\"twitter:label1\" content=\"Prix\" \/>\n\t<meta name=\"twitter:data1\" content=\"40.85&nbsp;&euro;\" \/>\n\t<meta name=\"twitter:label2\" content=\"Disponibilit\u00e9\" \/>\n\t<meta name=\"twitter:data2\" content=\"En stock\" \/>\n<script type=\"application\/ld+json\" class=\"yoast-schema-graph\">{\"@context\":\"https:\\\/\\\/schema.org\",\"@graph\":[{\"@type\":[\"WebPage\",\"ItemPage\"],\"@id\":\"https:\\\/\\\/ecosupplements.be\\\/fr\\\/produit\\\/multi-vitamine-90-vcaps\\\/\",\"url\":\"https:\\\/\\\/ecosupplements.be\\\/fr\\\/produit\\\/multi-vitamine-90-vcaps\\\/\",\"name\":\"Multi-Vitamine - 90 vcaps - ECO Supplements\",\"isPartOf\":{\"@id\":\"https:\\\/\\\/ecosupplements.be\\\/fr\\\/#website\"},\"primaryImageOfPage\":{\"@id\":\"https:\\\/\\\/ecosupplements.be\\\/fr\\\/produit\\\/multi-vitamine-90-vcaps\\\/#primaryimage\"},\"image\":{\"@id\":\"https:\\\/\\\/ecosupplements.be\\\/fr\\\/produit\\\/multi-vitamine-90-vcaps\\\/#primaryimage\"},\"thumbnailUrl\":\"https:\\\/\\\/ecosupplements.be\\\/wp-content\\\/uploads\\\/2025\\\/08\\\/Doctors-Best-Multi-Vitamin-90-vcaps-2.jpeg\",\"datePublished\":\"2022-06-28T09:08:33+00:00\",\"dateModified\":\"2025-08-27T09:36:45+00:00\",\"description\":\"Wij hebben een ruime keuze aan producten van Multi-Vitamine - 90 vcaps . Winkel bij Eco Supplements altijd gratis verzending boven 100\u20ac\",\"breadcrumb\":{\"@id\":\"https:\\\/\\\/ecosupplements.be\\\/fr\\\/produit\\\/multi-vitamine-90-vcaps\\\/#breadcrumb\"},\"inLanguage\":\"fr-FR\",\"potentialAction\":[{\"@type\":\"ReadAction\",\"target\":[\"https:\\\/\\\/ecosupplements.be\\\/fr\\\/produit\\\/multi-vitamine-90-vcaps\\\/\"]}]},{\"@type\":\"ImageObject\",\"inLanguage\":\"fr-FR\",\"@id\":\"https:\\\/\\\/ecosupplements.be\\\/fr\\\/produit\\\/multi-vitamine-90-vcaps\\\/#primaryimage\",\"url\":\"https:\\\/\\\/ecosupplements.be\\\/wp-content\\\/uploads\\\/2025\\\/08\\\/Doctors-Best-Multi-Vitamin-90-vcaps-2.jpeg\",\"contentUrl\":\"https:\\\/\\\/ecosupplements.be\\\/wp-content\\\/uploads\\\/2025\\\/08\\\/Doctors-Best-Multi-Vitamin-90-vcaps-2.jpeg\",\"width\":500,\"height\":500},{\"@type\":\"BreadcrumbList\",\"@id\":\"https:\\\/\\\/ecosupplements.be\\\/fr\\\/produit\\\/multi-vitamine-90-vcaps\\\/#breadcrumb\",\"itemListElement\":[{\"@type\":\"ListItem\",\"position\":1,\"name\":\"Home\",\"item\":\"https:\\\/\\\/ecosupplements.be\\\/fr\\\/\"},{\"@type\":\"ListItem\",\"position\":2,\"name\":\"Boutique\",\"item\":\"https:\\\/\\\/ecosupplements.be\\\/fr\\\/boutique\\\/\"},{\"@type\":\"ListItem\",\"position\":3,\"name\":\"Multi-Vitamine &#8211; 90 vcaps\"}]},{\"@type\":\"WebSite\",\"@id\":\"https:\\\/\\\/ecosupplements.be\\\/fr\\\/#website\",\"url\":\"https:\\\/\\\/ecosupplements.be\\\/fr\\\/\",\"name\":\"ECO Supplements\",\"description\":\"Eco Supplements - Gezonde supplementen\",\"publisher\":{\"@id\":\"https:\\\/\\\/ecosupplements.be\\\/fr\\\/#organization\"},\"potentialAction\":[{\"@type\":\"SearchAction\",\"target\":{\"@type\":\"EntryPoint\",\"urlTemplate\":\"https:\\\/\\\/ecosupplements.be\\\/fr\\\/?s={search_term_string}\"},\"query-input\":{\"@type\":\"PropertyValueSpecification\",\"valueRequired\":true,\"valueName\":\"search_term_string\"}}],\"inLanguage\":\"fr-FR\"},{\"@type\":\"Organization\",\"@id\":\"https:\\\/\\\/ecosupplements.be\\\/fr\\\/#organization\",\"name\":\"Eco Supplements\",\"url\":\"https:\\\/\\\/ecosupplements.be\\\/fr\\\/\",\"logo\":{\"@type\":\"ImageObject\",\"inLanguage\":\"fr-FR\",\"@id\":\"https:\\\/\\\/ecosupplements.be\\\/fr\\\/#\\\/schema\\\/logo\\\/image\\\/\",\"url\":\"https:\\\/\\\/ecosupplements.be\\\/wp-content\\\/uploads\\\/2022\\\/06\\\/ecosupplement-family.png\",\"contentUrl\":\"https:\\\/\\\/ecosupplements.be\\\/wp-content\\\/uploads\\\/2022\\\/06\\\/ecosupplement-family.png\",\"width\":593,\"height\":374,\"caption\":\"Eco Supplements\"},\"image\":{\"@id\":\"https:\\\/\\\/ecosupplements.be\\\/fr\\\/#\\\/schema\\\/logo\\\/image\\\/\"}}]}<\/script>\n<meta property=\"product:brand\" content=\"Doctor&#039;s Best\" \/>\n<meta property=\"product:price:amount\" content=\"40.85\" \/>\n<meta property=\"product:price:currency\" content=\"EUR\" \/>\n<meta property=\"og:availability\" content=\"instock\" \/>\n<meta property=\"product:availability\" content=\"instock\" \/>\n<meta property=\"product:retailer_item_id\" content=\"753950003002\" \/>\n<meta property=\"product:condition\" content=\"new\" \/>\n<!-- \/ Yoast SEO Premium plugin. -->","yoast_head_json":{"title":"Multi-Vitamine - 90 vcaps - ECO Supplements","description":"Wij hebben een ruime keuze aan producten van Multi-Vitamine - 90 vcaps . Winkel bij Eco Supplements altijd gratis verzending boven 100\u20ac","robots":{"index":"index","follow":"follow","max-snippet":"max-snippet:-1","max-image-preview":"max-image-preview:large","max-video-preview":"max-video-preview:-1"},"canonical":"https:\/\/ecosupplements.be\/fr\/produit\/multi-vitamine-90-vcaps\/","og_locale":"fr_FR","og_type":"article","og_title":"Multi-Vitamine - 90 vcaps","og_description":"Wij hebben een ruime keuze aan producten van Multi-Vitamine - 90 vcaps . Winkel bij Eco Supplements altijd gratis verzending boven 100\u20ac","og_url":"https:\/\/ecosupplements.be\/fr\/produit\/multi-vitamine-90-vcaps\/","og_site_name":"ECO Supplements","article_modified_time":"2025-08-27T09:36:45+00:00","og_image":[{"width":500,"height":500,"url":"https:\/\/ecosupplements.be\/wp-content\/uploads\/2025\/08\/Doctors-Best-Multi-Vitamin-90-vcaps-2.jpeg","type":"image\/jpeg"}],"twitter_card":"summary_large_image","twitter_misc":{"Prix":"40.85&nbsp;&euro;","Disponibilit\u00e9":"En stock"},"schema":{"@context":"https:\/\/schema.org","@graph":[{"@type":["WebPage","ItemPage"],"@id":"https:\/\/ecosupplements.be\/fr\/produit\/multi-vitamine-90-vcaps\/","url":"https:\/\/ecosupplements.be\/fr\/produit\/multi-vitamine-90-vcaps\/","name":"Multi-Vitamine - 90 vcaps - ECO Supplements","isPartOf":{"@id":"https:\/\/ecosupplements.be\/fr\/#website"},"primaryImageOfPage":{"@id":"https:\/\/ecosupplements.be\/fr\/produit\/multi-vitamine-90-vcaps\/#primaryimage"},"image":{"@id":"https:\/\/ecosupplements.be\/fr\/produit\/multi-vitamine-90-vcaps\/#primaryimage"},"thumbnailUrl":"https:\/\/ecosupplements.be\/wp-content\/uploads\/2025\/08\/Doctors-Best-Multi-Vitamin-90-vcaps-2.jpeg","datePublished":"2022-06-28T09:08:33+00:00","dateModified":"2025-08-27T09:36:45+00:00","description":"Wij hebben een ruime keuze aan producten van Multi-Vitamine - 90 vcaps . Winkel bij Eco Supplements altijd gratis verzending boven 100\u20ac","breadcrumb":{"@id":"https:\/\/ecosupplements.be\/fr\/produit\/multi-vitamine-90-vcaps\/#breadcrumb"},"inLanguage":"fr-FR","potentialAction":[{"@type":"ReadAction","target":["https:\/\/ecosupplements.be\/fr\/produit\/multi-vitamine-90-vcaps\/"]}]},{"@type":"ImageObject","inLanguage":"fr-FR","@id":"https:\/\/ecosupplements.be\/fr\/produit\/multi-vitamine-90-vcaps\/#primaryimage","url":"https:\/\/ecosupplements.be\/wp-content\/uploads\/2025\/08\/Doctors-Best-Multi-Vitamin-90-vcaps-2.jpeg","contentUrl":"https:\/\/ecosupplements.be\/wp-content\/uploads\/2025\/08\/Doctors-Best-Multi-Vitamin-90-vcaps-2.jpeg","width":500,"height":500},{"@type":"BreadcrumbList","@id":"https:\/\/ecosupplements.be\/fr\/produit\/multi-vitamine-90-vcaps\/#breadcrumb","itemListElement":[{"@type":"ListItem","position":1,"name":"Home","item":"https:\/\/ecosupplements.be\/fr\/"},{"@type":"ListItem","position":2,"name":"Boutique","item":"https:\/\/ecosupplements.be\/fr\/boutique\/"},{"@type":"ListItem","position":3,"name":"Multi-Vitamine &#8211; 90 vcaps"}]},{"@type":"WebSite","@id":"https:\/\/ecosupplements.be\/fr\/#website","url":"https:\/\/ecosupplements.be\/fr\/","name":"ECO Supplements","description":"Eco Supplements - Gezonde supplementen","publisher":{"@id":"https:\/\/ecosupplements.be\/fr\/#organization"},"potentialAction":[{"@type":"SearchAction","target":{"@type":"EntryPoint","urlTemplate":"https:\/\/ecosupplements.be\/fr\/?s={search_term_string}"},"query-input":{"@type":"PropertyValueSpecification","valueRequired":true,"valueName":"search_term_string"}}],"inLanguage":"fr-FR"},{"@type":"Organization","@id":"https:\/\/ecosupplements.be\/fr\/#organization","name":"Eco Supplements","url":"https:\/\/ecosupplements.be\/fr\/","logo":{"@type":"ImageObject","inLanguage":"fr-FR","@id":"https:\/\/ecosupplements.be\/fr\/#\/schema\/logo\/image\/","url":"https:\/\/ecosupplements.be\/wp-content\/uploads\/2022\/06\/ecosupplement-family.png","contentUrl":"https:\/\/ecosupplements.be\/wp-content\/uploads\/2022\/06\/ecosupplement-family.png","width":593,"height":374,"caption":"Eco Supplements"},"image":{"@id":"https:\/\/ecosupplements.be\/fr\/#\/schema\/logo\/image\/"}}]},"product_brand":"Doctor's Best","product_price_amount":"40.85","product_price_currency":"EUR","og_availability":"instock","product_availability":"instock","product_retailer_item_id":"753950003002","product_condition":"new"},"_links":{"self":[{"href":"https:\/\/ecosupplements.be\/fr\/wp-json\/wp\/v2\/product\/280633","targetHints":{"allow":["GET"]}}],"collection":[{"href":"https:\/\/ecosupplements.be\/fr\/wp-json\/wp\/v2\/product"}],"about":[{"href":"https:\/\/ecosupplements.be\/fr\/wp-json\/wp\/v2\/types\/product"}],"replies":[{"embeddable":true,"href":"https:\/\/ecosupplements.be\/fr\/wp-json\/wp\/v2\/comments?post=280633"}],"wp:featuredmedia":[{"embeddable":true,"href":"https:\/\/ecosupplements.be\/fr\/wp-json\/wp\/v2\/media\/243380"}],"wp:attachment":[{"href":"https:\/\/ecosupplements.be\/fr\/wp-json\/wp\/v2\/media?parent=280633"}],"wp:term":[{"taxonomy":"product_brand","embeddable":true,"href":"https:\/\/ecosupplements.be\/fr\/wp-json\/wp\/v2\/product_brand?post=280633"},{"taxonomy":"product_cat","embeddable":true,"href":"https:\/\/ecosupplements.be\/fr\/wp-json\/wp\/v2\/product_cat?post=280633"},{"taxonomy":"product_tag","embeddable":true,"href":"https:\/\/ecosupplements.be\/fr\/wp-json\/wp\/v2\/product_tag?post=280633"}],"curies":[{"name":"wp","href":"https:\/\/api.w.org\/{rel}","templated":true}]}}