{"id":280634,"date":"2022-06-28T10:08:33","date_gmt":"2022-06-28T09:08:33","guid":{"rendered":"https:\/\/ecosupplements.be\/product\/regulateurs-de-desintoxication-nac-180-vcaps\/"},"modified":"2025-08-27T10:36:50","modified_gmt":"2025-08-27T09:36:50","slug":"regulateurs-de-desintoxication-nac-180-vcaps","status":"publish","type":"product","link":"https:\/\/ecosupplements.be\/fr\/produit\/regulateurs-de-desintoxication-nac-180-vcaps\/","title":{"rendered":"R\u00e9gulateurs de d\u00e9sintoxication NAC &#8211; 180 vcaps"},"content":{"rendered":"<h1 style=\"text-align: center;\">Doctor&#8217;s Best &#8211; R\u00e9gulateurs de d\u00e9sintoxication NAC<\/h1>\n<p>Qu&#8217;est-ce que Doctor&#8217;s Best NAC Detox Regulators ?<br \/>\nDoctor&#8217;s Best NAC Detox Regulators stimule la production de glutathion dans le cerveau, le foie et d&#8217;autres organes, soutient les enzymes qui neutralisent les toxines naturelles et artificielles, et favorise le bon fonctionnement de nombreuses prot\u00e9ines importantes. Les trois nutriments contenus dans ce produit &#8211; la NAC (N-Ac\u00e9tyl Cyst\u00e9ine) et les min\u00e9raux essentiels que sont le s\u00e9l\u00e9nium et le molybd\u00e8ne &#8211; soutiennent le glutathion. Il est prouv\u00e9 que la NAC stimule la production de glutathion. Le s\u00e9l\u00e9nium et le molybd\u00e8ne sont essentiels pour faciliter le r\u00f4le du glutathion dans le soutien de la production d&#8217;\u00e9nergie, de la d\u00e9toxification et d&#8217;autres processus fondamentaux de la vie.<br \/>\nComment cela fonctionne-t-il ?<br \/>\nBest NAC Detox Regulators soutient les voies biochimiques naturelles de l&#8217;organisme pour neutraliser et excr\u00e9ter les toxines. Les trois nutriments contenus dans ce produit &#8211; la NAC (N-Ac\u00e9tyl Cyst\u00e9ine) et les min\u00e9raux essentiels que sont le s\u00e9l\u00e9nium (Se) et le molybd\u00e8ne (Mo) &#8211; soutiennent le glutathion, l&#8217;une des plus importantes antitoxines de l&#8217;organisme, ainsi que de nombreuses enzymes qui utilisent le glutathion pour neutraliser les toxines et les \u00e9liminer du corps. Ces nutriments font tous naturellement partie int\u00e9grante de la biochimie de l&#8217;organisme. La NAC est le nutriment dont il est le mieux prouv\u00e9 qu&#8217;il maintient les r\u00e9serves de glutathion de l&#8217;organisme, qui est concentr\u00e9 dans toutes les cellules humaines. Les enzymes de d\u00e9toxification (&#8220;d\u00e9tox&#8221;) du foie, des reins, des poumons et d&#8217;autres organes utilisent le glutathion pour se lier (&#8220;conjuguer&#8221;) aux toxines et les rendre ainsi capables de se m\u00e9langer \u00e0 l&#8217;eau pour \u00eatre excr\u00e9t\u00e9es (g\u00e9n\u00e9ralement par l&#8217;urine). Le syst\u00e8me de d\u00e9sintoxication pr\u00e9sente un chevauchement consid\u00e9rable avec les syst\u00e8mes de d\u00e9fense antioxydante (&#8220;antiox&#8221;) et de r\u00e9gulation redox (&#8220;redox&#8221;). Le Se et le Mo dans cette formulation ont chacun des propri\u00e9t\u00e9s uniques qui alimentent les enzymes de d\u00e9toxification. Le s\u00e9l\u00e9nium est requis par une vari\u00e9t\u00e9 d&#8217;enzymes qui sont d\u00e9tox, antiox et r\u00e9gulateurs redox.4 Le molybd\u00e8ne est indispensable pour les enzymes qui d\u00e9toxifient les compos\u00e9s sulfur\u00e9s. La combinaison de la NAC, du Se et du Mo dans ce produit soutient une collection diversifi\u00e9e d&#8217;enzymes de d\u00e9toxification qui \u00e9liminent les toxines naturelles et artificielles.<br \/>\nDoctor&#8217;s Best NAC Detox Regulators stimule la production de glutathion dans le cerveau, le foie et d&#8217;autres organes, soutient les enzymes qui neutralisent les toxines naturelles et artificielles, et favorise le bon fonctionnement de nombreuses prot\u00e9ines importantes.<br \/>\nLes trois nutriments de ce produit &#8211; la NAC (N-Ac\u00e9tyl Cyst\u00e9ine) et les min\u00e9raux essentiels que sont le s\u00e9l\u00e9nium et le molybd\u00e8ne &#8211; soutiennent le glutathion.<br \/>\nIl est prouv\u00e9 que la NAC stimule la production de glutathion. Le s\u00e9l\u00e9nium et le molybd\u00e8ne sont essentiels pour faciliter le r\u00f4le du glutathion dans le soutien de la production d&#8217;\u00e9nergie, de la d\u00e9toxification et d&#8217;autres processus fondamentaux de la vie.<br \/>\nSans gluten, sans OGM.<\/p>\n<p><img decoding=\"async\" src=\"https:\/\/ecosupplements.be\/wp-content\/uploads\/2025\/08\/gluten-free-1.png\" title=\"Sans gluten\" alt=\"Gluten free\"><img decoding=\"async\" src=\"https:\/\/ecosupplements.be\/wp-content\/uploads\/2025\/08\/non-gmo-1.png\" title=\"Non-OGM\" alt=\"Non-GMO\"><\/p>\n","protected":false},"excerpt":{"rendered":"<p>Doctor&#8217;s Best &#8211; R\u00e9gulateurs de d\u00e9sintoxication NAC Qu&#8217;est-ce que Doctor&#8217;s Best NAC Detox Regulators ? Doctor&#8217;s Best NAC Detox Regulators stimule la production de glutathion dans le cerveau, le foie et d&#8217;autres organes, soutient les enzymes qui neutralisent les toxines naturelles et artificielles, et favorise le bon fonctionnement de nombreuses prot\u00e9ines importantes. Les trois nutriments [&#8230;]\n","protected":false},"featured_media":243387,"comment_status":"open","ping_status":"open","template":"","meta":[],"product_brand":[4674],"product_cat":[5052,5153],"product_tag":[5069],"class_list":{"0":"post-280634","1":"product","2":"type-product","3":"status-publish","4":"has-post-thumbnail","6":"product_brand-doctors-best-2","7":"product_cat-sante-et-bien-etre","8":"product_cat-soutien-du-foie","9":"product_tag-topeco-2","11":"first","12":"instock","13":"taxable","14":"shipping-taxable","15":"purchasable","16":"product-type-simple"},"yoast_head":"<!-- This site is optimized with the Yoast SEO Premium plugin v27.3 (Yoast SEO v27.3) - https:\/\/yoast.com\/product\/yoast-seo-premium-wordpress\/ -->\n<title>R\u00e9gulateurs de d\u00e9sintoxication NAC - 180 vcaps - ECO Supplements<\/title>\n<meta name=\"description\" content=\"Wij hebben een ruime keuze aan producten van R\u00e9gulateurs de d\u00e9sintoxication NAC - 180 vcaps . Winkel bij Eco Supplements altijd gratis verzending boven 100\u20ac\" \/>\n<meta name=\"robots\" content=\"index, follow, max-snippet:-1, max-image-preview:large, max-video-preview:-1\" \/>\n<link rel=\"canonical\" href=\"https:\/\/ecosupplements.be\/fr\/produit\/regulateurs-de-desintoxication-nac-180-vcaps\/\" \/>\n<meta property=\"og:locale\" content=\"fr_FR\" \/>\n<meta property=\"og:type\" content=\"article\" \/>\n<meta property=\"og:title\" content=\"R\u00e9gulateurs de d\u00e9sintoxication NAC - 180 vcaps\" \/>\n<meta property=\"og:description\" content=\"Wij hebben een ruime keuze aan producten van R\u00e9gulateurs de d\u00e9sintoxication NAC - 180 vcaps . Winkel bij Eco Supplements altijd gratis verzending boven 100\u20ac\" \/>\n<meta property=\"og:url\" content=\"https:\/\/ecosupplements.be\/fr\/produit\/regulateurs-de-desintoxication-nac-180-vcaps\/\" \/>\n<meta property=\"og:site_name\" content=\"ECO Supplements\" \/>\n<meta property=\"article:modified_time\" content=\"2025-08-27T09:36:50+00:00\" \/>\n<meta property=\"og:image\" content=\"https:\/\/ecosupplements.be\/wp-content\/uploads\/2025\/08\/Doctors-Best-NAC-Detox-Regulators-180-vcaps-1.jpg\" \/>\n\t<meta property=\"og:image:width\" content=\"750\" \/>\n\t<meta property=\"og:image:height\" content=\"750\" \/>\n\t<meta property=\"og:image:type\" content=\"image\/jpeg\" \/>\n<meta name=\"twitter:card\" content=\"summary_large_image\" \/>\n<meta name=\"twitter:label1\" content=\"Prix\" \/>\n\t<meta name=\"twitter:data1\" content=\"41.08&nbsp;&euro;\" \/>\n\t<meta name=\"twitter:label2\" content=\"Disponibilit\u00e9\" \/>\n\t<meta name=\"twitter:data2\" content=\"En stock\" \/>\n<script type=\"application\/ld+json\" class=\"yoast-schema-graph\">{\"@context\":\"https:\\\/\\\/schema.org\",\"@graph\":[{\"@type\":[\"WebPage\",\"ItemPage\"],\"@id\":\"https:\\\/\\\/ecosupplements.be\\\/fr\\\/produit\\\/regulateurs-de-desintoxication-nac-180-vcaps\\\/\",\"url\":\"https:\\\/\\\/ecosupplements.be\\\/fr\\\/produit\\\/regulateurs-de-desintoxication-nac-180-vcaps\\\/\",\"name\":\"R\u00e9gulateurs de d\u00e9sintoxication NAC - 180 vcaps - ECO Supplements\",\"isPartOf\":{\"@id\":\"https:\\\/\\\/ecosupplements.be\\\/fr\\\/#website\"},\"primaryImageOfPage\":{\"@id\":\"https:\\\/\\\/ecosupplements.be\\\/fr\\\/produit\\\/regulateurs-de-desintoxication-nac-180-vcaps\\\/#primaryimage\"},\"image\":{\"@id\":\"https:\\\/\\\/ecosupplements.be\\\/fr\\\/produit\\\/regulateurs-de-desintoxication-nac-180-vcaps\\\/#primaryimage\"},\"thumbnailUrl\":\"https:\\\/\\\/ecosupplements.be\\\/wp-content\\\/uploads\\\/2025\\\/08\\\/Doctors-Best-NAC-Detox-Regulators-180-vcaps-1.jpg\",\"datePublished\":\"2022-06-28T09:08:33+00:00\",\"dateModified\":\"2025-08-27T09:36:50+00:00\",\"description\":\"Wij hebben een ruime keuze aan producten van R\u00e9gulateurs de d\u00e9sintoxication NAC - 180 vcaps . Winkel bij Eco Supplements altijd gratis verzending boven 100\u20ac\",\"breadcrumb\":{\"@id\":\"https:\\\/\\\/ecosupplements.be\\\/fr\\\/produit\\\/regulateurs-de-desintoxication-nac-180-vcaps\\\/#breadcrumb\"},\"inLanguage\":\"fr-FR\",\"potentialAction\":[{\"@type\":\"ReadAction\",\"target\":[\"https:\\\/\\\/ecosupplements.be\\\/fr\\\/produit\\\/regulateurs-de-desintoxication-nac-180-vcaps\\\/\"]}]},{\"@type\":\"ImageObject\",\"inLanguage\":\"fr-FR\",\"@id\":\"https:\\\/\\\/ecosupplements.be\\\/fr\\\/produit\\\/regulateurs-de-desintoxication-nac-180-vcaps\\\/#primaryimage\",\"url\":\"https:\\\/\\\/ecosupplements.be\\\/wp-content\\\/uploads\\\/2025\\\/08\\\/Doctors-Best-NAC-Detox-Regulators-180-vcaps-1.jpg\",\"contentUrl\":\"https:\\\/\\\/ecosupplements.be\\\/wp-content\\\/uploads\\\/2025\\\/08\\\/Doctors-Best-NAC-Detox-Regulators-180-vcaps-1.jpg\",\"width\":750,\"height\":750},{\"@type\":\"BreadcrumbList\",\"@id\":\"https:\\\/\\\/ecosupplements.be\\\/fr\\\/produit\\\/regulateurs-de-desintoxication-nac-180-vcaps\\\/#breadcrumb\",\"itemListElement\":[{\"@type\":\"ListItem\",\"position\":1,\"name\":\"Home\",\"item\":\"https:\\\/\\\/ecosupplements.be\\\/fr\\\/\"},{\"@type\":\"ListItem\",\"position\":2,\"name\":\"Boutique\",\"item\":\"https:\\\/\\\/ecosupplements.be\\\/fr\\\/boutique\\\/\"},{\"@type\":\"ListItem\",\"position\":3,\"name\":\"R\u00e9gulateurs de d\u00e9sintoxication NAC &#8211; 180 vcaps\"}]},{\"@type\":\"WebSite\",\"@id\":\"https:\\\/\\\/ecosupplements.be\\\/fr\\\/#website\",\"url\":\"https:\\\/\\\/ecosupplements.be\\\/fr\\\/\",\"name\":\"ECO Supplements\",\"description\":\"Eco Supplements - Gezonde supplementen\",\"publisher\":{\"@id\":\"https:\\\/\\\/ecosupplements.be\\\/fr\\\/#organization\"},\"potentialAction\":[{\"@type\":\"SearchAction\",\"target\":{\"@type\":\"EntryPoint\",\"urlTemplate\":\"https:\\\/\\\/ecosupplements.be\\\/fr\\\/?s={search_term_string}\"},\"query-input\":{\"@type\":\"PropertyValueSpecification\",\"valueRequired\":true,\"valueName\":\"search_term_string\"}}],\"inLanguage\":\"fr-FR\"},{\"@type\":\"Organization\",\"@id\":\"https:\\\/\\\/ecosupplements.be\\\/fr\\\/#organization\",\"name\":\"Eco Supplements\",\"url\":\"https:\\\/\\\/ecosupplements.be\\\/fr\\\/\",\"logo\":{\"@type\":\"ImageObject\",\"inLanguage\":\"fr-FR\",\"@id\":\"https:\\\/\\\/ecosupplements.be\\\/fr\\\/#\\\/schema\\\/logo\\\/image\\\/\",\"url\":\"https:\\\/\\\/ecosupplements.be\\\/wp-content\\\/uploads\\\/2022\\\/06\\\/ecosupplement-family.png\",\"contentUrl\":\"https:\\\/\\\/ecosupplements.be\\\/wp-content\\\/uploads\\\/2022\\\/06\\\/ecosupplement-family.png\",\"width\":593,\"height\":374,\"caption\":\"Eco Supplements\"},\"image\":{\"@id\":\"https:\\\/\\\/ecosupplements.be\\\/fr\\\/#\\\/schema\\\/logo\\\/image\\\/\"}}]}<\/script>\n<meta property=\"product:brand\" content=\"Doctor&#039;s Best\" \/>\n<meta property=\"product:price:amount\" content=\"41.08\" \/>\n<meta property=\"product:price:currency\" content=\"EUR\" \/>\n<meta property=\"og:availability\" content=\"instock\" \/>\n<meta property=\"product:availability\" content=\"instock\" \/>\n<meta property=\"product:retailer_item_id\" content=\"753950005174\" \/>\n<meta property=\"product:condition\" content=\"new\" \/>\n<!-- \/ Yoast SEO Premium plugin. -->","yoast_head_json":{"title":"R\u00e9gulateurs de d\u00e9sintoxication NAC - 180 vcaps - ECO Supplements","description":"Wij hebben een ruime keuze aan producten van R\u00e9gulateurs de d\u00e9sintoxication NAC - 180 vcaps . Winkel bij Eco Supplements altijd gratis verzending boven 100\u20ac","robots":{"index":"index","follow":"follow","max-snippet":"max-snippet:-1","max-image-preview":"max-image-preview:large","max-video-preview":"max-video-preview:-1"},"canonical":"https:\/\/ecosupplements.be\/fr\/produit\/regulateurs-de-desintoxication-nac-180-vcaps\/","og_locale":"fr_FR","og_type":"article","og_title":"R\u00e9gulateurs de d\u00e9sintoxication NAC - 180 vcaps","og_description":"Wij hebben een ruime keuze aan producten van R\u00e9gulateurs de d\u00e9sintoxication NAC - 180 vcaps . Winkel bij Eco Supplements altijd gratis verzending boven 100\u20ac","og_url":"https:\/\/ecosupplements.be\/fr\/produit\/regulateurs-de-desintoxication-nac-180-vcaps\/","og_site_name":"ECO Supplements","article_modified_time":"2025-08-27T09:36:50+00:00","og_image":[{"width":750,"height":750,"url":"https:\/\/ecosupplements.be\/wp-content\/uploads\/2025\/08\/Doctors-Best-NAC-Detox-Regulators-180-vcaps-1.jpg","type":"image\/jpeg"}],"twitter_card":"summary_large_image","twitter_misc":{"Prix":"41.08&nbsp;&euro;","Disponibilit\u00e9":"En stock"},"schema":{"@context":"https:\/\/schema.org","@graph":[{"@type":["WebPage","ItemPage"],"@id":"https:\/\/ecosupplements.be\/fr\/produit\/regulateurs-de-desintoxication-nac-180-vcaps\/","url":"https:\/\/ecosupplements.be\/fr\/produit\/regulateurs-de-desintoxication-nac-180-vcaps\/","name":"R\u00e9gulateurs de d\u00e9sintoxication NAC - 180 vcaps - ECO Supplements","isPartOf":{"@id":"https:\/\/ecosupplements.be\/fr\/#website"},"primaryImageOfPage":{"@id":"https:\/\/ecosupplements.be\/fr\/produit\/regulateurs-de-desintoxication-nac-180-vcaps\/#primaryimage"},"image":{"@id":"https:\/\/ecosupplements.be\/fr\/produit\/regulateurs-de-desintoxication-nac-180-vcaps\/#primaryimage"},"thumbnailUrl":"https:\/\/ecosupplements.be\/wp-content\/uploads\/2025\/08\/Doctors-Best-NAC-Detox-Regulators-180-vcaps-1.jpg","datePublished":"2022-06-28T09:08:33+00:00","dateModified":"2025-08-27T09:36:50+00:00","description":"Wij hebben een ruime keuze aan producten van R\u00e9gulateurs de d\u00e9sintoxication NAC - 180 vcaps . Winkel bij Eco Supplements altijd gratis verzending boven 100\u20ac","breadcrumb":{"@id":"https:\/\/ecosupplements.be\/fr\/produit\/regulateurs-de-desintoxication-nac-180-vcaps\/#breadcrumb"},"inLanguage":"fr-FR","potentialAction":[{"@type":"ReadAction","target":["https:\/\/ecosupplements.be\/fr\/produit\/regulateurs-de-desintoxication-nac-180-vcaps\/"]}]},{"@type":"ImageObject","inLanguage":"fr-FR","@id":"https:\/\/ecosupplements.be\/fr\/produit\/regulateurs-de-desintoxication-nac-180-vcaps\/#primaryimage","url":"https:\/\/ecosupplements.be\/wp-content\/uploads\/2025\/08\/Doctors-Best-NAC-Detox-Regulators-180-vcaps-1.jpg","contentUrl":"https:\/\/ecosupplements.be\/wp-content\/uploads\/2025\/08\/Doctors-Best-NAC-Detox-Regulators-180-vcaps-1.jpg","width":750,"height":750},{"@type":"BreadcrumbList","@id":"https:\/\/ecosupplements.be\/fr\/produit\/regulateurs-de-desintoxication-nac-180-vcaps\/#breadcrumb","itemListElement":[{"@type":"ListItem","position":1,"name":"Home","item":"https:\/\/ecosupplements.be\/fr\/"},{"@type":"ListItem","position":2,"name":"Boutique","item":"https:\/\/ecosupplements.be\/fr\/boutique\/"},{"@type":"ListItem","position":3,"name":"R\u00e9gulateurs de d\u00e9sintoxication NAC &#8211; 180 vcaps"}]},{"@type":"WebSite","@id":"https:\/\/ecosupplements.be\/fr\/#website","url":"https:\/\/ecosupplements.be\/fr\/","name":"ECO Supplements","description":"Eco Supplements - Gezonde supplementen","publisher":{"@id":"https:\/\/ecosupplements.be\/fr\/#organization"},"potentialAction":[{"@type":"SearchAction","target":{"@type":"EntryPoint","urlTemplate":"https:\/\/ecosupplements.be\/fr\/?s={search_term_string}"},"query-input":{"@type":"PropertyValueSpecification","valueRequired":true,"valueName":"search_term_string"}}],"inLanguage":"fr-FR"},{"@type":"Organization","@id":"https:\/\/ecosupplements.be\/fr\/#organization","name":"Eco Supplements","url":"https:\/\/ecosupplements.be\/fr\/","logo":{"@type":"ImageObject","inLanguage":"fr-FR","@id":"https:\/\/ecosupplements.be\/fr\/#\/schema\/logo\/image\/","url":"https:\/\/ecosupplements.be\/wp-content\/uploads\/2022\/06\/ecosupplement-family.png","contentUrl":"https:\/\/ecosupplements.be\/wp-content\/uploads\/2022\/06\/ecosupplement-family.png","width":593,"height":374,"caption":"Eco Supplements"},"image":{"@id":"https:\/\/ecosupplements.be\/fr\/#\/schema\/logo\/image\/"}}]},"product_brand":"Doctor's Best","product_price_amount":"41.08","product_price_currency":"EUR","og_availability":"instock","product_availability":"instock","product_retailer_item_id":"753950005174","product_condition":"new"},"_links":{"self":[{"href":"https:\/\/ecosupplements.be\/fr\/wp-json\/wp\/v2\/product\/280634","targetHints":{"allow":["GET"]}}],"collection":[{"href":"https:\/\/ecosupplements.be\/fr\/wp-json\/wp\/v2\/product"}],"about":[{"href":"https:\/\/ecosupplements.be\/fr\/wp-json\/wp\/v2\/types\/product"}],"replies":[{"embeddable":true,"href":"https:\/\/ecosupplements.be\/fr\/wp-json\/wp\/v2\/comments?post=280634"}],"wp:featuredmedia":[{"embeddable":true,"href":"https:\/\/ecosupplements.be\/fr\/wp-json\/wp\/v2\/media\/243387"}],"wp:attachment":[{"href":"https:\/\/ecosupplements.be\/fr\/wp-json\/wp\/v2\/media?parent=280634"}],"wp:term":[{"taxonomy":"product_brand","embeddable":true,"href":"https:\/\/ecosupplements.be\/fr\/wp-json\/wp\/v2\/product_brand?post=280634"},{"taxonomy":"product_cat","embeddable":true,"href":"https:\/\/ecosupplements.be\/fr\/wp-json\/wp\/v2\/product_cat?post=280634"},{"taxonomy":"product_tag","embeddable":true,"href":"https:\/\/ecosupplements.be\/fr\/wp-json\/wp\/v2\/product_tag?post=280634"}],"curies":[{"name":"wp","href":"https:\/\/api.w.org\/{rel}","templated":true}]}}