{"id":280642,"date":"2022-06-28T10:08:40","date_gmt":"2022-06-28T09:08:40","guid":{"rendered":"https:\/\/ecosupplements.be\/product\/vitamine-k2-mk7-naturelle-avec-menaq7-45mcg-180-vcaps\/"},"modified":"2025-08-27T10:37:28","modified_gmt":"2025-08-27T09:37:28","slug":"vitamine-k2-mk7-naturelle-avec-menaq7-45mcg-180-vcaps","status":"publish","type":"product","link":"https:\/\/ecosupplements.be\/fr\/produit\/vitamine-k2-mk7-naturelle-avec-menaq7-45mcg-180-vcaps\/","title":{"rendered":"Vitamine K2 MK7 naturelle avec MenaQ7, 45mcg &#8211; 180 vcaps"},"content":{"rendered":"<h1 style=\"text-align: center;\">Doctor&#8217;s Best &#8211; Vitamine K2 MK7 naturelle avec MenaQ7<\/h1>\n<p>Qu&#8217;est-ce que la vitamine K2 MK7 naturelle de Doctor&#8217;s Best avec MenaQ7 ?<br \/>\nLa vitamine K2 MK7 naturelle de Doctors Best avec MenaQ7 favorise la sant\u00e9 des os et l&#8217;\u00e9lasticit\u00e9 des tissus mous et soutient le m\u00e9tabolisme du calcium pour le maintien de la sant\u00e9 des os. Elle utilise de la MenaQ7 pure, la forme sup\u00e9rieure de la vitamine K pour une biodisponibilit\u00e9 optimale. La MenaQ7 est purifi\u00e9e \u00e0 partir de pois chiches ferment\u00e9s qui sont naturellement riches en vitamine K2. La K2 appartient \u00e0 un groupe de compos\u00e9s de la vitamine K appel\u00e9s m\u00e9naquinones, qui pr\u00e9sentent une plus grande bioactivit\u00e9 par rapport \u00e0 la K1, la forme ordinaire de suppl\u00e9mentation. La K2 est absorb\u00e9e plus compl\u00e8tement, reste plus longtemps dans le corps et offre plus de b\u00e9n\u00e9fices pour les os, les vaisseaux sanguins et autres tissus mous.<br \/>\nComment cela fonctionne-t-il ?<br \/>\nLa vitamine K, une vitamine liposoluble, est principalement connue pour son r\u00f4le dans la r\u00e9gulation de la coagulation sanguine. La vitamine K existe sous deux formes principales : la phylloquinone et les m\u00e9naquinones. La phylloquinone, d\u00e9sign\u00e9e sous le nom de vitamine K1, est la principale forme pr\u00e9sente dans les aliments. Les m\u00e9naquinones, d\u00e9sign\u00e9es sous le nom de vitamine K2, sont nomm\u00e9es MK-7, MK-8 et MK9, en fonction de la longueur des cha\u00eenes lat\u00e9rales mol\u00e9culaires structurellement apparent\u00e9es attach\u00e9es \u00e0 la mol\u00e9cule m\u00e8re. Les aliments ferment\u00e9s contiennent des quantit\u00e9s substantielles de K2 et le MK-7 est la principale m\u00e9naquinone pr\u00e9sente dans les aliments ferment\u00e9s. Le MK-7 contribue au stockage optimal de la vitamine K dans l&#8217;organisme et fonctionne plus efficacement comme cofacteur pour l&#8217;activation de l&#8217;ost\u00e9ocalcine, essentielle \u00e0 la solidit\u00e9 des os. Une \u00e9tude \u00e0 grande \u00e9chelle sur les apports en vitamine K chez 5 000 N\u00e9erlandais sugg\u00e8re que la vitamine K2 pourrait contribuer \u00e0 maintenir des vaisseaux sanguins sains. Compar\u00e9s \u00e0 ceux du groupe \u00e0 faible consommation de vitamine K2\/menaquinone, les sujets dont le niveau de consommation de vitamine K2 \u00e9tait le plus \u00e9lev\u00e9 pr\u00e9sentaient une sant\u00e9 cardiaque nettement sup\u00e9rieure. Des associations similaires n&#8217;ont pas \u00e9t\u00e9 observ\u00e9es pour la vitamine K1.<\/p>\n<p><img decoding=\"async\" src=\"https:\/\/ecosupplements.be\/wp-content\/uploads\/2025\/08\/gluten-free-1.png\" title=\"Sans gluten\" alt=\"Gluten free\"><img decoding=\"async\" src=\"https:\/\/ecosupplements.be\/wp-content\/uploads\/2025\/08\/non-gmo-1.png\" title=\"Non-OGM\" alt=\"Non-GMO\"><img decoding=\"async\" src=\"https:\/\/ecosupplements.be\/wp-content\/uploads\/2025\/08\/vegan-1.png\" title=\"Vegan\" alt=\"Vegan\"><img decoding=\"async\" src=\"https:\/\/ecosupplements.be\/wp-content\/uploads\/2025\/08\/vegetarian-1.png\" title=\"V\u00e9g\u00e9tarien\" alt=\"Vegetarian\"><\/p>\n","protected":false},"excerpt":{"rendered":"<p>Doctor&#8217;s Best &#8211; Vitamine K2 MK7 naturelle avec MenaQ7 Qu&#8217;est-ce que la vitamine K2 MK7 naturelle de Doctor&#8217;s Best avec MenaQ7 ? La vitamine K2 MK7 naturelle de Doctors Best avec MenaQ7 favorise la sant\u00e9 des os et l&#8217;\u00e9lasticit\u00e9 des tissus mous et soutient le m\u00e9tabolisme du calcium pour le maintien de la sant\u00e9 des [&#8230;]\n","protected":false},"featured_media":243439,"comment_status":"open","ping_status":"open","template":"","meta":[],"product_brand":[4674],"product_cat":[5054,5055,5052,5139,5053,5059],"product_tag":[5071],"class_list":{"0":"post-280642","1":"product","2":"type-product","3":"status-publish","4":"has-post-thumbnail","6":"product_brand-doctors-best-2","7":"product_cat-nourriture-saine","8":"product_cat-produits-vegetaliens","9":"product_cat-sante-et-bien-etre","10":"product_cat-vitamine-k-vitamines-simples","11":"product_cat-vitamines-et-mineraux","12":"product_cat-vitamines-simples","13":"product_tag-ecoplus-2","15":"first","16":"instock","17":"sale","18":"taxable","19":"shipping-taxable","20":"purchasable","21":"product-type-simple"},"yoast_head":"<!-- This site is optimized with the Yoast SEO Premium plugin v27.3 (Yoast SEO v27.3) - https:\/\/yoast.com\/product\/yoast-seo-premium-wordpress\/ -->\n<title>Vitamine K2 MK7 naturelle avec MenaQ7, 45mcg - 180 vcaps - ECO Supplements<\/title>\n<meta name=\"description\" content=\"Wij hebben een ruime keuze aan producten van Vitamine K2 MK7 naturelle avec MenaQ7, 45mcg - 180 vcaps . Winkel bij Eco Supplements altijd gratis verzending boven 100\u20ac\" \/>\n<meta name=\"robots\" content=\"index, follow, max-snippet:-1, max-image-preview:large, max-video-preview:-1\" \/>\n<link rel=\"canonical\" href=\"https:\/\/ecosupplements.be\/fr\/produit\/vitamine-k2-mk7-naturelle-avec-menaq7-45mcg-180-vcaps\/\" \/>\n<meta property=\"og:locale\" content=\"fr_FR\" \/>\n<meta property=\"og:type\" content=\"article\" \/>\n<meta property=\"og:title\" content=\"Vitamine K2 MK7 naturelle avec MenaQ7, 45mcg - 180 vcaps\" \/>\n<meta property=\"og:description\" content=\"Wij hebben een ruime keuze aan producten van Vitamine K2 MK7 naturelle avec MenaQ7, 45mcg - 180 vcaps . Winkel bij Eco Supplements altijd gratis verzending boven 100\u20ac\" \/>\n<meta property=\"og:url\" content=\"https:\/\/ecosupplements.be\/fr\/produit\/vitamine-k2-mk7-naturelle-avec-menaq7-45mcg-180-vcaps\/\" \/>\n<meta property=\"og:site_name\" content=\"ECO Supplements\" \/>\n<meta property=\"article:modified_time\" content=\"2025-08-27T09:37:28+00:00\" \/>\n<meta property=\"og:image\" content=\"https:\/\/ecosupplements.be\/wp-content\/uploads\/2025\/08\/Doctors-Best-Natural-Vitamin-K2-MK7-with-MenaQ7-45mcg-180-vcaps-2.jpeg\" \/>\n\t<meta property=\"og:image:width\" content=\"500\" \/>\n\t<meta property=\"og:image:height\" content=\"500\" \/>\n\t<meta property=\"og:image:type\" content=\"image\/jpeg\" \/>\n<meta name=\"twitter:card\" content=\"summary_large_image\" \/>\n<meta name=\"twitter:label1\" content=\"Prix\" \/>\n\t<meta name=\"twitter:data1\" content=\"36.75&nbsp;&euro;\" \/>\n\t<meta name=\"twitter:label2\" content=\"Disponibilit\u00e9\" \/>\n\t<meta name=\"twitter:data2\" content=\"En stock\" \/>\n<script type=\"application\/ld+json\" class=\"yoast-schema-graph\">{\"@context\":\"https:\\\/\\\/schema.org\",\"@graph\":[{\"@type\":[\"WebPage\",\"ItemPage\"],\"@id\":\"https:\\\/\\\/ecosupplements.be\\\/fr\\\/produit\\\/vitamine-k2-mk7-naturelle-avec-menaq7-45mcg-180-vcaps\\\/\",\"url\":\"https:\\\/\\\/ecosupplements.be\\\/fr\\\/produit\\\/vitamine-k2-mk7-naturelle-avec-menaq7-45mcg-180-vcaps\\\/\",\"name\":\"Vitamine K2 MK7 naturelle avec MenaQ7, 45mcg - 180 vcaps - ECO Supplements\",\"isPartOf\":{\"@id\":\"https:\\\/\\\/ecosupplements.be\\\/fr\\\/#website\"},\"primaryImageOfPage\":{\"@id\":\"https:\\\/\\\/ecosupplements.be\\\/fr\\\/produit\\\/vitamine-k2-mk7-naturelle-avec-menaq7-45mcg-180-vcaps\\\/#primaryimage\"},\"image\":{\"@id\":\"https:\\\/\\\/ecosupplements.be\\\/fr\\\/produit\\\/vitamine-k2-mk7-naturelle-avec-menaq7-45mcg-180-vcaps\\\/#primaryimage\"},\"thumbnailUrl\":\"https:\\\/\\\/ecosupplements.be\\\/wp-content\\\/uploads\\\/2025\\\/08\\\/Doctors-Best-Natural-Vitamin-K2-MK7-with-MenaQ7-45mcg-180-vcaps-2.jpeg\",\"datePublished\":\"2022-06-28T09:08:40+00:00\",\"dateModified\":\"2025-08-27T09:37:28+00:00\",\"description\":\"Wij hebben een ruime keuze aan producten van Vitamine K2 MK7 naturelle avec MenaQ7, 45mcg - 180 vcaps . Winkel bij Eco Supplements altijd gratis verzending boven 100\u20ac\",\"breadcrumb\":{\"@id\":\"https:\\\/\\\/ecosupplements.be\\\/fr\\\/produit\\\/vitamine-k2-mk7-naturelle-avec-menaq7-45mcg-180-vcaps\\\/#breadcrumb\"},\"inLanguage\":\"fr-FR\",\"potentialAction\":[{\"@type\":\"ReadAction\",\"target\":[\"https:\\\/\\\/ecosupplements.be\\\/fr\\\/produit\\\/vitamine-k2-mk7-naturelle-avec-menaq7-45mcg-180-vcaps\\\/\"]}]},{\"@type\":\"ImageObject\",\"inLanguage\":\"fr-FR\",\"@id\":\"https:\\\/\\\/ecosupplements.be\\\/fr\\\/produit\\\/vitamine-k2-mk7-naturelle-avec-menaq7-45mcg-180-vcaps\\\/#primaryimage\",\"url\":\"https:\\\/\\\/ecosupplements.be\\\/wp-content\\\/uploads\\\/2025\\\/08\\\/Doctors-Best-Natural-Vitamin-K2-MK7-with-MenaQ7-45mcg-180-vcaps-2.jpeg\",\"contentUrl\":\"https:\\\/\\\/ecosupplements.be\\\/wp-content\\\/uploads\\\/2025\\\/08\\\/Doctors-Best-Natural-Vitamin-K2-MK7-with-MenaQ7-45mcg-180-vcaps-2.jpeg\",\"width\":500,\"height\":500},{\"@type\":\"BreadcrumbList\",\"@id\":\"https:\\\/\\\/ecosupplements.be\\\/fr\\\/produit\\\/vitamine-k2-mk7-naturelle-avec-menaq7-45mcg-180-vcaps\\\/#breadcrumb\",\"itemListElement\":[{\"@type\":\"ListItem\",\"position\":1,\"name\":\"Home\",\"item\":\"https:\\\/\\\/ecosupplements.be\\\/fr\\\/\"},{\"@type\":\"ListItem\",\"position\":2,\"name\":\"Boutique\",\"item\":\"https:\\\/\\\/ecosupplements.be\\\/fr\\\/boutique\\\/\"},{\"@type\":\"ListItem\",\"position\":3,\"name\":\"Vitamine K2 MK7 naturelle avec MenaQ7, 45mcg &#8211; 180 vcaps\"}]},{\"@type\":\"WebSite\",\"@id\":\"https:\\\/\\\/ecosupplements.be\\\/fr\\\/#website\",\"url\":\"https:\\\/\\\/ecosupplements.be\\\/fr\\\/\",\"name\":\"ECO Supplements\",\"description\":\"Eco Supplements - Gezonde supplementen\",\"publisher\":{\"@id\":\"https:\\\/\\\/ecosupplements.be\\\/fr\\\/#organization\"},\"potentialAction\":[{\"@type\":\"SearchAction\",\"target\":{\"@type\":\"EntryPoint\",\"urlTemplate\":\"https:\\\/\\\/ecosupplements.be\\\/fr\\\/?s={search_term_string}\"},\"query-input\":{\"@type\":\"PropertyValueSpecification\",\"valueRequired\":true,\"valueName\":\"search_term_string\"}}],\"inLanguage\":\"fr-FR\"},{\"@type\":\"Organization\",\"@id\":\"https:\\\/\\\/ecosupplements.be\\\/fr\\\/#organization\",\"name\":\"Eco Supplements\",\"url\":\"https:\\\/\\\/ecosupplements.be\\\/fr\\\/\",\"logo\":{\"@type\":\"ImageObject\",\"inLanguage\":\"fr-FR\",\"@id\":\"https:\\\/\\\/ecosupplements.be\\\/fr\\\/#\\\/schema\\\/logo\\\/image\\\/\",\"url\":\"https:\\\/\\\/ecosupplements.be\\\/wp-content\\\/uploads\\\/2022\\\/06\\\/ecosupplement-family.png\",\"contentUrl\":\"https:\\\/\\\/ecosupplements.be\\\/wp-content\\\/uploads\\\/2022\\\/06\\\/ecosupplement-family.png\",\"width\":593,\"height\":374,\"caption\":\"Eco Supplements\"},\"image\":{\"@id\":\"https:\\\/\\\/ecosupplements.be\\\/fr\\\/#\\\/schema\\\/logo\\\/image\\\/\"}}]}<\/script>\n<meta property=\"product:brand\" content=\"Doctor&#039;s Best\" \/>\n<meta property=\"product:price:amount\" content=\"36.75\" \/>\n<meta property=\"product:price:currency\" content=\"EUR\" \/>\n<meta property=\"og:availability\" content=\"instock\" \/>\n<meta property=\"product:availability\" content=\"instock\" \/>\n<meta property=\"product:retailer_item_id\" content=\"753950003569\" \/>\n<meta property=\"product:condition\" content=\"new\" \/>\n<!-- \/ Yoast SEO Premium plugin. -->","yoast_head_json":{"title":"Vitamine K2 MK7 naturelle avec MenaQ7, 45mcg - 180 vcaps - ECO Supplements","description":"Wij hebben een ruime keuze aan producten van Vitamine K2 MK7 naturelle avec MenaQ7, 45mcg - 180 vcaps . Winkel bij Eco Supplements altijd gratis verzending boven 100\u20ac","robots":{"index":"index","follow":"follow","max-snippet":"max-snippet:-1","max-image-preview":"max-image-preview:large","max-video-preview":"max-video-preview:-1"},"canonical":"https:\/\/ecosupplements.be\/fr\/produit\/vitamine-k2-mk7-naturelle-avec-menaq7-45mcg-180-vcaps\/","og_locale":"fr_FR","og_type":"article","og_title":"Vitamine K2 MK7 naturelle avec MenaQ7, 45mcg - 180 vcaps","og_description":"Wij hebben een ruime keuze aan producten van Vitamine K2 MK7 naturelle avec MenaQ7, 45mcg - 180 vcaps . Winkel bij Eco Supplements altijd gratis verzending boven 100\u20ac","og_url":"https:\/\/ecosupplements.be\/fr\/produit\/vitamine-k2-mk7-naturelle-avec-menaq7-45mcg-180-vcaps\/","og_site_name":"ECO Supplements","article_modified_time":"2025-08-27T09:37:28+00:00","og_image":[{"width":500,"height":500,"url":"https:\/\/ecosupplements.be\/wp-content\/uploads\/2025\/08\/Doctors-Best-Natural-Vitamin-K2-MK7-with-MenaQ7-45mcg-180-vcaps-2.jpeg","type":"image\/jpeg"}],"twitter_card":"summary_large_image","twitter_misc":{"Prix":"36.75&nbsp;&euro;","Disponibilit\u00e9":"En stock"},"schema":{"@context":"https:\/\/schema.org","@graph":[{"@type":["WebPage","ItemPage"],"@id":"https:\/\/ecosupplements.be\/fr\/produit\/vitamine-k2-mk7-naturelle-avec-menaq7-45mcg-180-vcaps\/","url":"https:\/\/ecosupplements.be\/fr\/produit\/vitamine-k2-mk7-naturelle-avec-menaq7-45mcg-180-vcaps\/","name":"Vitamine K2 MK7 naturelle avec MenaQ7, 45mcg - 180 vcaps - ECO Supplements","isPartOf":{"@id":"https:\/\/ecosupplements.be\/fr\/#website"},"primaryImageOfPage":{"@id":"https:\/\/ecosupplements.be\/fr\/produit\/vitamine-k2-mk7-naturelle-avec-menaq7-45mcg-180-vcaps\/#primaryimage"},"image":{"@id":"https:\/\/ecosupplements.be\/fr\/produit\/vitamine-k2-mk7-naturelle-avec-menaq7-45mcg-180-vcaps\/#primaryimage"},"thumbnailUrl":"https:\/\/ecosupplements.be\/wp-content\/uploads\/2025\/08\/Doctors-Best-Natural-Vitamin-K2-MK7-with-MenaQ7-45mcg-180-vcaps-2.jpeg","datePublished":"2022-06-28T09:08:40+00:00","dateModified":"2025-08-27T09:37:28+00:00","description":"Wij hebben een ruime keuze aan producten van Vitamine K2 MK7 naturelle avec MenaQ7, 45mcg - 180 vcaps . Winkel bij Eco Supplements altijd gratis verzending boven 100\u20ac","breadcrumb":{"@id":"https:\/\/ecosupplements.be\/fr\/produit\/vitamine-k2-mk7-naturelle-avec-menaq7-45mcg-180-vcaps\/#breadcrumb"},"inLanguage":"fr-FR","potentialAction":[{"@type":"ReadAction","target":["https:\/\/ecosupplements.be\/fr\/produit\/vitamine-k2-mk7-naturelle-avec-menaq7-45mcg-180-vcaps\/"]}]},{"@type":"ImageObject","inLanguage":"fr-FR","@id":"https:\/\/ecosupplements.be\/fr\/produit\/vitamine-k2-mk7-naturelle-avec-menaq7-45mcg-180-vcaps\/#primaryimage","url":"https:\/\/ecosupplements.be\/wp-content\/uploads\/2025\/08\/Doctors-Best-Natural-Vitamin-K2-MK7-with-MenaQ7-45mcg-180-vcaps-2.jpeg","contentUrl":"https:\/\/ecosupplements.be\/wp-content\/uploads\/2025\/08\/Doctors-Best-Natural-Vitamin-K2-MK7-with-MenaQ7-45mcg-180-vcaps-2.jpeg","width":500,"height":500},{"@type":"BreadcrumbList","@id":"https:\/\/ecosupplements.be\/fr\/produit\/vitamine-k2-mk7-naturelle-avec-menaq7-45mcg-180-vcaps\/#breadcrumb","itemListElement":[{"@type":"ListItem","position":1,"name":"Home","item":"https:\/\/ecosupplements.be\/fr\/"},{"@type":"ListItem","position":2,"name":"Boutique","item":"https:\/\/ecosupplements.be\/fr\/boutique\/"},{"@type":"ListItem","position":3,"name":"Vitamine K2 MK7 naturelle avec MenaQ7, 45mcg &#8211; 180 vcaps"}]},{"@type":"WebSite","@id":"https:\/\/ecosupplements.be\/fr\/#website","url":"https:\/\/ecosupplements.be\/fr\/","name":"ECO Supplements","description":"Eco Supplements - Gezonde supplementen","publisher":{"@id":"https:\/\/ecosupplements.be\/fr\/#organization"},"potentialAction":[{"@type":"SearchAction","target":{"@type":"EntryPoint","urlTemplate":"https:\/\/ecosupplements.be\/fr\/?s={search_term_string}"},"query-input":{"@type":"PropertyValueSpecification","valueRequired":true,"valueName":"search_term_string"}}],"inLanguage":"fr-FR"},{"@type":"Organization","@id":"https:\/\/ecosupplements.be\/fr\/#organization","name":"Eco Supplements","url":"https:\/\/ecosupplements.be\/fr\/","logo":{"@type":"ImageObject","inLanguage":"fr-FR","@id":"https:\/\/ecosupplements.be\/fr\/#\/schema\/logo\/image\/","url":"https:\/\/ecosupplements.be\/wp-content\/uploads\/2022\/06\/ecosupplement-family.png","contentUrl":"https:\/\/ecosupplements.be\/wp-content\/uploads\/2022\/06\/ecosupplement-family.png","width":593,"height":374,"caption":"Eco Supplements"},"image":{"@id":"https:\/\/ecosupplements.be\/fr\/#\/schema\/logo\/image\/"}}]},"product_brand":"Doctor's Best","product_price_amount":"36.75","product_price_currency":"EUR","og_availability":"instock","product_availability":"instock","product_retailer_item_id":"753950003569","product_condition":"new"},"_links":{"self":[{"href":"https:\/\/ecosupplements.be\/fr\/wp-json\/wp\/v2\/product\/280642","targetHints":{"allow":["GET"]}}],"collection":[{"href":"https:\/\/ecosupplements.be\/fr\/wp-json\/wp\/v2\/product"}],"about":[{"href":"https:\/\/ecosupplements.be\/fr\/wp-json\/wp\/v2\/types\/product"}],"replies":[{"embeddable":true,"href":"https:\/\/ecosupplements.be\/fr\/wp-json\/wp\/v2\/comments?post=280642"}],"wp:featuredmedia":[{"embeddable":true,"href":"https:\/\/ecosupplements.be\/fr\/wp-json\/wp\/v2\/media\/243439"}],"wp:attachment":[{"href":"https:\/\/ecosupplements.be\/fr\/wp-json\/wp\/v2\/media?parent=280642"}],"wp:term":[{"taxonomy":"product_brand","embeddable":true,"href":"https:\/\/ecosupplements.be\/fr\/wp-json\/wp\/v2\/product_brand?post=280642"},{"taxonomy":"product_cat","embeddable":true,"href":"https:\/\/ecosupplements.be\/fr\/wp-json\/wp\/v2\/product_cat?post=280642"},{"taxonomy":"product_tag","embeddable":true,"href":"https:\/\/ecosupplements.be\/fr\/wp-json\/wp\/v2\/product_tag?post=280642"}],"curies":[{"name":"wp","href":"https:\/\/api.w.org\/{rel}","templated":true}]}}