{"id":280647,"date":"2022-06-28T10:08:40","date_gmt":"2022-06-28T09:08:40","guid":{"rendered":"https:\/\/ecosupplements.be\/product\/phosphatidylserine-serine-avec-serinaid-100mg-120-vcaps\/"},"modified":"2025-08-27T10:37:48","modified_gmt":"2025-08-27T09:37:48","slug":"phosphatidylserine-serine-avec-serinaid-100mg-120-vcaps","status":"publish","type":"product","link":"https:\/\/ecosupplements.be\/fr\/produit\/phosphatidylserine-serine-avec-serinaid-100mg-120-vcaps\/","title":{"rendered":"Phosphatidyls\u00e9rine Serine avec SerinAid, 100mg &#8211; 120 vcaps"},"content":{"rendered":"<h1 style=\"text-align: center;\">Doctor&#8217;s Best &#8211; Phosphatidyls\u00e9rine Serine avec SerinAid<\/h1>\n<p>Qu&#8217;est-ce que la Phosphatidyls\u00e9rine de Doctor&#8217;s Best ?<br \/>\nDoctor&#8217;s Best Phosphatidylserine fournit le nutriment vital pour le cerveau, la phosphatidylserine, dans une matrice d&#8217;autres phospholipides. La phosphatidyls\u00e9rine est un \u00e9l\u00e9ment constitutif des connexions des cellules nerveuses du cerveau (synapses) qui peut am\u00e9liorer la communication entre les cellules. Plus de 30 essais cliniques en double aveugle documentent les bienfaits de la phosphatidyls\u00e9rine pour la m\u00e9moire, l&#8217;apprentissage et d&#8217;autres fonctions cognitives. La phosphatidyls\u00e9rine aide \u00e0 faire face au stress mental et physique.<br \/>\nComment cela fonctionne-t-il ?<br \/>\nLes mol\u00e9cules phospholipidiques sont des composants cl\u00e9s des membranes cellulaires qui facilitent le bon fonctionnement des cellules, l&#8217;\u00e9limination des toxines et la signalisation cellulaire. La phosphatidyls\u00e9rine (PS), l&#8217;un des plus importants de ces compos\u00e9s pour les cellules neuronales, entre pour environ 10% dans la composition des membranes des cellules neuronales. La phosphatidyls\u00e9rine peut \u00eatre fabriqu\u00e9e par l&#8217;organisme, mais une suppl\u00e9mentation en phosphatidyls\u00e9rine peut \u00eatre fortement indiqu\u00e9e \u00e0 mesure que nous vieillissons, car notre alimentation naturelle peut contenir des quantit\u00e9s sous-optimales de phosphatidyls\u00e9rine. On pense que la phosphatidyls\u00e9rine est particuli\u00e8rement importante pour maintenir la structure et la fonction g\u00e9n\u00e9rales des neurones. Un suppl\u00e9ment de phosphatidyls\u00e9rine peut \u00eatre b\u00e9n\u00e9fique \u00e0 la fonction de m\u00e9moire en permettant aux neurones des r\u00e9seaux de neurones de communiquer plus efficacement entre eux.<br \/>\nPourquoi devrais-je prendre Doctor&#8217;s Best Phosphatidylserine ?<br \/>\nLa phosphatidyls\u00e9rine et d&#8217;autres phospholipides sont des composants structurels des neurones du cerveau qui peuvent am\u00e9liorer la communication entre les cellules. Des \u00e9tudes ont montr\u00e9 la capacit\u00e9 d&#8217;un suppl\u00e9ment de phosphatidyls\u00e9rine \u00e0 soutenir une fonction cognitive saine. Elle peut am\u00e9liorer la m\u00e9moire saine et la capacit\u00e9 de r\u00e9flexion en facilitant la communication neuronale. Elle aide \u00e9galement \u00e0 soutenir l&#8217;organisme pendant les p\u00e9riodes de stress.<\/p>\n<p><img decoding=\"async\" src=\"https:\/\/ecosupplements.be\/wp-content\/uploads\/2025\/08\/gluten-free-1.png\" title=\"Sans gluten\" alt=\"Gluten free\"><\/p>\n","protected":false},"excerpt":{"rendered":"<p>Doctor&#8217;s Best &#8211; Phosphatidyls\u00e9rine Serine avec SerinAid Qu&#8217;est-ce que la Phosphatidyls\u00e9rine de Doctor&#8217;s Best ? Doctor&#8217;s Best Phosphatidylserine fournit le nutriment vital pour le cerveau, la phosphatidylserine, dans une matrice d&#8217;autres phospholipides. La phosphatidyls\u00e9rine est un \u00e9l\u00e9ment constitutif des connexions des cellules nerveuses du cerveau (synapses) qui peut am\u00e9liorer la communication entre les cellules. Plus [&#8230;]\n","protected":false},"featured_media":243468,"comment_status":"open","ping_status":"open","template":"","meta":[],"product_brand":[4674],"product_cat":[5054,5055,5052,5053],"product_tag":[5071],"class_list":{"0":"post-280647","1":"product","2":"type-product","3":"status-publish","4":"has-post-thumbnail","6":"product_brand-doctors-best-2","7":"product_cat-nourriture-saine","8":"product_cat-produits-vegetaliens","9":"product_cat-sante-et-bien-etre","10":"product_cat-vitamines-et-mineraux","11":"product_tag-ecoplus-2","13":"first","14":"instock","15":"taxable","16":"shipping-taxable","17":"purchasable","18":"product-type-simple"},"yoast_head":"<!-- This site is optimized with the Yoast SEO Premium plugin v27.3 (Yoast SEO v27.3) - https:\/\/yoast.com\/product\/yoast-seo-premium-wordpress\/ -->\n<title>Phosphatidyls\u00e9rine Serine avec SerinAid, 100mg - 120 vcaps - ECO Supplements<\/title>\n<meta name=\"description\" content=\"Wij hebben een ruime keuze aan producten van Phosphatidyls\u00e9rine Serine avec SerinAid, 100mg - 120 vcaps . Winkel bij Eco Supplements altijd gratis verzending boven 100\u20ac\" \/>\n<meta name=\"robots\" content=\"index, follow, max-snippet:-1, max-image-preview:large, max-video-preview:-1\" \/>\n<link rel=\"canonical\" href=\"https:\/\/ecosupplements.be\/fr\/produit\/phosphatidylserine-serine-avec-serinaid-100mg-120-vcaps\/\" \/>\n<meta property=\"og:locale\" content=\"fr_FR\" \/>\n<meta property=\"og:type\" content=\"article\" \/>\n<meta property=\"og:title\" content=\"Phosphatidyls\u00e9rine Serine avec SerinAid, 100mg - 120 vcaps\" \/>\n<meta property=\"og:description\" content=\"Wij hebben een ruime keuze aan producten van Phosphatidyls\u00e9rine Serine avec SerinAid, 100mg - 120 vcaps . Winkel bij Eco Supplements altijd gratis verzending boven 100\u20ac\" \/>\n<meta property=\"og:url\" content=\"https:\/\/ecosupplements.be\/fr\/produit\/phosphatidylserine-serine-avec-serinaid-100mg-120-vcaps\/\" \/>\n<meta property=\"og:site_name\" content=\"ECO Supplements\" \/>\n<meta property=\"article:modified_time\" content=\"2025-08-27T09:37:48+00:00\" \/>\n<meta property=\"og:image\" content=\"https:\/\/ecosupplements.be\/wp-content\/uploads\/2025\/08\/Doctors-Best-Phosphatidylserine-Serine-with-SerinAid-100mg-120-vcaps-1.jpeg\" \/>\n\t<meta property=\"og:image:width\" content=\"500\" \/>\n\t<meta property=\"og:image:height\" content=\"500\" \/>\n\t<meta property=\"og:image:type\" content=\"image\/jpeg\" \/>\n<meta name=\"twitter:card\" content=\"summary_large_image\" \/>\n<meta name=\"twitter:label1\" content=\"Prix\" \/>\n\t<meta name=\"twitter:data1\" content=\"46.89&nbsp;&euro;\" \/>\n\t<meta name=\"twitter:label2\" content=\"Disponibilit\u00e9\" \/>\n\t<meta name=\"twitter:data2\" content=\"En stock\" \/>\n<script type=\"application\/ld+json\" class=\"yoast-schema-graph\">{\"@context\":\"https:\\\/\\\/schema.org\",\"@graph\":[{\"@type\":[\"WebPage\",\"ItemPage\"],\"@id\":\"https:\\\/\\\/ecosupplements.be\\\/fr\\\/produit\\\/phosphatidylserine-serine-avec-serinaid-100mg-120-vcaps\\\/\",\"url\":\"https:\\\/\\\/ecosupplements.be\\\/fr\\\/produit\\\/phosphatidylserine-serine-avec-serinaid-100mg-120-vcaps\\\/\",\"name\":\"Phosphatidyls\u00e9rine Serine avec SerinAid, 100mg - 120 vcaps - ECO Supplements\",\"isPartOf\":{\"@id\":\"https:\\\/\\\/ecosupplements.be\\\/fr\\\/#website\"},\"primaryImageOfPage\":{\"@id\":\"https:\\\/\\\/ecosupplements.be\\\/fr\\\/produit\\\/phosphatidylserine-serine-avec-serinaid-100mg-120-vcaps\\\/#primaryimage\"},\"image\":{\"@id\":\"https:\\\/\\\/ecosupplements.be\\\/fr\\\/produit\\\/phosphatidylserine-serine-avec-serinaid-100mg-120-vcaps\\\/#primaryimage\"},\"thumbnailUrl\":\"https:\\\/\\\/ecosupplements.be\\\/wp-content\\\/uploads\\\/2025\\\/08\\\/Doctors-Best-Phosphatidylserine-Serine-with-SerinAid-100mg-120-vcaps-1.jpeg\",\"datePublished\":\"2022-06-28T09:08:40+00:00\",\"dateModified\":\"2025-08-27T09:37:48+00:00\",\"description\":\"Wij hebben een ruime keuze aan producten van Phosphatidyls\u00e9rine Serine avec SerinAid, 100mg - 120 vcaps . Winkel bij Eco Supplements altijd gratis verzending boven 100\u20ac\",\"breadcrumb\":{\"@id\":\"https:\\\/\\\/ecosupplements.be\\\/fr\\\/produit\\\/phosphatidylserine-serine-avec-serinaid-100mg-120-vcaps\\\/#breadcrumb\"},\"inLanguage\":\"fr-FR\",\"potentialAction\":[{\"@type\":\"ReadAction\",\"target\":[\"https:\\\/\\\/ecosupplements.be\\\/fr\\\/produit\\\/phosphatidylserine-serine-avec-serinaid-100mg-120-vcaps\\\/\"]}]},{\"@type\":\"ImageObject\",\"inLanguage\":\"fr-FR\",\"@id\":\"https:\\\/\\\/ecosupplements.be\\\/fr\\\/produit\\\/phosphatidylserine-serine-avec-serinaid-100mg-120-vcaps\\\/#primaryimage\",\"url\":\"https:\\\/\\\/ecosupplements.be\\\/wp-content\\\/uploads\\\/2025\\\/08\\\/Doctors-Best-Phosphatidylserine-Serine-with-SerinAid-100mg-120-vcaps-1.jpeg\",\"contentUrl\":\"https:\\\/\\\/ecosupplements.be\\\/wp-content\\\/uploads\\\/2025\\\/08\\\/Doctors-Best-Phosphatidylserine-Serine-with-SerinAid-100mg-120-vcaps-1.jpeg\",\"width\":500,\"height\":500},{\"@type\":\"BreadcrumbList\",\"@id\":\"https:\\\/\\\/ecosupplements.be\\\/fr\\\/produit\\\/phosphatidylserine-serine-avec-serinaid-100mg-120-vcaps\\\/#breadcrumb\",\"itemListElement\":[{\"@type\":\"ListItem\",\"position\":1,\"name\":\"Home\",\"item\":\"https:\\\/\\\/ecosupplements.be\\\/fr\\\/\"},{\"@type\":\"ListItem\",\"position\":2,\"name\":\"Boutique\",\"item\":\"https:\\\/\\\/ecosupplements.be\\\/fr\\\/boutique\\\/\"},{\"@type\":\"ListItem\",\"position\":3,\"name\":\"Phosphatidyls\u00e9rine Serine avec SerinAid, 100mg &#8211; 120 vcaps\"}]},{\"@type\":\"WebSite\",\"@id\":\"https:\\\/\\\/ecosupplements.be\\\/fr\\\/#website\",\"url\":\"https:\\\/\\\/ecosupplements.be\\\/fr\\\/\",\"name\":\"ECO Supplements\",\"description\":\"Eco Supplements - Gezonde supplementen\",\"publisher\":{\"@id\":\"https:\\\/\\\/ecosupplements.be\\\/fr\\\/#organization\"},\"potentialAction\":[{\"@type\":\"SearchAction\",\"target\":{\"@type\":\"EntryPoint\",\"urlTemplate\":\"https:\\\/\\\/ecosupplements.be\\\/fr\\\/?s={search_term_string}\"},\"query-input\":{\"@type\":\"PropertyValueSpecification\",\"valueRequired\":true,\"valueName\":\"search_term_string\"}}],\"inLanguage\":\"fr-FR\"},{\"@type\":\"Organization\",\"@id\":\"https:\\\/\\\/ecosupplements.be\\\/fr\\\/#organization\",\"name\":\"Eco Supplements\",\"url\":\"https:\\\/\\\/ecosupplements.be\\\/fr\\\/\",\"logo\":{\"@type\":\"ImageObject\",\"inLanguage\":\"fr-FR\",\"@id\":\"https:\\\/\\\/ecosupplements.be\\\/fr\\\/#\\\/schema\\\/logo\\\/image\\\/\",\"url\":\"https:\\\/\\\/ecosupplements.be\\\/wp-content\\\/uploads\\\/2022\\\/06\\\/ecosupplement-family.png\",\"contentUrl\":\"https:\\\/\\\/ecosupplements.be\\\/wp-content\\\/uploads\\\/2022\\\/06\\\/ecosupplement-family.png\",\"width\":593,\"height\":374,\"caption\":\"Eco Supplements\"},\"image\":{\"@id\":\"https:\\\/\\\/ecosupplements.be\\\/fr\\\/#\\\/schema\\\/logo\\\/image\\\/\"}}]}<\/script>\n<meta property=\"product:brand\" content=\"Doctor&#039;s Best\" \/>\n<meta property=\"product:price:amount\" content=\"46.89\" \/>\n<meta property=\"product:price:currency\" content=\"EUR\" \/>\n<meta property=\"og:availability\" content=\"instock\" \/>\n<meta property=\"product:availability\" content=\"instock\" \/>\n<meta property=\"product:retailer_item_id\" content=\"753950002203\" \/>\n<meta property=\"product:condition\" content=\"new\" \/>\n<!-- \/ Yoast SEO Premium plugin. -->","yoast_head_json":{"title":"Phosphatidyls\u00e9rine Serine avec SerinAid, 100mg - 120 vcaps - ECO Supplements","description":"Wij hebben een ruime keuze aan producten van Phosphatidyls\u00e9rine Serine avec SerinAid, 100mg - 120 vcaps . Winkel bij Eco Supplements altijd gratis verzending boven 100\u20ac","robots":{"index":"index","follow":"follow","max-snippet":"max-snippet:-1","max-image-preview":"max-image-preview:large","max-video-preview":"max-video-preview:-1"},"canonical":"https:\/\/ecosupplements.be\/fr\/produit\/phosphatidylserine-serine-avec-serinaid-100mg-120-vcaps\/","og_locale":"fr_FR","og_type":"article","og_title":"Phosphatidyls\u00e9rine Serine avec SerinAid, 100mg - 120 vcaps","og_description":"Wij hebben een ruime keuze aan producten van Phosphatidyls\u00e9rine Serine avec SerinAid, 100mg - 120 vcaps . Winkel bij Eco Supplements altijd gratis verzending boven 100\u20ac","og_url":"https:\/\/ecosupplements.be\/fr\/produit\/phosphatidylserine-serine-avec-serinaid-100mg-120-vcaps\/","og_site_name":"ECO Supplements","article_modified_time":"2025-08-27T09:37:48+00:00","og_image":[{"width":500,"height":500,"url":"https:\/\/ecosupplements.be\/wp-content\/uploads\/2025\/08\/Doctors-Best-Phosphatidylserine-Serine-with-SerinAid-100mg-120-vcaps-1.jpeg","type":"image\/jpeg"}],"twitter_card":"summary_large_image","twitter_misc":{"Prix":"46.89&nbsp;&euro;","Disponibilit\u00e9":"En stock"},"schema":{"@context":"https:\/\/schema.org","@graph":[{"@type":["WebPage","ItemPage"],"@id":"https:\/\/ecosupplements.be\/fr\/produit\/phosphatidylserine-serine-avec-serinaid-100mg-120-vcaps\/","url":"https:\/\/ecosupplements.be\/fr\/produit\/phosphatidylserine-serine-avec-serinaid-100mg-120-vcaps\/","name":"Phosphatidyls\u00e9rine Serine avec SerinAid, 100mg - 120 vcaps - ECO Supplements","isPartOf":{"@id":"https:\/\/ecosupplements.be\/fr\/#website"},"primaryImageOfPage":{"@id":"https:\/\/ecosupplements.be\/fr\/produit\/phosphatidylserine-serine-avec-serinaid-100mg-120-vcaps\/#primaryimage"},"image":{"@id":"https:\/\/ecosupplements.be\/fr\/produit\/phosphatidylserine-serine-avec-serinaid-100mg-120-vcaps\/#primaryimage"},"thumbnailUrl":"https:\/\/ecosupplements.be\/wp-content\/uploads\/2025\/08\/Doctors-Best-Phosphatidylserine-Serine-with-SerinAid-100mg-120-vcaps-1.jpeg","datePublished":"2022-06-28T09:08:40+00:00","dateModified":"2025-08-27T09:37:48+00:00","description":"Wij hebben een ruime keuze aan producten van Phosphatidyls\u00e9rine Serine avec SerinAid, 100mg - 120 vcaps . Winkel bij Eco Supplements altijd gratis verzending boven 100\u20ac","breadcrumb":{"@id":"https:\/\/ecosupplements.be\/fr\/produit\/phosphatidylserine-serine-avec-serinaid-100mg-120-vcaps\/#breadcrumb"},"inLanguage":"fr-FR","potentialAction":[{"@type":"ReadAction","target":["https:\/\/ecosupplements.be\/fr\/produit\/phosphatidylserine-serine-avec-serinaid-100mg-120-vcaps\/"]}]},{"@type":"ImageObject","inLanguage":"fr-FR","@id":"https:\/\/ecosupplements.be\/fr\/produit\/phosphatidylserine-serine-avec-serinaid-100mg-120-vcaps\/#primaryimage","url":"https:\/\/ecosupplements.be\/wp-content\/uploads\/2025\/08\/Doctors-Best-Phosphatidylserine-Serine-with-SerinAid-100mg-120-vcaps-1.jpeg","contentUrl":"https:\/\/ecosupplements.be\/wp-content\/uploads\/2025\/08\/Doctors-Best-Phosphatidylserine-Serine-with-SerinAid-100mg-120-vcaps-1.jpeg","width":500,"height":500},{"@type":"BreadcrumbList","@id":"https:\/\/ecosupplements.be\/fr\/produit\/phosphatidylserine-serine-avec-serinaid-100mg-120-vcaps\/#breadcrumb","itemListElement":[{"@type":"ListItem","position":1,"name":"Home","item":"https:\/\/ecosupplements.be\/fr\/"},{"@type":"ListItem","position":2,"name":"Boutique","item":"https:\/\/ecosupplements.be\/fr\/boutique\/"},{"@type":"ListItem","position":3,"name":"Phosphatidyls\u00e9rine Serine avec SerinAid, 100mg &#8211; 120 vcaps"}]},{"@type":"WebSite","@id":"https:\/\/ecosupplements.be\/fr\/#website","url":"https:\/\/ecosupplements.be\/fr\/","name":"ECO Supplements","description":"Eco Supplements - Gezonde supplementen","publisher":{"@id":"https:\/\/ecosupplements.be\/fr\/#organization"},"potentialAction":[{"@type":"SearchAction","target":{"@type":"EntryPoint","urlTemplate":"https:\/\/ecosupplements.be\/fr\/?s={search_term_string}"},"query-input":{"@type":"PropertyValueSpecification","valueRequired":true,"valueName":"search_term_string"}}],"inLanguage":"fr-FR"},{"@type":"Organization","@id":"https:\/\/ecosupplements.be\/fr\/#organization","name":"Eco Supplements","url":"https:\/\/ecosupplements.be\/fr\/","logo":{"@type":"ImageObject","inLanguage":"fr-FR","@id":"https:\/\/ecosupplements.be\/fr\/#\/schema\/logo\/image\/","url":"https:\/\/ecosupplements.be\/wp-content\/uploads\/2022\/06\/ecosupplement-family.png","contentUrl":"https:\/\/ecosupplements.be\/wp-content\/uploads\/2022\/06\/ecosupplement-family.png","width":593,"height":374,"caption":"Eco Supplements"},"image":{"@id":"https:\/\/ecosupplements.be\/fr\/#\/schema\/logo\/image\/"}}]},"product_brand":"Doctor's Best","product_price_amount":"46.89","product_price_currency":"EUR","og_availability":"instock","product_availability":"instock","product_retailer_item_id":"753950002203","product_condition":"new"},"_links":{"self":[{"href":"https:\/\/ecosupplements.be\/fr\/wp-json\/wp\/v2\/product\/280647","targetHints":{"allow":["GET"]}}],"collection":[{"href":"https:\/\/ecosupplements.be\/fr\/wp-json\/wp\/v2\/product"}],"about":[{"href":"https:\/\/ecosupplements.be\/fr\/wp-json\/wp\/v2\/types\/product"}],"replies":[{"embeddable":true,"href":"https:\/\/ecosupplements.be\/fr\/wp-json\/wp\/v2\/comments?post=280647"}],"wp:featuredmedia":[{"embeddable":true,"href":"https:\/\/ecosupplements.be\/fr\/wp-json\/wp\/v2\/media\/243468"}],"wp:attachment":[{"href":"https:\/\/ecosupplements.be\/fr\/wp-json\/wp\/v2\/media?parent=280647"}],"wp:term":[{"taxonomy":"product_brand","embeddable":true,"href":"https:\/\/ecosupplements.be\/fr\/wp-json\/wp\/v2\/product_brand?post=280647"},{"taxonomy":"product_cat","embeddable":true,"href":"https:\/\/ecosupplements.be\/fr\/wp-json\/wp\/v2\/product_cat?post=280647"},{"taxonomy":"product_tag","embeddable":true,"href":"https:\/\/ecosupplements.be\/fr\/wp-json\/wp\/v2\/product_tag?post=280647"}],"curies":[{"name":"wp","href":"https:\/\/api.w.org\/{rel}","templated":true}]}}