{"id":280650,"date":"2022-06-28T10:08:40","date_gmt":"2022-06-28T09:08:40","guid":{"rendered":"https:\/\/ecosupplements.be\/product\/enzymes-proteolytiques-90-vcaps\/"},"modified":"2025-08-27T10:38:05","modified_gmt":"2025-08-27T09:38:05","slug":"enzymes-proteolytiques-90-vcaps","status":"publish","type":"product","link":"https:\/\/ecosupplements.be\/fr\/produit\/enzymes-proteolytiques-90-vcaps\/","title":{"rendered":"Enzymes prot\u00e9olytiques &#8211; 90 vcaps"},"content":{"rendered":"<h1 style=\"text-align: center;\">Enzymes prot\u00e9olytiques<\/h1>\n<p>Qu&#8217;est-ce que les enzymes prot\u00e9olytiques Doctor&#8217;s Best ?<br \/>\nDoctor&#8217;s Best Proteolytic Enzymes fournit un large spectre d&#8217;enzymes prot\u00e9olytiques v\u00e9g\u00e9tariennes qui apportent un soutien \u00e0 la sant\u00e9 des muscles, des articulations et des tissus en g\u00e9n\u00e9ral. Les enzymes prot\u00e9olytiques aident l&#8217;organisme \u00e0 dig\u00e9rer et \u00e0 convertir les prot\u00e9ines en leurs acides amin\u00e9s constitutifs. Les enzymes sont n\u00e9cessaires pour faciliter de nombreuses r\u00e9actions chimiques diverses dans l&#8217;organisme. La suppl\u00e9mentation en enzymes prot\u00e9olytiques augmente de nombreuses fonctions m\u00e9taboliques r\u00e9alis\u00e9es par les enzymes produites de fa\u00e7on endog\u00e8ne.<br \/>\nComment cela fonctionne-t-il ?<br \/>\nDoctor&#8217;s Best Proteolytic Enzymes est une formule d&#8217;enzymes prot\u00e9olytiques de haute qualit\u00e9 \u00e0 large spectre qui comprend une vari\u00e9t\u00e9 de prot\u00e9ases v\u00e9g\u00e9tales, bact\u00e9riennes et fongiques. L&#8217;objectif \u00e9tait de cr\u00e9er un m\u00e9lange qui fonctionne \u00e0 une vari\u00e9t\u00e9 de niveaux de pH pour soutenir les besoins enzymatiques du corps. Le maintien d&#8217;une fonction enzymatique optimale est un facteur cl\u00e9 pour soutenir la sant\u00e9 et le bien-\u00eatre. Prot\u00e9ases &#8211; types d&#8217;enzymes dont la fonction catalytique consiste \u00e0 hydrolyser (briser) les liaisons prot\u00e9iques. Les prot\u00e9ases diff\u00e8rent par leur capacit\u00e9 \u00e0 hydrolyser diverses liaisons peptidiques. Les prot\u00e9ases bact\u00e9riennes sont g\u00e9n\u00e9ralement actives de fa\u00e7on optimale dans des conditions alcalines, les prot\u00e9ases fongiques dans des conditions plus acides, et les prot\u00e9ases neutres (provenant de bact\u00e9ries) sont actives \u00e0 un pH neutre. Brom\u00e9la\u00efne &#8211; est une famille d&#8217;enzymes prot\u00e9olytiques d\u00e9riv\u00e9es de la plante d&#8217;ananas. La brom\u00e9la\u00efne a une vari\u00e9t\u00e9 de m\u00e9canismes physiologiques par lesquels elle exerce ses effets. Papa\u00efne &#8211; une enzyme prot\u00e9olytique d\u00e9riv\u00e9e de la papaye non m\u00fbre. Traditionnellement utilis\u00e9e en combinaison avec la brom\u00e9la\u00efne. Serratiopeptidase &#8211; Il a \u00e9t\u00e9 d\u00e9montr\u00e9 que cette enzyme prot\u00e9olytique est plus puissante que les enzymes prot\u00e9olytiques produites dans le pancr\u00e9as, la chymotrypsine et la trypsine. Amylase fongique &#8211; une enzyme d\u00e9riv\u00e9e du champignon Aspergillus oryza. Elle d\u00e9compose les glucides, comme l&#8217;amidon, et le glycog\u00e8ne. Lipase &#8211; la principale enzyme responsable de la d\u00e9composition des graisses. Les lipases hydrolysent les triglyc\u00e9rides (graisses) en leurs composants, les mol\u00e9cules d&#8217;acide gras et de glyc\u00e9rol.<\/p>\n<p><img decoding=\"async\" src=\"https:\/\/ecosupplements.be\/wp-content\/uploads\/2025\/08\/gluten-free-1.png\" title=\"Sans gluten\" alt=\"Gluten free\"><br \/>\n<img decoding=\"async\" src=\"https:\/\/ecosupplements.be\/wp-content\/uploads\/2025\/08\/non-gmo-1.png\" title=\"Non-OGM\" alt=\"Non-GMO\"><br \/>\n<img decoding=\"async\" src=\"https:\/\/ecosupplements.be\/wp-content\/uploads\/2025\/08\/vegetarian-1.png\" title=\"V\u00e9g\u00e9tarien\" alt=\"Vegetarian\"><\/p>\n","protected":false},"excerpt":{"rendered":"<p>Enzymes prot\u00e9olytiques Qu&#8217;est-ce que les enzymes prot\u00e9olytiques Doctor&#8217;s Best ? Doctor&#8217;s Best Proteolytic Enzymes fournit un large spectre d&#8217;enzymes prot\u00e9olytiques v\u00e9g\u00e9tariennes qui apportent un soutien \u00e0 la sant\u00e9 des muscles, des articulations et des tissus en g\u00e9n\u00e9ral. Les enzymes prot\u00e9olytiques aident l&#8217;organisme \u00e0 dig\u00e9rer et \u00e0 convertir les prot\u00e9ines en leurs acides amin\u00e9s constitutifs. Les [&#8230;]\n","protected":false},"featured_media":243483,"comment_status":"open","ping_status":"open","template":"","meta":[],"product_brand":[4674],"product_cat":[5088,5093,5087,5052],"product_tag":[5071],"class_list":{"0":"post-280650","1":"product","2":"type-product","3":"status-publish","4":"has-post-thumbnail","6":"product_brand-doctors-best-2","7":"product_cat-enzymes","8":"product_cat-sante-digestive","9":"product_cat-sante-digestive-fibres","10":"product_cat-sante-et-bien-etre","11":"product_tag-ecoplus-2","13":"first","14":"instock","15":"taxable","16":"shipping-taxable","17":"purchasable","18":"product-type-simple"},"yoast_head":"<!-- This site is optimized with the Yoast SEO Premium plugin v27.3 (Yoast SEO v27.3) - https:\/\/yoast.com\/product\/yoast-seo-premium-wordpress\/ -->\n<title>Enzymes prot\u00e9olytiques - 90 vcaps - ECO Supplements<\/title>\n<meta name=\"description\" content=\"Wij hebben een ruime keuze aan producten van Enzymes prot\u00e9olytiques - 90 vcaps . Winkel bij Eco Supplements altijd gratis verzending boven 100\u20ac\" \/>\n<meta name=\"robots\" content=\"index, follow, max-snippet:-1, max-image-preview:large, max-video-preview:-1\" \/>\n<link rel=\"canonical\" href=\"https:\/\/ecosupplements.be\/fr\/produit\/enzymes-proteolytiques-90-vcaps\/\" \/>\n<meta property=\"og:locale\" content=\"fr_FR\" \/>\n<meta property=\"og:type\" content=\"article\" \/>\n<meta property=\"og:title\" content=\"Enzymes prot\u00e9olytiques - 90 vcaps\" \/>\n<meta property=\"og:description\" content=\"Wij hebben een ruime keuze aan producten van Enzymes prot\u00e9olytiques - 90 vcaps . Winkel bij Eco Supplements altijd gratis verzending boven 100\u20ac\" \/>\n<meta property=\"og:url\" content=\"https:\/\/ecosupplements.be\/fr\/produit\/enzymes-proteolytiques-90-vcaps\/\" \/>\n<meta property=\"og:site_name\" content=\"ECO Supplements\" \/>\n<meta property=\"article:modified_time\" content=\"2025-08-27T09:38:05+00:00\" \/>\n<meta property=\"og:image\" content=\"https:\/\/ecosupplements.be\/wp-content\/uploads\/2025\/08\/Doctors-Best-Proteolytic-Enzymes-90-vcaps-1.jpeg\" \/>\n\t<meta property=\"og:image:width\" content=\"500\" \/>\n\t<meta property=\"og:image:height\" content=\"500\" \/>\n\t<meta property=\"og:image:type\" content=\"image\/jpeg\" \/>\n<meta name=\"twitter:card\" content=\"summary_large_image\" \/>\n<meta name=\"twitter:label1\" content=\"Prix\" \/>\n\t<meta name=\"twitter:data1\" content=\"48.78&nbsp;&euro;\" \/>\n\t<meta name=\"twitter:label2\" content=\"Disponibilit\u00e9\" \/>\n\t<meta name=\"twitter:data2\" content=\"En stock\" \/>\n<script type=\"application\/ld+json\" class=\"yoast-schema-graph\">{\"@context\":\"https:\\\/\\\/schema.org\",\"@graph\":[{\"@type\":[\"WebPage\",\"ItemPage\"],\"@id\":\"https:\\\/\\\/ecosupplements.be\\\/fr\\\/produit\\\/enzymes-proteolytiques-90-vcaps\\\/\",\"url\":\"https:\\\/\\\/ecosupplements.be\\\/fr\\\/produit\\\/enzymes-proteolytiques-90-vcaps\\\/\",\"name\":\"Enzymes prot\u00e9olytiques - 90 vcaps - ECO Supplements\",\"isPartOf\":{\"@id\":\"https:\\\/\\\/ecosupplements.be\\\/fr\\\/#website\"},\"primaryImageOfPage\":{\"@id\":\"https:\\\/\\\/ecosupplements.be\\\/fr\\\/produit\\\/enzymes-proteolytiques-90-vcaps\\\/#primaryimage\"},\"image\":{\"@id\":\"https:\\\/\\\/ecosupplements.be\\\/fr\\\/produit\\\/enzymes-proteolytiques-90-vcaps\\\/#primaryimage\"},\"thumbnailUrl\":\"https:\\\/\\\/ecosupplements.be\\\/wp-content\\\/uploads\\\/2025\\\/08\\\/Doctors-Best-Proteolytic-Enzymes-90-vcaps-1.jpeg\",\"datePublished\":\"2022-06-28T09:08:40+00:00\",\"dateModified\":\"2025-08-27T09:38:05+00:00\",\"description\":\"Wij hebben een ruime keuze aan producten van Enzymes prot\u00e9olytiques - 90 vcaps . Winkel bij Eco Supplements altijd gratis verzending boven 100\u20ac\",\"breadcrumb\":{\"@id\":\"https:\\\/\\\/ecosupplements.be\\\/fr\\\/produit\\\/enzymes-proteolytiques-90-vcaps\\\/#breadcrumb\"},\"inLanguage\":\"fr-FR\",\"potentialAction\":[{\"@type\":\"ReadAction\",\"target\":[\"https:\\\/\\\/ecosupplements.be\\\/fr\\\/produit\\\/enzymes-proteolytiques-90-vcaps\\\/\"]}]},{\"@type\":\"ImageObject\",\"inLanguage\":\"fr-FR\",\"@id\":\"https:\\\/\\\/ecosupplements.be\\\/fr\\\/produit\\\/enzymes-proteolytiques-90-vcaps\\\/#primaryimage\",\"url\":\"https:\\\/\\\/ecosupplements.be\\\/wp-content\\\/uploads\\\/2025\\\/08\\\/Doctors-Best-Proteolytic-Enzymes-90-vcaps-1.jpeg\",\"contentUrl\":\"https:\\\/\\\/ecosupplements.be\\\/wp-content\\\/uploads\\\/2025\\\/08\\\/Doctors-Best-Proteolytic-Enzymes-90-vcaps-1.jpeg\",\"width\":500,\"height\":500},{\"@type\":\"BreadcrumbList\",\"@id\":\"https:\\\/\\\/ecosupplements.be\\\/fr\\\/produit\\\/enzymes-proteolytiques-90-vcaps\\\/#breadcrumb\",\"itemListElement\":[{\"@type\":\"ListItem\",\"position\":1,\"name\":\"Home\",\"item\":\"https:\\\/\\\/ecosupplements.be\\\/fr\\\/\"},{\"@type\":\"ListItem\",\"position\":2,\"name\":\"Boutique\",\"item\":\"https:\\\/\\\/ecosupplements.be\\\/fr\\\/boutique\\\/\"},{\"@type\":\"ListItem\",\"position\":3,\"name\":\"Enzymes prot\u00e9olytiques &#8211; 90 vcaps\"}]},{\"@type\":\"WebSite\",\"@id\":\"https:\\\/\\\/ecosupplements.be\\\/fr\\\/#website\",\"url\":\"https:\\\/\\\/ecosupplements.be\\\/fr\\\/\",\"name\":\"ECO Supplements\",\"description\":\"Eco Supplements - Gezonde supplementen\",\"publisher\":{\"@id\":\"https:\\\/\\\/ecosupplements.be\\\/fr\\\/#organization\"},\"potentialAction\":[{\"@type\":\"SearchAction\",\"target\":{\"@type\":\"EntryPoint\",\"urlTemplate\":\"https:\\\/\\\/ecosupplements.be\\\/fr\\\/?s={search_term_string}\"},\"query-input\":{\"@type\":\"PropertyValueSpecification\",\"valueRequired\":true,\"valueName\":\"search_term_string\"}}],\"inLanguage\":\"fr-FR\"},{\"@type\":\"Organization\",\"@id\":\"https:\\\/\\\/ecosupplements.be\\\/fr\\\/#organization\",\"name\":\"Eco Supplements\",\"url\":\"https:\\\/\\\/ecosupplements.be\\\/fr\\\/\",\"logo\":{\"@type\":\"ImageObject\",\"inLanguage\":\"fr-FR\",\"@id\":\"https:\\\/\\\/ecosupplements.be\\\/fr\\\/#\\\/schema\\\/logo\\\/image\\\/\",\"url\":\"https:\\\/\\\/ecosupplements.be\\\/wp-content\\\/uploads\\\/2022\\\/06\\\/ecosupplement-family.png\",\"contentUrl\":\"https:\\\/\\\/ecosupplements.be\\\/wp-content\\\/uploads\\\/2022\\\/06\\\/ecosupplement-family.png\",\"width\":593,\"height\":374,\"caption\":\"Eco Supplements\"},\"image\":{\"@id\":\"https:\\\/\\\/ecosupplements.be\\\/fr\\\/#\\\/schema\\\/logo\\\/image\\\/\"}}]}<\/script>\n<meta property=\"product:brand\" content=\"Doctor&#039;s Best\" \/>\n<meta property=\"product:price:amount\" content=\"48.78\" \/>\n<meta property=\"product:price:currency\" content=\"EUR\" \/>\n<meta property=\"og:availability\" content=\"instock\" \/>\n<meta property=\"product:availability\" content=\"instock\" \/>\n<meta property=\"product:retailer_item_id\" content=\"753950001848\" \/>\n<meta property=\"product:condition\" content=\"new\" \/>\n<!-- \/ Yoast SEO Premium plugin. -->","yoast_head_json":{"title":"Enzymes prot\u00e9olytiques - 90 vcaps - ECO Supplements","description":"Wij hebben een ruime keuze aan producten van Enzymes prot\u00e9olytiques - 90 vcaps . Winkel bij Eco Supplements altijd gratis verzending boven 100\u20ac","robots":{"index":"index","follow":"follow","max-snippet":"max-snippet:-1","max-image-preview":"max-image-preview:large","max-video-preview":"max-video-preview:-1"},"canonical":"https:\/\/ecosupplements.be\/fr\/produit\/enzymes-proteolytiques-90-vcaps\/","og_locale":"fr_FR","og_type":"article","og_title":"Enzymes prot\u00e9olytiques - 90 vcaps","og_description":"Wij hebben een ruime keuze aan producten van Enzymes prot\u00e9olytiques - 90 vcaps . Winkel bij Eco Supplements altijd gratis verzending boven 100\u20ac","og_url":"https:\/\/ecosupplements.be\/fr\/produit\/enzymes-proteolytiques-90-vcaps\/","og_site_name":"ECO Supplements","article_modified_time":"2025-08-27T09:38:05+00:00","og_image":[{"width":500,"height":500,"url":"https:\/\/ecosupplements.be\/wp-content\/uploads\/2025\/08\/Doctors-Best-Proteolytic-Enzymes-90-vcaps-1.jpeg","type":"image\/jpeg"}],"twitter_card":"summary_large_image","twitter_misc":{"Prix":"48.78&nbsp;&euro;","Disponibilit\u00e9":"En stock"},"schema":{"@context":"https:\/\/schema.org","@graph":[{"@type":["WebPage","ItemPage"],"@id":"https:\/\/ecosupplements.be\/fr\/produit\/enzymes-proteolytiques-90-vcaps\/","url":"https:\/\/ecosupplements.be\/fr\/produit\/enzymes-proteolytiques-90-vcaps\/","name":"Enzymes prot\u00e9olytiques - 90 vcaps - ECO Supplements","isPartOf":{"@id":"https:\/\/ecosupplements.be\/fr\/#website"},"primaryImageOfPage":{"@id":"https:\/\/ecosupplements.be\/fr\/produit\/enzymes-proteolytiques-90-vcaps\/#primaryimage"},"image":{"@id":"https:\/\/ecosupplements.be\/fr\/produit\/enzymes-proteolytiques-90-vcaps\/#primaryimage"},"thumbnailUrl":"https:\/\/ecosupplements.be\/wp-content\/uploads\/2025\/08\/Doctors-Best-Proteolytic-Enzymes-90-vcaps-1.jpeg","datePublished":"2022-06-28T09:08:40+00:00","dateModified":"2025-08-27T09:38:05+00:00","description":"Wij hebben een ruime keuze aan producten van Enzymes prot\u00e9olytiques - 90 vcaps . Winkel bij Eco Supplements altijd gratis verzending boven 100\u20ac","breadcrumb":{"@id":"https:\/\/ecosupplements.be\/fr\/produit\/enzymes-proteolytiques-90-vcaps\/#breadcrumb"},"inLanguage":"fr-FR","potentialAction":[{"@type":"ReadAction","target":["https:\/\/ecosupplements.be\/fr\/produit\/enzymes-proteolytiques-90-vcaps\/"]}]},{"@type":"ImageObject","inLanguage":"fr-FR","@id":"https:\/\/ecosupplements.be\/fr\/produit\/enzymes-proteolytiques-90-vcaps\/#primaryimage","url":"https:\/\/ecosupplements.be\/wp-content\/uploads\/2025\/08\/Doctors-Best-Proteolytic-Enzymes-90-vcaps-1.jpeg","contentUrl":"https:\/\/ecosupplements.be\/wp-content\/uploads\/2025\/08\/Doctors-Best-Proteolytic-Enzymes-90-vcaps-1.jpeg","width":500,"height":500},{"@type":"BreadcrumbList","@id":"https:\/\/ecosupplements.be\/fr\/produit\/enzymes-proteolytiques-90-vcaps\/#breadcrumb","itemListElement":[{"@type":"ListItem","position":1,"name":"Home","item":"https:\/\/ecosupplements.be\/fr\/"},{"@type":"ListItem","position":2,"name":"Boutique","item":"https:\/\/ecosupplements.be\/fr\/boutique\/"},{"@type":"ListItem","position":3,"name":"Enzymes prot\u00e9olytiques &#8211; 90 vcaps"}]},{"@type":"WebSite","@id":"https:\/\/ecosupplements.be\/fr\/#website","url":"https:\/\/ecosupplements.be\/fr\/","name":"ECO Supplements","description":"Eco Supplements - Gezonde supplementen","publisher":{"@id":"https:\/\/ecosupplements.be\/fr\/#organization"},"potentialAction":[{"@type":"SearchAction","target":{"@type":"EntryPoint","urlTemplate":"https:\/\/ecosupplements.be\/fr\/?s={search_term_string}"},"query-input":{"@type":"PropertyValueSpecification","valueRequired":true,"valueName":"search_term_string"}}],"inLanguage":"fr-FR"},{"@type":"Organization","@id":"https:\/\/ecosupplements.be\/fr\/#organization","name":"Eco Supplements","url":"https:\/\/ecosupplements.be\/fr\/","logo":{"@type":"ImageObject","inLanguage":"fr-FR","@id":"https:\/\/ecosupplements.be\/fr\/#\/schema\/logo\/image\/","url":"https:\/\/ecosupplements.be\/wp-content\/uploads\/2022\/06\/ecosupplement-family.png","contentUrl":"https:\/\/ecosupplements.be\/wp-content\/uploads\/2022\/06\/ecosupplement-family.png","width":593,"height":374,"caption":"Eco Supplements"},"image":{"@id":"https:\/\/ecosupplements.be\/fr\/#\/schema\/logo\/image\/"}}]},"product_brand":"Doctor's Best","product_price_amount":"48.78","product_price_currency":"EUR","og_availability":"instock","product_availability":"instock","product_retailer_item_id":"753950001848","product_condition":"new"},"_links":{"self":[{"href":"https:\/\/ecosupplements.be\/fr\/wp-json\/wp\/v2\/product\/280650","targetHints":{"allow":["GET"]}}],"collection":[{"href":"https:\/\/ecosupplements.be\/fr\/wp-json\/wp\/v2\/product"}],"about":[{"href":"https:\/\/ecosupplements.be\/fr\/wp-json\/wp\/v2\/types\/product"}],"replies":[{"embeddable":true,"href":"https:\/\/ecosupplements.be\/fr\/wp-json\/wp\/v2\/comments?post=280650"}],"wp:featuredmedia":[{"embeddable":true,"href":"https:\/\/ecosupplements.be\/fr\/wp-json\/wp\/v2\/media\/243483"}],"wp:attachment":[{"href":"https:\/\/ecosupplements.be\/fr\/wp-json\/wp\/v2\/media?parent=280650"}],"wp:term":[{"taxonomy":"product_brand","embeddable":true,"href":"https:\/\/ecosupplements.be\/fr\/wp-json\/wp\/v2\/product_brand?post=280650"},{"taxonomy":"product_cat","embeddable":true,"href":"https:\/\/ecosupplements.be\/fr\/wp-json\/wp\/v2\/product_cat?post=280650"},{"taxonomy":"product_tag","embeddable":true,"href":"https:\/\/ecosupplements.be\/fr\/wp-json\/wp\/v2\/product_tag?post=280650"}],"curies":[{"name":"wp","href":"https:\/\/api.w.org\/{rel}","templated":true}]}}