{"id":280652,"date":"2022-06-28T10:08:40","date_gmt":"2022-06-28T09:08:40","guid":{"rendered":"https:\/\/ecosupplements.be\/product\/poudre-de-l-arginine-pure-300-grammes\/"},"modified":"2025-08-27T10:38:14","modified_gmt":"2025-08-27T09:38:14","slug":"poudre-de-l-arginine-pure-300-grammes","status":"publish","type":"product","link":"https:\/\/ecosupplements.be\/fr\/produit\/poudre-de-l-arginine-pure-300-grammes\/","title":{"rendered":"Poudre de L-Arginine pure &#8211; 300 grammes"},"content":{"rendered":"<h1 style=\"text-align: center;\">Doctor&#8217;s Best &#8211; L-Arginine pure en poudre<\/h1>\n<p>Qu&#8217;est-ce que la poudre de L-Arginine Doctor&#8217;s Best ?<br \/>\nDoctor&#8217;s Best L-Arginine Powder aide \u00e0 soutenir l&#8217;endurance athl\u00e9tique et \u00e0 stimuler la production d&#8217;oxyde nitrique. La L-Arginine est un pr\u00e9curseur n\u00e9cessaire \u00e0 la cr\u00e9atine qui aide \u00e0 fournir de l&#8217;\u00e9nergie \u00e0 toutes les cellules du corps. La L-Arginine aide \u00e9galement \u00e0 r\u00e9guler la pression sanguine, \u00e0 am\u00e9liorer la sant\u00e9 cardiovasculaire, \u00e0 soutenir un syst\u00e8me immunitaire sain, \u00e0 am\u00e9liorer la r\u00e9gulation de la glyc\u00e9mie et \u00e0 soutenir la sant\u00e9 du cerveau. Cet article Doctor&#8217;s Best ne contient aucun colorant, ar\u00f4me, agent de remplissage, additif ou ingr\u00e9dient superflu ajout\u00e9.<br \/>\nComment cela fonctionne-t-il ?<br \/>\nLa L-Arginine est n\u00e9cessaire pour synth\u00e9tiser l&#8217;oxyde nitrique dans le corps humain. Son r\u00f4le principal est de signaler aux vaisseaux sanguins de se d\u00e9tendre et de se dilater. Lorsque les vaisseaux sanguins se dilatent, ils permettent \u00e0 davantage de sang, d&#8217;oxyg\u00e8ne et de nutriments de circuler vers les organes et les muscles. L&#8217;oxyde nitrique aide \u00e0 produire le facteur de relaxation endoth\u00e9lial, dont le syst\u00e8me art\u00e9riel a besoin pour se dilater et se contracter \u00e0 chaque battement de c\u0153ur. Il a \u00e9t\u00e9 d\u00e9montr\u00e9 que l&#8217;oxyde nitrique d\u00e9riv\u00e9 de l&#8217;arginine aide \u00e0 augmenter l&#8217;acuit\u00e9 mentale, am\u00e9liore la circulation g\u00e9n\u00e9rale, aide \u00e0 d\u00e9velopper la masse musculaire, augmente la croissance musculaire et am\u00e9liore l&#8217;endurance.<br \/>\nPourquoi devrais-je prendre Doctor&#8217;s Best L-Arginine Powder ?<br \/>\nLa L-Arginine est n\u00e9cessaire pour synth\u00e9tiser l&#8217;oxyde nitrique dans le corps humain. L&#8217;oxyde nitrique est un neurotransmetteur puissant qui aide les vaisseaux sanguins \u00e0 se d\u00e9tendre et am\u00e9liore \u00e9galement la circulation. Avec l&#8217;\u00e2ge, la production d&#8217;oxyde nitrique diminue. Des \u00e9tudes montrent qu&#8217;un individu de 40 ans ne produit probablement que la moiti\u00e9 ou moins de la quantit\u00e9 d&#8217;oxyde nitrique qu&#8217;il produisait \u00e0 l&#8217;\u00e2ge de 20 ans. Bien que la L-Arginine puisse \u00eatre trouv\u00e9e dans de nombreux aliments, l&#8217;apport quotidien moyen ne r\u00e9pond qu&#8217;aux exigences minimales pour cr\u00e9er la quantit\u00e9 n\u00e9cessaire d&#8217;oxyde nitrique. Des \u00e9tudes cliniques ont montr\u00e9 que l&#8217;utilisation de la L-Arginine pendant l&#8217;exercice a permis d&#8217;am\u00e9liorer le seuil ana\u00e9robie (\u00e9galement connu sous le nom de seuil de lactate) et le seuil ventilatoire (\u00e0 partir duquel la respiration devient laborieuse), ce qui a permis de r\u00e9duire le co\u00fbt de l&#8217;oxyg\u00e8ne pendant l&#8217;exercice et de prolonger le temps jusqu&#8217;\u00e0 l&#8217;\u00e9puisement pendant les exercices d&#8217;intensit\u00e9 \u00e9lev\u00e9e. Lorsque vous vous suppl\u00e9mentez avec Doctor&#8217;s Best L-Arginine, vous pouvez vous entra\u00eener plus longtemps tout en obtenant d&#8217;autres avantages pour votre sant\u00e9.<br \/>\nDoctor&#8217;s Best L-Arginine Powder aide \u00e0 soutenir l&#8217;endurance athl\u00e9tique et \u00e0 stimuler la production d&#8217;oxyde nitrique.<br \/>\nLa L-Arginine est un pr\u00e9curseur n\u00e9cessaire de la cr\u00e9atine qui contribue \u00e0 fournir de l&#8217;\u00e9nergie \u00e0 toutes les cellules du corps.<br \/>\nLa L-Arginine aide \u00e9galement \u00e0 r\u00e9guler la pression sanguine, \u00e0 am\u00e9liorer la sant\u00e9 cardiovasculaire, \u00e0 soutenir un syst\u00e8me immunitaire sain, \u00e0 am\u00e9liorer la r\u00e9gulation de la glyc\u00e9mie et \u00e0 soutenir la sant\u00e9 du cerveau.<br \/>\nCet article Doctor&#8217;s Best ne contient aucun colorant, ar\u00f4me, agent de remplissage, additif ou ingr\u00e9dient inutile ajout\u00e9.<br \/>\nSans gluten, sans OGM, v\u00e9g\u00e9tarien, v\u00e9g\u00e9talien.<\/p>\n<p><img decoding=\"async\" src=\"https:\/\/ecosupplements.be\/wp-content\/uploads\/2025\/08\/gluten-free-1.png\" title=\"Sans gluten\" alt=\"Gluten free\"><img decoding=\"async\" src=\"https:\/\/ecosupplements.be\/wp-content\/uploads\/2025\/08\/non-gmo-1.png\" title=\"Non-OGM\" alt=\"Non-GMO\"><img decoding=\"async\" src=\"https:\/\/ecosupplements.be\/wp-content\/uploads\/2025\/08\/vegan-1.png\" title=\"Vegan\" alt=\"Vegan\"><img decoding=\"async\" src=\"https:\/\/ecosupplements.be\/wp-content\/uploads\/2025\/08\/vegetarian-1.png\" title=\"V\u00e9g\u00e9tarien\" alt=\"Vegetarian\"><\/p>\n","protected":false},"excerpt":{"rendered":"<p>Doctor&#8217;s Best &#8211; L-Arginine pure en poudre Qu&#8217;est-ce que la poudre de L-Arginine Doctor&#8217;s Best ? Doctor&#8217;s Best L-Arginine Powder aide \u00e0 soutenir l&#8217;endurance athl\u00e9tique et \u00e0 stimuler la production d&#8217;oxyde nitrique. La L-Arginine est un pr\u00e9curseur n\u00e9cessaire \u00e0 la cr\u00e9atine qui aide \u00e0 fournir de l&#8217;\u00e9nergie \u00e0 toutes les cellules du corps. La L-Arginine [&#8230;]\n","protected":false},"featured_media":243493,"comment_status":"open","ping_status":"open","template":"","meta":[],"product_brand":[4674],"product_cat":[5067,5111,5048,5054,5055,5052,5141,5053],"product_tag":[5069],"class_list":{"0":"post-280652","1":"product","2":"type-product","3":"status-publish","4":"has-post-thumbnail","6":"product_brand-doctors-best-2","7":"product_cat-acides-amines-et-bcaa","8":"product_cat-acides-amines-et-bcaas","9":"product_cat-aptitude","10":"product_cat-nourriture-saine","11":"product_cat-produits-vegetaliens","12":"product_cat-sante-et-bien-etre","13":"product_cat-supplement-de-creatine","14":"product_cat-vitamines-et-mineraux","15":"product_tag-topeco-2","17":"first","18":"instock","19":"taxable","20":"shipping-taxable","21":"purchasable","22":"product-type-simple"},"yoast_head":"<!-- This site is optimized with the Yoast SEO Premium plugin v27.3 (Yoast SEO v27.3) - https:\/\/yoast.com\/product\/yoast-seo-premium-wordpress\/ -->\n<title>Poudre de L-Arginine pure - 300 grammes - ECO Supplements<\/title>\n<meta name=\"description\" content=\"Wij hebben een ruime keuze aan producten van Poudre de L-Arginine pure - 300 grammes . Winkel bij Eco Supplements altijd gratis verzending boven 100\u20ac\" \/>\n<meta name=\"robots\" content=\"index, follow, max-snippet:-1, max-image-preview:large, max-video-preview:-1\" \/>\n<link rel=\"canonical\" href=\"https:\/\/ecosupplements.be\/fr\/produit\/poudre-de-l-arginine-pure-300-grammes\/\" \/>\n<meta property=\"og:locale\" content=\"fr_FR\" \/>\n<meta property=\"og:type\" content=\"article\" \/>\n<meta property=\"og:title\" content=\"Poudre de L-Arginine pure - 300 grammes\" \/>\n<meta property=\"og:description\" content=\"Wij hebben een ruime keuze aan producten van Poudre de L-Arginine pure - 300 grammes . Winkel bij Eco Supplements altijd gratis verzending boven 100\u20ac\" \/>\n<meta property=\"og:url\" content=\"https:\/\/ecosupplements.be\/fr\/produit\/poudre-de-l-arginine-pure-300-grammes\/\" \/>\n<meta property=\"og:site_name\" content=\"ECO Supplements\" \/>\n<meta property=\"article:modified_time\" content=\"2025-08-27T09:38:14+00:00\" \/>\n<meta property=\"og:image\" content=\"https:\/\/ecosupplements.be\/wp-content\/uploads\/2025\/08\/Doctors-Best-L-Arginine-Powder-300-grams-1.jpg\" \/>\n\t<meta property=\"og:image:width\" content=\"750\" \/>\n\t<meta property=\"og:image:height\" content=\"750\" \/>\n\t<meta property=\"og:image:type\" content=\"image\/jpeg\" \/>\n<meta name=\"twitter:card\" content=\"summary_large_image\" \/>\n<meta name=\"twitter:label1\" content=\"Prix\" \/>\n\t<meta name=\"twitter:data1\" content=\"27.37&nbsp;&euro;\" \/>\n\t<meta name=\"twitter:label2\" content=\"Disponibilit\u00e9\" \/>\n\t<meta name=\"twitter:data2\" content=\"En stock\" \/>\n<script type=\"application\/ld+json\" class=\"yoast-schema-graph\">{\"@context\":\"https:\\\/\\\/schema.org\",\"@graph\":[{\"@type\":[\"WebPage\",\"ItemPage\"],\"@id\":\"https:\\\/\\\/ecosupplements.be\\\/fr\\\/produit\\\/poudre-de-l-arginine-pure-300-grammes\\\/\",\"url\":\"https:\\\/\\\/ecosupplements.be\\\/fr\\\/produit\\\/poudre-de-l-arginine-pure-300-grammes\\\/\",\"name\":\"Poudre de L-Arginine pure - 300 grammes - ECO Supplements\",\"isPartOf\":{\"@id\":\"https:\\\/\\\/ecosupplements.be\\\/fr\\\/#website\"},\"primaryImageOfPage\":{\"@id\":\"https:\\\/\\\/ecosupplements.be\\\/fr\\\/produit\\\/poudre-de-l-arginine-pure-300-grammes\\\/#primaryimage\"},\"image\":{\"@id\":\"https:\\\/\\\/ecosupplements.be\\\/fr\\\/produit\\\/poudre-de-l-arginine-pure-300-grammes\\\/#primaryimage\"},\"thumbnailUrl\":\"https:\\\/\\\/ecosupplements.be\\\/wp-content\\\/uploads\\\/2025\\\/08\\\/Doctors-Best-L-Arginine-Powder-300-grams-1.jpg\",\"datePublished\":\"2022-06-28T09:08:40+00:00\",\"dateModified\":\"2025-08-27T09:38:14+00:00\",\"description\":\"Wij hebben een ruime keuze aan producten van Poudre de L-Arginine pure - 300 grammes . Winkel bij Eco Supplements altijd gratis verzending boven 100\u20ac\",\"breadcrumb\":{\"@id\":\"https:\\\/\\\/ecosupplements.be\\\/fr\\\/produit\\\/poudre-de-l-arginine-pure-300-grammes\\\/#breadcrumb\"},\"inLanguage\":\"fr-FR\",\"potentialAction\":[{\"@type\":\"ReadAction\",\"target\":[\"https:\\\/\\\/ecosupplements.be\\\/fr\\\/produit\\\/poudre-de-l-arginine-pure-300-grammes\\\/\"]}]},{\"@type\":\"ImageObject\",\"inLanguage\":\"fr-FR\",\"@id\":\"https:\\\/\\\/ecosupplements.be\\\/fr\\\/produit\\\/poudre-de-l-arginine-pure-300-grammes\\\/#primaryimage\",\"url\":\"https:\\\/\\\/ecosupplements.be\\\/wp-content\\\/uploads\\\/2025\\\/08\\\/Doctors-Best-L-Arginine-Powder-300-grams-1.jpg\",\"contentUrl\":\"https:\\\/\\\/ecosupplements.be\\\/wp-content\\\/uploads\\\/2025\\\/08\\\/Doctors-Best-L-Arginine-Powder-300-grams-1.jpg\",\"width\":750,\"height\":750},{\"@type\":\"BreadcrumbList\",\"@id\":\"https:\\\/\\\/ecosupplements.be\\\/fr\\\/produit\\\/poudre-de-l-arginine-pure-300-grammes\\\/#breadcrumb\",\"itemListElement\":[{\"@type\":\"ListItem\",\"position\":1,\"name\":\"Home\",\"item\":\"https:\\\/\\\/ecosupplements.be\\\/fr\\\/\"},{\"@type\":\"ListItem\",\"position\":2,\"name\":\"Boutique\",\"item\":\"https:\\\/\\\/ecosupplements.be\\\/fr\\\/boutique\\\/\"},{\"@type\":\"ListItem\",\"position\":3,\"name\":\"Poudre de L-Arginine pure &#8211; 300 grammes\"}]},{\"@type\":\"WebSite\",\"@id\":\"https:\\\/\\\/ecosupplements.be\\\/fr\\\/#website\",\"url\":\"https:\\\/\\\/ecosupplements.be\\\/fr\\\/\",\"name\":\"ECO Supplements\",\"description\":\"Eco Supplements - Gezonde supplementen\",\"publisher\":{\"@id\":\"https:\\\/\\\/ecosupplements.be\\\/fr\\\/#organization\"},\"potentialAction\":[{\"@type\":\"SearchAction\",\"target\":{\"@type\":\"EntryPoint\",\"urlTemplate\":\"https:\\\/\\\/ecosupplements.be\\\/fr\\\/?s={search_term_string}\"},\"query-input\":{\"@type\":\"PropertyValueSpecification\",\"valueRequired\":true,\"valueName\":\"search_term_string\"}}],\"inLanguage\":\"fr-FR\"},{\"@type\":\"Organization\",\"@id\":\"https:\\\/\\\/ecosupplements.be\\\/fr\\\/#organization\",\"name\":\"Eco Supplements\",\"url\":\"https:\\\/\\\/ecosupplements.be\\\/fr\\\/\",\"logo\":{\"@type\":\"ImageObject\",\"inLanguage\":\"fr-FR\",\"@id\":\"https:\\\/\\\/ecosupplements.be\\\/fr\\\/#\\\/schema\\\/logo\\\/image\\\/\",\"url\":\"https:\\\/\\\/ecosupplements.be\\\/wp-content\\\/uploads\\\/2022\\\/06\\\/ecosupplement-family.png\",\"contentUrl\":\"https:\\\/\\\/ecosupplements.be\\\/wp-content\\\/uploads\\\/2022\\\/06\\\/ecosupplement-family.png\",\"width\":593,\"height\":374,\"caption\":\"Eco Supplements\"},\"image\":{\"@id\":\"https:\\\/\\\/ecosupplements.be\\\/fr\\\/#\\\/schema\\\/logo\\\/image\\\/\"}}]}<\/script>\n<meta property=\"product:brand\" content=\"Doctor&#039;s Best\" \/>\n<meta property=\"product:price:amount\" content=\"27.37\" \/>\n<meta property=\"product:price:currency\" content=\"EUR\" \/>\n<meta property=\"og:availability\" content=\"instock\" \/>\n<meta property=\"product:availability\" content=\"instock\" \/>\n<meta property=\"product:retailer_item_id\" content=\"753950003743\" \/>\n<meta property=\"product:condition\" content=\"new\" \/>\n<!-- \/ Yoast SEO Premium plugin. -->","yoast_head_json":{"title":"Poudre de L-Arginine pure - 300 grammes - ECO Supplements","description":"Wij hebben een ruime keuze aan producten van Poudre de L-Arginine pure - 300 grammes . Winkel bij Eco Supplements altijd gratis verzending boven 100\u20ac","robots":{"index":"index","follow":"follow","max-snippet":"max-snippet:-1","max-image-preview":"max-image-preview:large","max-video-preview":"max-video-preview:-1"},"canonical":"https:\/\/ecosupplements.be\/fr\/produit\/poudre-de-l-arginine-pure-300-grammes\/","og_locale":"fr_FR","og_type":"article","og_title":"Poudre de L-Arginine pure - 300 grammes","og_description":"Wij hebben een ruime keuze aan producten van Poudre de L-Arginine pure - 300 grammes . Winkel bij Eco Supplements altijd gratis verzending boven 100\u20ac","og_url":"https:\/\/ecosupplements.be\/fr\/produit\/poudre-de-l-arginine-pure-300-grammes\/","og_site_name":"ECO Supplements","article_modified_time":"2025-08-27T09:38:14+00:00","og_image":[{"width":750,"height":750,"url":"https:\/\/ecosupplements.be\/wp-content\/uploads\/2025\/08\/Doctors-Best-L-Arginine-Powder-300-grams-1.jpg","type":"image\/jpeg"}],"twitter_card":"summary_large_image","twitter_misc":{"Prix":"27.37&nbsp;&euro;","Disponibilit\u00e9":"En stock"},"schema":{"@context":"https:\/\/schema.org","@graph":[{"@type":["WebPage","ItemPage"],"@id":"https:\/\/ecosupplements.be\/fr\/produit\/poudre-de-l-arginine-pure-300-grammes\/","url":"https:\/\/ecosupplements.be\/fr\/produit\/poudre-de-l-arginine-pure-300-grammes\/","name":"Poudre de L-Arginine pure - 300 grammes - ECO Supplements","isPartOf":{"@id":"https:\/\/ecosupplements.be\/fr\/#website"},"primaryImageOfPage":{"@id":"https:\/\/ecosupplements.be\/fr\/produit\/poudre-de-l-arginine-pure-300-grammes\/#primaryimage"},"image":{"@id":"https:\/\/ecosupplements.be\/fr\/produit\/poudre-de-l-arginine-pure-300-grammes\/#primaryimage"},"thumbnailUrl":"https:\/\/ecosupplements.be\/wp-content\/uploads\/2025\/08\/Doctors-Best-L-Arginine-Powder-300-grams-1.jpg","datePublished":"2022-06-28T09:08:40+00:00","dateModified":"2025-08-27T09:38:14+00:00","description":"Wij hebben een ruime keuze aan producten van Poudre de L-Arginine pure - 300 grammes . Winkel bij Eco Supplements altijd gratis verzending boven 100\u20ac","breadcrumb":{"@id":"https:\/\/ecosupplements.be\/fr\/produit\/poudre-de-l-arginine-pure-300-grammes\/#breadcrumb"},"inLanguage":"fr-FR","potentialAction":[{"@type":"ReadAction","target":["https:\/\/ecosupplements.be\/fr\/produit\/poudre-de-l-arginine-pure-300-grammes\/"]}]},{"@type":"ImageObject","inLanguage":"fr-FR","@id":"https:\/\/ecosupplements.be\/fr\/produit\/poudre-de-l-arginine-pure-300-grammes\/#primaryimage","url":"https:\/\/ecosupplements.be\/wp-content\/uploads\/2025\/08\/Doctors-Best-L-Arginine-Powder-300-grams-1.jpg","contentUrl":"https:\/\/ecosupplements.be\/wp-content\/uploads\/2025\/08\/Doctors-Best-L-Arginine-Powder-300-grams-1.jpg","width":750,"height":750},{"@type":"BreadcrumbList","@id":"https:\/\/ecosupplements.be\/fr\/produit\/poudre-de-l-arginine-pure-300-grammes\/#breadcrumb","itemListElement":[{"@type":"ListItem","position":1,"name":"Home","item":"https:\/\/ecosupplements.be\/fr\/"},{"@type":"ListItem","position":2,"name":"Boutique","item":"https:\/\/ecosupplements.be\/fr\/boutique\/"},{"@type":"ListItem","position":3,"name":"Poudre de L-Arginine pure &#8211; 300 grammes"}]},{"@type":"WebSite","@id":"https:\/\/ecosupplements.be\/fr\/#website","url":"https:\/\/ecosupplements.be\/fr\/","name":"ECO Supplements","description":"Eco Supplements - Gezonde supplementen","publisher":{"@id":"https:\/\/ecosupplements.be\/fr\/#organization"},"potentialAction":[{"@type":"SearchAction","target":{"@type":"EntryPoint","urlTemplate":"https:\/\/ecosupplements.be\/fr\/?s={search_term_string}"},"query-input":{"@type":"PropertyValueSpecification","valueRequired":true,"valueName":"search_term_string"}}],"inLanguage":"fr-FR"},{"@type":"Organization","@id":"https:\/\/ecosupplements.be\/fr\/#organization","name":"Eco Supplements","url":"https:\/\/ecosupplements.be\/fr\/","logo":{"@type":"ImageObject","inLanguage":"fr-FR","@id":"https:\/\/ecosupplements.be\/fr\/#\/schema\/logo\/image\/","url":"https:\/\/ecosupplements.be\/wp-content\/uploads\/2022\/06\/ecosupplement-family.png","contentUrl":"https:\/\/ecosupplements.be\/wp-content\/uploads\/2022\/06\/ecosupplement-family.png","width":593,"height":374,"caption":"Eco Supplements"},"image":{"@id":"https:\/\/ecosupplements.be\/fr\/#\/schema\/logo\/image\/"}}]},"product_brand":"Doctor's Best","product_price_amount":"27.37","product_price_currency":"EUR","og_availability":"instock","product_availability":"instock","product_retailer_item_id":"753950003743","product_condition":"new"},"_links":{"self":[{"href":"https:\/\/ecosupplements.be\/fr\/wp-json\/wp\/v2\/product\/280652","targetHints":{"allow":["GET"]}}],"collection":[{"href":"https:\/\/ecosupplements.be\/fr\/wp-json\/wp\/v2\/product"}],"about":[{"href":"https:\/\/ecosupplements.be\/fr\/wp-json\/wp\/v2\/types\/product"}],"replies":[{"embeddable":true,"href":"https:\/\/ecosupplements.be\/fr\/wp-json\/wp\/v2\/comments?post=280652"}],"wp:featuredmedia":[{"embeddable":true,"href":"https:\/\/ecosupplements.be\/fr\/wp-json\/wp\/v2\/media\/243493"}],"wp:attachment":[{"href":"https:\/\/ecosupplements.be\/fr\/wp-json\/wp\/v2\/media?parent=280652"}],"wp:term":[{"taxonomy":"product_brand","embeddable":true,"href":"https:\/\/ecosupplements.be\/fr\/wp-json\/wp\/v2\/product_brand?post=280652"},{"taxonomy":"product_cat","embeddable":true,"href":"https:\/\/ecosupplements.be\/fr\/wp-json\/wp\/v2\/product_cat?post=280652"},{"taxonomy":"product_tag","embeddable":true,"href":"https:\/\/ecosupplements.be\/fr\/wp-json\/wp\/v2\/product_tag?post=280652"}],"curies":[{"name":"wp","href":"https:\/\/api.w.org\/{rel}","templated":true}]}}