{"id":280656,"date":"2022-06-28T10:08:40","date_gmt":"2022-06-28T09:08:40","guid":{"rendered":"https:\/\/ecosupplements.be\/product\/quercetine-bromelaine-180-vcaps\/"},"modified":"2025-08-27T10:38:29","modified_gmt":"2025-08-27T09:38:29","slug":"quercetine-bromelaine-180-vcaps","status":"publish","type":"product","link":"https:\/\/ecosupplements.be\/fr\/produit\/quercetine-bromelaine-180-vcaps\/","title":{"rendered":"Querc\u00e9tine Brom\u00e9la\u00efne &#8211; 180 vcaps"},"content":{"rendered":"<h1 style=\"text-align: center;\">Doctor&#8217;s Best &#8211; Querc\u00e9tine Brom\u00e9la\u00efne<\/h1>\n<p>Qu&#8217;est-ce que Doctor&#8217;s Best Quercetin-Bromelain ?<br \/>\nDoctor&#8217;s Best Quercetin-Bromelain soutient le bien-\u00eatre cardiovasculaire et articulaire et la r\u00e9ponse immunitaire. Quercetin-Bromelain fournit le flavono\u00efde quercetine extrait des gousses de graines de la plante Dimorphandra mollis. La querc\u00e9tine peut soutenir le syst\u00e8me cardiovasculaire et le syst\u00e8me respiratoire. La brom\u00e9la\u00efne est un complexe enzymatique d\u00e9riv\u00e9 de la tige de l&#8217;ananas. La brom\u00e9la\u00efne favorise le confort des tissus et peut am\u00e9liorer l&#8217;absorption de la querc\u00e9tine. La brom\u00e9la\u00efne est efficace pour pr\u00e9venir la coagulation du sang par sa capacit\u00e9 \u00e0 d\u00e9composer les fibrines qui conduisent souvent \u00e0 des caillots sanguins, des ecchymoses et des gonflements des tissus.<br \/>\nComment cela fonctionne-t-il ?<br \/>\nQuerc\u00e9tine : La querc\u00e9tine est un bioflavono\u00efde qui soutient la sant\u00e9 et la fonction cellulaires. Elle appartient au sous-groupe des flavonols des bioflavono\u00efdes, une classe de compos\u00e9s largement (et color\u00e9s) distribu\u00e9s dans les plantes couramment consomm\u00e9es dans l&#8217;alimentation humaine. Compos\u00e9 jaune vif brillant sous sa forme isol\u00e9e, la querc\u00e9tine est pr\u00e9sente en quantit\u00e9s particuli\u00e8rement \u00e9lev\u00e9es dans les oignons, le chou fris\u00e9, les tomates et les pommes. Dans des \u00e9tudes de culture de cellules humaines, il a \u00e9t\u00e9 d\u00e9montr\u00e9 que la querc\u00e9tine bloque la fabrication et la lib\u00e9ration de prot\u00e9ines causant l&#8217;inflammation, ce qui peut aider \u00e0 soutenir une r\u00e9ponse immunitaire saine. Elle aide \u00e9galement \u00e0 promouvoir un syst\u00e8me cardiovasculaire sain en pr\u00e9servant le syst\u00e8me endoth\u00e9lial et en soutenant des niveaux de glyc\u00e9mie sains pour ceux qui se trouvent d\u00e9j\u00e0 dans la fourchette normale.<br \/>\nBrom\u00e9la\u00efne : La brom\u00e9la\u00efne est extraite de la plante Ananas comosus (ananas) et est une enzyme prot\u00e9olytique tr\u00e8s efficace. La brom\u00e9la\u00efne est \u00e9galement utilis\u00e9e \u00e0 l&#8217;occasion pour att\u00e9nuer certaines complications des maladies cardiovasculaires puisque la brom\u00e9la\u00efne fonctionne comme un anticoagulant. La brom\u00e9la\u00efne peut \u00e9galement aider \u00e0 soigner vos ecchymoses. Les bleus sont des amas de sang sous la peau qui gu\u00e9rissent en se d\u00e9sagr\u00e9geant puis en \u00e9tant r\u00e9absorb\u00e9s par les tissus de la peau. La brom\u00e9la\u00efne acc\u00e9l\u00e8re ce processus en fluidifiant le sang accumul\u00e9, ce qui facilite sa r\u00e9absorption par votre corps.<\/p>\n<p><img decoding=\"async\" src=\"https:\/\/ecosupplements.be\/wp-content\/uploads\/2025\/08\/gluten-free-1.png\" title=\"Sans gluten\" alt=\"Gluten free\"><img decoding=\"async\" src=\"https:\/\/ecosupplements.be\/wp-content\/uploads\/2025\/08\/non-gmo-1.png\" title=\"Non-OGM\" alt=\"Non-GMO\"><img decoding=\"async\" src=\"https:\/\/ecosupplements.be\/wp-content\/uploads\/2025\/08\/vegan-1.png\" title=\"Vegan\" alt=\"Vegan\"><\/p>\n","protected":false},"excerpt":{"rendered":"<p>Doctor&#8217;s Best &#8211; Querc\u00e9tine Brom\u00e9la\u00efne Qu&#8217;est-ce que Doctor&#8217;s Best Quercetin-Bromelain ? Doctor&#8217;s Best Quercetin-Bromelain soutient le bien-\u00eatre cardiovasculaire et articulaire et la r\u00e9ponse immunitaire. Quercetin-Bromelain fournit le flavono\u00efde quercetine extrait des gousses de graines de la plante Dimorphandra mollis. La querc\u00e9tine peut soutenir le syst\u00e8me cardiovasculaire et le syst\u00e8me respiratoire. La brom\u00e9la\u00efne est un complexe [&#8230;]\n","protected":false},"featured_media":243513,"comment_status":"open","ping_status":"open","template":"","meta":[],"product_brand":[4674],"product_cat":[5054,5055,5052,5084,5094,5053],"product_tag":[5071],"class_list":{"0":"post-280656","1":"product","2":"type-product","3":"status-publish","4":"has-post-thumbnail","6":"product_brand-doctors-best-2","7":"product_cat-nourriture-saine","8":"product_cat-produits-vegetaliens","9":"product_cat-sante-et-bien-etre","10":"product_cat-soutien-conjoint","11":"product_cat-supplements-a-base-de-plantes","12":"product_cat-vitamines-et-mineraux","13":"product_tag-ecoplus-2","15":"first","16":"instock","17":"taxable","18":"shipping-taxable","19":"purchasable","20":"product-type-simple"},"yoast_head":"<!-- This site is optimized with the Yoast SEO Premium plugin v27.3 (Yoast SEO v27.3) - https:\/\/yoast.com\/product\/yoast-seo-premium-wordpress\/ -->\n<title>Querc\u00e9tine Brom\u00e9la\u00efne - 180 vcaps - ECO Supplements<\/title>\n<meta name=\"description\" content=\"Wij hebben een ruime keuze aan producten van Querc\u00e9tine Brom\u00e9la\u00efne - 180 vcaps . Winkel bij Eco Supplements altijd gratis verzending boven 100\u20ac\" \/>\n<meta name=\"robots\" content=\"index, follow, max-snippet:-1, max-image-preview:large, max-video-preview:-1\" \/>\n<link rel=\"canonical\" href=\"https:\/\/ecosupplements.be\/fr\/produit\/quercetine-bromelaine-180-vcaps\/\" \/>\n<meta property=\"og:locale\" content=\"fr_FR\" \/>\n<meta property=\"og:type\" content=\"article\" \/>\n<meta property=\"og:title\" content=\"Querc\u00e9tine Brom\u00e9la\u00efne - 180 vcaps\" \/>\n<meta property=\"og:description\" content=\"Wij hebben een ruime keuze aan producten van Querc\u00e9tine Brom\u00e9la\u00efne - 180 vcaps . Winkel bij Eco Supplements altijd gratis verzending boven 100\u20ac\" \/>\n<meta property=\"og:url\" content=\"https:\/\/ecosupplements.be\/fr\/produit\/quercetine-bromelaine-180-vcaps\/\" \/>\n<meta property=\"og:site_name\" content=\"ECO Supplements\" \/>\n<meta property=\"article:modified_time\" content=\"2025-08-27T09:38:29+00:00\" \/>\n<meta property=\"og:image\" content=\"https:\/\/ecosupplements.be\/wp-content\/uploads\/2025\/08\/Doctors-Best-Quercetin-Bromelain-180-vcaps-1.jpeg\" \/>\n\t<meta property=\"og:image:width\" content=\"500\" \/>\n\t<meta property=\"og:image:height\" content=\"500\" \/>\n\t<meta property=\"og:image:type\" content=\"image\/jpeg\" \/>\n<meta name=\"twitter:card\" content=\"summary_large_image\" \/>\n<meta name=\"twitter:label1\" content=\"Prix\" \/>\n\t<meta name=\"twitter:data1\" content=\"47.89&nbsp;&euro;\" \/>\n\t<meta name=\"twitter:label2\" content=\"Disponibilit\u00e9\" \/>\n\t<meta name=\"twitter:data2\" content=\"En stock\" \/>\n<script type=\"application\/ld+json\" class=\"yoast-schema-graph\">{\"@context\":\"https:\\\/\\\/schema.org\",\"@graph\":[{\"@type\":[\"WebPage\",\"ItemPage\"],\"@id\":\"https:\\\/\\\/ecosupplements.be\\\/fr\\\/produit\\\/quercetine-bromelaine-180-vcaps\\\/\",\"url\":\"https:\\\/\\\/ecosupplements.be\\\/fr\\\/produit\\\/quercetine-bromelaine-180-vcaps\\\/\",\"name\":\"Querc\u00e9tine Brom\u00e9la\u00efne - 180 vcaps - ECO Supplements\",\"isPartOf\":{\"@id\":\"https:\\\/\\\/ecosupplements.be\\\/fr\\\/#website\"},\"primaryImageOfPage\":{\"@id\":\"https:\\\/\\\/ecosupplements.be\\\/fr\\\/produit\\\/quercetine-bromelaine-180-vcaps\\\/#primaryimage\"},\"image\":{\"@id\":\"https:\\\/\\\/ecosupplements.be\\\/fr\\\/produit\\\/quercetine-bromelaine-180-vcaps\\\/#primaryimage\"},\"thumbnailUrl\":\"https:\\\/\\\/ecosupplements.be\\\/wp-content\\\/uploads\\\/2025\\\/08\\\/Doctors-Best-Quercetin-Bromelain-180-vcaps-1.jpeg\",\"datePublished\":\"2022-06-28T09:08:40+00:00\",\"dateModified\":\"2025-08-27T09:38:29+00:00\",\"description\":\"Wij hebben een ruime keuze aan producten van Querc\u00e9tine Brom\u00e9la\u00efne - 180 vcaps . Winkel bij Eco Supplements altijd gratis verzending boven 100\u20ac\",\"breadcrumb\":{\"@id\":\"https:\\\/\\\/ecosupplements.be\\\/fr\\\/produit\\\/quercetine-bromelaine-180-vcaps\\\/#breadcrumb\"},\"inLanguage\":\"fr-FR\",\"potentialAction\":[{\"@type\":\"ReadAction\",\"target\":[\"https:\\\/\\\/ecosupplements.be\\\/fr\\\/produit\\\/quercetine-bromelaine-180-vcaps\\\/\"]}]},{\"@type\":\"ImageObject\",\"inLanguage\":\"fr-FR\",\"@id\":\"https:\\\/\\\/ecosupplements.be\\\/fr\\\/produit\\\/quercetine-bromelaine-180-vcaps\\\/#primaryimage\",\"url\":\"https:\\\/\\\/ecosupplements.be\\\/wp-content\\\/uploads\\\/2025\\\/08\\\/Doctors-Best-Quercetin-Bromelain-180-vcaps-1.jpeg\",\"contentUrl\":\"https:\\\/\\\/ecosupplements.be\\\/wp-content\\\/uploads\\\/2025\\\/08\\\/Doctors-Best-Quercetin-Bromelain-180-vcaps-1.jpeg\",\"width\":500,\"height\":500},{\"@type\":\"BreadcrumbList\",\"@id\":\"https:\\\/\\\/ecosupplements.be\\\/fr\\\/produit\\\/quercetine-bromelaine-180-vcaps\\\/#breadcrumb\",\"itemListElement\":[{\"@type\":\"ListItem\",\"position\":1,\"name\":\"Home\",\"item\":\"https:\\\/\\\/ecosupplements.be\\\/fr\\\/\"},{\"@type\":\"ListItem\",\"position\":2,\"name\":\"Boutique\",\"item\":\"https:\\\/\\\/ecosupplements.be\\\/fr\\\/boutique\\\/\"},{\"@type\":\"ListItem\",\"position\":3,\"name\":\"Querc\u00e9tine Brom\u00e9la\u00efne &#8211; 180 vcaps\"}]},{\"@type\":\"WebSite\",\"@id\":\"https:\\\/\\\/ecosupplements.be\\\/fr\\\/#website\",\"url\":\"https:\\\/\\\/ecosupplements.be\\\/fr\\\/\",\"name\":\"ECO Supplements\",\"description\":\"Eco Supplements - Gezonde supplementen\",\"publisher\":{\"@id\":\"https:\\\/\\\/ecosupplements.be\\\/fr\\\/#organization\"},\"potentialAction\":[{\"@type\":\"SearchAction\",\"target\":{\"@type\":\"EntryPoint\",\"urlTemplate\":\"https:\\\/\\\/ecosupplements.be\\\/fr\\\/?s={search_term_string}\"},\"query-input\":{\"@type\":\"PropertyValueSpecification\",\"valueRequired\":true,\"valueName\":\"search_term_string\"}}],\"inLanguage\":\"fr-FR\"},{\"@type\":\"Organization\",\"@id\":\"https:\\\/\\\/ecosupplements.be\\\/fr\\\/#organization\",\"name\":\"Eco Supplements\",\"url\":\"https:\\\/\\\/ecosupplements.be\\\/fr\\\/\",\"logo\":{\"@type\":\"ImageObject\",\"inLanguage\":\"fr-FR\",\"@id\":\"https:\\\/\\\/ecosupplements.be\\\/fr\\\/#\\\/schema\\\/logo\\\/image\\\/\",\"url\":\"https:\\\/\\\/ecosupplements.be\\\/wp-content\\\/uploads\\\/2022\\\/06\\\/ecosupplement-family.png\",\"contentUrl\":\"https:\\\/\\\/ecosupplements.be\\\/wp-content\\\/uploads\\\/2022\\\/06\\\/ecosupplement-family.png\",\"width\":593,\"height\":374,\"caption\":\"Eco Supplements\"},\"image\":{\"@id\":\"https:\\\/\\\/ecosupplements.be\\\/fr\\\/#\\\/schema\\\/logo\\\/image\\\/\"}}]}<\/script>\n<meta property=\"product:brand\" content=\"Doctor&#039;s Best\" \/>\n<meta property=\"product:price:amount\" content=\"47.89\" \/>\n<meta property=\"product:price:currency\" content=\"EUR\" \/>\n<meta property=\"og:availability\" content=\"instock\" \/>\n<meta property=\"product:availability\" content=\"instock\" \/>\n<meta property=\"product:retailer_item_id\" content=\"753950000292\" \/>\n<meta property=\"product:condition\" content=\"new\" \/>\n<!-- \/ Yoast SEO Premium plugin. -->","yoast_head_json":{"title":"Querc\u00e9tine Brom\u00e9la\u00efne - 180 vcaps - ECO Supplements","description":"Wij hebben een ruime keuze aan producten van Querc\u00e9tine Brom\u00e9la\u00efne - 180 vcaps . Winkel bij Eco Supplements altijd gratis verzending boven 100\u20ac","robots":{"index":"index","follow":"follow","max-snippet":"max-snippet:-1","max-image-preview":"max-image-preview:large","max-video-preview":"max-video-preview:-1"},"canonical":"https:\/\/ecosupplements.be\/fr\/produit\/quercetine-bromelaine-180-vcaps\/","og_locale":"fr_FR","og_type":"article","og_title":"Querc\u00e9tine Brom\u00e9la\u00efne - 180 vcaps","og_description":"Wij hebben een ruime keuze aan producten van Querc\u00e9tine Brom\u00e9la\u00efne - 180 vcaps . Winkel bij Eco Supplements altijd gratis verzending boven 100\u20ac","og_url":"https:\/\/ecosupplements.be\/fr\/produit\/quercetine-bromelaine-180-vcaps\/","og_site_name":"ECO Supplements","article_modified_time":"2025-08-27T09:38:29+00:00","og_image":[{"width":500,"height":500,"url":"https:\/\/ecosupplements.be\/wp-content\/uploads\/2025\/08\/Doctors-Best-Quercetin-Bromelain-180-vcaps-1.jpeg","type":"image\/jpeg"}],"twitter_card":"summary_large_image","twitter_misc":{"Prix":"47.89&nbsp;&euro;","Disponibilit\u00e9":"En stock"},"schema":{"@context":"https:\/\/schema.org","@graph":[{"@type":["WebPage","ItemPage"],"@id":"https:\/\/ecosupplements.be\/fr\/produit\/quercetine-bromelaine-180-vcaps\/","url":"https:\/\/ecosupplements.be\/fr\/produit\/quercetine-bromelaine-180-vcaps\/","name":"Querc\u00e9tine Brom\u00e9la\u00efne - 180 vcaps - ECO Supplements","isPartOf":{"@id":"https:\/\/ecosupplements.be\/fr\/#website"},"primaryImageOfPage":{"@id":"https:\/\/ecosupplements.be\/fr\/produit\/quercetine-bromelaine-180-vcaps\/#primaryimage"},"image":{"@id":"https:\/\/ecosupplements.be\/fr\/produit\/quercetine-bromelaine-180-vcaps\/#primaryimage"},"thumbnailUrl":"https:\/\/ecosupplements.be\/wp-content\/uploads\/2025\/08\/Doctors-Best-Quercetin-Bromelain-180-vcaps-1.jpeg","datePublished":"2022-06-28T09:08:40+00:00","dateModified":"2025-08-27T09:38:29+00:00","description":"Wij hebben een ruime keuze aan producten van Querc\u00e9tine Brom\u00e9la\u00efne - 180 vcaps . Winkel bij Eco Supplements altijd gratis verzending boven 100\u20ac","breadcrumb":{"@id":"https:\/\/ecosupplements.be\/fr\/produit\/quercetine-bromelaine-180-vcaps\/#breadcrumb"},"inLanguage":"fr-FR","potentialAction":[{"@type":"ReadAction","target":["https:\/\/ecosupplements.be\/fr\/produit\/quercetine-bromelaine-180-vcaps\/"]}]},{"@type":"ImageObject","inLanguage":"fr-FR","@id":"https:\/\/ecosupplements.be\/fr\/produit\/quercetine-bromelaine-180-vcaps\/#primaryimage","url":"https:\/\/ecosupplements.be\/wp-content\/uploads\/2025\/08\/Doctors-Best-Quercetin-Bromelain-180-vcaps-1.jpeg","contentUrl":"https:\/\/ecosupplements.be\/wp-content\/uploads\/2025\/08\/Doctors-Best-Quercetin-Bromelain-180-vcaps-1.jpeg","width":500,"height":500},{"@type":"BreadcrumbList","@id":"https:\/\/ecosupplements.be\/fr\/produit\/quercetine-bromelaine-180-vcaps\/#breadcrumb","itemListElement":[{"@type":"ListItem","position":1,"name":"Home","item":"https:\/\/ecosupplements.be\/fr\/"},{"@type":"ListItem","position":2,"name":"Boutique","item":"https:\/\/ecosupplements.be\/fr\/boutique\/"},{"@type":"ListItem","position":3,"name":"Querc\u00e9tine Brom\u00e9la\u00efne &#8211; 180 vcaps"}]},{"@type":"WebSite","@id":"https:\/\/ecosupplements.be\/fr\/#website","url":"https:\/\/ecosupplements.be\/fr\/","name":"ECO Supplements","description":"Eco Supplements - Gezonde supplementen","publisher":{"@id":"https:\/\/ecosupplements.be\/fr\/#organization"},"potentialAction":[{"@type":"SearchAction","target":{"@type":"EntryPoint","urlTemplate":"https:\/\/ecosupplements.be\/fr\/?s={search_term_string}"},"query-input":{"@type":"PropertyValueSpecification","valueRequired":true,"valueName":"search_term_string"}}],"inLanguage":"fr-FR"},{"@type":"Organization","@id":"https:\/\/ecosupplements.be\/fr\/#organization","name":"Eco Supplements","url":"https:\/\/ecosupplements.be\/fr\/","logo":{"@type":"ImageObject","inLanguage":"fr-FR","@id":"https:\/\/ecosupplements.be\/fr\/#\/schema\/logo\/image\/","url":"https:\/\/ecosupplements.be\/wp-content\/uploads\/2022\/06\/ecosupplement-family.png","contentUrl":"https:\/\/ecosupplements.be\/wp-content\/uploads\/2022\/06\/ecosupplement-family.png","width":593,"height":374,"caption":"Eco Supplements"},"image":{"@id":"https:\/\/ecosupplements.be\/fr\/#\/schema\/logo\/image\/"}}]},"product_brand":"Doctor's Best","product_price_amount":"47.89","product_price_currency":"EUR","og_availability":"instock","product_availability":"instock","product_retailer_item_id":"753950000292","product_condition":"new"},"_links":{"self":[{"href":"https:\/\/ecosupplements.be\/fr\/wp-json\/wp\/v2\/product\/280656","targetHints":{"allow":["GET"]}}],"collection":[{"href":"https:\/\/ecosupplements.be\/fr\/wp-json\/wp\/v2\/product"}],"about":[{"href":"https:\/\/ecosupplements.be\/fr\/wp-json\/wp\/v2\/types\/product"}],"replies":[{"embeddable":true,"href":"https:\/\/ecosupplements.be\/fr\/wp-json\/wp\/v2\/comments?post=280656"}],"wp:featuredmedia":[{"embeddable":true,"href":"https:\/\/ecosupplements.be\/fr\/wp-json\/wp\/v2\/media\/243513"}],"wp:attachment":[{"href":"https:\/\/ecosupplements.be\/fr\/wp-json\/wp\/v2\/media?parent=280656"}],"wp:term":[{"taxonomy":"product_brand","embeddable":true,"href":"https:\/\/ecosupplements.be\/fr\/wp-json\/wp\/v2\/product_brand?post=280656"},{"taxonomy":"product_cat","embeddable":true,"href":"https:\/\/ecosupplements.be\/fr\/wp-json\/wp\/v2\/product_cat?post=280656"},{"taxonomy":"product_tag","embeddable":true,"href":"https:\/\/ecosupplements.be\/fr\/wp-json\/wp\/v2\/product_tag?post=280656"}],"curies":[{"name":"wp","href":"https:\/\/api.w.org\/{rel}","templated":true}]}}