{"id":280657,"date":"2022-06-28T10:08:40","date_gmt":"2022-06-28T09:08:40","guid":{"rendered":"https:\/\/ecosupplements.be\/product\/real-krill-350mg-60-softgels\/"},"modified":"2025-08-27T10:38:32","modified_gmt":"2025-08-27T09:38:32","slug":"real-krill-350mg-60-softgels","status":"publish","type":"product","link":"https:\/\/ecosupplements.be\/fr\/produit\/real-krill-350mg-60-softgels\/","title":{"rendered":"Real Krill, 350mg &#8211; 60 softgels"},"content":{"rendered":"<h1 style=\"text-align: center;\">Doctor&#8217;s Best &#8211; Real Krill<\/h1>\n<p>Qu&#8217;est-ce que Doctor&#8217;s Best Real Krill ?<br \/>\nDoctor&#8217;s Best Real Krill soutient des niveaux de lipides sanguins sains, favorise la sant\u00e9 des articulations et am\u00e9liore la structure de la membrane cellulaire. Le krill est une cr\u00e9ature oc\u00e9anique ressemblant \u00e0 une crevette (crustac\u00e9) qui se nourrit d&#8217;algues, de phytoplancton et de zooplancton. Doctor&#8217;s Best Real Krill est r\u00e9colt\u00e9 de mani\u00e8re durable \u00e0 partir du krill de l&#8217;Antarctique. L&#8217;huile de krill fournit les acides gras om\u00e9ga-3, EPA et DHA, sous forme de phospholipides. L&#8217;huile de krill tire sa couleur rouge de l&#8217;astaxanthine, un puissant antioxydant membranaire.<br \/>\nComment cela fonctionne-t-il ?<br \/>\nLe krill prosp\u00e8re dans les mers glaciales de l&#8217;Antarctique gr\u00e2ce \u00e0 sa teneur abondante en acides gras om\u00e9ga-3 \u00e0 longue cha\u00eene DHA (acide docosahexa\u00e9no\u00efque) et EPA (acide eicosapenta\u00e9no\u00efque). En restant fluides \u00e0 des temp\u00e9ratures bien inf\u00e9rieures au point de cong\u00e9lation, ces nutriments lipidiques vitaux aident le krill \u00e0 survivre, se nourrir et se reproduire r\u00e9guli\u00e8rement. Les lipides vitaux du krill contribuent \u00e9galement \u00e0 l&#8217;entretien des membranes cellulaires. Les membranes sont des feuilles mol\u00e9culaires minces et interconnect\u00e9es qui d\u00e9finissent la fronti\u00e8re ext\u00e9rieure de la cellule et s&#8217;\u00e9tendent \u00e0 l&#8217;int\u00e9rieur de celle-ci. Le fondement de la membrane, ou matrice, est constitu\u00e9 principalement de phospholipides auxquels sont attach\u00e9s des acides gras. De nombreuses prot\u00e9ines catalytiques sont ins\u00e9r\u00e9es dans cette matrice, et celles-ci doivent \u00eatre libres de se d\u00e9placer, ce qui exige que la matrice soit semi-fluide. Les phospholipides om\u00e9ga-3 de l&#8217;huile de krill ont un effet fluidifiant sur la matrice membranaire, ce qui facilite le fonctionnement des cellules.<br \/>\nPourquoi devrais-je prendre Doctor&#8217;s Best Real Krill ?<br \/>\nLe maintien de lipides sanguins sains est important pour la sant\u00e9 cardiovasculaire et pour aider \u00e0 conserver la m\u00e9moire avec l&#8217;\u00e2ge. Il a \u00e9t\u00e9 d\u00e9montr\u00e9 que l&#8217;huile de krill augmente le taux de cholest\u00e9rol HDL et soutient les niveaux de cholest\u00e9rol dans la plage normale, \u00e0 des doses de 1 gramme et plus par jour. \u00c0 2 et 3 grammes par jour, l&#8217;huile de krill a \u00e9galement r\u00e9duit de mani\u00e8re significative les triglyc\u00e9rides. L&#8217;huile de krill \u00e0 1 gramme par jour et plus favorise \u00e9galement le maintien d&#8217;une glyc\u00e9mie saine.<\/p>\n<p><img decoding=\"async\" src=\"https:\/\/ecosupplements.be\/wp-content\/uploads\/2025\/08\/gluten-free-1.png\" title=\"Sans gluten\" alt=\"Gluten free\"><img decoding=\"async\" src=\"https:\/\/ecosupplements.be\/wp-content\/uploads\/2025\/08\/non-gmo-1.png\" title=\"Non-OGM\" alt=\"Non-GMO\"><\/p>\n","protected":false},"excerpt":{"rendered":"<p>Doctor&#8217;s Best &#8211; Real Krill Qu&#8217;est-ce que Doctor&#8217;s Best Real Krill ? Doctor&#8217;s Best Real Krill soutient des niveaux de lipides sanguins sains, favorise la sant\u00e9 des articulations et am\u00e9liore la structure de la membrane cellulaire. Le krill est une cr\u00e9ature oc\u00e9anique ressemblant \u00e0 une crevette (crustac\u00e9) qui se nourrit d&#8217;algues, de phytoplancton et de [&#8230;]\n","protected":false},"featured_media":243518,"comment_status":"open","ping_status":"open","template":"","meta":[],"product_brand":[4674],"product_cat":[5081,5082,5052,5084,5053],"product_tag":[5069],"class_list":{"0":"post-280657","1":"product","2":"type-product","3":"status-publish","4":"has-post-thumbnail","6":"product_brand-doctors-best-2","7":"product_cat-omegas-age-alc-huiles","8":"product_cat-omegas-efa-cla-huiles","9":"product_cat-sante-et-bien-etre","10":"product_cat-soutien-conjoint","11":"product_cat-vitamines-et-mineraux","12":"product_tag-topeco-2","14":"first","15":"instock","16":"taxable","17":"shipping-taxable","18":"purchasable","19":"product-type-simple"},"yoast_head":"<!-- This site is optimized with the Yoast SEO Premium plugin v27.3 (Yoast SEO v27.3) - https:\/\/yoast.com\/product\/yoast-seo-premium-wordpress\/ -->\n<title>Real Krill, 350mg - 60 softgels - ECO Supplements<\/title>\n<meta name=\"description\" content=\"Wij hebben een ruime keuze aan producten van Real Krill, 350mg - 60 softgels . Winkel bij Eco Supplements altijd gratis verzending boven 100\u20ac\" \/>\n<meta name=\"robots\" content=\"index, follow, max-snippet:-1, max-image-preview:large, max-video-preview:-1\" \/>\n<link rel=\"canonical\" href=\"https:\/\/ecosupplements.be\/fr\/produit\/real-krill-350mg-60-softgels\/\" \/>\n<meta property=\"og:locale\" content=\"fr_FR\" \/>\n<meta property=\"og:type\" content=\"article\" \/>\n<meta property=\"og:title\" content=\"Real Krill, 350mg - 60 softgels\" \/>\n<meta property=\"og:description\" content=\"Wij hebben een ruime keuze aan producten van Real Krill, 350mg - 60 softgels . Winkel bij Eco Supplements altijd gratis verzending boven 100\u20ac\" \/>\n<meta property=\"og:url\" content=\"https:\/\/ecosupplements.be\/fr\/produit\/real-krill-350mg-60-softgels\/\" \/>\n<meta property=\"og:site_name\" content=\"ECO Supplements\" \/>\n<meta property=\"article:modified_time\" content=\"2025-08-27T09:38:32+00:00\" \/>\n<meta property=\"og:image\" content=\"https:\/\/ecosupplements.be\/wp-content\/uploads\/2025\/08\/Doctors-Best-Real-Krill-60-softgels-2.jpeg\" \/>\n\t<meta property=\"og:image:width\" content=\"500\" \/>\n\t<meta property=\"og:image:height\" content=\"500\" \/>\n\t<meta property=\"og:image:type\" content=\"image\/jpeg\" \/>\n<meta name=\"twitter:card\" content=\"summary_large_image\" \/>\n<meta name=\"twitter:label1\" content=\"Prix\" \/>\n\t<meta name=\"twitter:data1\" content=\"29.57&nbsp;&euro;\" \/>\n\t<meta name=\"twitter:label2\" content=\"Disponibilit\u00e9\" \/>\n\t<meta name=\"twitter:data2\" content=\"En stock\" \/>\n<script type=\"application\/ld+json\" class=\"yoast-schema-graph\">{\"@context\":\"https:\\\/\\\/schema.org\",\"@graph\":[{\"@type\":[\"WebPage\",\"ItemPage\"],\"@id\":\"https:\\\/\\\/ecosupplements.be\\\/fr\\\/produit\\\/real-krill-350mg-60-softgels\\\/\",\"url\":\"https:\\\/\\\/ecosupplements.be\\\/fr\\\/produit\\\/real-krill-350mg-60-softgels\\\/\",\"name\":\"Real Krill, 350mg - 60 softgels - ECO Supplements\",\"isPartOf\":{\"@id\":\"https:\\\/\\\/ecosupplements.be\\\/fr\\\/#website\"},\"primaryImageOfPage\":{\"@id\":\"https:\\\/\\\/ecosupplements.be\\\/fr\\\/produit\\\/real-krill-350mg-60-softgels\\\/#primaryimage\"},\"image\":{\"@id\":\"https:\\\/\\\/ecosupplements.be\\\/fr\\\/produit\\\/real-krill-350mg-60-softgels\\\/#primaryimage\"},\"thumbnailUrl\":\"https:\\\/\\\/ecosupplements.be\\\/wp-content\\\/uploads\\\/2025\\\/08\\\/Doctors-Best-Real-Krill-60-softgels-2.jpeg\",\"datePublished\":\"2022-06-28T09:08:40+00:00\",\"dateModified\":\"2025-08-27T09:38:32+00:00\",\"description\":\"Wij hebben een ruime keuze aan producten van Real Krill, 350mg - 60 softgels . Winkel bij Eco Supplements altijd gratis verzending boven 100\u20ac\",\"breadcrumb\":{\"@id\":\"https:\\\/\\\/ecosupplements.be\\\/fr\\\/produit\\\/real-krill-350mg-60-softgels\\\/#breadcrumb\"},\"inLanguage\":\"fr-FR\",\"potentialAction\":[{\"@type\":\"ReadAction\",\"target\":[\"https:\\\/\\\/ecosupplements.be\\\/fr\\\/produit\\\/real-krill-350mg-60-softgels\\\/\"]}]},{\"@type\":\"ImageObject\",\"inLanguage\":\"fr-FR\",\"@id\":\"https:\\\/\\\/ecosupplements.be\\\/fr\\\/produit\\\/real-krill-350mg-60-softgels\\\/#primaryimage\",\"url\":\"https:\\\/\\\/ecosupplements.be\\\/wp-content\\\/uploads\\\/2025\\\/08\\\/Doctors-Best-Real-Krill-60-softgels-2.jpeg\",\"contentUrl\":\"https:\\\/\\\/ecosupplements.be\\\/wp-content\\\/uploads\\\/2025\\\/08\\\/Doctors-Best-Real-Krill-60-softgels-2.jpeg\",\"width\":500,\"height\":500},{\"@type\":\"BreadcrumbList\",\"@id\":\"https:\\\/\\\/ecosupplements.be\\\/fr\\\/produit\\\/real-krill-350mg-60-softgels\\\/#breadcrumb\",\"itemListElement\":[{\"@type\":\"ListItem\",\"position\":1,\"name\":\"Home\",\"item\":\"https:\\\/\\\/ecosupplements.be\\\/fr\\\/\"},{\"@type\":\"ListItem\",\"position\":2,\"name\":\"Boutique\",\"item\":\"https:\\\/\\\/ecosupplements.be\\\/fr\\\/boutique\\\/\"},{\"@type\":\"ListItem\",\"position\":3,\"name\":\"Real Krill, 350mg &#8211; 60 softgels\"}]},{\"@type\":\"WebSite\",\"@id\":\"https:\\\/\\\/ecosupplements.be\\\/fr\\\/#website\",\"url\":\"https:\\\/\\\/ecosupplements.be\\\/fr\\\/\",\"name\":\"ECO Supplements\",\"description\":\"Eco Supplements - Gezonde supplementen\",\"publisher\":{\"@id\":\"https:\\\/\\\/ecosupplements.be\\\/fr\\\/#organization\"},\"potentialAction\":[{\"@type\":\"SearchAction\",\"target\":{\"@type\":\"EntryPoint\",\"urlTemplate\":\"https:\\\/\\\/ecosupplements.be\\\/fr\\\/?s={search_term_string}\"},\"query-input\":{\"@type\":\"PropertyValueSpecification\",\"valueRequired\":true,\"valueName\":\"search_term_string\"}}],\"inLanguage\":\"fr-FR\"},{\"@type\":\"Organization\",\"@id\":\"https:\\\/\\\/ecosupplements.be\\\/fr\\\/#organization\",\"name\":\"Eco Supplements\",\"url\":\"https:\\\/\\\/ecosupplements.be\\\/fr\\\/\",\"logo\":{\"@type\":\"ImageObject\",\"inLanguage\":\"fr-FR\",\"@id\":\"https:\\\/\\\/ecosupplements.be\\\/fr\\\/#\\\/schema\\\/logo\\\/image\\\/\",\"url\":\"https:\\\/\\\/ecosupplements.be\\\/wp-content\\\/uploads\\\/2022\\\/06\\\/ecosupplement-family.png\",\"contentUrl\":\"https:\\\/\\\/ecosupplements.be\\\/wp-content\\\/uploads\\\/2022\\\/06\\\/ecosupplement-family.png\",\"width\":593,\"height\":374,\"caption\":\"Eco Supplements\"},\"image\":{\"@id\":\"https:\\\/\\\/ecosupplements.be\\\/fr\\\/#\\\/schema\\\/logo\\\/image\\\/\"}}]}<\/script>\n<meta property=\"product:brand\" content=\"Doctor&#039;s Best\" \/>\n<meta property=\"product:price:amount\" content=\"29.57\" \/>\n<meta property=\"product:price:currency\" content=\"EUR\" \/>\n<meta property=\"og:availability\" content=\"instock\" \/>\n<meta property=\"product:availability\" content=\"instock\" \/>\n<meta property=\"product:retailer_item_id\" content=\"753950002241\" \/>\n<meta property=\"product:condition\" content=\"new\" \/>\n<!-- \/ Yoast SEO Premium plugin. -->","yoast_head_json":{"title":"Real Krill, 350mg - 60 softgels - ECO Supplements","description":"Wij hebben een ruime keuze aan producten van Real Krill, 350mg - 60 softgels . Winkel bij Eco Supplements altijd gratis verzending boven 100\u20ac","robots":{"index":"index","follow":"follow","max-snippet":"max-snippet:-1","max-image-preview":"max-image-preview:large","max-video-preview":"max-video-preview:-1"},"canonical":"https:\/\/ecosupplements.be\/fr\/produit\/real-krill-350mg-60-softgels\/","og_locale":"fr_FR","og_type":"article","og_title":"Real Krill, 350mg - 60 softgels","og_description":"Wij hebben een ruime keuze aan producten van Real Krill, 350mg - 60 softgels . Winkel bij Eco Supplements altijd gratis verzending boven 100\u20ac","og_url":"https:\/\/ecosupplements.be\/fr\/produit\/real-krill-350mg-60-softgels\/","og_site_name":"ECO Supplements","article_modified_time":"2025-08-27T09:38:32+00:00","og_image":[{"width":500,"height":500,"url":"https:\/\/ecosupplements.be\/wp-content\/uploads\/2025\/08\/Doctors-Best-Real-Krill-60-softgels-2.jpeg","type":"image\/jpeg"}],"twitter_card":"summary_large_image","twitter_misc":{"Prix":"29.57&nbsp;&euro;","Disponibilit\u00e9":"En stock"},"schema":{"@context":"https:\/\/schema.org","@graph":[{"@type":["WebPage","ItemPage"],"@id":"https:\/\/ecosupplements.be\/fr\/produit\/real-krill-350mg-60-softgels\/","url":"https:\/\/ecosupplements.be\/fr\/produit\/real-krill-350mg-60-softgels\/","name":"Real Krill, 350mg - 60 softgels - ECO Supplements","isPartOf":{"@id":"https:\/\/ecosupplements.be\/fr\/#website"},"primaryImageOfPage":{"@id":"https:\/\/ecosupplements.be\/fr\/produit\/real-krill-350mg-60-softgels\/#primaryimage"},"image":{"@id":"https:\/\/ecosupplements.be\/fr\/produit\/real-krill-350mg-60-softgels\/#primaryimage"},"thumbnailUrl":"https:\/\/ecosupplements.be\/wp-content\/uploads\/2025\/08\/Doctors-Best-Real-Krill-60-softgels-2.jpeg","datePublished":"2022-06-28T09:08:40+00:00","dateModified":"2025-08-27T09:38:32+00:00","description":"Wij hebben een ruime keuze aan producten van Real Krill, 350mg - 60 softgels . Winkel bij Eco Supplements altijd gratis verzending boven 100\u20ac","breadcrumb":{"@id":"https:\/\/ecosupplements.be\/fr\/produit\/real-krill-350mg-60-softgels\/#breadcrumb"},"inLanguage":"fr-FR","potentialAction":[{"@type":"ReadAction","target":["https:\/\/ecosupplements.be\/fr\/produit\/real-krill-350mg-60-softgels\/"]}]},{"@type":"ImageObject","inLanguage":"fr-FR","@id":"https:\/\/ecosupplements.be\/fr\/produit\/real-krill-350mg-60-softgels\/#primaryimage","url":"https:\/\/ecosupplements.be\/wp-content\/uploads\/2025\/08\/Doctors-Best-Real-Krill-60-softgels-2.jpeg","contentUrl":"https:\/\/ecosupplements.be\/wp-content\/uploads\/2025\/08\/Doctors-Best-Real-Krill-60-softgels-2.jpeg","width":500,"height":500},{"@type":"BreadcrumbList","@id":"https:\/\/ecosupplements.be\/fr\/produit\/real-krill-350mg-60-softgels\/#breadcrumb","itemListElement":[{"@type":"ListItem","position":1,"name":"Home","item":"https:\/\/ecosupplements.be\/fr\/"},{"@type":"ListItem","position":2,"name":"Boutique","item":"https:\/\/ecosupplements.be\/fr\/boutique\/"},{"@type":"ListItem","position":3,"name":"Real Krill, 350mg &#8211; 60 softgels"}]},{"@type":"WebSite","@id":"https:\/\/ecosupplements.be\/fr\/#website","url":"https:\/\/ecosupplements.be\/fr\/","name":"ECO Supplements","description":"Eco Supplements - Gezonde supplementen","publisher":{"@id":"https:\/\/ecosupplements.be\/fr\/#organization"},"potentialAction":[{"@type":"SearchAction","target":{"@type":"EntryPoint","urlTemplate":"https:\/\/ecosupplements.be\/fr\/?s={search_term_string}"},"query-input":{"@type":"PropertyValueSpecification","valueRequired":true,"valueName":"search_term_string"}}],"inLanguage":"fr-FR"},{"@type":"Organization","@id":"https:\/\/ecosupplements.be\/fr\/#organization","name":"Eco Supplements","url":"https:\/\/ecosupplements.be\/fr\/","logo":{"@type":"ImageObject","inLanguage":"fr-FR","@id":"https:\/\/ecosupplements.be\/fr\/#\/schema\/logo\/image\/","url":"https:\/\/ecosupplements.be\/wp-content\/uploads\/2022\/06\/ecosupplement-family.png","contentUrl":"https:\/\/ecosupplements.be\/wp-content\/uploads\/2022\/06\/ecosupplement-family.png","width":593,"height":374,"caption":"Eco Supplements"},"image":{"@id":"https:\/\/ecosupplements.be\/fr\/#\/schema\/logo\/image\/"}}]},"product_brand":"Doctor's Best","product_price_amount":"29.57","product_price_currency":"EUR","og_availability":"instock","product_availability":"instock","product_retailer_item_id":"753950002241","product_condition":"new"},"_links":{"self":[{"href":"https:\/\/ecosupplements.be\/fr\/wp-json\/wp\/v2\/product\/280657","targetHints":{"allow":["GET"]}}],"collection":[{"href":"https:\/\/ecosupplements.be\/fr\/wp-json\/wp\/v2\/product"}],"about":[{"href":"https:\/\/ecosupplements.be\/fr\/wp-json\/wp\/v2\/types\/product"}],"replies":[{"embeddable":true,"href":"https:\/\/ecosupplements.be\/fr\/wp-json\/wp\/v2\/comments?post=280657"}],"wp:featuredmedia":[{"embeddable":true,"href":"https:\/\/ecosupplements.be\/fr\/wp-json\/wp\/v2\/media\/243518"}],"wp:attachment":[{"href":"https:\/\/ecosupplements.be\/fr\/wp-json\/wp\/v2\/media?parent=280657"}],"wp:term":[{"taxonomy":"product_brand","embeddable":true,"href":"https:\/\/ecosupplements.be\/fr\/wp-json\/wp\/v2\/product_brand?post=280657"},{"taxonomy":"product_cat","embeddable":true,"href":"https:\/\/ecosupplements.be\/fr\/wp-json\/wp\/v2\/product_cat?post=280657"},{"taxonomy":"product_tag","embeddable":true,"href":"https:\/\/ecosupplements.be\/fr\/wp-json\/wp\/v2\/product_tag?post=280657"}],"curies":[{"name":"wp","href":"https:\/\/api.w.org\/{rel}","templated":true}]}}