{"id":280666,"date":"2022-06-28T10:08:48","date_gmt":"2022-06-28T09:08:48","guid":{"rendered":"https:\/\/ecosupplements.be\/product\/acide-r-lipoique-stabilise-avec-na-rala-bioenhanced-100mg-60-vcaps\/"},"modified":"2025-08-27T10:39:12","modified_gmt":"2025-08-27T09:39:12","slug":"acide-r-lipoique-stabilise-avec-na-rala-bioenhanced-100mg-60-vcaps","status":"publish","type":"product","link":"https:\/\/ecosupplements.be\/fr\/produit\/acide-r-lipoique-stabilise-avec-na-rala-bioenhanced-100mg-60-vcaps\/","title":{"rendered":"Acide R-Lipo\u00efque Stabilis\u00e9 avec Na-RALA BioEnhanced, 100mg &#8211; 60 vcaps"},"content":{"rendered":"<h1 style=\"text-align: center;\">Doctor&#8217;s Best &#8211; Acide R-Lipo\u00efque stabilis\u00e9 avec Na-RALA bio\u00e9nergis\u00e9<\/h1>\n<p>Qu&#8217;est-ce que l&#8217;acide R-Lipo\u00efque stabilis\u00e9 Doctor&#8217;s Best ?<br \/>L&#8217;acide alpha-lipo\u00efque est un acide gras contenant du soufre qui joue des r\u00f4les similaires \u00e0 ceux des vitamines dans l&#8217;organisme, mais comme le corps produit lui-m\u00eame l&#8217;acide lipo\u00efque, il n&#8217;est pas class\u00e9 comme une v\u00e9ritable vitamine. Il fonctionne comme une coenzyme dans le m\u00e9tabolisme des glucides et est n\u00e9cessaire \u00e0 la synth\u00e8se de l&#8217;ac\u00e9tyl CoA, un m\u00e9tabolite cl\u00e9 dans le processus cellulaire qui transforme le glucose (sucre sanguin) en \u00e9nergie. L&#8217;acide R-Lipo\u00efque stabilis\u00e9 contient du Na-RLA BioEnhanced, le sel de sodium de l&#8217;acide R-Lipo\u00efque. L&#8217;acide R-Lipo\u00efque pur est une mol\u00e9cule tr\u00e8s instable qui a tendance \u00e0 se polym\u00e9riser avec l&#8217;exposition \u00e0 la chaleur, \u00e0 la lumi\u00e8re et \u00e0 l&#8217;humidit\u00e9. Le Na-RLA BioEnhanced est une forme stabilis\u00e9e de l&#8217;acide R-Lipo\u00efque qui ne se d\u00e9grade pas \u00e0 des temp\u00e9ratures \u00e9lev\u00e9es.<\/p>\n<p>Comment cela fonctionne-t-il ?<br \/>L&#8217;acide lipo\u00efque est un facteur cl\u00e9 dans le processus cellulaire qui m\u00e9tabolise le glucose pour la production d&#8217;\u00e9nergie. Le vieillissement s&#8217;accompagne d&#8217;une diminution de la capacit\u00e9 du foie \u00e0 recycler l&#8217;acide ascorbique suite \u00e0 un stress oxydatif. Il a \u00e9t\u00e9 d\u00e9montr\u00e9 que l&#8217;acide R-lipo\u00efque, apr\u00e8s deux semaines de suppl\u00e9mentation \u00e0 des rats \u00e2g\u00e9s, inversait la d\u00e9ficience li\u00e9e \u00e0 l&#8217;\u00e2ge du recyclage et de la concentration de l&#8217;acide ascorbique dans les cellules du foie. Le vieillissement est \u00e9galement associ\u00e9 au stress oxydatif dans le cerveau. Le taux \u00e9lev\u00e9 de m\u00e9tabolisme du cerveau et ses neurones \u00e0 longue dur\u00e9e de vie le rendent particuli\u00e8rement vuln\u00e9rable au stress oxydatif. \u00c9tant donn\u00e9 que l&#8217;acide lipo\u00efque interrompt les processus oxydatifs cellulaires sous ses formes oxyd\u00e9e et r\u00e9duite, il joue un r\u00f4le modulateur dans le cerveau et le syst\u00e8me nerveux.<\/p>\n<p>Pourquoi devrais-je prendre Doctor&#8217;s Best Stabilized R-Lipoic-Acid ?<br \/>Un antioxydant id\u00e9al aurait la capacit\u00e9 d&#8217;\u00e9teindre une grande vari\u00e9t\u00e9 de radicaux libres, de soutenir le fonctionnement d&#8217;autres antioxydants, de lier ou de &#8220;ch\u00e9later&#8221; les ions m\u00e9talliques qui peuvent g\u00e9n\u00e9rer des radicaux libres, de fonctionner dans des environnements aqueux et gras et d&#8217;\u00eatre pr\u00e9sent dans une vari\u00e9t\u00e9 de tissus, de cellules et d&#8217;espaces extracellulaires. L&#8217;acide lipo\u00efque r\u00e9pond \u00e0 tous ces crit\u00e8res et est souvent appel\u00e9 &#8220;l&#8217;antioxydant universel&#8221;. En vieillissant, notre capacit\u00e9 \u00e0 synth\u00e9tiser l&#8217;acide alpha-lipo\u00efque diminue. L&#8217;\u00e2ge entra\u00eene \u00e9galement une accumulation de prot\u00e9ines oxyd\u00e9es qui interf\u00e8rent avec l&#8217;efficacit\u00e9 des mitochondries et l&#8217;acide alpha-lipo\u00efque rem\u00e9die \u00e0 cette situation. L&#8217;acide alpha-lipo\u00efque se pr\u00e9sente sous deux formes, d\u00e9sign\u00e9es comme &#8220;acide R-lipo\u00efque&#8221; et &#8220;acide S-lipo\u00efque&#8221;. L&#8217;acide R- et S-lipo\u00efque sont des isom\u00e8res \u00e9nantiom\u00e8res &#8211; des mol\u00e9cules qui apparaissent comme des images miroir l&#8217;une de l&#8217;autre. L&#8217;acide R-lipo\u00efque est naturellement synth\u00e9tis\u00e9 par les humains, les animaux et les plantes.<\/p>\n<p><strong><\/strong><\/p>\n<div class=\"facts-container\">\n<\/div>\n<\/p>\n<div class=\"tag-container\"><img decoding=\"async\" src=\"https:\/\/ecosupplements.se\/wp-content\/uploads\/2022\/02\/gluten-free-1.png\" title=\"Sans gluten\" alt=\"Gluten free\"><img decoding=\"async\" src=\"https:\/\/ecosupplements.se\/wp-content\/uploads\/2022\/02\/non-gmo-1.png\" title=\"Non-OGM\" alt=\"Non-GMO\"><img decoding=\"async\" src=\"https:\/\/ecosupplements.se\/wp-content\/uploads\/2022\/02\/vegan-1.png\" title=\"Vegan\" alt=\"Vegan\">\n<\/div>\n","protected":false},"excerpt":{"rendered":"<p>Doctor&#8217;s Best &#8211; Acide R-Lipo\u00efque stabilis\u00e9 avec Na-RALA bio\u00e9nergis\u00e9 Qu&#8217;est-ce que l&#8217;acide R-Lipo\u00efque stabilis\u00e9 Doctor&#8217;s Best ?L&#8217;acide alpha-lipo\u00efque est un acide gras contenant du soufre qui joue des r\u00f4les similaires \u00e0 ceux des vitamines dans l&#8217;organisme, mais comme le corps produit lui-m\u00eame l&#8217;acide lipo\u00efque, il n&#8217;est pas class\u00e9 comme une v\u00e9ritable vitamine. Il fonctionne comme [&#8230;]\n","protected":false},"featured_media":243567,"comment_status":"open","ping_status":"open","template":"","meta":[],"product_brand":[4674],"product_cat":[5054,5055,5052,5053],"product_tag":[5071],"class_list":{"0":"post-280666","1":"product","2":"type-product","3":"status-publish","4":"has-post-thumbnail","6":"product_brand-doctors-best-2","7":"product_cat-nourriture-saine","8":"product_cat-produits-vegetaliens","9":"product_cat-sante-et-bien-etre","10":"product_cat-vitamines-et-mineraux","11":"product_tag-ecoplus-2","13":"first","14":"instock","15":"taxable","16":"shipping-taxable","17":"purchasable","18":"product-type-simple"},"yoast_head":"<!-- This site is optimized with the Yoast SEO Premium plugin v27.3 (Yoast SEO v27.3) - https:\/\/yoast.com\/product\/yoast-seo-premium-wordpress\/ -->\n<title>Acide R-Lipo\u00efque Stabilis\u00e9 avec Na-RALA BioEnhanced, 100mg - 60 vcaps - ECO Supplements<\/title>\n<meta name=\"description\" content=\"Wij hebben een ruime keuze aan producten van Acide R-Lipo\u00efque Stabilis\u00e9 avec Na-RALA BioEnhanced, 100mg - 60 vcaps . Winkel bij Eco Supplements altijd gratis verzending boven 100\u20ac\" \/>\n<meta name=\"robots\" content=\"index, follow, max-snippet:-1, max-image-preview:large, max-video-preview:-1\" \/>\n<link rel=\"canonical\" href=\"https:\/\/ecosupplements.be\/fr\/produit\/acide-r-lipoique-stabilise-avec-na-rala-bioenhanced-100mg-60-vcaps\/\" \/>\n<meta property=\"og:locale\" content=\"fr_FR\" \/>\n<meta property=\"og:type\" content=\"article\" \/>\n<meta property=\"og:title\" content=\"Acide R-Lipo\u00efque Stabilis\u00e9 avec Na-RALA BioEnhanced, 100mg - 60 vcaps\" \/>\n<meta property=\"og:description\" content=\"Wij hebben een ruime keuze aan producten van Acide R-Lipo\u00efque Stabilis\u00e9 avec Na-RALA BioEnhanced, 100mg - 60 vcaps . Winkel bij Eco Supplements altijd gratis verzending boven 100\u20ac\" \/>\n<meta property=\"og:url\" content=\"https:\/\/ecosupplements.be\/fr\/produit\/acide-r-lipoique-stabilise-avec-na-rala-bioenhanced-100mg-60-vcaps\/\" \/>\n<meta property=\"og:site_name\" content=\"ECO Supplements\" \/>\n<meta property=\"article:modified_time\" content=\"2025-08-27T09:39:12+00:00\" \/>\n<meta property=\"og:image\" content=\"https:\/\/ecosupplements.be\/wp-content\/uploads\/2025\/08\/Doctors-Best-Stabilized-R-Lipoic-Acid-with-BioEnhanced-Na-RALA-100mg-60-vcaps-1.jpg\" \/>\n\t<meta property=\"og:image:width\" content=\"750\" \/>\n\t<meta property=\"og:image:height\" content=\"750\" \/>\n\t<meta property=\"og:image:type\" content=\"image\/jpeg\" \/>\n<meta name=\"twitter:card\" content=\"summary_large_image\" \/>\n<meta name=\"twitter:label1\" content=\"Prix\" \/>\n\t<meta name=\"twitter:data1\" content=\"33.10&nbsp;&euro;\" \/>\n\t<meta name=\"twitter:label2\" content=\"Disponibilit\u00e9\" \/>\n\t<meta name=\"twitter:data2\" content=\"En stock\" \/>\n<script type=\"application\/ld+json\" class=\"yoast-schema-graph\">{\"@context\":\"https:\\\/\\\/schema.org\",\"@graph\":[{\"@type\":[\"WebPage\",\"ItemPage\"],\"@id\":\"https:\\\/\\\/ecosupplements.be\\\/fr\\\/produit\\\/acide-r-lipoique-stabilise-avec-na-rala-bioenhanced-100mg-60-vcaps\\\/\",\"url\":\"https:\\\/\\\/ecosupplements.be\\\/fr\\\/produit\\\/acide-r-lipoique-stabilise-avec-na-rala-bioenhanced-100mg-60-vcaps\\\/\",\"name\":\"Acide R-Lipo\u00efque Stabilis\u00e9 avec Na-RALA BioEnhanced, 100mg - 60 vcaps - ECO Supplements\",\"isPartOf\":{\"@id\":\"https:\\\/\\\/ecosupplements.be\\\/fr\\\/#website\"},\"primaryImageOfPage\":{\"@id\":\"https:\\\/\\\/ecosupplements.be\\\/fr\\\/produit\\\/acide-r-lipoique-stabilise-avec-na-rala-bioenhanced-100mg-60-vcaps\\\/#primaryimage\"},\"image\":{\"@id\":\"https:\\\/\\\/ecosupplements.be\\\/fr\\\/produit\\\/acide-r-lipoique-stabilise-avec-na-rala-bioenhanced-100mg-60-vcaps\\\/#primaryimage\"},\"thumbnailUrl\":\"https:\\\/\\\/ecosupplements.be\\\/wp-content\\\/uploads\\\/2025\\\/08\\\/Doctors-Best-Stabilized-R-Lipoic-Acid-with-BioEnhanced-Na-RALA-100mg-60-vcaps-1.jpg\",\"datePublished\":\"2022-06-28T09:08:48+00:00\",\"dateModified\":\"2025-08-27T09:39:12+00:00\",\"description\":\"Wij hebben een ruime keuze aan producten van Acide R-Lipo\u00efque Stabilis\u00e9 avec Na-RALA BioEnhanced, 100mg - 60 vcaps . Winkel bij Eco Supplements altijd gratis verzending boven 100\u20ac\",\"breadcrumb\":{\"@id\":\"https:\\\/\\\/ecosupplements.be\\\/fr\\\/produit\\\/acide-r-lipoique-stabilise-avec-na-rala-bioenhanced-100mg-60-vcaps\\\/#breadcrumb\"},\"inLanguage\":\"fr-FR\",\"potentialAction\":[{\"@type\":\"ReadAction\",\"target\":[\"https:\\\/\\\/ecosupplements.be\\\/fr\\\/produit\\\/acide-r-lipoique-stabilise-avec-na-rala-bioenhanced-100mg-60-vcaps\\\/\"]}]},{\"@type\":\"ImageObject\",\"inLanguage\":\"fr-FR\",\"@id\":\"https:\\\/\\\/ecosupplements.be\\\/fr\\\/produit\\\/acide-r-lipoique-stabilise-avec-na-rala-bioenhanced-100mg-60-vcaps\\\/#primaryimage\",\"url\":\"https:\\\/\\\/ecosupplements.be\\\/wp-content\\\/uploads\\\/2025\\\/08\\\/Doctors-Best-Stabilized-R-Lipoic-Acid-with-BioEnhanced-Na-RALA-100mg-60-vcaps-1.jpg\",\"contentUrl\":\"https:\\\/\\\/ecosupplements.be\\\/wp-content\\\/uploads\\\/2025\\\/08\\\/Doctors-Best-Stabilized-R-Lipoic-Acid-with-BioEnhanced-Na-RALA-100mg-60-vcaps-1.jpg\",\"width\":750,\"height\":750},{\"@type\":\"BreadcrumbList\",\"@id\":\"https:\\\/\\\/ecosupplements.be\\\/fr\\\/produit\\\/acide-r-lipoique-stabilise-avec-na-rala-bioenhanced-100mg-60-vcaps\\\/#breadcrumb\",\"itemListElement\":[{\"@type\":\"ListItem\",\"position\":1,\"name\":\"Home\",\"item\":\"https:\\\/\\\/ecosupplements.be\\\/fr\\\/\"},{\"@type\":\"ListItem\",\"position\":2,\"name\":\"Boutique\",\"item\":\"https:\\\/\\\/ecosupplements.be\\\/fr\\\/boutique\\\/\"},{\"@type\":\"ListItem\",\"position\":3,\"name\":\"Acide R-Lipo\u00efque Stabilis\u00e9 avec Na-RALA BioEnhanced, 100mg &#8211; 60 vcaps\"}]},{\"@type\":\"WebSite\",\"@id\":\"https:\\\/\\\/ecosupplements.be\\\/fr\\\/#website\",\"url\":\"https:\\\/\\\/ecosupplements.be\\\/fr\\\/\",\"name\":\"ECO Supplements\",\"description\":\"Eco Supplements - Gezonde supplementen\",\"publisher\":{\"@id\":\"https:\\\/\\\/ecosupplements.be\\\/fr\\\/#organization\"},\"potentialAction\":[{\"@type\":\"SearchAction\",\"target\":{\"@type\":\"EntryPoint\",\"urlTemplate\":\"https:\\\/\\\/ecosupplements.be\\\/fr\\\/?s={search_term_string}\"},\"query-input\":{\"@type\":\"PropertyValueSpecification\",\"valueRequired\":true,\"valueName\":\"search_term_string\"}}],\"inLanguage\":\"fr-FR\"},{\"@type\":\"Organization\",\"@id\":\"https:\\\/\\\/ecosupplements.be\\\/fr\\\/#organization\",\"name\":\"Eco Supplements\",\"url\":\"https:\\\/\\\/ecosupplements.be\\\/fr\\\/\",\"logo\":{\"@type\":\"ImageObject\",\"inLanguage\":\"fr-FR\",\"@id\":\"https:\\\/\\\/ecosupplements.be\\\/fr\\\/#\\\/schema\\\/logo\\\/image\\\/\",\"url\":\"https:\\\/\\\/ecosupplements.be\\\/wp-content\\\/uploads\\\/2022\\\/06\\\/ecosupplement-family.png\",\"contentUrl\":\"https:\\\/\\\/ecosupplements.be\\\/wp-content\\\/uploads\\\/2022\\\/06\\\/ecosupplement-family.png\",\"width\":593,\"height\":374,\"caption\":\"Eco Supplements\"},\"image\":{\"@id\":\"https:\\\/\\\/ecosupplements.be\\\/fr\\\/#\\\/schema\\\/logo\\\/image\\\/\"}}]}<\/script>\n<meta property=\"product:brand\" content=\"Doctor&#039;s Best\" \/>\n<meta property=\"product:price:amount\" content=\"33.10\" \/>\n<meta property=\"product:price:currency\" content=\"EUR\" \/>\n<meta property=\"og:availability\" content=\"instock\" \/>\n<meta property=\"product:availability\" content=\"instock\" \/>\n<meta property=\"product:retailer_item_id\" content=\"753950001237\" \/>\n<meta property=\"product:condition\" content=\"new\" \/>\n<!-- \/ Yoast SEO Premium plugin. -->","yoast_head_json":{"title":"Acide R-Lipo\u00efque Stabilis\u00e9 avec Na-RALA BioEnhanced, 100mg - 60 vcaps - ECO Supplements","description":"Wij hebben een ruime keuze aan producten van Acide R-Lipo\u00efque Stabilis\u00e9 avec Na-RALA BioEnhanced, 100mg - 60 vcaps . Winkel bij Eco Supplements altijd gratis verzending boven 100\u20ac","robots":{"index":"index","follow":"follow","max-snippet":"max-snippet:-1","max-image-preview":"max-image-preview:large","max-video-preview":"max-video-preview:-1"},"canonical":"https:\/\/ecosupplements.be\/fr\/produit\/acide-r-lipoique-stabilise-avec-na-rala-bioenhanced-100mg-60-vcaps\/","og_locale":"fr_FR","og_type":"article","og_title":"Acide R-Lipo\u00efque Stabilis\u00e9 avec Na-RALA BioEnhanced, 100mg - 60 vcaps","og_description":"Wij hebben een ruime keuze aan producten van Acide R-Lipo\u00efque Stabilis\u00e9 avec Na-RALA BioEnhanced, 100mg - 60 vcaps . Winkel bij Eco Supplements altijd gratis verzending boven 100\u20ac","og_url":"https:\/\/ecosupplements.be\/fr\/produit\/acide-r-lipoique-stabilise-avec-na-rala-bioenhanced-100mg-60-vcaps\/","og_site_name":"ECO Supplements","article_modified_time":"2025-08-27T09:39:12+00:00","og_image":[{"width":750,"height":750,"url":"https:\/\/ecosupplements.be\/wp-content\/uploads\/2025\/08\/Doctors-Best-Stabilized-R-Lipoic-Acid-with-BioEnhanced-Na-RALA-100mg-60-vcaps-1.jpg","type":"image\/jpeg"}],"twitter_card":"summary_large_image","twitter_misc":{"Prix":"33.10&nbsp;&euro;","Disponibilit\u00e9":"En stock"},"schema":{"@context":"https:\/\/schema.org","@graph":[{"@type":["WebPage","ItemPage"],"@id":"https:\/\/ecosupplements.be\/fr\/produit\/acide-r-lipoique-stabilise-avec-na-rala-bioenhanced-100mg-60-vcaps\/","url":"https:\/\/ecosupplements.be\/fr\/produit\/acide-r-lipoique-stabilise-avec-na-rala-bioenhanced-100mg-60-vcaps\/","name":"Acide R-Lipo\u00efque Stabilis\u00e9 avec Na-RALA BioEnhanced, 100mg - 60 vcaps - ECO Supplements","isPartOf":{"@id":"https:\/\/ecosupplements.be\/fr\/#website"},"primaryImageOfPage":{"@id":"https:\/\/ecosupplements.be\/fr\/produit\/acide-r-lipoique-stabilise-avec-na-rala-bioenhanced-100mg-60-vcaps\/#primaryimage"},"image":{"@id":"https:\/\/ecosupplements.be\/fr\/produit\/acide-r-lipoique-stabilise-avec-na-rala-bioenhanced-100mg-60-vcaps\/#primaryimage"},"thumbnailUrl":"https:\/\/ecosupplements.be\/wp-content\/uploads\/2025\/08\/Doctors-Best-Stabilized-R-Lipoic-Acid-with-BioEnhanced-Na-RALA-100mg-60-vcaps-1.jpg","datePublished":"2022-06-28T09:08:48+00:00","dateModified":"2025-08-27T09:39:12+00:00","description":"Wij hebben een ruime keuze aan producten van Acide R-Lipo\u00efque Stabilis\u00e9 avec Na-RALA BioEnhanced, 100mg - 60 vcaps . Winkel bij Eco Supplements altijd gratis verzending boven 100\u20ac","breadcrumb":{"@id":"https:\/\/ecosupplements.be\/fr\/produit\/acide-r-lipoique-stabilise-avec-na-rala-bioenhanced-100mg-60-vcaps\/#breadcrumb"},"inLanguage":"fr-FR","potentialAction":[{"@type":"ReadAction","target":["https:\/\/ecosupplements.be\/fr\/produit\/acide-r-lipoique-stabilise-avec-na-rala-bioenhanced-100mg-60-vcaps\/"]}]},{"@type":"ImageObject","inLanguage":"fr-FR","@id":"https:\/\/ecosupplements.be\/fr\/produit\/acide-r-lipoique-stabilise-avec-na-rala-bioenhanced-100mg-60-vcaps\/#primaryimage","url":"https:\/\/ecosupplements.be\/wp-content\/uploads\/2025\/08\/Doctors-Best-Stabilized-R-Lipoic-Acid-with-BioEnhanced-Na-RALA-100mg-60-vcaps-1.jpg","contentUrl":"https:\/\/ecosupplements.be\/wp-content\/uploads\/2025\/08\/Doctors-Best-Stabilized-R-Lipoic-Acid-with-BioEnhanced-Na-RALA-100mg-60-vcaps-1.jpg","width":750,"height":750},{"@type":"BreadcrumbList","@id":"https:\/\/ecosupplements.be\/fr\/produit\/acide-r-lipoique-stabilise-avec-na-rala-bioenhanced-100mg-60-vcaps\/#breadcrumb","itemListElement":[{"@type":"ListItem","position":1,"name":"Home","item":"https:\/\/ecosupplements.be\/fr\/"},{"@type":"ListItem","position":2,"name":"Boutique","item":"https:\/\/ecosupplements.be\/fr\/boutique\/"},{"@type":"ListItem","position":3,"name":"Acide R-Lipo\u00efque Stabilis\u00e9 avec Na-RALA BioEnhanced, 100mg &#8211; 60 vcaps"}]},{"@type":"WebSite","@id":"https:\/\/ecosupplements.be\/fr\/#website","url":"https:\/\/ecosupplements.be\/fr\/","name":"ECO Supplements","description":"Eco Supplements - Gezonde supplementen","publisher":{"@id":"https:\/\/ecosupplements.be\/fr\/#organization"},"potentialAction":[{"@type":"SearchAction","target":{"@type":"EntryPoint","urlTemplate":"https:\/\/ecosupplements.be\/fr\/?s={search_term_string}"},"query-input":{"@type":"PropertyValueSpecification","valueRequired":true,"valueName":"search_term_string"}}],"inLanguage":"fr-FR"},{"@type":"Organization","@id":"https:\/\/ecosupplements.be\/fr\/#organization","name":"Eco Supplements","url":"https:\/\/ecosupplements.be\/fr\/","logo":{"@type":"ImageObject","inLanguage":"fr-FR","@id":"https:\/\/ecosupplements.be\/fr\/#\/schema\/logo\/image\/","url":"https:\/\/ecosupplements.be\/wp-content\/uploads\/2022\/06\/ecosupplement-family.png","contentUrl":"https:\/\/ecosupplements.be\/wp-content\/uploads\/2022\/06\/ecosupplement-family.png","width":593,"height":374,"caption":"Eco Supplements"},"image":{"@id":"https:\/\/ecosupplements.be\/fr\/#\/schema\/logo\/image\/"}}]},"product_brand":"Doctor's Best","product_price_amount":"33.10","product_price_currency":"EUR","og_availability":"instock","product_availability":"instock","product_retailer_item_id":"753950001237","product_condition":"new"},"_links":{"self":[{"href":"https:\/\/ecosupplements.be\/fr\/wp-json\/wp\/v2\/product\/280666","targetHints":{"allow":["GET"]}}],"collection":[{"href":"https:\/\/ecosupplements.be\/fr\/wp-json\/wp\/v2\/product"}],"about":[{"href":"https:\/\/ecosupplements.be\/fr\/wp-json\/wp\/v2\/types\/product"}],"replies":[{"embeddable":true,"href":"https:\/\/ecosupplements.be\/fr\/wp-json\/wp\/v2\/comments?post=280666"}],"wp:featuredmedia":[{"embeddable":true,"href":"https:\/\/ecosupplements.be\/fr\/wp-json\/wp\/v2\/media\/243567"}],"wp:attachment":[{"href":"https:\/\/ecosupplements.be\/fr\/wp-json\/wp\/v2\/media?parent=280666"}],"wp:term":[{"taxonomy":"product_brand","embeddable":true,"href":"https:\/\/ecosupplements.be\/fr\/wp-json\/wp\/v2\/product_brand?post=280666"},{"taxonomy":"product_cat","embeddable":true,"href":"https:\/\/ecosupplements.be\/fr\/wp-json\/wp\/v2\/product_cat?post=280666"},{"taxonomy":"product_tag","embeddable":true,"href":"https:\/\/ecosupplements.be\/fr\/wp-json\/wp\/v2\/product_tag?post=280666"}],"curies":[{"name":"wp","href":"https:\/\/api.w.org\/{rel}","templated":true}]}}