{"id":280668,"date":"2022-06-28T10:08:48","date_gmt":"2022-06-28T09:08:48","guid":{"rendered":"https:\/\/ecosupplements.be\/product\/formule-synergique-glucosamine-msm-avec-optimsm-180-gelules\/"},"modified":"2025-08-27T10:39:19","modified_gmt":"2025-08-27T09:39:19","slug":"formule-synergique-glucosamine-msm-avec-optimsm-180-gelules","status":"publish","type":"product","link":"https:\/\/ecosupplements.be\/fr\/produit\/formule-synergique-glucosamine-msm-avec-optimsm-180-gelules\/","title":{"rendered":"Formule synergique Glucosamine MSM avec OptiMSM &#8211; 180 g\u00e9lules"},"content":{"rendered":"<h1 style=\"text-align: center;\">Doctor&#8217;s Best &#8211; Formule synergique Glucosamine MSM avec OptiMSM<\/h1>\n<p>Qu&#8217;est-ce que la formule Synergistic Glucosamine\/ MSM ?<br \/>\nLa formule Synergistic Glucosamine\/MSM contient du sulfate de glucosamine pur, sans sodium et stabilis\u00e9 au potassium, comme le confirme l&#8217;analyse HPLC. Le sulfate de glucosamine est le produit final des coquilles d\u00e9riv\u00e9es de mollusques et de crustac\u00e9s cultiv\u00e9s en mer, trait\u00e9es pour \u00e9liminer tous les r\u00e9sidus de prot\u00e9ines et les impuret\u00e9s. Synergistic Glucosamine\/MSM Formula contient \u00e9galement du m\u00e9thylsulfonylm\u00e9thane OptiMSM, MSM, distill\u00e9 pour \u00eatre pur \u00e0 99,9%. Le MSM est un nutriment d&#8217;origine naturelle qui fournit du soufre, utilis\u00e9 par l&#8217;organisme pour maintenir les tissus conjonctifs.<br \/>\nComment cela fonctionne-t-il ?<br \/>\nLe sulfate de glucosamine (GS) soutient la fonction articulaire en fournissant \u00e0 l&#8217;organisme les ingr\u00e9dients alimentaires (glucosamine et soufre) n\u00e9cessaires \u00e0 la fabrication des prot\u00e9oglycanes dans des articulations saines. La glucosamine, un sucre amin\u00e9 essentiel aux glycosaminoglycanes pr\u00e9sents dans le cartilage et le liquide synovial, stimule les chondrocytes (cellules du cartilage) \u00e0 fabriquer des prot\u00e9oglycanes. Les prot\u00e9oglycanes contribuent au maintien d&#8217;une structure articulaire saine, am\u00e9liorant ainsi la fonction articulaire saine. En outre, la glucosamine inhibe les enzymes cataboliques nuisibles et peut contribuer \u00e0 l&#8217;\u00e9quilibre des niveaux d&#8217;interleukine-1 dans le liquide synovial. Une r\u00e9cente enqu\u00eate in vitro examinant la biologie mol\u00e9culaire des chondrocytes a trouv\u00e9 18 prot\u00e9ines diff\u00e9rentes qui ont \u00e9t\u00e9 modul\u00e9es par le sulfate de glucosamine. En conjonction avec d&#8217;autres \u00e9tudes, cette nouvelle preuve sugg\u00e8re que le GS combat le stress oxydatif m\u00e9di\u00e9 par les cytokines dans les chondrocytes.<br \/>\nLe soufre est un min\u00e9ral qui maintient la stabilit\u00e9 structurelle et la solidit\u00e9 de divers tissus en formant des &#8220;tirants&#8221; de soufre (liaisons sulfhydryles) entre les prot\u00e9ines du tissu conjonctif. Le MSM fournit \u00e0 l&#8217;organisme la principale source naturelle de soufre organique biodisponible.<br \/>\nLa vitamine C est n\u00e9cessaire aux r\u00e9actions qui se produisent lors de la production de collag\u00e8ne, un composant important des articulations, des tendons et de la peau. Un apport ad\u00e9quat en vitamine C favorise le maintien normal de ces structures. La vitamine C est essentielle \u00e0 la production de collag\u00e8ne, une prot\u00e9ine qui favorise la sant\u00e9 des articulations.<br \/>\nPourquoi prendre la formule Synergistic Glucosamine\/ MSM ?<br \/>\nLe sulfate de glucosamine soutient la fonction normale et saine des articulations et aide \u00e0 maintenir des articulations saines. Le MSM soutient la fonction des organes et des articulations en donnant du soufre pour le maintien d&#8217;un tissu conjonctif sain. La vitamine C est essentielle \u00e0 la production de collag\u00e8ne, une prot\u00e9ine qui donne de la force au cartilage.<\/p>\n<p><img decoding=\"async\" src=\"https:\/\/ecosupplements.be\/wp-content\/uploads\/2025\/08\/gluten-free-1.png\" title=\"Sans gluten\" alt=\"Gluten free\"><img decoding=\"async\" src=\"https:\/\/ecosupplements.be\/wp-content\/uploads\/2025\/08\/non-gmo-1.png\" title=\"Non-OGM\" alt=\"Non-GMO\"><\/p>\n","protected":false},"excerpt":{"rendered":"<p>Doctor&#8217;s Best &#8211; Formule synergique Glucosamine MSM avec OptiMSM Qu&#8217;est-ce que la formule Synergistic Glucosamine\/ MSM ? La formule Synergistic Glucosamine\/MSM contient du sulfate de glucosamine pur, sans sodium et stabilis\u00e9 au potassium, comme le confirme l&#8217;analyse HPLC. Le sulfate de glucosamine est le produit final des coquilles d\u00e9riv\u00e9es de mollusques et de crustac\u00e9s cultiv\u00e9s [&#8230;]\n","protected":false},"featured_media":243580,"comment_status":"open","ping_status":"open","template":"","meta":[],"product_brand":[4674],"product_cat":[5052,5083,5084,5085,5053],"product_tag":[5069],"class_list":{"0":"post-280668","1":"product","2":"type-product","3":"status-publish","4":"has-post-thumbnail","6":"product_brand-doctors-best-2","7":"product_cat-sante-et-bien-etre","8":"product_cat-soutien-aux-articulations","9":"product_cat-soutien-conjoint","10":"product_cat-soutien-pour-les-articulations","11":"product_cat-vitamines-et-mineraux","12":"product_tag-topeco-2","14":"first","15":"instock","16":"taxable","17":"shipping-taxable","18":"purchasable","19":"product-type-simple"},"yoast_head":"<!-- This site is optimized with the Yoast SEO Premium plugin v27.3 (Yoast SEO v27.3) - https:\/\/yoast.com\/product\/yoast-seo-premium-wordpress\/ -->\n<title>Formule synergique Glucosamine MSM avec OptiMSM - 180 g\u00e9lules - ECO Supplements<\/title>\n<meta name=\"description\" content=\"Wij hebben een ruime keuze aan producten van Formule synergique Glucosamine MSM avec OptiMSM - 180 g\u00e9lules . Winkel bij Eco Supplements altijd gratis verzending boven 100\u20ac\" \/>\n<meta name=\"robots\" content=\"index, follow, max-snippet:-1, max-image-preview:large, max-video-preview:-1\" \/>\n<link rel=\"canonical\" href=\"https:\/\/ecosupplements.be\/fr\/produit\/formule-synergique-glucosamine-msm-avec-optimsm-180-gelules\/\" \/>\n<meta property=\"og:locale\" content=\"fr_FR\" \/>\n<meta property=\"og:type\" content=\"article\" \/>\n<meta property=\"og:title\" content=\"Formule synergique Glucosamine MSM avec OptiMSM - 180 g\u00e9lules\" \/>\n<meta property=\"og:description\" content=\"Wij hebben een ruime keuze aan producten van Formule synergique Glucosamine MSM avec OptiMSM - 180 g\u00e9lules . Winkel bij Eco Supplements altijd gratis verzending boven 100\u20ac\" \/>\n<meta property=\"og:url\" content=\"https:\/\/ecosupplements.be\/fr\/produit\/formule-synergique-glucosamine-msm-avec-optimsm-180-gelules\/\" \/>\n<meta property=\"og:site_name\" content=\"ECO Supplements\" \/>\n<meta property=\"article:modified_time\" content=\"2025-08-27T09:39:19+00:00\" \/>\n<meta property=\"og:image\" content=\"https:\/\/ecosupplements.be\/wp-content\/uploads\/2025\/08\/Doctors-Best-Synergistic-Glucosamine-MSM-Formula-with-OptiMSM-180-caps-2.jpeg\" \/>\n\t<meta property=\"og:image:width\" content=\"500\" \/>\n\t<meta property=\"og:image:height\" content=\"500\" \/>\n\t<meta property=\"og:image:type\" content=\"image\/jpeg\" \/>\n<meta name=\"twitter:card\" content=\"summary_large_image\" \/>\n<meta name=\"twitter:label1\" content=\"Prix\" \/>\n\t<meta name=\"twitter:data1\" content=\"24.44&nbsp;&euro;\" \/>\n\t<meta name=\"twitter:label2\" content=\"Disponibilit\u00e9\" \/>\n\t<meta name=\"twitter:data2\" content=\"En stock\" \/>\n<script type=\"application\/ld+json\" class=\"yoast-schema-graph\">{\"@context\":\"https:\\\/\\\/schema.org\",\"@graph\":[{\"@type\":[\"WebPage\",\"ItemPage\"],\"@id\":\"https:\\\/\\\/ecosupplements.be\\\/fr\\\/produit\\\/formule-synergique-glucosamine-msm-avec-optimsm-180-gelules\\\/\",\"url\":\"https:\\\/\\\/ecosupplements.be\\\/fr\\\/produit\\\/formule-synergique-glucosamine-msm-avec-optimsm-180-gelules\\\/\",\"name\":\"Formule synergique Glucosamine MSM avec OptiMSM - 180 g\u00e9lules - ECO Supplements\",\"isPartOf\":{\"@id\":\"https:\\\/\\\/ecosupplements.be\\\/fr\\\/#website\"},\"primaryImageOfPage\":{\"@id\":\"https:\\\/\\\/ecosupplements.be\\\/fr\\\/produit\\\/formule-synergique-glucosamine-msm-avec-optimsm-180-gelules\\\/#primaryimage\"},\"image\":{\"@id\":\"https:\\\/\\\/ecosupplements.be\\\/fr\\\/produit\\\/formule-synergique-glucosamine-msm-avec-optimsm-180-gelules\\\/#primaryimage\"},\"thumbnailUrl\":\"https:\\\/\\\/ecosupplements.be\\\/wp-content\\\/uploads\\\/2025\\\/08\\\/Doctors-Best-Synergistic-Glucosamine-MSM-Formula-with-OptiMSM-180-caps-2.jpeg\",\"datePublished\":\"2022-06-28T09:08:48+00:00\",\"dateModified\":\"2025-08-27T09:39:19+00:00\",\"description\":\"Wij hebben een ruime keuze aan producten van Formule synergique Glucosamine MSM avec OptiMSM - 180 g\u00e9lules . Winkel bij Eco Supplements altijd gratis verzending boven 100\u20ac\",\"breadcrumb\":{\"@id\":\"https:\\\/\\\/ecosupplements.be\\\/fr\\\/produit\\\/formule-synergique-glucosamine-msm-avec-optimsm-180-gelules\\\/#breadcrumb\"},\"inLanguage\":\"fr-FR\",\"potentialAction\":[{\"@type\":\"ReadAction\",\"target\":[\"https:\\\/\\\/ecosupplements.be\\\/fr\\\/produit\\\/formule-synergique-glucosamine-msm-avec-optimsm-180-gelules\\\/\"]}]},{\"@type\":\"ImageObject\",\"inLanguage\":\"fr-FR\",\"@id\":\"https:\\\/\\\/ecosupplements.be\\\/fr\\\/produit\\\/formule-synergique-glucosamine-msm-avec-optimsm-180-gelules\\\/#primaryimage\",\"url\":\"https:\\\/\\\/ecosupplements.be\\\/wp-content\\\/uploads\\\/2025\\\/08\\\/Doctors-Best-Synergistic-Glucosamine-MSM-Formula-with-OptiMSM-180-caps-2.jpeg\",\"contentUrl\":\"https:\\\/\\\/ecosupplements.be\\\/wp-content\\\/uploads\\\/2025\\\/08\\\/Doctors-Best-Synergistic-Glucosamine-MSM-Formula-with-OptiMSM-180-caps-2.jpeg\",\"width\":500,\"height\":500},{\"@type\":\"BreadcrumbList\",\"@id\":\"https:\\\/\\\/ecosupplements.be\\\/fr\\\/produit\\\/formule-synergique-glucosamine-msm-avec-optimsm-180-gelules\\\/#breadcrumb\",\"itemListElement\":[{\"@type\":\"ListItem\",\"position\":1,\"name\":\"Home\",\"item\":\"https:\\\/\\\/ecosupplements.be\\\/fr\\\/\"},{\"@type\":\"ListItem\",\"position\":2,\"name\":\"Boutique\",\"item\":\"https:\\\/\\\/ecosupplements.be\\\/fr\\\/boutique\\\/\"},{\"@type\":\"ListItem\",\"position\":3,\"name\":\"Formule synergique Glucosamine MSM avec OptiMSM &#8211; 180 g\u00e9lules\"}]},{\"@type\":\"WebSite\",\"@id\":\"https:\\\/\\\/ecosupplements.be\\\/fr\\\/#website\",\"url\":\"https:\\\/\\\/ecosupplements.be\\\/fr\\\/\",\"name\":\"ECO Supplements\",\"description\":\"Eco Supplements - Gezonde supplementen\",\"publisher\":{\"@id\":\"https:\\\/\\\/ecosupplements.be\\\/fr\\\/#organization\"},\"potentialAction\":[{\"@type\":\"SearchAction\",\"target\":{\"@type\":\"EntryPoint\",\"urlTemplate\":\"https:\\\/\\\/ecosupplements.be\\\/fr\\\/?s={search_term_string}\"},\"query-input\":{\"@type\":\"PropertyValueSpecification\",\"valueRequired\":true,\"valueName\":\"search_term_string\"}}],\"inLanguage\":\"fr-FR\"},{\"@type\":\"Organization\",\"@id\":\"https:\\\/\\\/ecosupplements.be\\\/fr\\\/#organization\",\"name\":\"Eco Supplements\",\"url\":\"https:\\\/\\\/ecosupplements.be\\\/fr\\\/\",\"logo\":{\"@type\":\"ImageObject\",\"inLanguage\":\"fr-FR\",\"@id\":\"https:\\\/\\\/ecosupplements.be\\\/fr\\\/#\\\/schema\\\/logo\\\/image\\\/\",\"url\":\"https:\\\/\\\/ecosupplements.be\\\/wp-content\\\/uploads\\\/2022\\\/06\\\/ecosupplement-family.png\",\"contentUrl\":\"https:\\\/\\\/ecosupplements.be\\\/wp-content\\\/uploads\\\/2022\\\/06\\\/ecosupplement-family.png\",\"width\":593,\"height\":374,\"caption\":\"Eco Supplements\"},\"image\":{\"@id\":\"https:\\\/\\\/ecosupplements.be\\\/fr\\\/#\\\/schema\\\/logo\\\/image\\\/\"}}]}<\/script>\n<meta property=\"product:brand\" content=\"Doctor&#039;s Best\" \/>\n<meta property=\"product:price:amount\" content=\"24.44\" \/>\n<meta property=\"product:price:currency\" content=\"EUR\" \/>\n<meta property=\"og:availability\" content=\"instock\" \/>\n<meta property=\"product:availability\" content=\"instock\" \/>\n<meta property=\"product:retailer_item_id\" content=\"753950000704\" \/>\n<meta property=\"product:condition\" content=\"new\" \/>\n<!-- \/ Yoast SEO Premium plugin. -->","yoast_head_json":{"title":"Formule synergique Glucosamine MSM avec OptiMSM - 180 g\u00e9lules - ECO Supplements","description":"Wij hebben een ruime keuze aan producten van Formule synergique Glucosamine MSM avec OptiMSM - 180 g\u00e9lules . Winkel bij Eco Supplements altijd gratis verzending boven 100\u20ac","robots":{"index":"index","follow":"follow","max-snippet":"max-snippet:-1","max-image-preview":"max-image-preview:large","max-video-preview":"max-video-preview:-1"},"canonical":"https:\/\/ecosupplements.be\/fr\/produit\/formule-synergique-glucosamine-msm-avec-optimsm-180-gelules\/","og_locale":"fr_FR","og_type":"article","og_title":"Formule synergique Glucosamine MSM avec OptiMSM - 180 g\u00e9lules","og_description":"Wij hebben een ruime keuze aan producten van Formule synergique Glucosamine MSM avec OptiMSM - 180 g\u00e9lules . Winkel bij Eco Supplements altijd gratis verzending boven 100\u20ac","og_url":"https:\/\/ecosupplements.be\/fr\/produit\/formule-synergique-glucosamine-msm-avec-optimsm-180-gelules\/","og_site_name":"ECO Supplements","article_modified_time":"2025-08-27T09:39:19+00:00","og_image":[{"width":500,"height":500,"url":"https:\/\/ecosupplements.be\/wp-content\/uploads\/2025\/08\/Doctors-Best-Synergistic-Glucosamine-MSM-Formula-with-OptiMSM-180-caps-2.jpeg","type":"image\/jpeg"}],"twitter_card":"summary_large_image","twitter_misc":{"Prix":"24.44&nbsp;&euro;","Disponibilit\u00e9":"En stock"},"schema":{"@context":"https:\/\/schema.org","@graph":[{"@type":["WebPage","ItemPage"],"@id":"https:\/\/ecosupplements.be\/fr\/produit\/formule-synergique-glucosamine-msm-avec-optimsm-180-gelules\/","url":"https:\/\/ecosupplements.be\/fr\/produit\/formule-synergique-glucosamine-msm-avec-optimsm-180-gelules\/","name":"Formule synergique Glucosamine MSM avec OptiMSM - 180 g\u00e9lules - ECO Supplements","isPartOf":{"@id":"https:\/\/ecosupplements.be\/fr\/#website"},"primaryImageOfPage":{"@id":"https:\/\/ecosupplements.be\/fr\/produit\/formule-synergique-glucosamine-msm-avec-optimsm-180-gelules\/#primaryimage"},"image":{"@id":"https:\/\/ecosupplements.be\/fr\/produit\/formule-synergique-glucosamine-msm-avec-optimsm-180-gelules\/#primaryimage"},"thumbnailUrl":"https:\/\/ecosupplements.be\/wp-content\/uploads\/2025\/08\/Doctors-Best-Synergistic-Glucosamine-MSM-Formula-with-OptiMSM-180-caps-2.jpeg","datePublished":"2022-06-28T09:08:48+00:00","dateModified":"2025-08-27T09:39:19+00:00","description":"Wij hebben een ruime keuze aan producten van Formule synergique Glucosamine MSM avec OptiMSM - 180 g\u00e9lules . Winkel bij Eco Supplements altijd gratis verzending boven 100\u20ac","breadcrumb":{"@id":"https:\/\/ecosupplements.be\/fr\/produit\/formule-synergique-glucosamine-msm-avec-optimsm-180-gelules\/#breadcrumb"},"inLanguage":"fr-FR","potentialAction":[{"@type":"ReadAction","target":["https:\/\/ecosupplements.be\/fr\/produit\/formule-synergique-glucosamine-msm-avec-optimsm-180-gelules\/"]}]},{"@type":"ImageObject","inLanguage":"fr-FR","@id":"https:\/\/ecosupplements.be\/fr\/produit\/formule-synergique-glucosamine-msm-avec-optimsm-180-gelules\/#primaryimage","url":"https:\/\/ecosupplements.be\/wp-content\/uploads\/2025\/08\/Doctors-Best-Synergistic-Glucosamine-MSM-Formula-with-OptiMSM-180-caps-2.jpeg","contentUrl":"https:\/\/ecosupplements.be\/wp-content\/uploads\/2025\/08\/Doctors-Best-Synergistic-Glucosamine-MSM-Formula-with-OptiMSM-180-caps-2.jpeg","width":500,"height":500},{"@type":"BreadcrumbList","@id":"https:\/\/ecosupplements.be\/fr\/produit\/formule-synergique-glucosamine-msm-avec-optimsm-180-gelules\/#breadcrumb","itemListElement":[{"@type":"ListItem","position":1,"name":"Home","item":"https:\/\/ecosupplements.be\/fr\/"},{"@type":"ListItem","position":2,"name":"Boutique","item":"https:\/\/ecosupplements.be\/fr\/boutique\/"},{"@type":"ListItem","position":3,"name":"Formule synergique Glucosamine MSM avec OptiMSM &#8211; 180 g\u00e9lules"}]},{"@type":"WebSite","@id":"https:\/\/ecosupplements.be\/fr\/#website","url":"https:\/\/ecosupplements.be\/fr\/","name":"ECO Supplements","description":"Eco Supplements - Gezonde supplementen","publisher":{"@id":"https:\/\/ecosupplements.be\/fr\/#organization"},"potentialAction":[{"@type":"SearchAction","target":{"@type":"EntryPoint","urlTemplate":"https:\/\/ecosupplements.be\/fr\/?s={search_term_string}"},"query-input":{"@type":"PropertyValueSpecification","valueRequired":true,"valueName":"search_term_string"}}],"inLanguage":"fr-FR"},{"@type":"Organization","@id":"https:\/\/ecosupplements.be\/fr\/#organization","name":"Eco Supplements","url":"https:\/\/ecosupplements.be\/fr\/","logo":{"@type":"ImageObject","inLanguage":"fr-FR","@id":"https:\/\/ecosupplements.be\/fr\/#\/schema\/logo\/image\/","url":"https:\/\/ecosupplements.be\/wp-content\/uploads\/2022\/06\/ecosupplement-family.png","contentUrl":"https:\/\/ecosupplements.be\/wp-content\/uploads\/2022\/06\/ecosupplement-family.png","width":593,"height":374,"caption":"Eco Supplements"},"image":{"@id":"https:\/\/ecosupplements.be\/fr\/#\/schema\/logo\/image\/"}}]},"product_brand":"Doctor's Best","product_price_amount":"24.44","product_price_currency":"EUR","og_availability":"instock","product_availability":"instock","product_retailer_item_id":"753950000704","product_condition":"new"},"_links":{"self":[{"href":"https:\/\/ecosupplements.be\/fr\/wp-json\/wp\/v2\/product\/280668","targetHints":{"allow":["GET"]}}],"collection":[{"href":"https:\/\/ecosupplements.be\/fr\/wp-json\/wp\/v2\/product"}],"about":[{"href":"https:\/\/ecosupplements.be\/fr\/wp-json\/wp\/v2\/types\/product"}],"replies":[{"embeddable":true,"href":"https:\/\/ecosupplements.be\/fr\/wp-json\/wp\/v2\/comments?post=280668"}],"wp:featuredmedia":[{"embeddable":true,"href":"https:\/\/ecosupplements.be\/fr\/wp-json\/wp\/v2\/media\/243580"}],"wp:attachment":[{"href":"https:\/\/ecosupplements.be\/fr\/wp-json\/wp\/v2\/media?parent=280668"}],"wp:term":[{"taxonomy":"product_brand","embeddable":true,"href":"https:\/\/ecosupplements.be\/fr\/wp-json\/wp\/v2\/product_brand?post=280668"},{"taxonomy":"product_cat","embeddable":true,"href":"https:\/\/ecosupplements.be\/fr\/wp-json\/wp\/v2\/product_cat?post=280668"},{"taxonomy":"product_tag","embeddable":true,"href":"https:\/\/ecosupplements.be\/fr\/wp-json\/wp\/v2\/product_tag?post=280668"}],"curies":[{"name":"wp","href":"https:\/\/api.w.org\/{rel}","templated":true}]}}