{"id":280669,"date":"2022-06-28T10:08:48","date_gmt":"2022-06-28T09:08:48","guid":{"rendered":"https:\/\/ecosupplements.be\/product\/niacine-a-liberation-prolongee-avec-niaxtend-500mg-120-comprimes\/"},"modified":"2025-08-27T10:39:27","modified_gmt":"2025-08-27T09:39:27","slug":"niacine-a-liberation-prolongee-avec-niaxtend-500mg-120-comprimes","status":"publish","type":"product","link":"https:\/\/ecosupplements.be\/fr\/produit\/niacine-a-liberation-prolongee-avec-niaxtend-500mg-120-comprimes\/","title":{"rendered":"Niacine \u00e0 lib\u00e9ration prolong\u00e9e avec niaXtend, 500mg &#8211; 120 comprim\u00e9s"},"content":{"rendered":"<h1 style=\"text-align: center;\">Doctor&#8217;s Best &#8211; Niacine \u00e0 lib\u00e9ration prolong\u00e9e avec niaXtend<\/h1>\n<p>Qu&#8217;est-ce que la niacine \u00e0 lib\u00e9ration prolong\u00e9e Doctor&#8217;s Best avec niaXtend 500mg ?<br \/>\nDoctor&#8217;s Best Niacine \u00e0 lib\u00e9ration prolong\u00e9e avec niaXtend 500mg soutient la sant\u00e9 cardiovasculaire et le maintien de la fonction cognitive avec l&#8217;\u00e2ge. Il fournit de la niacine sous une forme \u00e0 lib\u00e9ration prolong\u00e9e de 8 heures qui vous permet de profiter des bienfaits de la niacine pour la sant\u00e9 sans subir les bouff\u00e9es de chaleur inconfortables qui accompagnent souvent les autres formes de niacine. La niacine, \u00e9galement connue sous le nom de vitamine B3 et d&#8217;acide nicotinique, soutient plus de 500 r\u00e9actions enzymatiques qui jouent un r\u00f4le essentiel dans le m\u00e9tabolisme, la production d&#8217;\u00e9nergie et le vieillissement sain.<br \/>\nComment cela fonctionne-t-il ?<br \/>\nDes recherches cliniques approfondies ont montr\u00e9 que la niacine sous forme d&#8217;acide nicotinique peut favoriser un \u00e9quilibre favorable des lipides sanguins. La forme de niacine que l&#8217;on trouve g\u00e9n\u00e9ralement dans les multivitamines et les aliments enrichis est la &#8220;nicotinamide&#8221;, qui pr\u00e9sente une activit\u00e9 de vitamine B3 mais pas n\u00e9cessairement les avantages cardiovasculaires observ\u00e9s dans les recherches qui ont examin\u00e9 l&#8217;acide nicotinique. Selon un rapport approuv\u00e9 par l&#8217;American Heart Association, l&#8217;acide nicotinique semble capable de r\u00e9duire les lipides sanguins en partie en modifiant leur synth\u00e8se et en inhibant la mobilisation des acides gras libres. Deux r\u00e9cepteurs de la niacine, HM74 et HM74A, ont \u00e9t\u00e9 r\u00e9cemment d\u00e9couverts chez l&#8217;homme. On pense que les r\u00e9cepteurs HM74A des cellules adipeuses (graisse) sont particuli\u00e8rement responsables de la capacit\u00e9 utile de l&#8217;acide nicotinique \u00e0 r\u00e9duire les lipides sanguins.<br \/>\nLes r\u00e9gimes riches en niacine ont \u00e9t\u00e9 associ\u00e9s \u00e0 une fonction cognitive saine dans l&#8217;esprit vieillissant. Cela pourrait \u00eatre d\u00fb en partie au r\u00f4le direct de la niacine dans la r\u00e9gulation d&#8217;une croissance dendritique saine. Les dendrites sont une cat\u00e9gorie de cellules neuronales qui permettent au cerveau de communiquer des signaux \u00e9lectriques \u00e0 d&#8217;autres parties du cerveau et du corps. La niacine est capable de fournir une puissante activit\u00e9 antioxydante pour lutter contre l&#8217;accumulation de radicaux libres dans les mitochondries du cerveau, les organelles centrales des neurones. La niacine est importante pour de nombreuses voies de r\u00e9gulation complexes utilis\u00e9es par le corps pour maintenir la sant\u00e9 avec l&#8217;\u00e2ge.<\/p>\n<p><img decoding=\"async\" src=\"https:\/\/ecosupplements.be\/wp-content\/uploads\/2025\/08\/gluten-free-1.png\" title=\"Sans gluten\" alt=\"Gluten free\"><img decoding=\"async\" src=\"https:\/\/ecosupplements.be\/wp-content\/uploads\/2025\/08\/non-gmo-1.png\" title=\"Non-OGM\" alt=\"Non-GMO\"><img decoding=\"async\" src=\"https:\/\/ecosupplements.be\/wp-content\/uploads\/2025\/08\/vegan-1.png\" title=\"Vegan\" alt=\"Vegan\"><img decoding=\"async\" src=\"https:\/\/ecosupplements.be\/wp-content\/uploads\/2025\/08\/vegetarian-1.png\" title=\"V\u00e9g\u00e9tarien\" alt=\"Vegetarian\"><\/p>\n","protected":false},"excerpt":{"rendered":"<p>Doctor&#8217;s Best &#8211; Niacine \u00e0 lib\u00e9ration prolong\u00e9e avec niaXtend Qu&#8217;est-ce que la niacine \u00e0 lib\u00e9ration prolong\u00e9e Doctor&#8217;s Best avec niaXtend 500mg ? Doctor&#8217;s Best Niacine \u00e0 lib\u00e9ration prolong\u00e9e avec niaXtend 500mg soutient la sant\u00e9 cardiovasculaire et le maintien de la fonction cognitive avec l&#8217;\u00e2ge. Il fournit de la niacine sous une forme \u00e0 lib\u00e9ration prolong\u00e9e [&#8230;]\n","protected":false},"featured_media":243587,"comment_status":"open","ping_status":"open","template":"","meta":[],"product_brand":[4674],"product_cat":[5062,5054,5055,5053,5059],"product_tag":[5069],"class_list":{"0":"post-280669","1":"product","2":"type-product","3":"status-publish","4":"has-post-thumbnail","6":"product_brand-doctors-best-2","7":"product_cat-multivitamines","8":"product_cat-nourriture-saine","9":"product_cat-produits-vegetaliens","10":"product_cat-vitamines-et-mineraux","11":"product_cat-vitamines-simples","12":"product_tag-topeco-2","14":"first","15":"instock","16":"taxable","17":"shipping-taxable","18":"purchasable","19":"product-type-simple"},"yoast_head":"<!-- This site is optimized with the Yoast SEO Premium plugin v27.3 (Yoast SEO v27.3) - https:\/\/yoast.com\/product\/yoast-seo-premium-wordpress\/ -->\n<title>Niacine \u00e0 lib\u00e9ration prolong\u00e9e avec niaXtend, 500mg - 120 comprim\u00e9s - ECO Supplements<\/title>\n<meta name=\"description\" content=\"Wij hebben een ruime keuze aan producten van Niacine \u00e0 lib\u00e9ration prolong\u00e9e avec niaXtend, 500mg - 120 comprim\u00e9s . Winkel bij Eco Supplements altijd gratis verzending boven 100\u20ac\" \/>\n<meta name=\"robots\" content=\"index, follow, max-snippet:-1, max-image-preview:large, max-video-preview:-1\" \/>\n<link rel=\"canonical\" href=\"https:\/\/ecosupplements.be\/fr\/produit\/niacine-a-liberation-prolongee-avec-niaxtend-500mg-120-comprimes\/\" \/>\n<meta property=\"og:locale\" content=\"fr_FR\" \/>\n<meta property=\"og:type\" content=\"article\" \/>\n<meta property=\"og:title\" content=\"Niacine \u00e0 lib\u00e9ration prolong\u00e9e avec niaXtend, 500mg - 120 comprim\u00e9s\" \/>\n<meta property=\"og:description\" content=\"Wij hebben een ruime keuze aan producten van Niacine \u00e0 lib\u00e9ration prolong\u00e9e avec niaXtend, 500mg - 120 comprim\u00e9s . Winkel bij Eco Supplements altijd gratis verzending boven 100\u20ac\" \/>\n<meta property=\"og:url\" content=\"https:\/\/ecosupplements.be\/fr\/produit\/niacine-a-liberation-prolongee-avec-niaxtend-500mg-120-comprimes\/\" \/>\n<meta property=\"og:site_name\" content=\"ECO Supplements\" \/>\n<meta property=\"article:modified_time\" content=\"2025-08-27T09:39:27+00:00\" \/>\n<meta property=\"og:image\" content=\"https:\/\/ecosupplements.be\/wp-content\/uploads\/2025\/08\/Doctors-Best-Time-release-Niacin-with-niaXtend-120-tablets-1.jpg\" \/>\n\t<meta property=\"og:image:width\" content=\"750\" \/>\n\t<meta property=\"og:image:height\" content=\"750\" \/>\n\t<meta property=\"og:image:type\" content=\"image\/jpeg\" \/>\n<meta name=\"twitter:card\" content=\"summary_large_image\" \/>\n<meta name=\"twitter:label1\" content=\"Prix\" \/>\n\t<meta name=\"twitter:data1\" content=\"27.62&nbsp;&euro;\" \/>\n\t<meta name=\"twitter:label2\" content=\"Disponibilit\u00e9\" \/>\n\t<meta name=\"twitter:data2\" content=\"En stock\" \/>\n<script type=\"application\/ld+json\" class=\"yoast-schema-graph\">{\"@context\":\"https:\\\/\\\/schema.org\",\"@graph\":[{\"@type\":[\"WebPage\",\"ItemPage\"],\"@id\":\"https:\\\/\\\/ecosupplements.be\\\/fr\\\/produit\\\/niacine-a-liberation-prolongee-avec-niaxtend-500mg-120-comprimes\\\/\",\"url\":\"https:\\\/\\\/ecosupplements.be\\\/fr\\\/produit\\\/niacine-a-liberation-prolongee-avec-niaxtend-500mg-120-comprimes\\\/\",\"name\":\"Niacine \u00e0 lib\u00e9ration prolong\u00e9e avec niaXtend, 500mg - 120 comprim\u00e9s - ECO Supplements\",\"isPartOf\":{\"@id\":\"https:\\\/\\\/ecosupplements.be\\\/fr\\\/#website\"},\"primaryImageOfPage\":{\"@id\":\"https:\\\/\\\/ecosupplements.be\\\/fr\\\/produit\\\/niacine-a-liberation-prolongee-avec-niaxtend-500mg-120-comprimes\\\/#primaryimage\"},\"image\":{\"@id\":\"https:\\\/\\\/ecosupplements.be\\\/fr\\\/produit\\\/niacine-a-liberation-prolongee-avec-niaxtend-500mg-120-comprimes\\\/#primaryimage\"},\"thumbnailUrl\":\"https:\\\/\\\/ecosupplements.be\\\/wp-content\\\/uploads\\\/2025\\\/08\\\/Doctors-Best-Time-release-Niacin-with-niaXtend-120-tablets-1.jpg\",\"datePublished\":\"2022-06-28T09:08:48+00:00\",\"dateModified\":\"2025-08-27T09:39:27+00:00\",\"description\":\"Wij hebben een ruime keuze aan producten van Niacine \u00e0 lib\u00e9ration prolong\u00e9e avec niaXtend, 500mg - 120 comprim\u00e9s . Winkel bij Eco Supplements altijd gratis verzending boven 100\u20ac\",\"breadcrumb\":{\"@id\":\"https:\\\/\\\/ecosupplements.be\\\/fr\\\/produit\\\/niacine-a-liberation-prolongee-avec-niaxtend-500mg-120-comprimes\\\/#breadcrumb\"},\"inLanguage\":\"fr-FR\",\"potentialAction\":[{\"@type\":\"ReadAction\",\"target\":[\"https:\\\/\\\/ecosupplements.be\\\/fr\\\/produit\\\/niacine-a-liberation-prolongee-avec-niaxtend-500mg-120-comprimes\\\/\"]}]},{\"@type\":\"ImageObject\",\"inLanguage\":\"fr-FR\",\"@id\":\"https:\\\/\\\/ecosupplements.be\\\/fr\\\/produit\\\/niacine-a-liberation-prolongee-avec-niaxtend-500mg-120-comprimes\\\/#primaryimage\",\"url\":\"https:\\\/\\\/ecosupplements.be\\\/wp-content\\\/uploads\\\/2025\\\/08\\\/Doctors-Best-Time-release-Niacin-with-niaXtend-120-tablets-1.jpg\",\"contentUrl\":\"https:\\\/\\\/ecosupplements.be\\\/wp-content\\\/uploads\\\/2025\\\/08\\\/Doctors-Best-Time-release-Niacin-with-niaXtend-120-tablets-1.jpg\",\"width\":750,\"height\":750},{\"@type\":\"BreadcrumbList\",\"@id\":\"https:\\\/\\\/ecosupplements.be\\\/fr\\\/produit\\\/niacine-a-liberation-prolongee-avec-niaxtend-500mg-120-comprimes\\\/#breadcrumb\",\"itemListElement\":[{\"@type\":\"ListItem\",\"position\":1,\"name\":\"Home\",\"item\":\"https:\\\/\\\/ecosupplements.be\\\/fr\\\/\"},{\"@type\":\"ListItem\",\"position\":2,\"name\":\"Boutique\",\"item\":\"https:\\\/\\\/ecosupplements.be\\\/fr\\\/boutique\\\/\"},{\"@type\":\"ListItem\",\"position\":3,\"name\":\"Niacine \u00e0 lib\u00e9ration prolong\u00e9e avec niaXtend, 500mg &#8211; 120 comprim\u00e9s\"}]},{\"@type\":\"WebSite\",\"@id\":\"https:\\\/\\\/ecosupplements.be\\\/fr\\\/#website\",\"url\":\"https:\\\/\\\/ecosupplements.be\\\/fr\\\/\",\"name\":\"ECO Supplements\",\"description\":\"Eco Supplements - Gezonde supplementen\",\"publisher\":{\"@id\":\"https:\\\/\\\/ecosupplements.be\\\/fr\\\/#organization\"},\"potentialAction\":[{\"@type\":\"SearchAction\",\"target\":{\"@type\":\"EntryPoint\",\"urlTemplate\":\"https:\\\/\\\/ecosupplements.be\\\/fr\\\/?s={search_term_string}\"},\"query-input\":{\"@type\":\"PropertyValueSpecification\",\"valueRequired\":true,\"valueName\":\"search_term_string\"}}],\"inLanguage\":\"fr-FR\"},{\"@type\":\"Organization\",\"@id\":\"https:\\\/\\\/ecosupplements.be\\\/fr\\\/#organization\",\"name\":\"Eco Supplements\",\"url\":\"https:\\\/\\\/ecosupplements.be\\\/fr\\\/\",\"logo\":{\"@type\":\"ImageObject\",\"inLanguage\":\"fr-FR\",\"@id\":\"https:\\\/\\\/ecosupplements.be\\\/fr\\\/#\\\/schema\\\/logo\\\/image\\\/\",\"url\":\"https:\\\/\\\/ecosupplements.be\\\/wp-content\\\/uploads\\\/2022\\\/06\\\/ecosupplement-family.png\",\"contentUrl\":\"https:\\\/\\\/ecosupplements.be\\\/wp-content\\\/uploads\\\/2022\\\/06\\\/ecosupplement-family.png\",\"width\":593,\"height\":374,\"caption\":\"Eco Supplements\"},\"image\":{\"@id\":\"https:\\\/\\\/ecosupplements.be\\\/fr\\\/#\\\/schema\\\/logo\\\/image\\\/\"}}]}<\/script>\n<meta property=\"product:brand\" content=\"Doctor&#039;s Best\" \/>\n<meta property=\"product:price:amount\" content=\"27.62\" \/>\n<meta property=\"product:price:currency\" content=\"EUR\" \/>\n<meta property=\"og:availability\" content=\"instock\" \/>\n<meta property=\"product:availability\" content=\"instock\" \/>\n<meta property=\"product:retailer_item_id\" content=\"753950002425\" \/>\n<meta property=\"product:condition\" content=\"new\" \/>\n<!-- \/ Yoast SEO Premium plugin. -->","yoast_head_json":{"title":"Niacine \u00e0 lib\u00e9ration prolong\u00e9e avec niaXtend, 500mg - 120 comprim\u00e9s - ECO Supplements","description":"Wij hebben een ruime keuze aan producten van Niacine \u00e0 lib\u00e9ration prolong\u00e9e avec niaXtend, 500mg - 120 comprim\u00e9s . Winkel bij Eco Supplements altijd gratis verzending boven 100\u20ac","robots":{"index":"index","follow":"follow","max-snippet":"max-snippet:-1","max-image-preview":"max-image-preview:large","max-video-preview":"max-video-preview:-1"},"canonical":"https:\/\/ecosupplements.be\/fr\/produit\/niacine-a-liberation-prolongee-avec-niaxtend-500mg-120-comprimes\/","og_locale":"fr_FR","og_type":"article","og_title":"Niacine \u00e0 lib\u00e9ration prolong\u00e9e avec niaXtend, 500mg - 120 comprim\u00e9s","og_description":"Wij hebben een ruime keuze aan producten van Niacine \u00e0 lib\u00e9ration prolong\u00e9e avec niaXtend, 500mg - 120 comprim\u00e9s . Winkel bij Eco Supplements altijd gratis verzending boven 100\u20ac","og_url":"https:\/\/ecosupplements.be\/fr\/produit\/niacine-a-liberation-prolongee-avec-niaxtend-500mg-120-comprimes\/","og_site_name":"ECO Supplements","article_modified_time":"2025-08-27T09:39:27+00:00","og_image":[{"width":750,"height":750,"url":"https:\/\/ecosupplements.be\/wp-content\/uploads\/2025\/08\/Doctors-Best-Time-release-Niacin-with-niaXtend-120-tablets-1.jpg","type":"image\/jpeg"}],"twitter_card":"summary_large_image","twitter_misc":{"Prix":"27.62&nbsp;&euro;","Disponibilit\u00e9":"En stock"},"schema":{"@context":"https:\/\/schema.org","@graph":[{"@type":["WebPage","ItemPage"],"@id":"https:\/\/ecosupplements.be\/fr\/produit\/niacine-a-liberation-prolongee-avec-niaxtend-500mg-120-comprimes\/","url":"https:\/\/ecosupplements.be\/fr\/produit\/niacine-a-liberation-prolongee-avec-niaxtend-500mg-120-comprimes\/","name":"Niacine \u00e0 lib\u00e9ration prolong\u00e9e avec niaXtend, 500mg - 120 comprim\u00e9s - ECO Supplements","isPartOf":{"@id":"https:\/\/ecosupplements.be\/fr\/#website"},"primaryImageOfPage":{"@id":"https:\/\/ecosupplements.be\/fr\/produit\/niacine-a-liberation-prolongee-avec-niaxtend-500mg-120-comprimes\/#primaryimage"},"image":{"@id":"https:\/\/ecosupplements.be\/fr\/produit\/niacine-a-liberation-prolongee-avec-niaxtend-500mg-120-comprimes\/#primaryimage"},"thumbnailUrl":"https:\/\/ecosupplements.be\/wp-content\/uploads\/2025\/08\/Doctors-Best-Time-release-Niacin-with-niaXtend-120-tablets-1.jpg","datePublished":"2022-06-28T09:08:48+00:00","dateModified":"2025-08-27T09:39:27+00:00","description":"Wij hebben een ruime keuze aan producten van Niacine \u00e0 lib\u00e9ration prolong\u00e9e avec niaXtend, 500mg - 120 comprim\u00e9s . Winkel bij Eco Supplements altijd gratis verzending boven 100\u20ac","breadcrumb":{"@id":"https:\/\/ecosupplements.be\/fr\/produit\/niacine-a-liberation-prolongee-avec-niaxtend-500mg-120-comprimes\/#breadcrumb"},"inLanguage":"fr-FR","potentialAction":[{"@type":"ReadAction","target":["https:\/\/ecosupplements.be\/fr\/produit\/niacine-a-liberation-prolongee-avec-niaxtend-500mg-120-comprimes\/"]}]},{"@type":"ImageObject","inLanguage":"fr-FR","@id":"https:\/\/ecosupplements.be\/fr\/produit\/niacine-a-liberation-prolongee-avec-niaxtend-500mg-120-comprimes\/#primaryimage","url":"https:\/\/ecosupplements.be\/wp-content\/uploads\/2025\/08\/Doctors-Best-Time-release-Niacin-with-niaXtend-120-tablets-1.jpg","contentUrl":"https:\/\/ecosupplements.be\/wp-content\/uploads\/2025\/08\/Doctors-Best-Time-release-Niacin-with-niaXtend-120-tablets-1.jpg","width":750,"height":750},{"@type":"BreadcrumbList","@id":"https:\/\/ecosupplements.be\/fr\/produit\/niacine-a-liberation-prolongee-avec-niaxtend-500mg-120-comprimes\/#breadcrumb","itemListElement":[{"@type":"ListItem","position":1,"name":"Home","item":"https:\/\/ecosupplements.be\/fr\/"},{"@type":"ListItem","position":2,"name":"Boutique","item":"https:\/\/ecosupplements.be\/fr\/boutique\/"},{"@type":"ListItem","position":3,"name":"Niacine \u00e0 lib\u00e9ration prolong\u00e9e avec niaXtend, 500mg &#8211; 120 comprim\u00e9s"}]},{"@type":"WebSite","@id":"https:\/\/ecosupplements.be\/fr\/#website","url":"https:\/\/ecosupplements.be\/fr\/","name":"ECO Supplements","description":"Eco Supplements - Gezonde supplementen","publisher":{"@id":"https:\/\/ecosupplements.be\/fr\/#organization"},"potentialAction":[{"@type":"SearchAction","target":{"@type":"EntryPoint","urlTemplate":"https:\/\/ecosupplements.be\/fr\/?s={search_term_string}"},"query-input":{"@type":"PropertyValueSpecification","valueRequired":true,"valueName":"search_term_string"}}],"inLanguage":"fr-FR"},{"@type":"Organization","@id":"https:\/\/ecosupplements.be\/fr\/#organization","name":"Eco Supplements","url":"https:\/\/ecosupplements.be\/fr\/","logo":{"@type":"ImageObject","inLanguage":"fr-FR","@id":"https:\/\/ecosupplements.be\/fr\/#\/schema\/logo\/image\/","url":"https:\/\/ecosupplements.be\/wp-content\/uploads\/2022\/06\/ecosupplement-family.png","contentUrl":"https:\/\/ecosupplements.be\/wp-content\/uploads\/2022\/06\/ecosupplement-family.png","width":593,"height":374,"caption":"Eco Supplements"},"image":{"@id":"https:\/\/ecosupplements.be\/fr\/#\/schema\/logo\/image\/"}}]},"product_brand":"Doctor's Best","product_price_amount":"27.62","product_price_currency":"EUR","og_availability":"instock","product_availability":"instock","product_retailer_item_id":"753950002425","product_condition":"new"},"_links":{"self":[{"href":"https:\/\/ecosupplements.be\/fr\/wp-json\/wp\/v2\/product\/280669","targetHints":{"allow":["GET"]}}],"collection":[{"href":"https:\/\/ecosupplements.be\/fr\/wp-json\/wp\/v2\/product"}],"about":[{"href":"https:\/\/ecosupplements.be\/fr\/wp-json\/wp\/v2\/types\/product"}],"replies":[{"embeddable":true,"href":"https:\/\/ecosupplements.be\/fr\/wp-json\/wp\/v2\/comments?post=280669"}],"wp:featuredmedia":[{"embeddable":true,"href":"https:\/\/ecosupplements.be\/fr\/wp-json\/wp\/v2\/media\/243587"}],"wp:attachment":[{"href":"https:\/\/ecosupplements.be\/fr\/wp-json\/wp\/v2\/media?parent=280669"}],"wp:term":[{"taxonomy":"product_brand","embeddable":true,"href":"https:\/\/ecosupplements.be\/fr\/wp-json\/wp\/v2\/product_brand?post=280669"},{"taxonomy":"product_cat","embeddable":true,"href":"https:\/\/ecosupplements.be\/fr\/wp-json\/wp\/v2\/product_cat?post=280669"},{"taxonomy":"product_tag","embeddable":true,"href":"https:\/\/ecosupplements.be\/fr\/wp-json\/wp\/v2\/product_tag?post=280669"}],"curies":[{"name":"wp","href":"https:\/\/api.w.org\/{rel}","templated":true}]}}