{"id":280672,"date":"2022-06-28T10:08:48","date_gmt":"2022-06-28T09:08:48","guid":{"rendered":"https:\/\/ecosupplements.be\/product\/trans-resveratrol-avec-resvinol-25-100mg-60-vcaps\/"},"modified":"2025-08-27T10:39:40","modified_gmt":"2025-08-27T09:39:40","slug":"trans-resveratrol-avec-resvinol-25-100mg-60-vcaps","status":"publish","type":"product","link":"https:\/\/ecosupplements.be\/fr\/produit\/trans-resveratrol-avec-resvinol-25-100mg-60-vcaps\/","title":{"rendered":"Trans-Resveratrol avec ResVinol-25, 100mg &#8211; 60 vcaps"},"content":{"rendered":"<h1 style=\"text-align: center;\">Doctor&#8217;s Best &#8211; Trans-Resveratrol avec ResVinol-25<\/h1>\n<p>Qu&#8217;est-ce que le trans-Resveratrol de Doctor&#8217;s Best avec ResVinol-25 ?<br \/>\nDoctor&#8217;s Best trans-Resveratrol 200 avec ResVinol-25, un extrait exclusif fournissant des niveaux concentr\u00e9s de polyph\u00e9nols et de trans-resveratrol provenant de la matrice du vin rouge et de la racine de la plante renou\u00e9e du Japon (Polygonum cuspidatum). Le resv\u00e9ratrol existe \u00e0 la fois sous forme trans- et cis-. Toutefois, les recherches publi\u00e9es sugg\u00e8rent que seule la forme trans- pr\u00e9sente une activit\u00e9 biologique int\u00e9ressante.<br \/>\nComment cela fonctionne-t-il ?<br \/>\nLe resv\u00e9ratrol (3, 4\u2032, 5-trihydroxystilb\u00e8ne) est un compos\u00e9 naturel qui appartient \u00e0 un groupe de polyph\u00e9nols non flavono\u00efdes appel\u00e9s stilb\u00e8nes. L&#8217;int\u00e9r\u00eat pour les avantages potentiels pour la sant\u00e9 humaine a \u00e9t\u00e9 stimul\u00e9 par l&#8217;observation de la production de resv\u00e9ratrol par les vignes (et d&#8217;autres plantes) en r\u00e9ponse au stress, aux rayons UV et aux attaques microbiennes. Des \u00e9tudes r\u00e9centes ont r\u00e9v\u00e9l\u00e9 que le resv\u00e9ratrol prot\u00e8ge l&#8217;endoth\u00e9lium, la d\u00e9licate couche interne de vos art\u00e8res, des dommages caus\u00e9s par les radicaux libres oxydatifs. De plus, le resv\u00e9ratrol aide \u00e0 prot\u00e9ger la production d&#8217;oxyde nitrique, la substance chimique essentielle produite par l&#8217;endoth\u00e9lium qui maintient une dilatation optimale des vaisseaux sanguins. Trans-Resveratrol 200 avec ResVinol-25, un extrait exclusif fournissant des niveaux concentr\u00e9s de polyph\u00e9nols et de trans-resveratrol provenant de la matrice du vin rouge et de la racine de la plante renou\u00e9e du Japon (Polygonum cuspidatum). Con\u00e7u pour garantir la puissance et la puret\u00e9 de l&#8217;extrait d&#8217;un lot \u00e0 l&#8217;autre, ResVinol-25 est un extrait de haute qualit\u00e9 soumis aux proc\u00e9dures rigoureuses d&#8217;analyse et d&#8217;assurance qualit\u00e9 de ProfileProven. Le produit est soumis \u00e0 des tests approfondis pour d\u00e9tecter les m\u00e9taux lourds, les contaminants bact\u00e9riens et fongiques, et les pesticides afin de v\u00e9rifier sa puret\u00e9 et sa conformit\u00e9 aux normes acceptables.<br \/>\nPourquoi prendre le Trans-Resveratrol 200 avec le ResVinol-25 ?<br \/>\nLe ResVinol-25 est un extrait de haute qualit\u00e9 soumis aux proc\u00e9dures rigoureuses d&#8217;analyse et d&#8217;assurance qualit\u00e9 de ProfileProven, con\u00e7ues pour garantir la puissance et la puret\u00e9 de l&#8217;extrait d&#8217;un lot \u00e0 l&#8217;autre. Le produit est soumis \u00e0 des tests approfondis sur les m\u00e9taux lourds, les contaminants bact\u00e9riens et fongiques et les pesticides afin de v\u00e9rifier sa puret\u00e9 et sa conformit\u00e9 aux normes acceptables.<\/p>\n<p><img decoding=\"async\" src=\"https:\/\/ecosupplements.be\/wp-content\/uploads\/2025\/08\/gluten-free-1.png\" title=\"Sans gluten\" alt=\"Gluten free\"><img decoding=\"async\" src=\"https:\/\/ecosupplements.be\/wp-content\/uploads\/2025\/08\/non-gmo-1.png\" title=\"Non-OGM\" alt=\"Non-GMO\"><img decoding=\"async\" src=\"https:\/\/ecosupplements.be\/wp-content\/uploads\/2025\/08\/vegan-1.png\" title=\"Vegan\" alt=\"Vegan\"><img decoding=\"async\" src=\"https:\/\/ecosupplements.be\/wp-content\/uploads\/2025\/08\/vegetarian-1.png\" title=\"V\u00e9g\u00e9tarien\" alt=\"Vegetarian\"><\/p>\n","protected":false},"excerpt":{"rendered":"<p>Doctor&#8217;s Best &#8211; Trans-Resveratrol avec ResVinol-25 Qu&#8217;est-ce que le trans-Resveratrol de Doctor&#8217;s Best avec ResVinol-25 ? Doctor&#8217;s Best trans-Resveratrol 200 avec ResVinol-25, un extrait exclusif fournissant des niveaux concentr\u00e9s de polyph\u00e9nols et de trans-resveratrol provenant de la matrice du vin rouge et de la racine de la plante renou\u00e9e du Japon (Polygonum cuspidatum). Le resv\u00e9ratrol [&#8230;]\n","protected":false},"featured_media":243604,"comment_status":"open","ping_status":"open","template":"","meta":[],"product_brand":[4674],"product_cat":[5054,5055,5106,5052,5053],"product_tag":[5069],"class_list":{"0":"post-280672","1":"product","2":"type-product","3":"status-publish","4":"has-post-thumbnail","6":"product_brand-doctors-best-2","7":"product_cat-nourriture-saine","8":"product_cat-produits-vegetaliens","9":"product_cat-resveratrol-sante-et-bien-etre","10":"product_cat-sante-et-bien-etre","11":"product_cat-vitamines-et-mineraux","12":"product_tag-topeco-2","14":"first","15":"instock","16":"taxable","17":"shipping-taxable","18":"purchasable","19":"product-type-simple"},"yoast_head":"<!-- This site is optimized with the Yoast SEO Premium plugin v27.3 (Yoast SEO v27.3) - https:\/\/yoast.com\/product\/yoast-seo-premium-wordpress\/ -->\n<title>Trans-Resveratrol avec ResVinol-25, 100mg - 60 vcaps - ECO Supplements<\/title>\n<meta name=\"description\" content=\"Wij hebben een ruime keuze aan producten van Trans-Resveratrol avec ResVinol-25, 100mg - 60 vcaps . Winkel bij Eco Supplements altijd gratis verzending boven 100\u20ac\" \/>\n<meta name=\"robots\" content=\"index, follow, max-snippet:-1, max-image-preview:large, max-video-preview:-1\" \/>\n<link rel=\"canonical\" href=\"https:\/\/ecosupplements.be\/fr\/produit\/trans-resveratrol-avec-resvinol-25-100mg-60-vcaps\/\" \/>\n<meta property=\"og:locale\" content=\"fr_FR\" \/>\n<meta property=\"og:type\" content=\"article\" \/>\n<meta property=\"og:title\" content=\"Trans-Resveratrol avec ResVinol-25, 100mg - 60 vcaps\" \/>\n<meta property=\"og:description\" content=\"Wij hebben een ruime keuze aan producten van Trans-Resveratrol avec ResVinol-25, 100mg - 60 vcaps . Winkel bij Eco Supplements altijd gratis verzending boven 100\u20ac\" \/>\n<meta property=\"og:url\" content=\"https:\/\/ecosupplements.be\/fr\/produit\/trans-resveratrol-avec-resvinol-25-100mg-60-vcaps\/\" \/>\n<meta property=\"og:site_name\" content=\"ECO Supplements\" \/>\n<meta property=\"article:modified_time\" content=\"2025-08-27T09:39:40+00:00\" \/>\n<meta property=\"og:image\" content=\"https:\/\/ecosupplements.be\/wp-content\/uploads\/2025\/08\/Doctors-Best-Trans-Resveratrol-with-ResVinol-25-100mg-60-vcaps-1.jpg\" \/>\n\t<meta property=\"og:image:width\" content=\"750\" \/>\n\t<meta property=\"og:image:height\" content=\"750\" \/>\n\t<meta property=\"og:image:type\" content=\"image\/jpeg\" \/>\n<meta name=\"twitter:card\" content=\"summary_large_image\" \/>\n<meta name=\"twitter:label1\" content=\"Prix\" \/>\n\t<meta name=\"twitter:data1\" content=\"28.37&nbsp;&euro;\" \/>\n\t<meta name=\"twitter:label2\" content=\"Disponibilit\u00e9\" \/>\n\t<meta name=\"twitter:data2\" content=\"En stock\" \/>\n<script type=\"application\/ld+json\" class=\"yoast-schema-graph\">{\"@context\":\"https:\\\/\\\/schema.org\",\"@graph\":[{\"@type\":[\"WebPage\",\"ItemPage\"],\"@id\":\"https:\\\/\\\/ecosupplements.be\\\/fr\\\/produit\\\/trans-resveratrol-avec-resvinol-25-100mg-60-vcaps\\\/\",\"url\":\"https:\\\/\\\/ecosupplements.be\\\/fr\\\/produit\\\/trans-resveratrol-avec-resvinol-25-100mg-60-vcaps\\\/\",\"name\":\"Trans-Resveratrol avec ResVinol-25, 100mg - 60 vcaps - ECO Supplements\",\"isPartOf\":{\"@id\":\"https:\\\/\\\/ecosupplements.be\\\/fr\\\/#website\"},\"primaryImageOfPage\":{\"@id\":\"https:\\\/\\\/ecosupplements.be\\\/fr\\\/produit\\\/trans-resveratrol-avec-resvinol-25-100mg-60-vcaps\\\/#primaryimage\"},\"image\":{\"@id\":\"https:\\\/\\\/ecosupplements.be\\\/fr\\\/produit\\\/trans-resveratrol-avec-resvinol-25-100mg-60-vcaps\\\/#primaryimage\"},\"thumbnailUrl\":\"https:\\\/\\\/ecosupplements.be\\\/wp-content\\\/uploads\\\/2025\\\/08\\\/Doctors-Best-Trans-Resveratrol-with-ResVinol-25-100mg-60-vcaps-1.jpg\",\"datePublished\":\"2022-06-28T09:08:48+00:00\",\"dateModified\":\"2025-08-27T09:39:40+00:00\",\"description\":\"Wij hebben een ruime keuze aan producten van Trans-Resveratrol avec ResVinol-25, 100mg - 60 vcaps . Winkel bij Eco Supplements altijd gratis verzending boven 100\u20ac\",\"breadcrumb\":{\"@id\":\"https:\\\/\\\/ecosupplements.be\\\/fr\\\/produit\\\/trans-resveratrol-avec-resvinol-25-100mg-60-vcaps\\\/#breadcrumb\"},\"inLanguage\":\"fr-FR\",\"potentialAction\":[{\"@type\":\"ReadAction\",\"target\":[\"https:\\\/\\\/ecosupplements.be\\\/fr\\\/produit\\\/trans-resveratrol-avec-resvinol-25-100mg-60-vcaps\\\/\"]}]},{\"@type\":\"ImageObject\",\"inLanguage\":\"fr-FR\",\"@id\":\"https:\\\/\\\/ecosupplements.be\\\/fr\\\/produit\\\/trans-resveratrol-avec-resvinol-25-100mg-60-vcaps\\\/#primaryimage\",\"url\":\"https:\\\/\\\/ecosupplements.be\\\/wp-content\\\/uploads\\\/2025\\\/08\\\/Doctors-Best-Trans-Resveratrol-with-ResVinol-25-100mg-60-vcaps-1.jpg\",\"contentUrl\":\"https:\\\/\\\/ecosupplements.be\\\/wp-content\\\/uploads\\\/2025\\\/08\\\/Doctors-Best-Trans-Resveratrol-with-ResVinol-25-100mg-60-vcaps-1.jpg\",\"width\":750,\"height\":750},{\"@type\":\"BreadcrumbList\",\"@id\":\"https:\\\/\\\/ecosupplements.be\\\/fr\\\/produit\\\/trans-resveratrol-avec-resvinol-25-100mg-60-vcaps\\\/#breadcrumb\",\"itemListElement\":[{\"@type\":\"ListItem\",\"position\":1,\"name\":\"Home\",\"item\":\"https:\\\/\\\/ecosupplements.be\\\/fr\\\/\"},{\"@type\":\"ListItem\",\"position\":2,\"name\":\"Boutique\",\"item\":\"https:\\\/\\\/ecosupplements.be\\\/fr\\\/boutique\\\/\"},{\"@type\":\"ListItem\",\"position\":3,\"name\":\"Trans-Resveratrol avec ResVinol-25, 100mg &#8211; 60 vcaps\"}]},{\"@type\":\"WebSite\",\"@id\":\"https:\\\/\\\/ecosupplements.be\\\/fr\\\/#website\",\"url\":\"https:\\\/\\\/ecosupplements.be\\\/fr\\\/\",\"name\":\"ECO Supplements\",\"description\":\"Eco Supplements - Gezonde supplementen\",\"publisher\":{\"@id\":\"https:\\\/\\\/ecosupplements.be\\\/fr\\\/#organization\"},\"potentialAction\":[{\"@type\":\"SearchAction\",\"target\":{\"@type\":\"EntryPoint\",\"urlTemplate\":\"https:\\\/\\\/ecosupplements.be\\\/fr\\\/?s={search_term_string}\"},\"query-input\":{\"@type\":\"PropertyValueSpecification\",\"valueRequired\":true,\"valueName\":\"search_term_string\"}}],\"inLanguage\":\"fr-FR\"},{\"@type\":\"Organization\",\"@id\":\"https:\\\/\\\/ecosupplements.be\\\/fr\\\/#organization\",\"name\":\"Eco Supplements\",\"url\":\"https:\\\/\\\/ecosupplements.be\\\/fr\\\/\",\"logo\":{\"@type\":\"ImageObject\",\"inLanguage\":\"fr-FR\",\"@id\":\"https:\\\/\\\/ecosupplements.be\\\/fr\\\/#\\\/schema\\\/logo\\\/image\\\/\",\"url\":\"https:\\\/\\\/ecosupplements.be\\\/wp-content\\\/uploads\\\/2022\\\/06\\\/ecosupplement-family.png\",\"contentUrl\":\"https:\\\/\\\/ecosupplements.be\\\/wp-content\\\/uploads\\\/2022\\\/06\\\/ecosupplement-family.png\",\"width\":593,\"height\":374,\"caption\":\"Eco Supplements\"},\"image\":{\"@id\":\"https:\\\/\\\/ecosupplements.be\\\/fr\\\/#\\\/schema\\\/logo\\\/image\\\/\"}}]}<\/script>\n<meta property=\"product:brand\" content=\"Doctor&#039;s Best\" \/>\n<meta property=\"product:price:amount\" content=\"28.37\" \/>\n<meta property=\"product:price:currency\" content=\"EUR\" \/>\n<meta property=\"og:availability\" content=\"instock\" \/>\n<meta property=\"product:availability\" content=\"instock\" \/>\n<meta property=\"product:retailer_item_id\" content=\"753950001718\" \/>\n<meta property=\"product:condition\" content=\"new\" \/>\n<!-- \/ Yoast SEO Premium plugin. -->","yoast_head_json":{"title":"Trans-Resveratrol avec ResVinol-25, 100mg - 60 vcaps - ECO Supplements","description":"Wij hebben een ruime keuze aan producten van Trans-Resveratrol avec ResVinol-25, 100mg - 60 vcaps . Winkel bij Eco Supplements altijd gratis verzending boven 100\u20ac","robots":{"index":"index","follow":"follow","max-snippet":"max-snippet:-1","max-image-preview":"max-image-preview:large","max-video-preview":"max-video-preview:-1"},"canonical":"https:\/\/ecosupplements.be\/fr\/produit\/trans-resveratrol-avec-resvinol-25-100mg-60-vcaps\/","og_locale":"fr_FR","og_type":"article","og_title":"Trans-Resveratrol avec ResVinol-25, 100mg - 60 vcaps","og_description":"Wij hebben een ruime keuze aan producten van Trans-Resveratrol avec ResVinol-25, 100mg - 60 vcaps . Winkel bij Eco Supplements altijd gratis verzending boven 100\u20ac","og_url":"https:\/\/ecosupplements.be\/fr\/produit\/trans-resveratrol-avec-resvinol-25-100mg-60-vcaps\/","og_site_name":"ECO Supplements","article_modified_time":"2025-08-27T09:39:40+00:00","og_image":[{"width":750,"height":750,"url":"https:\/\/ecosupplements.be\/wp-content\/uploads\/2025\/08\/Doctors-Best-Trans-Resveratrol-with-ResVinol-25-100mg-60-vcaps-1.jpg","type":"image\/jpeg"}],"twitter_card":"summary_large_image","twitter_misc":{"Prix":"28.37&nbsp;&euro;","Disponibilit\u00e9":"En stock"},"schema":{"@context":"https:\/\/schema.org","@graph":[{"@type":["WebPage","ItemPage"],"@id":"https:\/\/ecosupplements.be\/fr\/produit\/trans-resveratrol-avec-resvinol-25-100mg-60-vcaps\/","url":"https:\/\/ecosupplements.be\/fr\/produit\/trans-resveratrol-avec-resvinol-25-100mg-60-vcaps\/","name":"Trans-Resveratrol avec ResVinol-25, 100mg - 60 vcaps - ECO Supplements","isPartOf":{"@id":"https:\/\/ecosupplements.be\/fr\/#website"},"primaryImageOfPage":{"@id":"https:\/\/ecosupplements.be\/fr\/produit\/trans-resveratrol-avec-resvinol-25-100mg-60-vcaps\/#primaryimage"},"image":{"@id":"https:\/\/ecosupplements.be\/fr\/produit\/trans-resveratrol-avec-resvinol-25-100mg-60-vcaps\/#primaryimage"},"thumbnailUrl":"https:\/\/ecosupplements.be\/wp-content\/uploads\/2025\/08\/Doctors-Best-Trans-Resveratrol-with-ResVinol-25-100mg-60-vcaps-1.jpg","datePublished":"2022-06-28T09:08:48+00:00","dateModified":"2025-08-27T09:39:40+00:00","description":"Wij hebben een ruime keuze aan producten van Trans-Resveratrol avec ResVinol-25, 100mg - 60 vcaps . Winkel bij Eco Supplements altijd gratis verzending boven 100\u20ac","breadcrumb":{"@id":"https:\/\/ecosupplements.be\/fr\/produit\/trans-resveratrol-avec-resvinol-25-100mg-60-vcaps\/#breadcrumb"},"inLanguage":"fr-FR","potentialAction":[{"@type":"ReadAction","target":["https:\/\/ecosupplements.be\/fr\/produit\/trans-resveratrol-avec-resvinol-25-100mg-60-vcaps\/"]}]},{"@type":"ImageObject","inLanguage":"fr-FR","@id":"https:\/\/ecosupplements.be\/fr\/produit\/trans-resveratrol-avec-resvinol-25-100mg-60-vcaps\/#primaryimage","url":"https:\/\/ecosupplements.be\/wp-content\/uploads\/2025\/08\/Doctors-Best-Trans-Resveratrol-with-ResVinol-25-100mg-60-vcaps-1.jpg","contentUrl":"https:\/\/ecosupplements.be\/wp-content\/uploads\/2025\/08\/Doctors-Best-Trans-Resveratrol-with-ResVinol-25-100mg-60-vcaps-1.jpg","width":750,"height":750},{"@type":"BreadcrumbList","@id":"https:\/\/ecosupplements.be\/fr\/produit\/trans-resveratrol-avec-resvinol-25-100mg-60-vcaps\/#breadcrumb","itemListElement":[{"@type":"ListItem","position":1,"name":"Home","item":"https:\/\/ecosupplements.be\/fr\/"},{"@type":"ListItem","position":2,"name":"Boutique","item":"https:\/\/ecosupplements.be\/fr\/boutique\/"},{"@type":"ListItem","position":3,"name":"Trans-Resveratrol avec ResVinol-25, 100mg &#8211; 60 vcaps"}]},{"@type":"WebSite","@id":"https:\/\/ecosupplements.be\/fr\/#website","url":"https:\/\/ecosupplements.be\/fr\/","name":"ECO Supplements","description":"Eco Supplements - Gezonde supplementen","publisher":{"@id":"https:\/\/ecosupplements.be\/fr\/#organization"},"potentialAction":[{"@type":"SearchAction","target":{"@type":"EntryPoint","urlTemplate":"https:\/\/ecosupplements.be\/fr\/?s={search_term_string}"},"query-input":{"@type":"PropertyValueSpecification","valueRequired":true,"valueName":"search_term_string"}}],"inLanguage":"fr-FR"},{"@type":"Organization","@id":"https:\/\/ecosupplements.be\/fr\/#organization","name":"Eco Supplements","url":"https:\/\/ecosupplements.be\/fr\/","logo":{"@type":"ImageObject","inLanguage":"fr-FR","@id":"https:\/\/ecosupplements.be\/fr\/#\/schema\/logo\/image\/","url":"https:\/\/ecosupplements.be\/wp-content\/uploads\/2022\/06\/ecosupplement-family.png","contentUrl":"https:\/\/ecosupplements.be\/wp-content\/uploads\/2022\/06\/ecosupplement-family.png","width":593,"height":374,"caption":"Eco Supplements"},"image":{"@id":"https:\/\/ecosupplements.be\/fr\/#\/schema\/logo\/image\/"}}]},"product_brand":"Doctor's Best","product_price_amount":"28.37","product_price_currency":"EUR","og_availability":"instock","product_availability":"instock","product_retailer_item_id":"753950001718","product_condition":"new"},"_links":{"self":[{"href":"https:\/\/ecosupplements.be\/fr\/wp-json\/wp\/v2\/product\/280672","targetHints":{"allow":["GET"]}}],"collection":[{"href":"https:\/\/ecosupplements.be\/fr\/wp-json\/wp\/v2\/product"}],"about":[{"href":"https:\/\/ecosupplements.be\/fr\/wp-json\/wp\/v2\/types\/product"}],"replies":[{"embeddable":true,"href":"https:\/\/ecosupplements.be\/fr\/wp-json\/wp\/v2\/comments?post=280672"}],"wp:featuredmedia":[{"embeddable":true,"href":"https:\/\/ecosupplements.be\/fr\/wp-json\/wp\/v2\/media\/243604"}],"wp:attachment":[{"href":"https:\/\/ecosupplements.be\/fr\/wp-json\/wp\/v2\/media?parent=280672"}],"wp:term":[{"taxonomy":"product_brand","embeddable":true,"href":"https:\/\/ecosupplements.be\/fr\/wp-json\/wp\/v2\/product_brand?post=280672"},{"taxonomy":"product_cat","embeddable":true,"href":"https:\/\/ecosupplements.be\/fr\/wp-json\/wp\/v2\/product_cat?post=280672"},{"taxonomy":"product_tag","embeddable":true,"href":"https:\/\/ecosupplements.be\/fr\/wp-json\/wp\/v2\/product_tag?post=280672"}],"curies":[{"name":"wp","href":"https:\/\/api.w.org\/{rel}","templated":true}]}}