{"id":280674,"date":"2022-06-28T10:08:48","date_gmt":"2022-06-28T09:08:48","guid":{"rendered":"https:\/\/ecosupplements.be\/product\/ubiquinol-avec-kaneka-qh-100mg-60-softgels\/"},"modified":"2025-08-27T10:39:48","modified_gmt":"2025-08-27T09:39:48","slug":"ubiquinol-avec-kaneka-qh-100mg-60-softgels","status":"publish","type":"product","link":"https:\/\/ecosupplements.be\/fr\/produit\/ubiquinol-avec-kaneka-qh-100mg-60-softgels\/","title":{"rendered":"Ubiquinol avec Kaneka QH, 100mg &#8211; 60 softgels"},"content":{"rendered":"<h1 style=\"text-align: center;\">Ubiquinol avec Kaneka QH<\/h1>\n<p>Qu&#8217;est-ce que Doctor&#8217;s Best Ubiquinol avec Kaneka QH ?<br \/>\nDoctor&#8217;s Best Ubiquinol avec Kaneka QH contient la forme r\u00e9duite du Co Q10, l&#8217;Ubiquinol QH. Doctor&#8217;s Best Ubiquinol avec Kaneka QH favorise le bon fonctionnement du c\u0153ur et soutient les mitochondries pour am\u00e9liorer la production d&#8217;\u00e9nergie cellulaire. L&#8217;ubiquinol (CoQ10-H2) et l&#8217;ubiquinone (CoQ10) sont tous deux m\u00e9taboliquement actifs, et sont interchangeables dans l&#8217;organisme selon les besoins. L&#8217;ubiquinol peut offrir une meilleure biodisponibilit\u00e9 chez les personnes qui ont des difficult\u00e9s \u00e0 atteindre des niveaux \u00e9lev\u00e9s de ce nutriment, comme les adultes vieillissants ou les personnes concern\u00e9es par l&#8217;absorption des nutriments.<br \/>\nComment cela fonctionne-t-il ?<br \/>\nL&#8217;ubiquinol (CoQ10-H2) et l&#8217;ubiquinone (CoQ10) sont tous deux m\u00e9taboliquement actifs et se trouvent naturellement dans l&#8217;organisme et dans les sources alimentaires. Les deux formes sont interchangeables, car le corps maintient les formes r\u00e9duites et oxyd\u00e9es dans le &#8220;pool total&#8221; \u00e0 un rapport constant. La forme de coenzyme Q10 couramment disponible en compl\u00e9ment est la forme oxyd\u00e9e (ubiquinone), car jusqu&#8217;\u00e0 r\u00e9cemment, la forme r\u00e9duite \u00e9tait difficile \u00e0 fabriquer en raison de son oxydation rapide dans l&#8217;air. Une nouvelle technologie a permis de fabriquer de la coenzyme Q10 stable sous la forme r\u00e9duite (ubiquinol). La coenzyme Q10 est un composant cl\u00e9 dans la voie de production de l&#8217;ATP pour l&#8217;\u00e9nergie.<br \/>\nPourquoi prendre Doctor&#8217;s Best Ubiquinol avec Kaneka QH ?<br \/>\nLes niveaux de CoQ10 dans le c\u0153ur et le corps peuvent commencer \u00e0 diminuer naturellement apr\u00e8s 40 ans. Les m\u00e9dicaments \u00e0 base de statines contre l&#8217;hypercholest\u00e9rol\u00e9mie peuvent drainer encore plus les niveaux de CoQ10 de l&#8217;organisme. Les \u00e9tudes qui ont compar\u00e9 l&#8217;absorption des deux formes diff\u00e9rentes, ainsi qu&#8217;une \u00e9tude humaine montrant une absorption significative de l&#8217;ubiquinol, sugg\u00e8rent ensemble que la prise d&#8217;ubiquinol par voie orale peut offrir une meilleure biodisponibilit\u00e9 chez les personnes qui ont des difficult\u00e9s \u00e0 atteindre des niveaux \u00e9lev\u00e9s de ce nutriment, comme les adultes vieillissants ou les personnes concern\u00e9es par l&#8217;absorption des nutriments.<\/p>\n<p><img decoding=\"async\" src=\"https:\/\/ecosupplements.be\/wp-content\/uploads\/2025\/08\/gluten-free-1.png\" title=\"Sans gluten\" alt=\"Gluten free\"><br \/>\n<img decoding=\"async\" src=\"https:\/\/ecosupplements.be\/wp-content\/uploads\/2025\/08\/non-gmo-1.png\" title=\"Non-OGM\" alt=\"Non-GMO\"><\/p>\n","protected":false},"excerpt":{"rendered":"<p>Ubiquinol avec Kaneka QH Qu&#8217;est-ce que Doctor&#8217;s Best Ubiquinol avec Kaneka QH ? Doctor&#8217;s Best Ubiquinol avec Kaneka QH contient la forme r\u00e9duite du Co Q10, l&#8217;Ubiquinol QH. Doctor&#8217;s Best Ubiquinol avec Kaneka QH favorise le bon fonctionnement du c\u0153ur et soutient les mitochondries pour am\u00e9liorer la production d&#8217;\u00e9nergie cellulaire. L&#8217;ubiquinol (CoQ10-H2) et l&#8217;ubiquinone (CoQ10) [&#8230;]\n","protected":false},"featured_media":243614,"comment_status":"open","ping_status":"open","template":"","meta":[],"product_brand":[4674],"product_cat":[5089,5052,5113,5053],"product_tag":[5071],"class_list":{"0":"post-280674","1":"product","2":"type-product","3":"status-publish","4":"has-post-thumbnail","6":"product_brand-doctors-best-2","7":"product_cat-complements-alimentaires-pour-femmes","8":"product_cat-sante-et-bien-etre","9":"product_cat-supplements-pour-les-femmes","10":"product_cat-vitamines-et-mineraux","11":"product_tag-ecoplus-2","13":"first","14":"instock","15":"taxable","16":"shipping-taxable","17":"purchasable","18":"product-type-simple"},"yoast_head":"<!-- This site is optimized with the Yoast SEO Premium plugin v27.3 (Yoast SEO v27.3) - https:\/\/yoast.com\/product\/yoast-seo-premium-wordpress\/ -->\n<title>Ubiquinol avec Kaneka QH, 100mg - 60 softgels - ECO Supplements<\/title>\n<meta name=\"description\" content=\"Wij hebben een ruime keuze aan producten van Ubiquinol avec Kaneka QH, 100mg - 60 softgels . Winkel bij Eco Supplements altijd gratis verzending boven 100\u20ac\" \/>\n<meta name=\"robots\" content=\"index, follow, max-snippet:-1, max-image-preview:large, max-video-preview:-1\" \/>\n<link rel=\"canonical\" href=\"https:\/\/ecosupplements.be\/fr\/produit\/ubiquinol-avec-kaneka-qh-100mg-60-softgels\/\" \/>\n<meta property=\"og:locale\" content=\"fr_FR\" \/>\n<meta property=\"og:type\" content=\"article\" \/>\n<meta property=\"og:title\" content=\"Ubiquinol avec Kaneka QH, 100mg - 60 softgels\" \/>\n<meta property=\"og:description\" content=\"Wij hebben een ruime keuze aan producten van Ubiquinol avec Kaneka QH, 100mg - 60 softgels . Winkel bij Eco Supplements altijd gratis verzending boven 100\u20ac\" \/>\n<meta property=\"og:url\" content=\"https:\/\/ecosupplements.be\/fr\/produit\/ubiquinol-avec-kaneka-qh-100mg-60-softgels\/\" \/>\n<meta property=\"og:site_name\" content=\"ECO Supplements\" \/>\n<meta property=\"article:modified_time\" content=\"2025-08-27T09:39:48+00:00\" \/>\n<meta property=\"og:image\" content=\"https:\/\/ecosupplements.be\/wp-content\/uploads\/2025\/08\/Doctors-Best-Ubiquinol-with-Kaneka-QH-100mg-60-softgels-2.jpeg\" \/>\n\t<meta property=\"og:image:width\" content=\"500\" \/>\n\t<meta property=\"og:image:height\" content=\"500\" \/>\n\t<meta property=\"og:image:type\" content=\"image\/jpeg\" \/>\n<meta name=\"twitter:card\" content=\"summary_large_image\" \/>\n<meta name=\"twitter:label1\" content=\"Prix\" \/>\n\t<meta name=\"twitter:data1\" content=\"56.58&nbsp;&euro;\" \/>\n\t<meta name=\"twitter:label2\" content=\"Disponibilit\u00e9\" \/>\n\t<meta name=\"twitter:data2\" content=\"En stock\" \/>\n<script type=\"application\/ld+json\" class=\"yoast-schema-graph\">{\"@context\":\"https:\\\/\\\/schema.org\",\"@graph\":[{\"@type\":[\"WebPage\",\"ItemPage\"],\"@id\":\"https:\\\/\\\/ecosupplements.be\\\/fr\\\/produit\\\/ubiquinol-avec-kaneka-qh-100mg-60-softgels\\\/\",\"url\":\"https:\\\/\\\/ecosupplements.be\\\/fr\\\/produit\\\/ubiquinol-avec-kaneka-qh-100mg-60-softgels\\\/\",\"name\":\"Ubiquinol avec Kaneka QH, 100mg - 60 softgels - ECO Supplements\",\"isPartOf\":{\"@id\":\"https:\\\/\\\/ecosupplements.be\\\/fr\\\/#website\"},\"primaryImageOfPage\":{\"@id\":\"https:\\\/\\\/ecosupplements.be\\\/fr\\\/produit\\\/ubiquinol-avec-kaneka-qh-100mg-60-softgels\\\/#primaryimage\"},\"image\":{\"@id\":\"https:\\\/\\\/ecosupplements.be\\\/fr\\\/produit\\\/ubiquinol-avec-kaneka-qh-100mg-60-softgels\\\/#primaryimage\"},\"thumbnailUrl\":\"https:\\\/\\\/ecosupplements.be\\\/wp-content\\\/uploads\\\/2025\\\/08\\\/Doctors-Best-Ubiquinol-with-Kaneka-QH-100mg-60-softgels-2.jpeg\",\"datePublished\":\"2022-06-28T09:08:48+00:00\",\"dateModified\":\"2025-08-27T09:39:48+00:00\",\"description\":\"Wij hebben een ruime keuze aan producten van Ubiquinol avec Kaneka QH, 100mg - 60 softgels . Winkel bij Eco Supplements altijd gratis verzending boven 100\u20ac\",\"breadcrumb\":{\"@id\":\"https:\\\/\\\/ecosupplements.be\\\/fr\\\/produit\\\/ubiquinol-avec-kaneka-qh-100mg-60-softgels\\\/#breadcrumb\"},\"inLanguage\":\"fr-FR\",\"potentialAction\":[{\"@type\":\"ReadAction\",\"target\":[\"https:\\\/\\\/ecosupplements.be\\\/fr\\\/produit\\\/ubiquinol-avec-kaneka-qh-100mg-60-softgels\\\/\"]}]},{\"@type\":\"ImageObject\",\"inLanguage\":\"fr-FR\",\"@id\":\"https:\\\/\\\/ecosupplements.be\\\/fr\\\/produit\\\/ubiquinol-avec-kaneka-qh-100mg-60-softgels\\\/#primaryimage\",\"url\":\"https:\\\/\\\/ecosupplements.be\\\/wp-content\\\/uploads\\\/2025\\\/08\\\/Doctors-Best-Ubiquinol-with-Kaneka-QH-100mg-60-softgels-2.jpeg\",\"contentUrl\":\"https:\\\/\\\/ecosupplements.be\\\/wp-content\\\/uploads\\\/2025\\\/08\\\/Doctors-Best-Ubiquinol-with-Kaneka-QH-100mg-60-softgels-2.jpeg\",\"width\":500,\"height\":500},{\"@type\":\"BreadcrumbList\",\"@id\":\"https:\\\/\\\/ecosupplements.be\\\/fr\\\/produit\\\/ubiquinol-avec-kaneka-qh-100mg-60-softgels\\\/#breadcrumb\",\"itemListElement\":[{\"@type\":\"ListItem\",\"position\":1,\"name\":\"Home\",\"item\":\"https:\\\/\\\/ecosupplements.be\\\/fr\\\/\"},{\"@type\":\"ListItem\",\"position\":2,\"name\":\"Boutique\",\"item\":\"https:\\\/\\\/ecosupplements.be\\\/fr\\\/boutique\\\/\"},{\"@type\":\"ListItem\",\"position\":3,\"name\":\"Ubiquinol avec Kaneka QH, 100mg &#8211; 60 softgels\"}]},{\"@type\":\"WebSite\",\"@id\":\"https:\\\/\\\/ecosupplements.be\\\/fr\\\/#website\",\"url\":\"https:\\\/\\\/ecosupplements.be\\\/fr\\\/\",\"name\":\"ECO Supplements\",\"description\":\"Eco Supplements - Gezonde supplementen\",\"publisher\":{\"@id\":\"https:\\\/\\\/ecosupplements.be\\\/fr\\\/#organization\"},\"potentialAction\":[{\"@type\":\"SearchAction\",\"target\":{\"@type\":\"EntryPoint\",\"urlTemplate\":\"https:\\\/\\\/ecosupplements.be\\\/fr\\\/?s={search_term_string}\"},\"query-input\":{\"@type\":\"PropertyValueSpecification\",\"valueRequired\":true,\"valueName\":\"search_term_string\"}}],\"inLanguage\":\"fr-FR\"},{\"@type\":\"Organization\",\"@id\":\"https:\\\/\\\/ecosupplements.be\\\/fr\\\/#organization\",\"name\":\"Eco Supplements\",\"url\":\"https:\\\/\\\/ecosupplements.be\\\/fr\\\/\",\"logo\":{\"@type\":\"ImageObject\",\"inLanguage\":\"fr-FR\",\"@id\":\"https:\\\/\\\/ecosupplements.be\\\/fr\\\/#\\\/schema\\\/logo\\\/image\\\/\",\"url\":\"https:\\\/\\\/ecosupplements.be\\\/wp-content\\\/uploads\\\/2022\\\/06\\\/ecosupplement-family.png\",\"contentUrl\":\"https:\\\/\\\/ecosupplements.be\\\/wp-content\\\/uploads\\\/2022\\\/06\\\/ecosupplement-family.png\",\"width\":593,\"height\":374,\"caption\":\"Eco Supplements\"},\"image\":{\"@id\":\"https:\\\/\\\/ecosupplements.be\\\/fr\\\/#\\\/schema\\\/logo\\\/image\\\/\"}}]}<\/script>\n<meta property=\"product:brand\" content=\"Doctor&#039;s Best\" \/>\n<meta property=\"product:price:amount\" content=\"56.58\" \/>\n<meta property=\"product:price:currency\" content=\"EUR\" \/>\n<meta property=\"og:availability\" content=\"instock\" \/>\n<meta property=\"product:availability\" content=\"instock\" \/>\n<meta property=\"product:retailer_item_id\" content=\"753950002050\" \/>\n<meta property=\"product:condition\" content=\"new\" \/>\n<!-- \/ Yoast SEO Premium plugin. -->","yoast_head_json":{"title":"Ubiquinol avec Kaneka QH, 100mg - 60 softgels - ECO Supplements","description":"Wij hebben een ruime keuze aan producten van Ubiquinol avec Kaneka QH, 100mg - 60 softgels . Winkel bij Eco Supplements altijd gratis verzending boven 100\u20ac","robots":{"index":"index","follow":"follow","max-snippet":"max-snippet:-1","max-image-preview":"max-image-preview:large","max-video-preview":"max-video-preview:-1"},"canonical":"https:\/\/ecosupplements.be\/fr\/produit\/ubiquinol-avec-kaneka-qh-100mg-60-softgels\/","og_locale":"fr_FR","og_type":"article","og_title":"Ubiquinol avec Kaneka QH, 100mg - 60 softgels","og_description":"Wij hebben een ruime keuze aan producten van Ubiquinol avec Kaneka QH, 100mg - 60 softgels . Winkel bij Eco Supplements altijd gratis verzending boven 100\u20ac","og_url":"https:\/\/ecosupplements.be\/fr\/produit\/ubiquinol-avec-kaneka-qh-100mg-60-softgels\/","og_site_name":"ECO Supplements","article_modified_time":"2025-08-27T09:39:48+00:00","og_image":[{"width":500,"height":500,"url":"https:\/\/ecosupplements.be\/wp-content\/uploads\/2025\/08\/Doctors-Best-Ubiquinol-with-Kaneka-QH-100mg-60-softgels-2.jpeg","type":"image\/jpeg"}],"twitter_card":"summary_large_image","twitter_misc":{"Prix":"56.58&nbsp;&euro;","Disponibilit\u00e9":"En stock"},"schema":{"@context":"https:\/\/schema.org","@graph":[{"@type":["WebPage","ItemPage"],"@id":"https:\/\/ecosupplements.be\/fr\/produit\/ubiquinol-avec-kaneka-qh-100mg-60-softgels\/","url":"https:\/\/ecosupplements.be\/fr\/produit\/ubiquinol-avec-kaneka-qh-100mg-60-softgels\/","name":"Ubiquinol avec Kaneka QH, 100mg - 60 softgels - ECO Supplements","isPartOf":{"@id":"https:\/\/ecosupplements.be\/fr\/#website"},"primaryImageOfPage":{"@id":"https:\/\/ecosupplements.be\/fr\/produit\/ubiquinol-avec-kaneka-qh-100mg-60-softgels\/#primaryimage"},"image":{"@id":"https:\/\/ecosupplements.be\/fr\/produit\/ubiquinol-avec-kaneka-qh-100mg-60-softgels\/#primaryimage"},"thumbnailUrl":"https:\/\/ecosupplements.be\/wp-content\/uploads\/2025\/08\/Doctors-Best-Ubiquinol-with-Kaneka-QH-100mg-60-softgels-2.jpeg","datePublished":"2022-06-28T09:08:48+00:00","dateModified":"2025-08-27T09:39:48+00:00","description":"Wij hebben een ruime keuze aan producten van Ubiquinol avec Kaneka QH, 100mg - 60 softgels . Winkel bij Eco Supplements altijd gratis verzending boven 100\u20ac","breadcrumb":{"@id":"https:\/\/ecosupplements.be\/fr\/produit\/ubiquinol-avec-kaneka-qh-100mg-60-softgels\/#breadcrumb"},"inLanguage":"fr-FR","potentialAction":[{"@type":"ReadAction","target":["https:\/\/ecosupplements.be\/fr\/produit\/ubiquinol-avec-kaneka-qh-100mg-60-softgels\/"]}]},{"@type":"ImageObject","inLanguage":"fr-FR","@id":"https:\/\/ecosupplements.be\/fr\/produit\/ubiquinol-avec-kaneka-qh-100mg-60-softgels\/#primaryimage","url":"https:\/\/ecosupplements.be\/wp-content\/uploads\/2025\/08\/Doctors-Best-Ubiquinol-with-Kaneka-QH-100mg-60-softgels-2.jpeg","contentUrl":"https:\/\/ecosupplements.be\/wp-content\/uploads\/2025\/08\/Doctors-Best-Ubiquinol-with-Kaneka-QH-100mg-60-softgels-2.jpeg","width":500,"height":500},{"@type":"BreadcrumbList","@id":"https:\/\/ecosupplements.be\/fr\/produit\/ubiquinol-avec-kaneka-qh-100mg-60-softgels\/#breadcrumb","itemListElement":[{"@type":"ListItem","position":1,"name":"Home","item":"https:\/\/ecosupplements.be\/fr\/"},{"@type":"ListItem","position":2,"name":"Boutique","item":"https:\/\/ecosupplements.be\/fr\/boutique\/"},{"@type":"ListItem","position":3,"name":"Ubiquinol avec Kaneka QH, 100mg &#8211; 60 softgels"}]},{"@type":"WebSite","@id":"https:\/\/ecosupplements.be\/fr\/#website","url":"https:\/\/ecosupplements.be\/fr\/","name":"ECO Supplements","description":"Eco Supplements - Gezonde supplementen","publisher":{"@id":"https:\/\/ecosupplements.be\/fr\/#organization"},"potentialAction":[{"@type":"SearchAction","target":{"@type":"EntryPoint","urlTemplate":"https:\/\/ecosupplements.be\/fr\/?s={search_term_string}"},"query-input":{"@type":"PropertyValueSpecification","valueRequired":true,"valueName":"search_term_string"}}],"inLanguage":"fr-FR"},{"@type":"Organization","@id":"https:\/\/ecosupplements.be\/fr\/#organization","name":"Eco Supplements","url":"https:\/\/ecosupplements.be\/fr\/","logo":{"@type":"ImageObject","inLanguage":"fr-FR","@id":"https:\/\/ecosupplements.be\/fr\/#\/schema\/logo\/image\/","url":"https:\/\/ecosupplements.be\/wp-content\/uploads\/2022\/06\/ecosupplement-family.png","contentUrl":"https:\/\/ecosupplements.be\/wp-content\/uploads\/2022\/06\/ecosupplement-family.png","width":593,"height":374,"caption":"Eco Supplements"},"image":{"@id":"https:\/\/ecosupplements.be\/fr\/#\/schema\/logo\/image\/"}}]},"product_brand":"Doctor's Best","product_price_amount":"56.58","product_price_currency":"EUR","og_availability":"instock","product_availability":"instock","product_retailer_item_id":"753950002050","product_condition":"new"},"_links":{"self":[{"href":"https:\/\/ecosupplements.be\/fr\/wp-json\/wp\/v2\/product\/280674","targetHints":{"allow":["GET"]}}],"collection":[{"href":"https:\/\/ecosupplements.be\/fr\/wp-json\/wp\/v2\/product"}],"about":[{"href":"https:\/\/ecosupplements.be\/fr\/wp-json\/wp\/v2\/types\/product"}],"replies":[{"embeddable":true,"href":"https:\/\/ecosupplements.be\/fr\/wp-json\/wp\/v2\/comments?post=280674"}],"wp:featuredmedia":[{"embeddable":true,"href":"https:\/\/ecosupplements.be\/fr\/wp-json\/wp\/v2\/media\/243614"}],"wp:attachment":[{"href":"https:\/\/ecosupplements.be\/fr\/wp-json\/wp\/v2\/media?parent=280674"}],"wp:term":[{"taxonomy":"product_brand","embeddable":true,"href":"https:\/\/ecosupplements.be\/fr\/wp-json\/wp\/v2\/product_brand?post=280674"},{"taxonomy":"product_cat","embeddable":true,"href":"https:\/\/ecosupplements.be\/fr\/wp-json\/wp\/v2\/product_cat?post=280674"},{"taxonomy":"product_tag","embeddable":true,"href":"https:\/\/ecosupplements.be\/fr\/wp-json\/wp\/v2\/product_tag?post=280674"}],"curies":[{"name":"wp","href":"https:\/\/api.w.org\/{rel}","templated":true}]}}