{"id":280688,"date":"2022-06-28T10:08:56","date_gmt":"2022-06-28T09:08:56","guid":{"rendered":"https:\/\/ecosupplements.be\/product\/vitamine-d3-1000-ui-180-softgels\/"},"modified":"2025-08-27T10:40:50","modified_gmt":"2025-08-27T09:40:50","slug":"vitamine-d3-1000-ui-180-softgels","status":"publish","type":"product","link":"https:\/\/ecosupplements.be\/fr\/produit\/vitamine-d3-1000-ui-180-softgels\/","title":{"rendered":"Vitamine D3, 1000 UI &#8211; 180 softgels"},"content":{"rendered":"<h1 style=\"text-align: center;\">Doctor&#8217;s Best &#8211; Vitamine D3<\/h1>\n<p>Qu&#8217;est-ce que la vitamine D3 de Doctor&#8217;s Best ?<br \/>\nLa vitamine D3 de Doctor&#8217;s Best favorise une densit\u00e9 et une structure osseuses saines, car elle est n\u00e9cessaire \u00e0 une absorption optimale du calcium. Plus encore, ce nutriment am\u00e9liore et r\u00e9gule la fonction immunitaire, soutient une fonction cardiovasculaire optimale et am\u00e9liore la fonction cellulaire. Il est compos\u00e9 de D3, la forme naturelle de la vitamine D. La recherche montre que la vitamine D3 (chol\u00e9calcif\u00e9rol) compl\u00e9mentaire est nettement plus efficace pour se convertir en vitamine D active dans l&#8217;organisme que la vitamine D2 (ergocalcif\u00e9rol). Cela fait de la vitamine D3 la forme compl\u00e9mentaire pr\u00e9f\u00e9r\u00e9e de ce nutriment. La carence en vitamine D est r\u00e9pandue : plus de 75% des Am\u00e9ricains pr\u00e9sentent une carence en ce nutriment. Les personnes qui vivent dans la moiti\u00e9 nord des \u00c9tats-Unis courent un plus grand risque d&#8217;\u00eatre carenc\u00e9es en vitamine D en raison d&#8217;un manque de lumi\u00e8re solaire.<br \/>\nComment cela fonctionne-t-il ?<br \/>\nLa vitamine D provenant de l&#8217;apport alimentaire ou de l&#8217;exposition au soleil n\u00e9cessite deux \u00e9tapes d&#8217;activation dans l&#8217;organisme. La premi\u00e8re activation a lieu dans le foie, tandis que la deuxi\u00e8me activation a lieu dans les reins, permettant la r\u00e9gulation du m\u00e9tabolisme du calcium. Les r\u00e9cepteurs de la vitamine D sont pr\u00e9sents dans tout le corps, dans des tissus tels que la peau, le cartilage, le c\u0153ur, la prostate, les os et les intestins ; la deuxi\u00e8me \u00e9tape d&#8217;activation a donc \u00e9galement lieu dans les tissus locaux. La vitamine D joue un r\u00f4le dans la plupart des organes et syst\u00e8mes du corps. Elle est semblable \u00e0 une hormone, connue pour interagir avec plus de 200 g\u00e8nes diff\u00e9rents, et joue un r\u00f4le r\u00e9gulateur crucial en tant qu&#8217;activateur m\u00e9tabolique pour une multitude de processus m\u00e9taboliques. Elle agit comme un &#8220;interrupteur mol\u00e9culaire&#8221; en influen\u00e7ant l&#8217;expression de multiples g\u00e8nes. Par cons\u00e9quent, la vitamine D activ\u00e9e n&#8217;influe pas seulement sur la sant\u00e9 des os, mais participe au soutien du fonctionnement du syst\u00e8me immunitaire, du syst\u00e8me cardiovasculaire, du syst\u00e8me respiratoire et du syst\u00e8me musculo-squelettique.<br \/>\nPourquoi devrais-je prendre Doctor&#8217;s Best Vitamin D3 ?<br \/>\nBien qu&#8217;elle soit surtout connue pour son r\u00f4le dans l&#8217;absorption du calcium, la vitamine D3 pr\u00e9sente de nombreux avantages. Au cours des derni\u00e8res ann\u00e9es, la recherche s&#8217;est concentr\u00e9e sur les fonctions essentielles de cette vitamine et le r\u00f4le qu&#8217;elle joue dans la plupart des organes et syst\u00e8mes du corps. La principale source de vitamine D est la lumi\u00e8re du soleil, mais l&#8217;utilisation d&#8217;un \u00e9cran solaire, le temps limit\u00e9 d&#8217;exposition au soleil et la couleur de la peau sont des facteurs qui rendent difficile l&#8217;obtention d&#8217;une quantit\u00e9 suffisante de vitamine D \u00e0 partir du soleil. Doctor&#8217;s Best utilise la vitamine D3 qui est plus efficace pour se convertir en vitamine D active dans le corps.<br \/>\nLa vitamine D3 de Doctor&#8217;s Best favorise une densit\u00e9 et une structure osseuses saines.<br \/>\nLa vitamine D3 renforce et r\u00e9gule la fonction immunitaire, soutient une fonction cardiovasculaire optimale et am\u00e9liore la fonction cellulaire.<br \/>\nEnviron 75% des Am\u00e9ricains ont une carence en vitamine D.<br \/>\nSans OGM\/ Sans gluten\/ Sans soja.<\/p>\n<p><img decoding=\"async\" src=\"https:\/\/ecosupplements.be\/wp-content\/uploads\/2025\/08\/gluten-free-1.png\" title=\"Sans gluten\" alt=\"Gluten free\"><img decoding=\"async\" src=\"https:\/\/ecosupplements.be\/wp-content\/uploads\/2025\/08\/non-gmo-1.png\" title=\"Non-OGM\" alt=\"Non-GMO\"><\/p>\n","protected":false},"excerpt":{"rendered":"<p>Doctor&#8217;s Best &#8211; Vitamine D3 Qu&#8217;est-ce que la vitamine D3 de Doctor&#8217;s Best ? La vitamine D3 de Doctor&#8217;s Best favorise une densit\u00e9 et une structure osseuses saines, car elle est n\u00e9cessaire \u00e0 une absorption optimale du calcium. Plus encore, ce nutriment am\u00e9liore et r\u00e9gule la fonction immunitaire, soutient une fonction cardiovasculaire optimale et am\u00e9liore [&#8230;]\n","protected":false},"featured_media":243698,"comment_status":"open","ping_status":"open","template":"","meta":[],"product_brand":[4674],"product_cat":[5061,5052,5060,5053,5059],"product_tag":[],"class_list":{"0":"post-280688","1":"product","2":"type-product","3":"status-publish","4":"has-post-thumbnail","6":"product_brand-doctors-best-2","7":"product_cat-d3-vitamine-d-vitamines-simples","8":"product_cat-sante-et-bien-etre","9":"product_cat-vitamine-d-vitamines-simples","10":"product_cat-vitamines-et-mineraux","11":"product_cat-vitamines-simples","13":"first","14":"instock","15":"taxable","16":"shipping-taxable","17":"purchasable","18":"product-type-simple"},"yoast_head":"<!-- This site is optimized with the Yoast SEO Premium plugin v27.3 (Yoast SEO v27.3) - https:\/\/yoast.com\/product\/yoast-seo-premium-wordpress\/ -->\n<title>Vitamine D3, 1000 UI - 180 softgels - ECO Supplements<\/title>\n<meta name=\"description\" content=\"Wij hebben een ruime keuze aan producten van Vitamine D3, 1000 UI - 180 softgels . Winkel bij Eco Supplements altijd gratis verzending boven 100\u20ac\" \/>\n<meta name=\"robots\" content=\"index, follow, max-snippet:-1, max-image-preview:large, max-video-preview:-1\" \/>\n<link rel=\"canonical\" href=\"https:\/\/ecosupplements.be\/fr\/produit\/vitamine-d3-1000-ui-180-softgels\/\" \/>\n<meta property=\"og:locale\" content=\"fr_FR\" \/>\n<meta property=\"og:type\" content=\"article\" \/>\n<meta property=\"og:title\" content=\"Vitamine D3, 1000 UI - 180 softgels\" \/>\n<meta property=\"og:description\" content=\"Wij hebben een ruime keuze aan producten van Vitamine D3, 1000 UI - 180 softgels . Winkel bij Eco Supplements altijd gratis verzending boven 100\u20ac\" \/>\n<meta property=\"og:url\" content=\"https:\/\/ecosupplements.be\/fr\/produit\/vitamine-d3-1000-ui-180-softgels\/\" \/>\n<meta property=\"og:site_name\" content=\"ECO Supplements\" \/>\n<meta property=\"article:modified_time\" content=\"2025-08-27T09:40:50+00:00\" \/>\n<meta property=\"og:image\" content=\"https:\/\/ecosupplements.be\/wp-content\/uploads\/2025\/08\/Doctors-Best-Vitamin-D3-1000-IU-180-softgels-1.jpeg\" \/>\n\t<meta property=\"og:image:width\" content=\"500\" \/>\n\t<meta property=\"og:image:height\" content=\"500\" \/>\n\t<meta property=\"og:image:type\" content=\"image\/jpeg\" \/>\n<meta name=\"twitter:card\" content=\"summary_large_image\" \/>\n<meta name=\"twitter:label1\" content=\"Prix\" \/>\n\t<meta name=\"twitter:data1\" content=\"9.39&nbsp;&euro;\" \/>\n\t<meta name=\"twitter:label2\" content=\"Disponibilit\u00e9\" \/>\n\t<meta name=\"twitter:data2\" content=\"En stock\" \/>\n<script type=\"application\/ld+json\" class=\"yoast-schema-graph\">{\"@context\":\"https:\\\/\\\/schema.org\",\"@graph\":[{\"@type\":[\"WebPage\",\"ItemPage\"],\"@id\":\"https:\\\/\\\/ecosupplements.be\\\/fr\\\/produit\\\/vitamine-d3-1000-ui-180-softgels\\\/\",\"url\":\"https:\\\/\\\/ecosupplements.be\\\/fr\\\/produit\\\/vitamine-d3-1000-ui-180-softgels\\\/\",\"name\":\"Vitamine D3, 1000 UI - 180 softgels - ECO Supplements\",\"isPartOf\":{\"@id\":\"https:\\\/\\\/ecosupplements.be\\\/fr\\\/#website\"},\"primaryImageOfPage\":{\"@id\":\"https:\\\/\\\/ecosupplements.be\\\/fr\\\/produit\\\/vitamine-d3-1000-ui-180-softgels\\\/#primaryimage\"},\"image\":{\"@id\":\"https:\\\/\\\/ecosupplements.be\\\/fr\\\/produit\\\/vitamine-d3-1000-ui-180-softgels\\\/#primaryimage\"},\"thumbnailUrl\":\"https:\\\/\\\/ecosupplements.be\\\/wp-content\\\/uploads\\\/2025\\\/08\\\/Doctors-Best-Vitamin-D3-1000-IU-180-softgels-1.jpeg\",\"datePublished\":\"2022-06-28T09:08:56+00:00\",\"dateModified\":\"2025-08-27T09:40:50+00:00\",\"description\":\"Wij hebben een ruime keuze aan producten van Vitamine D3, 1000 UI - 180 softgels . Winkel bij Eco Supplements altijd gratis verzending boven 100\u20ac\",\"breadcrumb\":{\"@id\":\"https:\\\/\\\/ecosupplements.be\\\/fr\\\/produit\\\/vitamine-d3-1000-ui-180-softgels\\\/#breadcrumb\"},\"inLanguage\":\"fr-FR\",\"potentialAction\":[{\"@type\":\"ReadAction\",\"target\":[\"https:\\\/\\\/ecosupplements.be\\\/fr\\\/produit\\\/vitamine-d3-1000-ui-180-softgels\\\/\"]}]},{\"@type\":\"ImageObject\",\"inLanguage\":\"fr-FR\",\"@id\":\"https:\\\/\\\/ecosupplements.be\\\/fr\\\/produit\\\/vitamine-d3-1000-ui-180-softgels\\\/#primaryimage\",\"url\":\"https:\\\/\\\/ecosupplements.be\\\/wp-content\\\/uploads\\\/2025\\\/08\\\/Doctors-Best-Vitamin-D3-1000-IU-180-softgels-1.jpeg\",\"contentUrl\":\"https:\\\/\\\/ecosupplements.be\\\/wp-content\\\/uploads\\\/2025\\\/08\\\/Doctors-Best-Vitamin-D3-1000-IU-180-softgels-1.jpeg\",\"width\":500,\"height\":500},{\"@type\":\"BreadcrumbList\",\"@id\":\"https:\\\/\\\/ecosupplements.be\\\/fr\\\/produit\\\/vitamine-d3-1000-ui-180-softgels\\\/#breadcrumb\",\"itemListElement\":[{\"@type\":\"ListItem\",\"position\":1,\"name\":\"Home\",\"item\":\"https:\\\/\\\/ecosupplements.be\\\/fr\\\/\"},{\"@type\":\"ListItem\",\"position\":2,\"name\":\"Boutique\",\"item\":\"https:\\\/\\\/ecosupplements.be\\\/fr\\\/boutique\\\/\"},{\"@type\":\"ListItem\",\"position\":3,\"name\":\"Vitamine D3, 1000 UI &#8211; 180 softgels\"}]},{\"@type\":\"WebSite\",\"@id\":\"https:\\\/\\\/ecosupplements.be\\\/fr\\\/#website\",\"url\":\"https:\\\/\\\/ecosupplements.be\\\/fr\\\/\",\"name\":\"ECO Supplements\",\"description\":\"Eco Supplements - Gezonde supplementen\",\"publisher\":{\"@id\":\"https:\\\/\\\/ecosupplements.be\\\/fr\\\/#organization\"},\"potentialAction\":[{\"@type\":\"SearchAction\",\"target\":{\"@type\":\"EntryPoint\",\"urlTemplate\":\"https:\\\/\\\/ecosupplements.be\\\/fr\\\/?s={search_term_string}\"},\"query-input\":{\"@type\":\"PropertyValueSpecification\",\"valueRequired\":true,\"valueName\":\"search_term_string\"}}],\"inLanguage\":\"fr-FR\"},{\"@type\":\"Organization\",\"@id\":\"https:\\\/\\\/ecosupplements.be\\\/fr\\\/#organization\",\"name\":\"Eco Supplements\",\"url\":\"https:\\\/\\\/ecosupplements.be\\\/fr\\\/\",\"logo\":{\"@type\":\"ImageObject\",\"inLanguage\":\"fr-FR\",\"@id\":\"https:\\\/\\\/ecosupplements.be\\\/fr\\\/#\\\/schema\\\/logo\\\/image\\\/\",\"url\":\"https:\\\/\\\/ecosupplements.be\\\/wp-content\\\/uploads\\\/2022\\\/06\\\/ecosupplement-family.png\",\"contentUrl\":\"https:\\\/\\\/ecosupplements.be\\\/wp-content\\\/uploads\\\/2022\\\/06\\\/ecosupplement-family.png\",\"width\":593,\"height\":374,\"caption\":\"Eco Supplements\"},\"image\":{\"@id\":\"https:\\\/\\\/ecosupplements.be\\\/fr\\\/#\\\/schema\\\/logo\\\/image\\\/\"}}]}<\/script>\n<meta property=\"product:brand\" content=\"Doctor&#039;s Best\" \/>\n<meta property=\"product:price:amount\" content=\"9.39\" \/>\n<meta property=\"product:price:currency\" content=\"EUR\" \/>\n<meta property=\"og:availability\" content=\"instock\" \/>\n<meta property=\"product:availability\" content=\"instock\" \/>\n<meta property=\"product:retailer_item_id\" content=\"753950002098\" \/>\n<meta property=\"product:condition\" content=\"new\" \/>\n<!-- \/ Yoast SEO Premium plugin. -->","yoast_head_json":{"title":"Vitamine D3, 1000 UI - 180 softgels - ECO Supplements","description":"Wij hebben een ruime keuze aan producten van Vitamine D3, 1000 UI - 180 softgels . Winkel bij Eco Supplements altijd gratis verzending boven 100\u20ac","robots":{"index":"index","follow":"follow","max-snippet":"max-snippet:-1","max-image-preview":"max-image-preview:large","max-video-preview":"max-video-preview:-1"},"canonical":"https:\/\/ecosupplements.be\/fr\/produit\/vitamine-d3-1000-ui-180-softgels\/","og_locale":"fr_FR","og_type":"article","og_title":"Vitamine D3, 1000 UI - 180 softgels","og_description":"Wij hebben een ruime keuze aan producten van Vitamine D3, 1000 UI - 180 softgels . Winkel bij Eco Supplements altijd gratis verzending boven 100\u20ac","og_url":"https:\/\/ecosupplements.be\/fr\/produit\/vitamine-d3-1000-ui-180-softgels\/","og_site_name":"ECO Supplements","article_modified_time":"2025-08-27T09:40:50+00:00","og_image":[{"width":500,"height":500,"url":"https:\/\/ecosupplements.be\/wp-content\/uploads\/2025\/08\/Doctors-Best-Vitamin-D3-1000-IU-180-softgels-1.jpeg","type":"image\/jpeg"}],"twitter_card":"summary_large_image","twitter_misc":{"Prix":"9.39&nbsp;&euro;","Disponibilit\u00e9":"En stock"},"schema":{"@context":"https:\/\/schema.org","@graph":[{"@type":["WebPage","ItemPage"],"@id":"https:\/\/ecosupplements.be\/fr\/produit\/vitamine-d3-1000-ui-180-softgels\/","url":"https:\/\/ecosupplements.be\/fr\/produit\/vitamine-d3-1000-ui-180-softgels\/","name":"Vitamine D3, 1000 UI - 180 softgels - ECO Supplements","isPartOf":{"@id":"https:\/\/ecosupplements.be\/fr\/#website"},"primaryImageOfPage":{"@id":"https:\/\/ecosupplements.be\/fr\/produit\/vitamine-d3-1000-ui-180-softgels\/#primaryimage"},"image":{"@id":"https:\/\/ecosupplements.be\/fr\/produit\/vitamine-d3-1000-ui-180-softgels\/#primaryimage"},"thumbnailUrl":"https:\/\/ecosupplements.be\/wp-content\/uploads\/2025\/08\/Doctors-Best-Vitamin-D3-1000-IU-180-softgels-1.jpeg","datePublished":"2022-06-28T09:08:56+00:00","dateModified":"2025-08-27T09:40:50+00:00","description":"Wij hebben een ruime keuze aan producten van Vitamine D3, 1000 UI - 180 softgels . Winkel bij Eco Supplements altijd gratis verzending boven 100\u20ac","breadcrumb":{"@id":"https:\/\/ecosupplements.be\/fr\/produit\/vitamine-d3-1000-ui-180-softgels\/#breadcrumb"},"inLanguage":"fr-FR","potentialAction":[{"@type":"ReadAction","target":["https:\/\/ecosupplements.be\/fr\/produit\/vitamine-d3-1000-ui-180-softgels\/"]}]},{"@type":"ImageObject","inLanguage":"fr-FR","@id":"https:\/\/ecosupplements.be\/fr\/produit\/vitamine-d3-1000-ui-180-softgels\/#primaryimage","url":"https:\/\/ecosupplements.be\/wp-content\/uploads\/2025\/08\/Doctors-Best-Vitamin-D3-1000-IU-180-softgels-1.jpeg","contentUrl":"https:\/\/ecosupplements.be\/wp-content\/uploads\/2025\/08\/Doctors-Best-Vitamin-D3-1000-IU-180-softgels-1.jpeg","width":500,"height":500},{"@type":"BreadcrumbList","@id":"https:\/\/ecosupplements.be\/fr\/produit\/vitamine-d3-1000-ui-180-softgels\/#breadcrumb","itemListElement":[{"@type":"ListItem","position":1,"name":"Home","item":"https:\/\/ecosupplements.be\/fr\/"},{"@type":"ListItem","position":2,"name":"Boutique","item":"https:\/\/ecosupplements.be\/fr\/boutique\/"},{"@type":"ListItem","position":3,"name":"Vitamine D3, 1000 UI &#8211; 180 softgels"}]},{"@type":"WebSite","@id":"https:\/\/ecosupplements.be\/fr\/#website","url":"https:\/\/ecosupplements.be\/fr\/","name":"ECO Supplements","description":"Eco Supplements - Gezonde supplementen","publisher":{"@id":"https:\/\/ecosupplements.be\/fr\/#organization"},"potentialAction":[{"@type":"SearchAction","target":{"@type":"EntryPoint","urlTemplate":"https:\/\/ecosupplements.be\/fr\/?s={search_term_string}"},"query-input":{"@type":"PropertyValueSpecification","valueRequired":true,"valueName":"search_term_string"}}],"inLanguage":"fr-FR"},{"@type":"Organization","@id":"https:\/\/ecosupplements.be\/fr\/#organization","name":"Eco Supplements","url":"https:\/\/ecosupplements.be\/fr\/","logo":{"@type":"ImageObject","inLanguage":"fr-FR","@id":"https:\/\/ecosupplements.be\/fr\/#\/schema\/logo\/image\/","url":"https:\/\/ecosupplements.be\/wp-content\/uploads\/2022\/06\/ecosupplement-family.png","contentUrl":"https:\/\/ecosupplements.be\/wp-content\/uploads\/2022\/06\/ecosupplement-family.png","width":593,"height":374,"caption":"Eco Supplements"},"image":{"@id":"https:\/\/ecosupplements.be\/fr\/#\/schema\/logo\/image\/"}}]},"product_brand":"Doctor's Best","product_price_amount":"9.39","product_price_currency":"EUR","og_availability":"instock","product_availability":"instock","product_retailer_item_id":"753950002098","product_condition":"new"},"_links":{"self":[{"href":"https:\/\/ecosupplements.be\/fr\/wp-json\/wp\/v2\/product\/280688","targetHints":{"allow":["GET"]}}],"collection":[{"href":"https:\/\/ecosupplements.be\/fr\/wp-json\/wp\/v2\/product"}],"about":[{"href":"https:\/\/ecosupplements.be\/fr\/wp-json\/wp\/v2\/types\/product"}],"replies":[{"embeddable":true,"href":"https:\/\/ecosupplements.be\/fr\/wp-json\/wp\/v2\/comments?post=280688"}],"wp:featuredmedia":[{"embeddable":true,"href":"https:\/\/ecosupplements.be\/fr\/wp-json\/wp\/v2\/media\/243698"}],"wp:attachment":[{"href":"https:\/\/ecosupplements.be\/fr\/wp-json\/wp\/v2\/media?parent=280688"}],"wp:term":[{"taxonomy":"product_brand","embeddable":true,"href":"https:\/\/ecosupplements.be\/fr\/wp-json\/wp\/v2\/product_brand?post=280688"},{"taxonomy":"product_cat","embeddable":true,"href":"https:\/\/ecosupplements.be\/fr\/wp-json\/wp\/v2\/product_cat?post=280688"},{"taxonomy":"product_tag","embeddable":true,"href":"https:\/\/ecosupplements.be\/fr\/wp-json\/wp\/v2\/product_tag?post=280688"}],"curies":[{"name":"wp","href":"https:\/\/api.w.org\/{rel}","templated":true}]}}