{"id":280714,"date":"2022-06-28T10:09:12","date_gmt":"2022-06-28T09:09:12","guid":{"rendered":"https:\/\/ecosupplements.be\/product\/glutenease-60-caps\/"},"modified":"2025-08-27T10:42:21","modified_gmt":"2025-08-27T09:42:21","slug":"glutenease-60-caps","status":"publish","type":"product","link":"https:\/\/ecosupplements.be\/fr\/produit\/glutenease-60-caps\/","title":{"rendered":"GlutenEase &#8211; 60 caps"},"content":{"rendered":"<h1 style=\"text-align: center;\">Enzymedica &#8211; GlutenEase<\/h1>\n<p>Soutient l&#8217;intol\u00e9rance au gluten et \u00e0 la cas\u00e9ine<br \/>\n&nbsp;&nbsp;&nbsp; Comprend des enzymes suppl\u00e9mentaires pour aider \u00e0 dig\u00e9rer l&#8217;ensemble du repas<br \/>\n&nbsp;&nbsp;&nbsp; Soutien quotidien en cas d&#8217;intol\u00e9rance \u00e0 la cas\u00e9ine<br \/>\n&nbsp;&nbsp;&nbsp; Id\u00e9al pour le support de la contamination crois\u00e9e<\/p>\n<p>Allez-y. Mangez un sandwich, pas une salade.<\/p>\n<p>Les enzymes contenues dans GlutenEase sont sp\u00e9cialement con\u00e7ues pour d\u00e9composer \u00e0 la fois le gluten et la cas\u00e9ine, les dig\u00e9rant avant qu&#8217;ils ne puissent causer des probl\u00e8mes tels que des gaz et des ballonnements occasionnels. Ainsi, que vous soyez pris au d\u00e9pourvu, que vous mangiez avec des amis ou que vous souhaitiez manger plus librement, GlutenEase offre une plus grande libert\u00e9 aux personnes souffrant d&#8217;intol\u00e9rance au gluten.<\/p>\n<p>De nombreuses personnes choisissent d&#8217;utiliser GlutenEase lorsqu&#8217;elles s&#8217;inqui\u00e8tent de la contamination crois\u00e9e sur les surfaces de cuisson, ou si elles pensent consommer des aliments contenant du &#8220;gluten cach\u00e9&#8221;.<\/p>\n<p>Gr\u00e2ce \u00e0 Thera-blend, les enzymes de GlutenEase sont actives dans tout le tube digestif, ce qui maximise les avantages pour votre sant\u00e9. Ne laissez pas l&#8217;intol\u00e9rance au gluten vous emp\u00eacher de consommer les aliments que vous aimez.<\/p>\n<p>Que sont les enzymes et comment fonctionnent-ils ? &nbsp;<br \/>\nLes enzymes font la digestion. Ce sont des prot\u00e9ines naturelles qui acc\u00e9l\u00e8rent les r\u00e9actions. Les enzymes agissent comme de minuscules ciseaux, d\u00e9coupant les aliments que nous avons mang\u00e9s en plus petits composants. Cela aide notre corps \u00e0 absorber plus facilement et plus compl\u00e8tement les nutriments.<\/p>\n<p>Sans suffisamment d&#8217;enzymes, notre corps peut avoir du mal \u00e0 d\u00e9composer les aliments g\u00eanants, ce qui entra\u00eene des gaz occasionnels, des ballonnements, des indigestions et des irr\u00e9gularit\u00e9s. Gr\u00e2ce \u00e0 la suppl\u00e9mentation en enzymes enti\u00e8rement naturelles, votre corps b\u00e9n\u00e9ficie d&#8217;un coup de pouce suppl\u00e9mentaire au processus digestif, ce qui permet de maximiser l&#8217;\u00e9nergie et de contribuer \u00e0 la sant\u00e9 de tout le corps.<\/p>\n<p>Quelles sont les causes de l&#8217;intol\u00e9rance au gluten et \u00e0 la cas\u00e9ine, et comment les enzymes peuvent-elles aider ?<br \/>\nSi notre corps a du mal \u00e0 dig\u00e9rer le pain et les c\u00e9r\u00e9ales, la cause profonde vient d&#8217;un manque des bonnes enzymes dans nos intestins. Les enzymes sont con\u00e7ues pour d\u00e9composer un type sp\u00e9cifique d&#8217;aliment ou de compos\u00e9, donc plus ou moins nous avons de certaines enzymes, mieux ou moins bien nous pouvons dig\u00e9rer le gluten et la cas\u00e9ine.<\/p>\n<p>GlutenEase contient de la DPP-IV, une enzyme dont il a \u00e9t\u00e9 d\u00e9montr\u00e9 qu&#8217;elle d\u00e9compose le gluten. Il contient \u00e9galement d&#8217;autres enzymes pour aider \u00e0 la digestion du pain et des c\u00e9r\u00e9ales. L&#8217;amylase est capable d&#8217;aider \u00e0 dig\u00e9rer la partie glucidique des c\u00e9r\u00e9ales et la glucoamylase d\u00e9compose les polysaccharides en unit\u00e9s de glucose plus faciles \u00e0 dig\u00e9rer.<\/p>\n<p>En quoi les enzymes GlutenEase sont-elles diff\u00e9rentes des autres ?<br \/>\nTous les suppl\u00e9ments d&#8217;enzymes ne sont pas cr\u00e9\u00e9s \u00e9gaux. La technologie exclusive Thera-blend\u2122 d&#8217;Enzymedica signifie que les enzymes trouv\u00e9es dans GlutenEase fonctionneront dans tout le spectre de pH que l&#8217;on trouve le long de votre tube digestif. Lorsque les formules d&#8217;enzymes d&#8217;autres marques peuvent \u00e9chouer, dans presque tous les environnements acides ou alcalins, GlutenEase sera efficace.<\/p>\n<p><img decoding=\"async\" src=\"https:\/\/ecosupplements.be\/wp-content\/uploads\/2025\/08\/non-gmo-1.png\" title=\"Non-OGM\" alt=\"Non-GMO\"><img decoding=\"async\" src=\"https:\/\/ecosupplements.be\/wp-content\/uploads\/2025\/08\/vegan-1.png\" title=\"Vegan\" alt=\"Vegan\"><\/p>\n","protected":false},"excerpt":{"rendered":"<p>Enzymedica &#8211; GlutenEase Soutient l&#8217;intol\u00e9rance au gluten et \u00e0 la cas\u00e9ine &nbsp;&nbsp;&nbsp; Comprend des enzymes suppl\u00e9mentaires pour aider \u00e0 dig\u00e9rer l&#8217;ensemble du repas &nbsp;&nbsp;&nbsp; Soutien quotidien en cas d&#8217;intol\u00e9rance \u00e0 la cas\u00e9ine &nbsp;&nbsp;&nbsp; Id\u00e9al pour le support de la contamination crois\u00e9e Allez-y. Mangez un sandwich, pas une salade. Les enzymes contenues dans GlutenEase sont sp\u00e9cialement [&#8230;]\n","protected":false},"featured_media":243822,"comment_status":"open","ping_status":"open","template":"","meta":[],"product_brand":[4678],"product_cat":[5054,5055,5052,5053],"product_tag":[5069],"class_list":{"0":"post-280714","1":"product","2":"type-product","3":"status-publish","4":"has-post-thumbnail","6":"product_brand-enzymedica-2","7":"product_cat-nourriture-saine","8":"product_cat-produits-vegetaliens","9":"product_cat-sante-et-bien-etre","10":"product_cat-vitamines-et-mineraux","11":"product_tag-topeco-2","13":"first","14":"instock","15":"taxable","16":"shipping-taxable","17":"purchasable","18":"product-type-simple"},"yoast_head":"<!-- This site is optimized with the Yoast SEO Premium plugin v27.3 (Yoast SEO v27.3) - https:\/\/yoast.com\/product\/yoast-seo-premium-wordpress\/ -->\n<title>GlutenEase - 60 caps - ECO Supplements<\/title>\n<meta name=\"description\" content=\"Wij hebben een ruime keuze aan producten van GlutenEase - 60 caps . Winkel bij Eco Supplements altijd gratis verzending boven 100\u20ac\" \/>\n<meta name=\"robots\" content=\"index, follow, max-snippet:-1, max-image-preview:large, max-video-preview:-1\" \/>\n<link rel=\"canonical\" href=\"https:\/\/ecosupplements.be\/fr\/produit\/glutenease-60-caps\/\" \/>\n<meta property=\"og:locale\" content=\"fr_FR\" \/>\n<meta property=\"og:type\" content=\"article\" \/>\n<meta property=\"og:title\" content=\"GlutenEase - 60 caps\" \/>\n<meta property=\"og:description\" content=\"Wij hebben een ruime keuze aan producten van GlutenEase - 60 caps . Winkel bij Eco Supplements altijd gratis verzending boven 100\u20ac\" \/>\n<meta property=\"og:url\" content=\"https:\/\/ecosupplements.be\/fr\/produit\/glutenease-60-caps\/\" \/>\n<meta property=\"og:site_name\" content=\"ECO Supplements\" \/>\n<meta property=\"article:modified_time\" content=\"2025-08-27T09:42:21+00:00\" \/>\n<meta property=\"og:image\" content=\"https:\/\/ecosupplements.be\/wp-content\/uploads\/2025\/08\/Enzymedica-GlutenEase-60-caps-1.jpg\" \/>\n\t<meta property=\"og:image:width\" content=\"750\" \/>\n\t<meta property=\"og:image:height\" content=\"750\" \/>\n\t<meta property=\"og:image:type\" content=\"image\/jpeg\" \/>\n<meta name=\"twitter:card\" content=\"summary_large_image\" \/>\n<meta name=\"twitter:label1\" content=\"Prix\" \/>\n\t<meta name=\"twitter:data1\" content=\"34.41&nbsp;&euro;\" \/>\n\t<meta name=\"twitter:label2\" content=\"Disponibilit\u00e9\" \/>\n\t<meta name=\"twitter:data2\" content=\"En stock\" \/>\n<script type=\"application\/ld+json\" class=\"yoast-schema-graph\">{\"@context\":\"https:\\\/\\\/schema.org\",\"@graph\":[{\"@type\":[\"WebPage\",\"ItemPage\"],\"@id\":\"https:\\\/\\\/ecosupplements.be\\\/fr\\\/produit\\\/glutenease-60-caps\\\/\",\"url\":\"https:\\\/\\\/ecosupplements.be\\\/fr\\\/produit\\\/glutenease-60-caps\\\/\",\"name\":\"GlutenEase - 60 caps - ECO Supplements\",\"isPartOf\":{\"@id\":\"https:\\\/\\\/ecosupplements.be\\\/fr\\\/#website\"},\"primaryImageOfPage\":{\"@id\":\"https:\\\/\\\/ecosupplements.be\\\/fr\\\/produit\\\/glutenease-60-caps\\\/#primaryimage\"},\"image\":{\"@id\":\"https:\\\/\\\/ecosupplements.be\\\/fr\\\/produit\\\/glutenease-60-caps\\\/#primaryimage\"},\"thumbnailUrl\":\"https:\\\/\\\/ecosupplements.be\\\/wp-content\\\/uploads\\\/2025\\\/08\\\/Enzymedica-GlutenEase-60-caps-1.jpg\",\"datePublished\":\"2022-06-28T09:09:12+00:00\",\"dateModified\":\"2025-08-27T09:42:21+00:00\",\"description\":\"Wij hebben een ruime keuze aan producten van GlutenEase - 60 caps . Winkel bij Eco Supplements altijd gratis verzending boven 100\u20ac\",\"breadcrumb\":{\"@id\":\"https:\\\/\\\/ecosupplements.be\\\/fr\\\/produit\\\/glutenease-60-caps\\\/#breadcrumb\"},\"inLanguage\":\"fr-FR\",\"potentialAction\":[{\"@type\":\"ReadAction\",\"target\":[\"https:\\\/\\\/ecosupplements.be\\\/fr\\\/produit\\\/glutenease-60-caps\\\/\"]}]},{\"@type\":\"ImageObject\",\"inLanguage\":\"fr-FR\",\"@id\":\"https:\\\/\\\/ecosupplements.be\\\/fr\\\/produit\\\/glutenease-60-caps\\\/#primaryimage\",\"url\":\"https:\\\/\\\/ecosupplements.be\\\/wp-content\\\/uploads\\\/2025\\\/08\\\/Enzymedica-GlutenEase-60-caps-1.jpg\",\"contentUrl\":\"https:\\\/\\\/ecosupplements.be\\\/wp-content\\\/uploads\\\/2025\\\/08\\\/Enzymedica-GlutenEase-60-caps-1.jpg\",\"width\":750,\"height\":750},{\"@type\":\"BreadcrumbList\",\"@id\":\"https:\\\/\\\/ecosupplements.be\\\/fr\\\/produit\\\/glutenease-60-caps\\\/#breadcrumb\",\"itemListElement\":[{\"@type\":\"ListItem\",\"position\":1,\"name\":\"Home\",\"item\":\"https:\\\/\\\/ecosupplements.be\\\/fr\\\/\"},{\"@type\":\"ListItem\",\"position\":2,\"name\":\"Boutique\",\"item\":\"https:\\\/\\\/ecosupplements.be\\\/fr\\\/boutique\\\/\"},{\"@type\":\"ListItem\",\"position\":3,\"name\":\"GlutenEase &#8211; 60 caps\"}]},{\"@type\":\"WebSite\",\"@id\":\"https:\\\/\\\/ecosupplements.be\\\/fr\\\/#website\",\"url\":\"https:\\\/\\\/ecosupplements.be\\\/fr\\\/\",\"name\":\"ECO Supplements\",\"description\":\"Eco Supplements - Gezonde supplementen\",\"publisher\":{\"@id\":\"https:\\\/\\\/ecosupplements.be\\\/fr\\\/#organization\"},\"potentialAction\":[{\"@type\":\"SearchAction\",\"target\":{\"@type\":\"EntryPoint\",\"urlTemplate\":\"https:\\\/\\\/ecosupplements.be\\\/fr\\\/?s={search_term_string}\"},\"query-input\":{\"@type\":\"PropertyValueSpecification\",\"valueRequired\":true,\"valueName\":\"search_term_string\"}}],\"inLanguage\":\"fr-FR\"},{\"@type\":\"Organization\",\"@id\":\"https:\\\/\\\/ecosupplements.be\\\/fr\\\/#organization\",\"name\":\"Eco Supplements\",\"url\":\"https:\\\/\\\/ecosupplements.be\\\/fr\\\/\",\"logo\":{\"@type\":\"ImageObject\",\"inLanguage\":\"fr-FR\",\"@id\":\"https:\\\/\\\/ecosupplements.be\\\/fr\\\/#\\\/schema\\\/logo\\\/image\\\/\",\"url\":\"https:\\\/\\\/ecosupplements.be\\\/wp-content\\\/uploads\\\/2022\\\/06\\\/ecosupplement-family.png\",\"contentUrl\":\"https:\\\/\\\/ecosupplements.be\\\/wp-content\\\/uploads\\\/2022\\\/06\\\/ecosupplement-family.png\",\"width\":593,\"height\":374,\"caption\":\"Eco Supplements\"},\"image\":{\"@id\":\"https:\\\/\\\/ecosupplements.be\\\/fr\\\/#\\\/schema\\\/logo\\\/image\\\/\"}}]}<\/script>\n<meta property=\"product:brand\" content=\"Enzymedica\" \/>\n<meta property=\"product:price:amount\" content=\"34.41\" \/>\n<meta property=\"product:price:currency\" content=\"EUR\" \/>\n<meta property=\"og:availability\" content=\"instock\" \/>\n<meta property=\"product:availability\" content=\"instock\" \/>\n<meta property=\"product:retailer_item_id\" content=\"670480262009\" \/>\n<meta property=\"product:condition\" content=\"new\" \/>\n<!-- \/ Yoast SEO Premium plugin. -->","yoast_head_json":{"title":"GlutenEase - 60 caps - ECO Supplements","description":"Wij hebben een ruime keuze aan producten van GlutenEase - 60 caps . Winkel bij Eco Supplements altijd gratis verzending boven 100\u20ac","robots":{"index":"index","follow":"follow","max-snippet":"max-snippet:-1","max-image-preview":"max-image-preview:large","max-video-preview":"max-video-preview:-1"},"canonical":"https:\/\/ecosupplements.be\/fr\/produit\/glutenease-60-caps\/","og_locale":"fr_FR","og_type":"article","og_title":"GlutenEase - 60 caps","og_description":"Wij hebben een ruime keuze aan producten van GlutenEase - 60 caps . Winkel bij Eco Supplements altijd gratis verzending boven 100\u20ac","og_url":"https:\/\/ecosupplements.be\/fr\/produit\/glutenease-60-caps\/","og_site_name":"ECO Supplements","article_modified_time":"2025-08-27T09:42:21+00:00","og_image":[{"width":750,"height":750,"url":"https:\/\/ecosupplements.be\/wp-content\/uploads\/2025\/08\/Enzymedica-GlutenEase-60-caps-1.jpg","type":"image\/jpeg"}],"twitter_card":"summary_large_image","twitter_misc":{"Prix":"34.41&nbsp;&euro;","Disponibilit\u00e9":"En stock"},"schema":{"@context":"https:\/\/schema.org","@graph":[{"@type":["WebPage","ItemPage"],"@id":"https:\/\/ecosupplements.be\/fr\/produit\/glutenease-60-caps\/","url":"https:\/\/ecosupplements.be\/fr\/produit\/glutenease-60-caps\/","name":"GlutenEase - 60 caps - ECO Supplements","isPartOf":{"@id":"https:\/\/ecosupplements.be\/fr\/#website"},"primaryImageOfPage":{"@id":"https:\/\/ecosupplements.be\/fr\/produit\/glutenease-60-caps\/#primaryimage"},"image":{"@id":"https:\/\/ecosupplements.be\/fr\/produit\/glutenease-60-caps\/#primaryimage"},"thumbnailUrl":"https:\/\/ecosupplements.be\/wp-content\/uploads\/2025\/08\/Enzymedica-GlutenEase-60-caps-1.jpg","datePublished":"2022-06-28T09:09:12+00:00","dateModified":"2025-08-27T09:42:21+00:00","description":"Wij hebben een ruime keuze aan producten van GlutenEase - 60 caps . Winkel bij Eco Supplements altijd gratis verzending boven 100\u20ac","breadcrumb":{"@id":"https:\/\/ecosupplements.be\/fr\/produit\/glutenease-60-caps\/#breadcrumb"},"inLanguage":"fr-FR","potentialAction":[{"@type":"ReadAction","target":["https:\/\/ecosupplements.be\/fr\/produit\/glutenease-60-caps\/"]}]},{"@type":"ImageObject","inLanguage":"fr-FR","@id":"https:\/\/ecosupplements.be\/fr\/produit\/glutenease-60-caps\/#primaryimage","url":"https:\/\/ecosupplements.be\/wp-content\/uploads\/2025\/08\/Enzymedica-GlutenEase-60-caps-1.jpg","contentUrl":"https:\/\/ecosupplements.be\/wp-content\/uploads\/2025\/08\/Enzymedica-GlutenEase-60-caps-1.jpg","width":750,"height":750},{"@type":"BreadcrumbList","@id":"https:\/\/ecosupplements.be\/fr\/produit\/glutenease-60-caps\/#breadcrumb","itemListElement":[{"@type":"ListItem","position":1,"name":"Home","item":"https:\/\/ecosupplements.be\/fr\/"},{"@type":"ListItem","position":2,"name":"Boutique","item":"https:\/\/ecosupplements.be\/fr\/boutique\/"},{"@type":"ListItem","position":3,"name":"GlutenEase &#8211; 60 caps"}]},{"@type":"WebSite","@id":"https:\/\/ecosupplements.be\/fr\/#website","url":"https:\/\/ecosupplements.be\/fr\/","name":"ECO Supplements","description":"Eco Supplements - Gezonde supplementen","publisher":{"@id":"https:\/\/ecosupplements.be\/fr\/#organization"},"potentialAction":[{"@type":"SearchAction","target":{"@type":"EntryPoint","urlTemplate":"https:\/\/ecosupplements.be\/fr\/?s={search_term_string}"},"query-input":{"@type":"PropertyValueSpecification","valueRequired":true,"valueName":"search_term_string"}}],"inLanguage":"fr-FR"},{"@type":"Organization","@id":"https:\/\/ecosupplements.be\/fr\/#organization","name":"Eco Supplements","url":"https:\/\/ecosupplements.be\/fr\/","logo":{"@type":"ImageObject","inLanguage":"fr-FR","@id":"https:\/\/ecosupplements.be\/fr\/#\/schema\/logo\/image\/","url":"https:\/\/ecosupplements.be\/wp-content\/uploads\/2022\/06\/ecosupplement-family.png","contentUrl":"https:\/\/ecosupplements.be\/wp-content\/uploads\/2022\/06\/ecosupplement-family.png","width":593,"height":374,"caption":"Eco Supplements"},"image":{"@id":"https:\/\/ecosupplements.be\/fr\/#\/schema\/logo\/image\/"}}]},"product_brand":"Enzymedica","product_price_amount":"34.41","product_price_currency":"EUR","og_availability":"instock","product_availability":"instock","product_retailer_item_id":"670480262009","product_condition":"new"},"_links":{"self":[{"href":"https:\/\/ecosupplements.be\/fr\/wp-json\/wp\/v2\/product\/280714","targetHints":{"allow":["GET"]}}],"collection":[{"href":"https:\/\/ecosupplements.be\/fr\/wp-json\/wp\/v2\/product"}],"about":[{"href":"https:\/\/ecosupplements.be\/fr\/wp-json\/wp\/v2\/types\/product"}],"replies":[{"embeddable":true,"href":"https:\/\/ecosupplements.be\/fr\/wp-json\/wp\/v2\/comments?post=280714"}],"wp:featuredmedia":[{"embeddable":true,"href":"https:\/\/ecosupplements.be\/fr\/wp-json\/wp\/v2\/media\/243822"}],"wp:attachment":[{"href":"https:\/\/ecosupplements.be\/fr\/wp-json\/wp\/v2\/media?parent=280714"}],"wp:term":[{"taxonomy":"product_brand","embeddable":true,"href":"https:\/\/ecosupplements.be\/fr\/wp-json\/wp\/v2\/product_brand?post=280714"},{"taxonomy":"product_cat","embeddable":true,"href":"https:\/\/ecosupplements.be\/fr\/wp-json\/wp\/v2\/product_cat?post=280714"},{"taxonomy":"product_tag","embeddable":true,"href":"https:\/\/ecosupplements.be\/fr\/wp-json\/wp\/v2\/product_tag?post=280714"}],"curies":[{"name":"wp","href":"https:\/\/api.w.org\/{rel}","templated":true}]}}