{"id":280958,"date":"2022-06-28T10:12:26","date_gmt":"2022-06-28T09:12:26","guid":{"rendered":"https:\/\/ecosupplements.be\/product\/nettoyant-purifiant-pour-le-visage-au-neem-150-ml\/"},"modified":"2025-08-27T10:56:11","modified_gmt":"2025-08-27T09:56:11","slug":"nettoyant-purifiant-pour-le-visage-au-neem-150-ml","status":"publish","type":"product","link":"https:\/\/ecosupplements.be\/fr\/produit\/nettoyant-purifiant-pour-le-visage-au-neem-150-ml\/","title":{"rendered":"Nettoyant purifiant pour le visage au Neem &#8211; 150 ml."},"content":{"rendered":"<h1 style=\"text-align: center;\">Himalaya &#8211; Nettoyant purifiant pour le visage au margousier<\/h1>\n<h3 style=\"text-align: center;\">Peau normale \u00e0 grasse<\/h3>\n<p>Gel nettoyant pour le visage sans savon sp\u00e9cialement formul\u00e9 pour vous donner une peau claire et sans probl\u00e8mes. Il nettoie votre peau en \u00e9liminant l&#8217;exc\u00e8s de s\u00e9bum et les impuret\u00e9s sans trop la dess\u00e9cher. Contient du Neem, bien connu pour ses propri\u00e9t\u00e9s purifiantes et antibact\u00e9riennes, combin\u00e9 au Curcuma, il aide \u00e0 contr\u00f4ler les boutons, laissant votre peau douce, claire, rafra\u00eechie et sans probl\u00e8me.<\/p>\n<p>Nettoie et purifie pour une peau claire et sans probl\u00e8me<br \/>\nTest\u00e9 dermatologiquement<\/p>\n","protected":false},"excerpt":{"rendered":"<p>Himalaya &#8211; Nettoyant purifiant pour le visage au margousier Peau normale \u00e0 grasse Gel nettoyant pour le visage sans savon sp\u00e9cialement formul\u00e9 pour vous donner une peau claire et sans probl\u00e8mes. Il nettoie votre peau en \u00e9liminant l&#8217;exc\u00e8s de s\u00e9bum et les impuret\u00e9s sans trop la dess\u00e9cher. Contient du Neem, bien connu pour ses propri\u00e9t\u00e9s [&#8230;]\n","protected":false},"featured_media":245006,"comment_status":"open","ping_status":"open","template":"","meta":[],"product_brand":[4715],"product_cat":[5114,5052],"product_tag":[],"class_list":{"0":"post-280958","1":"product","2":"type-product","3":"status-publish","4":"has-post-thumbnail","6":"product_brand-himalaya-2","7":"product_cat-beaute","8":"product_cat-sante-et-bien-etre","10":"first","11":"instock","12":"taxable","13":"shipping-taxable","14":"purchasable","15":"product-type-simple"},"yoast_head":"<!-- This site is optimized with the Yoast SEO Premium plugin v27.3 (Yoast SEO v27.3) - https:\/\/yoast.com\/product\/yoast-seo-premium-wordpress\/ -->\n<title>Nettoyant purifiant pour le visage au Neem - 150 ml. - ECO Supplements<\/title>\n<meta name=\"description\" content=\"Wij hebben een ruime keuze aan producten van Nettoyant purifiant pour le visage au Neem - 150 ml. . Winkel bij Eco Supplements altijd gratis verzending boven 100\u20ac\" \/>\n<meta name=\"robots\" content=\"index, follow, max-snippet:-1, max-image-preview:large, max-video-preview:-1\" \/>\n<link rel=\"canonical\" href=\"https:\/\/ecosupplements.be\/fr\/produit\/nettoyant-purifiant-pour-le-visage-au-neem-150-ml\/\" \/>\n<meta property=\"og:locale\" content=\"fr_FR\" \/>\n<meta property=\"og:type\" content=\"article\" \/>\n<meta property=\"og:title\" content=\"Nettoyant purifiant pour le visage au Neem - 150 ml.\" \/>\n<meta property=\"og:description\" content=\"Wij hebben een ruime keuze aan producten van Nettoyant purifiant pour le visage au Neem - 150 ml. . Winkel bij Eco Supplements altijd gratis verzending boven 100\u20ac\" \/>\n<meta property=\"og:url\" content=\"https:\/\/ecosupplements.be\/fr\/produit\/nettoyant-purifiant-pour-le-visage-au-neem-150-ml\/\" \/>\n<meta property=\"og:site_name\" content=\"ECO Supplements\" \/>\n<meta property=\"article:modified_time\" content=\"2025-08-27T09:56:11+00:00\" \/>\n<meta property=\"og:image\" content=\"https:\/\/ecosupplements.be\/wp-content\/uploads\/2025\/08\/Himalaya-Purifying-Neem-Face-Wash-150-ml.jpg\" \/>\n\t<meta property=\"og:image:width\" content=\"750\" \/>\n\t<meta property=\"og:image:height\" content=\"750\" \/>\n\t<meta property=\"og:image:type\" content=\"image\/jpeg\" \/>\n<meta name=\"twitter:card\" content=\"summary_large_image\" \/>\n<meta name=\"twitter:label1\" content=\"Prix\" \/>\n\t<meta name=\"twitter:data1\" content=\"5.53&nbsp;&euro;\" \/>\n\t<meta name=\"twitter:label2\" content=\"Disponibilit\u00e9\" \/>\n\t<meta name=\"twitter:data2\" content=\"En stock\" \/>\n<script type=\"application\/ld+json\" class=\"yoast-schema-graph\">{\"@context\":\"https:\\\/\\\/schema.org\",\"@graph\":[{\"@type\":[\"WebPage\",\"ItemPage\"],\"@id\":\"https:\\\/\\\/ecosupplements.be\\\/fr\\\/produit\\\/nettoyant-purifiant-pour-le-visage-au-neem-150-ml\\\/\",\"url\":\"https:\\\/\\\/ecosupplements.be\\\/fr\\\/produit\\\/nettoyant-purifiant-pour-le-visage-au-neem-150-ml\\\/\",\"name\":\"Nettoyant purifiant pour le visage au Neem - 150 ml. - ECO Supplements\",\"isPartOf\":{\"@id\":\"https:\\\/\\\/ecosupplements.be\\\/fr\\\/#website\"},\"primaryImageOfPage\":{\"@id\":\"https:\\\/\\\/ecosupplements.be\\\/fr\\\/produit\\\/nettoyant-purifiant-pour-le-visage-au-neem-150-ml\\\/#primaryimage\"},\"image\":{\"@id\":\"https:\\\/\\\/ecosupplements.be\\\/fr\\\/produit\\\/nettoyant-purifiant-pour-le-visage-au-neem-150-ml\\\/#primaryimage\"},\"thumbnailUrl\":\"https:\\\/\\\/ecosupplements.be\\\/wp-content\\\/uploads\\\/2025\\\/08\\\/Himalaya-Purifying-Neem-Face-Wash-150-ml-1.jpg\",\"datePublished\":\"2022-06-28T09:12:26+00:00\",\"dateModified\":\"2025-08-27T09:56:11+00:00\",\"description\":\"Wij hebben een ruime keuze aan producten van Nettoyant purifiant pour le visage au Neem - 150 ml. . Winkel bij Eco Supplements altijd gratis verzending boven 100\u20ac\",\"breadcrumb\":{\"@id\":\"https:\\\/\\\/ecosupplements.be\\\/fr\\\/produit\\\/nettoyant-purifiant-pour-le-visage-au-neem-150-ml\\\/#breadcrumb\"},\"inLanguage\":\"fr-FR\",\"potentialAction\":[{\"@type\":\"ReadAction\",\"target\":[\"https:\\\/\\\/ecosupplements.be\\\/fr\\\/produit\\\/nettoyant-purifiant-pour-le-visage-au-neem-150-ml\\\/\"]}]},{\"@type\":\"ImageObject\",\"inLanguage\":\"fr-FR\",\"@id\":\"https:\\\/\\\/ecosupplements.be\\\/fr\\\/produit\\\/nettoyant-purifiant-pour-le-visage-au-neem-150-ml\\\/#primaryimage\",\"url\":\"https:\\\/\\\/ecosupplements.be\\\/wp-content\\\/uploads\\\/2025\\\/08\\\/Himalaya-Purifying-Neem-Face-Wash-150-ml-1.jpg\",\"contentUrl\":\"https:\\\/\\\/ecosupplements.be\\\/wp-content\\\/uploads\\\/2025\\\/08\\\/Himalaya-Purifying-Neem-Face-Wash-150-ml-1.jpg\",\"width\":750,\"height\":750},{\"@type\":\"BreadcrumbList\",\"@id\":\"https:\\\/\\\/ecosupplements.be\\\/fr\\\/produit\\\/nettoyant-purifiant-pour-le-visage-au-neem-150-ml\\\/#breadcrumb\",\"itemListElement\":[{\"@type\":\"ListItem\",\"position\":1,\"name\":\"Home\",\"item\":\"https:\\\/\\\/ecosupplements.be\\\/fr\\\/\"},{\"@type\":\"ListItem\",\"position\":2,\"name\":\"Boutique\",\"item\":\"https:\\\/\\\/ecosupplements.be\\\/fr\\\/boutique\\\/\"},{\"@type\":\"ListItem\",\"position\":3,\"name\":\"Nettoyant purifiant pour le visage au Neem &#8211; 150 ml.\"}]},{\"@type\":\"WebSite\",\"@id\":\"https:\\\/\\\/ecosupplements.be\\\/fr\\\/#website\",\"url\":\"https:\\\/\\\/ecosupplements.be\\\/fr\\\/\",\"name\":\"ECO Supplements\",\"description\":\"Eco Supplements - Gezonde supplementen\",\"publisher\":{\"@id\":\"https:\\\/\\\/ecosupplements.be\\\/fr\\\/#organization\"},\"potentialAction\":[{\"@type\":\"SearchAction\",\"target\":{\"@type\":\"EntryPoint\",\"urlTemplate\":\"https:\\\/\\\/ecosupplements.be\\\/fr\\\/?s={search_term_string}\"},\"query-input\":{\"@type\":\"PropertyValueSpecification\",\"valueRequired\":true,\"valueName\":\"search_term_string\"}}],\"inLanguage\":\"fr-FR\"},{\"@type\":\"Organization\",\"@id\":\"https:\\\/\\\/ecosupplements.be\\\/fr\\\/#organization\",\"name\":\"Eco Supplements\",\"url\":\"https:\\\/\\\/ecosupplements.be\\\/fr\\\/\",\"logo\":{\"@type\":\"ImageObject\",\"inLanguage\":\"fr-FR\",\"@id\":\"https:\\\/\\\/ecosupplements.be\\\/fr\\\/#\\\/schema\\\/logo\\\/image\\\/\",\"url\":\"https:\\\/\\\/ecosupplements.be\\\/wp-content\\\/uploads\\\/2022\\\/06\\\/ecosupplement-family.png\",\"contentUrl\":\"https:\\\/\\\/ecosupplements.be\\\/wp-content\\\/uploads\\\/2022\\\/06\\\/ecosupplement-family.png\",\"width\":593,\"height\":374,\"caption\":\"Eco Supplements\"},\"image\":{\"@id\":\"https:\\\/\\\/ecosupplements.be\\\/fr\\\/#\\\/schema\\\/logo\\\/image\\\/\"}}]}<\/script>\n<meta property=\"product:brand\" content=\"Himalaya\" \/>\n<meta property=\"product:price:amount\" content=\"5.53\" \/>\n<meta property=\"product:price:currency\" content=\"EUR\" \/>\n<meta property=\"og:availability\" content=\"instock\" \/>\n<meta property=\"product:availability\" content=\"instock\" \/>\n<meta property=\"product:retailer_item_id\" content=\"8901138511784\" \/>\n<meta property=\"product:condition\" content=\"new\" \/>\n<!-- \/ Yoast SEO Premium plugin. -->","yoast_head_json":{"title":"Nettoyant purifiant pour le visage au Neem - 150 ml. - ECO Supplements","description":"Wij hebben een ruime keuze aan producten van Nettoyant purifiant pour le visage au Neem - 150 ml. . Winkel bij Eco Supplements altijd gratis verzending boven 100\u20ac","robots":{"index":"index","follow":"follow","max-snippet":"max-snippet:-1","max-image-preview":"max-image-preview:large","max-video-preview":"max-video-preview:-1"},"canonical":"https:\/\/ecosupplements.be\/fr\/produit\/nettoyant-purifiant-pour-le-visage-au-neem-150-ml\/","og_locale":"fr_FR","og_type":"article","og_title":"Nettoyant purifiant pour le visage au Neem - 150 ml.","og_description":"Wij hebben een ruime keuze aan producten van Nettoyant purifiant pour le visage au Neem - 150 ml. . Winkel bij Eco Supplements altijd gratis verzending boven 100\u20ac","og_url":"https:\/\/ecosupplements.be\/fr\/produit\/nettoyant-purifiant-pour-le-visage-au-neem-150-ml\/","og_site_name":"ECO Supplements","article_modified_time":"2025-08-27T09:56:11+00:00","og_image":[{"width":750,"height":750,"url":"https:\/\/ecosupplements.be\/wp-content\/uploads\/2025\/08\/Himalaya-Purifying-Neem-Face-Wash-150-ml.jpg","type":"image\/jpeg"}],"twitter_card":"summary_large_image","twitter_misc":{"Prix":"5.53&nbsp;&euro;","Disponibilit\u00e9":"En stock"},"schema":{"@context":"https:\/\/schema.org","@graph":[{"@type":["WebPage","ItemPage"],"@id":"https:\/\/ecosupplements.be\/fr\/produit\/nettoyant-purifiant-pour-le-visage-au-neem-150-ml\/","url":"https:\/\/ecosupplements.be\/fr\/produit\/nettoyant-purifiant-pour-le-visage-au-neem-150-ml\/","name":"Nettoyant purifiant pour le visage au Neem - 150 ml. - ECO Supplements","isPartOf":{"@id":"https:\/\/ecosupplements.be\/fr\/#website"},"primaryImageOfPage":{"@id":"https:\/\/ecosupplements.be\/fr\/produit\/nettoyant-purifiant-pour-le-visage-au-neem-150-ml\/#primaryimage"},"image":{"@id":"https:\/\/ecosupplements.be\/fr\/produit\/nettoyant-purifiant-pour-le-visage-au-neem-150-ml\/#primaryimage"},"thumbnailUrl":"https:\/\/ecosupplements.be\/wp-content\/uploads\/2025\/08\/Himalaya-Purifying-Neem-Face-Wash-150-ml-1.jpg","datePublished":"2022-06-28T09:12:26+00:00","dateModified":"2025-08-27T09:56:11+00:00","description":"Wij hebben een ruime keuze aan producten van Nettoyant purifiant pour le visage au Neem - 150 ml. . Winkel bij Eco Supplements altijd gratis verzending boven 100\u20ac","breadcrumb":{"@id":"https:\/\/ecosupplements.be\/fr\/produit\/nettoyant-purifiant-pour-le-visage-au-neem-150-ml\/#breadcrumb"},"inLanguage":"fr-FR","potentialAction":[{"@type":"ReadAction","target":["https:\/\/ecosupplements.be\/fr\/produit\/nettoyant-purifiant-pour-le-visage-au-neem-150-ml\/"]}]},{"@type":"ImageObject","inLanguage":"fr-FR","@id":"https:\/\/ecosupplements.be\/fr\/produit\/nettoyant-purifiant-pour-le-visage-au-neem-150-ml\/#primaryimage","url":"https:\/\/ecosupplements.be\/wp-content\/uploads\/2025\/08\/Himalaya-Purifying-Neem-Face-Wash-150-ml-1.jpg","contentUrl":"https:\/\/ecosupplements.be\/wp-content\/uploads\/2025\/08\/Himalaya-Purifying-Neem-Face-Wash-150-ml-1.jpg","width":750,"height":750},{"@type":"BreadcrumbList","@id":"https:\/\/ecosupplements.be\/fr\/produit\/nettoyant-purifiant-pour-le-visage-au-neem-150-ml\/#breadcrumb","itemListElement":[{"@type":"ListItem","position":1,"name":"Home","item":"https:\/\/ecosupplements.be\/fr\/"},{"@type":"ListItem","position":2,"name":"Boutique","item":"https:\/\/ecosupplements.be\/fr\/boutique\/"},{"@type":"ListItem","position":3,"name":"Nettoyant purifiant pour le visage au Neem &#8211; 150 ml."}]},{"@type":"WebSite","@id":"https:\/\/ecosupplements.be\/fr\/#website","url":"https:\/\/ecosupplements.be\/fr\/","name":"ECO Supplements","description":"Eco Supplements - Gezonde supplementen","publisher":{"@id":"https:\/\/ecosupplements.be\/fr\/#organization"},"potentialAction":[{"@type":"SearchAction","target":{"@type":"EntryPoint","urlTemplate":"https:\/\/ecosupplements.be\/fr\/?s={search_term_string}"},"query-input":{"@type":"PropertyValueSpecification","valueRequired":true,"valueName":"search_term_string"}}],"inLanguage":"fr-FR"},{"@type":"Organization","@id":"https:\/\/ecosupplements.be\/fr\/#organization","name":"Eco Supplements","url":"https:\/\/ecosupplements.be\/fr\/","logo":{"@type":"ImageObject","inLanguage":"fr-FR","@id":"https:\/\/ecosupplements.be\/fr\/#\/schema\/logo\/image\/","url":"https:\/\/ecosupplements.be\/wp-content\/uploads\/2022\/06\/ecosupplement-family.png","contentUrl":"https:\/\/ecosupplements.be\/wp-content\/uploads\/2022\/06\/ecosupplement-family.png","width":593,"height":374,"caption":"Eco Supplements"},"image":{"@id":"https:\/\/ecosupplements.be\/fr\/#\/schema\/logo\/image\/"}}]},"product_brand":"Himalaya","product_price_amount":"5.53","product_price_currency":"EUR","og_availability":"instock","product_availability":"instock","product_retailer_item_id":"8901138511784","product_condition":"new"},"_links":{"self":[{"href":"https:\/\/ecosupplements.be\/fr\/wp-json\/wp\/v2\/product\/280958","targetHints":{"allow":["GET"]}}],"collection":[{"href":"https:\/\/ecosupplements.be\/fr\/wp-json\/wp\/v2\/product"}],"about":[{"href":"https:\/\/ecosupplements.be\/fr\/wp-json\/wp\/v2\/types\/product"}],"replies":[{"embeddable":true,"href":"https:\/\/ecosupplements.be\/fr\/wp-json\/wp\/v2\/comments?post=280958"}],"wp:featuredmedia":[{"embeddable":true,"href":"https:\/\/ecosupplements.be\/fr\/wp-json\/wp\/v2\/media\/245006"}],"wp:attachment":[{"href":"https:\/\/ecosupplements.be\/fr\/wp-json\/wp\/v2\/media?parent=280958"}],"wp:term":[{"taxonomy":"product_brand","embeddable":true,"href":"https:\/\/ecosupplements.be\/fr\/wp-json\/wp\/v2\/product_brand?post=280958"},{"taxonomy":"product_cat","embeddable":true,"href":"https:\/\/ecosupplements.be\/fr\/wp-json\/wp\/v2\/product_cat?post=280958"},{"taxonomy":"product_tag","embeddable":true,"href":"https:\/\/ecosupplements.be\/fr\/wp-json\/wp\/v2\/product_tag?post=280958"}],"curies":[{"name":"wp","href":"https:\/\/api.w.org\/{rel}","templated":true}]}}