{"id":280968,"date":"2022-06-28T10:12:35","date_gmt":"2022-06-28T09:12:35","guid":{"rendered":"https:\/\/ecosupplements.be\/product\/baume-a-levres-eclatant-a-la-fraise-45g\/"},"modified":"2025-08-27T10:56:36","modified_gmt":"2025-08-27T09:56:36","slug":"baume-a-levres-eclatant-a-la-fraise-45g","status":"publish","type":"product","link":"https:\/\/ecosupplements.be\/fr\/produit\/baume-a-levres-eclatant-a-la-fraise-45g\/","title":{"rendered":"Baume \u00e0 l\u00e8vres \u00e9clatant \u00e0 la fraise &#8211; 4,5g"},"content":{"rendered":"<h1 style=\"text-align: center;\">Himalaya &#8211; Baume \u00e0 l\u00e8vres \u00e9clatant \u00e0 la fraise<\/h1>\n<p>Brillez avec le soin des l\u00e8vres naturellement brillant de Himalaya Herbals Strawberry Shine. Notre luxueux baume \u00e0 l\u00e8vres hydrate vos l\u00e8vres pour les garder douces et souples. La formule qui retient l&#8217;humidit\u00e9 rend vos l\u00e8vres naturellement brillantes tandis que les antioxydants et les actifs prennent soin de vos l\u00e8vres en les prot\u00e9geant des dommages environnementaux.<\/p>\n","protected":false},"excerpt":{"rendered":"<p>Himalaya &#8211; Baume \u00e0 l\u00e8vres \u00e9clatant \u00e0 la fraise Brillez avec le soin des l\u00e8vres naturellement brillant de Himalaya Herbals Strawberry Shine. Notre luxueux baume \u00e0 l\u00e8vres hydrate vos l\u00e8vres pour les garder douces et souples. La formule qui retient l&#8217;humidit\u00e9 rend vos l\u00e8vres naturellement brillantes tandis que les antioxydants et les actifs prennent soin [&#8230;]\n","protected":false},"featured_media":245056,"comment_status":"open","ping_status":"open","template":"","meta":[],"product_brand":[4715],"product_cat":[5114,5155,5052,5183],"product_tag":[],"class_list":{"0":"post-280968","1":"product","2":"type-product","3":"status-publish","4":"has-post-thumbnail","6":"product_brand-himalaya-2","7":"product_cat-beaute","8":"product_cat-cosmetiques","9":"product_cat-sante-et-bien-etre","10":"product_cat-soin-du-visage","12":"first","13":"instock","14":"taxable","15":"shipping-taxable","16":"purchasable","17":"product-type-simple"},"yoast_head":"<!-- This site is optimized with the Yoast SEO Premium plugin v27.3 (Yoast SEO v27.3) - https:\/\/yoast.com\/product\/yoast-seo-premium-wordpress\/ -->\n<title>Baume \u00e0 l\u00e8vres \u00e9clatant \u00e0 la fraise - 4,5g - ECO Supplements<\/title>\n<meta name=\"description\" content=\"Wij hebben een ruime keuze aan producten van Baume \u00e0 l\u00e8vres \u00e9clatant \u00e0 la fraise - 4,5g . Winkel bij Eco Supplements altijd gratis verzending boven 100\u20ac\" \/>\n<meta name=\"robots\" content=\"index, follow, max-snippet:-1, max-image-preview:large, max-video-preview:-1\" \/>\n<link rel=\"canonical\" href=\"https:\/\/ecosupplements.be\/fr\/produit\/baume-a-levres-eclatant-a-la-fraise-45g\/\" \/>\n<meta property=\"og:locale\" content=\"fr_FR\" \/>\n<meta property=\"og:type\" content=\"article\" \/>\n<meta property=\"og:title\" content=\"Baume \u00e0 l\u00e8vres \u00e9clatant \u00e0 la fraise - 4,5g\" \/>\n<meta property=\"og:description\" content=\"Wij hebben een ruime keuze aan producten van Baume \u00e0 l\u00e8vres \u00e9clatant \u00e0 la fraise - 4,5g . Winkel bij Eco Supplements altijd gratis verzending boven 100\u20ac\" \/>\n<meta property=\"og:url\" content=\"https:\/\/ecosupplements.be\/fr\/produit\/baume-a-levres-eclatant-a-la-fraise-45g\/\" \/>\n<meta property=\"og:site_name\" content=\"ECO Supplements\" \/>\n<meta property=\"article:modified_time\" content=\"2025-08-27T09:56:36+00:00\" \/>\n<meta property=\"og:image\" content=\"https:\/\/ecosupplements.be\/wp-content\/uploads\/2025\/08\/Himalaya-Strawberry-Shine-Lip-Balm-4.5g.jpg\" \/>\n\t<meta property=\"og:image:width\" content=\"750\" \/>\n\t<meta property=\"og:image:height\" content=\"750\" \/>\n\t<meta property=\"og:image:type\" content=\"image\/jpeg\" \/>\n<meta name=\"twitter:card\" content=\"summary_large_image\" \/>\n<meta name=\"twitter:label1\" content=\"Prix\" \/>\n\t<meta name=\"twitter:data1\" content=\"3.58&nbsp;&euro;\" \/>\n\t<meta name=\"twitter:label2\" content=\"Disponibilit\u00e9\" \/>\n\t<meta name=\"twitter:data2\" content=\"En stock\" \/>\n<script type=\"application\/ld+json\" class=\"yoast-schema-graph\">{\"@context\":\"https:\\\/\\\/schema.org\",\"@graph\":[{\"@type\":[\"WebPage\",\"ItemPage\"],\"@id\":\"https:\\\/\\\/ecosupplements.be\\\/fr\\\/produit\\\/baume-a-levres-eclatant-a-la-fraise-45g\\\/\",\"url\":\"https:\\\/\\\/ecosupplements.be\\\/fr\\\/produit\\\/baume-a-levres-eclatant-a-la-fraise-45g\\\/\",\"name\":\"Baume \u00e0 l\u00e8vres \u00e9clatant \u00e0 la fraise - 4,5g - ECO Supplements\",\"isPartOf\":{\"@id\":\"https:\\\/\\\/ecosupplements.be\\\/fr\\\/#website\"},\"primaryImageOfPage\":{\"@id\":\"https:\\\/\\\/ecosupplements.be\\\/fr\\\/produit\\\/baume-a-levres-eclatant-a-la-fraise-45g\\\/#primaryimage\"},\"image\":{\"@id\":\"https:\\\/\\\/ecosupplements.be\\\/fr\\\/produit\\\/baume-a-levres-eclatant-a-la-fraise-45g\\\/#primaryimage\"},\"thumbnailUrl\":\"https:\\\/\\\/ecosupplements.be\\\/wp-content\\\/uploads\\\/2025\\\/08\\\/Himalaya-Strawberry-Shine-Lip-Balm-4.5g-1.jpg\",\"datePublished\":\"2022-06-28T09:12:35+00:00\",\"dateModified\":\"2025-08-27T09:56:36+00:00\",\"description\":\"Wij hebben een ruime keuze aan producten van Baume \u00e0 l\u00e8vres \u00e9clatant \u00e0 la fraise - 4,5g . Winkel bij Eco Supplements altijd gratis verzending boven 100\u20ac\",\"breadcrumb\":{\"@id\":\"https:\\\/\\\/ecosupplements.be\\\/fr\\\/produit\\\/baume-a-levres-eclatant-a-la-fraise-45g\\\/#breadcrumb\"},\"inLanguage\":\"fr-FR\",\"potentialAction\":[{\"@type\":\"ReadAction\",\"target\":[\"https:\\\/\\\/ecosupplements.be\\\/fr\\\/produit\\\/baume-a-levres-eclatant-a-la-fraise-45g\\\/\"]}]},{\"@type\":\"ImageObject\",\"inLanguage\":\"fr-FR\",\"@id\":\"https:\\\/\\\/ecosupplements.be\\\/fr\\\/produit\\\/baume-a-levres-eclatant-a-la-fraise-45g\\\/#primaryimage\",\"url\":\"https:\\\/\\\/ecosupplements.be\\\/wp-content\\\/uploads\\\/2025\\\/08\\\/Himalaya-Strawberry-Shine-Lip-Balm-4.5g-1.jpg\",\"contentUrl\":\"https:\\\/\\\/ecosupplements.be\\\/wp-content\\\/uploads\\\/2025\\\/08\\\/Himalaya-Strawberry-Shine-Lip-Balm-4.5g-1.jpg\",\"width\":750,\"height\":750},{\"@type\":\"BreadcrumbList\",\"@id\":\"https:\\\/\\\/ecosupplements.be\\\/fr\\\/produit\\\/baume-a-levres-eclatant-a-la-fraise-45g\\\/#breadcrumb\",\"itemListElement\":[{\"@type\":\"ListItem\",\"position\":1,\"name\":\"Home\",\"item\":\"https:\\\/\\\/ecosupplements.be\\\/fr\\\/\"},{\"@type\":\"ListItem\",\"position\":2,\"name\":\"Boutique\",\"item\":\"https:\\\/\\\/ecosupplements.be\\\/fr\\\/boutique\\\/\"},{\"@type\":\"ListItem\",\"position\":3,\"name\":\"Baume \u00e0 l\u00e8vres \u00e9clatant \u00e0 la fraise &#8211; 4,5g\"}]},{\"@type\":\"WebSite\",\"@id\":\"https:\\\/\\\/ecosupplements.be\\\/fr\\\/#website\",\"url\":\"https:\\\/\\\/ecosupplements.be\\\/fr\\\/\",\"name\":\"ECO Supplements\",\"description\":\"Eco Supplements - Gezonde supplementen\",\"publisher\":{\"@id\":\"https:\\\/\\\/ecosupplements.be\\\/fr\\\/#organization\"},\"potentialAction\":[{\"@type\":\"SearchAction\",\"target\":{\"@type\":\"EntryPoint\",\"urlTemplate\":\"https:\\\/\\\/ecosupplements.be\\\/fr\\\/?s={search_term_string}\"},\"query-input\":{\"@type\":\"PropertyValueSpecification\",\"valueRequired\":true,\"valueName\":\"search_term_string\"}}],\"inLanguage\":\"fr-FR\"},{\"@type\":\"Organization\",\"@id\":\"https:\\\/\\\/ecosupplements.be\\\/fr\\\/#organization\",\"name\":\"Eco Supplements\",\"url\":\"https:\\\/\\\/ecosupplements.be\\\/fr\\\/\",\"logo\":{\"@type\":\"ImageObject\",\"inLanguage\":\"fr-FR\",\"@id\":\"https:\\\/\\\/ecosupplements.be\\\/fr\\\/#\\\/schema\\\/logo\\\/image\\\/\",\"url\":\"https:\\\/\\\/ecosupplements.be\\\/wp-content\\\/uploads\\\/2022\\\/06\\\/ecosupplement-family.png\",\"contentUrl\":\"https:\\\/\\\/ecosupplements.be\\\/wp-content\\\/uploads\\\/2022\\\/06\\\/ecosupplement-family.png\",\"width\":593,\"height\":374,\"caption\":\"Eco Supplements\"},\"image\":{\"@id\":\"https:\\\/\\\/ecosupplements.be\\\/fr\\\/#\\\/schema\\\/logo\\\/image\\\/\"}}]}<\/script>\n<meta property=\"product:brand\" content=\"Himalaya\" \/>\n<meta property=\"product:price:amount\" content=\"3.58\" \/>\n<meta property=\"product:price:currency\" content=\"EUR\" \/>\n<meta property=\"og:availability\" content=\"instock\" \/>\n<meta property=\"product:availability\" content=\"instock\" \/>\n<meta property=\"product:retailer_item_id\" content=\"8901138827557\" \/>\n<meta property=\"product:condition\" content=\"new\" \/>\n<!-- \/ Yoast SEO Premium plugin. -->","yoast_head_json":{"title":"Baume \u00e0 l\u00e8vres \u00e9clatant \u00e0 la fraise - 4,5g - ECO Supplements","description":"Wij hebben een ruime keuze aan producten van Baume \u00e0 l\u00e8vres \u00e9clatant \u00e0 la fraise - 4,5g . Winkel bij Eco Supplements altijd gratis verzending boven 100\u20ac","robots":{"index":"index","follow":"follow","max-snippet":"max-snippet:-1","max-image-preview":"max-image-preview:large","max-video-preview":"max-video-preview:-1"},"canonical":"https:\/\/ecosupplements.be\/fr\/produit\/baume-a-levres-eclatant-a-la-fraise-45g\/","og_locale":"fr_FR","og_type":"article","og_title":"Baume \u00e0 l\u00e8vres \u00e9clatant \u00e0 la fraise - 4,5g","og_description":"Wij hebben een ruime keuze aan producten van Baume \u00e0 l\u00e8vres \u00e9clatant \u00e0 la fraise - 4,5g . Winkel bij Eco Supplements altijd gratis verzending boven 100\u20ac","og_url":"https:\/\/ecosupplements.be\/fr\/produit\/baume-a-levres-eclatant-a-la-fraise-45g\/","og_site_name":"ECO Supplements","article_modified_time":"2025-08-27T09:56:36+00:00","og_image":[{"width":750,"height":750,"url":"https:\/\/ecosupplements.be\/wp-content\/uploads\/2025\/08\/Himalaya-Strawberry-Shine-Lip-Balm-4.5g.jpg","type":"image\/jpeg"}],"twitter_card":"summary_large_image","twitter_misc":{"Prix":"3.58&nbsp;&euro;","Disponibilit\u00e9":"En stock"},"schema":{"@context":"https:\/\/schema.org","@graph":[{"@type":["WebPage","ItemPage"],"@id":"https:\/\/ecosupplements.be\/fr\/produit\/baume-a-levres-eclatant-a-la-fraise-45g\/","url":"https:\/\/ecosupplements.be\/fr\/produit\/baume-a-levres-eclatant-a-la-fraise-45g\/","name":"Baume \u00e0 l\u00e8vres \u00e9clatant \u00e0 la fraise - 4,5g - ECO Supplements","isPartOf":{"@id":"https:\/\/ecosupplements.be\/fr\/#website"},"primaryImageOfPage":{"@id":"https:\/\/ecosupplements.be\/fr\/produit\/baume-a-levres-eclatant-a-la-fraise-45g\/#primaryimage"},"image":{"@id":"https:\/\/ecosupplements.be\/fr\/produit\/baume-a-levres-eclatant-a-la-fraise-45g\/#primaryimage"},"thumbnailUrl":"https:\/\/ecosupplements.be\/wp-content\/uploads\/2025\/08\/Himalaya-Strawberry-Shine-Lip-Balm-4.5g-1.jpg","datePublished":"2022-06-28T09:12:35+00:00","dateModified":"2025-08-27T09:56:36+00:00","description":"Wij hebben een ruime keuze aan producten van Baume \u00e0 l\u00e8vres \u00e9clatant \u00e0 la fraise - 4,5g . Winkel bij Eco Supplements altijd gratis verzending boven 100\u20ac","breadcrumb":{"@id":"https:\/\/ecosupplements.be\/fr\/produit\/baume-a-levres-eclatant-a-la-fraise-45g\/#breadcrumb"},"inLanguage":"fr-FR","potentialAction":[{"@type":"ReadAction","target":["https:\/\/ecosupplements.be\/fr\/produit\/baume-a-levres-eclatant-a-la-fraise-45g\/"]}]},{"@type":"ImageObject","inLanguage":"fr-FR","@id":"https:\/\/ecosupplements.be\/fr\/produit\/baume-a-levres-eclatant-a-la-fraise-45g\/#primaryimage","url":"https:\/\/ecosupplements.be\/wp-content\/uploads\/2025\/08\/Himalaya-Strawberry-Shine-Lip-Balm-4.5g-1.jpg","contentUrl":"https:\/\/ecosupplements.be\/wp-content\/uploads\/2025\/08\/Himalaya-Strawberry-Shine-Lip-Balm-4.5g-1.jpg","width":750,"height":750},{"@type":"BreadcrumbList","@id":"https:\/\/ecosupplements.be\/fr\/produit\/baume-a-levres-eclatant-a-la-fraise-45g\/#breadcrumb","itemListElement":[{"@type":"ListItem","position":1,"name":"Home","item":"https:\/\/ecosupplements.be\/fr\/"},{"@type":"ListItem","position":2,"name":"Boutique","item":"https:\/\/ecosupplements.be\/fr\/boutique\/"},{"@type":"ListItem","position":3,"name":"Baume \u00e0 l\u00e8vres \u00e9clatant \u00e0 la fraise &#8211; 4,5g"}]},{"@type":"WebSite","@id":"https:\/\/ecosupplements.be\/fr\/#website","url":"https:\/\/ecosupplements.be\/fr\/","name":"ECO Supplements","description":"Eco Supplements - Gezonde supplementen","publisher":{"@id":"https:\/\/ecosupplements.be\/fr\/#organization"},"potentialAction":[{"@type":"SearchAction","target":{"@type":"EntryPoint","urlTemplate":"https:\/\/ecosupplements.be\/fr\/?s={search_term_string}"},"query-input":{"@type":"PropertyValueSpecification","valueRequired":true,"valueName":"search_term_string"}}],"inLanguage":"fr-FR"},{"@type":"Organization","@id":"https:\/\/ecosupplements.be\/fr\/#organization","name":"Eco Supplements","url":"https:\/\/ecosupplements.be\/fr\/","logo":{"@type":"ImageObject","inLanguage":"fr-FR","@id":"https:\/\/ecosupplements.be\/fr\/#\/schema\/logo\/image\/","url":"https:\/\/ecosupplements.be\/wp-content\/uploads\/2022\/06\/ecosupplement-family.png","contentUrl":"https:\/\/ecosupplements.be\/wp-content\/uploads\/2022\/06\/ecosupplement-family.png","width":593,"height":374,"caption":"Eco Supplements"},"image":{"@id":"https:\/\/ecosupplements.be\/fr\/#\/schema\/logo\/image\/"}}]},"product_brand":"Himalaya","product_price_amount":"3.58","product_price_currency":"EUR","og_availability":"instock","product_availability":"instock","product_retailer_item_id":"8901138827557","product_condition":"new"},"_links":{"self":[{"href":"https:\/\/ecosupplements.be\/fr\/wp-json\/wp\/v2\/product\/280968","targetHints":{"allow":["GET"]}}],"collection":[{"href":"https:\/\/ecosupplements.be\/fr\/wp-json\/wp\/v2\/product"}],"about":[{"href":"https:\/\/ecosupplements.be\/fr\/wp-json\/wp\/v2\/types\/product"}],"replies":[{"embeddable":true,"href":"https:\/\/ecosupplements.be\/fr\/wp-json\/wp\/v2\/comments?post=280968"}],"wp:featuredmedia":[{"embeddable":true,"href":"https:\/\/ecosupplements.be\/fr\/wp-json\/wp\/v2\/media\/245056"}],"wp:attachment":[{"href":"https:\/\/ecosupplements.be\/fr\/wp-json\/wp\/v2\/media?parent=280968"}],"wp:term":[{"taxonomy":"product_brand","embeddable":true,"href":"https:\/\/ecosupplements.be\/fr\/wp-json\/wp\/v2\/product_brand?post=280968"},{"taxonomy":"product_cat","embeddable":true,"href":"https:\/\/ecosupplements.be\/fr\/wp-json\/wp\/v2\/product_cat?post=280968"},{"taxonomy":"product_tag","embeddable":true,"href":"https:\/\/ecosupplements.be\/fr\/wp-json\/wp\/v2\/product_tag?post=280968"}],"curies":[{"name":"wp","href":"https:\/\/api.w.org\/{rel}","templated":true}]}}