{"id":281060,"date":"2022-06-28T10:13:44","date_gmt":"2022-06-28T09:13:44","guid":{"rendered":"https:\/\/ecosupplements.be\/product\/flacon-melangeur-daromatherapie-miaroma-30-ml\/"},"modified":"2025-08-27T11:01:57","modified_gmt":"2025-08-27T10:01:57","slug":"flacon-melangeur-daromatherapie-miaroma-30-ml","status":"publish","type":"product","link":"https:\/\/ecosupplements.be\/fr\/produit\/flacon-melangeur-daromatherapie-miaroma-30-ml\/","title":{"rendered":"Flacon m\u00e9langeur d&#8217;aromath\u00e9rapie Miaroma &#8211; 30 ml."},"content":{"rendered":"<h1 style=\"text-align: center;\">Holland &amp; Barrett &#8211; Bouteille de m\u00e9lange d&#8217;aromath\u00e9rapie Miaroma<\/h1>\n<p>Flacon ergonomique pour m\u00e9langer les huiles essentielles d&#8217;aromath\u00e9rapie<br \/>\nVous aide \u00e0 cr\u00e9er vos propres m\u00e9langes<br \/>\nBouteille facile \u00e0 verser<\/p>\n<p>Le flacon m\u00e9langeur pour l&#8217;aromath\u00e9rapie de Miaroma est id\u00e9al pour m\u00e9langer votre combinaison pr\u00e9f\u00e9r\u00e9e d&#8217;huiles essentielles et d&#8217;huiles de base Miaroma.<\/p>\n<p>Cr\u00e9ez votre propre huile de massage aromath\u00e9rapeutique en m\u00e9langeant jusqu&#8217;\u00e0 5 gouttes d&#8217;huiles essentielles Perfectly Pure \u00e0 10 ml (2 cuill\u00e8res \u00e0 caf\u00e9) d&#8217;huile de base.<\/p>\n","protected":false},"excerpt":{"rendered":"<p>Holland &amp; Barrett &#8211; Bouteille de m\u00e9lange d&#8217;aromath\u00e9rapie Miaroma Flacon ergonomique pour m\u00e9langer les huiles essentielles d&#8217;aromath\u00e9rapie Vous aide \u00e0 cr\u00e9er vos propres m\u00e9langes Bouteille facile \u00e0 verser Le flacon m\u00e9langeur pour l&#8217;aromath\u00e9rapie de Miaroma est id\u00e9al pour m\u00e9langer votre combinaison pr\u00e9f\u00e9r\u00e9e d&#8217;huiles essentielles et d&#8217;huiles de base Miaroma. Cr\u00e9ez votre propre huile de massage [&#8230;]\n","protected":false},"featured_media":245576,"comment_status":"open","ping_status":"open","template":"","meta":[],"product_brand":[4819],"product_cat":[5190,5131,5052,5191],"product_tag":[],"class_list":{"0":"post-281060","1":"product","2":"type-product","3":"status-publish","4":"has-post-thumbnail","6":"product_brand-holland-barrett-2","7":"product_cat-accessoires","8":"product_cat-aromatherapie","9":"product_cat-sante-et-bien-etre","10":"product_cat-shaker-et-bouteilles-deau","12":"first","13":"instock","14":"taxable","15":"shipping-taxable","16":"purchasable","17":"product-type-simple"},"yoast_head":"<!-- This site is optimized with the Yoast SEO Premium plugin v27.3 (Yoast SEO v27.3) - https:\/\/yoast.com\/product\/yoast-seo-premium-wordpress\/ -->\n<title>Flacon m\u00e9langeur d&#039;aromath\u00e9rapie Miaroma - 30 ml. - ECO Supplements<\/title>\n<meta name=\"description\" content=\"Wij hebben een ruime keuze aan producten van Flacon m\u00e9langeur d&#039;aromath\u00e9rapie Miaroma - 30 ml. . Winkel bij Eco Supplements altijd gratis verzending boven 100\u20ac\" \/>\n<meta name=\"robots\" content=\"index, follow, max-snippet:-1, max-image-preview:large, max-video-preview:-1\" \/>\n<link rel=\"canonical\" href=\"https:\/\/ecosupplements.be\/fr\/produit\/flacon-melangeur-daromatherapie-miaroma-30-ml\/\" \/>\n<meta property=\"og:locale\" content=\"fr_FR\" \/>\n<meta property=\"og:type\" content=\"article\" \/>\n<meta property=\"og:title\" content=\"Flacon m\u00e9langeur d&#039;aromath\u00e9rapie Miaroma - 30 ml.\" \/>\n<meta property=\"og:description\" content=\"Wij hebben een ruime keuze aan producten van Flacon m\u00e9langeur d&#039;aromath\u00e9rapie Miaroma - 30 ml. . Winkel bij Eco Supplements altijd gratis verzending boven 100\u20ac\" \/>\n<meta property=\"og:url\" content=\"https:\/\/ecosupplements.be\/fr\/produit\/flacon-melangeur-daromatherapie-miaroma-30-ml\/\" \/>\n<meta property=\"og:site_name\" content=\"ECO Supplements\" \/>\n<meta property=\"article:modified_time\" content=\"2025-08-27T10:01:57+00:00\" \/>\n<meta property=\"og:image\" content=\"https:\/\/ecosupplements.be\/wp-content\/uploads\/2025\/08\/Holland-Barrett-Miaroma-Aromatherapy-Mixing-Bottle-30-ml.jpg\" \/>\n\t<meta property=\"og:image:width\" content=\"750\" \/>\n\t<meta property=\"og:image:height\" content=\"750\" \/>\n\t<meta property=\"og:image:type\" content=\"image\/jpeg\" \/>\n<meta name=\"twitter:card\" content=\"summary_large_image\" \/>\n<meta name=\"twitter:label1\" content=\"Prix\" \/>\n\t<meta name=\"twitter:data1\" content=\"2.32&nbsp;&euro;\" \/>\n\t<meta name=\"twitter:label2\" content=\"Disponibilit\u00e9\" \/>\n\t<meta name=\"twitter:data2\" content=\"En stock\" \/>\n<script type=\"application\/ld+json\" class=\"yoast-schema-graph\">{\"@context\":\"https:\\\/\\\/schema.org\",\"@graph\":[{\"@type\":[\"WebPage\",\"ItemPage\"],\"@id\":\"https:\\\/\\\/ecosupplements.be\\\/fr\\\/produit\\\/flacon-melangeur-daromatherapie-miaroma-30-ml\\\/\",\"url\":\"https:\\\/\\\/ecosupplements.be\\\/fr\\\/produit\\\/flacon-melangeur-daromatherapie-miaroma-30-ml\\\/\",\"name\":\"Flacon m\u00e9langeur d'aromath\u00e9rapie Miaroma - 30 ml. - ECO Supplements\",\"isPartOf\":{\"@id\":\"https:\\\/\\\/ecosupplements.be\\\/fr\\\/#website\"},\"primaryImageOfPage\":{\"@id\":\"https:\\\/\\\/ecosupplements.be\\\/fr\\\/produit\\\/flacon-melangeur-daromatherapie-miaroma-30-ml\\\/#primaryimage\"},\"image\":{\"@id\":\"https:\\\/\\\/ecosupplements.be\\\/fr\\\/produit\\\/flacon-melangeur-daromatherapie-miaroma-30-ml\\\/#primaryimage\"},\"thumbnailUrl\":\"https:\\\/\\\/ecosupplements.be\\\/wp-content\\\/uploads\\\/2025\\\/08\\\/Holland-Barrett-Miaroma-Aromatherapy-Mixing-Bottle-30-ml-1.jpg\",\"datePublished\":\"2022-06-28T09:13:44+00:00\",\"dateModified\":\"2025-08-27T10:01:57+00:00\",\"description\":\"Wij hebben een ruime keuze aan producten van Flacon m\u00e9langeur d'aromath\u00e9rapie Miaroma - 30 ml. . Winkel bij Eco Supplements altijd gratis verzending boven 100\u20ac\",\"breadcrumb\":{\"@id\":\"https:\\\/\\\/ecosupplements.be\\\/fr\\\/produit\\\/flacon-melangeur-daromatherapie-miaroma-30-ml\\\/#breadcrumb\"},\"inLanguage\":\"fr-FR\",\"potentialAction\":[{\"@type\":\"ReadAction\",\"target\":[\"https:\\\/\\\/ecosupplements.be\\\/fr\\\/produit\\\/flacon-melangeur-daromatherapie-miaroma-30-ml\\\/\"]}]},{\"@type\":\"ImageObject\",\"inLanguage\":\"fr-FR\",\"@id\":\"https:\\\/\\\/ecosupplements.be\\\/fr\\\/produit\\\/flacon-melangeur-daromatherapie-miaroma-30-ml\\\/#primaryimage\",\"url\":\"https:\\\/\\\/ecosupplements.be\\\/wp-content\\\/uploads\\\/2025\\\/08\\\/Holland-Barrett-Miaroma-Aromatherapy-Mixing-Bottle-30-ml-1.jpg\",\"contentUrl\":\"https:\\\/\\\/ecosupplements.be\\\/wp-content\\\/uploads\\\/2025\\\/08\\\/Holland-Barrett-Miaroma-Aromatherapy-Mixing-Bottle-30-ml-1.jpg\",\"width\":750,\"height\":750},{\"@type\":\"BreadcrumbList\",\"@id\":\"https:\\\/\\\/ecosupplements.be\\\/fr\\\/produit\\\/flacon-melangeur-daromatherapie-miaroma-30-ml\\\/#breadcrumb\",\"itemListElement\":[{\"@type\":\"ListItem\",\"position\":1,\"name\":\"Home\",\"item\":\"https:\\\/\\\/ecosupplements.be\\\/fr\\\/\"},{\"@type\":\"ListItem\",\"position\":2,\"name\":\"Boutique\",\"item\":\"https:\\\/\\\/ecosupplements.be\\\/fr\\\/boutique\\\/\"},{\"@type\":\"ListItem\",\"position\":3,\"name\":\"Flacon m\u00e9langeur d&#8217;aromath\u00e9rapie Miaroma &#8211; 30 ml.\"}]},{\"@type\":\"WebSite\",\"@id\":\"https:\\\/\\\/ecosupplements.be\\\/fr\\\/#website\",\"url\":\"https:\\\/\\\/ecosupplements.be\\\/fr\\\/\",\"name\":\"ECO Supplements\",\"description\":\"Eco Supplements - Gezonde supplementen\",\"publisher\":{\"@id\":\"https:\\\/\\\/ecosupplements.be\\\/fr\\\/#organization\"},\"potentialAction\":[{\"@type\":\"SearchAction\",\"target\":{\"@type\":\"EntryPoint\",\"urlTemplate\":\"https:\\\/\\\/ecosupplements.be\\\/fr\\\/?s={search_term_string}\"},\"query-input\":{\"@type\":\"PropertyValueSpecification\",\"valueRequired\":true,\"valueName\":\"search_term_string\"}}],\"inLanguage\":\"fr-FR\"},{\"@type\":\"Organization\",\"@id\":\"https:\\\/\\\/ecosupplements.be\\\/fr\\\/#organization\",\"name\":\"Eco Supplements\",\"url\":\"https:\\\/\\\/ecosupplements.be\\\/fr\\\/\",\"logo\":{\"@type\":\"ImageObject\",\"inLanguage\":\"fr-FR\",\"@id\":\"https:\\\/\\\/ecosupplements.be\\\/fr\\\/#\\\/schema\\\/logo\\\/image\\\/\",\"url\":\"https:\\\/\\\/ecosupplements.be\\\/wp-content\\\/uploads\\\/2022\\\/06\\\/ecosupplement-family.png\",\"contentUrl\":\"https:\\\/\\\/ecosupplements.be\\\/wp-content\\\/uploads\\\/2022\\\/06\\\/ecosupplement-family.png\",\"width\":593,\"height\":374,\"caption\":\"Eco Supplements\"},\"image\":{\"@id\":\"https:\\\/\\\/ecosupplements.be\\\/fr\\\/#\\\/schema\\\/logo\\\/image\\\/\"}}]}<\/script>\n<meta property=\"product:brand\" content=\"Holland &amp; Barrett\" \/>\n<meta property=\"product:price:amount\" content=\"2.32\" \/>\n<meta property=\"product:price:currency\" content=\"EUR\" \/>\n<meta property=\"og:availability\" content=\"instock\" \/>\n<meta property=\"product:availability\" content=\"instock\" \/>\n<meta property=\"product:retailer_item_id\" content=\"5017174601051\" \/>\n<meta property=\"product:condition\" content=\"new\" \/>\n<!-- \/ Yoast SEO Premium plugin. -->","yoast_head_json":{"title":"Flacon m\u00e9langeur d'aromath\u00e9rapie Miaroma - 30 ml. - ECO Supplements","description":"Wij hebben een ruime keuze aan producten van Flacon m\u00e9langeur d'aromath\u00e9rapie Miaroma - 30 ml. . Winkel bij Eco Supplements altijd gratis verzending boven 100\u20ac","robots":{"index":"index","follow":"follow","max-snippet":"max-snippet:-1","max-image-preview":"max-image-preview:large","max-video-preview":"max-video-preview:-1"},"canonical":"https:\/\/ecosupplements.be\/fr\/produit\/flacon-melangeur-daromatherapie-miaroma-30-ml\/","og_locale":"fr_FR","og_type":"article","og_title":"Flacon m\u00e9langeur d'aromath\u00e9rapie Miaroma - 30 ml.","og_description":"Wij hebben een ruime keuze aan producten van Flacon m\u00e9langeur d'aromath\u00e9rapie Miaroma - 30 ml. . Winkel bij Eco Supplements altijd gratis verzending boven 100\u20ac","og_url":"https:\/\/ecosupplements.be\/fr\/produit\/flacon-melangeur-daromatherapie-miaroma-30-ml\/","og_site_name":"ECO Supplements","article_modified_time":"2025-08-27T10:01:57+00:00","og_image":[{"width":750,"height":750,"url":"https:\/\/ecosupplements.be\/wp-content\/uploads\/2025\/08\/Holland-Barrett-Miaroma-Aromatherapy-Mixing-Bottle-30-ml.jpg","type":"image\/jpeg"}],"twitter_card":"summary_large_image","twitter_misc":{"Prix":"2.32&nbsp;&euro;","Disponibilit\u00e9":"En stock"},"schema":{"@context":"https:\/\/schema.org","@graph":[{"@type":["WebPage","ItemPage"],"@id":"https:\/\/ecosupplements.be\/fr\/produit\/flacon-melangeur-daromatherapie-miaroma-30-ml\/","url":"https:\/\/ecosupplements.be\/fr\/produit\/flacon-melangeur-daromatherapie-miaroma-30-ml\/","name":"Flacon m\u00e9langeur d'aromath\u00e9rapie Miaroma - 30 ml. - ECO Supplements","isPartOf":{"@id":"https:\/\/ecosupplements.be\/fr\/#website"},"primaryImageOfPage":{"@id":"https:\/\/ecosupplements.be\/fr\/produit\/flacon-melangeur-daromatherapie-miaroma-30-ml\/#primaryimage"},"image":{"@id":"https:\/\/ecosupplements.be\/fr\/produit\/flacon-melangeur-daromatherapie-miaroma-30-ml\/#primaryimage"},"thumbnailUrl":"https:\/\/ecosupplements.be\/wp-content\/uploads\/2025\/08\/Holland-Barrett-Miaroma-Aromatherapy-Mixing-Bottle-30-ml-1.jpg","datePublished":"2022-06-28T09:13:44+00:00","dateModified":"2025-08-27T10:01:57+00:00","description":"Wij hebben een ruime keuze aan producten van Flacon m\u00e9langeur d'aromath\u00e9rapie Miaroma - 30 ml. . Winkel bij Eco Supplements altijd gratis verzending boven 100\u20ac","breadcrumb":{"@id":"https:\/\/ecosupplements.be\/fr\/produit\/flacon-melangeur-daromatherapie-miaroma-30-ml\/#breadcrumb"},"inLanguage":"fr-FR","potentialAction":[{"@type":"ReadAction","target":["https:\/\/ecosupplements.be\/fr\/produit\/flacon-melangeur-daromatherapie-miaroma-30-ml\/"]}]},{"@type":"ImageObject","inLanguage":"fr-FR","@id":"https:\/\/ecosupplements.be\/fr\/produit\/flacon-melangeur-daromatherapie-miaroma-30-ml\/#primaryimage","url":"https:\/\/ecosupplements.be\/wp-content\/uploads\/2025\/08\/Holland-Barrett-Miaroma-Aromatherapy-Mixing-Bottle-30-ml-1.jpg","contentUrl":"https:\/\/ecosupplements.be\/wp-content\/uploads\/2025\/08\/Holland-Barrett-Miaroma-Aromatherapy-Mixing-Bottle-30-ml-1.jpg","width":750,"height":750},{"@type":"BreadcrumbList","@id":"https:\/\/ecosupplements.be\/fr\/produit\/flacon-melangeur-daromatherapie-miaroma-30-ml\/#breadcrumb","itemListElement":[{"@type":"ListItem","position":1,"name":"Home","item":"https:\/\/ecosupplements.be\/fr\/"},{"@type":"ListItem","position":2,"name":"Boutique","item":"https:\/\/ecosupplements.be\/fr\/boutique\/"},{"@type":"ListItem","position":3,"name":"Flacon m\u00e9langeur d&#8217;aromath\u00e9rapie Miaroma &#8211; 30 ml."}]},{"@type":"WebSite","@id":"https:\/\/ecosupplements.be\/fr\/#website","url":"https:\/\/ecosupplements.be\/fr\/","name":"ECO Supplements","description":"Eco Supplements - Gezonde supplementen","publisher":{"@id":"https:\/\/ecosupplements.be\/fr\/#organization"},"potentialAction":[{"@type":"SearchAction","target":{"@type":"EntryPoint","urlTemplate":"https:\/\/ecosupplements.be\/fr\/?s={search_term_string}"},"query-input":{"@type":"PropertyValueSpecification","valueRequired":true,"valueName":"search_term_string"}}],"inLanguage":"fr-FR"},{"@type":"Organization","@id":"https:\/\/ecosupplements.be\/fr\/#organization","name":"Eco Supplements","url":"https:\/\/ecosupplements.be\/fr\/","logo":{"@type":"ImageObject","inLanguage":"fr-FR","@id":"https:\/\/ecosupplements.be\/fr\/#\/schema\/logo\/image\/","url":"https:\/\/ecosupplements.be\/wp-content\/uploads\/2022\/06\/ecosupplement-family.png","contentUrl":"https:\/\/ecosupplements.be\/wp-content\/uploads\/2022\/06\/ecosupplement-family.png","width":593,"height":374,"caption":"Eco Supplements"},"image":{"@id":"https:\/\/ecosupplements.be\/fr\/#\/schema\/logo\/image\/"}}]},"product_brand":"Holland &amp; Barrett","product_price_amount":"2.32","product_price_currency":"EUR","og_availability":"instock","product_availability":"instock","product_retailer_item_id":"5017174601051","product_condition":"new"},"_links":{"self":[{"href":"https:\/\/ecosupplements.be\/fr\/wp-json\/wp\/v2\/product\/281060","targetHints":{"allow":["GET"]}}],"collection":[{"href":"https:\/\/ecosupplements.be\/fr\/wp-json\/wp\/v2\/product"}],"about":[{"href":"https:\/\/ecosupplements.be\/fr\/wp-json\/wp\/v2\/types\/product"}],"replies":[{"embeddable":true,"href":"https:\/\/ecosupplements.be\/fr\/wp-json\/wp\/v2\/comments?post=281060"}],"wp:featuredmedia":[{"embeddable":true,"href":"https:\/\/ecosupplements.be\/fr\/wp-json\/wp\/v2\/media\/245576"}],"wp:attachment":[{"href":"https:\/\/ecosupplements.be\/fr\/wp-json\/wp\/v2\/media?parent=281060"}],"wp:term":[{"taxonomy":"product_brand","embeddable":true,"href":"https:\/\/ecosupplements.be\/fr\/wp-json\/wp\/v2\/product_brand?post=281060"},{"taxonomy":"product_cat","embeddable":true,"href":"https:\/\/ecosupplements.be\/fr\/wp-json\/wp\/v2\/product_cat?post=281060"},{"taxonomy":"product_tag","embeddable":true,"href":"https:\/\/ecosupplements.be\/fr\/wp-json\/wp\/v2\/product_tag?post=281060"}],"curies":[{"name":"wp","href":"https:\/\/api.w.org\/{rel}","templated":true}]}}