{"id":281175,"date":"2022-06-28T10:15:12","date_gmt":"2022-06-28T09:15:12","guid":{"rendered":"https:\/\/ecosupplements.be\/product\/glucosamine-chondroitine-msm-120-gelules\/"},"modified":"2025-08-27T11:07:43","modified_gmt":"2025-08-27T10:07:43","slug":"glucosamine-chondroitine-msm-120-gelules","status":"publish","type":"product","link":"https:\/\/ecosupplements.be\/fr\/produit\/glucosamine-chondroitine-msm-120-gelules\/","title":{"rendered":"Glucosamine + Chondro\u00eftine + MSM &#8211; 120 g\u00e9lules"},"content":{"rendered":"<h1 style=\"text-align: center;\">Jarrow Formulas &#8211; Glucosamine + Chondro\u00eftine + MSM<\/h1>\n<p>Pr\u00e9curseurs des articulations et du cartilage.<br \/>\nPreuve de haut niveau pour la glucosamine.<br \/>\n1500 mg de sulfate de glucosamine.<br \/>\nDes quantit\u00e9s cliniquement pertinentes des deux.<br \/>\nGlucosamine (1,5 g) et Chondro\u00eftine (1,2 g).<br \/>\nGlucosamine + Chondro\u00eftine + MSM fournit des quantit\u00e9s efficaces de sulfate de glucosamine, de sulfate de chondro\u00eftine et de MSM associ\u00e9es \u00e0 de la vitamine C et du mangan\u00e8se pour optimiser la sant\u00e9 des articulations.&nbsp;<\/p>\n<p>La glucosamine et la chondro\u00eftine sulfate sont des composants fondamentaux du tissu articulaire impliqu\u00e9s dans la production d&#8217;acide hyaluronique, qui est un composant important du liquide synovial qui lubrifie les articulations et un composant majeur du tissu conjonctif de la peau.<br \/>\nLe m\u00e9thylsulfonylm\u00e9thane (MSM) est une source organique de soufre, un min\u00e9ral antioxydant et un composant essentiel des tissus structurels du corps, comme le cartilage. Le soufre du MSM est incorpor\u00e9 aux tissus articulaires sous forme de glycosaminoglycanes (ou mucopolysaccharides) tels que le sulfate de chondro\u00eftine et l&#8217;acide hyaluronique.<br \/>\nLa vitamine C et le mangan\u00e8se sont n\u00e9cessaires \u00e0 la synth\u00e8se du collag\u00e8ne et du cartilage.<\/p>\n<p>Jarrow Formulas Glucosamine + Chondro\u00eftine + MSM est une nutrition de soutien des articulations, fournissant une forme de sulfate de glucosamine SANS SODIUM stabilis\u00e9e avec seulement du chlorure de potassium (KCl).<\/p>\n","protected":false},"excerpt":{"rendered":"<p>Jarrow Formulas &#8211; Glucosamine + Chondro\u00eftine + MSM Pr\u00e9curseurs des articulations et du cartilage. Preuve de haut niveau pour la glucosamine. 1500 mg de sulfate de glucosamine. Des quantit\u00e9s cliniquement pertinentes des deux. Glucosamine (1,5 g) et Chondro\u00eftine (1,2 g). Glucosamine + Chondro\u00eftine + MSM fournit des quantit\u00e9s efficaces de sulfate de glucosamine, de sulfate [&#8230;]\n","protected":false},"featured_media":246190,"comment_status":"open","ping_status":"open","template":"","meta":[],"product_brand":[4717],"product_cat":[5052,5083,5084,5085,5053],"product_tag":[5069],"class_list":{"0":"post-281175","1":"product","2":"type-product","3":"status-publish","4":"has-post-thumbnail","6":"product_brand-jarrow-formulas-2","7":"product_cat-sante-et-bien-etre","8":"product_cat-soutien-aux-articulations","9":"product_cat-soutien-conjoint","10":"product_cat-soutien-pour-les-articulations","11":"product_cat-vitamines-et-mineraux","12":"product_tag-topeco-2","14":"first","15":"instock","16":"taxable","17":"shipping-taxable","18":"purchasable","19":"product-type-simple"},"yoast_head":"<!-- This site is optimized with the Yoast SEO Premium plugin v27.3 (Yoast SEO v27.3) - https:\/\/yoast.com\/product\/yoast-seo-premium-wordpress\/ -->\n<title>Glucosamine + Chondro\u00eftine + MSM - 120 g\u00e9lules - ECO Supplements<\/title>\n<meta name=\"description\" content=\"Wij hebben een ruime keuze aan producten van Glucosamine + Chondro\u00eftine + MSM - 120 g\u00e9lules . Winkel bij Eco Supplements altijd gratis verzending boven 100\u20ac\" \/>\n<meta name=\"robots\" content=\"index, follow, max-snippet:-1, max-image-preview:large, max-video-preview:-1\" \/>\n<link rel=\"canonical\" href=\"https:\/\/ecosupplements.be\/fr\/produit\/glucosamine-chondroitine-msm-120-gelules\/\" \/>\n<meta property=\"og:locale\" content=\"fr_FR\" \/>\n<meta property=\"og:type\" content=\"article\" \/>\n<meta property=\"og:title\" content=\"Glucosamine + Chondro\u00eftine + MSM - 120 g\u00e9lules\" \/>\n<meta property=\"og:description\" content=\"Wij hebben een ruime keuze aan producten van Glucosamine + Chondro\u00eftine + MSM - 120 g\u00e9lules . Winkel bij Eco Supplements altijd gratis verzending boven 100\u20ac\" \/>\n<meta property=\"og:url\" content=\"https:\/\/ecosupplements.be\/fr\/produit\/glucosamine-chondroitine-msm-120-gelules\/\" \/>\n<meta property=\"og:site_name\" content=\"ECO Supplements\" \/>\n<meta property=\"article:modified_time\" content=\"2025-08-27T10:07:43+00:00\" \/>\n<meta property=\"og:image\" content=\"https:\/\/ecosupplements.be\/wp-content\/uploads\/2025\/08\/Jarrow-Formulas-Glucosamine-Chondroitin-MSM-120-caps.jpg\" \/>\n\t<meta property=\"og:image:width\" content=\"750\" \/>\n\t<meta property=\"og:image:height\" content=\"750\" \/>\n\t<meta property=\"og:image:type\" content=\"image\/jpeg\" \/>\n<meta name=\"twitter:card\" content=\"summary_large_image\" \/>\n<meta name=\"twitter:label1\" content=\"Prix\" \/>\n\t<meta name=\"twitter:data1\" content=\"33.89&nbsp;&euro;\" \/>\n\t<meta name=\"twitter:label2\" content=\"Disponibilit\u00e9\" \/>\n\t<meta name=\"twitter:data2\" content=\"En stock\" \/>\n<script type=\"application\/ld+json\" class=\"yoast-schema-graph\">{\"@context\":\"https:\\\/\\\/schema.org\",\"@graph\":[{\"@type\":[\"WebPage\",\"ItemPage\"],\"@id\":\"https:\\\/\\\/ecosupplements.be\\\/fr\\\/produit\\\/glucosamine-chondroitine-msm-120-gelules\\\/\",\"url\":\"https:\\\/\\\/ecosupplements.be\\\/fr\\\/produit\\\/glucosamine-chondroitine-msm-120-gelules\\\/\",\"name\":\"Glucosamine + Chondro\u00eftine + MSM - 120 g\u00e9lules - ECO Supplements\",\"isPartOf\":{\"@id\":\"https:\\\/\\\/ecosupplements.be\\\/fr\\\/#website\"},\"primaryImageOfPage\":{\"@id\":\"https:\\\/\\\/ecosupplements.be\\\/fr\\\/produit\\\/glucosamine-chondroitine-msm-120-gelules\\\/#primaryimage\"},\"image\":{\"@id\":\"https:\\\/\\\/ecosupplements.be\\\/fr\\\/produit\\\/glucosamine-chondroitine-msm-120-gelules\\\/#primaryimage\"},\"thumbnailUrl\":\"https:\\\/\\\/ecosupplements.be\\\/wp-content\\\/uploads\\\/2025\\\/08\\\/Jarrow-Formulas-Glucosamine-Chondroitin-MSM-120-caps-1.jpg\",\"datePublished\":\"2022-06-28T09:15:12+00:00\",\"dateModified\":\"2025-08-27T10:07:43+00:00\",\"description\":\"Wij hebben een ruime keuze aan producten van Glucosamine + Chondro\u00eftine + MSM - 120 g\u00e9lules . Winkel bij Eco Supplements altijd gratis verzending boven 100\u20ac\",\"breadcrumb\":{\"@id\":\"https:\\\/\\\/ecosupplements.be\\\/fr\\\/produit\\\/glucosamine-chondroitine-msm-120-gelules\\\/#breadcrumb\"},\"inLanguage\":\"fr-FR\",\"potentialAction\":[{\"@type\":\"ReadAction\",\"target\":[\"https:\\\/\\\/ecosupplements.be\\\/fr\\\/produit\\\/glucosamine-chondroitine-msm-120-gelules\\\/\"]}]},{\"@type\":\"ImageObject\",\"inLanguage\":\"fr-FR\",\"@id\":\"https:\\\/\\\/ecosupplements.be\\\/fr\\\/produit\\\/glucosamine-chondroitine-msm-120-gelules\\\/#primaryimage\",\"url\":\"https:\\\/\\\/ecosupplements.be\\\/wp-content\\\/uploads\\\/2025\\\/08\\\/Jarrow-Formulas-Glucosamine-Chondroitin-MSM-120-caps-1.jpg\",\"contentUrl\":\"https:\\\/\\\/ecosupplements.be\\\/wp-content\\\/uploads\\\/2025\\\/08\\\/Jarrow-Formulas-Glucosamine-Chondroitin-MSM-120-caps-1.jpg\",\"width\":750,\"height\":750},{\"@type\":\"BreadcrumbList\",\"@id\":\"https:\\\/\\\/ecosupplements.be\\\/fr\\\/produit\\\/glucosamine-chondroitine-msm-120-gelules\\\/#breadcrumb\",\"itemListElement\":[{\"@type\":\"ListItem\",\"position\":1,\"name\":\"Home\",\"item\":\"https:\\\/\\\/ecosupplements.be\\\/fr\\\/\"},{\"@type\":\"ListItem\",\"position\":2,\"name\":\"Boutique\",\"item\":\"https:\\\/\\\/ecosupplements.be\\\/fr\\\/boutique\\\/\"},{\"@type\":\"ListItem\",\"position\":3,\"name\":\"Glucosamine + Chondro\u00eftine + MSM &#8211; 120 g\u00e9lules\"}]},{\"@type\":\"WebSite\",\"@id\":\"https:\\\/\\\/ecosupplements.be\\\/fr\\\/#website\",\"url\":\"https:\\\/\\\/ecosupplements.be\\\/fr\\\/\",\"name\":\"ECO Supplements\",\"description\":\"Eco Supplements - Gezonde supplementen\",\"publisher\":{\"@id\":\"https:\\\/\\\/ecosupplements.be\\\/fr\\\/#organization\"},\"potentialAction\":[{\"@type\":\"SearchAction\",\"target\":{\"@type\":\"EntryPoint\",\"urlTemplate\":\"https:\\\/\\\/ecosupplements.be\\\/fr\\\/?s={search_term_string}\"},\"query-input\":{\"@type\":\"PropertyValueSpecification\",\"valueRequired\":true,\"valueName\":\"search_term_string\"}}],\"inLanguage\":\"fr-FR\"},{\"@type\":\"Organization\",\"@id\":\"https:\\\/\\\/ecosupplements.be\\\/fr\\\/#organization\",\"name\":\"Eco Supplements\",\"url\":\"https:\\\/\\\/ecosupplements.be\\\/fr\\\/\",\"logo\":{\"@type\":\"ImageObject\",\"inLanguage\":\"fr-FR\",\"@id\":\"https:\\\/\\\/ecosupplements.be\\\/fr\\\/#\\\/schema\\\/logo\\\/image\\\/\",\"url\":\"https:\\\/\\\/ecosupplements.be\\\/wp-content\\\/uploads\\\/2022\\\/06\\\/ecosupplement-family.png\",\"contentUrl\":\"https:\\\/\\\/ecosupplements.be\\\/wp-content\\\/uploads\\\/2022\\\/06\\\/ecosupplement-family.png\",\"width\":593,\"height\":374,\"caption\":\"Eco Supplements\"},\"image\":{\"@id\":\"https:\\\/\\\/ecosupplements.be\\\/fr\\\/#\\\/schema\\\/logo\\\/image\\\/\"}}]}<\/script>\n<meta property=\"product:brand\" content=\"Jarrow Formulas\" \/>\n<meta property=\"product:price:amount\" content=\"33.89\" \/>\n<meta property=\"product:price:currency\" content=\"EUR\" \/>\n<meta property=\"og:availability\" content=\"instock\" \/>\n<meta property=\"product:availability\" content=\"instock\" \/>\n<meta property=\"product:retailer_item_id\" content=\"790011190233\" \/>\n<meta property=\"product:condition\" content=\"new\" \/>\n<!-- \/ Yoast SEO Premium plugin. -->","yoast_head_json":{"title":"Glucosamine + Chondro\u00eftine + MSM - 120 g\u00e9lules - ECO Supplements","description":"Wij hebben een ruime keuze aan producten van Glucosamine + Chondro\u00eftine + MSM - 120 g\u00e9lules . Winkel bij Eco Supplements altijd gratis verzending boven 100\u20ac","robots":{"index":"index","follow":"follow","max-snippet":"max-snippet:-1","max-image-preview":"max-image-preview:large","max-video-preview":"max-video-preview:-1"},"canonical":"https:\/\/ecosupplements.be\/fr\/produit\/glucosamine-chondroitine-msm-120-gelules\/","og_locale":"fr_FR","og_type":"article","og_title":"Glucosamine + Chondro\u00eftine + MSM - 120 g\u00e9lules","og_description":"Wij hebben een ruime keuze aan producten van Glucosamine + Chondro\u00eftine + MSM - 120 g\u00e9lules . Winkel bij Eco Supplements altijd gratis verzending boven 100\u20ac","og_url":"https:\/\/ecosupplements.be\/fr\/produit\/glucosamine-chondroitine-msm-120-gelules\/","og_site_name":"ECO Supplements","article_modified_time":"2025-08-27T10:07:43+00:00","og_image":[{"width":750,"height":750,"url":"https:\/\/ecosupplements.be\/wp-content\/uploads\/2025\/08\/Jarrow-Formulas-Glucosamine-Chondroitin-MSM-120-caps.jpg","type":"image\/jpeg"}],"twitter_card":"summary_large_image","twitter_misc":{"Prix":"33.89&nbsp;&euro;","Disponibilit\u00e9":"En stock"},"schema":{"@context":"https:\/\/schema.org","@graph":[{"@type":["WebPage","ItemPage"],"@id":"https:\/\/ecosupplements.be\/fr\/produit\/glucosamine-chondroitine-msm-120-gelules\/","url":"https:\/\/ecosupplements.be\/fr\/produit\/glucosamine-chondroitine-msm-120-gelules\/","name":"Glucosamine + Chondro\u00eftine + MSM - 120 g\u00e9lules - ECO Supplements","isPartOf":{"@id":"https:\/\/ecosupplements.be\/fr\/#website"},"primaryImageOfPage":{"@id":"https:\/\/ecosupplements.be\/fr\/produit\/glucosamine-chondroitine-msm-120-gelules\/#primaryimage"},"image":{"@id":"https:\/\/ecosupplements.be\/fr\/produit\/glucosamine-chondroitine-msm-120-gelules\/#primaryimage"},"thumbnailUrl":"https:\/\/ecosupplements.be\/wp-content\/uploads\/2025\/08\/Jarrow-Formulas-Glucosamine-Chondroitin-MSM-120-caps-1.jpg","datePublished":"2022-06-28T09:15:12+00:00","dateModified":"2025-08-27T10:07:43+00:00","description":"Wij hebben een ruime keuze aan producten van Glucosamine + Chondro\u00eftine + MSM - 120 g\u00e9lules . Winkel bij Eco Supplements altijd gratis verzending boven 100\u20ac","breadcrumb":{"@id":"https:\/\/ecosupplements.be\/fr\/produit\/glucosamine-chondroitine-msm-120-gelules\/#breadcrumb"},"inLanguage":"fr-FR","potentialAction":[{"@type":"ReadAction","target":["https:\/\/ecosupplements.be\/fr\/produit\/glucosamine-chondroitine-msm-120-gelules\/"]}]},{"@type":"ImageObject","inLanguage":"fr-FR","@id":"https:\/\/ecosupplements.be\/fr\/produit\/glucosamine-chondroitine-msm-120-gelules\/#primaryimage","url":"https:\/\/ecosupplements.be\/wp-content\/uploads\/2025\/08\/Jarrow-Formulas-Glucosamine-Chondroitin-MSM-120-caps-1.jpg","contentUrl":"https:\/\/ecosupplements.be\/wp-content\/uploads\/2025\/08\/Jarrow-Formulas-Glucosamine-Chondroitin-MSM-120-caps-1.jpg","width":750,"height":750},{"@type":"BreadcrumbList","@id":"https:\/\/ecosupplements.be\/fr\/produit\/glucosamine-chondroitine-msm-120-gelules\/#breadcrumb","itemListElement":[{"@type":"ListItem","position":1,"name":"Home","item":"https:\/\/ecosupplements.be\/fr\/"},{"@type":"ListItem","position":2,"name":"Boutique","item":"https:\/\/ecosupplements.be\/fr\/boutique\/"},{"@type":"ListItem","position":3,"name":"Glucosamine + Chondro\u00eftine + MSM &#8211; 120 g\u00e9lules"}]},{"@type":"WebSite","@id":"https:\/\/ecosupplements.be\/fr\/#website","url":"https:\/\/ecosupplements.be\/fr\/","name":"ECO Supplements","description":"Eco Supplements - Gezonde supplementen","publisher":{"@id":"https:\/\/ecosupplements.be\/fr\/#organization"},"potentialAction":[{"@type":"SearchAction","target":{"@type":"EntryPoint","urlTemplate":"https:\/\/ecosupplements.be\/fr\/?s={search_term_string}"},"query-input":{"@type":"PropertyValueSpecification","valueRequired":true,"valueName":"search_term_string"}}],"inLanguage":"fr-FR"},{"@type":"Organization","@id":"https:\/\/ecosupplements.be\/fr\/#organization","name":"Eco Supplements","url":"https:\/\/ecosupplements.be\/fr\/","logo":{"@type":"ImageObject","inLanguage":"fr-FR","@id":"https:\/\/ecosupplements.be\/fr\/#\/schema\/logo\/image\/","url":"https:\/\/ecosupplements.be\/wp-content\/uploads\/2022\/06\/ecosupplement-family.png","contentUrl":"https:\/\/ecosupplements.be\/wp-content\/uploads\/2022\/06\/ecosupplement-family.png","width":593,"height":374,"caption":"Eco Supplements"},"image":{"@id":"https:\/\/ecosupplements.be\/fr\/#\/schema\/logo\/image\/"}}]},"product_brand":"Jarrow Formulas","product_price_amount":"33.89","product_price_currency":"EUR","og_availability":"instock","product_availability":"instock","product_retailer_item_id":"790011190233","product_condition":"new"},"_links":{"self":[{"href":"https:\/\/ecosupplements.be\/fr\/wp-json\/wp\/v2\/product\/281175","targetHints":{"allow":["GET"]}}],"collection":[{"href":"https:\/\/ecosupplements.be\/fr\/wp-json\/wp\/v2\/product"}],"about":[{"href":"https:\/\/ecosupplements.be\/fr\/wp-json\/wp\/v2\/types\/product"}],"replies":[{"embeddable":true,"href":"https:\/\/ecosupplements.be\/fr\/wp-json\/wp\/v2\/comments?post=281175"}],"wp:featuredmedia":[{"embeddable":true,"href":"https:\/\/ecosupplements.be\/fr\/wp-json\/wp\/v2\/media\/246190"}],"wp:attachment":[{"href":"https:\/\/ecosupplements.be\/fr\/wp-json\/wp\/v2\/media?parent=281175"}],"wp:term":[{"taxonomy":"product_brand","embeddable":true,"href":"https:\/\/ecosupplements.be\/fr\/wp-json\/wp\/v2\/product_brand?post=281175"},{"taxonomy":"product_cat","embeddable":true,"href":"https:\/\/ecosupplements.be\/fr\/wp-json\/wp\/v2\/product_cat?post=281175"},{"taxonomy":"product_tag","embeddable":true,"href":"https:\/\/ecosupplements.be\/fr\/wp-json\/wp\/v2\/product_tag?post=281175"}],"curies":[{"name":"wp","href":"https:\/\/api.w.org\/{rel}","templated":true}]}}