{"id":281277,"date":"2022-06-28T10:16:16","date_gmt":"2022-06-28T09:16:16","guid":{"rendered":"https:\/\/ecosupplements.be\/product\/charbon-actif-poudre-70g\/"},"modified":"2025-08-27T11:12:26","modified_gmt":"2025-08-27T10:12:26","slug":"charbon-actif-poudre-70g","status":"publish","type":"product","link":"https:\/\/ecosupplements.be\/fr\/produit\/charbon-actif-poudre-70g\/","title":{"rendered":"Charbon actif, poudre &#8211; 70g"},"content":{"rendered":"<h1 style=\"text-align: center;\">KIKI Health &#8211; Charbon actif<\/h1>\n<p>Le charbon actif de KIKI est produit \u00e0 partir de noix de coco durables et a \u00e9t\u00e9 hautement purifi\u00e9 \u00e0 la vapeur afin d&#8217;\u00e9liminer tout contaminant pour \u00eatre utilis\u00e9 comme ingr\u00e9dient actif pharmaceutique. Il s&#8217;agit d&#8217;une poudre finement r\u00e9duite (5-10 microns), qui pr\u00e9sente une \u00e9norme surface d&#8217;absorption des substances ind\u00e9sirables. Lorsqu&#8217;il est pris par voie orale ou utilis\u00e9 sur les dents ou la peau, il fonctionne comme une \u00e9ponge pour absorber les contaminants. Le charbon actif contribue \u00e0 r\u00e9duire les flatulences excessives apr\u00e8s les repas. L&#8217;effet b\u00e9n\u00e9fique est obtenu avec 1 g qui doit \u00eatre pris au moins 30 minutes avant le repas et 1 g peu apr\u00e8s.<\/p>\n<p><img decoding=\"async\" src=\"https:\/\/ecosupplements.be\/wp-content\/uploads\/2025\/08\/gluten-free-1.png\" title=\"Sans gluten\" alt=\"Gluten free\"><img decoding=\"async\" src=\"https:\/\/ecosupplements.be\/wp-content\/uploads\/2025\/08\/vegan-1.png\" title=\"Vegan\" alt=\"Vegan\"><img decoding=\"async\" src=\"https:\/\/ecosupplements.be\/wp-content\/uploads\/2025\/08\/vegetarian-1.png\" title=\"V\u00e9g\u00e9tarien\" alt=\"Vegetarian\"><\/p>\n","protected":false},"excerpt":{"rendered":"<p>KIKI Health &#8211; Charbon actif Le charbon actif de KIKI est produit \u00e0 partir de noix de coco durables et a \u00e9t\u00e9 hautement purifi\u00e9 \u00e0 la vapeur afin d&#8217;\u00e9liminer tout contaminant pour \u00eatre utilis\u00e9 comme ingr\u00e9dient actif pharmaceutique. Il s&#8217;agit d&#8217;une poudre finement r\u00e9duite (5-10 microns), qui pr\u00e9sente une \u00e9norme surface d&#8217;absorption des substances ind\u00e9sirables. [&#8230;]\n","protected":false},"featured_media":246714,"comment_status":"open","ping_status":"open","template":"","meta":[],"product_brand":[4722],"product_cat":[5054,5055,5052,5053],"product_tag":[],"class_list":{"0":"post-281277","1":"product","2":"type-product","3":"status-publish","4":"has-post-thumbnail","6":"product_brand-kiki-health-2","7":"product_cat-nourriture-saine","8":"product_cat-produits-vegetaliens","9":"product_cat-sante-et-bien-etre","10":"product_cat-vitamines-et-mineraux","12":"first","13":"instock","14":"taxable","15":"shipping-taxable","16":"purchasable","17":"product-type-simple"},"yoast_head":"<!-- This site is optimized with the Yoast SEO Premium plugin v27.3 (Yoast SEO v27.3) - https:\/\/yoast.com\/product\/yoast-seo-premium-wordpress\/ -->\n<title>Charbon actif, poudre - 70g - ECO Supplements<\/title>\n<meta name=\"description\" content=\"Wij hebben een ruime keuze aan producten van Charbon actif, poudre - 70g . Winkel bij Eco Supplements altijd gratis verzending boven 100\u20ac\" \/>\n<meta name=\"robots\" content=\"index, follow, max-snippet:-1, max-image-preview:large, max-video-preview:-1\" \/>\n<link rel=\"canonical\" href=\"https:\/\/ecosupplements.be\/fr\/produit\/charbon-actif-poudre-70g\/\" \/>\n<meta property=\"og:locale\" content=\"fr_FR\" \/>\n<meta property=\"og:type\" content=\"article\" \/>\n<meta property=\"og:title\" content=\"Charbon actif, poudre - 70g\" \/>\n<meta property=\"og:description\" content=\"Wij hebben een ruime keuze aan producten van Charbon actif, poudre - 70g . Winkel bij Eco Supplements altijd gratis verzending boven 100\u20ac\" \/>\n<meta property=\"og:url\" content=\"https:\/\/ecosupplements.be\/fr\/produit\/charbon-actif-poudre-70g\/\" \/>\n<meta property=\"og:site_name\" content=\"ECO Supplements\" \/>\n<meta property=\"article:modified_time\" content=\"2025-08-27T10:12:26+00:00\" \/>\n<meta property=\"og:image\" content=\"https:\/\/ecosupplements.be\/wp-content\/uploads\/2025\/08\/KIKI-Health-Activated-Charcoal-Powder-70g-1.jpg\" \/>\n\t<meta property=\"og:image:width\" content=\"750\" \/>\n\t<meta property=\"og:image:height\" content=\"750\" \/>\n\t<meta property=\"og:image:type\" content=\"image\/jpeg\" \/>\n<meta name=\"twitter:card\" content=\"summary_large_image\" \/>\n<meta name=\"twitter:label1\" content=\"Prix\" \/>\n\t<meta name=\"twitter:data1\" content=\"10.52&nbsp;&euro;\" \/>\n\t<meta name=\"twitter:label2\" content=\"Disponibilit\u00e9\" \/>\n\t<meta name=\"twitter:data2\" content=\"En stock\" \/>\n<script type=\"application\/ld+json\" class=\"yoast-schema-graph\">{\"@context\":\"https:\\\/\\\/schema.org\",\"@graph\":[{\"@type\":[\"WebPage\",\"ItemPage\"],\"@id\":\"https:\\\/\\\/ecosupplements.be\\\/fr\\\/produit\\\/charbon-actif-poudre-70g\\\/\",\"url\":\"https:\\\/\\\/ecosupplements.be\\\/fr\\\/produit\\\/charbon-actif-poudre-70g\\\/\",\"name\":\"Charbon actif, poudre - 70g - ECO Supplements\",\"isPartOf\":{\"@id\":\"https:\\\/\\\/ecosupplements.be\\\/fr\\\/#website\"},\"primaryImageOfPage\":{\"@id\":\"https:\\\/\\\/ecosupplements.be\\\/fr\\\/produit\\\/charbon-actif-poudre-70g\\\/#primaryimage\"},\"image\":{\"@id\":\"https:\\\/\\\/ecosupplements.be\\\/fr\\\/produit\\\/charbon-actif-poudre-70g\\\/#primaryimage\"},\"thumbnailUrl\":\"https:\\\/\\\/ecosupplements.be\\\/wp-content\\\/uploads\\\/2025\\\/08\\\/KIKI-Health-Activated-Charcoal-Powder-70g-1.jpg\",\"datePublished\":\"2022-06-28T09:16:16+00:00\",\"dateModified\":\"2025-08-27T10:12:26+00:00\",\"description\":\"Wij hebben een ruime keuze aan producten van Charbon actif, poudre - 70g . Winkel bij Eco Supplements altijd gratis verzending boven 100\u20ac\",\"breadcrumb\":{\"@id\":\"https:\\\/\\\/ecosupplements.be\\\/fr\\\/produit\\\/charbon-actif-poudre-70g\\\/#breadcrumb\"},\"inLanguage\":\"fr-FR\",\"potentialAction\":[{\"@type\":\"ReadAction\",\"target\":[\"https:\\\/\\\/ecosupplements.be\\\/fr\\\/produit\\\/charbon-actif-poudre-70g\\\/\"]}]},{\"@type\":\"ImageObject\",\"inLanguage\":\"fr-FR\",\"@id\":\"https:\\\/\\\/ecosupplements.be\\\/fr\\\/produit\\\/charbon-actif-poudre-70g\\\/#primaryimage\",\"url\":\"https:\\\/\\\/ecosupplements.be\\\/wp-content\\\/uploads\\\/2025\\\/08\\\/KIKI-Health-Activated-Charcoal-Powder-70g-1.jpg\",\"contentUrl\":\"https:\\\/\\\/ecosupplements.be\\\/wp-content\\\/uploads\\\/2025\\\/08\\\/KIKI-Health-Activated-Charcoal-Powder-70g-1.jpg\",\"width\":750,\"height\":750},{\"@type\":\"BreadcrumbList\",\"@id\":\"https:\\\/\\\/ecosupplements.be\\\/fr\\\/produit\\\/charbon-actif-poudre-70g\\\/#breadcrumb\",\"itemListElement\":[{\"@type\":\"ListItem\",\"position\":1,\"name\":\"Home\",\"item\":\"https:\\\/\\\/ecosupplements.be\\\/fr\\\/\"},{\"@type\":\"ListItem\",\"position\":2,\"name\":\"Boutique\",\"item\":\"https:\\\/\\\/ecosupplements.be\\\/fr\\\/boutique\\\/\"},{\"@type\":\"ListItem\",\"position\":3,\"name\":\"Charbon actif, poudre &#8211; 70g\"}]},{\"@type\":\"WebSite\",\"@id\":\"https:\\\/\\\/ecosupplements.be\\\/fr\\\/#website\",\"url\":\"https:\\\/\\\/ecosupplements.be\\\/fr\\\/\",\"name\":\"ECO Supplements\",\"description\":\"Eco Supplements - Gezonde supplementen\",\"publisher\":{\"@id\":\"https:\\\/\\\/ecosupplements.be\\\/fr\\\/#organization\"},\"potentialAction\":[{\"@type\":\"SearchAction\",\"target\":{\"@type\":\"EntryPoint\",\"urlTemplate\":\"https:\\\/\\\/ecosupplements.be\\\/fr\\\/?s={search_term_string}\"},\"query-input\":{\"@type\":\"PropertyValueSpecification\",\"valueRequired\":true,\"valueName\":\"search_term_string\"}}],\"inLanguage\":\"fr-FR\"},{\"@type\":\"Organization\",\"@id\":\"https:\\\/\\\/ecosupplements.be\\\/fr\\\/#organization\",\"name\":\"Eco Supplements\",\"url\":\"https:\\\/\\\/ecosupplements.be\\\/fr\\\/\",\"logo\":{\"@type\":\"ImageObject\",\"inLanguage\":\"fr-FR\",\"@id\":\"https:\\\/\\\/ecosupplements.be\\\/fr\\\/#\\\/schema\\\/logo\\\/image\\\/\",\"url\":\"https:\\\/\\\/ecosupplements.be\\\/wp-content\\\/uploads\\\/2022\\\/06\\\/ecosupplement-family.png\",\"contentUrl\":\"https:\\\/\\\/ecosupplements.be\\\/wp-content\\\/uploads\\\/2022\\\/06\\\/ecosupplement-family.png\",\"width\":593,\"height\":374,\"caption\":\"Eco Supplements\"},\"image\":{\"@id\":\"https:\\\/\\\/ecosupplements.be\\\/fr\\\/#\\\/schema\\\/logo\\\/image\\\/\"}}]}<\/script>\n<meta property=\"product:brand\" content=\"KIKI Health\" \/>\n<meta property=\"product:price:amount\" content=\"10.52\" \/>\n<meta property=\"product:price:currency\" content=\"EUR\" \/>\n<meta property=\"og:availability\" content=\"instock\" \/>\n<meta property=\"product:availability\" content=\"instock\" \/>\n<meta property=\"product:retailer_item_id\" content=\"5060018512839\" \/>\n<meta property=\"product:condition\" content=\"new\" \/>\n<!-- \/ Yoast SEO Premium plugin. -->","yoast_head_json":{"title":"Charbon actif, poudre - 70g - ECO Supplements","description":"Wij hebben een ruime keuze aan producten van Charbon actif, poudre - 70g . Winkel bij Eco Supplements altijd gratis verzending boven 100\u20ac","robots":{"index":"index","follow":"follow","max-snippet":"max-snippet:-1","max-image-preview":"max-image-preview:large","max-video-preview":"max-video-preview:-1"},"canonical":"https:\/\/ecosupplements.be\/fr\/produit\/charbon-actif-poudre-70g\/","og_locale":"fr_FR","og_type":"article","og_title":"Charbon actif, poudre - 70g","og_description":"Wij hebben een ruime keuze aan producten van Charbon actif, poudre - 70g . Winkel bij Eco Supplements altijd gratis verzending boven 100\u20ac","og_url":"https:\/\/ecosupplements.be\/fr\/produit\/charbon-actif-poudre-70g\/","og_site_name":"ECO Supplements","article_modified_time":"2025-08-27T10:12:26+00:00","og_image":[{"width":750,"height":750,"url":"https:\/\/ecosupplements.be\/wp-content\/uploads\/2025\/08\/KIKI-Health-Activated-Charcoal-Powder-70g-1.jpg","type":"image\/jpeg"}],"twitter_card":"summary_large_image","twitter_misc":{"Prix":"10.52&nbsp;&euro;","Disponibilit\u00e9":"En stock"},"schema":{"@context":"https:\/\/schema.org","@graph":[{"@type":["WebPage","ItemPage"],"@id":"https:\/\/ecosupplements.be\/fr\/produit\/charbon-actif-poudre-70g\/","url":"https:\/\/ecosupplements.be\/fr\/produit\/charbon-actif-poudre-70g\/","name":"Charbon actif, poudre - 70g - ECO Supplements","isPartOf":{"@id":"https:\/\/ecosupplements.be\/fr\/#website"},"primaryImageOfPage":{"@id":"https:\/\/ecosupplements.be\/fr\/produit\/charbon-actif-poudre-70g\/#primaryimage"},"image":{"@id":"https:\/\/ecosupplements.be\/fr\/produit\/charbon-actif-poudre-70g\/#primaryimage"},"thumbnailUrl":"https:\/\/ecosupplements.be\/wp-content\/uploads\/2025\/08\/KIKI-Health-Activated-Charcoal-Powder-70g-1.jpg","datePublished":"2022-06-28T09:16:16+00:00","dateModified":"2025-08-27T10:12:26+00:00","description":"Wij hebben een ruime keuze aan producten van Charbon actif, poudre - 70g . Winkel bij Eco Supplements altijd gratis verzending boven 100\u20ac","breadcrumb":{"@id":"https:\/\/ecosupplements.be\/fr\/produit\/charbon-actif-poudre-70g\/#breadcrumb"},"inLanguage":"fr-FR","potentialAction":[{"@type":"ReadAction","target":["https:\/\/ecosupplements.be\/fr\/produit\/charbon-actif-poudre-70g\/"]}]},{"@type":"ImageObject","inLanguage":"fr-FR","@id":"https:\/\/ecosupplements.be\/fr\/produit\/charbon-actif-poudre-70g\/#primaryimage","url":"https:\/\/ecosupplements.be\/wp-content\/uploads\/2025\/08\/KIKI-Health-Activated-Charcoal-Powder-70g-1.jpg","contentUrl":"https:\/\/ecosupplements.be\/wp-content\/uploads\/2025\/08\/KIKI-Health-Activated-Charcoal-Powder-70g-1.jpg","width":750,"height":750},{"@type":"BreadcrumbList","@id":"https:\/\/ecosupplements.be\/fr\/produit\/charbon-actif-poudre-70g\/#breadcrumb","itemListElement":[{"@type":"ListItem","position":1,"name":"Home","item":"https:\/\/ecosupplements.be\/fr\/"},{"@type":"ListItem","position":2,"name":"Boutique","item":"https:\/\/ecosupplements.be\/fr\/boutique\/"},{"@type":"ListItem","position":3,"name":"Charbon actif, poudre &#8211; 70g"}]},{"@type":"WebSite","@id":"https:\/\/ecosupplements.be\/fr\/#website","url":"https:\/\/ecosupplements.be\/fr\/","name":"ECO Supplements","description":"Eco Supplements - Gezonde supplementen","publisher":{"@id":"https:\/\/ecosupplements.be\/fr\/#organization"},"potentialAction":[{"@type":"SearchAction","target":{"@type":"EntryPoint","urlTemplate":"https:\/\/ecosupplements.be\/fr\/?s={search_term_string}"},"query-input":{"@type":"PropertyValueSpecification","valueRequired":true,"valueName":"search_term_string"}}],"inLanguage":"fr-FR"},{"@type":"Organization","@id":"https:\/\/ecosupplements.be\/fr\/#organization","name":"Eco Supplements","url":"https:\/\/ecosupplements.be\/fr\/","logo":{"@type":"ImageObject","inLanguage":"fr-FR","@id":"https:\/\/ecosupplements.be\/fr\/#\/schema\/logo\/image\/","url":"https:\/\/ecosupplements.be\/wp-content\/uploads\/2022\/06\/ecosupplement-family.png","contentUrl":"https:\/\/ecosupplements.be\/wp-content\/uploads\/2022\/06\/ecosupplement-family.png","width":593,"height":374,"caption":"Eco Supplements"},"image":{"@id":"https:\/\/ecosupplements.be\/fr\/#\/schema\/logo\/image\/"}}]},"product_brand":"KIKI Health","product_price_amount":"10.52","product_price_currency":"EUR","og_availability":"instock","product_availability":"instock","product_retailer_item_id":"5060018512839","product_condition":"new"},"_links":{"self":[{"href":"https:\/\/ecosupplements.be\/fr\/wp-json\/wp\/v2\/product\/281277","targetHints":{"allow":["GET"]}}],"collection":[{"href":"https:\/\/ecosupplements.be\/fr\/wp-json\/wp\/v2\/product"}],"about":[{"href":"https:\/\/ecosupplements.be\/fr\/wp-json\/wp\/v2\/types\/product"}],"replies":[{"embeddable":true,"href":"https:\/\/ecosupplements.be\/fr\/wp-json\/wp\/v2\/comments?post=281277"}],"wp:featuredmedia":[{"embeddable":true,"href":"https:\/\/ecosupplements.be\/fr\/wp-json\/wp\/v2\/media\/246714"}],"wp:attachment":[{"href":"https:\/\/ecosupplements.be\/fr\/wp-json\/wp\/v2\/media?parent=281277"}],"wp:term":[{"taxonomy":"product_brand","embeddable":true,"href":"https:\/\/ecosupplements.be\/fr\/wp-json\/wp\/v2\/product_brand?post=281277"},{"taxonomy":"product_cat","embeddable":true,"href":"https:\/\/ecosupplements.be\/fr\/wp-json\/wp\/v2\/product_cat?post=281277"},{"taxonomy":"product_tag","embeddable":true,"href":"https:\/\/ecosupplements.be\/fr\/wp-json\/wp\/v2\/product_tag?post=281277"}],"curies":[{"name":"wp","href":"https:\/\/api.w.org\/{rel}","templated":true}]}}