{"id":281296,"date":"2022-06-28T10:16:23","date_gmt":"2022-06-28T09:16:23","guid":{"rendered":"https:\/\/ecosupplements.be\/product\/spray-a-lhuile-de-magnesium-125-ml\/"},"modified":"2025-08-27T11:13:59","modified_gmt":"2025-08-27T10:13:59","slug":"spray-a-lhuile-de-magnesium-125-ml","status":"publish","type":"product","link":"https:\/\/ecosupplements.be\/fr\/produit\/spray-a-lhuile-de-magnesium-125-ml\/","title":{"rendered":"Spray \u00e0 l&#8217;huile de magn\u00e9sium &#8211; 125 ml."},"content":{"rendered":"<h1 style=\"text-align: center;\">KIKI Health &#8211; Spray d&#8217;huile de magn\u00e9sium<\/h1>\n<p>&#8211; Contribue \u00e0 une r\u00e9duction de la fatigue et de la lassitude<br \/>\n&#8211; Contribue \u00e0 une fonction musculaire normale<br \/>\n&#8211; Contribue au maintien d&#8217;os et de dents normaux<br \/>\n&#8211; Facilement absorb\u00e9e<br \/>\n&#8211; 100% Naturel<br \/>\n&#8211; Inodore<\/p>\n<p>L&#8217;huile de magn\u00e9sium Zechstein authentique de KIKI est une solution satur\u00e9e de chlorure de magn\u00e9sium qui est appliqu\u00e9e directement sur la peau, o\u00f9 elle est r\u00e9absorb\u00e9e et transport\u00e9e vers les cellules. Elle peut \u00eatre utilis\u00e9e sur n&#8217;importe quelle zone du corps pour augmenter le taux de magn\u00e9sium global de l&#8217;organisme. 10 pulv\u00e9risations \u00e9quivalent \u00e0 un dosage de 212mg de magn\u00e9sium pur (57% de RI).<br \/>\nLe magn\u00e9sium est connu comme le &#8220;beau min\u00e9ral&#8221; en m\u00e9decine chinoise et est impliqu\u00e9 dans de nombreuses r\u00e9actions biochimiques dans le corps. Le magn\u00e9sium joue un r\u00f4le important dans les contractions musculaires et les signaux neuromusculaires. Lorsque vous ne consommez pas suffisamment de magn\u00e9sium, vos muscles peuvent \u00eatre pris de spasmes. Le magn\u00e9sium aide les muscles \u00e0 se d\u00e9tendre et \u00e0 se contracter, et les maintient en bon \u00e9tat de marche. Depuis 250 millions d&#8217;ann\u00e9es, le sel de magn\u00e9sium authentique de Zechstein est prot\u00e9g\u00e9 dans les fonds marins de Zechstein, \u00e0 une profondeur de 1600-2000 m\u00e8tres sous la cro\u00fbte terrestre, isol\u00e9 des impuret\u00e9s du monde moderne. Notre huile de magn\u00e9sium n&#8217;utilise que du v\u00e9ritable chlorure de magn\u00e9sium de Zechstein. Il a \u00e9t\u00e9 extrait \u00e0 l&#8217;\u00e9tat pr\u00e9serv\u00e9 d&#8217;une \u00e9poque ancienne, des millions d&#8217;ann\u00e9es avant notre \u00e8re moderne. Il n&#8217;y a aucun ingr\u00e9dient ajout\u00e9, \u00e0 l&#8217;exception de ceux qui se trouvent naturellement dans les d\u00e9p\u00f4ts souterrains profonds de cette source vierge.<\/p>\n<p><img decoding=\"async\" src=\"https:\/\/ecosupplements.be\/wp-content\/uploads\/2025\/08\/gluten-free-1.png\" title=\"Sans gluten\" alt=\"Gluten free\"><img decoding=\"async\" src=\"https:\/\/ecosupplements.be\/wp-content\/uploads\/2025\/08\/vegan-1.png\" title=\"Vegan\" alt=\"Vegan\"><img decoding=\"async\" src=\"https:\/\/ecosupplements.be\/wp-content\/uploads\/2025\/08\/vegetarian-1.png\" title=\"V\u00e9g\u00e9tarien\" alt=\"Vegetarian\"><\/p>\n","protected":false},"excerpt":{"rendered":"<p>KIKI Health &#8211; Spray d&#8217;huile de magn\u00e9sium &#8211; Contribue \u00e0 une r\u00e9duction de la fatigue et de la lassitude &#8211; Contribue \u00e0 une fonction musculaire normale &#8211; Contribue au maintien d&#8217;os et de dents normaux &#8211; Facilement absorb\u00e9e &#8211; 100% Naturel &#8211; Inodore L&#8217;huile de magn\u00e9sium Zechstein authentique de KIKI est une solution satur\u00e9e de [&#8230;]\n","protected":false},"featured_media":246834,"comment_status":"open","ping_status":"open","template":"","meta":[],"product_brand":[4722],"product_cat":[5155,5066,5064,5052,5053],"product_tag":[],"class_list":{"0":"post-281296","1":"product","2":"type-product","3":"status-publish","4":"has-post-thumbnail","6":"product_brand-kiki-health-2","7":"product_cat-cosmetiques","8":"product_cat-magnesium-mineraux-simples","9":"product_cat-mineraux-simples","10":"product_cat-sante-et-bien-etre","11":"product_cat-vitamines-et-mineraux","13":"first","14":"instock","15":"taxable","16":"shipping-taxable","17":"purchasable","18":"product-type-simple"},"yoast_head":"<!-- This site is optimized with the Yoast SEO Premium plugin v27.3 (Yoast SEO v27.3) - https:\/\/yoast.com\/product\/yoast-seo-premium-wordpress\/ -->\n<title>Spray \u00e0 l&#039;huile de magn\u00e9sium - 125 ml. - ECO Supplements<\/title>\n<meta name=\"description\" content=\"Wij hebben een ruime keuze aan producten van Spray \u00e0 l&#039;huile de magn\u00e9sium - 125 ml. . Winkel bij Eco Supplements altijd gratis verzending boven 100\u20ac\" \/>\n<meta name=\"robots\" content=\"index, follow, max-snippet:-1, max-image-preview:large, max-video-preview:-1\" \/>\n<link rel=\"canonical\" href=\"https:\/\/ecosupplements.be\/fr\/produit\/spray-a-lhuile-de-magnesium-125-ml\/\" \/>\n<meta property=\"og:locale\" content=\"fr_FR\" \/>\n<meta property=\"og:type\" content=\"article\" \/>\n<meta property=\"og:title\" content=\"Spray \u00e0 l&#039;huile de magn\u00e9sium - 125 ml.\" \/>\n<meta property=\"og:description\" content=\"Wij hebben een ruime keuze aan producten van Spray \u00e0 l&#039;huile de magn\u00e9sium - 125 ml. . Winkel bij Eco Supplements altijd gratis verzending boven 100\u20ac\" \/>\n<meta property=\"og:url\" content=\"https:\/\/ecosupplements.be\/fr\/produit\/spray-a-lhuile-de-magnesium-125-ml\/\" \/>\n<meta property=\"og:site_name\" content=\"ECO Supplements\" \/>\n<meta property=\"article:modified_time\" content=\"2025-08-27T10:13:59+00:00\" \/>\n<meta property=\"og:image\" content=\"https:\/\/ecosupplements.be\/wp-content\/uploads\/2025\/08\/KIKI-Health-Magnesium-Oil-Spray-125-ml-1.jpg\" \/>\n\t<meta property=\"og:image:width\" content=\"750\" \/>\n\t<meta property=\"og:image:height\" content=\"750\" \/>\n\t<meta property=\"og:image:type\" content=\"image\/jpeg\" \/>\n<meta name=\"twitter:card\" content=\"summary_large_image\" \/>\n<meta name=\"twitter:label1\" content=\"Prix\" \/>\n\t<meta name=\"twitter:data1\" content=\"12.74&nbsp;&euro;\" \/>\n\t<meta name=\"twitter:label2\" content=\"Disponibilit\u00e9\" \/>\n\t<meta name=\"twitter:data2\" content=\"En stock\" \/>\n<script type=\"application\/ld+json\" class=\"yoast-schema-graph\">{\"@context\":\"https:\\\/\\\/schema.org\",\"@graph\":[{\"@type\":[\"WebPage\",\"ItemPage\"],\"@id\":\"https:\\\/\\\/ecosupplements.be\\\/fr\\\/produit\\\/spray-a-lhuile-de-magnesium-125-ml\\\/\",\"url\":\"https:\\\/\\\/ecosupplements.be\\\/fr\\\/produit\\\/spray-a-lhuile-de-magnesium-125-ml\\\/\",\"name\":\"Spray \u00e0 l'huile de magn\u00e9sium - 125 ml. - ECO Supplements\",\"isPartOf\":{\"@id\":\"https:\\\/\\\/ecosupplements.be\\\/fr\\\/#website\"},\"primaryImageOfPage\":{\"@id\":\"https:\\\/\\\/ecosupplements.be\\\/fr\\\/produit\\\/spray-a-lhuile-de-magnesium-125-ml\\\/#primaryimage\"},\"image\":{\"@id\":\"https:\\\/\\\/ecosupplements.be\\\/fr\\\/produit\\\/spray-a-lhuile-de-magnesium-125-ml\\\/#primaryimage\"},\"thumbnailUrl\":\"https:\\\/\\\/ecosupplements.be\\\/wp-content\\\/uploads\\\/2025\\\/08\\\/KIKI-Health-Magnesium-Oil-Spray-125-ml-1.jpg\",\"datePublished\":\"2022-06-28T09:16:23+00:00\",\"dateModified\":\"2025-08-27T10:13:59+00:00\",\"description\":\"Wij hebben een ruime keuze aan producten van Spray \u00e0 l'huile de magn\u00e9sium - 125 ml. . Winkel bij Eco Supplements altijd gratis verzending boven 100\u20ac\",\"breadcrumb\":{\"@id\":\"https:\\\/\\\/ecosupplements.be\\\/fr\\\/produit\\\/spray-a-lhuile-de-magnesium-125-ml\\\/#breadcrumb\"},\"inLanguage\":\"fr-FR\",\"potentialAction\":[{\"@type\":\"ReadAction\",\"target\":[\"https:\\\/\\\/ecosupplements.be\\\/fr\\\/produit\\\/spray-a-lhuile-de-magnesium-125-ml\\\/\"]}]},{\"@type\":\"ImageObject\",\"inLanguage\":\"fr-FR\",\"@id\":\"https:\\\/\\\/ecosupplements.be\\\/fr\\\/produit\\\/spray-a-lhuile-de-magnesium-125-ml\\\/#primaryimage\",\"url\":\"https:\\\/\\\/ecosupplements.be\\\/wp-content\\\/uploads\\\/2025\\\/08\\\/KIKI-Health-Magnesium-Oil-Spray-125-ml-1.jpg\",\"contentUrl\":\"https:\\\/\\\/ecosupplements.be\\\/wp-content\\\/uploads\\\/2025\\\/08\\\/KIKI-Health-Magnesium-Oil-Spray-125-ml-1.jpg\",\"width\":750,\"height\":750},{\"@type\":\"BreadcrumbList\",\"@id\":\"https:\\\/\\\/ecosupplements.be\\\/fr\\\/produit\\\/spray-a-lhuile-de-magnesium-125-ml\\\/#breadcrumb\",\"itemListElement\":[{\"@type\":\"ListItem\",\"position\":1,\"name\":\"Home\",\"item\":\"https:\\\/\\\/ecosupplements.be\\\/fr\\\/\"},{\"@type\":\"ListItem\",\"position\":2,\"name\":\"Boutique\",\"item\":\"https:\\\/\\\/ecosupplements.be\\\/fr\\\/boutique\\\/\"},{\"@type\":\"ListItem\",\"position\":3,\"name\":\"Spray \u00e0 l&#8217;huile de magn\u00e9sium &#8211; 125 ml.\"}]},{\"@type\":\"WebSite\",\"@id\":\"https:\\\/\\\/ecosupplements.be\\\/fr\\\/#website\",\"url\":\"https:\\\/\\\/ecosupplements.be\\\/fr\\\/\",\"name\":\"ECO Supplements\",\"description\":\"Eco Supplements - Gezonde supplementen\",\"publisher\":{\"@id\":\"https:\\\/\\\/ecosupplements.be\\\/fr\\\/#organization\"},\"potentialAction\":[{\"@type\":\"SearchAction\",\"target\":{\"@type\":\"EntryPoint\",\"urlTemplate\":\"https:\\\/\\\/ecosupplements.be\\\/fr\\\/?s={search_term_string}\"},\"query-input\":{\"@type\":\"PropertyValueSpecification\",\"valueRequired\":true,\"valueName\":\"search_term_string\"}}],\"inLanguage\":\"fr-FR\"},{\"@type\":\"Organization\",\"@id\":\"https:\\\/\\\/ecosupplements.be\\\/fr\\\/#organization\",\"name\":\"Eco Supplements\",\"url\":\"https:\\\/\\\/ecosupplements.be\\\/fr\\\/\",\"logo\":{\"@type\":\"ImageObject\",\"inLanguage\":\"fr-FR\",\"@id\":\"https:\\\/\\\/ecosupplements.be\\\/fr\\\/#\\\/schema\\\/logo\\\/image\\\/\",\"url\":\"https:\\\/\\\/ecosupplements.be\\\/wp-content\\\/uploads\\\/2022\\\/06\\\/ecosupplement-family.png\",\"contentUrl\":\"https:\\\/\\\/ecosupplements.be\\\/wp-content\\\/uploads\\\/2022\\\/06\\\/ecosupplement-family.png\",\"width\":593,\"height\":374,\"caption\":\"Eco Supplements\"},\"image\":{\"@id\":\"https:\\\/\\\/ecosupplements.be\\\/fr\\\/#\\\/schema\\\/logo\\\/image\\\/\"}}]}<\/script>\n<meta property=\"product:brand\" content=\"KIKI Health\" \/>\n<meta property=\"product:price:amount\" content=\"12.74\" \/>\n<meta property=\"product:price:currency\" content=\"EUR\" \/>\n<meta property=\"og:availability\" content=\"instock\" \/>\n<meta property=\"product:availability\" content=\"instock\" \/>\n<meta property=\"product:retailer_item_id\" content=\"5060018511580\" \/>\n<meta property=\"product:condition\" content=\"new\" \/>\n<!-- \/ Yoast SEO Premium plugin. -->","yoast_head_json":{"title":"Spray \u00e0 l'huile de magn\u00e9sium - 125 ml. - ECO Supplements","description":"Wij hebben een ruime keuze aan producten van Spray \u00e0 l'huile de magn\u00e9sium - 125 ml. . Winkel bij Eco Supplements altijd gratis verzending boven 100\u20ac","robots":{"index":"index","follow":"follow","max-snippet":"max-snippet:-1","max-image-preview":"max-image-preview:large","max-video-preview":"max-video-preview:-1"},"canonical":"https:\/\/ecosupplements.be\/fr\/produit\/spray-a-lhuile-de-magnesium-125-ml\/","og_locale":"fr_FR","og_type":"article","og_title":"Spray \u00e0 l'huile de magn\u00e9sium - 125 ml.","og_description":"Wij hebben een ruime keuze aan producten van Spray \u00e0 l'huile de magn\u00e9sium - 125 ml. . Winkel bij Eco Supplements altijd gratis verzending boven 100\u20ac","og_url":"https:\/\/ecosupplements.be\/fr\/produit\/spray-a-lhuile-de-magnesium-125-ml\/","og_site_name":"ECO Supplements","article_modified_time":"2025-08-27T10:13:59+00:00","og_image":[{"width":750,"height":750,"url":"https:\/\/ecosupplements.be\/wp-content\/uploads\/2025\/08\/KIKI-Health-Magnesium-Oil-Spray-125-ml-1.jpg","type":"image\/jpeg"}],"twitter_card":"summary_large_image","twitter_misc":{"Prix":"12.74&nbsp;&euro;","Disponibilit\u00e9":"En stock"},"schema":{"@context":"https:\/\/schema.org","@graph":[{"@type":["WebPage","ItemPage"],"@id":"https:\/\/ecosupplements.be\/fr\/produit\/spray-a-lhuile-de-magnesium-125-ml\/","url":"https:\/\/ecosupplements.be\/fr\/produit\/spray-a-lhuile-de-magnesium-125-ml\/","name":"Spray \u00e0 l'huile de magn\u00e9sium - 125 ml. - ECO Supplements","isPartOf":{"@id":"https:\/\/ecosupplements.be\/fr\/#website"},"primaryImageOfPage":{"@id":"https:\/\/ecosupplements.be\/fr\/produit\/spray-a-lhuile-de-magnesium-125-ml\/#primaryimage"},"image":{"@id":"https:\/\/ecosupplements.be\/fr\/produit\/spray-a-lhuile-de-magnesium-125-ml\/#primaryimage"},"thumbnailUrl":"https:\/\/ecosupplements.be\/wp-content\/uploads\/2025\/08\/KIKI-Health-Magnesium-Oil-Spray-125-ml-1.jpg","datePublished":"2022-06-28T09:16:23+00:00","dateModified":"2025-08-27T10:13:59+00:00","description":"Wij hebben een ruime keuze aan producten van Spray \u00e0 l'huile de magn\u00e9sium - 125 ml. . Winkel bij Eco Supplements altijd gratis verzending boven 100\u20ac","breadcrumb":{"@id":"https:\/\/ecosupplements.be\/fr\/produit\/spray-a-lhuile-de-magnesium-125-ml\/#breadcrumb"},"inLanguage":"fr-FR","potentialAction":[{"@type":"ReadAction","target":["https:\/\/ecosupplements.be\/fr\/produit\/spray-a-lhuile-de-magnesium-125-ml\/"]}]},{"@type":"ImageObject","inLanguage":"fr-FR","@id":"https:\/\/ecosupplements.be\/fr\/produit\/spray-a-lhuile-de-magnesium-125-ml\/#primaryimage","url":"https:\/\/ecosupplements.be\/wp-content\/uploads\/2025\/08\/KIKI-Health-Magnesium-Oil-Spray-125-ml-1.jpg","contentUrl":"https:\/\/ecosupplements.be\/wp-content\/uploads\/2025\/08\/KIKI-Health-Magnesium-Oil-Spray-125-ml-1.jpg","width":750,"height":750},{"@type":"BreadcrumbList","@id":"https:\/\/ecosupplements.be\/fr\/produit\/spray-a-lhuile-de-magnesium-125-ml\/#breadcrumb","itemListElement":[{"@type":"ListItem","position":1,"name":"Home","item":"https:\/\/ecosupplements.be\/fr\/"},{"@type":"ListItem","position":2,"name":"Boutique","item":"https:\/\/ecosupplements.be\/fr\/boutique\/"},{"@type":"ListItem","position":3,"name":"Spray \u00e0 l&#8217;huile de magn\u00e9sium &#8211; 125 ml."}]},{"@type":"WebSite","@id":"https:\/\/ecosupplements.be\/fr\/#website","url":"https:\/\/ecosupplements.be\/fr\/","name":"ECO Supplements","description":"Eco Supplements - Gezonde supplementen","publisher":{"@id":"https:\/\/ecosupplements.be\/fr\/#organization"},"potentialAction":[{"@type":"SearchAction","target":{"@type":"EntryPoint","urlTemplate":"https:\/\/ecosupplements.be\/fr\/?s={search_term_string}"},"query-input":{"@type":"PropertyValueSpecification","valueRequired":true,"valueName":"search_term_string"}}],"inLanguage":"fr-FR"},{"@type":"Organization","@id":"https:\/\/ecosupplements.be\/fr\/#organization","name":"Eco Supplements","url":"https:\/\/ecosupplements.be\/fr\/","logo":{"@type":"ImageObject","inLanguage":"fr-FR","@id":"https:\/\/ecosupplements.be\/fr\/#\/schema\/logo\/image\/","url":"https:\/\/ecosupplements.be\/wp-content\/uploads\/2022\/06\/ecosupplement-family.png","contentUrl":"https:\/\/ecosupplements.be\/wp-content\/uploads\/2022\/06\/ecosupplement-family.png","width":593,"height":374,"caption":"Eco Supplements"},"image":{"@id":"https:\/\/ecosupplements.be\/fr\/#\/schema\/logo\/image\/"}}]},"product_brand":"KIKI Health","product_price_amount":"12.74","product_price_currency":"EUR","og_availability":"instock","product_availability":"instock","product_retailer_item_id":"5060018511580","product_condition":"new"},"_links":{"self":[{"href":"https:\/\/ecosupplements.be\/fr\/wp-json\/wp\/v2\/product\/281296","targetHints":{"allow":["GET"]}}],"collection":[{"href":"https:\/\/ecosupplements.be\/fr\/wp-json\/wp\/v2\/product"}],"about":[{"href":"https:\/\/ecosupplements.be\/fr\/wp-json\/wp\/v2\/types\/product"}],"replies":[{"embeddable":true,"href":"https:\/\/ecosupplements.be\/fr\/wp-json\/wp\/v2\/comments?post=281296"}],"wp:featuredmedia":[{"embeddable":true,"href":"https:\/\/ecosupplements.be\/fr\/wp-json\/wp\/v2\/media\/246834"}],"wp:attachment":[{"href":"https:\/\/ecosupplements.be\/fr\/wp-json\/wp\/v2\/media?parent=281296"}],"wp:term":[{"taxonomy":"product_brand","embeddable":true,"href":"https:\/\/ecosupplements.be\/fr\/wp-json\/wp\/v2\/product_brand?post=281296"},{"taxonomy":"product_cat","embeddable":true,"href":"https:\/\/ecosupplements.be\/fr\/wp-json\/wp\/v2\/product_cat?post=281296"},{"taxonomy":"product_tag","embeddable":true,"href":"https:\/\/ecosupplements.be\/fr\/wp-json\/wp\/v2\/product_tag?post=281296"}],"curies":[{"name":"wp","href":"https:\/\/api.w.org\/{rel}","templated":true}]}}