{"id":281313,"date":"2022-06-28T10:16:32","date_gmt":"2022-06-28T09:16:32","guid":{"rendered":"https:\/\/ecosupplements.be\/product\/poudre-dorme-glauque-biologique-45g\/"},"modified":"2025-08-27T11:15:13","modified_gmt":"2025-08-27T10:15:13","slug":"poudre-dorme-glauque-biologique-45g","status":"publish","type":"product","link":"https:\/\/ecosupplements.be\/fr\/produit\/poudre-dorme-glauque-biologique-45g\/","title":{"rendered":"Poudre d&#8217;orme glauque biologique &#8211; 45g"},"content":{"rendered":"<h1 style=\"text-align: center;\">KIKI Health &#8211; Poudre d&#8217;orme glauque biologique<\/h1>\n<p>Aide \u00e0 soutenir le syst\u00e8me digestif. L&#8217;orme rouge est d\u00e9riv\u00e9 d&#8217;un arbre indig\u00e8ne d&#8217;Am\u00e9rique du Nord. KIKI a s\u00e9lectionn\u00e9 la meilleure ferme biologique qui est entretenue par les tribus indig\u00e8nes, s&#8217;assurant que les arbres sont r\u00e9colt\u00e9s \u00e0 leur p\u00e9riode optimale en utilisant des traditions anciennes. Seule l&#8217;\u00e9corce interne de l&#8217;orme glissant est utilis\u00e9e pour cr\u00e9er cette fine poudre de couleur cr\u00e8me. Une fois r\u00e9colt\u00e9e, l&#8217;\u00e9corce est s\u00e9ch\u00e9e \u00e0 basse temp\u00e9rature pour conserver autant de nutriments que possible, puis moulue en une fine poudre. L&#8217;orme rouge est utilis\u00e9 dans les rem\u00e8des \u00e0 base de plantes en Am\u00e9rique du Nord depuis des si\u00e8cles pour soulager un certain nombre de sympt\u00f4mes, \u00e0 la fois par voie orale et par voie externe dans les pommades de gu\u00e9rison. Naturellement exempt de gluten et de bl\u00e9. Non irradi\u00e9.<\/p>\n<p><img decoding=\"async\" src=\"https:\/\/ecosupplements.be\/wp-content\/uploads\/2025\/08\/eco-bio-1.png\" title=\"Eco\/Bio\" alt=\"Eco\/Bio\"><img decoding=\"async\" src=\"https:\/\/ecosupplements.be\/wp-content\/uploads\/2025\/08\/gluten-free-1.png\" title=\"Sans gluten\" alt=\"Gluten free\"><img decoding=\"async\" src=\"https:\/\/ecosupplements.be\/wp-content\/uploads\/2025\/08\/non-gmo-1.png\" title=\"Non-OGM\" alt=\"Non-GMO\"><img decoding=\"async\" src=\"https:\/\/ecosupplements.be\/wp-content\/uploads\/2025\/08\/vegan-1.png\" title=\"Vegan\" alt=\"Vegan\"><img decoding=\"async\" src=\"https:\/\/ecosupplements.be\/wp-content\/uploads\/2025\/08\/vegetarian-1.png\" title=\"V\u00e9g\u00e9tarien\" alt=\"Vegetarian\"><\/p>\n","protected":false},"excerpt":{"rendered":"<p>KIKI Health &#8211; Poudre d&#8217;orme glauque biologique Aide \u00e0 soutenir le syst\u00e8me digestif. L&#8217;orme rouge est d\u00e9riv\u00e9 d&#8217;un arbre indig\u00e8ne d&#8217;Am\u00e9rique du Nord. KIKI a s\u00e9lectionn\u00e9 la meilleure ferme biologique qui est entretenue par les tribus indig\u00e8nes, s&#8217;assurant que les arbres sont r\u00e9colt\u00e9s \u00e0 leur p\u00e9riode optimale en utilisant des traditions anciennes. Seule l&#8217;\u00e9corce interne [&#8230;]\n","protected":false},"featured_media":246925,"comment_status":"open","ping_status":"open","template":"","meta":[],"product_brand":[4722],"product_cat":[5054,5055,5052,5053],"product_tag":[],"class_list":{"0":"post-281313","1":"product","2":"type-product","3":"status-publish","4":"has-post-thumbnail","6":"product_brand-kiki-health-2","7":"product_cat-nourriture-saine","8":"product_cat-produits-vegetaliens","9":"product_cat-sante-et-bien-etre","10":"product_cat-vitamines-et-mineraux","12":"first","13":"instock","14":"taxable","15":"shipping-taxable","16":"purchasable","17":"product-type-simple"},"yoast_head":"<!-- This site is optimized with the Yoast SEO Premium plugin v27.3 (Yoast SEO v27.3) - https:\/\/yoast.com\/product\/yoast-seo-premium-wordpress\/ -->\n<title>Poudre d&#039;orme glauque biologique - 45g - ECO Supplements<\/title>\n<meta name=\"description\" content=\"Wij hebben een ruime keuze aan producten van Poudre d&#039;orme glauque biologique - 45g . Winkel bij Eco Supplements altijd gratis verzending boven 100\u20ac\" \/>\n<meta name=\"robots\" content=\"index, follow, max-snippet:-1, max-image-preview:large, max-video-preview:-1\" \/>\n<link rel=\"canonical\" href=\"https:\/\/ecosupplements.be\/fr\/produit\/poudre-dorme-glauque-biologique-45g\/\" \/>\n<meta property=\"og:locale\" content=\"fr_FR\" \/>\n<meta property=\"og:type\" content=\"article\" \/>\n<meta property=\"og:title\" content=\"Poudre d&#039;orme glauque biologique - 45g\" \/>\n<meta property=\"og:description\" content=\"Wij hebben een ruime keuze aan producten van Poudre d&#039;orme glauque biologique - 45g . Winkel bij Eco Supplements altijd gratis verzending boven 100\u20ac\" \/>\n<meta property=\"og:url\" content=\"https:\/\/ecosupplements.be\/fr\/produit\/poudre-dorme-glauque-biologique-45g\/\" \/>\n<meta property=\"og:site_name\" content=\"ECO Supplements\" \/>\n<meta property=\"article:modified_time\" content=\"2025-08-27T10:15:13+00:00\" \/>\n<meta property=\"og:image\" content=\"https:\/\/ecosupplements.be\/wp-content\/uploads\/2025\/08\/KIKI-Health-Slippery-Elm-Powder-Organic-45g-1.jpg\" \/>\n\t<meta property=\"og:image:width\" content=\"750\" \/>\n\t<meta property=\"og:image:height\" content=\"750\" \/>\n\t<meta property=\"og:image:type\" content=\"image\/jpeg\" \/>\n<meta name=\"twitter:card\" content=\"summary_large_image\" \/>\n<meta name=\"twitter:label1\" content=\"Prix\" \/>\n\t<meta name=\"twitter:data1\" content=\"20.63&nbsp;&euro;\" \/>\n\t<meta name=\"twitter:label2\" content=\"Disponibilit\u00e9\" \/>\n\t<meta name=\"twitter:data2\" content=\"En stock\" \/>\n<script type=\"application\/ld+json\" class=\"yoast-schema-graph\">{\"@context\":\"https:\\\/\\\/schema.org\",\"@graph\":[{\"@type\":[\"WebPage\",\"ItemPage\"],\"@id\":\"https:\\\/\\\/ecosupplements.be\\\/fr\\\/produit\\\/poudre-dorme-glauque-biologique-45g\\\/\",\"url\":\"https:\\\/\\\/ecosupplements.be\\\/fr\\\/produit\\\/poudre-dorme-glauque-biologique-45g\\\/\",\"name\":\"Poudre d'orme glauque biologique - 45g - ECO Supplements\",\"isPartOf\":{\"@id\":\"https:\\\/\\\/ecosupplements.be\\\/fr\\\/#website\"},\"primaryImageOfPage\":{\"@id\":\"https:\\\/\\\/ecosupplements.be\\\/fr\\\/produit\\\/poudre-dorme-glauque-biologique-45g\\\/#primaryimage\"},\"image\":{\"@id\":\"https:\\\/\\\/ecosupplements.be\\\/fr\\\/produit\\\/poudre-dorme-glauque-biologique-45g\\\/#primaryimage\"},\"thumbnailUrl\":\"https:\\\/\\\/ecosupplements.be\\\/wp-content\\\/uploads\\\/2025\\\/08\\\/KIKI-Health-Slippery-Elm-Powder-Organic-45g-1.jpg\",\"datePublished\":\"2022-06-28T09:16:32+00:00\",\"dateModified\":\"2025-08-27T10:15:13+00:00\",\"description\":\"Wij hebben een ruime keuze aan producten van Poudre d'orme glauque biologique - 45g . Winkel bij Eco Supplements altijd gratis verzending boven 100\u20ac\",\"breadcrumb\":{\"@id\":\"https:\\\/\\\/ecosupplements.be\\\/fr\\\/produit\\\/poudre-dorme-glauque-biologique-45g\\\/#breadcrumb\"},\"inLanguage\":\"fr-FR\",\"potentialAction\":[{\"@type\":\"ReadAction\",\"target\":[\"https:\\\/\\\/ecosupplements.be\\\/fr\\\/produit\\\/poudre-dorme-glauque-biologique-45g\\\/\"]}]},{\"@type\":\"ImageObject\",\"inLanguage\":\"fr-FR\",\"@id\":\"https:\\\/\\\/ecosupplements.be\\\/fr\\\/produit\\\/poudre-dorme-glauque-biologique-45g\\\/#primaryimage\",\"url\":\"https:\\\/\\\/ecosupplements.be\\\/wp-content\\\/uploads\\\/2025\\\/08\\\/KIKI-Health-Slippery-Elm-Powder-Organic-45g-1.jpg\",\"contentUrl\":\"https:\\\/\\\/ecosupplements.be\\\/wp-content\\\/uploads\\\/2025\\\/08\\\/KIKI-Health-Slippery-Elm-Powder-Organic-45g-1.jpg\",\"width\":750,\"height\":750},{\"@type\":\"BreadcrumbList\",\"@id\":\"https:\\\/\\\/ecosupplements.be\\\/fr\\\/produit\\\/poudre-dorme-glauque-biologique-45g\\\/#breadcrumb\",\"itemListElement\":[{\"@type\":\"ListItem\",\"position\":1,\"name\":\"Home\",\"item\":\"https:\\\/\\\/ecosupplements.be\\\/fr\\\/\"},{\"@type\":\"ListItem\",\"position\":2,\"name\":\"Boutique\",\"item\":\"https:\\\/\\\/ecosupplements.be\\\/fr\\\/boutique\\\/\"},{\"@type\":\"ListItem\",\"position\":3,\"name\":\"Poudre d&#8217;orme glauque biologique &#8211; 45g\"}]},{\"@type\":\"WebSite\",\"@id\":\"https:\\\/\\\/ecosupplements.be\\\/fr\\\/#website\",\"url\":\"https:\\\/\\\/ecosupplements.be\\\/fr\\\/\",\"name\":\"ECO Supplements\",\"description\":\"Eco Supplements - Gezonde supplementen\",\"publisher\":{\"@id\":\"https:\\\/\\\/ecosupplements.be\\\/fr\\\/#organization\"},\"potentialAction\":[{\"@type\":\"SearchAction\",\"target\":{\"@type\":\"EntryPoint\",\"urlTemplate\":\"https:\\\/\\\/ecosupplements.be\\\/fr\\\/?s={search_term_string}\"},\"query-input\":{\"@type\":\"PropertyValueSpecification\",\"valueRequired\":true,\"valueName\":\"search_term_string\"}}],\"inLanguage\":\"fr-FR\"},{\"@type\":\"Organization\",\"@id\":\"https:\\\/\\\/ecosupplements.be\\\/fr\\\/#organization\",\"name\":\"Eco Supplements\",\"url\":\"https:\\\/\\\/ecosupplements.be\\\/fr\\\/\",\"logo\":{\"@type\":\"ImageObject\",\"inLanguage\":\"fr-FR\",\"@id\":\"https:\\\/\\\/ecosupplements.be\\\/fr\\\/#\\\/schema\\\/logo\\\/image\\\/\",\"url\":\"https:\\\/\\\/ecosupplements.be\\\/wp-content\\\/uploads\\\/2022\\\/06\\\/ecosupplement-family.png\",\"contentUrl\":\"https:\\\/\\\/ecosupplements.be\\\/wp-content\\\/uploads\\\/2022\\\/06\\\/ecosupplement-family.png\",\"width\":593,\"height\":374,\"caption\":\"Eco Supplements\"},\"image\":{\"@id\":\"https:\\\/\\\/ecosupplements.be\\\/fr\\\/#\\\/schema\\\/logo\\\/image\\\/\"}}]}<\/script>\n<meta property=\"product:brand\" content=\"KIKI Health\" \/>\n<meta property=\"product:price:amount\" content=\"20.63\" \/>\n<meta property=\"product:price:currency\" content=\"EUR\" \/>\n<meta property=\"og:availability\" content=\"instock\" \/>\n<meta property=\"product:availability\" content=\"instock\" \/>\n<meta property=\"product:retailer_item_id\" content=\"5060018512778\" \/>\n<meta property=\"product:condition\" content=\"new\" \/>\n<!-- \/ Yoast SEO Premium plugin. -->","yoast_head_json":{"title":"Poudre d'orme glauque biologique - 45g - ECO Supplements","description":"Wij hebben een ruime keuze aan producten van Poudre d'orme glauque biologique - 45g . Winkel bij Eco Supplements altijd gratis verzending boven 100\u20ac","robots":{"index":"index","follow":"follow","max-snippet":"max-snippet:-1","max-image-preview":"max-image-preview:large","max-video-preview":"max-video-preview:-1"},"canonical":"https:\/\/ecosupplements.be\/fr\/produit\/poudre-dorme-glauque-biologique-45g\/","og_locale":"fr_FR","og_type":"article","og_title":"Poudre d'orme glauque biologique - 45g","og_description":"Wij hebben een ruime keuze aan producten van Poudre d'orme glauque biologique - 45g . Winkel bij Eco Supplements altijd gratis verzending boven 100\u20ac","og_url":"https:\/\/ecosupplements.be\/fr\/produit\/poudre-dorme-glauque-biologique-45g\/","og_site_name":"ECO Supplements","article_modified_time":"2025-08-27T10:15:13+00:00","og_image":[{"width":750,"height":750,"url":"https:\/\/ecosupplements.be\/wp-content\/uploads\/2025\/08\/KIKI-Health-Slippery-Elm-Powder-Organic-45g-1.jpg","type":"image\/jpeg"}],"twitter_card":"summary_large_image","twitter_misc":{"Prix":"20.63&nbsp;&euro;","Disponibilit\u00e9":"En stock"},"schema":{"@context":"https:\/\/schema.org","@graph":[{"@type":["WebPage","ItemPage"],"@id":"https:\/\/ecosupplements.be\/fr\/produit\/poudre-dorme-glauque-biologique-45g\/","url":"https:\/\/ecosupplements.be\/fr\/produit\/poudre-dorme-glauque-biologique-45g\/","name":"Poudre d'orme glauque biologique - 45g - ECO Supplements","isPartOf":{"@id":"https:\/\/ecosupplements.be\/fr\/#website"},"primaryImageOfPage":{"@id":"https:\/\/ecosupplements.be\/fr\/produit\/poudre-dorme-glauque-biologique-45g\/#primaryimage"},"image":{"@id":"https:\/\/ecosupplements.be\/fr\/produit\/poudre-dorme-glauque-biologique-45g\/#primaryimage"},"thumbnailUrl":"https:\/\/ecosupplements.be\/wp-content\/uploads\/2025\/08\/KIKI-Health-Slippery-Elm-Powder-Organic-45g-1.jpg","datePublished":"2022-06-28T09:16:32+00:00","dateModified":"2025-08-27T10:15:13+00:00","description":"Wij hebben een ruime keuze aan producten van Poudre d'orme glauque biologique - 45g . Winkel bij Eco Supplements altijd gratis verzending boven 100\u20ac","breadcrumb":{"@id":"https:\/\/ecosupplements.be\/fr\/produit\/poudre-dorme-glauque-biologique-45g\/#breadcrumb"},"inLanguage":"fr-FR","potentialAction":[{"@type":"ReadAction","target":["https:\/\/ecosupplements.be\/fr\/produit\/poudre-dorme-glauque-biologique-45g\/"]}]},{"@type":"ImageObject","inLanguage":"fr-FR","@id":"https:\/\/ecosupplements.be\/fr\/produit\/poudre-dorme-glauque-biologique-45g\/#primaryimage","url":"https:\/\/ecosupplements.be\/wp-content\/uploads\/2025\/08\/KIKI-Health-Slippery-Elm-Powder-Organic-45g-1.jpg","contentUrl":"https:\/\/ecosupplements.be\/wp-content\/uploads\/2025\/08\/KIKI-Health-Slippery-Elm-Powder-Organic-45g-1.jpg","width":750,"height":750},{"@type":"BreadcrumbList","@id":"https:\/\/ecosupplements.be\/fr\/produit\/poudre-dorme-glauque-biologique-45g\/#breadcrumb","itemListElement":[{"@type":"ListItem","position":1,"name":"Home","item":"https:\/\/ecosupplements.be\/fr\/"},{"@type":"ListItem","position":2,"name":"Boutique","item":"https:\/\/ecosupplements.be\/fr\/boutique\/"},{"@type":"ListItem","position":3,"name":"Poudre d&#8217;orme glauque biologique &#8211; 45g"}]},{"@type":"WebSite","@id":"https:\/\/ecosupplements.be\/fr\/#website","url":"https:\/\/ecosupplements.be\/fr\/","name":"ECO Supplements","description":"Eco Supplements - Gezonde supplementen","publisher":{"@id":"https:\/\/ecosupplements.be\/fr\/#organization"},"potentialAction":[{"@type":"SearchAction","target":{"@type":"EntryPoint","urlTemplate":"https:\/\/ecosupplements.be\/fr\/?s={search_term_string}"},"query-input":{"@type":"PropertyValueSpecification","valueRequired":true,"valueName":"search_term_string"}}],"inLanguage":"fr-FR"},{"@type":"Organization","@id":"https:\/\/ecosupplements.be\/fr\/#organization","name":"Eco Supplements","url":"https:\/\/ecosupplements.be\/fr\/","logo":{"@type":"ImageObject","inLanguage":"fr-FR","@id":"https:\/\/ecosupplements.be\/fr\/#\/schema\/logo\/image\/","url":"https:\/\/ecosupplements.be\/wp-content\/uploads\/2022\/06\/ecosupplement-family.png","contentUrl":"https:\/\/ecosupplements.be\/wp-content\/uploads\/2022\/06\/ecosupplement-family.png","width":593,"height":374,"caption":"Eco Supplements"},"image":{"@id":"https:\/\/ecosupplements.be\/fr\/#\/schema\/logo\/image\/"}}]},"product_brand":"KIKI Health","product_price_amount":"20.63","product_price_currency":"EUR","og_availability":"instock","product_availability":"instock","product_retailer_item_id":"5060018512778","product_condition":"new"},"_links":{"self":[{"href":"https:\/\/ecosupplements.be\/fr\/wp-json\/wp\/v2\/product\/281313","targetHints":{"allow":["GET"]}}],"collection":[{"href":"https:\/\/ecosupplements.be\/fr\/wp-json\/wp\/v2\/product"}],"about":[{"href":"https:\/\/ecosupplements.be\/fr\/wp-json\/wp\/v2\/types\/product"}],"replies":[{"embeddable":true,"href":"https:\/\/ecosupplements.be\/fr\/wp-json\/wp\/v2\/comments?post=281313"}],"wp:featuredmedia":[{"embeddable":true,"href":"https:\/\/ecosupplements.be\/fr\/wp-json\/wp\/v2\/media\/246925"}],"wp:attachment":[{"href":"https:\/\/ecosupplements.be\/fr\/wp-json\/wp\/v2\/media?parent=281313"}],"wp:term":[{"taxonomy":"product_brand","embeddable":true,"href":"https:\/\/ecosupplements.be\/fr\/wp-json\/wp\/v2\/product_brand?post=281313"},{"taxonomy":"product_cat","embeddable":true,"href":"https:\/\/ecosupplements.be\/fr\/wp-json\/wp\/v2\/product_cat?post=281313"},{"taxonomy":"product_tag","embeddable":true,"href":"https:\/\/ecosupplements.be\/fr\/wp-json\/wp\/v2\/product_tag?post=281313"}],"curies":[{"name":"wp","href":"https:\/\/api.w.org\/{rel}","templated":true}]}}