{"id":281325,"date":"2022-06-28T10:16:40","date_gmt":"2022-06-28T09:16:40","guid":{"rendered":"https:\/\/ecosupplements.be\/product\/acetyl-l-carnitine-500mg-100-vcaps-3\/"},"modified":"2025-08-27T11:15:55","modified_gmt":"2025-08-27T10:15:55","slug":"acetyl-l-carnitine-500mg-100-vcaps-3","status":"publish","type":"product","link":"https:\/\/ecosupplements.be\/fr\/produit\/acetyl-l-carnitine-500mg-100-vcaps-3\/","title":{"rendered":"Acetyl-L-Carnitine, 500mg &#8211; 100 vcaps"},"content":{"rendered":"<h1 style=\"text-align: center;\">Life Extension &#8211; Ac\u00e9tyl-L-Carnitine<\/h1>\n<p>Un effet li\u00e9 \u00e0 l&#8217;\u00e2ge est la r\u00e9duction des composants de la cellule qui produisent de l&#8217;\u00e9nergie, ce qui entra\u00eene une r\u00e9duction de l&#8217;activit\u00e9 m\u00e9tabolique cellulaire et l&#8217;accumulation de d\u00e9bris cellulaires.1-7 La L-carnitine aide \u00e0 maintenir le m\u00e9tabolisme \u00e9nerg\u00e9tique cellulaire en contribuant au transport des acides gras du cytosol vers les mitochondries de la cellule, o\u00f9 les graisses sont oxyd\u00e9es pour produire l&#8217;\u00e9nergie cellulaire (ad\u00e9nosine triphosphate ou ATP).<br \/>\nL&#8217;ac\u00e9tyl-L-carnitine est l&#8217;ester ac\u00e9tyl\u00e9 de l&#8217;acide amin\u00e9 L-carnitine. L&#8217;ac\u00e9tyl-L-carnitine est un compos\u00e9 endog\u00e8ne de la membrane mitochondriale qui aide \u00e0 maintenir la bio\u00e9nerg\u00e9tique mitochondriale et \u00e0 r\u00e9duire le stress oxydatif accru associ\u00e9 au vieillissement. L&#8217;ac\u00e9tyl-L-carnitine et la L-carnitine sont absorb\u00e9es efficacement dans la circulation sanguine. Tous deux sont efficaces pour transporter les acides gras \u00e0 longue cha\u00eene \u00e0 travers la membrane jusqu&#8217;aux mitochondries o\u00f9 ils sont br\u00fbl\u00e9s pour la production d&#8217;\u00e9nergie et utilis\u00e9s efficacement par les cellules. L&#8217;ac\u00e9tyl-L-carnitine traverse \u00e9galement la barri\u00e8re h\u00e9mato-enc\u00e9phalique et prot\u00e8ge des dommages oxydatifs. Le peptide b\u00eata-amylo\u00efde est un composant principal des plaques et on pense qu&#8217;il contribue au processus de vieillissement. L&#8217;ac\u00e9tyl-L-carnitine exerce des effets protecteurs contre cette neurotoxicit\u00e9 et le stress oxydatif.<br \/>\nL&#8217;ac\u00e9tyl-L-carnitine (ALC) traverse facilement la barri\u00e8re h\u00e9mato-enc\u00e9phalique et pourrait avoir le potentiel d&#8217;exercer des propri\u00e9t\u00e9s neuroprotectrices, neuromodulatrices et neurotrophiques uniques. L&#8217;ALC peut soutenir la fonction de m\u00e9moire des jeunes, am\u00e9liorer la structure et la fonction des mitochondries, inhiber les dommages oxydatifs li\u00e9s \u00e0 l&#8217;\u00e2ge et restaurer l&#8217;activit\u00e9 d&#8217;enzymes cl\u00e9s.<\/p>\n","protected":false},"excerpt":{"rendered":"<p>Life Extension &#8211; Ac\u00e9tyl-L-Carnitine Un effet li\u00e9 \u00e0 l&#8217;\u00e2ge est la r\u00e9duction des composants de la cellule qui produisent de l&#8217;\u00e9nergie, ce qui entra\u00eene une r\u00e9duction de l&#8217;activit\u00e9 m\u00e9tabolique cellulaire et l&#8217;accumulation de d\u00e9bris cellulaires.1-7 La L-carnitine aide \u00e0 maintenir le m\u00e9tabolisme \u00e9nerg\u00e9tique cellulaire en contribuant au transport des acides gras du cytosol vers les [&#8230;]\n","protected":false},"featured_media":246981,"comment_status":"open","ping_status":"open","template":"","meta":[],"product_brand":[4723],"product_cat":[5067,5111,5048,5068,5049,5051,5053],"product_tag":[5069],"class_list":{"0":"post-281325","1":"product","2":"type-product","3":"status-publish","4":"has-post-thumbnail","6":"product_brand-life-extension-2","7":"product_cat-acides-amines-et-bcaa","8":"product_cat-acides-amines-et-bcaas","9":"product_cat-aptitude","10":"product_cat-l-carnitine-acides-amines-et-bcaa","11":"product_cat-le-controle-du-poids","12":"product_cat-minceur-et-gestion-du-poids","13":"product_cat-vitamines-et-mineraux","14":"product_tag-topeco-2","16":"first","17":"instock","18":"taxable","19":"shipping-taxable","20":"purchasable","21":"product-type-simple"},"yoast_head":"<!-- This site is optimized with the Yoast SEO Premium plugin v27.3 (Yoast SEO v27.3) - https:\/\/yoast.com\/product\/yoast-seo-premium-wordpress\/ -->\n<title>Acetyl-L-Carnitine, 500mg - 100 vcaps - ECO Supplements<\/title>\n<meta name=\"description\" content=\"Wij hebben een ruime keuze aan producten van Acetyl-L-Carnitine, 500mg - 100 vcaps . Winkel bij Eco Supplements altijd gratis verzending boven 100\u20ac\" \/>\n<meta name=\"robots\" content=\"index, follow, max-snippet:-1, max-image-preview:large, max-video-preview:-1\" \/>\n<link rel=\"canonical\" href=\"https:\/\/ecosupplements.be\/fr\/produit\/acetyl-l-carnitine-500mg-100-vcaps-3\/\" \/>\n<meta property=\"og:locale\" content=\"fr_FR\" \/>\n<meta property=\"og:type\" content=\"article\" \/>\n<meta property=\"og:title\" content=\"Acetyl-L-Carnitine, 500mg - 100 vcaps\" \/>\n<meta property=\"og:description\" content=\"Wij hebben een ruime keuze aan producten van Acetyl-L-Carnitine, 500mg - 100 vcaps . Winkel bij Eco Supplements altijd gratis verzending boven 100\u20ac\" \/>\n<meta property=\"og:url\" content=\"https:\/\/ecosupplements.be\/fr\/produit\/acetyl-l-carnitine-500mg-100-vcaps-3\/\" \/>\n<meta property=\"og:site_name\" content=\"ECO Supplements\" \/>\n<meta property=\"article:modified_time\" content=\"2025-08-27T10:15:55+00:00\" \/>\n<meta property=\"og:image\" content=\"https:\/\/ecosupplements.be\/wp-content\/uploads\/2025\/08\/Life-Extension-Acetyl-L-Carnitine-500mg-100-vcaps.jpg\" \/>\n\t<meta property=\"og:image:width\" content=\"750\" \/>\n\t<meta property=\"og:image:height\" content=\"750\" \/>\n\t<meta property=\"og:image:type\" content=\"image\/jpeg\" \/>\n<meta name=\"twitter:card\" content=\"summary_large_image\" \/>\n<meta name=\"twitter:label1\" content=\"Prix\" \/>\n\t<meta name=\"twitter:data1\" content=\"31.74&nbsp;&euro;\" \/>\n\t<meta name=\"twitter:label2\" content=\"Disponibilit\u00e9\" \/>\n\t<meta name=\"twitter:data2\" content=\"En stock\" \/>\n<script type=\"application\/ld+json\" class=\"yoast-schema-graph\">{\"@context\":\"https:\\\/\\\/schema.org\",\"@graph\":[{\"@type\":[\"WebPage\",\"ItemPage\"],\"@id\":\"https:\\\/\\\/ecosupplements.be\\\/fr\\\/produit\\\/acetyl-l-carnitine-500mg-100-vcaps-3\\\/\",\"url\":\"https:\\\/\\\/ecosupplements.be\\\/fr\\\/produit\\\/acetyl-l-carnitine-500mg-100-vcaps-3\\\/\",\"name\":\"Acetyl-L-Carnitine, 500mg - 100 vcaps - ECO Supplements\",\"isPartOf\":{\"@id\":\"https:\\\/\\\/ecosupplements.be\\\/fr\\\/#website\"},\"primaryImageOfPage\":{\"@id\":\"https:\\\/\\\/ecosupplements.be\\\/fr\\\/produit\\\/acetyl-l-carnitine-500mg-100-vcaps-3\\\/#primaryimage\"},\"image\":{\"@id\":\"https:\\\/\\\/ecosupplements.be\\\/fr\\\/produit\\\/acetyl-l-carnitine-500mg-100-vcaps-3\\\/#primaryimage\"},\"thumbnailUrl\":\"https:\\\/\\\/ecosupplements.be\\\/wp-content\\\/uploads\\\/2025\\\/08\\\/Life-Extension-Acetyl-L-Carnitine-500mg-100-vcaps-2.jpg\",\"datePublished\":\"2022-06-28T09:16:40+00:00\",\"dateModified\":\"2025-08-27T10:15:55+00:00\",\"description\":\"Wij hebben een ruime keuze aan producten van Acetyl-L-Carnitine, 500mg - 100 vcaps . Winkel bij Eco Supplements altijd gratis verzending boven 100\u20ac\",\"breadcrumb\":{\"@id\":\"https:\\\/\\\/ecosupplements.be\\\/fr\\\/produit\\\/acetyl-l-carnitine-500mg-100-vcaps-3\\\/#breadcrumb\"},\"inLanguage\":\"fr-FR\",\"potentialAction\":[{\"@type\":\"ReadAction\",\"target\":[\"https:\\\/\\\/ecosupplements.be\\\/fr\\\/produit\\\/acetyl-l-carnitine-500mg-100-vcaps-3\\\/\"]}]},{\"@type\":\"ImageObject\",\"inLanguage\":\"fr-FR\",\"@id\":\"https:\\\/\\\/ecosupplements.be\\\/fr\\\/produit\\\/acetyl-l-carnitine-500mg-100-vcaps-3\\\/#primaryimage\",\"url\":\"https:\\\/\\\/ecosupplements.be\\\/wp-content\\\/uploads\\\/2025\\\/08\\\/Life-Extension-Acetyl-L-Carnitine-500mg-100-vcaps-2.jpg\",\"contentUrl\":\"https:\\\/\\\/ecosupplements.be\\\/wp-content\\\/uploads\\\/2025\\\/08\\\/Life-Extension-Acetyl-L-Carnitine-500mg-100-vcaps-2.jpg\",\"width\":750,\"height\":750},{\"@type\":\"BreadcrumbList\",\"@id\":\"https:\\\/\\\/ecosupplements.be\\\/fr\\\/produit\\\/acetyl-l-carnitine-500mg-100-vcaps-3\\\/#breadcrumb\",\"itemListElement\":[{\"@type\":\"ListItem\",\"position\":1,\"name\":\"Home\",\"item\":\"https:\\\/\\\/ecosupplements.be\\\/fr\\\/\"},{\"@type\":\"ListItem\",\"position\":2,\"name\":\"Boutique\",\"item\":\"https:\\\/\\\/ecosupplements.be\\\/fr\\\/boutique\\\/\"},{\"@type\":\"ListItem\",\"position\":3,\"name\":\"Acetyl-L-Carnitine, 500mg &#8211; 100 vcaps\"}]},{\"@type\":\"WebSite\",\"@id\":\"https:\\\/\\\/ecosupplements.be\\\/fr\\\/#website\",\"url\":\"https:\\\/\\\/ecosupplements.be\\\/fr\\\/\",\"name\":\"ECO Supplements\",\"description\":\"Eco Supplements - Gezonde supplementen\",\"publisher\":{\"@id\":\"https:\\\/\\\/ecosupplements.be\\\/fr\\\/#organization\"},\"potentialAction\":[{\"@type\":\"SearchAction\",\"target\":{\"@type\":\"EntryPoint\",\"urlTemplate\":\"https:\\\/\\\/ecosupplements.be\\\/fr\\\/?s={search_term_string}\"},\"query-input\":{\"@type\":\"PropertyValueSpecification\",\"valueRequired\":true,\"valueName\":\"search_term_string\"}}],\"inLanguage\":\"fr-FR\"},{\"@type\":\"Organization\",\"@id\":\"https:\\\/\\\/ecosupplements.be\\\/fr\\\/#organization\",\"name\":\"Eco Supplements\",\"url\":\"https:\\\/\\\/ecosupplements.be\\\/fr\\\/\",\"logo\":{\"@type\":\"ImageObject\",\"inLanguage\":\"fr-FR\",\"@id\":\"https:\\\/\\\/ecosupplements.be\\\/fr\\\/#\\\/schema\\\/logo\\\/image\\\/\",\"url\":\"https:\\\/\\\/ecosupplements.be\\\/wp-content\\\/uploads\\\/2022\\\/06\\\/ecosupplement-family.png\",\"contentUrl\":\"https:\\\/\\\/ecosupplements.be\\\/wp-content\\\/uploads\\\/2022\\\/06\\\/ecosupplement-family.png\",\"width\":593,\"height\":374,\"caption\":\"Eco Supplements\"},\"image\":{\"@id\":\"https:\\\/\\\/ecosupplements.be\\\/fr\\\/#\\\/schema\\\/logo\\\/image\\\/\"}}]}<\/script>\n<meta property=\"product:brand\" content=\"Life Extension\" \/>\n<meta property=\"product:price:amount\" content=\"31.74\" \/>\n<meta property=\"product:price:currency\" content=\"EUR\" \/>\n<meta property=\"og:availability\" content=\"instock\" \/>\n<meta property=\"product:availability\" content=\"instock\" \/>\n<meta property=\"product:retailer_item_id\" content=\"737870152415\" \/>\n<meta property=\"product:condition\" content=\"new\" \/>\n<!-- \/ Yoast SEO Premium plugin. -->","yoast_head_json":{"title":"Acetyl-L-Carnitine, 500mg - 100 vcaps - ECO Supplements","description":"Wij hebben een ruime keuze aan producten van Acetyl-L-Carnitine, 500mg - 100 vcaps . Winkel bij Eco Supplements altijd gratis verzending boven 100\u20ac","robots":{"index":"index","follow":"follow","max-snippet":"max-snippet:-1","max-image-preview":"max-image-preview:large","max-video-preview":"max-video-preview:-1"},"canonical":"https:\/\/ecosupplements.be\/fr\/produit\/acetyl-l-carnitine-500mg-100-vcaps-3\/","og_locale":"fr_FR","og_type":"article","og_title":"Acetyl-L-Carnitine, 500mg - 100 vcaps","og_description":"Wij hebben een ruime keuze aan producten van Acetyl-L-Carnitine, 500mg - 100 vcaps . Winkel bij Eco Supplements altijd gratis verzending boven 100\u20ac","og_url":"https:\/\/ecosupplements.be\/fr\/produit\/acetyl-l-carnitine-500mg-100-vcaps-3\/","og_site_name":"ECO Supplements","article_modified_time":"2025-08-27T10:15:55+00:00","og_image":[{"width":750,"height":750,"url":"https:\/\/ecosupplements.be\/wp-content\/uploads\/2025\/08\/Life-Extension-Acetyl-L-Carnitine-500mg-100-vcaps.jpg","type":"image\/jpeg"}],"twitter_card":"summary_large_image","twitter_misc":{"Prix":"31.74&nbsp;&euro;","Disponibilit\u00e9":"En stock"},"schema":{"@context":"https:\/\/schema.org","@graph":[{"@type":["WebPage","ItemPage"],"@id":"https:\/\/ecosupplements.be\/fr\/produit\/acetyl-l-carnitine-500mg-100-vcaps-3\/","url":"https:\/\/ecosupplements.be\/fr\/produit\/acetyl-l-carnitine-500mg-100-vcaps-3\/","name":"Acetyl-L-Carnitine, 500mg - 100 vcaps - ECO Supplements","isPartOf":{"@id":"https:\/\/ecosupplements.be\/fr\/#website"},"primaryImageOfPage":{"@id":"https:\/\/ecosupplements.be\/fr\/produit\/acetyl-l-carnitine-500mg-100-vcaps-3\/#primaryimage"},"image":{"@id":"https:\/\/ecosupplements.be\/fr\/produit\/acetyl-l-carnitine-500mg-100-vcaps-3\/#primaryimage"},"thumbnailUrl":"https:\/\/ecosupplements.be\/wp-content\/uploads\/2025\/08\/Life-Extension-Acetyl-L-Carnitine-500mg-100-vcaps-2.jpg","datePublished":"2022-06-28T09:16:40+00:00","dateModified":"2025-08-27T10:15:55+00:00","description":"Wij hebben een ruime keuze aan producten van Acetyl-L-Carnitine, 500mg - 100 vcaps . Winkel bij Eco Supplements altijd gratis verzending boven 100\u20ac","breadcrumb":{"@id":"https:\/\/ecosupplements.be\/fr\/produit\/acetyl-l-carnitine-500mg-100-vcaps-3\/#breadcrumb"},"inLanguage":"fr-FR","potentialAction":[{"@type":"ReadAction","target":["https:\/\/ecosupplements.be\/fr\/produit\/acetyl-l-carnitine-500mg-100-vcaps-3\/"]}]},{"@type":"ImageObject","inLanguage":"fr-FR","@id":"https:\/\/ecosupplements.be\/fr\/produit\/acetyl-l-carnitine-500mg-100-vcaps-3\/#primaryimage","url":"https:\/\/ecosupplements.be\/wp-content\/uploads\/2025\/08\/Life-Extension-Acetyl-L-Carnitine-500mg-100-vcaps-2.jpg","contentUrl":"https:\/\/ecosupplements.be\/wp-content\/uploads\/2025\/08\/Life-Extension-Acetyl-L-Carnitine-500mg-100-vcaps-2.jpg","width":750,"height":750},{"@type":"BreadcrumbList","@id":"https:\/\/ecosupplements.be\/fr\/produit\/acetyl-l-carnitine-500mg-100-vcaps-3\/#breadcrumb","itemListElement":[{"@type":"ListItem","position":1,"name":"Home","item":"https:\/\/ecosupplements.be\/fr\/"},{"@type":"ListItem","position":2,"name":"Boutique","item":"https:\/\/ecosupplements.be\/fr\/boutique\/"},{"@type":"ListItem","position":3,"name":"Acetyl-L-Carnitine, 500mg &#8211; 100 vcaps"}]},{"@type":"WebSite","@id":"https:\/\/ecosupplements.be\/fr\/#website","url":"https:\/\/ecosupplements.be\/fr\/","name":"ECO Supplements","description":"Eco Supplements - Gezonde supplementen","publisher":{"@id":"https:\/\/ecosupplements.be\/fr\/#organization"},"potentialAction":[{"@type":"SearchAction","target":{"@type":"EntryPoint","urlTemplate":"https:\/\/ecosupplements.be\/fr\/?s={search_term_string}"},"query-input":{"@type":"PropertyValueSpecification","valueRequired":true,"valueName":"search_term_string"}}],"inLanguage":"fr-FR"},{"@type":"Organization","@id":"https:\/\/ecosupplements.be\/fr\/#organization","name":"Eco Supplements","url":"https:\/\/ecosupplements.be\/fr\/","logo":{"@type":"ImageObject","inLanguage":"fr-FR","@id":"https:\/\/ecosupplements.be\/fr\/#\/schema\/logo\/image\/","url":"https:\/\/ecosupplements.be\/wp-content\/uploads\/2022\/06\/ecosupplement-family.png","contentUrl":"https:\/\/ecosupplements.be\/wp-content\/uploads\/2022\/06\/ecosupplement-family.png","width":593,"height":374,"caption":"Eco Supplements"},"image":{"@id":"https:\/\/ecosupplements.be\/fr\/#\/schema\/logo\/image\/"}}]},"product_brand":"Life Extension","product_price_amount":"31.74","product_price_currency":"EUR","og_availability":"instock","product_availability":"instock","product_retailer_item_id":"737870152415","product_condition":"new"},"_links":{"self":[{"href":"https:\/\/ecosupplements.be\/fr\/wp-json\/wp\/v2\/product\/281325","targetHints":{"allow":["GET"]}}],"collection":[{"href":"https:\/\/ecosupplements.be\/fr\/wp-json\/wp\/v2\/product"}],"about":[{"href":"https:\/\/ecosupplements.be\/fr\/wp-json\/wp\/v2\/types\/product"}],"replies":[{"embeddable":true,"href":"https:\/\/ecosupplements.be\/fr\/wp-json\/wp\/v2\/comments?post=281325"}],"wp:featuredmedia":[{"embeddable":true,"href":"https:\/\/ecosupplements.be\/fr\/wp-json\/wp\/v2\/media\/246981"}],"wp:attachment":[{"href":"https:\/\/ecosupplements.be\/fr\/wp-json\/wp\/v2\/media?parent=281325"}],"wp:term":[{"taxonomy":"product_brand","embeddable":true,"href":"https:\/\/ecosupplements.be\/fr\/wp-json\/wp\/v2\/product_brand?post=281325"},{"taxonomy":"product_cat","embeddable":true,"href":"https:\/\/ecosupplements.be\/fr\/wp-json\/wp\/v2\/product_cat?post=281325"},{"taxonomy":"product_tag","embeddable":true,"href":"https:\/\/ecosupplements.be\/fr\/wp-json\/wp\/v2\/product_tag?post=281325"}],"curies":[{"name":"wp","href":"https:\/\/api.w.org\/{rel}","templated":true}]}}