{"id":281328,"date":"2022-06-28T10:16:40","date_gmt":"2022-06-28T09:16:40","guid":{"rendered":"https:\/\/ecosupplements.be\/product\/advanced-curcumin-elite-extrait-de-curcuma-gingembre-turmerones-30-softgels\/"},"modified":"2025-08-27T11:16:06","modified_gmt":"2025-08-27T10:16:06","slug":"advanced-curcumin-elite-extrait-de-curcuma-gingembre-turmerones-30-softgels","status":"publish","type":"product","link":"https:\/\/ecosupplements.be\/fr\/produit\/advanced-curcumin-elite-extrait-de-curcuma-gingembre-turmerones-30-softgels\/","title":{"rendered":"Advanced Curcumin Elite Extrait de Curcuma, Gingembre &#038; Turmerones &#8211; 30 softgels"},"content":{"rendered":"<h1 style=\"text-align: center;\">Life Extension &#8211; Extrait de curcuma Advanced Curcumin Elite<\/h1>\n<p>Formule de curcumine hautement absorbable avec des extraits de plantes ajout\u00e9s pour des avantages suppl\u00e9mentaires pour la sant\u00e9.<\/p>\n<p>Pour vous, si vous \u00eates \u00e0 la recherche d&#8217;une formule avanc\u00e9e de curcumine avec des avantages suppl\u00e9mentaires pour la sant\u00e9 et une absorbabilit\u00e9 et une disponibilit\u00e9 tr\u00e8s \u00e9lev\u00e9es.<\/p>\n<p>Les ingr\u00e9dients actifs de l&#8217;extrait de curcuma Advanced Curcumin Elite, du gingembre et des turm\u00e9rones peuvent.. :<br \/>\nSont renforc\u00e9s par des extraits de turmerones et de gingembre pour compl\u00e9ter les bienfaits de la curcumine sur la sant\u00e9.<br \/>\nD\u00e9livre 45,5 fois plus de curcumino\u00efdes libres, le compos\u00e9 actif de la curcumine<br \/>\nFournit une absorption 270 fois meilleure des curcumino\u00efdes totaux par rapport \u00e0 la curcumine standard<br \/>\nContribuent \u00e0 inhiber les facteurs inflammatoires et \u00e0 assurer la protection des antioxydants<br \/>\nPromouvoir la sant\u00e9 du c\u0153ur, des articulations et du cerveau<br \/>\nSoutenir un syst\u00e8me immunitaire et une fonction h\u00e9patique sains<\/p>\n<p>La formule Advanced Curcumin Elite d&#8217;extrait de curcuma, de gingembre et de turm\u00e9rones a \u00e9t\u00e9 suraliment\u00e9e par l&#8217;ajout de turm\u00e9rones et d&#8217;extrait de gingembre qui compl\u00e8tent tous les avantages pour la sant\u00e9 que procure la curcumine.<\/p>\n<p><img decoding=\"async\" src=\"https:\/\/ecosupplements.be\/wp-content\/uploads\/2025\/08\/non-gmo-1.png\" title=\"Non-OGM\" alt=\"Non-GMO\"><\/p>\n","protected":false},"excerpt":{"rendered":"<p>Life Extension &#8211; Extrait de curcuma Advanced Curcumin Elite Formule de curcumine hautement absorbable avec des extraits de plantes ajout\u00e9s pour des avantages suppl\u00e9mentaires pour la sant\u00e9. Pour vous, si vous \u00eates \u00e0 la recherche d&#8217;une formule avanc\u00e9e de curcumine avec des avantages suppl\u00e9mentaires pour la sant\u00e9 et une absorbabilit\u00e9 et une disponibilit\u00e9 tr\u00e8s \u00e9lev\u00e9es. [&#8230;]\n","protected":false},"featured_media":247001,"comment_status":"open","ping_status":"open","template":"","meta":[],"product_brand":[4723],"product_cat":[5098,5115,5097,5052],"product_tag":[5069],"class_list":{"0":"post-281328","1":"product","2":"type-product","3":"status-publish","4":"has-post-thumbnail","6":"product_brand-life-extension-2","7":"product_cat-antioxydants","8":"product_cat-cumin","9":"product_cat-curcuma","10":"product_cat-sante-et-bien-etre","11":"product_tag-topeco-2","13":"first","14":"instock","15":"sale","16":"taxable","17":"shipping-taxable","18":"purchasable","19":"product-type-simple"},"yoast_head":"<!-- This site is optimized with the Yoast SEO Premium plugin v27.3 (Yoast SEO v27.3) - https:\/\/yoast.com\/product\/yoast-seo-premium-wordpress\/ -->\n<title>Advanced Curcumin Elite Extrait de Curcuma, Gingembre &amp; Turmerones - 30 softgels - ECO Supplements<\/title>\n<meta name=\"description\" content=\"Wij hebben een ruime keuze aan producten van Advanced Curcumin Elite Extrait de Curcuma, Gingembre &amp; Turmerones - 30 softgels . Winkel bij Eco Supplements altijd gratis verzending boven 100\u20ac\" \/>\n<meta name=\"robots\" content=\"index, follow, max-snippet:-1, max-image-preview:large, max-video-preview:-1\" \/>\n<link rel=\"canonical\" href=\"https:\/\/ecosupplements.be\/fr\/produit\/advanced-curcumin-elite-extrait-de-curcuma-gingembre-turmerones-30-softgels\/\" \/>\n<meta property=\"og:locale\" content=\"fr_FR\" \/>\n<meta property=\"og:type\" content=\"article\" \/>\n<meta property=\"og:title\" content=\"Advanced Curcumin Elite Extrait de Curcuma, Gingembre &amp; Turmerones - 30 softgels\" \/>\n<meta property=\"og:description\" content=\"Wij hebben een ruime keuze aan producten van Advanced Curcumin Elite Extrait de Curcuma, Gingembre &amp; Turmerones - 30 softgels . Winkel bij Eco Supplements altijd gratis verzending boven 100\u20ac\" \/>\n<meta property=\"og:url\" content=\"https:\/\/ecosupplements.be\/fr\/produit\/advanced-curcumin-elite-extrait-de-curcuma-gingembre-turmerones-30-softgels\/\" \/>\n<meta property=\"og:site_name\" content=\"ECO Supplements\" \/>\n<meta property=\"article:modified_time\" content=\"2025-08-27T10:16:06+00:00\" \/>\n<meta property=\"og:image\" content=\"https:\/\/ecosupplements.be\/wp-content\/uploads\/2025\/08\/Life-Extension-Advanced-Curcumin-Elite-Turmeric-Extract-Ginger-Turmerones-30-softgels-1.jpg\" \/>\n\t<meta property=\"og:image:width\" content=\"750\" \/>\n\t<meta property=\"og:image:height\" content=\"750\" \/>\n\t<meta property=\"og:image:type\" content=\"image\/jpeg\" \/>\n<meta name=\"twitter:card\" content=\"summary_large_image\" \/>\n<meta name=\"twitter:label1\" content=\"Prix\" \/>\n\t<meta name=\"twitter:data1\" content=\"24.17&nbsp;&euro;\" \/>\n\t<meta name=\"twitter:label2\" content=\"Disponibilit\u00e9\" \/>\n\t<meta name=\"twitter:data2\" content=\"En stock\" \/>\n<script type=\"application\/ld+json\" class=\"yoast-schema-graph\">{\"@context\":\"https:\\\/\\\/schema.org\",\"@graph\":[{\"@type\":[\"WebPage\",\"ItemPage\"],\"@id\":\"https:\\\/\\\/ecosupplements.be\\\/fr\\\/produit\\\/advanced-curcumin-elite-extrait-de-curcuma-gingembre-turmerones-30-softgels\\\/\",\"url\":\"https:\\\/\\\/ecosupplements.be\\\/fr\\\/produit\\\/advanced-curcumin-elite-extrait-de-curcuma-gingembre-turmerones-30-softgels\\\/\",\"name\":\"Advanced Curcumin Elite Extrait de Curcuma, Gingembre & Turmerones - 30 softgels - ECO Supplements\",\"isPartOf\":{\"@id\":\"https:\\\/\\\/ecosupplements.be\\\/fr\\\/#website\"},\"primaryImageOfPage\":{\"@id\":\"https:\\\/\\\/ecosupplements.be\\\/fr\\\/produit\\\/advanced-curcumin-elite-extrait-de-curcuma-gingembre-turmerones-30-softgels\\\/#primaryimage\"},\"image\":{\"@id\":\"https:\\\/\\\/ecosupplements.be\\\/fr\\\/produit\\\/advanced-curcumin-elite-extrait-de-curcuma-gingembre-turmerones-30-softgels\\\/#primaryimage\"},\"thumbnailUrl\":\"https:\\\/\\\/ecosupplements.be\\\/wp-content\\\/uploads\\\/2025\\\/08\\\/Life-Extension-Advanced-Curcumin-Elite-Turmeric-Extract-Ginger-Turmerones-30-softgels-1.jpg\",\"datePublished\":\"2022-06-28T09:16:40+00:00\",\"dateModified\":\"2025-08-27T10:16:06+00:00\",\"description\":\"Wij hebben een ruime keuze aan producten van Advanced Curcumin Elite Extrait de Curcuma, Gingembre & Turmerones - 30 softgels . Winkel bij Eco Supplements altijd gratis verzending boven 100\u20ac\",\"breadcrumb\":{\"@id\":\"https:\\\/\\\/ecosupplements.be\\\/fr\\\/produit\\\/advanced-curcumin-elite-extrait-de-curcuma-gingembre-turmerones-30-softgels\\\/#breadcrumb\"},\"inLanguage\":\"fr-FR\",\"potentialAction\":[{\"@type\":\"ReadAction\",\"target\":[\"https:\\\/\\\/ecosupplements.be\\\/fr\\\/produit\\\/advanced-curcumin-elite-extrait-de-curcuma-gingembre-turmerones-30-softgels\\\/\"]}]},{\"@type\":\"ImageObject\",\"inLanguage\":\"fr-FR\",\"@id\":\"https:\\\/\\\/ecosupplements.be\\\/fr\\\/produit\\\/advanced-curcumin-elite-extrait-de-curcuma-gingembre-turmerones-30-softgels\\\/#primaryimage\",\"url\":\"https:\\\/\\\/ecosupplements.be\\\/wp-content\\\/uploads\\\/2025\\\/08\\\/Life-Extension-Advanced-Curcumin-Elite-Turmeric-Extract-Ginger-Turmerones-30-softgels-1.jpg\",\"contentUrl\":\"https:\\\/\\\/ecosupplements.be\\\/wp-content\\\/uploads\\\/2025\\\/08\\\/Life-Extension-Advanced-Curcumin-Elite-Turmeric-Extract-Ginger-Turmerones-30-softgels-1.jpg\",\"width\":750,\"height\":750},{\"@type\":\"BreadcrumbList\",\"@id\":\"https:\\\/\\\/ecosupplements.be\\\/fr\\\/produit\\\/advanced-curcumin-elite-extrait-de-curcuma-gingembre-turmerones-30-softgels\\\/#breadcrumb\",\"itemListElement\":[{\"@type\":\"ListItem\",\"position\":1,\"name\":\"Home\",\"item\":\"https:\\\/\\\/ecosupplements.be\\\/fr\\\/\"},{\"@type\":\"ListItem\",\"position\":2,\"name\":\"Boutique\",\"item\":\"https:\\\/\\\/ecosupplements.be\\\/fr\\\/boutique\\\/\"},{\"@type\":\"ListItem\",\"position\":3,\"name\":\"Advanced Curcumin Elite Extrait de Curcuma, Gingembre &#038; Turmerones &#8211; 30 softgels\"}]},{\"@type\":\"WebSite\",\"@id\":\"https:\\\/\\\/ecosupplements.be\\\/fr\\\/#website\",\"url\":\"https:\\\/\\\/ecosupplements.be\\\/fr\\\/\",\"name\":\"ECO Supplements\",\"description\":\"Eco Supplements - Gezonde supplementen\",\"publisher\":{\"@id\":\"https:\\\/\\\/ecosupplements.be\\\/fr\\\/#organization\"},\"potentialAction\":[{\"@type\":\"SearchAction\",\"target\":{\"@type\":\"EntryPoint\",\"urlTemplate\":\"https:\\\/\\\/ecosupplements.be\\\/fr\\\/?s={search_term_string}\"},\"query-input\":{\"@type\":\"PropertyValueSpecification\",\"valueRequired\":true,\"valueName\":\"search_term_string\"}}],\"inLanguage\":\"fr-FR\"},{\"@type\":\"Organization\",\"@id\":\"https:\\\/\\\/ecosupplements.be\\\/fr\\\/#organization\",\"name\":\"Eco Supplements\",\"url\":\"https:\\\/\\\/ecosupplements.be\\\/fr\\\/\",\"logo\":{\"@type\":\"ImageObject\",\"inLanguage\":\"fr-FR\",\"@id\":\"https:\\\/\\\/ecosupplements.be\\\/fr\\\/#\\\/schema\\\/logo\\\/image\\\/\",\"url\":\"https:\\\/\\\/ecosupplements.be\\\/wp-content\\\/uploads\\\/2022\\\/06\\\/ecosupplement-family.png\",\"contentUrl\":\"https:\\\/\\\/ecosupplements.be\\\/wp-content\\\/uploads\\\/2022\\\/06\\\/ecosupplement-family.png\",\"width\":593,\"height\":374,\"caption\":\"Eco Supplements\"},\"image\":{\"@id\":\"https:\\\/\\\/ecosupplements.be\\\/fr\\\/#\\\/schema\\\/logo\\\/image\\\/\"}}]}<\/script>\n<meta property=\"product:brand\" content=\"Life Extension\" \/>\n<meta property=\"product:price:amount\" content=\"24.17\" \/>\n<meta property=\"product:price:currency\" content=\"EUR\" \/>\n<meta property=\"og:availability\" content=\"instock\" \/>\n<meta property=\"product:availability\" content=\"instock\" \/>\n<meta property=\"product:retailer_item_id\" content=\"737870232438\" \/>\n<meta property=\"product:condition\" content=\"new\" \/>\n<!-- \/ Yoast SEO Premium plugin. -->","yoast_head_json":{"title":"Advanced Curcumin Elite Extrait de Curcuma, Gingembre & Turmerones - 30 softgels - ECO Supplements","description":"Wij hebben een ruime keuze aan producten van Advanced Curcumin Elite Extrait de Curcuma, Gingembre & Turmerones - 30 softgels . Winkel bij Eco Supplements altijd gratis verzending boven 100\u20ac","robots":{"index":"index","follow":"follow","max-snippet":"max-snippet:-1","max-image-preview":"max-image-preview:large","max-video-preview":"max-video-preview:-1"},"canonical":"https:\/\/ecosupplements.be\/fr\/produit\/advanced-curcumin-elite-extrait-de-curcuma-gingembre-turmerones-30-softgels\/","og_locale":"fr_FR","og_type":"article","og_title":"Advanced Curcumin Elite Extrait de Curcuma, Gingembre & Turmerones - 30 softgels","og_description":"Wij hebben een ruime keuze aan producten van Advanced Curcumin Elite Extrait de Curcuma, Gingembre & Turmerones - 30 softgels . Winkel bij Eco Supplements altijd gratis verzending boven 100\u20ac","og_url":"https:\/\/ecosupplements.be\/fr\/produit\/advanced-curcumin-elite-extrait-de-curcuma-gingembre-turmerones-30-softgels\/","og_site_name":"ECO Supplements","article_modified_time":"2025-08-27T10:16:06+00:00","og_image":[{"width":750,"height":750,"url":"https:\/\/ecosupplements.be\/wp-content\/uploads\/2025\/08\/Life-Extension-Advanced-Curcumin-Elite-Turmeric-Extract-Ginger-Turmerones-30-softgels-1.jpg","type":"image\/jpeg"}],"twitter_card":"summary_large_image","twitter_misc":{"Prix":"24.17&nbsp;&euro;","Disponibilit\u00e9":"En stock"},"schema":{"@context":"https:\/\/schema.org","@graph":[{"@type":["WebPage","ItemPage"],"@id":"https:\/\/ecosupplements.be\/fr\/produit\/advanced-curcumin-elite-extrait-de-curcuma-gingembre-turmerones-30-softgels\/","url":"https:\/\/ecosupplements.be\/fr\/produit\/advanced-curcumin-elite-extrait-de-curcuma-gingembre-turmerones-30-softgels\/","name":"Advanced Curcumin Elite Extrait de Curcuma, Gingembre & Turmerones - 30 softgels - ECO Supplements","isPartOf":{"@id":"https:\/\/ecosupplements.be\/fr\/#website"},"primaryImageOfPage":{"@id":"https:\/\/ecosupplements.be\/fr\/produit\/advanced-curcumin-elite-extrait-de-curcuma-gingembre-turmerones-30-softgels\/#primaryimage"},"image":{"@id":"https:\/\/ecosupplements.be\/fr\/produit\/advanced-curcumin-elite-extrait-de-curcuma-gingembre-turmerones-30-softgels\/#primaryimage"},"thumbnailUrl":"https:\/\/ecosupplements.be\/wp-content\/uploads\/2025\/08\/Life-Extension-Advanced-Curcumin-Elite-Turmeric-Extract-Ginger-Turmerones-30-softgels-1.jpg","datePublished":"2022-06-28T09:16:40+00:00","dateModified":"2025-08-27T10:16:06+00:00","description":"Wij hebben een ruime keuze aan producten van Advanced Curcumin Elite Extrait de Curcuma, Gingembre & Turmerones - 30 softgels . Winkel bij Eco Supplements altijd gratis verzending boven 100\u20ac","breadcrumb":{"@id":"https:\/\/ecosupplements.be\/fr\/produit\/advanced-curcumin-elite-extrait-de-curcuma-gingembre-turmerones-30-softgels\/#breadcrumb"},"inLanguage":"fr-FR","potentialAction":[{"@type":"ReadAction","target":["https:\/\/ecosupplements.be\/fr\/produit\/advanced-curcumin-elite-extrait-de-curcuma-gingembre-turmerones-30-softgels\/"]}]},{"@type":"ImageObject","inLanguage":"fr-FR","@id":"https:\/\/ecosupplements.be\/fr\/produit\/advanced-curcumin-elite-extrait-de-curcuma-gingembre-turmerones-30-softgels\/#primaryimage","url":"https:\/\/ecosupplements.be\/wp-content\/uploads\/2025\/08\/Life-Extension-Advanced-Curcumin-Elite-Turmeric-Extract-Ginger-Turmerones-30-softgels-1.jpg","contentUrl":"https:\/\/ecosupplements.be\/wp-content\/uploads\/2025\/08\/Life-Extension-Advanced-Curcumin-Elite-Turmeric-Extract-Ginger-Turmerones-30-softgels-1.jpg","width":750,"height":750},{"@type":"BreadcrumbList","@id":"https:\/\/ecosupplements.be\/fr\/produit\/advanced-curcumin-elite-extrait-de-curcuma-gingembre-turmerones-30-softgels\/#breadcrumb","itemListElement":[{"@type":"ListItem","position":1,"name":"Home","item":"https:\/\/ecosupplements.be\/fr\/"},{"@type":"ListItem","position":2,"name":"Boutique","item":"https:\/\/ecosupplements.be\/fr\/boutique\/"},{"@type":"ListItem","position":3,"name":"Advanced Curcumin Elite Extrait de Curcuma, Gingembre &#038; Turmerones &#8211; 30 softgels"}]},{"@type":"WebSite","@id":"https:\/\/ecosupplements.be\/fr\/#website","url":"https:\/\/ecosupplements.be\/fr\/","name":"ECO Supplements","description":"Eco Supplements - Gezonde supplementen","publisher":{"@id":"https:\/\/ecosupplements.be\/fr\/#organization"},"potentialAction":[{"@type":"SearchAction","target":{"@type":"EntryPoint","urlTemplate":"https:\/\/ecosupplements.be\/fr\/?s={search_term_string}"},"query-input":{"@type":"PropertyValueSpecification","valueRequired":true,"valueName":"search_term_string"}}],"inLanguage":"fr-FR"},{"@type":"Organization","@id":"https:\/\/ecosupplements.be\/fr\/#organization","name":"Eco Supplements","url":"https:\/\/ecosupplements.be\/fr\/","logo":{"@type":"ImageObject","inLanguage":"fr-FR","@id":"https:\/\/ecosupplements.be\/fr\/#\/schema\/logo\/image\/","url":"https:\/\/ecosupplements.be\/wp-content\/uploads\/2022\/06\/ecosupplement-family.png","contentUrl":"https:\/\/ecosupplements.be\/wp-content\/uploads\/2022\/06\/ecosupplement-family.png","width":593,"height":374,"caption":"Eco Supplements"},"image":{"@id":"https:\/\/ecosupplements.be\/fr\/#\/schema\/logo\/image\/"}}]},"product_brand":"Life Extension","product_price_amount":"24.17","product_price_currency":"EUR","og_availability":"instock","product_availability":"instock","product_retailer_item_id":"737870232438","product_condition":"new"},"_links":{"self":[{"href":"https:\/\/ecosupplements.be\/fr\/wp-json\/wp\/v2\/product\/281328","targetHints":{"allow":["GET"]}}],"collection":[{"href":"https:\/\/ecosupplements.be\/fr\/wp-json\/wp\/v2\/product"}],"about":[{"href":"https:\/\/ecosupplements.be\/fr\/wp-json\/wp\/v2\/types\/product"}],"replies":[{"embeddable":true,"href":"https:\/\/ecosupplements.be\/fr\/wp-json\/wp\/v2\/comments?post=281328"}],"wp:featuredmedia":[{"embeddable":true,"href":"https:\/\/ecosupplements.be\/fr\/wp-json\/wp\/v2\/media\/247001"}],"wp:attachment":[{"href":"https:\/\/ecosupplements.be\/fr\/wp-json\/wp\/v2\/media?parent=281328"}],"wp:term":[{"taxonomy":"product_brand","embeddable":true,"href":"https:\/\/ecosupplements.be\/fr\/wp-json\/wp\/v2\/product_brand?post=281328"},{"taxonomy":"product_cat","embeddable":true,"href":"https:\/\/ecosupplements.be\/fr\/wp-json\/wp\/v2\/product_cat?post=281328"},{"taxonomy":"product_tag","embeddable":true,"href":"https:\/\/ecosupplements.be\/fr\/wp-json\/wp\/v2\/product_tag?post=281328"}],"curies":[{"name":"wp","href":"https:\/\/api.w.org\/{rel}","templated":true}]}}