{"id":281330,"date":"2022-06-28T10:16:40","date_gmt":"2022-06-28T09:16:40","guid":{"rendered":"https:\/\/ecosupplements.be\/product\/controle-avance-des-lipides-60-vcaps\/"},"modified":"2025-08-27T11:16:13","modified_gmt":"2025-08-27T10:16:13","slug":"controle-avance-des-lipides-60-vcaps","status":"publish","type":"product","link":"https:\/\/ecosupplements.be\/fr\/produit\/controle-avance-des-lipides-60-vcaps\/","title":{"rendered":"Contr\u00f4le avanc\u00e9 des lipides &#8211; 60 vcaps"},"content":{"rendered":"<h1 style=\"text-align: center;\">Life Extension &#8211; Contr\u00f4le avanc\u00e9 des lipides<\/h1>\n<p>La gestion s\u00fbre des taux de lipides sanguins peut \u00eatre un d\u00e9fi pour les personnes qui vieillissent. Pourtant, un nombre croissant de m\u00e9decins reconnaissent le besoin crucial de prot\u00e9ger la paroi art\u00e9rielle contre l&#8217;oxydation des lipoprot\u00e9ines de basse densit\u00e9 (LDL) et les insultes inflammatoires.<br \/>\nPour ceux qui veulent maintenir des niveaux sains de lipides dans le sang, Advanced Lipid Control contient deux ingr\u00e9dients puissants qui aident \u00e0 prot\u00e9ger des aspects cl\u00e9s de la fonction cardiovasculaire : les th\u00e9aflavines du th\u00e9 noir et la groseille indienne. Boisson de base dans de nombreuses cultures depuis des mill\u00e9naires, le th\u00e9 noir contient des th\u00e9aflavines, des flavono\u00efdes b\u00e9n\u00e9fiques pr\u00e9sents naturellement dans ses feuilles s\u00e9ch\u00e9es. Les scientifiques ont d\u00e9couvert que ces th\u00e9aflavines pr\u00e9sentent de multiples avantages pour la sant\u00e9 art\u00e9rielle. En plus de soutenir des niveaux de cholest\u00e9rol sains d\u00e9j\u00e0 dans la fourchette normale, les th\u00e9aflavines se sont av\u00e9r\u00e9es, dans des \u00e9tudes humaines, prot\u00e9ger contre l&#8217;oxydation des LDL1 et affecter favorablement la fonction endoth\u00e9liale, contribuant ainsi \u00e0 maintenir une circulation saine.<br \/>\nLes scientifiques ont \u00e9galement d\u00e9couvert que les flavono\u00efdes du th\u00e9 noir poss\u00e8dent de fortes propri\u00e9t\u00e9s antioxydantes, qui peuvent contribuer \u00e0 att\u00e9nuer les dommages oxydatifs caus\u00e9s aux cellules et aux tissus par les radicaux libres. En outre, les th\u00e9aflavines se sont av\u00e9r\u00e9es utiles pour r\u00e9guler les m\u00e9diateurs inflammatoires cl\u00e9s dans le corps, contribuant ainsi \u00e0 pr\u00e9server l&#8217;int\u00e9grit\u00e9 endoth\u00e9liale.<br \/>\nAdvanced Lipid Control contient maintenant Capros amla, un extrait de groseille \u00e0 maquereau indienne. Cet extrait standardis\u00e9 contient des tanins dont il a \u00e9t\u00e9 d\u00e9montr\u00e9 qu&#8217;ils am\u00e9liorent la fonction endoth\u00e9liale et aident en toute s\u00e9curit\u00e9 \u00e0 maintenir des niveaux sains des trois lipides sanguins cl\u00e9s &#8211; LDL, lipoprot\u00e9ines de haute densit\u00e9 (HDL) et triglyc\u00e9rides &#8211; ainsi que de la prot\u00e9ine C-r\u00e9active.<br \/>\nCette formule sp\u00e9ciale soutient des taux de cholest\u00e9rol sains d\u00e9j\u00e0 dans la fourchette normale et pr\u00e9serve la sant\u00e9 vasculaire et cardiaque tout en offrant une excellente protection antioxydante.<\/p>\n","protected":false},"excerpt":{"rendered":"<p>Life Extension &#8211; Contr\u00f4le avanc\u00e9 des lipides La gestion s\u00fbre des taux de lipides sanguins peut \u00eatre un d\u00e9fi pour les personnes qui vieillissent. Pourtant, un nombre croissant de m\u00e9decins reconnaissent le besoin crucial de prot\u00e9ger la paroi art\u00e9rielle contre l&#8217;oxydation des lipoprot\u00e9ines de basse densit\u00e9 (LDL) et les insultes inflammatoires. Pour ceux qui veulent [&#8230;]\n","protected":false},"featured_media":247013,"comment_status":"open","ping_status":"open","template":"","meta":[],"product_brand":[4723],"product_cat":[5052,5094],"product_tag":[5069],"class_list":{"0":"post-281330","1":"product","2":"type-product","3":"status-publish","4":"has-post-thumbnail","6":"product_brand-life-extension-2","7":"product_cat-sante-et-bien-etre","8":"product_cat-supplements-a-base-de-plantes","9":"product_tag-topeco-2","11":"first","12":"instock","13":"taxable","14":"shipping-taxable","15":"purchasable","16":"product-type-simple"},"yoast_head":"<!-- This site is optimized with the Yoast SEO Premium plugin v27.3 (Yoast SEO v27.3) - https:\/\/yoast.com\/product\/yoast-seo-premium-wordpress\/ -->\n<title>Contr\u00f4le avanc\u00e9 des lipides - 60 vcaps - ECO Supplements<\/title>\n<meta name=\"description\" content=\"Wij hebben een ruime keuze aan producten van Contr\u00f4le avanc\u00e9 des lipides - 60 vcaps . Winkel bij Eco Supplements altijd gratis verzending boven 100\u20ac\" \/>\n<meta name=\"robots\" content=\"index, follow, max-snippet:-1, max-image-preview:large, max-video-preview:-1\" \/>\n<link rel=\"canonical\" href=\"https:\/\/ecosupplements.be\/fr\/produit\/controle-avance-des-lipides-60-vcaps\/\" \/>\n<meta property=\"og:locale\" content=\"fr_FR\" \/>\n<meta property=\"og:type\" content=\"article\" \/>\n<meta property=\"og:title\" content=\"Contr\u00f4le avanc\u00e9 des lipides - 60 vcaps\" \/>\n<meta property=\"og:description\" content=\"Wij hebben een ruime keuze aan producten van Contr\u00f4le avanc\u00e9 des lipides - 60 vcaps . Winkel bij Eco Supplements altijd gratis verzending boven 100\u20ac\" \/>\n<meta property=\"og:url\" content=\"https:\/\/ecosupplements.be\/fr\/produit\/controle-avance-des-lipides-60-vcaps\/\" \/>\n<meta property=\"og:site_name\" content=\"ECO Supplements\" \/>\n<meta property=\"article:modified_time\" content=\"2025-08-27T10:16:13+00:00\" \/>\n<meta property=\"og:image\" content=\"https:\/\/ecosupplements.be\/wp-content\/uploads\/2025\/08\/Life-Extension-Advanced-Lipid-Control-60-vcaps.jpg\" \/>\n\t<meta property=\"og:image:width\" content=\"750\" \/>\n\t<meta property=\"og:image:height\" content=\"750\" \/>\n\t<meta property=\"og:image:type\" content=\"image\/jpeg\" \/>\n<meta name=\"twitter:card\" content=\"summary_large_image\" \/>\n<meta name=\"twitter:label1\" content=\"Prix\" \/>\n\t<meta name=\"twitter:data1\" content=\"31.23&nbsp;&euro;\" \/>\n\t<meta name=\"twitter:label2\" content=\"Disponibilit\u00e9\" \/>\n\t<meta name=\"twitter:data2\" content=\"En stock\" \/>\n<script type=\"application\/ld+json\" class=\"yoast-schema-graph\">{\"@context\":\"https:\\\/\\\/schema.org\",\"@graph\":[{\"@type\":[\"WebPage\",\"ItemPage\"],\"@id\":\"https:\\\/\\\/ecosupplements.be\\\/fr\\\/produit\\\/controle-avance-des-lipides-60-vcaps\\\/\",\"url\":\"https:\\\/\\\/ecosupplements.be\\\/fr\\\/produit\\\/controle-avance-des-lipides-60-vcaps\\\/\",\"name\":\"Contr\u00f4le avanc\u00e9 des lipides - 60 vcaps - ECO Supplements\",\"isPartOf\":{\"@id\":\"https:\\\/\\\/ecosupplements.be\\\/fr\\\/#website\"},\"primaryImageOfPage\":{\"@id\":\"https:\\\/\\\/ecosupplements.be\\\/fr\\\/produit\\\/controle-avance-des-lipides-60-vcaps\\\/#primaryimage\"},\"image\":{\"@id\":\"https:\\\/\\\/ecosupplements.be\\\/fr\\\/produit\\\/controle-avance-des-lipides-60-vcaps\\\/#primaryimage\"},\"thumbnailUrl\":\"https:\\\/\\\/ecosupplements.be\\\/wp-content\\\/uploads\\\/2025\\\/08\\\/Life-Extension-Advanced-Lipid-Control-60-vcaps-1.jpg\",\"datePublished\":\"2022-06-28T09:16:40+00:00\",\"dateModified\":\"2025-08-27T10:16:13+00:00\",\"description\":\"Wij hebben een ruime keuze aan producten van Contr\u00f4le avanc\u00e9 des lipides - 60 vcaps . Winkel bij Eco Supplements altijd gratis verzending boven 100\u20ac\",\"breadcrumb\":{\"@id\":\"https:\\\/\\\/ecosupplements.be\\\/fr\\\/produit\\\/controle-avance-des-lipides-60-vcaps\\\/#breadcrumb\"},\"inLanguage\":\"fr-FR\",\"potentialAction\":[{\"@type\":\"ReadAction\",\"target\":[\"https:\\\/\\\/ecosupplements.be\\\/fr\\\/produit\\\/controle-avance-des-lipides-60-vcaps\\\/\"]}]},{\"@type\":\"ImageObject\",\"inLanguage\":\"fr-FR\",\"@id\":\"https:\\\/\\\/ecosupplements.be\\\/fr\\\/produit\\\/controle-avance-des-lipides-60-vcaps\\\/#primaryimage\",\"url\":\"https:\\\/\\\/ecosupplements.be\\\/wp-content\\\/uploads\\\/2025\\\/08\\\/Life-Extension-Advanced-Lipid-Control-60-vcaps-1.jpg\",\"contentUrl\":\"https:\\\/\\\/ecosupplements.be\\\/wp-content\\\/uploads\\\/2025\\\/08\\\/Life-Extension-Advanced-Lipid-Control-60-vcaps-1.jpg\",\"width\":750,\"height\":750},{\"@type\":\"BreadcrumbList\",\"@id\":\"https:\\\/\\\/ecosupplements.be\\\/fr\\\/produit\\\/controle-avance-des-lipides-60-vcaps\\\/#breadcrumb\",\"itemListElement\":[{\"@type\":\"ListItem\",\"position\":1,\"name\":\"Home\",\"item\":\"https:\\\/\\\/ecosupplements.be\\\/fr\\\/\"},{\"@type\":\"ListItem\",\"position\":2,\"name\":\"Boutique\",\"item\":\"https:\\\/\\\/ecosupplements.be\\\/fr\\\/boutique\\\/\"},{\"@type\":\"ListItem\",\"position\":3,\"name\":\"Contr\u00f4le avanc\u00e9 des lipides &#8211; 60 vcaps\"}]},{\"@type\":\"WebSite\",\"@id\":\"https:\\\/\\\/ecosupplements.be\\\/fr\\\/#website\",\"url\":\"https:\\\/\\\/ecosupplements.be\\\/fr\\\/\",\"name\":\"ECO Supplements\",\"description\":\"Eco Supplements - Gezonde supplementen\",\"publisher\":{\"@id\":\"https:\\\/\\\/ecosupplements.be\\\/fr\\\/#organization\"},\"potentialAction\":[{\"@type\":\"SearchAction\",\"target\":{\"@type\":\"EntryPoint\",\"urlTemplate\":\"https:\\\/\\\/ecosupplements.be\\\/fr\\\/?s={search_term_string}\"},\"query-input\":{\"@type\":\"PropertyValueSpecification\",\"valueRequired\":true,\"valueName\":\"search_term_string\"}}],\"inLanguage\":\"fr-FR\"},{\"@type\":\"Organization\",\"@id\":\"https:\\\/\\\/ecosupplements.be\\\/fr\\\/#organization\",\"name\":\"Eco Supplements\",\"url\":\"https:\\\/\\\/ecosupplements.be\\\/fr\\\/\",\"logo\":{\"@type\":\"ImageObject\",\"inLanguage\":\"fr-FR\",\"@id\":\"https:\\\/\\\/ecosupplements.be\\\/fr\\\/#\\\/schema\\\/logo\\\/image\\\/\",\"url\":\"https:\\\/\\\/ecosupplements.be\\\/wp-content\\\/uploads\\\/2022\\\/06\\\/ecosupplement-family.png\",\"contentUrl\":\"https:\\\/\\\/ecosupplements.be\\\/wp-content\\\/uploads\\\/2022\\\/06\\\/ecosupplement-family.png\",\"width\":593,\"height\":374,\"caption\":\"Eco Supplements\"},\"image\":{\"@id\":\"https:\\\/\\\/ecosupplements.be\\\/fr\\\/#\\\/schema\\\/logo\\\/image\\\/\"}}]}<\/script>\n<meta property=\"product:brand\" content=\"Life Extension\" \/>\n<meta property=\"product:price:amount\" content=\"31.23\" \/>\n<meta property=\"product:price:currency\" content=\"EUR\" \/>\n<meta property=\"og:availability\" content=\"instock\" \/>\n<meta property=\"product:availability\" content=\"instock\" \/>\n<meta property=\"product:retailer_item_id\" content=\"737870182863\" \/>\n<meta property=\"product:condition\" content=\"new\" \/>\n<!-- \/ Yoast SEO Premium plugin. -->","yoast_head_json":{"title":"Contr\u00f4le avanc\u00e9 des lipides - 60 vcaps - ECO Supplements","description":"Wij hebben een ruime keuze aan producten van Contr\u00f4le avanc\u00e9 des lipides - 60 vcaps . Winkel bij Eco Supplements altijd gratis verzending boven 100\u20ac","robots":{"index":"index","follow":"follow","max-snippet":"max-snippet:-1","max-image-preview":"max-image-preview:large","max-video-preview":"max-video-preview:-1"},"canonical":"https:\/\/ecosupplements.be\/fr\/produit\/controle-avance-des-lipides-60-vcaps\/","og_locale":"fr_FR","og_type":"article","og_title":"Contr\u00f4le avanc\u00e9 des lipides - 60 vcaps","og_description":"Wij hebben een ruime keuze aan producten van Contr\u00f4le avanc\u00e9 des lipides - 60 vcaps . Winkel bij Eco Supplements altijd gratis verzending boven 100\u20ac","og_url":"https:\/\/ecosupplements.be\/fr\/produit\/controle-avance-des-lipides-60-vcaps\/","og_site_name":"ECO Supplements","article_modified_time":"2025-08-27T10:16:13+00:00","og_image":[{"width":750,"height":750,"url":"https:\/\/ecosupplements.be\/wp-content\/uploads\/2025\/08\/Life-Extension-Advanced-Lipid-Control-60-vcaps.jpg","type":"image\/jpeg"}],"twitter_card":"summary_large_image","twitter_misc":{"Prix":"31.23&nbsp;&euro;","Disponibilit\u00e9":"En stock"},"schema":{"@context":"https:\/\/schema.org","@graph":[{"@type":["WebPage","ItemPage"],"@id":"https:\/\/ecosupplements.be\/fr\/produit\/controle-avance-des-lipides-60-vcaps\/","url":"https:\/\/ecosupplements.be\/fr\/produit\/controle-avance-des-lipides-60-vcaps\/","name":"Contr\u00f4le avanc\u00e9 des lipides - 60 vcaps - ECO Supplements","isPartOf":{"@id":"https:\/\/ecosupplements.be\/fr\/#website"},"primaryImageOfPage":{"@id":"https:\/\/ecosupplements.be\/fr\/produit\/controle-avance-des-lipides-60-vcaps\/#primaryimage"},"image":{"@id":"https:\/\/ecosupplements.be\/fr\/produit\/controle-avance-des-lipides-60-vcaps\/#primaryimage"},"thumbnailUrl":"https:\/\/ecosupplements.be\/wp-content\/uploads\/2025\/08\/Life-Extension-Advanced-Lipid-Control-60-vcaps-1.jpg","datePublished":"2022-06-28T09:16:40+00:00","dateModified":"2025-08-27T10:16:13+00:00","description":"Wij hebben een ruime keuze aan producten van Contr\u00f4le avanc\u00e9 des lipides - 60 vcaps . Winkel bij Eco Supplements altijd gratis verzending boven 100\u20ac","breadcrumb":{"@id":"https:\/\/ecosupplements.be\/fr\/produit\/controle-avance-des-lipides-60-vcaps\/#breadcrumb"},"inLanguage":"fr-FR","potentialAction":[{"@type":"ReadAction","target":["https:\/\/ecosupplements.be\/fr\/produit\/controle-avance-des-lipides-60-vcaps\/"]}]},{"@type":"ImageObject","inLanguage":"fr-FR","@id":"https:\/\/ecosupplements.be\/fr\/produit\/controle-avance-des-lipides-60-vcaps\/#primaryimage","url":"https:\/\/ecosupplements.be\/wp-content\/uploads\/2025\/08\/Life-Extension-Advanced-Lipid-Control-60-vcaps-1.jpg","contentUrl":"https:\/\/ecosupplements.be\/wp-content\/uploads\/2025\/08\/Life-Extension-Advanced-Lipid-Control-60-vcaps-1.jpg","width":750,"height":750},{"@type":"BreadcrumbList","@id":"https:\/\/ecosupplements.be\/fr\/produit\/controle-avance-des-lipides-60-vcaps\/#breadcrumb","itemListElement":[{"@type":"ListItem","position":1,"name":"Home","item":"https:\/\/ecosupplements.be\/fr\/"},{"@type":"ListItem","position":2,"name":"Boutique","item":"https:\/\/ecosupplements.be\/fr\/boutique\/"},{"@type":"ListItem","position":3,"name":"Contr\u00f4le avanc\u00e9 des lipides &#8211; 60 vcaps"}]},{"@type":"WebSite","@id":"https:\/\/ecosupplements.be\/fr\/#website","url":"https:\/\/ecosupplements.be\/fr\/","name":"ECO Supplements","description":"Eco Supplements - Gezonde supplementen","publisher":{"@id":"https:\/\/ecosupplements.be\/fr\/#organization"},"potentialAction":[{"@type":"SearchAction","target":{"@type":"EntryPoint","urlTemplate":"https:\/\/ecosupplements.be\/fr\/?s={search_term_string}"},"query-input":{"@type":"PropertyValueSpecification","valueRequired":true,"valueName":"search_term_string"}}],"inLanguage":"fr-FR"},{"@type":"Organization","@id":"https:\/\/ecosupplements.be\/fr\/#organization","name":"Eco Supplements","url":"https:\/\/ecosupplements.be\/fr\/","logo":{"@type":"ImageObject","inLanguage":"fr-FR","@id":"https:\/\/ecosupplements.be\/fr\/#\/schema\/logo\/image\/","url":"https:\/\/ecosupplements.be\/wp-content\/uploads\/2022\/06\/ecosupplement-family.png","contentUrl":"https:\/\/ecosupplements.be\/wp-content\/uploads\/2022\/06\/ecosupplement-family.png","width":593,"height":374,"caption":"Eco Supplements"},"image":{"@id":"https:\/\/ecosupplements.be\/fr\/#\/schema\/logo\/image\/"}}]},"product_brand":"Life Extension","product_price_amount":"31.23","product_price_currency":"EUR","og_availability":"instock","product_availability":"instock","product_retailer_item_id":"737870182863","product_condition":"new"},"_links":{"self":[{"href":"https:\/\/ecosupplements.be\/fr\/wp-json\/wp\/v2\/product\/281330","targetHints":{"allow":["GET"]}}],"collection":[{"href":"https:\/\/ecosupplements.be\/fr\/wp-json\/wp\/v2\/product"}],"about":[{"href":"https:\/\/ecosupplements.be\/fr\/wp-json\/wp\/v2\/types\/product"}],"replies":[{"embeddable":true,"href":"https:\/\/ecosupplements.be\/fr\/wp-json\/wp\/v2\/comments?post=281330"}],"wp:featuredmedia":[{"embeddable":true,"href":"https:\/\/ecosupplements.be\/fr\/wp-json\/wp\/v2\/media\/247013"}],"wp:attachment":[{"href":"https:\/\/ecosupplements.be\/fr\/wp-json\/wp\/v2\/media?parent=281330"}],"wp:term":[{"taxonomy":"product_brand","embeddable":true,"href":"https:\/\/ecosupplements.be\/fr\/wp-json\/wp\/v2\/product_brand?post=281330"},{"taxonomy":"product_cat","embeddable":true,"href":"https:\/\/ecosupplements.be\/fr\/wp-json\/wp\/v2\/product_cat?post=281330"},{"taxonomy":"product_tag","embeddable":true,"href":"https:\/\/ecosupplements.be\/fr\/wp-json\/wp\/v2\/product_tag?post=281330"}],"curies":[{"name":"wp","href":"https:\/\/api.w.org\/{rel}","templated":true}]}}