{"id":281331,"date":"2022-06-28T10:16:40","date_gmt":"2022-06-28T09:16:40","guid":{"rendered":"https:\/\/ecosupplements.be\/product\/advanced-milk-thistle-120-gelules\/"},"modified":"2025-08-27T11:16:16","modified_gmt":"2025-08-27T10:16:16","slug":"advanced-milk-thistle-120-gelules","status":"publish","type":"product","link":"https:\/\/ecosupplements.be\/fr\/produit\/advanced-milk-thistle-120-gelules\/","title":{"rendered":"Advanced Milk Thistle &#8211; 120 g\u00e9lules"},"content":{"rendered":"<h1 style=\"text-align: center;\">Life Extension &#8211; Chardon-Marie avanc\u00e9<\/h1>\n<p>Le Chardon Marie europ\u00e9en \u00e0 lib\u00e9ration avanc\u00e9e de phospholipides est une arme puissante pour soutenir la sant\u00e9 du foie. Le chardon marie optimise la fonction h\u00e9patique et soutient les voies de d\u00e9toxification naturelles de l&#8217;organisme. Il est s\u00fbr pour une utilisation quotidienne.<br \/>\nLes avantages en un coup d&#8217;\u0153il<br \/>\nPromotes liver health<br \/>\nOptimise la fonction h\u00e9patique et soutient les voies de d\u00e9toxification naturelles du corps.<br \/>\nLe syst\u00e8me avanc\u00e9 d&#8217;administration de phospholipides augmente les compos\u00e9s actifs dans le foie<br \/>\nFournit des concentrations standardis\u00e9es de silybine et d&#8217;isosilybine A et B que l&#8217;on ne trouve pas dans d&#8217;autres extraits de chardon-Marie.<br \/>\nPowerfully Supports Liver Health<br \/>\nL&#8217;extrait actif du chardon-marie, appel\u00e9 silymarine, est un m\u00e9lange de flavonolignanes, et comprend la silydianine, la silychristine et la silybine, la silybine \u00e9tant la plus active biologiquement.<br \/>\nLa silymarine s&#8217;est av\u00e9r\u00e9e \u00eatre l&#8217;une des substances les plus puissantes pour promouvoir la sant\u00e9 du foie. Ses principaux avantages semblent \u00eatre le soutien d&#8217;une fonction ADN saine, la stabilisation des membranes plasmatiques et la stimulation des cellules h\u00e9patiques. Il a \u00e9galement \u00e9t\u00e9 d\u00e9montr\u00e9 qu&#8217;elle inhibe la peroxydation lipidique et la d\u00e9pl\u00e9tion du glutathion induite par les toxines h\u00e9patiques, augmentant m\u00eame les niveaux de glutathion total dans le foie de 63% par rapport aux t\u00e9moins.<br \/>\nLa phosphatidylcholine am\u00e9liore la diffusion du chardon-marie<br \/>\nJusqu&#8217;\u00e0 r\u00e9cemment, la technologie n&#8217;\u00e9tait pas disponible pour exploiter pleinement les avantages complets de l&#8217;extrait de chardon-marie. Le probl\u00e8me est que le principal composant du chardon-marie, appel\u00e9 silybine, ne se dissout pas bien dans l&#8217;eau. Il est donc difficile pour votre organisme d&#8217;en absorber la totalit\u00e9.<br \/>\nLes scientifiques ont mis au point une nouvelle technologie pour surmonter la faible biodisponibilit\u00e9 de la silybine. La solution consiste \u00e0 m\u00e9langer la silybine avec un nutriment appel\u00e9 phosphatidylcholine.<br \/>\nLa phosphatidylcholine facilite le transport \u00e0 travers la muqueuse intestinale vers la circulation sanguine, ce qui en fait une &#8220;mol\u00e9cule porteuse&#8221; id\u00e9ale pour la silybine. Les scientifiques pensent que la phosphatidylcholine se lie mol\u00e9culairement \u00e0 la silybine en la dirigeant \u00e0 travers les membranes des cellules du tractus intestinal.<br \/>\nCe complexe silybine-phosphatidylcholine est absorb\u00e9 jusqu&#8217;\u00e0 cinq fois mieux que la silymarine seule, et sa biodisponibilit\u00e9 ultime pour le foie, son organe cible, est jusqu&#8217;\u00e0 dix fois sup\u00e9rieure \u00e0 celle de la silymarine seule.<br \/>\nCet extrait innovant de chardon-Marie avec phosphatidylcholine contient des concentrations normalis\u00e9es de silybine et d&#8217;isosilybine A et B que l&#8217;on ne trouve pas dans les autres extraits de chardon-Marie ! Comparez le prix du Chardon Marie Europ\u00e9en aux suppl\u00e9ments commerciaux de silymarine, et vous verrez que cette formule est disponible \u00e0 l&#8217;un des co\u00fbts les plus bas par milligramme.<\/p>\n<p><img decoding=\"async\" src=\"https:\/\/ecosupplements.be\/wp-content\/uploads\/2025\/08\/non-gmo-1.png\" title=\"Non-OGM\" alt=\"Non-GMO\"><\/p>\n","protected":false},"excerpt":{"rendered":"<p>Life Extension &#8211; Chardon-Marie avanc\u00e9 Le Chardon Marie europ\u00e9en \u00e0 lib\u00e9ration avanc\u00e9e de phospholipides est une arme puissante pour soutenir la sant\u00e9 du foie. Le chardon marie optimise la fonction h\u00e9patique et soutient les voies de d\u00e9toxification naturelles de l&#8217;organisme. Il est s\u00fbr pour une utilisation quotidienne. Les avantages en un coup d&#8217;\u0153il Promotes liver [&#8230;]\n","protected":false},"featured_media":247018,"comment_status":"open","ping_status":"open","template":"","meta":[],"product_brand":[4723],"product_cat":[5152,5093,5087,5052,5094,5053],"product_tag":[5071],"class_list":{"0":"post-281331","1":"product","2":"type-product","3":"status-publish","4":"has-post-thumbnail","6":"product_brand-life-extension-2","7":"product_cat-chardon-marie","8":"product_cat-sante-digestive","9":"product_cat-sante-digestive-fibres","10":"product_cat-sante-et-bien-etre","11":"product_cat-supplements-a-base-de-plantes","12":"product_cat-vitamines-et-mineraux","13":"product_tag-ecoplus-2","15":"first","16":"instock","17":"taxable","18":"shipping-taxable","19":"purchasable","20":"product-type-simple"},"yoast_head":"<!-- This site is optimized with the Yoast SEO Premium plugin v27.3 (Yoast SEO v27.3) - https:\/\/yoast.com\/product\/yoast-seo-premium-wordpress\/ -->\n<title>Advanced Milk Thistle - 120 g\u00e9lules - ECO Supplements<\/title>\n<meta name=\"description\" content=\"Wij hebben een ruime keuze aan producten van Advanced Milk Thistle - 120 g\u00e9lules . Winkel bij Eco Supplements altijd gratis verzending boven 100\u20ac\" \/>\n<meta name=\"robots\" content=\"index, follow, max-snippet:-1, max-image-preview:large, max-video-preview:-1\" \/>\n<link rel=\"canonical\" href=\"https:\/\/ecosupplements.be\/fr\/produit\/advanced-milk-thistle-120-gelules\/\" \/>\n<meta property=\"og:locale\" content=\"fr_FR\" \/>\n<meta property=\"og:type\" content=\"article\" \/>\n<meta property=\"og:title\" content=\"Advanced Milk Thistle - 120 g\u00e9lules\" \/>\n<meta property=\"og:description\" content=\"Wij hebben een ruime keuze aan producten van Advanced Milk Thistle - 120 g\u00e9lules . Winkel bij Eco Supplements altijd gratis verzending boven 100\u20ac\" \/>\n<meta property=\"og:url\" content=\"https:\/\/ecosupplements.be\/fr\/produit\/advanced-milk-thistle-120-gelules\/\" \/>\n<meta property=\"og:site_name\" content=\"ECO Supplements\" \/>\n<meta property=\"article:modified_time\" content=\"2025-08-27T10:16:16+00:00\" \/>\n<meta property=\"og:image\" content=\"https:\/\/ecosupplements.be\/wp-content\/uploads\/2025\/08\/Life-Extension-European-Milk-Thistle-120-softgels-1.jpg\" \/>\n\t<meta property=\"og:image:width\" content=\"750\" \/>\n\t<meta property=\"og:image:height\" content=\"750\" \/>\n\t<meta property=\"og:image:type\" content=\"image\/jpeg\" \/>\n<meta name=\"twitter:card\" content=\"summary_large_image\" \/>\n<meta name=\"twitter:label1\" content=\"Prix\" \/>\n\t<meta name=\"twitter:data1\" content=\"54.06&nbsp;&euro;\" \/>\n\t<meta name=\"twitter:label2\" content=\"Disponibilit\u00e9\" \/>\n\t<meta name=\"twitter:data2\" content=\"En stock\" \/>\n<script type=\"application\/ld+json\" class=\"yoast-schema-graph\">{\"@context\":\"https:\\\/\\\/schema.org\",\"@graph\":[{\"@type\":[\"WebPage\",\"ItemPage\"],\"@id\":\"https:\\\/\\\/ecosupplements.be\\\/fr\\\/produit\\\/advanced-milk-thistle-120-gelules\\\/\",\"url\":\"https:\\\/\\\/ecosupplements.be\\\/fr\\\/produit\\\/advanced-milk-thistle-120-gelules\\\/\",\"name\":\"Advanced Milk Thistle - 120 g\u00e9lules - ECO Supplements\",\"isPartOf\":{\"@id\":\"https:\\\/\\\/ecosupplements.be\\\/fr\\\/#website\"},\"primaryImageOfPage\":{\"@id\":\"https:\\\/\\\/ecosupplements.be\\\/fr\\\/produit\\\/advanced-milk-thistle-120-gelules\\\/#primaryimage\"},\"image\":{\"@id\":\"https:\\\/\\\/ecosupplements.be\\\/fr\\\/produit\\\/advanced-milk-thistle-120-gelules\\\/#primaryimage\"},\"thumbnailUrl\":\"https:\\\/\\\/ecosupplements.be\\\/wp-content\\\/uploads\\\/2025\\\/08\\\/Life-Extension-European-Milk-Thistle-120-softgels-1.jpg\",\"datePublished\":\"2022-06-28T09:16:40+00:00\",\"dateModified\":\"2025-08-27T10:16:16+00:00\",\"description\":\"Wij hebben een ruime keuze aan producten van Advanced Milk Thistle - 120 g\u00e9lules . Winkel bij Eco Supplements altijd gratis verzending boven 100\u20ac\",\"breadcrumb\":{\"@id\":\"https:\\\/\\\/ecosupplements.be\\\/fr\\\/produit\\\/advanced-milk-thistle-120-gelules\\\/#breadcrumb\"},\"inLanguage\":\"fr-FR\",\"potentialAction\":[{\"@type\":\"ReadAction\",\"target\":[\"https:\\\/\\\/ecosupplements.be\\\/fr\\\/produit\\\/advanced-milk-thistle-120-gelules\\\/\"]}]},{\"@type\":\"ImageObject\",\"inLanguage\":\"fr-FR\",\"@id\":\"https:\\\/\\\/ecosupplements.be\\\/fr\\\/produit\\\/advanced-milk-thistle-120-gelules\\\/#primaryimage\",\"url\":\"https:\\\/\\\/ecosupplements.be\\\/wp-content\\\/uploads\\\/2025\\\/08\\\/Life-Extension-European-Milk-Thistle-120-softgels-1.jpg\",\"contentUrl\":\"https:\\\/\\\/ecosupplements.be\\\/wp-content\\\/uploads\\\/2025\\\/08\\\/Life-Extension-European-Milk-Thistle-120-softgels-1.jpg\",\"width\":750,\"height\":750},{\"@type\":\"BreadcrumbList\",\"@id\":\"https:\\\/\\\/ecosupplements.be\\\/fr\\\/produit\\\/advanced-milk-thistle-120-gelules\\\/#breadcrumb\",\"itemListElement\":[{\"@type\":\"ListItem\",\"position\":1,\"name\":\"Home\",\"item\":\"https:\\\/\\\/ecosupplements.be\\\/fr\\\/\"},{\"@type\":\"ListItem\",\"position\":2,\"name\":\"Boutique\",\"item\":\"https:\\\/\\\/ecosupplements.be\\\/fr\\\/boutique\\\/\"},{\"@type\":\"ListItem\",\"position\":3,\"name\":\"Advanced Milk Thistle &#8211; 120 g\u00e9lules\"}]},{\"@type\":\"WebSite\",\"@id\":\"https:\\\/\\\/ecosupplements.be\\\/fr\\\/#website\",\"url\":\"https:\\\/\\\/ecosupplements.be\\\/fr\\\/\",\"name\":\"ECO Supplements\",\"description\":\"Eco Supplements - Gezonde supplementen\",\"publisher\":{\"@id\":\"https:\\\/\\\/ecosupplements.be\\\/fr\\\/#organization\"},\"potentialAction\":[{\"@type\":\"SearchAction\",\"target\":{\"@type\":\"EntryPoint\",\"urlTemplate\":\"https:\\\/\\\/ecosupplements.be\\\/fr\\\/?s={search_term_string}\"},\"query-input\":{\"@type\":\"PropertyValueSpecification\",\"valueRequired\":true,\"valueName\":\"search_term_string\"}}],\"inLanguage\":\"fr-FR\"},{\"@type\":\"Organization\",\"@id\":\"https:\\\/\\\/ecosupplements.be\\\/fr\\\/#organization\",\"name\":\"Eco Supplements\",\"url\":\"https:\\\/\\\/ecosupplements.be\\\/fr\\\/\",\"logo\":{\"@type\":\"ImageObject\",\"inLanguage\":\"fr-FR\",\"@id\":\"https:\\\/\\\/ecosupplements.be\\\/fr\\\/#\\\/schema\\\/logo\\\/image\\\/\",\"url\":\"https:\\\/\\\/ecosupplements.be\\\/wp-content\\\/uploads\\\/2022\\\/06\\\/ecosupplement-family.png\",\"contentUrl\":\"https:\\\/\\\/ecosupplements.be\\\/wp-content\\\/uploads\\\/2022\\\/06\\\/ecosupplement-family.png\",\"width\":593,\"height\":374,\"caption\":\"Eco Supplements\"},\"image\":{\"@id\":\"https:\\\/\\\/ecosupplements.be\\\/fr\\\/#\\\/schema\\\/logo\\\/image\\\/\"}}]}<\/script>\n<meta property=\"product:brand\" content=\"Life Extension\" \/>\n<meta property=\"product:price:amount\" content=\"54.06\" \/>\n<meta property=\"product:price:currency\" content=\"EUR\" \/>\n<meta property=\"og:availability\" content=\"instock\" \/>\n<meta property=\"product:availability\" content=\"instock\" \/>\n<meta property=\"product:retailer_item_id\" content=\"737870192510\" \/>\n<meta property=\"product:condition\" content=\"new\" \/>\n<!-- \/ Yoast SEO Premium plugin. -->","yoast_head_json":{"title":"Advanced Milk Thistle - 120 g\u00e9lules - ECO Supplements","description":"Wij hebben een ruime keuze aan producten van Advanced Milk Thistle - 120 g\u00e9lules . Winkel bij Eco Supplements altijd gratis verzending boven 100\u20ac","robots":{"index":"index","follow":"follow","max-snippet":"max-snippet:-1","max-image-preview":"max-image-preview:large","max-video-preview":"max-video-preview:-1"},"canonical":"https:\/\/ecosupplements.be\/fr\/produit\/advanced-milk-thistle-120-gelules\/","og_locale":"fr_FR","og_type":"article","og_title":"Advanced Milk Thistle - 120 g\u00e9lules","og_description":"Wij hebben een ruime keuze aan producten van Advanced Milk Thistle - 120 g\u00e9lules . Winkel bij Eco Supplements altijd gratis verzending boven 100\u20ac","og_url":"https:\/\/ecosupplements.be\/fr\/produit\/advanced-milk-thistle-120-gelules\/","og_site_name":"ECO Supplements","article_modified_time":"2025-08-27T10:16:16+00:00","og_image":[{"width":750,"height":750,"url":"https:\/\/ecosupplements.be\/wp-content\/uploads\/2025\/08\/Life-Extension-European-Milk-Thistle-120-softgels-1.jpg","type":"image\/jpeg"}],"twitter_card":"summary_large_image","twitter_misc":{"Prix":"54.06&nbsp;&euro;","Disponibilit\u00e9":"En stock"},"schema":{"@context":"https:\/\/schema.org","@graph":[{"@type":["WebPage","ItemPage"],"@id":"https:\/\/ecosupplements.be\/fr\/produit\/advanced-milk-thistle-120-gelules\/","url":"https:\/\/ecosupplements.be\/fr\/produit\/advanced-milk-thistle-120-gelules\/","name":"Advanced Milk Thistle - 120 g\u00e9lules - ECO Supplements","isPartOf":{"@id":"https:\/\/ecosupplements.be\/fr\/#website"},"primaryImageOfPage":{"@id":"https:\/\/ecosupplements.be\/fr\/produit\/advanced-milk-thistle-120-gelules\/#primaryimage"},"image":{"@id":"https:\/\/ecosupplements.be\/fr\/produit\/advanced-milk-thistle-120-gelules\/#primaryimage"},"thumbnailUrl":"https:\/\/ecosupplements.be\/wp-content\/uploads\/2025\/08\/Life-Extension-European-Milk-Thistle-120-softgels-1.jpg","datePublished":"2022-06-28T09:16:40+00:00","dateModified":"2025-08-27T10:16:16+00:00","description":"Wij hebben een ruime keuze aan producten van Advanced Milk Thistle - 120 g\u00e9lules . Winkel bij Eco Supplements altijd gratis verzending boven 100\u20ac","breadcrumb":{"@id":"https:\/\/ecosupplements.be\/fr\/produit\/advanced-milk-thistle-120-gelules\/#breadcrumb"},"inLanguage":"fr-FR","potentialAction":[{"@type":"ReadAction","target":["https:\/\/ecosupplements.be\/fr\/produit\/advanced-milk-thistle-120-gelules\/"]}]},{"@type":"ImageObject","inLanguage":"fr-FR","@id":"https:\/\/ecosupplements.be\/fr\/produit\/advanced-milk-thistle-120-gelules\/#primaryimage","url":"https:\/\/ecosupplements.be\/wp-content\/uploads\/2025\/08\/Life-Extension-European-Milk-Thistle-120-softgels-1.jpg","contentUrl":"https:\/\/ecosupplements.be\/wp-content\/uploads\/2025\/08\/Life-Extension-European-Milk-Thistle-120-softgels-1.jpg","width":750,"height":750},{"@type":"BreadcrumbList","@id":"https:\/\/ecosupplements.be\/fr\/produit\/advanced-milk-thistle-120-gelules\/#breadcrumb","itemListElement":[{"@type":"ListItem","position":1,"name":"Home","item":"https:\/\/ecosupplements.be\/fr\/"},{"@type":"ListItem","position":2,"name":"Boutique","item":"https:\/\/ecosupplements.be\/fr\/boutique\/"},{"@type":"ListItem","position":3,"name":"Advanced Milk Thistle &#8211; 120 g\u00e9lules"}]},{"@type":"WebSite","@id":"https:\/\/ecosupplements.be\/fr\/#website","url":"https:\/\/ecosupplements.be\/fr\/","name":"ECO Supplements","description":"Eco Supplements - Gezonde supplementen","publisher":{"@id":"https:\/\/ecosupplements.be\/fr\/#organization"},"potentialAction":[{"@type":"SearchAction","target":{"@type":"EntryPoint","urlTemplate":"https:\/\/ecosupplements.be\/fr\/?s={search_term_string}"},"query-input":{"@type":"PropertyValueSpecification","valueRequired":true,"valueName":"search_term_string"}}],"inLanguage":"fr-FR"},{"@type":"Organization","@id":"https:\/\/ecosupplements.be\/fr\/#organization","name":"Eco Supplements","url":"https:\/\/ecosupplements.be\/fr\/","logo":{"@type":"ImageObject","inLanguage":"fr-FR","@id":"https:\/\/ecosupplements.be\/fr\/#\/schema\/logo\/image\/","url":"https:\/\/ecosupplements.be\/wp-content\/uploads\/2022\/06\/ecosupplement-family.png","contentUrl":"https:\/\/ecosupplements.be\/wp-content\/uploads\/2022\/06\/ecosupplement-family.png","width":593,"height":374,"caption":"Eco Supplements"},"image":{"@id":"https:\/\/ecosupplements.be\/fr\/#\/schema\/logo\/image\/"}}]},"product_brand":"Life Extension","product_price_amount":"54.06","product_price_currency":"EUR","og_availability":"instock","product_availability":"instock","product_retailer_item_id":"737870192510","product_condition":"new"},"_links":{"self":[{"href":"https:\/\/ecosupplements.be\/fr\/wp-json\/wp\/v2\/product\/281331","targetHints":{"allow":["GET"]}}],"collection":[{"href":"https:\/\/ecosupplements.be\/fr\/wp-json\/wp\/v2\/product"}],"about":[{"href":"https:\/\/ecosupplements.be\/fr\/wp-json\/wp\/v2\/types\/product"}],"replies":[{"embeddable":true,"href":"https:\/\/ecosupplements.be\/fr\/wp-json\/wp\/v2\/comments?post=281331"}],"wp:featuredmedia":[{"embeddable":true,"href":"https:\/\/ecosupplements.be\/fr\/wp-json\/wp\/v2\/media\/247018"}],"wp:attachment":[{"href":"https:\/\/ecosupplements.be\/fr\/wp-json\/wp\/v2\/media?parent=281331"}],"wp:term":[{"taxonomy":"product_brand","embeddable":true,"href":"https:\/\/ecosupplements.be\/fr\/wp-json\/wp\/v2\/product_brand?post=281331"},{"taxonomy":"product_cat","embeddable":true,"href":"https:\/\/ecosupplements.be\/fr\/wp-json\/wp\/v2\/product_cat?post=281331"},{"taxonomy":"product_tag","embeddable":true,"href":"https:\/\/ecosupplements.be\/fr\/wp-json\/wp\/v2\/product_tag?post=281331"}],"curies":[{"name":"wp","href":"https:\/\/api.w.org\/{rel}","templated":true}]}}