{"id":281344,"date":"2022-06-28T10:16:47","date_gmt":"2022-06-28T09:16:47","guid":{"rendered":"https:\/\/ecosupplements.be\/product\/benfotiamine-avec-thiamine-100mg-120-vcaps\/"},"modified":"2025-08-27T11:16:57","modified_gmt":"2025-08-27T10:16:57","slug":"benfotiamine-avec-thiamine-100mg-120-vcaps","status":"publish","type":"product","link":"https:\/\/ecosupplements.be\/fr\/produit\/benfotiamine-avec-thiamine-100mg-120-vcaps\/","title":{"rendered":"Benfotiamine avec Thiamine, 100mg &#8211; 120 vcaps"},"content":{"rendered":"<h1 style=\"text-align: center;\">Life Extension &#8211; Benfotiamine avec Thiamine<\/h1>\n<p>La benfotiamine, une forme liposoluble de la vitamine B1 (thiamine), favorise un m\u00e9tabolisme sain de la glyc\u00e9mie et aide \u00e0 prot\u00e9ger les tissus de l&#8217;organisme contre les produits finaux de glycation avanc\u00e9e et le stress oxydatif.1 Par exemple, l&#8217;enzyme transc\u00e9tolase est essentielle au m\u00e9tabolisme de la glyc\u00e9mie. Comme de nombreuses enzymes, la transc\u00e9tolase a besoin d&#8217;un cofacteur. Dans ce cas, elle a besoin de l&#8217;aide de la thiamine. Malheureusement, la thiamine est hydrosoluble, ce qui la rend moins disponible \u00e0 l&#8217;int\u00e9rieur de la cellule. La benfotiamine est liposoluble et peut facilement p\u00e9n\u00e9trer \u00e0 l&#8217;int\u00e9rieur des cellules. Elle est \u00e9galement plus biodisponible que la thiamine hydrosoluble.<br \/>\nDans une \u00e9tude qui a fait date, la benfotiamine a effectivement augment\u00e9 l&#8217;activit\u00e9 de la transc\u00e9tolase dans les cultures cellulaires d&#8217;un \u00e9tonnant 300%, contre seulement 20% pour la thiamine. Cette activation robuste \u00e9tait suffisante pour bloquer trois des quatre principales voies m\u00e9taboliques menant \u00e0 la d\u00e9t\u00e9rioration des vaisseaux sanguins.1 La benfotiamine bloque \u00e9galement l&#8217;activation du facteur de transcription connu sous le nom de facteur nucl\u00e9aire-kappa B (NF-kB), qui est impliqu\u00e9 dans de nombreuses conditions inflammatoires.<br \/>\nDans l&#8217;ensemble, la benfotiamine peut activer le m\u00e9tabolisme du glucose et favoriser des taux de glyc\u00e9mie sains chez ceux qui se trouvent d\u00e9j\u00e0 dans la fourchette normale. La benfotiamine aide \u00e9galement \u00e0 maintenir une fonction endoth\u00e9liale saine. La benfotiamine avec thiamine est un compl\u00e9ment alimentaire peu co\u00fbteux qui peut aider \u00e0 maintenir des niveaux de sucre dans le sang chez ceux qui se trouvent d\u00e9j\u00e0 dans la fourchette normale et soutenir la sant\u00e9 des nerfs, des reins, des yeux, des vaisseaux sanguins et du c\u0153ur.<\/p>\n<p><img decoding=\"async\" src=\"https:\/\/ecosupplements.be\/wp-content\/uploads\/2025\/08\/gluten-free-1.png\" title=\"Sans gluten\" alt=\"Gluten free\"><img decoding=\"async\" src=\"https:\/\/ecosupplements.be\/wp-content\/uploads\/2025\/08\/non-gmo-1.png\" title=\"Non-OGM\" alt=\"Non-GMO\"><\/p>\n<p>Compl\u00e9ment alimentaire :<br \/>\nPortion : 1 Capsule V\u00e9g\u00e9tarienne<br \/>\nPortions par conteneur : 120<br \/>\nQuantit\u00e9 par portion :<br \/>\nThiamine (vitamine B1) (sous forme de thiamine HCl) 25mg 2083%<br \/>\nBenfotiamine 100mg<br \/>\nBenfotiamine avec Thiamine Autres ingr\u00e9dients :<br \/>\nCellulose microcristalline, cellulose v\u00e9g\u00e9tale (capsule), silice, st\u00e9arate v\u00e9g\u00e9tal.<br \/>\nBenfotiamine avec Thiamine Utilisation recommand\u00e9e :<br \/>\nPrendre une (1) capsule quatre fois par jour avec ou sans nourriture, ou selon les recommandations d&#8217;un professionnel de la sant\u00e9.<br \/>\nAvertissements :<br \/>\nTenir hors de port\u00e9e des enfants. Ne pas d\u00e9passer la dose recommand\u00e9e. Ne pas acheter si le sceau ext\u00e9rieur est bris\u00e9 ou endommag\u00e9.<br \/>\nLorsque vous utilisez des compl\u00e9ments alimentaires, veuillez consulter votre m\u00e9decin si vous suivez un traitement pour un probl\u00e8me m\u00e9dical ou si vous \u00eates enceinte ou allaitante.<\/p>\n","protected":false},"excerpt":{"rendered":"<p>Life Extension &#8211; Benfotiamine avec Thiamine La benfotiamine, une forme liposoluble de la vitamine B1 (thiamine), favorise un m\u00e9tabolisme sain de la glyc\u00e9mie et aide \u00e0 prot\u00e9ger les tissus de l&#8217;organisme contre les produits finaux de glycation avanc\u00e9e et le stress oxydatif.1 Par exemple, l&#8217;enzyme transc\u00e9tolase est essentielle au m\u00e9tabolisme de la glyc\u00e9mie. Comme de [&#8230;]\n","protected":false},"featured_media":247083,"comment_status":"open","ping_status":"open","template":"","meta":[],"product_brand":[4723],"product_cat":[5048,5049,5051,5052],"product_tag":[5069],"class_list":{"0":"post-281344","1":"product","2":"type-product","3":"status-publish","4":"has-post-thumbnail","6":"product_brand-life-extension-2","7":"product_cat-aptitude","8":"product_cat-le-controle-du-poids","9":"product_cat-minceur-et-gestion-du-poids","10":"product_cat-sante-et-bien-etre","11":"product_tag-topeco-2","13":"first","14":"instock","15":"featured","16":"taxable","17":"shipping-taxable","18":"purchasable","19":"product-type-simple"},"yoast_head":"<!-- This site is optimized with the Yoast SEO Premium plugin v27.3 (Yoast SEO v27.3) - https:\/\/yoast.com\/product\/yoast-seo-premium-wordpress\/ -->\n<title>Benfotiamine avec Thiamine, 100mg - 120 vcaps - ECO Supplements<\/title>\n<meta name=\"description\" content=\"Wij hebben een ruime keuze aan producten van Benfotiamine avec Thiamine, 100mg - 120 vcaps . Winkel bij Eco Supplements altijd gratis verzending boven 100\u20ac\" \/>\n<meta name=\"robots\" content=\"index, follow, max-snippet:-1, max-image-preview:large, max-video-preview:-1\" \/>\n<link rel=\"canonical\" href=\"https:\/\/ecosupplements.be\/fr\/produit\/benfotiamine-avec-thiamine-100mg-120-vcaps\/\" \/>\n<meta property=\"og:locale\" content=\"fr_FR\" \/>\n<meta property=\"og:type\" content=\"article\" \/>\n<meta property=\"og:title\" content=\"Benfotiamine avec Thiamine, 100mg - 120 vcaps\" \/>\n<meta property=\"og:description\" content=\"Wij hebben een ruime keuze aan producten van Benfotiamine avec Thiamine, 100mg - 120 vcaps . Winkel bij Eco Supplements altijd gratis verzending boven 100\u20ac\" \/>\n<meta property=\"og:url\" content=\"https:\/\/ecosupplements.be\/fr\/produit\/benfotiamine-avec-thiamine-100mg-120-vcaps\/\" \/>\n<meta property=\"og:site_name\" content=\"ECO Supplements\" \/>\n<meta property=\"article:modified_time\" content=\"2025-08-27T10:16:57+00:00\" \/>\n<meta property=\"og:image\" content=\"https:\/\/ecosupplements.be\/wp-content\/uploads\/2025\/08\/Life-Extension-Benfotiamine-with-Thiamine-100mg-120-vcaps-1.jpg\" \/>\n\t<meta property=\"og:image:width\" content=\"750\" \/>\n\t<meta property=\"og:image:height\" content=\"750\" \/>\n\t<meta property=\"og:image:type\" content=\"image\/jpeg\" \/>\n<meta name=\"twitter:card\" content=\"summary_large_image\" \/>\n<meta name=\"twitter:label1\" content=\"Prix\" \/>\n\t<meta name=\"twitter:data1\" content=\"22.22&nbsp;&euro;\" \/>\n\t<meta name=\"twitter:label2\" content=\"Disponibilit\u00e9\" \/>\n\t<meta name=\"twitter:data2\" content=\"En stock\" \/>\n<script type=\"application\/ld+json\" class=\"yoast-schema-graph\">{\"@context\":\"https:\\\/\\\/schema.org\",\"@graph\":[{\"@type\":[\"WebPage\",\"ItemPage\"],\"@id\":\"https:\\\/\\\/ecosupplements.be\\\/fr\\\/produit\\\/benfotiamine-avec-thiamine-100mg-120-vcaps\\\/\",\"url\":\"https:\\\/\\\/ecosupplements.be\\\/fr\\\/produit\\\/benfotiamine-avec-thiamine-100mg-120-vcaps\\\/\",\"name\":\"Benfotiamine avec Thiamine, 100mg - 120 vcaps - ECO Supplements\",\"isPartOf\":{\"@id\":\"https:\\\/\\\/ecosupplements.be\\\/fr\\\/#website\"},\"primaryImageOfPage\":{\"@id\":\"https:\\\/\\\/ecosupplements.be\\\/fr\\\/produit\\\/benfotiamine-avec-thiamine-100mg-120-vcaps\\\/#primaryimage\"},\"image\":{\"@id\":\"https:\\\/\\\/ecosupplements.be\\\/fr\\\/produit\\\/benfotiamine-avec-thiamine-100mg-120-vcaps\\\/#primaryimage\"},\"thumbnailUrl\":\"https:\\\/\\\/ecosupplements.be\\\/wp-content\\\/uploads\\\/2025\\\/08\\\/Life-Extension-Benfotiamine-with-Thiamine-100mg-120-vcaps-1.jpg\",\"datePublished\":\"2022-06-28T09:16:47+00:00\",\"dateModified\":\"2025-08-27T10:16:57+00:00\",\"description\":\"Wij hebben een ruime keuze aan producten van Benfotiamine avec Thiamine, 100mg - 120 vcaps . Winkel bij Eco Supplements altijd gratis verzending boven 100\u20ac\",\"breadcrumb\":{\"@id\":\"https:\\\/\\\/ecosupplements.be\\\/fr\\\/produit\\\/benfotiamine-avec-thiamine-100mg-120-vcaps\\\/#breadcrumb\"},\"inLanguage\":\"fr-FR\",\"potentialAction\":[{\"@type\":\"ReadAction\",\"target\":[\"https:\\\/\\\/ecosupplements.be\\\/fr\\\/produit\\\/benfotiamine-avec-thiamine-100mg-120-vcaps\\\/\"]}]},{\"@type\":\"ImageObject\",\"inLanguage\":\"fr-FR\",\"@id\":\"https:\\\/\\\/ecosupplements.be\\\/fr\\\/produit\\\/benfotiamine-avec-thiamine-100mg-120-vcaps\\\/#primaryimage\",\"url\":\"https:\\\/\\\/ecosupplements.be\\\/wp-content\\\/uploads\\\/2025\\\/08\\\/Life-Extension-Benfotiamine-with-Thiamine-100mg-120-vcaps-1.jpg\",\"contentUrl\":\"https:\\\/\\\/ecosupplements.be\\\/wp-content\\\/uploads\\\/2025\\\/08\\\/Life-Extension-Benfotiamine-with-Thiamine-100mg-120-vcaps-1.jpg\",\"width\":750,\"height\":750},{\"@type\":\"BreadcrumbList\",\"@id\":\"https:\\\/\\\/ecosupplements.be\\\/fr\\\/produit\\\/benfotiamine-avec-thiamine-100mg-120-vcaps\\\/#breadcrumb\",\"itemListElement\":[{\"@type\":\"ListItem\",\"position\":1,\"name\":\"Home\",\"item\":\"https:\\\/\\\/ecosupplements.be\\\/fr\\\/\"},{\"@type\":\"ListItem\",\"position\":2,\"name\":\"Boutique\",\"item\":\"https:\\\/\\\/ecosupplements.be\\\/fr\\\/boutique\\\/\"},{\"@type\":\"ListItem\",\"position\":3,\"name\":\"Benfotiamine avec Thiamine, 100mg &#8211; 120 vcaps\"}]},{\"@type\":\"WebSite\",\"@id\":\"https:\\\/\\\/ecosupplements.be\\\/fr\\\/#website\",\"url\":\"https:\\\/\\\/ecosupplements.be\\\/fr\\\/\",\"name\":\"ECO Supplements\",\"description\":\"Eco Supplements - Gezonde supplementen\",\"publisher\":{\"@id\":\"https:\\\/\\\/ecosupplements.be\\\/fr\\\/#organization\"},\"potentialAction\":[{\"@type\":\"SearchAction\",\"target\":{\"@type\":\"EntryPoint\",\"urlTemplate\":\"https:\\\/\\\/ecosupplements.be\\\/fr\\\/?s={search_term_string}\"},\"query-input\":{\"@type\":\"PropertyValueSpecification\",\"valueRequired\":true,\"valueName\":\"search_term_string\"}}],\"inLanguage\":\"fr-FR\"},{\"@type\":\"Organization\",\"@id\":\"https:\\\/\\\/ecosupplements.be\\\/fr\\\/#organization\",\"name\":\"Eco Supplements\",\"url\":\"https:\\\/\\\/ecosupplements.be\\\/fr\\\/\",\"logo\":{\"@type\":\"ImageObject\",\"inLanguage\":\"fr-FR\",\"@id\":\"https:\\\/\\\/ecosupplements.be\\\/fr\\\/#\\\/schema\\\/logo\\\/image\\\/\",\"url\":\"https:\\\/\\\/ecosupplements.be\\\/wp-content\\\/uploads\\\/2022\\\/06\\\/ecosupplement-family.png\",\"contentUrl\":\"https:\\\/\\\/ecosupplements.be\\\/wp-content\\\/uploads\\\/2022\\\/06\\\/ecosupplement-family.png\",\"width\":593,\"height\":374,\"caption\":\"Eco Supplements\"},\"image\":{\"@id\":\"https:\\\/\\\/ecosupplements.be\\\/fr\\\/#\\\/schema\\\/logo\\\/image\\\/\"}}]}<\/script>\n<meta property=\"product:brand\" content=\"Life Extension\" \/>\n<meta property=\"product:price:amount\" content=\"22.22\" \/>\n<meta property=\"product:price:currency\" content=\"EUR\" \/>\n<meta property=\"og:availability\" content=\"instock\" \/>\n<meta property=\"product:availability\" content=\"instock\" \/>\n<meta property=\"product:retailer_item_id\" content=\"737870920120\" \/>\n<meta property=\"product:condition\" content=\"new\" \/>\n<!-- \/ Yoast SEO Premium plugin. -->","yoast_head_json":{"title":"Benfotiamine avec Thiamine, 100mg - 120 vcaps - ECO Supplements","description":"Wij hebben een ruime keuze aan producten van Benfotiamine avec Thiamine, 100mg - 120 vcaps . Winkel bij Eco Supplements altijd gratis verzending boven 100\u20ac","robots":{"index":"index","follow":"follow","max-snippet":"max-snippet:-1","max-image-preview":"max-image-preview:large","max-video-preview":"max-video-preview:-1"},"canonical":"https:\/\/ecosupplements.be\/fr\/produit\/benfotiamine-avec-thiamine-100mg-120-vcaps\/","og_locale":"fr_FR","og_type":"article","og_title":"Benfotiamine avec Thiamine, 100mg - 120 vcaps","og_description":"Wij hebben een ruime keuze aan producten van Benfotiamine avec Thiamine, 100mg - 120 vcaps . Winkel bij Eco Supplements altijd gratis verzending boven 100\u20ac","og_url":"https:\/\/ecosupplements.be\/fr\/produit\/benfotiamine-avec-thiamine-100mg-120-vcaps\/","og_site_name":"ECO Supplements","article_modified_time":"2025-08-27T10:16:57+00:00","og_image":[{"width":750,"height":750,"url":"https:\/\/ecosupplements.be\/wp-content\/uploads\/2025\/08\/Life-Extension-Benfotiamine-with-Thiamine-100mg-120-vcaps-1.jpg","type":"image\/jpeg"}],"twitter_card":"summary_large_image","twitter_misc":{"Prix":"22.22&nbsp;&euro;","Disponibilit\u00e9":"En stock"},"schema":{"@context":"https:\/\/schema.org","@graph":[{"@type":["WebPage","ItemPage"],"@id":"https:\/\/ecosupplements.be\/fr\/produit\/benfotiamine-avec-thiamine-100mg-120-vcaps\/","url":"https:\/\/ecosupplements.be\/fr\/produit\/benfotiamine-avec-thiamine-100mg-120-vcaps\/","name":"Benfotiamine avec Thiamine, 100mg - 120 vcaps - ECO Supplements","isPartOf":{"@id":"https:\/\/ecosupplements.be\/fr\/#website"},"primaryImageOfPage":{"@id":"https:\/\/ecosupplements.be\/fr\/produit\/benfotiamine-avec-thiamine-100mg-120-vcaps\/#primaryimage"},"image":{"@id":"https:\/\/ecosupplements.be\/fr\/produit\/benfotiamine-avec-thiamine-100mg-120-vcaps\/#primaryimage"},"thumbnailUrl":"https:\/\/ecosupplements.be\/wp-content\/uploads\/2025\/08\/Life-Extension-Benfotiamine-with-Thiamine-100mg-120-vcaps-1.jpg","datePublished":"2022-06-28T09:16:47+00:00","dateModified":"2025-08-27T10:16:57+00:00","description":"Wij hebben een ruime keuze aan producten van Benfotiamine avec Thiamine, 100mg - 120 vcaps . Winkel bij Eco Supplements altijd gratis verzending boven 100\u20ac","breadcrumb":{"@id":"https:\/\/ecosupplements.be\/fr\/produit\/benfotiamine-avec-thiamine-100mg-120-vcaps\/#breadcrumb"},"inLanguage":"fr-FR","potentialAction":[{"@type":"ReadAction","target":["https:\/\/ecosupplements.be\/fr\/produit\/benfotiamine-avec-thiamine-100mg-120-vcaps\/"]}]},{"@type":"ImageObject","inLanguage":"fr-FR","@id":"https:\/\/ecosupplements.be\/fr\/produit\/benfotiamine-avec-thiamine-100mg-120-vcaps\/#primaryimage","url":"https:\/\/ecosupplements.be\/wp-content\/uploads\/2025\/08\/Life-Extension-Benfotiamine-with-Thiamine-100mg-120-vcaps-1.jpg","contentUrl":"https:\/\/ecosupplements.be\/wp-content\/uploads\/2025\/08\/Life-Extension-Benfotiamine-with-Thiamine-100mg-120-vcaps-1.jpg","width":750,"height":750},{"@type":"BreadcrumbList","@id":"https:\/\/ecosupplements.be\/fr\/produit\/benfotiamine-avec-thiamine-100mg-120-vcaps\/#breadcrumb","itemListElement":[{"@type":"ListItem","position":1,"name":"Home","item":"https:\/\/ecosupplements.be\/fr\/"},{"@type":"ListItem","position":2,"name":"Boutique","item":"https:\/\/ecosupplements.be\/fr\/boutique\/"},{"@type":"ListItem","position":3,"name":"Benfotiamine avec Thiamine, 100mg &#8211; 120 vcaps"}]},{"@type":"WebSite","@id":"https:\/\/ecosupplements.be\/fr\/#website","url":"https:\/\/ecosupplements.be\/fr\/","name":"ECO Supplements","description":"Eco Supplements - Gezonde supplementen","publisher":{"@id":"https:\/\/ecosupplements.be\/fr\/#organization"},"potentialAction":[{"@type":"SearchAction","target":{"@type":"EntryPoint","urlTemplate":"https:\/\/ecosupplements.be\/fr\/?s={search_term_string}"},"query-input":{"@type":"PropertyValueSpecification","valueRequired":true,"valueName":"search_term_string"}}],"inLanguage":"fr-FR"},{"@type":"Organization","@id":"https:\/\/ecosupplements.be\/fr\/#organization","name":"Eco Supplements","url":"https:\/\/ecosupplements.be\/fr\/","logo":{"@type":"ImageObject","inLanguage":"fr-FR","@id":"https:\/\/ecosupplements.be\/fr\/#\/schema\/logo\/image\/","url":"https:\/\/ecosupplements.be\/wp-content\/uploads\/2022\/06\/ecosupplement-family.png","contentUrl":"https:\/\/ecosupplements.be\/wp-content\/uploads\/2022\/06\/ecosupplement-family.png","width":593,"height":374,"caption":"Eco Supplements"},"image":{"@id":"https:\/\/ecosupplements.be\/fr\/#\/schema\/logo\/image\/"}}]},"product_brand":"Life Extension","product_price_amount":"22.22","product_price_currency":"EUR","og_availability":"instock","product_availability":"instock","product_retailer_item_id":"737870920120","product_condition":"new"},"_links":{"self":[{"href":"https:\/\/ecosupplements.be\/fr\/wp-json\/wp\/v2\/product\/281344","targetHints":{"allow":["GET"]}}],"collection":[{"href":"https:\/\/ecosupplements.be\/fr\/wp-json\/wp\/v2\/product"}],"about":[{"href":"https:\/\/ecosupplements.be\/fr\/wp-json\/wp\/v2\/types\/product"}],"replies":[{"embeddable":true,"href":"https:\/\/ecosupplements.be\/fr\/wp-json\/wp\/v2\/comments?post=281344"}],"wp:featuredmedia":[{"embeddable":true,"href":"https:\/\/ecosupplements.be\/fr\/wp-json\/wp\/v2\/media\/247083"}],"wp:attachment":[{"href":"https:\/\/ecosupplements.be\/fr\/wp-json\/wp\/v2\/media?parent=281344"}],"wp:term":[{"taxonomy":"product_brand","embeddable":true,"href":"https:\/\/ecosupplements.be\/fr\/wp-json\/wp\/v2\/product_brand?post=281344"},{"taxonomy":"product_cat","embeddable":true,"href":"https:\/\/ecosupplements.be\/fr\/wp-json\/wp\/v2\/product_cat?post=281344"},{"taxonomy":"product_tag","embeddable":true,"href":"https:\/\/ecosupplements.be\/fr\/wp-json\/wp\/v2\/product_tag?post=281344"}],"curies":[{"name":"wp","href":"https:\/\/api.w.org\/{rel}","templated":true}]}}