{"id":281346,"date":"2022-06-28T10:16:47","date_gmt":"2022-06-28T09:16:47","guid":{"rendered":"https:\/\/ecosupplements.be\/product\/extrait-de-myrtille-europeenne-standardise-100mg-90-vcaps\/"},"modified":"2025-08-27T11:17:04","modified_gmt":"2025-08-27T10:17:04","slug":"extrait-de-myrtille-europeenne-standardise-100mg-90-vcaps","status":"publish","type":"product","link":"https:\/\/ecosupplements.be\/fr\/produit\/extrait-de-myrtille-europeenne-standardise-100mg-90-vcaps\/","title":{"rendered":"Extrait de myrtille europ\u00e9enne standardis\u00e9, 100mg &#8211; 90 vcaps"},"content":{"rendered":"<h1 style=\"text-align: center\">Life Extension &#8211; Extrait de myrtille standardis\u00e9 europ\u00e9en<\/h1>\n<h3 style=\"text-align: center\">Favorise l&#8217;acuit\u00e9 visuelle<\/h3>\n<p>De nombreux probl\u00e8mes li\u00e9s \u00e0 l&#8217;\u00e2ge et communs aux yeux sont caus\u00e9s par une circulation compromise. Les extraits de myrtille ont des propri\u00e9t\u00e9s antioxydantes qui non seulement sont neuroprotectrices, mais qui aident aussi \u00e0 supprimer les processus photooxydatifs et il a \u00e9t\u00e9 d\u00e9montr\u00e9 qu&#8217;ils am\u00e9liorent la circulation microcapillaire. La teneur en anthocyanines de la myrtille peut \u00eatre particuli\u00e8rement b\u00e9n\u00e9fique pour l&#8217;acuit\u00e9 visuelle nocturne.<\/p>\n<p><img decoding=\"async\" src=\"https:\/\/ecosupplements.be\/wp-content\/uploads\/2025\/08\/non-gmo-1.png\" title=\"Non-OGM\" alt=\"Non-GMO\"><\/p>\n","protected":false},"excerpt":{"rendered":"<p>Life Extension &#8211; Extrait de myrtille standardis\u00e9 europ\u00e9en Favorise l&#8217;acuit\u00e9 visuelle De nombreux probl\u00e8mes li\u00e9s \u00e0 l&#8217;\u00e2ge et communs aux yeux sont caus\u00e9s par une circulation compromise. Les extraits de myrtille ont des propri\u00e9t\u00e9s antioxydantes qui non seulement sont neuroprotectrices, mais qui aident aussi \u00e0 supprimer les processus photooxydatifs et il a \u00e9t\u00e9 d\u00e9montr\u00e9 qu&#8217;ils [&#8230;]\n","protected":false},"featured_media":247095,"comment_status":"open","ping_status":"open","template":"","meta":[],"product_brand":[4723],"product_cat":[5052,5094],"product_tag":[5069],"class_list":{"0":"post-281346","1":"product","2":"type-product","3":"status-publish","4":"has-post-thumbnail","6":"product_brand-life-extension-2","7":"product_cat-sante-et-bien-etre","8":"product_cat-supplements-a-base-de-plantes","9":"product_tag-topeco-2","11":"first","12":"instock","13":"taxable","14":"shipping-taxable","15":"purchasable","16":"product-type-simple"},"yoast_head":"<!-- This site is optimized with the Yoast SEO Premium plugin v27.3 (Yoast SEO v27.3) - https:\/\/yoast.com\/product\/yoast-seo-premium-wordpress\/ -->\n<title>Extrait de myrtille europ\u00e9enne standardis\u00e9, 100mg - 90 vcaps - ECO Supplements<\/title>\n<meta name=\"description\" content=\"Wij hebben een ruime keuze aan producten van Extrait de myrtille europ\u00e9enne standardis\u00e9, 100mg - 90 vcaps . Winkel bij Eco Supplements altijd gratis verzending boven 100\u20ac\" \/>\n<meta name=\"robots\" content=\"index, follow, max-snippet:-1, max-image-preview:large, max-video-preview:-1\" \/>\n<link rel=\"canonical\" href=\"https:\/\/ecosupplements.be\/fr\/produit\/extrait-de-myrtille-europeenne-standardise-100mg-90-vcaps\/\" \/>\n<meta property=\"og:locale\" content=\"fr_FR\" \/>\n<meta property=\"og:type\" content=\"article\" \/>\n<meta property=\"og:title\" content=\"Extrait de myrtille europ\u00e9enne standardis\u00e9, 100mg - 90 vcaps\" \/>\n<meta property=\"og:description\" content=\"Wij hebben een ruime keuze aan producten van Extrait de myrtille europ\u00e9enne standardis\u00e9, 100mg - 90 vcaps . Winkel bij Eco Supplements altijd gratis verzending boven 100\u20ac\" \/>\n<meta property=\"og:url\" content=\"https:\/\/ecosupplements.be\/fr\/produit\/extrait-de-myrtille-europeenne-standardise-100mg-90-vcaps\/\" \/>\n<meta property=\"og:site_name\" content=\"ECO Supplements\" \/>\n<meta property=\"article:modified_time\" content=\"2025-08-27T10:17:04+00:00\" \/>\n<meta property=\"og:image\" content=\"https:\/\/ecosupplements.be\/wp-content\/uploads\/2025\/08\/Life-Extension-Bilberry-Extract-Standardized-European-90-vcaps-1.jpg\" \/>\n\t<meta property=\"og:image:width\" content=\"750\" \/>\n\t<meta property=\"og:image:height\" content=\"750\" \/>\n\t<meta property=\"og:image:type\" content=\"image\/jpeg\" \/>\n<meta name=\"twitter:card\" content=\"summary_large_image\" \/>\n<meta name=\"twitter:label1\" content=\"Prix\" \/>\n\t<meta name=\"twitter:data1\" content=\"37.11&nbsp;&euro;\" \/>\n\t<meta name=\"twitter:label2\" content=\"Disponibilit\u00e9\" \/>\n\t<meta name=\"twitter:data2\" content=\"En stock\" \/>\n<script type=\"application\/ld+json\" class=\"yoast-schema-graph\">{\"@context\":\"https:\\\/\\\/schema.org\",\"@graph\":[{\"@type\":[\"WebPage\",\"ItemPage\"],\"@id\":\"https:\\\/\\\/ecosupplements.be\\\/fr\\\/produit\\\/extrait-de-myrtille-europeenne-standardise-100mg-90-vcaps\\\/\",\"url\":\"https:\\\/\\\/ecosupplements.be\\\/fr\\\/produit\\\/extrait-de-myrtille-europeenne-standardise-100mg-90-vcaps\\\/\",\"name\":\"Extrait de myrtille europ\u00e9enne standardis\u00e9, 100mg - 90 vcaps - ECO Supplements\",\"isPartOf\":{\"@id\":\"https:\\\/\\\/ecosupplements.be\\\/fr\\\/#website\"},\"primaryImageOfPage\":{\"@id\":\"https:\\\/\\\/ecosupplements.be\\\/fr\\\/produit\\\/extrait-de-myrtille-europeenne-standardise-100mg-90-vcaps\\\/#primaryimage\"},\"image\":{\"@id\":\"https:\\\/\\\/ecosupplements.be\\\/fr\\\/produit\\\/extrait-de-myrtille-europeenne-standardise-100mg-90-vcaps\\\/#primaryimage\"},\"thumbnailUrl\":\"https:\\\/\\\/ecosupplements.be\\\/wp-content\\\/uploads\\\/2025\\\/08\\\/Life-Extension-Bilberry-Extract-Standardized-European-90-vcaps-1.jpg\",\"datePublished\":\"2022-06-28T09:16:47+00:00\",\"dateModified\":\"2025-08-27T10:17:04+00:00\",\"description\":\"Wij hebben een ruime keuze aan producten van Extrait de myrtille europ\u00e9enne standardis\u00e9, 100mg - 90 vcaps . Winkel bij Eco Supplements altijd gratis verzending boven 100\u20ac\",\"breadcrumb\":{\"@id\":\"https:\\\/\\\/ecosupplements.be\\\/fr\\\/produit\\\/extrait-de-myrtille-europeenne-standardise-100mg-90-vcaps\\\/#breadcrumb\"},\"inLanguage\":\"fr-FR\",\"potentialAction\":[{\"@type\":\"ReadAction\",\"target\":[\"https:\\\/\\\/ecosupplements.be\\\/fr\\\/produit\\\/extrait-de-myrtille-europeenne-standardise-100mg-90-vcaps\\\/\"]}]},{\"@type\":\"ImageObject\",\"inLanguage\":\"fr-FR\",\"@id\":\"https:\\\/\\\/ecosupplements.be\\\/fr\\\/produit\\\/extrait-de-myrtille-europeenne-standardise-100mg-90-vcaps\\\/#primaryimage\",\"url\":\"https:\\\/\\\/ecosupplements.be\\\/wp-content\\\/uploads\\\/2025\\\/08\\\/Life-Extension-Bilberry-Extract-Standardized-European-90-vcaps-1.jpg\",\"contentUrl\":\"https:\\\/\\\/ecosupplements.be\\\/wp-content\\\/uploads\\\/2025\\\/08\\\/Life-Extension-Bilberry-Extract-Standardized-European-90-vcaps-1.jpg\",\"width\":750,\"height\":750},{\"@type\":\"BreadcrumbList\",\"@id\":\"https:\\\/\\\/ecosupplements.be\\\/fr\\\/produit\\\/extrait-de-myrtille-europeenne-standardise-100mg-90-vcaps\\\/#breadcrumb\",\"itemListElement\":[{\"@type\":\"ListItem\",\"position\":1,\"name\":\"Home\",\"item\":\"https:\\\/\\\/ecosupplements.be\\\/fr\\\/\"},{\"@type\":\"ListItem\",\"position\":2,\"name\":\"Boutique\",\"item\":\"https:\\\/\\\/ecosupplements.be\\\/fr\\\/boutique\\\/\"},{\"@type\":\"ListItem\",\"position\":3,\"name\":\"Extrait de myrtille europ\u00e9enne standardis\u00e9, 100mg &#8211; 90 vcaps\"}]},{\"@type\":\"WebSite\",\"@id\":\"https:\\\/\\\/ecosupplements.be\\\/fr\\\/#website\",\"url\":\"https:\\\/\\\/ecosupplements.be\\\/fr\\\/\",\"name\":\"ECO Supplements\",\"description\":\"Eco Supplements - Gezonde supplementen\",\"publisher\":{\"@id\":\"https:\\\/\\\/ecosupplements.be\\\/fr\\\/#organization\"},\"potentialAction\":[{\"@type\":\"SearchAction\",\"target\":{\"@type\":\"EntryPoint\",\"urlTemplate\":\"https:\\\/\\\/ecosupplements.be\\\/fr\\\/?s={search_term_string}\"},\"query-input\":{\"@type\":\"PropertyValueSpecification\",\"valueRequired\":true,\"valueName\":\"search_term_string\"}}],\"inLanguage\":\"fr-FR\"},{\"@type\":\"Organization\",\"@id\":\"https:\\\/\\\/ecosupplements.be\\\/fr\\\/#organization\",\"name\":\"Eco Supplements\",\"url\":\"https:\\\/\\\/ecosupplements.be\\\/fr\\\/\",\"logo\":{\"@type\":\"ImageObject\",\"inLanguage\":\"fr-FR\",\"@id\":\"https:\\\/\\\/ecosupplements.be\\\/fr\\\/#\\\/schema\\\/logo\\\/image\\\/\",\"url\":\"https:\\\/\\\/ecosupplements.be\\\/wp-content\\\/uploads\\\/2022\\\/06\\\/ecosupplement-family.png\",\"contentUrl\":\"https:\\\/\\\/ecosupplements.be\\\/wp-content\\\/uploads\\\/2022\\\/06\\\/ecosupplement-family.png\",\"width\":593,\"height\":374,\"caption\":\"Eco Supplements\"},\"image\":{\"@id\":\"https:\\\/\\\/ecosupplements.be\\\/fr\\\/#\\\/schema\\\/logo\\\/image\\\/\"}}]}<\/script>\n<meta property=\"product:brand\" content=\"Life Extension\" \/>\n<meta property=\"product:price:amount\" content=\"37.11\" \/>\n<meta property=\"product:price:currency\" content=\"EUR\" \/>\n<meta property=\"og:availability\" content=\"instock\" \/>\n<meta property=\"product:availability\" content=\"instock\" \/>\n<meta property=\"product:retailer_item_id\" content=\"737870187394\" \/>\n<meta property=\"product:condition\" content=\"new\" \/>\n<!-- \/ Yoast SEO Premium plugin. -->","yoast_head_json":{"title":"Extrait de myrtille europ\u00e9enne standardis\u00e9, 100mg - 90 vcaps - ECO Supplements","description":"Wij hebben een ruime keuze aan producten van Extrait de myrtille europ\u00e9enne standardis\u00e9, 100mg - 90 vcaps . Winkel bij Eco Supplements altijd gratis verzending boven 100\u20ac","robots":{"index":"index","follow":"follow","max-snippet":"max-snippet:-1","max-image-preview":"max-image-preview:large","max-video-preview":"max-video-preview:-1"},"canonical":"https:\/\/ecosupplements.be\/fr\/produit\/extrait-de-myrtille-europeenne-standardise-100mg-90-vcaps\/","og_locale":"fr_FR","og_type":"article","og_title":"Extrait de myrtille europ\u00e9enne standardis\u00e9, 100mg - 90 vcaps","og_description":"Wij hebben een ruime keuze aan producten van Extrait de myrtille europ\u00e9enne standardis\u00e9, 100mg - 90 vcaps . Winkel bij Eco Supplements altijd gratis verzending boven 100\u20ac","og_url":"https:\/\/ecosupplements.be\/fr\/produit\/extrait-de-myrtille-europeenne-standardise-100mg-90-vcaps\/","og_site_name":"ECO Supplements","article_modified_time":"2025-08-27T10:17:04+00:00","og_image":[{"width":750,"height":750,"url":"https:\/\/ecosupplements.be\/wp-content\/uploads\/2025\/08\/Life-Extension-Bilberry-Extract-Standardized-European-90-vcaps-1.jpg","type":"image\/jpeg"}],"twitter_card":"summary_large_image","twitter_misc":{"Prix":"37.11&nbsp;&euro;","Disponibilit\u00e9":"En stock"},"schema":{"@context":"https:\/\/schema.org","@graph":[{"@type":["WebPage","ItemPage"],"@id":"https:\/\/ecosupplements.be\/fr\/produit\/extrait-de-myrtille-europeenne-standardise-100mg-90-vcaps\/","url":"https:\/\/ecosupplements.be\/fr\/produit\/extrait-de-myrtille-europeenne-standardise-100mg-90-vcaps\/","name":"Extrait de myrtille europ\u00e9enne standardis\u00e9, 100mg - 90 vcaps - ECO Supplements","isPartOf":{"@id":"https:\/\/ecosupplements.be\/fr\/#website"},"primaryImageOfPage":{"@id":"https:\/\/ecosupplements.be\/fr\/produit\/extrait-de-myrtille-europeenne-standardise-100mg-90-vcaps\/#primaryimage"},"image":{"@id":"https:\/\/ecosupplements.be\/fr\/produit\/extrait-de-myrtille-europeenne-standardise-100mg-90-vcaps\/#primaryimage"},"thumbnailUrl":"https:\/\/ecosupplements.be\/wp-content\/uploads\/2025\/08\/Life-Extension-Bilberry-Extract-Standardized-European-90-vcaps-1.jpg","datePublished":"2022-06-28T09:16:47+00:00","dateModified":"2025-08-27T10:17:04+00:00","description":"Wij hebben een ruime keuze aan producten van Extrait de myrtille europ\u00e9enne standardis\u00e9, 100mg - 90 vcaps . Winkel bij Eco Supplements altijd gratis verzending boven 100\u20ac","breadcrumb":{"@id":"https:\/\/ecosupplements.be\/fr\/produit\/extrait-de-myrtille-europeenne-standardise-100mg-90-vcaps\/#breadcrumb"},"inLanguage":"fr-FR","potentialAction":[{"@type":"ReadAction","target":["https:\/\/ecosupplements.be\/fr\/produit\/extrait-de-myrtille-europeenne-standardise-100mg-90-vcaps\/"]}]},{"@type":"ImageObject","inLanguage":"fr-FR","@id":"https:\/\/ecosupplements.be\/fr\/produit\/extrait-de-myrtille-europeenne-standardise-100mg-90-vcaps\/#primaryimage","url":"https:\/\/ecosupplements.be\/wp-content\/uploads\/2025\/08\/Life-Extension-Bilberry-Extract-Standardized-European-90-vcaps-1.jpg","contentUrl":"https:\/\/ecosupplements.be\/wp-content\/uploads\/2025\/08\/Life-Extension-Bilberry-Extract-Standardized-European-90-vcaps-1.jpg","width":750,"height":750},{"@type":"BreadcrumbList","@id":"https:\/\/ecosupplements.be\/fr\/produit\/extrait-de-myrtille-europeenne-standardise-100mg-90-vcaps\/#breadcrumb","itemListElement":[{"@type":"ListItem","position":1,"name":"Home","item":"https:\/\/ecosupplements.be\/fr\/"},{"@type":"ListItem","position":2,"name":"Boutique","item":"https:\/\/ecosupplements.be\/fr\/boutique\/"},{"@type":"ListItem","position":3,"name":"Extrait de myrtille europ\u00e9enne standardis\u00e9, 100mg &#8211; 90 vcaps"}]},{"@type":"WebSite","@id":"https:\/\/ecosupplements.be\/fr\/#website","url":"https:\/\/ecosupplements.be\/fr\/","name":"ECO Supplements","description":"Eco Supplements - Gezonde supplementen","publisher":{"@id":"https:\/\/ecosupplements.be\/fr\/#organization"},"potentialAction":[{"@type":"SearchAction","target":{"@type":"EntryPoint","urlTemplate":"https:\/\/ecosupplements.be\/fr\/?s={search_term_string}"},"query-input":{"@type":"PropertyValueSpecification","valueRequired":true,"valueName":"search_term_string"}}],"inLanguage":"fr-FR"},{"@type":"Organization","@id":"https:\/\/ecosupplements.be\/fr\/#organization","name":"Eco Supplements","url":"https:\/\/ecosupplements.be\/fr\/","logo":{"@type":"ImageObject","inLanguage":"fr-FR","@id":"https:\/\/ecosupplements.be\/fr\/#\/schema\/logo\/image\/","url":"https:\/\/ecosupplements.be\/wp-content\/uploads\/2022\/06\/ecosupplement-family.png","contentUrl":"https:\/\/ecosupplements.be\/wp-content\/uploads\/2022\/06\/ecosupplement-family.png","width":593,"height":374,"caption":"Eco Supplements"},"image":{"@id":"https:\/\/ecosupplements.be\/fr\/#\/schema\/logo\/image\/"}}]},"product_brand":"Life Extension","product_price_amount":"37.11","product_price_currency":"EUR","og_availability":"instock","product_availability":"instock","product_retailer_item_id":"737870187394","product_condition":"new"},"_links":{"self":[{"href":"https:\/\/ecosupplements.be\/fr\/wp-json\/wp\/v2\/product\/281346","targetHints":{"allow":["GET"]}}],"collection":[{"href":"https:\/\/ecosupplements.be\/fr\/wp-json\/wp\/v2\/product"}],"about":[{"href":"https:\/\/ecosupplements.be\/fr\/wp-json\/wp\/v2\/types\/product"}],"replies":[{"embeddable":true,"href":"https:\/\/ecosupplements.be\/fr\/wp-json\/wp\/v2\/comments?post=281346"}],"wp:featuredmedia":[{"embeddable":true,"href":"https:\/\/ecosupplements.be\/fr\/wp-json\/wp\/v2\/media\/247095"}],"wp:attachment":[{"href":"https:\/\/ecosupplements.be\/fr\/wp-json\/wp\/v2\/media?parent=281346"}],"wp:term":[{"taxonomy":"product_brand","embeddable":true,"href":"https:\/\/ecosupplements.be\/fr\/wp-json\/wp\/v2\/product_brand?post=281346"},{"taxonomy":"product_cat","embeddable":true,"href":"https:\/\/ecosupplements.be\/fr\/wp-json\/wp\/v2\/product_cat?post=281346"},{"taxonomy":"product_tag","embeddable":true,"href":"https:\/\/ecosupplements.be\/fr\/wp-json\/wp\/v2\/product_tag?post=281346"}],"curies":[{"name":"wp","href":"https:\/\/api.w.org\/{rel}","templated":true}]}}