{"id":281352,"date":"2022-06-28T10:16:47","date_gmt":"2022-06-28T09:16:47","guid":{"rendered":"https:\/\/ecosupplements.be\/product\/huile-de-graines-de-nigelle-60-capsules-molles\/"},"modified":"2025-08-27T11:17:26","modified_gmt":"2025-08-27T10:17:26","slug":"huile-de-graines-de-nigelle-60-capsules-molles","status":"publish","type":"product","link":"https:\/\/ecosupplements.be\/fr\/produit\/huile-de-graines-de-nigelle-60-capsules-molles\/","title":{"rendered":"Huile de graines de nigelle &#8211; 60 capsules molles"},"content":{"rendered":"<h1 style=\"text-align: center;\">Life Extension &#8211; Huile de graines de nigelle<\/h1>\n<p>L&#8217;huile de graines de nigelle est particuli\u00e8rement efficace pour \u00e9quilibrer les r\u00e9ponses immunitaires et inflammatoires, ce qui est essentiel pour pr\u00e9server notre sant\u00e9 \u00e0 mesure que nous vieillissons. Gr\u00e2ce \u00e0 son large spectre de compos\u00e9s actifs, notre huile de graine de nigelle fait double emploi &#8211; en soutenant un syst\u00e8me immunitaire sain et en facilitant une r\u00e9ponse inflammatoire saine. Obtenez donc un soutien puissant pour votre sant\u00e9 en ajoutant l&#8217;huile de graines de nigelle \u00e0 votre r\u00e9gime de suppl\u00e9ments d\u00e8s aujourd&#8217;hui !<br \/>\nLes avantages en un coup d&#8217;\u0153il :<br \/>\nAide \u00e0 inhiber les facteurs inflammatoires<br \/>\nPromotes optimal immune system function<br \/>\nAide \u00e0 maintenir un syst\u00e8me immunitaire sain et vieillissant<br \/>\n\u00c9quilibre les r\u00e9ponses immunitaires et inflammatoires<br \/>\nSant\u00e9 immunitaire, r\u00e9ponse inflammatoire et vieillissement<br \/>\nTrouver un moyen d&#8217;\u00e9quilibrer le soutien immunitaire et le contr\u00f4le de l&#8217;inflammation est essentiel pour maintenir une sant\u00e9 optimale dans le cadre d&#8217;un vieillissement normal. C&#8217;est l\u00e0 qu&#8217;entre en jeu une huile unique d\u00e9riv\u00e9e des graines de la nigelle. Il a \u00e9t\u00e9 scientifiquement d\u00e9montr\u00e9 que l&#8217;huile de graines de nigelle est d&#8217;une efficacit\u00e9 unique pour \u00e9quilibrer \u00e0 la fois le soutien immunitaire et le contr\u00f4le de l&#8217;inflammation en raison d&#8217;un large \u00e9ventail de compos\u00e9s actifs b\u00e9n\u00e9fiques pour la sant\u00e9 humaine.<br \/>\nFavorise une r\u00e9ponse inflammatoire saine<br \/>\nUne r\u00e9ponse saine aux facteurs inflammatoires est un \u00e9l\u00e9ment crucial de la pr\u00e9servation d&#8217;une sant\u00e9 robuste. Dans une vaste s\u00e9rie d&#8217;\u00e9tudes, il a \u00e9t\u00e9 d\u00e9montr\u00e9 que l&#8217;huile de graines de nigelle soutient l&#8217;efficacit\u00e9 de nombreux facteurs biologiques qui contribuent \u00e0 l&#8217;activit\u00e9 inflammatoire normale du corps, y compris les substances chimiques critiques de signalisation cellulaire et les messagers de type hormonal.<br \/>\nRenforce le syst\u00e8me immunitaire<br \/>\nDes \u00e9tudes montrent \u00e9galement que l&#8217;huile de graines de nigelle soutient la sant\u00e9 immunitaire en facilitant le fonctionnement optimal d&#8217;un syst\u00e8me immunitaire sain et vieillissant. Elle y parvient en soutenant les activit\u00e9s d\u00e9fensives vitales des macrophages et des cellules T auxiliaires qui travaillent ensemble pour renforcer vos d\u00e9fenses immunitaires.<br \/>\nDeux fonctions essentielles en un seul suppl\u00e9ment<br \/>\nEn agissant \u00e0 la fois sur les facteurs immunitaires et les facteurs inflammatoires, l&#8217;huile de graines de nigelle de Life Extension soutient un syst\u00e8me immunitaire sain et facilite une r\u00e9ponse inflammatoire saine. Ajoutez ce compl\u00e9ment vital \u00e0 votre r\u00e9gime de soins d\u00e8s aujourd&#8217;hui !<\/p>\n","protected":false},"excerpt":{"rendered":"<p>Life Extension &#8211; Huile de graines de nigelle L&#8217;huile de graines de nigelle est particuli\u00e8rement efficace pour \u00e9quilibrer les r\u00e9ponses immunitaires et inflammatoires, ce qui est essentiel pour pr\u00e9server notre sant\u00e9 \u00e0 mesure que nous vieillissons. Gr\u00e2ce \u00e0 son large spectre de compos\u00e9s actifs, notre huile de graine de nigelle fait double emploi &#8211; en [&#8230;]\n","protected":false},"featured_media":247125,"comment_status":"open","ping_status":"open","template":"","meta":[],"product_brand":[4723],"product_cat":[5115,5070,5052,5123,5124,5053],"product_tag":[],"class_list":{"0":"post-281352","1":"product","2":"type-product","3":"status-publish","4":"has-post-thumbnail","6":"product_brand-life-extension-2","7":"product_cat-cumin","8":"product_cat-non-classe","9":"product_cat-sante-et-bien-etre","10":"product_cat-soutien-du-systeme-immunitaire","11":"product_cat-systeme-immunitaire","12":"product_cat-vitamines-et-mineraux","14":"first","15":"instock","16":"taxable","17":"shipping-taxable","18":"purchasable","19":"product-type-simple"},"yoast_head":"<!-- This site is optimized with the Yoast SEO Premium plugin v27.3 (Yoast SEO v27.3) - https:\/\/yoast.com\/product\/yoast-seo-premium-wordpress\/ -->\n<title>Huile de graines de nigelle - 60 capsules molles - ECO Supplements<\/title>\n<meta name=\"description\" content=\"Wij hebben een ruime keuze aan producten van Huile de graines de nigelle - 60 capsules molles . Winkel bij Eco Supplements altijd gratis verzending boven 100\u20ac\" \/>\n<meta name=\"robots\" content=\"index, follow, max-snippet:-1, max-image-preview:large, max-video-preview:-1\" \/>\n<link rel=\"canonical\" href=\"https:\/\/ecosupplements.be\/fr\/produit\/huile-de-graines-de-nigelle-60-capsules-molles\/\" \/>\n<meta property=\"og:locale\" content=\"fr_FR\" \/>\n<meta property=\"og:type\" content=\"article\" \/>\n<meta property=\"og:title\" content=\"Huile de graines de nigelle - 60 capsules molles\" \/>\n<meta property=\"og:description\" content=\"Wij hebben een ruime keuze aan producten van Huile de graines de nigelle - 60 capsules molles . Winkel bij Eco Supplements altijd gratis verzending boven 100\u20ac\" \/>\n<meta property=\"og:url\" content=\"https:\/\/ecosupplements.be\/fr\/produit\/huile-de-graines-de-nigelle-60-capsules-molles\/\" \/>\n<meta property=\"og:site_name\" content=\"ECO Supplements\" \/>\n<meta property=\"article:modified_time\" content=\"2025-08-27T10:17:26+00:00\" \/>\n<meta property=\"og:image\" content=\"https:\/\/ecosupplements.be\/wp-content\/uploads\/2025\/08\/Life-Extension-Black-Cumin-Seed-Oil-60-softgels.jpg\" \/>\n\t<meta property=\"og:image:width\" content=\"750\" \/>\n\t<meta property=\"og:image:height\" content=\"750\" \/>\n\t<meta property=\"og:image:type\" content=\"image\/jpeg\" \/>\n<meta name=\"twitter:card\" content=\"summary_large_image\" \/>\n<meta name=\"twitter:label1\" content=\"Prix\" \/>\n\t<meta name=\"twitter:data1\" content=\"15.90&nbsp;&euro;\" \/>\n\t<meta name=\"twitter:label2\" content=\"Disponibilit\u00e9\" \/>\n\t<meta name=\"twitter:data2\" content=\"En stock\" \/>\n<script type=\"application\/ld+json\" class=\"yoast-schema-graph\">{\"@context\":\"https:\\\/\\\/schema.org\",\"@graph\":[{\"@type\":[\"WebPage\",\"ItemPage\"],\"@id\":\"https:\\\/\\\/ecosupplements.be\\\/fr\\\/produit\\\/huile-de-graines-de-nigelle-60-capsules-molles\\\/\",\"url\":\"https:\\\/\\\/ecosupplements.be\\\/fr\\\/produit\\\/huile-de-graines-de-nigelle-60-capsules-molles\\\/\",\"name\":\"Huile de graines de nigelle - 60 capsules molles - ECO Supplements\",\"isPartOf\":{\"@id\":\"https:\\\/\\\/ecosupplements.be\\\/fr\\\/#website\"},\"primaryImageOfPage\":{\"@id\":\"https:\\\/\\\/ecosupplements.be\\\/fr\\\/produit\\\/huile-de-graines-de-nigelle-60-capsules-molles\\\/#primaryimage\"},\"image\":{\"@id\":\"https:\\\/\\\/ecosupplements.be\\\/fr\\\/produit\\\/huile-de-graines-de-nigelle-60-capsules-molles\\\/#primaryimage\"},\"thumbnailUrl\":\"https:\\\/\\\/ecosupplements.be\\\/wp-content\\\/uploads\\\/2025\\\/08\\\/Life-Extension-Black-Cumin-Seed-Oil-60-softgels-1.jpg\",\"datePublished\":\"2022-06-28T09:16:47+00:00\",\"dateModified\":\"2025-08-27T10:17:26+00:00\",\"description\":\"Wij hebben een ruime keuze aan producten van Huile de graines de nigelle - 60 capsules molles . Winkel bij Eco Supplements altijd gratis verzending boven 100\u20ac\",\"breadcrumb\":{\"@id\":\"https:\\\/\\\/ecosupplements.be\\\/fr\\\/produit\\\/huile-de-graines-de-nigelle-60-capsules-molles\\\/#breadcrumb\"},\"inLanguage\":\"fr-FR\",\"potentialAction\":[{\"@type\":\"ReadAction\",\"target\":[\"https:\\\/\\\/ecosupplements.be\\\/fr\\\/produit\\\/huile-de-graines-de-nigelle-60-capsules-molles\\\/\"]}]},{\"@type\":\"ImageObject\",\"inLanguage\":\"fr-FR\",\"@id\":\"https:\\\/\\\/ecosupplements.be\\\/fr\\\/produit\\\/huile-de-graines-de-nigelle-60-capsules-molles\\\/#primaryimage\",\"url\":\"https:\\\/\\\/ecosupplements.be\\\/wp-content\\\/uploads\\\/2025\\\/08\\\/Life-Extension-Black-Cumin-Seed-Oil-60-softgels-1.jpg\",\"contentUrl\":\"https:\\\/\\\/ecosupplements.be\\\/wp-content\\\/uploads\\\/2025\\\/08\\\/Life-Extension-Black-Cumin-Seed-Oil-60-softgels-1.jpg\",\"width\":750,\"height\":750},{\"@type\":\"BreadcrumbList\",\"@id\":\"https:\\\/\\\/ecosupplements.be\\\/fr\\\/produit\\\/huile-de-graines-de-nigelle-60-capsules-molles\\\/#breadcrumb\",\"itemListElement\":[{\"@type\":\"ListItem\",\"position\":1,\"name\":\"Home\",\"item\":\"https:\\\/\\\/ecosupplements.be\\\/fr\\\/\"},{\"@type\":\"ListItem\",\"position\":2,\"name\":\"Boutique\",\"item\":\"https:\\\/\\\/ecosupplements.be\\\/fr\\\/boutique\\\/\"},{\"@type\":\"ListItem\",\"position\":3,\"name\":\"Huile de graines de nigelle &#8211; 60 capsules molles\"}]},{\"@type\":\"WebSite\",\"@id\":\"https:\\\/\\\/ecosupplements.be\\\/fr\\\/#website\",\"url\":\"https:\\\/\\\/ecosupplements.be\\\/fr\\\/\",\"name\":\"ECO Supplements\",\"description\":\"Eco Supplements - Gezonde supplementen\",\"publisher\":{\"@id\":\"https:\\\/\\\/ecosupplements.be\\\/fr\\\/#organization\"},\"potentialAction\":[{\"@type\":\"SearchAction\",\"target\":{\"@type\":\"EntryPoint\",\"urlTemplate\":\"https:\\\/\\\/ecosupplements.be\\\/fr\\\/?s={search_term_string}\"},\"query-input\":{\"@type\":\"PropertyValueSpecification\",\"valueRequired\":true,\"valueName\":\"search_term_string\"}}],\"inLanguage\":\"fr-FR\"},{\"@type\":\"Organization\",\"@id\":\"https:\\\/\\\/ecosupplements.be\\\/fr\\\/#organization\",\"name\":\"Eco Supplements\",\"url\":\"https:\\\/\\\/ecosupplements.be\\\/fr\\\/\",\"logo\":{\"@type\":\"ImageObject\",\"inLanguage\":\"fr-FR\",\"@id\":\"https:\\\/\\\/ecosupplements.be\\\/fr\\\/#\\\/schema\\\/logo\\\/image\\\/\",\"url\":\"https:\\\/\\\/ecosupplements.be\\\/wp-content\\\/uploads\\\/2022\\\/06\\\/ecosupplement-family.png\",\"contentUrl\":\"https:\\\/\\\/ecosupplements.be\\\/wp-content\\\/uploads\\\/2022\\\/06\\\/ecosupplement-family.png\",\"width\":593,\"height\":374,\"caption\":\"Eco Supplements\"},\"image\":{\"@id\":\"https:\\\/\\\/ecosupplements.be\\\/fr\\\/#\\\/schema\\\/logo\\\/image\\\/\"}}]}<\/script>\n<meta property=\"product:brand\" content=\"Life Extension\" \/>\n<meta property=\"product:price:amount\" content=\"15.90\" \/>\n<meta property=\"product:price:currency\" content=\"EUR\" \/>\n<meta property=\"og:availability\" content=\"instock\" \/>\n<meta property=\"product:availability\" content=\"instock\" \/>\n<meta property=\"product:retailer_item_id\" content=\"737870170969\" \/>\n<meta property=\"product:condition\" content=\"new\" \/>\n<!-- \/ Yoast SEO Premium plugin. -->","yoast_head_json":{"title":"Huile de graines de nigelle - 60 capsules molles - ECO Supplements","description":"Wij hebben een ruime keuze aan producten van Huile de graines de nigelle - 60 capsules molles . Winkel bij Eco Supplements altijd gratis verzending boven 100\u20ac","robots":{"index":"index","follow":"follow","max-snippet":"max-snippet:-1","max-image-preview":"max-image-preview:large","max-video-preview":"max-video-preview:-1"},"canonical":"https:\/\/ecosupplements.be\/fr\/produit\/huile-de-graines-de-nigelle-60-capsules-molles\/","og_locale":"fr_FR","og_type":"article","og_title":"Huile de graines de nigelle - 60 capsules molles","og_description":"Wij hebben een ruime keuze aan producten van Huile de graines de nigelle - 60 capsules molles . Winkel bij Eco Supplements altijd gratis verzending boven 100\u20ac","og_url":"https:\/\/ecosupplements.be\/fr\/produit\/huile-de-graines-de-nigelle-60-capsules-molles\/","og_site_name":"ECO Supplements","article_modified_time":"2025-08-27T10:17:26+00:00","og_image":[{"width":750,"height":750,"url":"https:\/\/ecosupplements.be\/wp-content\/uploads\/2025\/08\/Life-Extension-Black-Cumin-Seed-Oil-60-softgels.jpg","type":"image\/jpeg"}],"twitter_card":"summary_large_image","twitter_misc":{"Prix":"15.90&nbsp;&euro;","Disponibilit\u00e9":"En stock"},"schema":{"@context":"https:\/\/schema.org","@graph":[{"@type":["WebPage","ItemPage"],"@id":"https:\/\/ecosupplements.be\/fr\/produit\/huile-de-graines-de-nigelle-60-capsules-molles\/","url":"https:\/\/ecosupplements.be\/fr\/produit\/huile-de-graines-de-nigelle-60-capsules-molles\/","name":"Huile de graines de nigelle - 60 capsules molles - ECO Supplements","isPartOf":{"@id":"https:\/\/ecosupplements.be\/fr\/#website"},"primaryImageOfPage":{"@id":"https:\/\/ecosupplements.be\/fr\/produit\/huile-de-graines-de-nigelle-60-capsules-molles\/#primaryimage"},"image":{"@id":"https:\/\/ecosupplements.be\/fr\/produit\/huile-de-graines-de-nigelle-60-capsules-molles\/#primaryimage"},"thumbnailUrl":"https:\/\/ecosupplements.be\/wp-content\/uploads\/2025\/08\/Life-Extension-Black-Cumin-Seed-Oil-60-softgels-1.jpg","datePublished":"2022-06-28T09:16:47+00:00","dateModified":"2025-08-27T10:17:26+00:00","description":"Wij hebben een ruime keuze aan producten van Huile de graines de nigelle - 60 capsules molles . Winkel bij Eco Supplements altijd gratis verzending boven 100\u20ac","breadcrumb":{"@id":"https:\/\/ecosupplements.be\/fr\/produit\/huile-de-graines-de-nigelle-60-capsules-molles\/#breadcrumb"},"inLanguage":"fr-FR","potentialAction":[{"@type":"ReadAction","target":["https:\/\/ecosupplements.be\/fr\/produit\/huile-de-graines-de-nigelle-60-capsules-molles\/"]}]},{"@type":"ImageObject","inLanguage":"fr-FR","@id":"https:\/\/ecosupplements.be\/fr\/produit\/huile-de-graines-de-nigelle-60-capsules-molles\/#primaryimage","url":"https:\/\/ecosupplements.be\/wp-content\/uploads\/2025\/08\/Life-Extension-Black-Cumin-Seed-Oil-60-softgels-1.jpg","contentUrl":"https:\/\/ecosupplements.be\/wp-content\/uploads\/2025\/08\/Life-Extension-Black-Cumin-Seed-Oil-60-softgels-1.jpg","width":750,"height":750},{"@type":"BreadcrumbList","@id":"https:\/\/ecosupplements.be\/fr\/produit\/huile-de-graines-de-nigelle-60-capsules-molles\/#breadcrumb","itemListElement":[{"@type":"ListItem","position":1,"name":"Home","item":"https:\/\/ecosupplements.be\/fr\/"},{"@type":"ListItem","position":2,"name":"Boutique","item":"https:\/\/ecosupplements.be\/fr\/boutique\/"},{"@type":"ListItem","position":3,"name":"Huile de graines de nigelle &#8211; 60 capsules molles"}]},{"@type":"WebSite","@id":"https:\/\/ecosupplements.be\/fr\/#website","url":"https:\/\/ecosupplements.be\/fr\/","name":"ECO Supplements","description":"Eco Supplements - Gezonde supplementen","publisher":{"@id":"https:\/\/ecosupplements.be\/fr\/#organization"},"potentialAction":[{"@type":"SearchAction","target":{"@type":"EntryPoint","urlTemplate":"https:\/\/ecosupplements.be\/fr\/?s={search_term_string}"},"query-input":{"@type":"PropertyValueSpecification","valueRequired":true,"valueName":"search_term_string"}}],"inLanguage":"fr-FR"},{"@type":"Organization","@id":"https:\/\/ecosupplements.be\/fr\/#organization","name":"Eco Supplements","url":"https:\/\/ecosupplements.be\/fr\/","logo":{"@type":"ImageObject","inLanguage":"fr-FR","@id":"https:\/\/ecosupplements.be\/fr\/#\/schema\/logo\/image\/","url":"https:\/\/ecosupplements.be\/wp-content\/uploads\/2022\/06\/ecosupplement-family.png","contentUrl":"https:\/\/ecosupplements.be\/wp-content\/uploads\/2022\/06\/ecosupplement-family.png","width":593,"height":374,"caption":"Eco Supplements"},"image":{"@id":"https:\/\/ecosupplements.be\/fr\/#\/schema\/logo\/image\/"}}]},"product_brand":"Life Extension","product_price_amount":"15.90","product_price_currency":"EUR","og_availability":"instock","product_availability":"instock","product_retailer_item_id":"737870170969","product_condition":"new"},"_links":{"self":[{"href":"https:\/\/ecosupplements.be\/fr\/wp-json\/wp\/v2\/product\/281352","targetHints":{"allow":["GET"]}}],"collection":[{"href":"https:\/\/ecosupplements.be\/fr\/wp-json\/wp\/v2\/product"}],"about":[{"href":"https:\/\/ecosupplements.be\/fr\/wp-json\/wp\/v2\/types\/product"}],"replies":[{"embeddable":true,"href":"https:\/\/ecosupplements.be\/fr\/wp-json\/wp\/v2\/comments?post=281352"}],"wp:featuredmedia":[{"embeddable":true,"href":"https:\/\/ecosupplements.be\/fr\/wp-json\/wp\/v2\/media\/247125"}],"wp:attachment":[{"href":"https:\/\/ecosupplements.be\/fr\/wp-json\/wp\/v2\/media?parent=281352"}],"wp:term":[{"taxonomy":"product_brand","embeddable":true,"href":"https:\/\/ecosupplements.be\/fr\/wp-json\/wp\/v2\/product_brand?post=281352"},{"taxonomy":"product_cat","embeddable":true,"href":"https:\/\/ecosupplements.be\/fr\/wp-json\/wp\/v2\/product_cat?post=281352"},{"taxonomy":"product_tag","embeddable":true,"href":"https:\/\/ecosupplements.be\/fr\/wp-json\/wp\/v2\/product_tag?post=281352"}],"curies":[{"name":"wp","href":"https:\/\/api.w.org\/{rel}","templated":true}]}}