{"id":281353,"date":"2022-06-28T10:16:55","date_gmt":"2022-06-28T09:16:55","guid":{"rendered":"https:\/\/ecosupplements.be\/product\/huile-de-graines-de-nigelle-et-extrait-de-curcumine-elite-de-curcuma-60-capsules-molles\/"},"modified":"2025-08-27T11:17:29","modified_gmt":"2025-08-27T10:17:29","slug":"huile-de-graines-de-nigelle-et-extrait-de-curcumine-elite-de-curcuma-60-capsules-molles","status":"publish","type":"product","link":"https:\/\/ecosupplements.be\/fr\/produit\/huile-de-graines-de-nigelle-et-extrait-de-curcumine-elite-de-curcuma-60-capsules-molles\/","title":{"rendered":"Huile de graines de nigelle et extrait de curcumine Elite de curcuma &#8211; 60 capsules molles"},"content":{"rendered":"<h1 style=\"text-align: center;\">Life Extension &#8211; Huile de graines de nigelle et extrait de curcumine Elite de curcuma<\/h1>\n<h3 style=\"text-align: center;\">Favorise le fonctionnement optimal du syst\u00e8me immunitaire<\/h3>\n<p>L&#8217;huile de graines de nigelle aide \u00e0 maintenir les r\u00e9ponses immunitaires et inflammatoires saines de votre corps. La curcumine, un extrait du curcuma, contient des compos\u00e9s qui encouragent la sant\u00e9 immunitaire et aident \u00e0 inhiber l&#8217;inflammation pour soutenir la sant\u00e9 du c\u0153ur, du cerveau et de tout le corps. Cette formule poss\u00e8de les deux.<br \/>\nLes extraits de graines de curcuma et de nigelle soutiennent tous deux la sant\u00e9 immunitaire. Nous les avons combin\u00e9s dans cette formule pratique.<br \/>\nAvantages de l&#8217;huile de graines de nigelle et de la curcumine Elite<\/p>\n<p>Aide \u00e0 maintenir l&#8217;\u00e9quilibre entre les r\u00e9ponses inflammatoires et immunitaires naturelles et saines de votre corps.<br \/>\nAide \u00e0 inhiber les facteurs inflammatoires pour favoriser le fonctionnement du syst\u00e8me immunitaire ainsi que la sant\u00e9 de l&#8217;ensemble du corps.<br \/>\nCurcumin Elite offre plus de 45x plus de curcumino\u00efdes libres biodisponibles et permet une absorption 270 fois meilleure des curcumino\u00efdes totaux que la curcumine standard.<\/p>\n<p>Qu&#8217;est-ce que l&#8217;huile de graines de nigelle ?<br \/>\nL&#8217;huile de graines de nigelle favorise une r\u00e9ponse immunitaire et inflammatoire saine.<\/p>\n<p>Pourquoi avons-nous ajout\u00e9 de la curcumine ?<br \/>\nLa curcumine est un extrait d\u00e9riv\u00e9 de l&#8217;\u00e9pice curcuma. Elle favorise une r\u00e9ponse inflammatoire saine, ainsi que la sant\u00e9 du corps entier.<\/p>\n<p>La graine de cumin noir<br \/>\nLa curcumine est un extrait de la racine de curcuma connu pour favoriser des r\u00e9ponses inflammatoires et immunitaires saines. Cela en fait un excellent compl\u00e9ment \u00e0 l&#8217;huile de graines de nigelle, dont il a \u00e9t\u00e9 d\u00e9montr\u00e9 qu&#8217;elle favorise la r\u00e9ponse immunitaire et aide \u00e0 inhiber l&#8217;inflammation pour soutenir la sant\u00e9 de tout le corps. Obtenez votre dose quotidienne de ces deux nutriments dans cette seule formule pratique.<\/p>\n<p>La gestion d&#8217;une r\u00e9ponse immunitaire et inflammatoire saine est essentielle au maintien de votre sant\u00e9. Il est essentiel de trouver un moyen d&#8217;\u00e9quilibrer ces deux aspects de votre physiologie. Il a \u00e9t\u00e9 d\u00e9montr\u00e9 que l&#8217;huile de graines de nigelle, avec sa large gamme de compos\u00e9s actifs, aide \u00e0 maintenir l&#8217;\u00e9quilibre sain entre la r\u00e9ponse inflammatoire saine de votre corps et la sant\u00e9 immunitaire.<\/p>\n<p>Combiner le cumin noir avec le curcuma<\/p>\n<p>La curcumine est un extrait de curcuma. C&#8217;est un nutriment puissant qui regorge de compos\u00e9s appel\u00e9s curcumino\u00efdes connus pour aider \u00e0 inhiber l&#8217;inflammation afin de favoriser la sant\u00e9 du c\u0153ur et des articulations, ainsi que pour encourager une r\u00e9ponse immunitaire saine.17-21 Notre nouvel extrait de curcuma brevet\u00e9 Curcumin Elite\u2122 contient 45 fois plus de curcumino\u00efdes libres et plus de 270 fois plus de curcumino\u00efdes totaux que les extraits de curcuma standard. Cela se traduit par plus de bienfaits pour la sant\u00e9 de votre corps tout entier.<\/p>\n<p>Favorise une r\u00e9ponse inflammatoire saine<\/p>\n<p>Il a \u00e9t\u00e9 d\u00e9montr\u00e9 que l&#8217;huile de graines de nigelle soutient la r\u00e9ponse inflammatoire saine du corps en mod\u00e9rant l&#8217;effet des produits chimiques critiques de signalisation cellulaire et des messagers de type hormonal. Le maintien d&#8217;une signalisation cellulaire saine en vieillissant est essentiel \u00e0 une r\u00e9ponse inflammatoire saine ainsi qu&#8217;au fonctionnement du syst\u00e8me immunitaire.<\/p>\n<p>Les curcumino\u00efdes libres contenus dans l&#8217;extrait de curcuma favorisent \u00e9galement la r\u00e9ponse saine du corps \u00e0 l&#8217;inflammation. Ils aident \u00e9galement \u00e0 inhiber les facteurs inflammatoires comme l&#8217;acide arachidonique, la cyclooxyg\u00e9nase, la lipoxyg\u00e9nase et les compos\u00e9s de cytokine pour soutenir la sant\u00e9 cardiaque, la sant\u00e9 du cerveau et la sant\u00e9 du corps entier.<\/p>\n<p>Renforce le syst\u00e8me immunitaire<\/p>\n<p>L&#8217;huile de graines de nigelle soutient \u00e9galement les d\u00e9fenses naturelles de l&#8217;organisme en encourageant le fonctionnement optimal d&#8217;un syst\u00e8me immunitaire sain. Elle y parvient en aidant \u00e0 maintenir les activit\u00e9s d\u00e9fensives vitales des macrophages et des cellules T auxiliaires qui travaillent ensemble pour renforcer votre syst\u00e8me immunitaire. La curcumine favorise en outre la sant\u00e9 du syst\u00e8me immunitaire et soutient une r\u00e9ponse inflammatoire saine.<\/p>\n<p>Deux fonctions essentielles en un seul suppl\u00e9ment<\/p>\n<p>L&#8217;huile de graines de nigelle et la curcumine Elite de Life Extension vous aident \u00e0 maintenir un syst\u00e8me immunitaire sain et favorisent une r\u00e9ponse inflammatoire saine gr\u00e2ce \u00e0 une formule de suppl\u00e9ment unique et pratique. De plus, nous avons r\u00e9cemment mis \u00e0 jour notre formule pour inclure la curcumine Elite ultra-biodisponible, qui a une bien meilleure absorption que la curcumine standard.<\/p>\n<p><img decoding=\"async\" src=\"https:\/\/ecosupplements.be\/wp-content\/uploads\/2025\/08\/gluten-free-1.png\" title=\"Sans gluten\" alt=\"Gluten free\"><img decoding=\"async\" src=\"https:\/\/ecosupplements.be\/wp-content\/uploads\/2025\/08\/non-gmo-1.png\" title=\"Non-OGM\" alt=\"Non-GMO\"><\/p>\n","protected":false},"excerpt":{"rendered":"<p>Life Extension &#8211; Huile de graines de nigelle et extrait de curcumine Elite de curcuma Favorise le fonctionnement optimal du syst\u00e8me immunitaire L&#8217;huile de graines de nigelle aide \u00e0 maintenir les r\u00e9ponses immunitaires et inflammatoires saines de votre corps. La curcumine, un extrait du curcuma, contient des compos\u00e9s qui encouragent la sant\u00e9 immunitaire et aident [&#8230;]\n","protected":false},"featured_media":247130,"comment_status":"open","ping_status":"open","template":"","meta":[],"product_brand":[4723],"product_cat":[5115,5097,5052,5094],"product_tag":[5069],"class_list":{"0":"post-281353","1":"product","2":"type-product","3":"status-publish","4":"has-post-thumbnail","6":"product_brand-life-extension-2","7":"product_cat-cumin","8":"product_cat-curcuma","9":"product_cat-sante-et-bien-etre","10":"product_cat-supplements-a-base-de-plantes","11":"product_tag-topeco-2","13":"first","14":"instock","15":"sale","16":"taxable","17":"shipping-taxable","18":"purchasable","19":"product-type-simple"},"yoast_head":"<!-- This site is optimized with the Yoast SEO Premium plugin v27.5 (Yoast SEO v27.5) - https:\/\/yoast.com\/product\/yoast-seo-premium-wordpress\/ -->\n<title>Huile de graines de nigelle et extrait de curcumine Elite de curcuma - 60 capsules molles - ECO Supplements<\/title>\n<meta name=\"description\" content=\"Wij hebben een ruime keuze aan producten van Huile de graines de nigelle et extrait de curcumine Elite de curcuma - 60 capsules molles . Winkel bij Eco Supplements altijd gratis verzending boven 100\u20ac\" \/>\n<meta name=\"robots\" content=\"index, follow, max-snippet:-1, max-image-preview:large, max-video-preview:-1\" \/>\n<link rel=\"canonical\" href=\"https:\/\/ecosupplements.be\/fr\/produit\/huile-de-graines-de-nigelle-et-extrait-de-curcumine-elite-de-curcuma-60-capsules-molles\/\" \/>\n<meta property=\"og:locale\" content=\"fr_FR\" \/>\n<meta property=\"og:type\" content=\"article\" \/>\n<meta property=\"og:title\" content=\"Huile de graines de nigelle et extrait de curcumine Elite de curcuma - 60 capsules molles\" \/>\n<meta property=\"og:description\" content=\"Wij hebben een ruime keuze aan producten van Huile de graines de nigelle et extrait de curcumine Elite de curcuma - 60 capsules molles . Winkel bij Eco Supplements altijd gratis verzending boven 100\u20ac\" \/>\n<meta property=\"og:url\" content=\"https:\/\/ecosupplements.be\/fr\/produit\/huile-de-graines-de-nigelle-et-extrait-de-curcumine-elite-de-curcuma-60-capsules-molles\/\" \/>\n<meta property=\"og:site_name\" content=\"ECO Supplements\" \/>\n<meta property=\"article:modified_time\" content=\"2025-08-27T10:17:29+00:00\" \/>\n<meta property=\"og:image\" content=\"https:\/\/ecosupplements.be\/wp-content\/uploads\/2025\/08\/Life-Extension-Black-Cumin-Seed-Oil-and-Curcumin-Elite-Turmeric-Extract-60-softgels-1.jpg\" \/>\n\t<meta property=\"og:image:width\" content=\"750\" \/>\n\t<meta property=\"og:image:height\" content=\"750\" \/>\n\t<meta property=\"og:image:type\" content=\"image\/jpeg\" \/>\n<meta name=\"twitter:card\" content=\"summary_large_image\" \/>\n<meta name=\"twitter:label1\" content=\"Prix\" \/>\n\t<meta name=\"twitter:data1\" content=\"27.63&nbsp;&euro;\" \/>\n\t<meta name=\"twitter:label2\" content=\"Disponibilit\u00e9\" \/>\n\t<meta name=\"twitter:data2\" content=\"En stock\" \/>\n<script type=\"application\/ld+json\" class=\"yoast-schema-graph\">{\"@context\":\"https:\\\/\\\/schema.org\",\"@graph\":[{\"@type\":[\"WebPage\",\"ItemPage\"],\"@id\":\"https:\\\/\\\/ecosupplements.be\\\/fr\\\/produit\\\/huile-de-graines-de-nigelle-et-extrait-de-curcumine-elite-de-curcuma-60-capsules-molles\\\/\",\"url\":\"https:\\\/\\\/ecosupplements.be\\\/fr\\\/produit\\\/huile-de-graines-de-nigelle-et-extrait-de-curcumine-elite-de-curcuma-60-capsules-molles\\\/\",\"name\":\"Huile de graines de nigelle et extrait de curcumine Elite de curcuma - 60 capsules molles - ECO Supplements\",\"isPartOf\":{\"@id\":\"https:\\\/\\\/ecosupplements.be\\\/fr\\\/#website\"},\"primaryImageOfPage\":{\"@id\":\"https:\\\/\\\/ecosupplements.be\\\/fr\\\/produit\\\/huile-de-graines-de-nigelle-et-extrait-de-curcumine-elite-de-curcuma-60-capsules-molles\\\/#primaryimage\"},\"image\":{\"@id\":\"https:\\\/\\\/ecosupplements.be\\\/fr\\\/produit\\\/huile-de-graines-de-nigelle-et-extrait-de-curcumine-elite-de-curcuma-60-capsules-molles\\\/#primaryimage\"},\"thumbnailUrl\":\"https:\\\/\\\/ecosupplements.be\\\/wp-content\\\/uploads\\\/2025\\\/08\\\/Life-Extension-Black-Cumin-Seed-Oil-and-Curcumin-Elite-Turmeric-Extract-60-softgels-1.jpg\",\"datePublished\":\"2022-06-28T09:16:55+00:00\",\"dateModified\":\"2025-08-27T10:17:29+00:00\",\"description\":\"Wij hebben een ruime keuze aan producten van Huile de graines de nigelle et extrait de curcumine Elite de curcuma - 60 capsules molles . Winkel bij Eco Supplements altijd gratis verzending boven 100\u20ac\",\"breadcrumb\":{\"@id\":\"https:\\\/\\\/ecosupplements.be\\\/fr\\\/produit\\\/huile-de-graines-de-nigelle-et-extrait-de-curcumine-elite-de-curcuma-60-capsules-molles\\\/#breadcrumb\"},\"inLanguage\":\"fr-FR\",\"potentialAction\":[{\"@type\":\"ReadAction\",\"target\":[\"https:\\\/\\\/ecosupplements.be\\\/fr\\\/produit\\\/huile-de-graines-de-nigelle-et-extrait-de-curcumine-elite-de-curcuma-60-capsules-molles\\\/\"]}]},{\"@type\":\"ImageObject\",\"inLanguage\":\"fr-FR\",\"@id\":\"https:\\\/\\\/ecosupplements.be\\\/fr\\\/produit\\\/huile-de-graines-de-nigelle-et-extrait-de-curcumine-elite-de-curcuma-60-capsules-molles\\\/#primaryimage\",\"url\":\"https:\\\/\\\/ecosupplements.be\\\/wp-content\\\/uploads\\\/2025\\\/08\\\/Life-Extension-Black-Cumin-Seed-Oil-and-Curcumin-Elite-Turmeric-Extract-60-softgels-1.jpg\",\"contentUrl\":\"https:\\\/\\\/ecosupplements.be\\\/wp-content\\\/uploads\\\/2025\\\/08\\\/Life-Extension-Black-Cumin-Seed-Oil-and-Curcumin-Elite-Turmeric-Extract-60-softgels-1.jpg\",\"width\":750,\"height\":750},{\"@type\":\"BreadcrumbList\",\"@id\":\"https:\\\/\\\/ecosupplements.be\\\/fr\\\/produit\\\/huile-de-graines-de-nigelle-et-extrait-de-curcumine-elite-de-curcuma-60-capsules-molles\\\/#breadcrumb\",\"itemListElement\":[{\"@type\":\"ListItem\",\"position\":1,\"name\":\"Home\",\"item\":\"https:\\\/\\\/ecosupplements.be\\\/fr\\\/\"},{\"@type\":\"ListItem\",\"position\":2,\"name\":\"Boutique\",\"item\":\"https:\\\/\\\/ecosupplements.be\\\/fr\\\/boutique\\\/\"},{\"@type\":\"ListItem\",\"position\":3,\"name\":\"Huile de graines de nigelle et extrait de curcumine Elite de curcuma &#8211; 60 capsules molles\"}]},{\"@type\":\"WebSite\",\"@id\":\"https:\\\/\\\/ecosupplements.be\\\/fr\\\/#website\",\"url\":\"https:\\\/\\\/ecosupplements.be\\\/fr\\\/\",\"name\":\"ECO Supplements\",\"description\":\"Eco Supplements - Gezonde supplementen\",\"publisher\":{\"@id\":\"https:\\\/\\\/ecosupplements.be\\\/fr\\\/#organization\"},\"potentialAction\":[{\"@type\":\"SearchAction\",\"target\":{\"@type\":\"EntryPoint\",\"urlTemplate\":\"https:\\\/\\\/ecosupplements.be\\\/fr\\\/?s={search_term_string}\"},\"query-input\":{\"@type\":\"PropertyValueSpecification\",\"valueRequired\":true,\"valueName\":\"search_term_string\"}}],\"inLanguage\":\"fr-FR\"},{\"@type\":\"Organization\",\"@id\":\"https:\\\/\\\/ecosupplements.be\\\/fr\\\/#organization\",\"name\":\"Eco Supplements\",\"url\":\"https:\\\/\\\/ecosupplements.be\\\/fr\\\/\",\"logo\":{\"@type\":\"ImageObject\",\"inLanguage\":\"fr-FR\",\"@id\":\"https:\\\/\\\/ecosupplements.be\\\/fr\\\/#\\\/schema\\\/logo\\\/image\\\/\",\"url\":\"https:\\\/\\\/ecosupplements.be\\\/wp-content\\\/uploads\\\/2022\\\/06\\\/ecosupplement-family.png\",\"contentUrl\":\"https:\\\/\\\/ecosupplements.be\\\/wp-content\\\/uploads\\\/2022\\\/06\\\/ecosupplement-family.png\",\"width\":593,\"height\":374,\"caption\":\"Eco Supplements\"},\"image\":{\"@id\":\"https:\\\/\\\/ecosupplements.be\\\/fr\\\/#\\\/schema\\\/logo\\\/image\\\/\"}}]}<\/script>\n<meta property=\"product:brand\" content=\"Life Extension\" \/>\n<meta property=\"product:price:amount\" content=\"27.63\" \/>\n<meta property=\"product:price:currency\" content=\"EUR\" \/>\n<meta property=\"og:availability\" content=\"instock\" \/>\n<meta property=\"product:availability\" content=\"instock\" \/>\n<meta property=\"product:retailer_item_id\" content=\"737870231066\" \/>\n<meta property=\"product:condition\" content=\"new\" \/>\n<!-- \/ Yoast SEO Premium plugin. -->","yoast_head_json":{"title":"Huile de graines de nigelle et extrait de curcumine Elite de curcuma - 60 capsules molles - ECO Supplements","description":"Wij hebben een ruime keuze aan producten van Huile de graines de nigelle et extrait de curcumine Elite de curcuma - 60 capsules molles . Winkel bij Eco Supplements altijd gratis verzending boven 100\u20ac","robots":{"index":"index","follow":"follow","max-snippet":"max-snippet:-1","max-image-preview":"max-image-preview:large","max-video-preview":"max-video-preview:-1"},"canonical":"https:\/\/ecosupplements.be\/fr\/produit\/huile-de-graines-de-nigelle-et-extrait-de-curcumine-elite-de-curcuma-60-capsules-molles\/","og_locale":"fr_FR","og_type":"article","og_title":"Huile de graines de nigelle et extrait de curcumine Elite de curcuma - 60 capsules molles","og_description":"Wij hebben een ruime keuze aan producten van Huile de graines de nigelle et extrait de curcumine Elite de curcuma - 60 capsules molles . Winkel bij Eco Supplements altijd gratis verzending boven 100\u20ac","og_url":"https:\/\/ecosupplements.be\/fr\/produit\/huile-de-graines-de-nigelle-et-extrait-de-curcumine-elite-de-curcuma-60-capsules-molles\/","og_site_name":"ECO Supplements","article_modified_time":"2025-08-27T10:17:29+00:00","og_image":[{"width":750,"height":750,"url":"https:\/\/ecosupplements.be\/wp-content\/uploads\/2025\/08\/Life-Extension-Black-Cumin-Seed-Oil-and-Curcumin-Elite-Turmeric-Extract-60-softgels-1.jpg","type":"image\/jpeg"}],"twitter_card":"summary_large_image","twitter_misc":{"Prix":"27.63&nbsp;&euro;","Disponibilit\u00e9":"En stock"},"schema":{"@context":"https:\/\/schema.org","@graph":[{"@type":["WebPage","ItemPage"],"@id":"https:\/\/ecosupplements.be\/fr\/produit\/huile-de-graines-de-nigelle-et-extrait-de-curcumine-elite-de-curcuma-60-capsules-molles\/","url":"https:\/\/ecosupplements.be\/fr\/produit\/huile-de-graines-de-nigelle-et-extrait-de-curcumine-elite-de-curcuma-60-capsules-molles\/","name":"Huile de graines de nigelle et extrait de curcumine Elite de curcuma - 60 capsules molles - ECO Supplements","isPartOf":{"@id":"https:\/\/ecosupplements.be\/fr\/#website"},"primaryImageOfPage":{"@id":"https:\/\/ecosupplements.be\/fr\/produit\/huile-de-graines-de-nigelle-et-extrait-de-curcumine-elite-de-curcuma-60-capsules-molles\/#primaryimage"},"image":{"@id":"https:\/\/ecosupplements.be\/fr\/produit\/huile-de-graines-de-nigelle-et-extrait-de-curcumine-elite-de-curcuma-60-capsules-molles\/#primaryimage"},"thumbnailUrl":"https:\/\/ecosupplements.be\/wp-content\/uploads\/2025\/08\/Life-Extension-Black-Cumin-Seed-Oil-and-Curcumin-Elite-Turmeric-Extract-60-softgels-1.jpg","datePublished":"2022-06-28T09:16:55+00:00","dateModified":"2025-08-27T10:17:29+00:00","description":"Wij hebben een ruime keuze aan producten van Huile de graines de nigelle et extrait de curcumine Elite de curcuma - 60 capsules molles . Winkel bij Eco Supplements altijd gratis verzending boven 100\u20ac","breadcrumb":{"@id":"https:\/\/ecosupplements.be\/fr\/produit\/huile-de-graines-de-nigelle-et-extrait-de-curcumine-elite-de-curcuma-60-capsules-molles\/#breadcrumb"},"inLanguage":"fr-FR","potentialAction":[{"@type":"ReadAction","target":["https:\/\/ecosupplements.be\/fr\/produit\/huile-de-graines-de-nigelle-et-extrait-de-curcumine-elite-de-curcuma-60-capsules-molles\/"]}]},{"@type":"ImageObject","inLanguage":"fr-FR","@id":"https:\/\/ecosupplements.be\/fr\/produit\/huile-de-graines-de-nigelle-et-extrait-de-curcumine-elite-de-curcuma-60-capsules-molles\/#primaryimage","url":"https:\/\/ecosupplements.be\/wp-content\/uploads\/2025\/08\/Life-Extension-Black-Cumin-Seed-Oil-and-Curcumin-Elite-Turmeric-Extract-60-softgels-1.jpg","contentUrl":"https:\/\/ecosupplements.be\/wp-content\/uploads\/2025\/08\/Life-Extension-Black-Cumin-Seed-Oil-and-Curcumin-Elite-Turmeric-Extract-60-softgels-1.jpg","width":750,"height":750},{"@type":"BreadcrumbList","@id":"https:\/\/ecosupplements.be\/fr\/produit\/huile-de-graines-de-nigelle-et-extrait-de-curcumine-elite-de-curcuma-60-capsules-molles\/#breadcrumb","itemListElement":[{"@type":"ListItem","position":1,"name":"Home","item":"https:\/\/ecosupplements.be\/fr\/"},{"@type":"ListItem","position":2,"name":"Boutique","item":"https:\/\/ecosupplements.be\/fr\/boutique\/"},{"@type":"ListItem","position":3,"name":"Huile de graines de nigelle et extrait de curcumine Elite de curcuma &#8211; 60 capsules molles"}]},{"@type":"WebSite","@id":"https:\/\/ecosupplements.be\/fr\/#website","url":"https:\/\/ecosupplements.be\/fr\/","name":"ECO Supplements","description":"Eco Supplements - Gezonde supplementen","publisher":{"@id":"https:\/\/ecosupplements.be\/fr\/#organization"},"potentialAction":[{"@type":"SearchAction","target":{"@type":"EntryPoint","urlTemplate":"https:\/\/ecosupplements.be\/fr\/?s={search_term_string}"},"query-input":{"@type":"PropertyValueSpecification","valueRequired":true,"valueName":"search_term_string"}}],"inLanguage":"fr-FR"},{"@type":"Organization","@id":"https:\/\/ecosupplements.be\/fr\/#organization","name":"Eco Supplements","url":"https:\/\/ecosupplements.be\/fr\/","logo":{"@type":"ImageObject","inLanguage":"fr-FR","@id":"https:\/\/ecosupplements.be\/fr\/#\/schema\/logo\/image\/","url":"https:\/\/ecosupplements.be\/wp-content\/uploads\/2022\/06\/ecosupplement-family.png","contentUrl":"https:\/\/ecosupplements.be\/wp-content\/uploads\/2022\/06\/ecosupplement-family.png","width":593,"height":374,"caption":"Eco Supplements"},"image":{"@id":"https:\/\/ecosupplements.be\/fr\/#\/schema\/logo\/image\/"}}]},"product_brand":"Life Extension","product_price_amount":"27.63","product_price_currency":"EUR","og_availability":"instock","product_availability":"instock","product_retailer_item_id":"737870231066","product_condition":"new"},"_links":{"self":[{"href":"https:\/\/ecosupplements.be\/fr\/wp-json\/wp\/v2\/product\/281353","targetHints":{"allow":["GET"]}}],"collection":[{"href":"https:\/\/ecosupplements.be\/fr\/wp-json\/wp\/v2\/product"}],"about":[{"href":"https:\/\/ecosupplements.be\/fr\/wp-json\/wp\/v2\/types\/product"}],"replies":[{"embeddable":true,"href":"https:\/\/ecosupplements.be\/fr\/wp-json\/wp\/v2\/comments?post=281353"}],"wp:featuredmedia":[{"embeddable":true,"href":"https:\/\/ecosupplements.be\/fr\/wp-json\/wp\/v2\/media\/247130"}],"wp:attachment":[{"href":"https:\/\/ecosupplements.be\/fr\/wp-json\/wp\/v2\/media?parent=281353"}],"wp:term":[{"taxonomy":"product_brand","embeddable":true,"href":"https:\/\/ecosupplements.be\/fr\/wp-json\/wp\/v2\/product_brand?post=281353"},{"taxonomy":"product_cat","embeddable":true,"href":"https:\/\/ecosupplements.be\/fr\/wp-json\/wp\/v2\/product_cat?post=281353"},{"taxonomy":"product_tag","embeddable":true,"href":"https:\/\/ecosupplements.be\/fr\/wp-json\/wp\/v2\/product_tag?post=281353"}],"curies":[{"name":"wp","href":"https:\/\/api.w.org\/{rel}","templated":true}]}}