{"id":281355,"date":"2022-06-28T10:16:55","date_gmt":"2022-06-28T09:16:55","guid":{"rendered":"https:\/\/ecosupplements.be\/product\/extrait-de-myrtille-avec-grenade-60-vcaps\/"},"modified":"2025-08-27T11:17:34","modified_gmt":"2025-08-27T10:17:34","slug":"extrait-de-myrtille-avec-grenade-60-vcaps","status":"publish","type":"product","link":"https:\/\/ecosupplements.be\/fr\/produit\/extrait-de-myrtille-avec-grenade-60-vcaps\/","title":{"rendered":"Extrait de myrtille avec grenade &#8211; 60 vcaps"},"content":{"rendered":"<h1 style=\"text-align: center;\">Life Extension &#8211; Extrait de myrtille avec grenade<\/h1>\n<p>Par rapport \u00e0 de nombreux fruits et l\u00e9gumes, les myrtilles contiennent certains des compos\u00e9s les plus puissants pour combattre le stress oxydatif et l&#8217;inflammation. L&#8217;extrait de myrtille avec grenade est formul\u00e9 \u00e0 partir de myrtilles sauvages qui offrent encore plus de puissance que les vari\u00e9t\u00e9s cultiv\u00e9es commercialement. La formule comprend \u00e9galement des doses puissantes d&#8217;extrait de grenade pour fournir des antioxydants suppl\u00e9mentaires.<br \/>\nLes avantages en un coup d&#8217;\u0153il<br \/>\nAide \u00e0 soutenir la sant\u00e9 art\u00e9rielle en maintenant le flux sanguin<br \/>\nFournit une protection antioxydante<br \/>\nFournit des polyph\u00e9nols naturels \u00e0 spectre complet<br \/>\nOffre des doses puissantes de plusieurs compos\u00e9s de fruits dans une seule capsule<br \/>\nAide \u00e0 soutenir la sant\u00e9 art\u00e9rielle en maintenant le flux sanguin<br \/>\nCet extrait aide \u00e0 maintenir un flux sanguin sain via plusieurs m\u00e9canismes. Le premier consiste \u00e0 maintenir les taux de LDL d\u00e9j\u00e0 normaux et la pression art\u00e9rielle dans des limites normales. L&#8217;autre consiste \u00e0 aider \u00e0 la pr\u00e9servation de la fonction endoth\u00e9liale et vasculaire.<br \/>\nFournit une protection antioxydante<br \/>\nLes compos\u00e9s des myrtilles ont une plus grande capacit\u00e9 \u00e0 d\u00e9truire les radicaux libres que les autres fruits et l\u00e9gumes. Les deux plus actifs sont les anthocyanines et le pt\u00e9rostilb\u00e8ne. Les anthocyanines sont consid\u00e9r\u00e9es comme l&#8217;un des antioxydants les plus puissants de la nature. Le pt\u00e9rostilb\u00e8ne aide \u00e0 maintenir des taux de lipides et de glucose d\u00e9j\u00e0 sains. Gr\u00e2ce \u00e0 ses effets biologiques uniques et \u00e0 son potentiel antioxydant, le pt\u00e9rostilb\u00e8ne aide \u00e9galement \u00e0 maintenir une structure d&#8217;ADN saine.<br \/>\nPour maximiser les bienfaits de ce fruit sain, l&#8217;extrait de myrtille \u00e0 la grenade utilise AuroraBlue, fabriqu\u00e9 \u00e0 partir de myrtilles sauvages d&#8217;Alaska &#8211; celles qui poussent dans un environnement compl\u00e8tement naturel sans exposition \u00e0 aucun produit chimique. Ce complexe provient du genre Vaccinium qui regorge d&#8217;anthocyanines, avec pr\u00e8s de 10 fois la capacit\u00e9 antioxydante des baies cultiv\u00e9es commercialement.<br \/>\nDoses puissantes de plusieurs compos\u00e9s de fruits dans une seule g\u00e9lule<br \/>\nEn plus de l&#8217;extrait de myrtille sauvage, cette formule contient \u00e9galement des doses puissantes d&#8217;extrait de grenade. Le fruit de la grenade contient des polyph\u00e9nols, des tanins et des anthocyanines &#8211; tous des antioxydants b\u00e9n\u00e9fiques. Des compos\u00e9s connus sous le nom de punicalagines, \u00e9galement pr\u00e9sents dans la grenade, sont b\u00e9n\u00e9fiques pour la sant\u00e9 art\u00e9rielle en raison de leur capacit\u00e9 \u00e0 r\u00e9guler une fonction endoth\u00e9liale saine.<\/p>\n","protected":false},"excerpt":{"rendered":"<p>Life Extension &#8211; Extrait de myrtille avec grenade Par rapport \u00e0 de nombreux fruits et l\u00e9gumes, les myrtilles contiennent certains des compos\u00e9s les plus puissants pour combattre le stress oxydatif et l&#8217;inflammation. L&#8217;extrait de myrtille avec grenade est formul\u00e9 \u00e0 partir de myrtilles sauvages qui offrent encore plus de puissance que les vari\u00e9t\u00e9s cultiv\u00e9es commercialement. [&#8230;]\n","protected":false},"featured_media":247140,"comment_status":"open","ping_status":"open","template":"","meta":[],"product_brand":[4723],"product_cat":[5052,5094,5053],"product_tag":[5069],"class_list":{"0":"post-281355","1":"product","2":"type-product","3":"status-publish","4":"has-post-thumbnail","6":"product_brand-life-extension-2","7":"product_cat-sante-et-bien-etre","8":"product_cat-supplements-a-base-de-plantes","9":"product_cat-vitamines-et-mineraux","10":"product_tag-topeco-2","12":"first","13":"instock","14":"taxable","15":"shipping-taxable","16":"purchasable","17":"product-type-simple"},"yoast_head":"<!-- This site is optimized with the Yoast SEO Premium plugin v27.5 (Yoast SEO v27.5) - https:\/\/yoast.com\/product\/yoast-seo-premium-wordpress\/ -->\n<title>Extrait de myrtille avec grenade - 60 vcaps - ECO Supplements<\/title>\n<meta name=\"description\" content=\"Wij hebben een ruime keuze aan producten van Extrait de myrtille avec grenade - 60 vcaps . Winkel bij Eco Supplements altijd gratis verzending boven 100\u20ac\" \/>\n<meta name=\"robots\" content=\"index, follow, max-snippet:-1, max-image-preview:large, max-video-preview:-1\" \/>\n<link rel=\"canonical\" href=\"https:\/\/ecosupplements.be\/fr\/produit\/extrait-de-myrtille-avec-grenade-60-vcaps\/\" \/>\n<meta property=\"og:locale\" content=\"fr_FR\" \/>\n<meta property=\"og:type\" content=\"article\" \/>\n<meta property=\"og:title\" content=\"Extrait de myrtille avec grenade - 60 vcaps\" \/>\n<meta property=\"og:description\" content=\"Wij hebben een ruime keuze aan producten van Extrait de myrtille avec grenade - 60 vcaps . Winkel bij Eco Supplements altijd gratis verzending boven 100\u20ac\" \/>\n<meta property=\"og:url\" content=\"https:\/\/ecosupplements.be\/fr\/produit\/extrait-de-myrtille-avec-grenade-60-vcaps\/\" \/>\n<meta property=\"og:site_name\" content=\"ECO Supplements\" \/>\n<meta property=\"article:modified_time\" content=\"2025-08-27T10:17:34+00:00\" \/>\n<meta property=\"og:image\" content=\"https:\/\/ecosupplements.be\/wp-content\/uploads\/2025\/08\/Life-Extension-Blueberry-Extract-with-Pomegranate-60-vcaps.jpg\" \/>\n\t<meta property=\"og:image:width\" content=\"750\" \/>\n\t<meta property=\"og:image:height\" content=\"750\" \/>\n\t<meta property=\"og:image:type\" content=\"image\/jpeg\" \/>\n<meta name=\"twitter:card\" content=\"summary_large_image\" \/>\n<meta name=\"twitter:label1\" content=\"Prix\" \/>\n\t<meta name=\"twitter:data1\" content=\"33.14&nbsp;&euro;\" \/>\n\t<meta name=\"twitter:label2\" content=\"Disponibilit\u00e9\" \/>\n\t<meta name=\"twitter:data2\" content=\"En stock\" \/>\n<script type=\"application\/ld+json\" class=\"yoast-schema-graph\">{\"@context\":\"https:\\\/\\\/schema.org\",\"@graph\":[{\"@type\":[\"WebPage\",\"ItemPage\"],\"@id\":\"https:\\\/\\\/ecosupplements.be\\\/fr\\\/produit\\\/extrait-de-myrtille-avec-grenade-60-vcaps\\\/\",\"url\":\"https:\\\/\\\/ecosupplements.be\\\/fr\\\/produit\\\/extrait-de-myrtille-avec-grenade-60-vcaps\\\/\",\"name\":\"Extrait de myrtille avec grenade - 60 vcaps - ECO Supplements\",\"isPartOf\":{\"@id\":\"https:\\\/\\\/ecosupplements.be\\\/fr\\\/#website\"},\"primaryImageOfPage\":{\"@id\":\"https:\\\/\\\/ecosupplements.be\\\/fr\\\/produit\\\/extrait-de-myrtille-avec-grenade-60-vcaps\\\/#primaryimage\"},\"image\":{\"@id\":\"https:\\\/\\\/ecosupplements.be\\\/fr\\\/produit\\\/extrait-de-myrtille-avec-grenade-60-vcaps\\\/#primaryimage\"},\"thumbnailUrl\":\"https:\\\/\\\/ecosupplements.be\\\/wp-content\\\/uploads\\\/2025\\\/08\\\/Life-Extension-Blueberry-Extract-with-Pomegranate-60-vcaps-1.jpg\",\"datePublished\":\"2022-06-28T09:16:55+00:00\",\"dateModified\":\"2025-08-27T10:17:34+00:00\",\"description\":\"Wij hebben een ruime keuze aan producten van Extrait de myrtille avec grenade - 60 vcaps . Winkel bij Eco Supplements altijd gratis verzending boven 100\u20ac\",\"breadcrumb\":{\"@id\":\"https:\\\/\\\/ecosupplements.be\\\/fr\\\/produit\\\/extrait-de-myrtille-avec-grenade-60-vcaps\\\/#breadcrumb\"},\"inLanguage\":\"fr-FR\",\"potentialAction\":[{\"@type\":\"ReadAction\",\"target\":[\"https:\\\/\\\/ecosupplements.be\\\/fr\\\/produit\\\/extrait-de-myrtille-avec-grenade-60-vcaps\\\/\"]}]},{\"@type\":\"ImageObject\",\"inLanguage\":\"fr-FR\",\"@id\":\"https:\\\/\\\/ecosupplements.be\\\/fr\\\/produit\\\/extrait-de-myrtille-avec-grenade-60-vcaps\\\/#primaryimage\",\"url\":\"https:\\\/\\\/ecosupplements.be\\\/wp-content\\\/uploads\\\/2025\\\/08\\\/Life-Extension-Blueberry-Extract-with-Pomegranate-60-vcaps-1.jpg\",\"contentUrl\":\"https:\\\/\\\/ecosupplements.be\\\/wp-content\\\/uploads\\\/2025\\\/08\\\/Life-Extension-Blueberry-Extract-with-Pomegranate-60-vcaps-1.jpg\",\"width\":750,\"height\":750},{\"@type\":\"BreadcrumbList\",\"@id\":\"https:\\\/\\\/ecosupplements.be\\\/fr\\\/produit\\\/extrait-de-myrtille-avec-grenade-60-vcaps\\\/#breadcrumb\",\"itemListElement\":[{\"@type\":\"ListItem\",\"position\":1,\"name\":\"Home\",\"item\":\"https:\\\/\\\/ecosupplements.be\\\/fr\\\/\"},{\"@type\":\"ListItem\",\"position\":2,\"name\":\"Boutique\",\"item\":\"https:\\\/\\\/ecosupplements.be\\\/fr\\\/boutique\\\/\"},{\"@type\":\"ListItem\",\"position\":3,\"name\":\"Extrait de myrtille avec grenade &#8211; 60 vcaps\"}]},{\"@type\":\"WebSite\",\"@id\":\"https:\\\/\\\/ecosupplements.be\\\/fr\\\/#website\",\"url\":\"https:\\\/\\\/ecosupplements.be\\\/fr\\\/\",\"name\":\"ECO Supplements\",\"description\":\"Eco Supplements - Gezonde supplementen\",\"publisher\":{\"@id\":\"https:\\\/\\\/ecosupplements.be\\\/fr\\\/#organization\"},\"potentialAction\":[{\"@type\":\"SearchAction\",\"target\":{\"@type\":\"EntryPoint\",\"urlTemplate\":\"https:\\\/\\\/ecosupplements.be\\\/fr\\\/?s={search_term_string}\"},\"query-input\":{\"@type\":\"PropertyValueSpecification\",\"valueRequired\":true,\"valueName\":\"search_term_string\"}}],\"inLanguage\":\"fr-FR\"},{\"@type\":\"Organization\",\"@id\":\"https:\\\/\\\/ecosupplements.be\\\/fr\\\/#organization\",\"name\":\"Eco Supplements\",\"url\":\"https:\\\/\\\/ecosupplements.be\\\/fr\\\/\",\"logo\":{\"@type\":\"ImageObject\",\"inLanguage\":\"fr-FR\",\"@id\":\"https:\\\/\\\/ecosupplements.be\\\/fr\\\/#\\\/schema\\\/logo\\\/image\\\/\",\"url\":\"https:\\\/\\\/ecosupplements.be\\\/wp-content\\\/uploads\\\/2022\\\/06\\\/ecosupplement-family.png\",\"contentUrl\":\"https:\\\/\\\/ecosupplements.be\\\/wp-content\\\/uploads\\\/2022\\\/06\\\/ecosupplement-family.png\",\"width\":593,\"height\":374,\"caption\":\"Eco Supplements\"},\"image\":{\"@id\":\"https:\\\/\\\/ecosupplements.be\\\/fr\\\/#\\\/schema\\\/logo\\\/image\\\/\"}}]}<\/script>\n<meta property=\"product:brand\" content=\"Life Extension\" \/>\n<meta property=\"product:price:amount\" content=\"33.14\" \/>\n<meta property=\"product:price:currency\" content=\"EUR\" \/>\n<meta property=\"og:availability\" content=\"instock\" \/>\n<meta property=\"product:availability\" content=\"instock\" \/>\n<meta property=\"product:retailer_item_id\" content=\"737870143864\" \/>\n<meta property=\"product:condition\" content=\"new\" \/>\n<!-- \/ Yoast SEO Premium plugin. -->","yoast_head_json":{"title":"Extrait de myrtille avec grenade - 60 vcaps - ECO Supplements","description":"Wij hebben een ruime keuze aan producten van Extrait de myrtille avec grenade - 60 vcaps . Winkel bij Eco Supplements altijd gratis verzending boven 100\u20ac","robots":{"index":"index","follow":"follow","max-snippet":"max-snippet:-1","max-image-preview":"max-image-preview:large","max-video-preview":"max-video-preview:-1"},"canonical":"https:\/\/ecosupplements.be\/fr\/produit\/extrait-de-myrtille-avec-grenade-60-vcaps\/","og_locale":"fr_FR","og_type":"article","og_title":"Extrait de myrtille avec grenade - 60 vcaps","og_description":"Wij hebben een ruime keuze aan producten van Extrait de myrtille avec grenade - 60 vcaps . Winkel bij Eco Supplements altijd gratis verzending boven 100\u20ac","og_url":"https:\/\/ecosupplements.be\/fr\/produit\/extrait-de-myrtille-avec-grenade-60-vcaps\/","og_site_name":"ECO Supplements","article_modified_time":"2025-08-27T10:17:34+00:00","og_image":[{"width":750,"height":750,"url":"https:\/\/ecosupplements.be\/wp-content\/uploads\/2025\/08\/Life-Extension-Blueberry-Extract-with-Pomegranate-60-vcaps.jpg","type":"image\/jpeg"}],"twitter_card":"summary_large_image","twitter_misc":{"Prix":"33.14&nbsp;&euro;","Disponibilit\u00e9":"En stock"},"schema":{"@context":"https:\/\/schema.org","@graph":[{"@type":["WebPage","ItemPage"],"@id":"https:\/\/ecosupplements.be\/fr\/produit\/extrait-de-myrtille-avec-grenade-60-vcaps\/","url":"https:\/\/ecosupplements.be\/fr\/produit\/extrait-de-myrtille-avec-grenade-60-vcaps\/","name":"Extrait de myrtille avec grenade - 60 vcaps - ECO Supplements","isPartOf":{"@id":"https:\/\/ecosupplements.be\/fr\/#website"},"primaryImageOfPage":{"@id":"https:\/\/ecosupplements.be\/fr\/produit\/extrait-de-myrtille-avec-grenade-60-vcaps\/#primaryimage"},"image":{"@id":"https:\/\/ecosupplements.be\/fr\/produit\/extrait-de-myrtille-avec-grenade-60-vcaps\/#primaryimage"},"thumbnailUrl":"https:\/\/ecosupplements.be\/wp-content\/uploads\/2025\/08\/Life-Extension-Blueberry-Extract-with-Pomegranate-60-vcaps-1.jpg","datePublished":"2022-06-28T09:16:55+00:00","dateModified":"2025-08-27T10:17:34+00:00","description":"Wij hebben een ruime keuze aan producten van Extrait de myrtille avec grenade - 60 vcaps . Winkel bij Eco Supplements altijd gratis verzending boven 100\u20ac","breadcrumb":{"@id":"https:\/\/ecosupplements.be\/fr\/produit\/extrait-de-myrtille-avec-grenade-60-vcaps\/#breadcrumb"},"inLanguage":"fr-FR","potentialAction":[{"@type":"ReadAction","target":["https:\/\/ecosupplements.be\/fr\/produit\/extrait-de-myrtille-avec-grenade-60-vcaps\/"]}]},{"@type":"ImageObject","inLanguage":"fr-FR","@id":"https:\/\/ecosupplements.be\/fr\/produit\/extrait-de-myrtille-avec-grenade-60-vcaps\/#primaryimage","url":"https:\/\/ecosupplements.be\/wp-content\/uploads\/2025\/08\/Life-Extension-Blueberry-Extract-with-Pomegranate-60-vcaps-1.jpg","contentUrl":"https:\/\/ecosupplements.be\/wp-content\/uploads\/2025\/08\/Life-Extension-Blueberry-Extract-with-Pomegranate-60-vcaps-1.jpg","width":750,"height":750},{"@type":"BreadcrumbList","@id":"https:\/\/ecosupplements.be\/fr\/produit\/extrait-de-myrtille-avec-grenade-60-vcaps\/#breadcrumb","itemListElement":[{"@type":"ListItem","position":1,"name":"Home","item":"https:\/\/ecosupplements.be\/fr\/"},{"@type":"ListItem","position":2,"name":"Boutique","item":"https:\/\/ecosupplements.be\/fr\/boutique\/"},{"@type":"ListItem","position":3,"name":"Extrait de myrtille avec grenade &#8211; 60 vcaps"}]},{"@type":"WebSite","@id":"https:\/\/ecosupplements.be\/fr\/#website","url":"https:\/\/ecosupplements.be\/fr\/","name":"ECO Supplements","description":"Eco Supplements - Gezonde supplementen","publisher":{"@id":"https:\/\/ecosupplements.be\/fr\/#organization"},"potentialAction":[{"@type":"SearchAction","target":{"@type":"EntryPoint","urlTemplate":"https:\/\/ecosupplements.be\/fr\/?s={search_term_string}"},"query-input":{"@type":"PropertyValueSpecification","valueRequired":true,"valueName":"search_term_string"}}],"inLanguage":"fr-FR"},{"@type":"Organization","@id":"https:\/\/ecosupplements.be\/fr\/#organization","name":"Eco Supplements","url":"https:\/\/ecosupplements.be\/fr\/","logo":{"@type":"ImageObject","inLanguage":"fr-FR","@id":"https:\/\/ecosupplements.be\/fr\/#\/schema\/logo\/image\/","url":"https:\/\/ecosupplements.be\/wp-content\/uploads\/2022\/06\/ecosupplement-family.png","contentUrl":"https:\/\/ecosupplements.be\/wp-content\/uploads\/2022\/06\/ecosupplement-family.png","width":593,"height":374,"caption":"Eco Supplements"},"image":{"@id":"https:\/\/ecosupplements.be\/fr\/#\/schema\/logo\/image\/"}}]},"product_brand":"Life Extension","product_price_amount":"33.14","product_price_currency":"EUR","og_availability":"instock","product_availability":"instock","product_retailer_item_id":"737870143864","product_condition":"new"},"_links":{"self":[{"href":"https:\/\/ecosupplements.be\/fr\/wp-json\/wp\/v2\/product\/281355","targetHints":{"allow":["GET"]}}],"collection":[{"href":"https:\/\/ecosupplements.be\/fr\/wp-json\/wp\/v2\/product"}],"about":[{"href":"https:\/\/ecosupplements.be\/fr\/wp-json\/wp\/v2\/types\/product"}],"replies":[{"embeddable":true,"href":"https:\/\/ecosupplements.be\/fr\/wp-json\/wp\/v2\/comments?post=281355"}],"wp:featuredmedia":[{"embeddable":true,"href":"https:\/\/ecosupplements.be\/fr\/wp-json\/wp\/v2\/media\/247140"}],"wp:attachment":[{"href":"https:\/\/ecosupplements.be\/fr\/wp-json\/wp\/v2\/media?parent=281355"}],"wp:term":[{"taxonomy":"product_brand","embeddable":true,"href":"https:\/\/ecosupplements.be\/fr\/wp-json\/wp\/v2\/product_brand?post=281355"},{"taxonomy":"product_cat","embeddable":true,"href":"https:\/\/ecosupplements.be\/fr\/wp-json\/wp\/v2\/product_cat?post=281355"},{"taxonomy":"product_tag","embeddable":true,"href":"https:\/\/ecosupplements.be\/fr\/wp-json\/wp\/v2\/product_tag?post=281355"}],"curies":[{"name":"wp","href":"https:\/\/api.w.org\/{rel}","templated":true}]}}