{"id":281356,"date":"2022-06-28T10:16:55","date_gmt":"2022-06-28T09:16:55","guid":{"rendered":"https:\/\/ecosupplements.be\/product\/bone-restore-120-caps\/"},"modified":"2025-08-27T11:17:36","modified_gmt":"2025-08-27T10:17:36","slug":"bone-restore-120-caps","status":"publish","type":"product","link":"https:\/\/ecosupplements.be\/fr\/produit\/bone-restore-120-caps\/","title":{"rendered":"Bone Restore &#8211; 120 caps"},"content":{"rendered":"<h1 style=\"text-align: center;\">Life Extension &#8211; Bone Restore<\/h1>\n<p>Pour maintenir la densit\u00e9 et la solidit\u00e9 des os, il faut ajouter du calcium. Mais il doit \u00eatre accompagn\u00e9 de quantit\u00e9s ad\u00e9quates d&#8217;autres nutriments vitaux. C&#8217;est pourquoi cette formule min\u00e9rale compl\u00e8te et exclusive fournit 700 mg de calcium \u00e9l\u00e9mentaire hautement absorbable sous trois formes diff\u00e9rentes, ainsi que du magn\u00e9sium, du bore, du zinc, du mangan\u00e8se et du silicium d&#8217;importance critique, n\u00e9cessaires \u00e0 la sant\u00e9 des os. La vitamine D3, qui contribue \u00e0 stimuler l&#8217;absorption du calcium, \u00e0 renforcer les os en cours de maturation et \u00e0 maintenir la sant\u00e9 des cartilages, est \u00e9galement incluse. Essayez donc Bone Restore et ajoutez tous ces nutriments essentiels \u00e0 votre r\u00e9gime avec une seule formule pour renforcer les os !<br \/>\nLes avantages en un coup d&#8217;\u0153il :<br \/>\nDes nutriments hautement absorbables pour une plus grande densit\u00e9 osseuse<br \/>\nFournit trois formes diff\u00e9rentes et bien absorb\u00e9es de calcium<br \/>\nComprend les min\u00e9raux osseux essentiels que sont le magn\u00e9sium, le bore, le zinc, le mangan\u00e8se et le silicium.<br \/>\nContient 1 000 UI de vitamine D3 par portion<br \/>\nUne densit\u00e9 osseuse saine n\u00e9cessite du calcium&#8230; le bon type de calcium.<br \/>\nMin\u00e9ral le plus abondant dans l&#8217;organisme, le calcium se trouve principalement dans les os et les dents. Les hommes et les femmes peuvent prendre des suppl\u00e9ments de calcium et souffrir malgr\u00e9 tout d&#8217;une perte de densit\u00e9 min\u00e9rale osseuse. Pourquoi ? La plupart des gens ne prennent pas assez de calcium pour compenser la quantit\u00e9 perdue au cours du vieillissement normal. De plus, de nombreuses formes de calcium ne sont pas bien absorb\u00e9es. Bone Restore fournit trois types de calcium facilement absorb\u00e9s &#8211; le malate de dicalcium, le fructoborate de calcium et le ch\u00e9late de bisglycinate de calcium &#8211; sous forme de g\u00e9lules afin de garantir qu&#8217;il se d\u00e9compose enti\u00e8rement dans le tube digestif.<br \/>\nD&#8217;autres min\u00e9raux et nutriments importants sont \u00e9galement cruciaux pour la sant\u00e9 des os<br \/>\nLa perte de densit\u00e9 osseuse n&#8217;est pas seulement associ\u00e9e \u00e0 une carence en calcium, mais aussi \u00e0 un apport insuffisant de nombreux autres nutriments, dont le magn\u00e9sium et la vitamine D3. Pour que le calcium contribue \u00e0 maintenir la sant\u00e9 des os, des quantit\u00e9s ad\u00e9quates de magn\u00e9sium, de zinc, de mangan\u00e8se, de vitamine D3 et d&#8217;autres nutriments doivent \u00eatre disponibles afin que le calcium et le phosphore puissent \u00eatre incorpor\u00e9s dans la matrice osseuse.<br \/>\nLes femmes post-m\u00e9nopaus\u00e9es connaissent g\u00e9n\u00e9ralement une perte de densit\u00e9 min\u00e9rale osseuse, mais les hommes peuvent \u00e9galement \u00eatre confront\u00e9s \u00e0 ce probl\u00e8me en vieillissant. Et tant les hommes que les femmes peuvent conna\u00eetre des d\u00e9ficits importants en magn\u00e9sium s&#8217;ils ne prennent pas de suppl\u00e9ment. Le magn\u00e9sium, l&#8217;un des min\u00e9raux les plus importants de l&#8217;organisme, est n\u00e9cessaire au maintien d&#8217;os solides et est essentiel \u00e0 la promotion d&#8217;un syst\u00e8me vasculaire sain. En fait, le magn\u00e9sium est essentiel pour plus de 300 r\u00e9actions biochimiques diff\u00e9rentes dans le corps. Bone Restore contient 300 mg de magn\u00e9sium provenant de l&#8217;oxyde de magn\u00e9sium.<br \/>\nLa recherche scientifique a \u00e9tabli les effets b\u00e9n\u00e9fiques de l&#8217;oligo-\u00e9l\u00e9ment bore sur la solidit\u00e9 des os et des articulations. Cette formule contient le FruiteX B OsteoBoron brevet\u00e9, une forme puissante de bore fabriqu\u00e9e \u00e0 partir d&#8217;un complexe calcium\/glucides\/bore similaire \u00e0 celui que l&#8217;on trouve dans les fruits et l\u00e9gumes. FruiteX B OsteoBoron est plus biodisponible que le citrate de bore, le nutriment utilis\u00e9 dans la plupart des suppl\u00e9ments commerciaux de renforcement des os.<br \/>\nL&#8217;ajout de Bone Restore \u00e0 votre r\u00e9gime de sant\u00e9 du corps entier est un excellent moyen d&#8217;obtenir tous ces nutriments essentiels \u00e0 la sant\u00e9 des os dans une formule unique et pratique.<\/p>\n<p><img decoding=\"async\" src=\"https:\/\/ecosupplements.be\/wp-content\/uploads\/2025\/08\/non-gmo-1.png\" title=\"Non-OGM\" alt=\"Non-GMO\"><\/p>\n","protected":false},"excerpt":{"rendered":"<p>Life Extension &#8211; Bone Restore Pour maintenir la densit\u00e9 et la solidit\u00e9 des os, il faut ajouter du calcium. Mais il doit \u00eatre accompagn\u00e9 de quantit\u00e9s ad\u00e9quates d&#8217;autres nutriments vitaux. C&#8217;est pourquoi cette formule min\u00e9rale compl\u00e8te et exclusive fournit 700 mg de calcium \u00e9l\u00e9mentaire hautement absorbable sous trois formes diff\u00e9rentes, ainsi que du magn\u00e9sium, du [&#8230;]\n","protected":false},"featured_media":247145,"comment_status":"open","ping_status":"open","template":"","meta":[],"product_brand":[4723],"product_cat":[5052,5083,5084,5085],"product_tag":[5069],"class_list":{"0":"post-281356","1":"product","2":"type-product","3":"status-publish","4":"has-post-thumbnail","6":"product_brand-life-extension-2","7":"product_cat-sante-et-bien-etre","8":"product_cat-soutien-aux-articulations","9":"product_cat-soutien-conjoint","10":"product_cat-soutien-pour-les-articulations","11":"product_tag-topeco-2","13":"first","14":"instock","15":"taxable","16":"shipping-taxable","17":"purchasable","18":"product-type-simple"},"yoast_head":"<!-- This site is optimized with the Yoast SEO Premium plugin v27.3 (Yoast SEO v27.3) - https:\/\/yoast.com\/product\/yoast-seo-premium-wordpress\/ -->\n<title>Bone Restore - 120 caps - ECO Supplements<\/title>\n<meta name=\"description\" content=\"Wij hebben een ruime keuze aan producten van Bone Restore - 120 caps . Winkel bij Eco Supplements altijd gratis verzending boven 100\u20ac\" \/>\n<meta name=\"robots\" content=\"index, follow, max-snippet:-1, max-image-preview:large, max-video-preview:-1\" \/>\n<link rel=\"canonical\" href=\"https:\/\/ecosupplements.be\/fr\/produit\/bone-restore-120-caps\/\" \/>\n<meta property=\"og:locale\" content=\"fr_FR\" \/>\n<meta property=\"og:type\" content=\"article\" \/>\n<meta property=\"og:title\" content=\"Bone Restore - 120 caps\" \/>\n<meta property=\"og:description\" content=\"Wij hebben een ruime keuze aan producten van Bone Restore - 120 caps . Winkel bij Eco Supplements altijd gratis verzending boven 100\u20ac\" \/>\n<meta property=\"og:url\" content=\"https:\/\/ecosupplements.be\/fr\/produit\/bone-restore-120-caps\/\" \/>\n<meta property=\"og:site_name\" content=\"ECO Supplements\" \/>\n<meta property=\"article:modified_time\" content=\"2025-08-27T10:17:36+00:00\" \/>\n<meta property=\"og:image\" content=\"https:\/\/ecosupplements.be\/wp-content\/uploads\/2025\/08\/Life-Extension-Bone-Restore-120-caps-1.jpg\" \/>\n\t<meta property=\"og:image:width\" content=\"750\" \/>\n\t<meta property=\"og:image:height\" content=\"750\" \/>\n\t<meta property=\"og:image:type\" content=\"image\/jpeg\" \/>\n<meta name=\"twitter:card\" content=\"summary_large_image\" \/>\n<meta name=\"twitter:label1\" content=\"Prix\" \/>\n\t<meta name=\"twitter:data1\" content=\"23.95&nbsp;&euro;\" \/>\n\t<meta name=\"twitter:label2\" content=\"Disponibilit\u00e9\" \/>\n\t<meta name=\"twitter:data2\" content=\"En stock\" \/>\n<script type=\"application\/ld+json\" class=\"yoast-schema-graph\">{\"@context\":\"https:\\\/\\\/schema.org\",\"@graph\":[{\"@type\":[\"WebPage\",\"ItemPage\"],\"@id\":\"https:\\\/\\\/ecosupplements.be\\\/fr\\\/produit\\\/bone-restore-120-caps\\\/\",\"url\":\"https:\\\/\\\/ecosupplements.be\\\/fr\\\/produit\\\/bone-restore-120-caps\\\/\",\"name\":\"Bone Restore - 120 caps - ECO Supplements\",\"isPartOf\":{\"@id\":\"https:\\\/\\\/ecosupplements.be\\\/fr\\\/#website\"},\"primaryImageOfPage\":{\"@id\":\"https:\\\/\\\/ecosupplements.be\\\/fr\\\/produit\\\/bone-restore-120-caps\\\/#primaryimage\"},\"image\":{\"@id\":\"https:\\\/\\\/ecosupplements.be\\\/fr\\\/produit\\\/bone-restore-120-caps\\\/#primaryimage\"},\"thumbnailUrl\":\"https:\\\/\\\/ecosupplements.be\\\/wp-content\\\/uploads\\\/2025\\\/08\\\/Life-Extension-Bone-Restore-120-caps-1.jpg\",\"datePublished\":\"2022-06-28T09:16:55+00:00\",\"dateModified\":\"2025-08-27T10:17:36+00:00\",\"description\":\"Wij hebben een ruime keuze aan producten van Bone Restore - 120 caps . Winkel bij Eco Supplements altijd gratis verzending boven 100\u20ac\",\"breadcrumb\":{\"@id\":\"https:\\\/\\\/ecosupplements.be\\\/fr\\\/produit\\\/bone-restore-120-caps\\\/#breadcrumb\"},\"inLanguage\":\"fr-FR\",\"potentialAction\":[{\"@type\":\"ReadAction\",\"target\":[\"https:\\\/\\\/ecosupplements.be\\\/fr\\\/produit\\\/bone-restore-120-caps\\\/\"]}]},{\"@type\":\"ImageObject\",\"inLanguage\":\"fr-FR\",\"@id\":\"https:\\\/\\\/ecosupplements.be\\\/fr\\\/produit\\\/bone-restore-120-caps\\\/#primaryimage\",\"url\":\"https:\\\/\\\/ecosupplements.be\\\/wp-content\\\/uploads\\\/2025\\\/08\\\/Life-Extension-Bone-Restore-120-caps-1.jpg\",\"contentUrl\":\"https:\\\/\\\/ecosupplements.be\\\/wp-content\\\/uploads\\\/2025\\\/08\\\/Life-Extension-Bone-Restore-120-caps-1.jpg\",\"width\":750,\"height\":750},{\"@type\":\"BreadcrumbList\",\"@id\":\"https:\\\/\\\/ecosupplements.be\\\/fr\\\/produit\\\/bone-restore-120-caps\\\/#breadcrumb\",\"itemListElement\":[{\"@type\":\"ListItem\",\"position\":1,\"name\":\"Home\",\"item\":\"https:\\\/\\\/ecosupplements.be\\\/fr\\\/\"},{\"@type\":\"ListItem\",\"position\":2,\"name\":\"Boutique\",\"item\":\"https:\\\/\\\/ecosupplements.be\\\/fr\\\/boutique\\\/\"},{\"@type\":\"ListItem\",\"position\":3,\"name\":\"Bone Restore &#8211; 120 caps\"}]},{\"@type\":\"WebSite\",\"@id\":\"https:\\\/\\\/ecosupplements.be\\\/fr\\\/#website\",\"url\":\"https:\\\/\\\/ecosupplements.be\\\/fr\\\/\",\"name\":\"ECO Supplements\",\"description\":\"Eco Supplements - Gezonde supplementen\",\"publisher\":{\"@id\":\"https:\\\/\\\/ecosupplements.be\\\/fr\\\/#organization\"},\"potentialAction\":[{\"@type\":\"SearchAction\",\"target\":{\"@type\":\"EntryPoint\",\"urlTemplate\":\"https:\\\/\\\/ecosupplements.be\\\/fr\\\/?s={search_term_string}\"},\"query-input\":{\"@type\":\"PropertyValueSpecification\",\"valueRequired\":true,\"valueName\":\"search_term_string\"}}],\"inLanguage\":\"fr-FR\"},{\"@type\":\"Organization\",\"@id\":\"https:\\\/\\\/ecosupplements.be\\\/fr\\\/#organization\",\"name\":\"Eco Supplements\",\"url\":\"https:\\\/\\\/ecosupplements.be\\\/fr\\\/\",\"logo\":{\"@type\":\"ImageObject\",\"inLanguage\":\"fr-FR\",\"@id\":\"https:\\\/\\\/ecosupplements.be\\\/fr\\\/#\\\/schema\\\/logo\\\/image\\\/\",\"url\":\"https:\\\/\\\/ecosupplements.be\\\/wp-content\\\/uploads\\\/2022\\\/06\\\/ecosupplement-family.png\",\"contentUrl\":\"https:\\\/\\\/ecosupplements.be\\\/wp-content\\\/uploads\\\/2022\\\/06\\\/ecosupplement-family.png\",\"width\":593,\"height\":374,\"caption\":\"Eco Supplements\"},\"image\":{\"@id\":\"https:\\\/\\\/ecosupplements.be\\\/fr\\\/#\\\/schema\\\/logo\\\/image\\\/\"}}]}<\/script>\n<meta property=\"product:brand\" content=\"Life Extension\" \/>\n<meta property=\"product:price:amount\" content=\"23.95\" \/>\n<meta property=\"product:price:currency\" content=\"EUR\" \/>\n<meta property=\"og:availability\" content=\"instock\" \/>\n<meta property=\"product:availability\" content=\"instock\" \/>\n<meta property=\"product:retailer_item_id\" content=\"737870172611\" \/>\n<meta property=\"product:condition\" content=\"new\" \/>\n<!-- \/ Yoast SEO Premium plugin. -->","yoast_head_json":{"title":"Bone Restore - 120 caps - ECO Supplements","description":"Wij hebben een ruime keuze aan producten van Bone Restore - 120 caps . Winkel bij Eco Supplements altijd gratis verzending boven 100\u20ac","robots":{"index":"index","follow":"follow","max-snippet":"max-snippet:-1","max-image-preview":"max-image-preview:large","max-video-preview":"max-video-preview:-1"},"canonical":"https:\/\/ecosupplements.be\/fr\/produit\/bone-restore-120-caps\/","og_locale":"fr_FR","og_type":"article","og_title":"Bone Restore - 120 caps","og_description":"Wij hebben een ruime keuze aan producten van Bone Restore - 120 caps . Winkel bij Eco Supplements altijd gratis verzending boven 100\u20ac","og_url":"https:\/\/ecosupplements.be\/fr\/produit\/bone-restore-120-caps\/","og_site_name":"ECO Supplements","article_modified_time":"2025-08-27T10:17:36+00:00","og_image":[{"width":750,"height":750,"url":"https:\/\/ecosupplements.be\/wp-content\/uploads\/2025\/08\/Life-Extension-Bone-Restore-120-caps-1.jpg","type":"image\/jpeg"}],"twitter_card":"summary_large_image","twitter_misc":{"Prix":"23.95&nbsp;&euro;","Disponibilit\u00e9":"En stock"},"schema":{"@context":"https:\/\/schema.org","@graph":[{"@type":["WebPage","ItemPage"],"@id":"https:\/\/ecosupplements.be\/fr\/produit\/bone-restore-120-caps\/","url":"https:\/\/ecosupplements.be\/fr\/produit\/bone-restore-120-caps\/","name":"Bone Restore - 120 caps - ECO Supplements","isPartOf":{"@id":"https:\/\/ecosupplements.be\/fr\/#website"},"primaryImageOfPage":{"@id":"https:\/\/ecosupplements.be\/fr\/produit\/bone-restore-120-caps\/#primaryimage"},"image":{"@id":"https:\/\/ecosupplements.be\/fr\/produit\/bone-restore-120-caps\/#primaryimage"},"thumbnailUrl":"https:\/\/ecosupplements.be\/wp-content\/uploads\/2025\/08\/Life-Extension-Bone-Restore-120-caps-1.jpg","datePublished":"2022-06-28T09:16:55+00:00","dateModified":"2025-08-27T10:17:36+00:00","description":"Wij hebben een ruime keuze aan producten van Bone Restore - 120 caps . Winkel bij Eco Supplements altijd gratis verzending boven 100\u20ac","breadcrumb":{"@id":"https:\/\/ecosupplements.be\/fr\/produit\/bone-restore-120-caps\/#breadcrumb"},"inLanguage":"fr-FR","potentialAction":[{"@type":"ReadAction","target":["https:\/\/ecosupplements.be\/fr\/produit\/bone-restore-120-caps\/"]}]},{"@type":"ImageObject","inLanguage":"fr-FR","@id":"https:\/\/ecosupplements.be\/fr\/produit\/bone-restore-120-caps\/#primaryimage","url":"https:\/\/ecosupplements.be\/wp-content\/uploads\/2025\/08\/Life-Extension-Bone-Restore-120-caps-1.jpg","contentUrl":"https:\/\/ecosupplements.be\/wp-content\/uploads\/2025\/08\/Life-Extension-Bone-Restore-120-caps-1.jpg","width":750,"height":750},{"@type":"BreadcrumbList","@id":"https:\/\/ecosupplements.be\/fr\/produit\/bone-restore-120-caps\/#breadcrumb","itemListElement":[{"@type":"ListItem","position":1,"name":"Home","item":"https:\/\/ecosupplements.be\/fr\/"},{"@type":"ListItem","position":2,"name":"Boutique","item":"https:\/\/ecosupplements.be\/fr\/boutique\/"},{"@type":"ListItem","position":3,"name":"Bone Restore &#8211; 120 caps"}]},{"@type":"WebSite","@id":"https:\/\/ecosupplements.be\/fr\/#website","url":"https:\/\/ecosupplements.be\/fr\/","name":"ECO Supplements","description":"Eco Supplements - Gezonde supplementen","publisher":{"@id":"https:\/\/ecosupplements.be\/fr\/#organization"},"potentialAction":[{"@type":"SearchAction","target":{"@type":"EntryPoint","urlTemplate":"https:\/\/ecosupplements.be\/fr\/?s={search_term_string}"},"query-input":{"@type":"PropertyValueSpecification","valueRequired":true,"valueName":"search_term_string"}}],"inLanguage":"fr-FR"},{"@type":"Organization","@id":"https:\/\/ecosupplements.be\/fr\/#organization","name":"Eco Supplements","url":"https:\/\/ecosupplements.be\/fr\/","logo":{"@type":"ImageObject","inLanguage":"fr-FR","@id":"https:\/\/ecosupplements.be\/fr\/#\/schema\/logo\/image\/","url":"https:\/\/ecosupplements.be\/wp-content\/uploads\/2022\/06\/ecosupplement-family.png","contentUrl":"https:\/\/ecosupplements.be\/wp-content\/uploads\/2022\/06\/ecosupplement-family.png","width":593,"height":374,"caption":"Eco Supplements"},"image":{"@id":"https:\/\/ecosupplements.be\/fr\/#\/schema\/logo\/image\/"}}]},"product_brand":"Life Extension","product_price_amount":"23.95","product_price_currency":"EUR","og_availability":"instock","product_availability":"instock","product_retailer_item_id":"737870172611","product_condition":"new"},"_links":{"self":[{"href":"https:\/\/ecosupplements.be\/fr\/wp-json\/wp\/v2\/product\/281356","targetHints":{"allow":["GET"]}}],"collection":[{"href":"https:\/\/ecosupplements.be\/fr\/wp-json\/wp\/v2\/product"}],"about":[{"href":"https:\/\/ecosupplements.be\/fr\/wp-json\/wp\/v2\/types\/product"}],"replies":[{"embeddable":true,"href":"https:\/\/ecosupplements.be\/fr\/wp-json\/wp\/v2\/comments?post=281356"}],"wp:featuredmedia":[{"embeddable":true,"href":"https:\/\/ecosupplements.be\/fr\/wp-json\/wp\/v2\/media\/247145"}],"wp:attachment":[{"href":"https:\/\/ecosupplements.be\/fr\/wp-json\/wp\/v2\/media?parent=281356"}],"wp:term":[{"taxonomy":"product_brand","embeddable":true,"href":"https:\/\/ecosupplements.be\/fr\/wp-json\/wp\/v2\/product_brand?post=281356"},{"taxonomy":"product_cat","embeddable":true,"href":"https:\/\/ecosupplements.be\/fr\/wp-json\/wp\/v2\/product_cat?post=281356"},{"taxonomy":"product_tag","embeddable":true,"href":"https:\/\/ecosupplements.be\/fr\/wp-json\/wp\/v2\/product_tag?post=281356"}],"curies":[{"name":"wp","href":"https:\/\/api.w.org\/{rel}","templated":true}]}}