{"id":281361,"date":"2022-06-28T10:16:55","date_gmt":"2022-06-28T09:16:55","guid":{"rendered":"https:\/\/ecosupplements.be\/product\/citrate-de-calcium-avec-vitamine-d-200-vcaps\/"},"modified":"2025-08-27T11:17:50","modified_gmt":"2025-08-27T10:17:50","slug":"citrate-de-calcium-avec-vitamine-d-200-vcaps","status":"publish","type":"product","link":"https:\/\/ecosupplements.be\/fr\/produit\/citrate-de-calcium-avec-vitamine-d-200-vcaps\/","title":{"rendered":"Citrate de Calcium avec Vitamine D &#8211; 200 vcaps"},"content":{"rendered":"<h1 style=\"text-align: center;\">Life Extension &#8211; Citrate de calcium avec vitamine D<\/h1>\n<p>Le calcium est le min\u00e9ral le plus abondant dans le corps &#8230; on le trouve principalement dans les os et les dents. Dans la formation des os, le calcium forme des cristaux qui donnent de la solidit\u00e9 aux os en cours de maturation.<br \/>\nLe calcium n&#8217;est pas seulement n\u00e9cessaire \u00e0 la sant\u00e9 des os. Il est \u00e9galement important pour la contraction des muscles, la contraction et l&#8217;expansion des vaisseaux sanguins, la s\u00e9cr\u00e9tion d&#8217;hormones et d&#8217;enzymes, et l&#8217;envoi de messages par le syst\u00e8me nerveux. Une m\u00e9ta-analyse de 56 essais cliniques a d\u00e9montr\u00e9 un impact significatif sur la sant\u00e9 cardiaque suite \u00e0 une augmentation de l&#8217;apport en calcium de 1 000 \u00e0 2 000 mg\/jour. En outre, des preuves scientifiques sugg\u00e8rent qu&#8217;un apport accru en calcium peut \u00e9galement contribuer \u00e0 maintenir un poids optimal.<br \/>\nLe calcium est un min\u00e9ral essentiel qui est souvent fourni de mani\u00e8re inad\u00e9quate, absorb\u00e9 de mani\u00e8re inefficace ou excr\u00e9t\u00e9 plus rapidement qu&#8217;il n&#8217;est assimil\u00e9. Il a \u00e9t\u00e9 d\u00e9montr\u00e9 que le sel de citrate de calcium est bien absorb\u00e9 et utilis\u00e9 par l&#8217;organisme.7-10 C&#8217;est la forme que de nombreux m\u00e9decins et nutritionnistes recommandent. Le citrate de calcium se dissout facilement, m\u00eame si l&#8217;on a peu d&#8217;acide gastrique. De nombreuses personnes produisent naturellement moins d&#8217;acide en vieillissant, le citrate de calcium est donc un bon choix pour les personnes \u00e2g\u00e9es. L&#8217;ajout de la vitamine D3 est \u00e9galement d&#8217;une importance capitale, car elle stimule l&#8217;absorption du calcium et favorise une densit\u00e9 osseuse saine. Cependant, en vieillissant, les gens perdent souvent la capacit\u00e9 de fabriquer de la vitamine D3.<br \/>\nIl est pr\u00e9f\u00e9rable de ne pas prendre le calcium et les autres min\u00e9raux avec des fibres, car celles-ci peuvent interf\u00e9rer avec leur absorption. Il existe des preuves que le calcium provenant de suppl\u00e9ments et d&#8217;aliments laitiers peut inhiber l&#8217;absorption du fer, bien qu&#8217;il ait \u00e9t\u00e9 tr\u00e8s difficile de distinguer les effets du calcium sur l&#8217;absorption du fer de ceux d&#8217;autres facteurs inhibiteurs, comme le phytate. Bien que la compr\u00e9hension actuelle de ce ph\u00e9nom\u00e8ne sugg\u00e8re que l&#8217;inhibition du calcium sur l&#8217;absorption du fer est de courte dur\u00e9e et que l&#8217;organisme dispose de m\u00e9canismes d&#8217;adaptation.<br \/>\nIl est pr\u00e9f\u00e9rable de prendre les suppl\u00e9ments de calcium avec les repas. Ils doivent toujours \u00eatre pris avec un grand verre d&#8217;eau, de jus ou d&#8217;un autre liquide pour am\u00e9liorer la solubilit\u00e9. Si les formules contenant du calcium sont prises une seule fois par jour, il est pr\u00e9f\u00e9rable de les prendre le soir.<\/p>\n<p><img decoding=\"async\" src=\"https:\/\/ecosupplements.be\/wp-content\/uploads\/2025\/08\/gluten-free-1.png\" title=\"Sans gluten\" alt=\"Gluten free\"><img decoding=\"async\" src=\"https:\/\/ecosupplements.be\/wp-content\/uploads\/2025\/08\/non-gmo-1.png\" title=\"Non-OGM\" alt=\"Non-GMO\"><\/p>\n","protected":false},"excerpt":{"rendered":"<p>Life Extension &#8211; Citrate de calcium avec vitamine D Le calcium est le min\u00e9ral le plus abondant dans le corps &#8230; on le trouve principalement dans les os et les dents. Dans la formation des os, le calcium forme des cristaux qui donnent de la solidit\u00e9 aux os en cours de maturation. Le calcium n&#8217;est [&#8230;]\n","protected":false},"featured_media":247170,"comment_status":"open","ping_status":"open","template":"","meta":[],"product_brand":[4723],"product_cat":[5065,5064,5052,5053],"product_tag":[],"class_list":{"0":"post-281361","1":"product","2":"type-product","3":"status-publish","4":"has-post-thumbnail","6":"product_brand-life-extension-2","7":"product_cat-calcium-mineraux-simples","8":"product_cat-mineraux-simples","9":"product_cat-sante-et-bien-etre","10":"product_cat-vitamines-et-mineraux","12":"first","13":"instock","14":"taxable","15":"shipping-taxable","16":"purchasable","17":"product-type-simple"},"yoast_head":"<!-- This site is optimized with the Yoast SEO Premium plugin v27.3 (Yoast SEO v27.3) - https:\/\/yoast.com\/product\/yoast-seo-premium-wordpress\/ -->\n<title>Citrate de Calcium avec Vitamine D - 200 vcaps - ECO Supplements<\/title>\n<meta name=\"description\" content=\"Wij hebben een ruime keuze aan producten van Citrate de Calcium avec Vitamine D - 200 vcaps . Winkel bij Eco Supplements altijd gratis verzending boven 100\u20ac\" \/>\n<meta name=\"robots\" content=\"index, follow, max-snippet:-1, max-image-preview:large, max-video-preview:-1\" \/>\n<link rel=\"canonical\" href=\"https:\/\/ecosupplements.be\/fr\/produit\/citrate-de-calcium-avec-vitamine-d-200-vcaps\/\" \/>\n<meta property=\"og:locale\" content=\"fr_FR\" \/>\n<meta property=\"og:type\" content=\"article\" \/>\n<meta property=\"og:title\" content=\"Citrate de Calcium avec Vitamine D - 200 vcaps\" \/>\n<meta property=\"og:description\" content=\"Wij hebben een ruime keuze aan producten van Citrate de Calcium avec Vitamine D - 200 vcaps . Winkel bij Eco Supplements altijd gratis verzending boven 100\u20ac\" \/>\n<meta property=\"og:url\" content=\"https:\/\/ecosupplements.be\/fr\/produit\/citrate-de-calcium-avec-vitamine-d-200-vcaps\/\" \/>\n<meta property=\"og:site_name\" content=\"ECO Supplements\" \/>\n<meta property=\"article:modified_time\" content=\"2025-08-27T10:17:50+00:00\" \/>\n<meta property=\"og:image\" content=\"https:\/\/ecosupplements.be\/wp-content\/uploads\/2025\/08\/Life-Extension-Calcium-Citrate-with-Vitamin-D-200-vcaps-1.jpg\" \/>\n\t<meta property=\"og:image:width\" content=\"750\" \/>\n\t<meta property=\"og:image:height\" content=\"750\" \/>\n\t<meta property=\"og:image:type\" content=\"image\/jpeg\" \/>\n<meta name=\"twitter:card\" content=\"summary_large_image\" \/>\n<meta name=\"twitter:label1\" content=\"Prix\" \/>\n\t<meta name=\"twitter:data1\" content=\"25.85&nbsp;&euro;\" \/>\n\t<meta name=\"twitter:label2\" content=\"Disponibilit\u00e9\" \/>\n\t<meta name=\"twitter:data2\" content=\"En stock\" \/>\n<script type=\"application\/ld+json\" class=\"yoast-schema-graph\">{\"@context\":\"https:\\\/\\\/schema.org\",\"@graph\":[{\"@type\":[\"WebPage\",\"ItemPage\"],\"@id\":\"https:\\\/\\\/ecosupplements.be\\\/fr\\\/produit\\\/citrate-de-calcium-avec-vitamine-d-200-vcaps\\\/\",\"url\":\"https:\\\/\\\/ecosupplements.be\\\/fr\\\/produit\\\/citrate-de-calcium-avec-vitamine-d-200-vcaps\\\/\",\"name\":\"Citrate de Calcium avec Vitamine D - 200 vcaps - ECO Supplements\",\"isPartOf\":{\"@id\":\"https:\\\/\\\/ecosupplements.be\\\/fr\\\/#website\"},\"primaryImageOfPage\":{\"@id\":\"https:\\\/\\\/ecosupplements.be\\\/fr\\\/produit\\\/citrate-de-calcium-avec-vitamine-d-200-vcaps\\\/#primaryimage\"},\"image\":{\"@id\":\"https:\\\/\\\/ecosupplements.be\\\/fr\\\/produit\\\/citrate-de-calcium-avec-vitamine-d-200-vcaps\\\/#primaryimage\"},\"thumbnailUrl\":\"https:\\\/\\\/ecosupplements.be\\\/wp-content\\\/uploads\\\/2025\\\/08\\\/Life-Extension-Calcium-Citrate-with-Vitamin-D-200-vcaps-1.jpg\",\"datePublished\":\"2022-06-28T09:16:55+00:00\",\"dateModified\":\"2025-08-27T10:17:50+00:00\",\"description\":\"Wij hebben een ruime keuze aan producten van Citrate de Calcium avec Vitamine D - 200 vcaps . Winkel bij Eco Supplements altijd gratis verzending boven 100\u20ac\",\"breadcrumb\":{\"@id\":\"https:\\\/\\\/ecosupplements.be\\\/fr\\\/produit\\\/citrate-de-calcium-avec-vitamine-d-200-vcaps\\\/#breadcrumb\"},\"inLanguage\":\"fr-FR\",\"potentialAction\":[{\"@type\":\"ReadAction\",\"target\":[\"https:\\\/\\\/ecosupplements.be\\\/fr\\\/produit\\\/citrate-de-calcium-avec-vitamine-d-200-vcaps\\\/\"]}]},{\"@type\":\"ImageObject\",\"inLanguage\":\"fr-FR\",\"@id\":\"https:\\\/\\\/ecosupplements.be\\\/fr\\\/produit\\\/citrate-de-calcium-avec-vitamine-d-200-vcaps\\\/#primaryimage\",\"url\":\"https:\\\/\\\/ecosupplements.be\\\/wp-content\\\/uploads\\\/2025\\\/08\\\/Life-Extension-Calcium-Citrate-with-Vitamin-D-200-vcaps-1.jpg\",\"contentUrl\":\"https:\\\/\\\/ecosupplements.be\\\/wp-content\\\/uploads\\\/2025\\\/08\\\/Life-Extension-Calcium-Citrate-with-Vitamin-D-200-vcaps-1.jpg\",\"width\":750,\"height\":750},{\"@type\":\"BreadcrumbList\",\"@id\":\"https:\\\/\\\/ecosupplements.be\\\/fr\\\/produit\\\/citrate-de-calcium-avec-vitamine-d-200-vcaps\\\/#breadcrumb\",\"itemListElement\":[{\"@type\":\"ListItem\",\"position\":1,\"name\":\"Home\",\"item\":\"https:\\\/\\\/ecosupplements.be\\\/fr\\\/\"},{\"@type\":\"ListItem\",\"position\":2,\"name\":\"Boutique\",\"item\":\"https:\\\/\\\/ecosupplements.be\\\/fr\\\/boutique\\\/\"},{\"@type\":\"ListItem\",\"position\":3,\"name\":\"Citrate de Calcium avec Vitamine D &#8211; 200 vcaps\"}]},{\"@type\":\"WebSite\",\"@id\":\"https:\\\/\\\/ecosupplements.be\\\/fr\\\/#website\",\"url\":\"https:\\\/\\\/ecosupplements.be\\\/fr\\\/\",\"name\":\"ECO Supplements\",\"description\":\"Eco Supplements - Gezonde supplementen\",\"publisher\":{\"@id\":\"https:\\\/\\\/ecosupplements.be\\\/fr\\\/#organization\"},\"potentialAction\":[{\"@type\":\"SearchAction\",\"target\":{\"@type\":\"EntryPoint\",\"urlTemplate\":\"https:\\\/\\\/ecosupplements.be\\\/fr\\\/?s={search_term_string}\"},\"query-input\":{\"@type\":\"PropertyValueSpecification\",\"valueRequired\":true,\"valueName\":\"search_term_string\"}}],\"inLanguage\":\"fr-FR\"},{\"@type\":\"Organization\",\"@id\":\"https:\\\/\\\/ecosupplements.be\\\/fr\\\/#organization\",\"name\":\"Eco Supplements\",\"url\":\"https:\\\/\\\/ecosupplements.be\\\/fr\\\/\",\"logo\":{\"@type\":\"ImageObject\",\"inLanguage\":\"fr-FR\",\"@id\":\"https:\\\/\\\/ecosupplements.be\\\/fr\\\/#\\\/schema\\\/logo\\\/image\\\/\",\"url\":\"https:\\\/\\\/ecosupplements.be\\\/wp-content\\\/uploads\\\/2022\\\/06\\\/ecosupplement-family.png\",\"contentUrl\":\"https:\\\/\\\/ecosupplements.be\\\/wp-content\\\/uploads\\\/2022\\\/06\\\/ecosupplement-family.png\",\"width\":593,\"height\":374,\"caption\":\"Eco Supplements\"},\"image\":{\"@id\":\"https:\\\/\\\/ecosupplements.be\\\/fr\\\/#\\\/schema\\\/logo\\\/image\\\/\"}}]}<\/script>\n<meta property=\"product:brand\" content=\"Life Extension\" \/>\n<meta property=\"product:price:amount\" content=\"25.85\" \/>\n<meta property=\"product:price:currency\" content=\"EUR\" \/>\n<meta property=\"og:availability\" content=\"instock\" \/>\n<meta property=\"product:availability\" content=\"instock\" \/>\n<meta property=\"product:retailer_item_id\" content=\"737870196327\" \/>\n<meta property=\"product:condition\" content=\"new\" \/>\n<!-- \/ Yoast SEO Premium plugin. -->","yoast_head_json":{"title":"Citrate de Calcium avec Vitamine D - 200 vcaps - ECO Supplements","description":"Wij hebben een ruime keuze aan producten van Citrate de Calcium avec Vitamine D - 200 vcaps . Winkel bij Eco Supplements altijd gratis verzending boven 100\u20ac","robots":{"index":"index","follow":"follow","max-snippet":"max-snippet:-1","max-image-preview":"max-image-preview:large","max-video-preview":"max-video-preview:-1"},"canonical":"https:\/\/ecosupplements.be\/fr\/produit\/citrate-de-calcium-avec-vitamine-d-200-vcaps\/","og_locale":"fr_FR","og_type":"article","og_title":"Citrate de Calcium avec Vitamine D - 200 vcaps","og_description":"Wij hebben een ruime keuze aan producten van Citrate de Calcium avec Vitamine D - 200 vcaps . Winkel bij Eco Supplements altijd gratis verzending boven 100\u20ac","og_url":"https:\/\/ecosupplements.be\/fr\/produit\/citrate-de-calcium-avec-vitamine-d-200-vcaps\/","og_site_name":"ECO Supplements","article_modified_time":"2025-08-27T10:17:50+00:00","og_image":[{"width":750,"height":750,"url":"https:\/\/ecosupplements.be\/wp-content\/uploads\/2025\/08\/Life-Extension-Calcium-Citrate-with-Vitamin-D-200-vcaps-1.jpg","type":"image\/jpeg"}],"twitter_card":"summary_large_image","twitter_misc":{"Prix":"25.85&nbsp;&euro;","Disponibilit\u00e9":"En stock"},"schema":{"@context":"https:\/\/schema.org","@graph":[{"@type":["WebPage","ItemPage"],"@id":"https:\/\/ecosupplements.be\/fr\/produit\/citrate-de-calcium-avec-vitamine-d-200-vcaps\/","url":"https:\/\/ecosupplements.be\/fr\/produit\/citrate-de-calcium-avec-vitamine-d-200-vcaps\/","name":"Citrate de Calcium avec Vitamine D - 200 vcaps - ECO Supplements","isPartOf":{"@id":"https:\/\/ecosupplements.be\/fr\/#website"},"primaryImageOfPage":{"@id":"https:\/\/ecosupplements.be\/fr\/produit\/citrate-de-calcium-avec-vitamine-d-200-vcaps\/#primaryimage"},"image":{"@id":"https:\/\/ecosupplements.be\/fr\/produit\/citrate-de-calcium-avec-vitamine-d-200-vcaps\/#primaryimage"},"thumbnailUrl":"https:\/\/ecosupplements.be\/wp-content\/uploads\/2025\/08\/Life-Extension-Calcium-Citrate-with-Vitamin-D-200-vcaps-1.jpg","datePublished":"2022-06-28T09:16:55+00:00","dateModified":"2025-08-27T10:17:50+00:00","description":"Wij hebben een ruime keuze aan producten van Citrate de Calcium avec Vitamine D - 200 vcaps . Winkel bij Eco Supplements altijd gratis verzending boven 100\u20ac","breadcrumb":{"@id":"https:\/\/ecosupplements.be\/fr\/produit\/citrate-de-calcium-avec-vitamine-d-200-vcaps\/#breadcrumb"},"inLanguage":"fr-FR","potentialAction":[{"@type":"ReadAction","target":["https:\/\/ecosupplements.be\/fr\/produit\/citrate-de-calcium-avec-vitamine-d-200-vcaps\/"]}]},{"@type":"ImageObject","inLanguage":"fr-FR","@id":"https:\/\/ecosupplements.be\/fr\/produit\/citrate-de-calcium-avec-vitamine-d-200-vcaps\/#primaryimage","url":"https:\/\/ecosupplements.be\/wp-content\/uploads\/2025\/08\/Life-Extension-Calcium-Citrate-with-Vitamin-D-200-vcaps-1.jpg","contentUrl":"https:\/\/ecosupplements.be\/wp-content\/uploads\/2025\/08\/Life-Extension-Calcium-Citrate-with-Vitamin-D-200-vcaps-1.jpg","width":750,"height":750},{"@type":"BreadcrumbList","@id":"https:\/\/ecosupplements.be\/fr\/produit\/citrate-de-calcium-avec-vitamine-d-200-vcaps\/#breadcrumb","itemListElement":[{"@type":"ListItem","position":1,"name":"Home","item":"https:\/\/ecosupplements.be\/fr\/"},{"@type":"ListItem","position":2,"name":"Boutique","item":"https:\/\/ecosupplements.be\/fr\/boutique\/"},{"@type":"ListItem","position":3,"name":"Citrate de Calcium avec Vitamine D &#8211; 200 vcaps"}]},{"@type":"WebSite","@id":"https:\/\/ecosupplements.be\/fr\/#website","url":"https:\/\/ecosupplements.be\/fr\/","name":"ECO Supplements","description":"Eco Supplements - Gezonde supplementen","publisher":{"@id":"https:\/\/ecosupplements.be\/fr\/#organization"},"potentialAction":[{"@type":"SearchAction","target":{"@type":"EntryPoint","urlTemplate":"https:\/\/ecosupplements.be\/fr\/?s={search_term_string}"},"query-input":{"@type":"PropertyValueSpecification","valueRequired":true,"valueName":"search_term_string"}}],"inLanguage":"fr-FR"},{"@type":"Organization","@id":"https:\/\/ecosupplements.be\/fr\/#organization","name":"Eco Supplements","url":"https:\/\/ecosupplements.be\/fr\/","logo":{"@type":"ImageObject","inLanguage":"fr-FR","@id":"https:\/\/ecosupplements.be\/fr\/#\/schema\/logo\/image\/","url":"https:\/\/ecosupplements.be\/wp-content\/uploads\/2022\/06\/ecosupplement-family.png","contentUrl":"https:\/\/ecosupplements.be\/wp-content\/uploads\/2022\/06\/ecosupplement-family.png","width":593,"height":374,"caption":"Eco Supplements"},"image":{"@id":"https:\/\/ecosupplements.be\/fr\/#\/schema\/logo\/image\/"}}]},"product_brand":"Life Extension","product_price_amount":"25.85","product_price_currency":"EUR","og_availability":"instock","product_availability":"instock","product_retailer_item_id":"737870196327","product_condition":"new"},"_links":{"self":[{"href":"https:\/\/ecosupplements.be\/fr\/wp-json\/wp\/v2\/product\/281361","targetHints":{"allow":["GET"]}}],"collection":[{"href":"https:\/\/ecosupplements.be\/fr\/wp-json\/wp\/v2\/product"}],"about":[{"href":"https:\/\/ecosupplements.be\/fr\/wp-json\/wp\/v2\/types\/product"}],"replies":[{"embeddable":true,"href":"https:\/\/ecosupplements.be\/fr\/wp-json\/wp\/v2\/comments?post=281361"}],"wp:featuredmedia":[{"embeddable":true,"href":"https:\/\/ecosupplements.be\/fr\/wp-json\/wp\/v2\/media\/247170"}],"wp:attachment":[{"href":"https:\/\/ecosupplements.be\/fr\/wp-json\/wp\/v2\/media?parent=281361"}],"wp:term":[{"taxonomy":"product_brand","embeddable":true,"href":"https:\/\/ecosupplements.be\/fr\/wp-json\/wp\/v2\/product_brand?post=281361"},{"taxonomy":"product_cat","embeddable":true,"href":"https:\/\/ecosupplements.be\/fr\/wp-json\/wp\/v2\/product_cat?post=281361"},{"taxonomy":"product_tag","embeddable":true,"href":"https:\/\/ecosupplements.be\/fr\/wp-json\/wp\/v2\/product_tag?post=281361"}],"curies":[{"name":"wp","href":"https:\/\/api.w.org\/{rel}","templated":true}]}}