{"id":281364,"date":"2022-06-28T10:16:55","date_gmt":"2022-06-28T09:16:55","guid":{"rendered":"https:\/\/ecosupplements.be\/product\/melange-pour-chats-100g\/"},"modified":"2025-08-27T11:17:58","modified_gmt":"2025-08-27T10:17:58","slug":"melange-pour-chats-100g","status":"publish","type":"product","link":"https:\/\/ecosupplements.be\/fr\/produit\/melange-pour-chats-100g\/","title":{"rendered":"M\u00e9lange pour chats &#8211; 100g"},"content":{"rendered":"<h1 style=\"text-align: center;\">Life Extension &#8211; M\u00e9lange pour chats<\/h1>\n<h3 style=\"text-align: center;\">Formule multi-nutriments avanc\u00e9e<\/h3>\n<p>Les animaux ont des syst\u00e8mes physiologiques et structurels uniques et, par cons\u00e9quent, ont besoin d&#8217;aliments et de nutriments sp\u00e9cifiques pour rester en sant\u00e9 optimale. N&#8217;\u00e9tant plus insignifiants, les animaux domestiques sont d\u00e9sormais consid\u00e9r\u00e9s comme des membres de la famille qui n\u00e9cessitent une attention particuli\u00e8re. Pour r\u00e9pondre \u00e0 ce besoin, l&#8217;industrie des aliments pour animaux de compagnie s&#8217;est \u00e9norm\u00e9ment d\u00e9velopp\u00e9e au fil des ans. Mais vous devez vous demander si vous obtenez les meilleurs nutriments pour votre chat.<\/p>\n<p>Les chats ont \u00e9t\u00e9 domestiqu\u00e9s depuis les premiers temps pour attraper les rats et les souris. Aujourd&#8217;hui, ils sont principalement des animaux domestiques qui, comme les chiens, n\u00e9cessitent une attention particuli\u00e8re en mati\u00e8re de nutrition et de soins. Les chats sont carnivores. Mais contrairement aux chiens qui peuvent manger certains aliments d&#8217;origine v\u00e9g\u00e9tale, les chats ont besoin de prot\u00e9ines animales pour survivre. Des nutriments comme la taurine et l&#8217;arginine sont importants pour la sant\u00e9 du chat et sans eux, les chats pourraient mourir. La taurine, pour les chats, est indispensable \u00e0 la sant\u00e9 du c\u0153ur, des reins et des yeux. L&#8217;arginine d\u00e9toxifie l&#8217;ammoniac dans les reins des chats et est \u00e9galement importante pour la fonction cardiaque et pancr\u00e9atique et pour garder l&#8217;intestin en bonne sant\u00e9. L&#8217;acide arachidonique est un acide gras essentiel pour les chats, car ceux-ci ne peuvent pas convertir des quantit\u00e9s importantes de linol\u00e9ate en arachidonate. Et, tout comme les humains, les chats ont besoin de vitamines B pour soutenir le syst\u00e8me cardiovasculaire. Les chats ont \u00e9galement des difficult\u00e9s \u00e0 m\u00e9taboliser certains acides amin\u00e9s \u00e0 partir d&#8217;autres nutriments, comme la conversion de la niacine \u00e0 partir du tryptophane, ou de la vitamine A \u00e0 partir du b\u00eata-carot\u00e8ne. C&#8217;est pourquoi les chats ont des besoins nutritionnels plus stricts que les omnivores tels que les chiens et les humains.<\/p>\n<p>Alors comment pouvez-vous \u00eatre s\u00fbr de donner \u00e0 votre animal la meilleure nutrition possible ? Outre les aliments commerciaux de haute qualit\u00e9 enrichis en nutriments, les compl\u00e9ments alimentaires sont le meilleur moyen de s&#8217;assurer que vos animaux de compagnie re\u00e7oivent toutes les vitamines et tous les min\u00e9raux dont ils ont besoin pour vivre longtemps et en bonne sant\u00e9.<\/p>\n<p>Le m\u00e9lange pour chats de Life Extension fait partie des meilleurs produits pour prot\u00e9ger la sant\u00e9 de votre animal. Deux cuill\u00e8res seulement par jour fournissent les vitamines dont votre animal a besoin pour rester en bonne sant\u00e9 et fort. Cat Mix contient des quantit\u00e9s significatives de nutriments de haute qualit\u00e9 habituellement r\u00e9serv\u00e9s aux suppl\u00e9ments humains les plus chers. Il contient des flavono\u00efdes, des acides amin\u00e9s, des antioxydants, des probiotiques, des acides gras essentiels, des stimulateurs de m\u00e9thylation, et plus encore.<\/p>\n<p>En fait, de nombreux aliments commerciaux pour animaux de compagnie ne contiennent pas les vitamines, les acides amin\u00e9s, les phytonutriments et les antioxydants avanc\u00e9s pr\u00e9sents dans Cat Mix. Les suppl\u00e9ments pour animaux de compagnie Life Extension contiennent les m\u00eames nutriments de qualit\u00e9 sup\u00e9rieure que ceux utilis\u00e9s dans tous nos produits.<\/p>\n<p><img decoding=\"async\" src=\"https:\/\/ecosupplements.be\/wp-content\/uploads\/2025\/08\/gluten-free-1.png\" title=\"Sans gluten\" alt=\"Gluten free\"><img decoding=\"async\" src=\"https:\/\/ecosupplements.be\/wp-content\/uploads\/2025\/08\/non-gmo-1.png\" title=\"Non-OGM\" alt=\"Non-GMO\"><\/p>\n","protected":false},"excerpt":{"rendered":"<p>Life Extension &#8211; M\u00e9lange pour chats Formule multi-nutriments avanc\u00e9e Les animaux ont des syst\u00e8mes physiologiques et structurels uniques et, par cons\u00e9quent, ont besoin d&#8217;aliments et de nutriments sp\u00e9cifiques pour rester en sant\u00e9 optimale. N&#8217;\u00e9tant plus insignifiants, les animaux domestiques sont d\u00e9sormais consid\u00e9r\u00e9s comme des membres de la famille qui n\u00e9cessitent une attention particuli\u00e8re. Pour r\u00e9pondre [&#8230;]\n","protected":false},"featured_media":247185,"comment_status":"open","ping_status":"open","template":"","meta":[],"product_brand":[4723],"product_cat":[5052,5133],"product_tag":[],"class_list":{"0":"post-281364","1":"product","2":"type-product","3":"status-publish","4":"has-post-thumbnail","6":"product_brand-life-extension-2","7":"product_cat-sante-et-bien-etre","8":"product_cat-supplements-pour-animaux-de-compagnie","10":"first","11":"instock","12":"taxable","13":"shipping-taxable","14":"purchasable","15":"product-type-simple"},"yoast_head":"<!-- This site is optimized with the Yoast SEO Premium plugin v27.3 (Yoast SEO v27.3) - https:\/\/yoast.com\/product\/yoast-seo-premium-wordpress\/ -->\n<title>M\u00e9lange pour chats - 100g - ECO Supplements<\/title>\n<meta name=\"description\" content=\"Wij hebben een ruime keuze aan producten van M\u00e9lange pour chats - 100g . Winkel bij Eco Supplements altijd gratis verzending boven 100\u20ac\" \/>\n<meta name=\"robots\" content=\"index, follow, max-snippet:-1, max-image-preview:large, max-video-preview:-1\" \/>\n<link rel=\"canonical\" href=\"https:\/\/ecosupplements.be\/fr\/produit\/melange-pour-chats-100g\/\" \/>\n<meta property=\"og:locale\" content=\"fr_FR\" \/>\n<meta property=\"og:type\" content=\"article\" \/>\n<meta property=\"og:title\" content=\"M\u00e9lange pour chats - 100g\" \/>\n<meta property=\"og:description\" content=\"Wij hebben een ruime keuze aan producten van M\u00e9lange pour chats - 100g . Winkel bij Eco Supplements altijd gratis verzending boven 100\u20ac\" \/>\n<meta property=\"og:url\" content=\"https:\/\/ecosupplements.be\/fr\/produit\/melange-pour-chats-100g\/\" \/>\n<meta property=\"og:site_name\" content=\"ECO Supplements\" \/>\n<meta property=\"article:modified_time\" content=\"2025-08-27T10:17:58+00:00\" \/>\n<meta property=\"og:image\" content=\"https:\/\/ecosupplements.be\/wp-content\/uploads\/2025\/08\/Life-Extension-Cat-Mix-100g-1.jpg\" \/>\n\t<meta property=\"og:image:width\" content=\"750\" \/>\n\t<meta property=\"og:image:height\" content=\"750\" \/>\n\t<meta property=\"og:image:type\" content=\"image\/jpeg\" \/>\n<meta name=\"twitter:card\" content=\"summary_large_image\" \/>\n<meta name=\"twitter:label1\" content=\"Prix\" \/>\n\t<meta name=\"twitter:data1\" content=\"18.15&nbsp;&euro;\" \/>\n\t<meta name=\"twitter:label2\" content=\"Disponibilit\u00e9\" \/>\n\t<meta name=\"twitter:data2\" content=\"En stock\" \/>\n<script type=\"application\/ld+json\" class=\"yoast-schema-graph\">{\"@context\":\"https:\\\/\\\/schema.org\",\"@graph\":[{\"@type\":[\"WebPage\",\"ItemPage\"],\"@id\":\"https:\\\/\\\/ecosupplements.be\\\/fr\\\/produit\\\/melange-pour-chats-100g\\\/\",\"url\":\"https:\\\/\\\/ecosupplements.be\\\/fr\\\/produit\\\/melange-pour-chats-100g\\\/\",\"name\":\"M\u00e9lange pour chats - 100g - ECO Supplements\",\"isPartOf\":{\"@id\":\"https:\\\/\\\/ecosupplements.be\\\/fr\\\/#website\"},\"primaryImageOfPage\":{\"@id\":\"https:\\\/\\\/ecosupplements.be\\\/fr\\\/produit\\\/melange-pour-chats-100g\\\/#primaryimage\"},\"image\":{\"@id\":\"https:\\\/\\\/ecosupplements.be\\\/fr\\\/produit\\\/melange-pour-chats-100g\\\/#primaryimage\"},\"thumbnailUrl\":\"https:\\\/\\\/ecosupplements.be\\\/wp-content\\\/uploads\\\/2025\\\/08\\\/Life-Extension-Cat-Mix-100g-1.jpg\",\"datePublished\":\"2022-06-28T09:16:55+00:00\",\"dateModified\":\"2025-08-27T10:17:58+00:00\",\"description\":\"Wij hebben een ruime keuze aan producten van M\u00e9lange pour chats - 100g . Winkel bij Eco Supplements altijd gratis verzending boven 100\u20ac\",\"breadcrumb\":{\"@id\":\"https:\\\/\\\/ecosupplements.be\\\/fr\\\/produit\\\/melange-pour-chats-100g\\\/#breadcrumb\"},\"inLanguage\":\"fr-FR\",\"potentialAction\":[{\"@type\":\"ReadAction\",\"target\":[\"https:\\\/\\\/ecosupplements.be\\\/fr\\\/produit\\\/melange-pour-chats-100g\\\/\"]}]},{\"@type\":\"ImageObject\",\"inLanguage\":\"fr-FR\",\"@id\":\"https:\\\/\\\/ecosupplements.be\\\/fr\\\/produit\\\/melange-pour-chats-100g\\\/#primaryimage\",\"url\":\"https:\\\/\\\/ecosupplements.be\\\/wp-content\\\/uploads\\\/2025\\\/08\\\/Life-Extension-Cat-Mix-100g-1.jpg\",\"contentUrl\":\"https:\\\/\\\/ecosupplements.be\\\/wp-content\\\/uploads\\\/2025\\\/08\\\/Life-Extension-Cat-Mix-100g-1.jpg\",\"width\":750,\"height\":750},{\"@type\":\"BreadcrumbList\",\"@id\":\"https:\\\/\\\/ecosupplements.be\\\/fr\\\/produit\\\/melange-pour-chats-100g\\\/#breadcrumb\",\"itemListElement\":[{\"@type\":\"ListItem\",\"position\":1,\"name\":\"Home\",\"item\":\"https:\\\/\\\/ecosupplements.be\\\/fr\\\/\"},{\"@type\":\"ListItem\",\"position\":2,\"name\":\"Boutique\",\"item\":\"https:\\\/\\\/ecosupplements.be\\\/fr\\\/boutique\\\/\"},{\"@type\":\"ListItem\",\"position\":3,\"name\":\"M\u00e9lange pour chats &#8211; 100g\"}]},{\"@type\":\"WebSite\",\"@id\":\"https:\\\/\\\/ecosupplements.be\\\/fr\\\/#website\",\"url\":\"https:\\\/\\\/ecosupplements.be\\\/fr\\\/\",\"name\":\"ECO Supplements\",\"description\":\"Eco Supplements - Gezonde supplementen\",\"publisher\":{\"@id\":\"https:\\\/\\\/ecosupplements.be\\\/fr\\\/#organization\"},\"potentialAction\":[{\"@type\":\"SearchAction\",\"target\":{\"@type\":\"EntryPoint\",\"urlTemplate\":\"https:\\\/\\\/ecosupplements.be\\\/fr\\\/?s={search_term_string}\"},\"query-input\":{\"@type\":\"PropertyValueSpecification\",\"valueRequired\":true,\"valueName\":\"search_term_string\"}}],\"inLanguage\":\"fr-FR\"},{\"@type\":\"Organization\",\"@id\":\"https:\\\/\\\/ecosupplements.be\\\/fr\\\/#organization\",\"name\":\"Eco Supplements\",\"url\":\"https:\\\/\\\/ecosupplements.be\\\/fr\\\/\",\"logo\":{\"@type\":\"ImageObject\",\"inLanguage\":\"fr-FR\",\"@id\":\"https:\\\/\\\/ecosupplements.be\\\/fr\\\/#\\\/schema\\\/logo\\\/image\\\/\",\"url\":\"https:\\\/\\\/ecosupplements.be\\\/wp-content\\\/uploads\\\/2022\\\/06\\\/ecosupplement-family.png\",\"contentUrl\":\"https:\\\/\\\/ecosupplements.be\\\/wp-content\\\/uploads\\\/2022\\\/06\\\/ecosupplement-family.png\",\"width\":593,\"height\":374,\"caption\":\"Eco Supplements\"},\"image\":{\"@id\":\"https:\\\/\\\/ecosupplements.be\\\/fr\\\/#\\\/schema\\\/logo\\\/image\\\/\"}}]}<\/script>\n<meta property=\"product:brand\" content=\"Life Extension\" \/>\n<meta property=\"product:price:amount\" content=\"18.15\" \/>\n<meta property=\"product:price:currency\" content=\"EUR\" \/>\n<meta property=\"og:availability\" content=\"instock\" \/>\n<meta property=\"product:availability\" content=\"instock\" \/>\n<meta property=\"product:retailer_item_id\" content=\"737870193210\" \/>\n<meta property=\"product:condition\" content=\"new\" \/>\n<!-- \/ Yoast SEO Premium plugin. -->","yoast_head_json":{"title":"M\u00e9lange pour chats - 100g - ECO Supplements","description":"Wij hebben een ruime keuze aan producten van M\u00e9lange pour chats - 100g . Winkel bij Eco Supplements altijd gratis verzending boven 100\u20ac","robots":{"index":"index","follow":"follow","max-snippet":"max-snippet:-1","max-image-preview":"max-image-preview:large","max-video-preview":"max-video-preview:-1"},"canonical":"https:\/\/ecosupplements.be\/fr\/produit\/melange-pour-chats-100g\/","og_locale":"fr_FR","og_type":"article","og_title":"M\u00e9lange pour chats - 100g","og_description":"Wij hebben een ruime keuze aan producten van M\u00e9lange pour chats - 100g . Winkel bij Eco Supplements altijd gratis verzending boven 100\u20ac","og_url":"https:\/\/ecosupplements.be\/fr\/produit\/melange-pour-chats-100g\/","og_site_name":"ECO Supplements","article_modified_time":"2025-08-27T10:17:58+00:00","og_image":[{"width":750,"height":750,"url":"https:\/\/ecosupplements.be\/wp-content\/uploads\/2025\/08\/Life-Extension-Cat-Mix-100g-1.jpg","type":"image\/jpeg"}],"twitter_card":"summary_large_image","twitter_misc":{"Prix":"18.15&nbsp;&euro;","Disponibilit\u00e9":"En stock"},"schema":{"@context":"https:\/\/schema.org","@graph":[{"@type":["WebPage","ItemPage"],"@id":"https:\/\/ecosupplements.be\/fr\/produit\/melange-pour-chats-100g\/","url":"https:\/\/ecosupplements.be\/fr\/produit\/melange-pour-chats-100g\/","name":"M\u00e9lange pour chats - 100g - ECO Supplements","isPartOf":{"@id":"https:\/\/ecosupplements.be\/fr\/#website"},"primaryImageOfPage":{"@id":"https:\/\/ecosupplements.be\/fr\/produit\/melange-pour-chats-100g\/#primaryimage"},"image":{"@id":"https:\/\/ecosupplements.be\/fr\/produit\/melange-pour-chats-100g\/#primaryimage"},"thumbnailUrl":"https:\/\/ecosupplements.be\/wp-content\/uploads\/2025\/08\/Life-Extension-Cat-Mix-100g-1.jpg","datePublished":"2022-06-28T09:16:55+00:00","dateModified":"2025-08-27T10:17:58+00:00","description":"Wij hebben een ruime keuze aan producten van M\u00e9lange pour chats - 100g . Winkel bij Eco Supplements altijd gratis verzending boven 100\u20ac","breadcrumb":{"@id":"https:\/\/ecosupplements.be\/fr\/produit\/melange-pour-chats-100g\/#breadcrumb"},"inLanguage":"fr-FR","potentialAction":[{"@type":"ReadAction","target":["https:\/\/ecosupplements.be\/fr\/produit\/melange-pour-chats-100g\/"]}]},{"@type":"ImageObject","inLanguage":"fr-FR","@id":"https:\/\/ecosupplements.be\/fr\/produit\/melange-pour-chats-100g\/#primaryimage","url":"https:\/\/ecosupplements.be\/wp-content\/uploads\/2025\/08\/Life-Extension-Cat-Mix-100g-1.jpg","contentUrl":"https:\/\/ecosupplements.be\/wp-content\/uploads\/2025\/08\/Life-Extension-Cat-Mix-100g-1.jpg","width":750,"height":750},{"@type":"BreadcrumbList","@id":"https:\/\/ecosupplements.be\/fr\/produit\/melange-pour-chats-100g\/#breadcrumb","itemListElement":[{"@type":"ListItem","position":1,"name":"Home","item":"https:\/\/ecosupplements.be\/fr\/"},{"@type":"ListItem","position":2,"name":"Boutique","item":"https:\/\/ecosupplements.be\/fr\/boutique\/"},{"@type":"ListItem","position":3,"name":"M\u00e9lange pour chats &#8211; 100g"}]},{"@type":"WebSite","@id":"https:\/\/ecosupplements.be\/fr\/#website","url":"https:\/\/ecosupplements.be\/fr\/","name":"ECO Supplements","description":"Eco Supplements - Gezonde supplementen","publisher":{"@id":"https:\/\/ecosupplements.be\/fr\/#organization"},"potentialAction":[{"@type":"SearchAction","target":{"@type":"EntryPoint","urlTemplate":"https:\/\/ecosupplements.be\/fr\/?s={search_term_string}"},"query-input":{"@type":"PropertyValueSpecification","valueRequired":true,"valueName":"search_term_string"}}],"inLanguage":"fr-FR"},{"@type":"Organization","@id":"https:\/\/ecosupplements.be\/fr\/#organization","name":"Eco Supplements","url":"https:\/\/ecosupplements.be\/fr\/","logo":{"@type":"ImageObject","inLanguage":"fr-FR","@id":"https:\/\/ecosupplements.be\/fr\/#\/schema\/logo\/image\/","url":"https:\/\/ecosupplements.be\/wp-content\/uploads\/2022\/06\/ecosupplement-family.png","contentUrl":"https:\/\/ecosupplements.be\/wp-content\/uploads\/2022\/06\/ecosupplement-family.png","width":593,"height":374,"caption":"Eco Supplements"},"image":{"@id":"https:\/\/ecosupplements.be\/fr\/#\/schema\/logo\/image\/"}}]},"product_brand":"Life Extension","product_price_amount":"18.15","product_price_currency":"EUR","og_availability":"instock","product_availability":"instock","product_retailer_item_id":"737870193210","product_condition":"new"},"_links":{"self":[{"href":"https:\/\/ecosupplements.be\/fr\/wp-json\/wp\/v2\/product\/281364","targetHints":{"allow":["GET"]}}],"collection":[{"href":"https:\/\/ecosupplements.be\/fr\/wp-json\/wp\/v2\/product"}],"about":[{"href":"https:\/\/ecosupplements.be\/fr\/wp-json\/wp\/v2\/types\/product"}],"replies":[{"embeddable":true,"href":"https:\/\/ecosupplements.be\/fr\/wp-json\/wp\/v2\/comments?post=281364"}],"wp:featuredmedia":[{"embeddable":true,"href":"https:\/\/ecosupplements.be\/fr\/wp-json\/wp\/v2\/media\/247185"}],"wp:attachment":[{"href":"https:\/\/ecosupplements.be\/fr\/wp-json\/wp\/v2\/media?parent=281364"}],"wp:term":[{"taxonomy":"product_brand","embeddable":true,"href":"https:\/\/ecosupplements.be\/fr\/wp-json\/wp\/v2\/product_brand?post=281364"},{"taxonomy":"product_cat","embeddable":true,"href":"https:\/\/ecosupplements.be\/fr\/wp-json\/wp\/v2\/product_cat?post=281364"},{"taxonomy":"product_tag","embeddable":true,"href":"https:\/\/ecosupplements.be\/fr\/wp-json\/wp\/v2\/product_tag?post=281364"}],"curies":[{"name":"wp","href":"https:\/\/api.w.org\/{rel}","templated":true}]}}