{"id":281368,"date":"2022-06-28T10:16:55","date_gmt":"2022-06-28T09:16:55","guid":{"rendered":"https:\/\/ecosupplements.be\/product\/cinsulin-avec-insea2-crominex-3-90-vcaps\/"},"modified":"2025-08-27T11:18:09","modified_gmt":"2025-08-27T10:18:09","slug":"cinsulin-avec-insea2-crominex-3-90-vcaps","status":"publish","type":"product","link":"https:\/\/ecosupplements.be\/fr\/produit\/cinsulin-avec-insea2-crominex-3-90-vcaps\/","title":{"rendered":"CinSulin avec InSea2 &#038; Crominex 3+ &#8211; 90 vcaps"},"content":{"rendered":"<h1 style=\"text-align: center;\">Life Extension &#8211; CinSulin avec InSea2 &amp; Crominex 3+<\/h1>\n<h3 style=\"text-align: center;\">Aide \u00e0 maintenir un taux de glucose sain pour ceux qui se trouvent d\u00e9j\u00e0 dans la plage normale.<\/h3>\n<p>M\u00eame les personnes actives et soucieuses de leur sant\u00e9 peuvent conna\u00eetre des taux de glyc\u00e9mie plus \u00e9lev\u00e9s que souhait\u00e9s en vieillissant. Life Extension offre maintenant une approche am\u00e9lior\u00e9e et \u00e0 plusieurs volets : CinSulin avec InSea2 et Crominex 3+. Cette formulation r\u00e9volutionnaire combine des extraits de cannelle et d&#8217;algues avec un complexe de chrome unique pour un soutien puissant du m\u00e9tabolisme du glucose.<\/p>\n<p>CinSulin &#8211; CinSulin est une forme de cannelle hautement purifi\u00e9e et soluble dans l&#8217;eau qui soutient un m\u00e9tabolisme sain du glucose.1,2 Les polyph\u00e9nols de la cannelle aident \u00e0 activer les syst\u00e8mes de d\u00e9tection du glucose de nos cellules, ce qui leur permet de soutenir une glyc\u00e9mie saine se situant d\u00e9j\u00e0 dans la plage normale.<\/p>\n<p>La cannelle induit \u00e9galement la sati\u00e9t\u00e9 (la sensation d&#8217;\u00eatre rassasi\u00e9), ce qui contribue \u00e0 optimiser les pics de glyc\u00e9mie apr\u00e8s les repas \u00e0 des niveaux sains. Des r\u00e9sultats in vitro convaincants indiquent que l&#8217;extrait de cannelle CinSulin peut induire une multiplication par vingt du m\u00e9tabolisme du sucre.<\/p>\n<p>InSea2 &#8211; Les bienfaits pour la sant\u00e9 de l&#8217;extrait d&#8217;algues marines sont connus depuis des ann\u00e9es. Mais une forme brevet\u00e9e d&#8217;extrait d&#8217;algues appel\u00e9e InSea2 bloque r\u00e9ellement l&#8217;action de la glucosidase et de l&#8217;amylase. Ces enzymes d\u00e9composent les glucides en glucose, facilitant ainsi son transport dans la circulation sanguine. InSea2 cible \u00e9galement les sucres cach\u00e9s qui contribuent aux pics de glyc\u00e9mie apr\u00e8s les repas, r\u00e9duisant ainsi l&#8217;impact calorique des aliments sucr\u00e9s.<\/p>\n<p>Crominex 3+ &#8211; Le chrome aide \u00e0 maintenir des taux de glyc\u00e9mie sains, d\u00e9j\u00e0 dans la fourchette normale. Et cette forme de chrome a \u00e9t\u00e9 optimis\u00e9e avec un extrait standardis\u00e9 de groseille indienne et une forme exclusive de l&#8217;adaptog\u00e8ne shilajit. Ce complexe unique aide \u00e0 soutenir :<\/p>\n<p>Absorption cellulaire normale du glucose<br \/>\nFonction endoth\u00e9liale saine<br \/>\nDes taux de lipides et de triglyc\u00e9rides sains<br \/>\nProduction normale d&#8217;\u00e9nergie cellulaire<\/p>\n<p><img decoding=\"async\" src=\"https:\/\/ecosupplements.be\/wp-content\/uploads\/2025\/08\/non-gmo-1.png\" title=\"Non-OGM\" alt=\"Non-GMO\"><\/p>\n","protected":false},"excerpt":{"rendered":"<p>Life Extension &#8211; CinSulin avec InSea2 &amp; Crominex 3+ Aide \u00e0 maintenir un taux de glucose sain pour ceux qui se trouvent d\u00e9j\u00e0 dans la plage normale. M\u00eame les personnes actives et soucieuses de leur sant\u00e9 peuvent conna\u00eetre des taux de glyc\u00e9mie plus \u00e9lev\u00e9s que souhait\u00e9s en vieillissant. Life Extension offre maintenant une approche am\u00e9lior\u00e9e [&#8230;]\n","protected":false},"featured_media":247205,"comment_status":"open","ping_status":"open","template":"","meta":[],"product_brand":[4723],"product_cat":[5048,5049,5051,5099,5101,5052,5053],"product_tag":[5069],"class_list":{"0":"post-281368","1":"product","2":"type-product","3":"status-publish","4":"has-post-thumbnail","6":"product_brand-life-extension-2","7":"product_cat-aptitude","8":"product_cat-le-controle-du-poids","9":"product_cat-minceur-et-gestion-du-poids","10":"product_cat-multi-mineraux","11":"product_cat-multimineraux","12":"product_cat-sante-et-bien-etre","13":"product_cat-vitamines-et-mineraux","14":"product_tag-topeco-2","16":"first","17":"instock","18":"sale","19":"taxable","20":"shipping-taxable","21":"purchasable","22":"product-type-simple"},"yoast_head":"<!-- This site is optimized with the Yoast SEO Premium plugin v27.3 (Yoast SEO v27.3) - https:\/\/yoast.com\/product\/yoast-seo-premium-wordpress\/ -->\n<title>CinSulin avec InSea2 &amp; Crominex 3+ - 90 vcaps - ECO Supplements<\/title>\n<meta name=\"description\" content=\"Wij hebben een ruime keuze aan producten van CinSulin avec InSea2 &amp; Crominex 3+ - 90 vcaps . Winkel bij Eco Supplements altijd gratis verzending boven 100\u20ac\" \/>\n<meta name=\"robots\" content=\"index, follow, max-snippet:-1, max-image-preview:large, max-video-preview:-1\" \/>\n<link rel=\"canonical\" href=\"https:\/\/ecosupplements.be\/fr\/produit\/cinsulin-avec-insea2-crominex-3-90-vcaps\/\" \/>\n<meta property=\"og:locale\" content=\"fr_FR\" \/>\n<meta property=\"og:type\" content=\"article\" \/>\n<meta property=\"og:title\" content=\"CinSulin avec InSea2 &amp; Crominex 3+ - 90 vcaps\" \/>\n<meta property=\"og:description\" content=\"Wij hebben een ruime keuze aan producten van CinSulin avec InSea2 &amp; Crominex 3+ - 90 vcaps . Winkel bij Eco Supplements altijd gratis verzending boven 100\u20ac\" \/>\n<meta property=\"og:url\" content=\"https:\/\/ecosupplements.be\/fr\/produit\/cinsulin-avec-insea2-crominex-3-90-vcaps\/\" \/>\n<meta property=\"og:site_name\" content=\"ECO Supplements\" \/>\n<meta property=\"article:modified_time\" content=\"2025-08-27T10:18:09+00:00\" \/>\n<meta property=\"og:image\" content=\"https:\/\/ecosupplements.be\/wp-content\/uploads\/2025\/08\/Life-Extension-CinSulin-with-InSea2-Crominex-3-90-vcaps-1.jpg\" \/>\n\t<meta property=\"og:image:width\" content=\"750\" \/>\n\t<meta property=\"og:image:height\" content=\"750\" \/>\n\t<meta property=\"og:image:type\" content=\"image\/jpeg\" \/>\n<meta name=\"twitter:card\" content=\"summary_large_image\" \/>\n<meta name=\"twitter:label1\" content=\"Prix\" \/>\n\t<meta name=\"twitter:data1\" content=\"28.56&nbsp;&euro;\" \/>\n\t<meta name=\"twitter:label2\" content=\"Disponibilit\u00e9\" \/>\n\t<meta name=\"twitter:data2\" content=\"En stock\" \/>\n<script type=\"application\/ld+json\" class=\"yoast-schema-graph\">{\"@context\":\"https:\\\/\\\/schema.org\",\"@graph\":[{\"@type\":[\"WebPage\",\"ItemPage\"],\"@id\":\"https:\\\/\\\/ecosupplements.be\\\/fr\\\/produit\\\/cinsulin-avec-insea2-crominex-3-90-vcaps\\\/\",\"url\":\"https:\\\/\\\/ecosupplements.be\\\/fr\\\/produit\\\/cinsulin-avec-insea2-crominex-3-90-vcaps\\\/\",\"name\":\"CinSulin avec InSea2 & Crominex 3+ - 90 vcaps - ECO Supplements\",\"isPartOf\":{\"@id\":\"https:\\\/\\\/ecosupplements.be\\\/fr\\\/#website\"},\"primaryImageOfPage\":{\"@id\":\"https:\\\/\\\/ecosupplements.be\\\/fr\\\/produit\\\/cinsulin-avec-insea2-crominex-3-90-vcaps\\\/#primaryimage\"},\"image\":{\"@id\":\"https:\\\/\\\/ecosupplements.be\\\/fr\\\/produit\\\/cinsulin-avec-insea2-crominex-3-90-vcaps\\\/#primaryimage\"},\"thumbnailUrl\":\"https:\\\/\\\/ecosupplements.be\\\/wp-content\\\/uploads\\\/2025\\\/08\\\/Life-Extension-CinSulin-with-InSea2-Crominex-3-90-vcaps-1.jpg\",\"datePublished\":\"2022-06-28T09:16:55+00:00\",\"dateModified\":\"2025-08-27T10:18:09+00:00\",\"description\":\"Wij hebben een ruime keuze aan producten van CinSulin avec InSea2 & Crominex 3+ - 90 vcaps . Winkel bij Eco Supplements altijd gratis verzending boven 100\u20ac\",\"breadcrumb\":{\"@id\":\"https:\\\/\\\/ecosupplements.be\\\/fr\\\/produit\\\/cinsulin-avec-insea2-crominex-3-90-vcaps\\\/#breadcrumb\"},\"inLanguage\":\"fr-FR\",\"potentialAction\":[{\"@type\":\"ReadAction\",\"target\":[\"https:\\\/\\\/ecosupplements.be\\\/fr\\\/produit\\\/cinsulin-avec-insea2-crominex-3-90-vcaps\\\/\"]}]},{\"@type\":\"ImageObject\",\"inLanguage\":\"fr-FR\",\"@id\":\"https:\\\/\\\/ecosupplements.be\\\/fr\\\/produit\\\/cinsulin-avec-insea2-crominex-3-90-vcaps\\\/#primaryimage\",\"url\":\"https:\\\/\\\/ecosupplements.be\\\/wp-content\\\/uploads\\\/2025\\\/08\\\/Life-Extension-CinSulin-with-InSea2-Crominex-3-90-vcaps-1.jpg\",\"contentUrl\":\"https:\\\/\\\/ecosupplements.be\\\/wp-content\\\/uploads\\\/2025\\\/08\\\/Life-Extension-CinSulin-with-InSea2-Crominex-3-90-vcaps-1.jpg\",\"width\":750,\"height\":750},{\"@type\":\"BreadcrumbList\",\"@id\":\"https:\\\/\\\/ecosupplements.be\\\/fr\\\/produit\\\/cinsulin-avec-insea2-crominex-3-90-vcaps\\\/#breadcrumb\",\"itemListElement\":[{\"@type\":\"ListItem\",\"position\":1,\"name\":\"Home\",\"item\":\"https:\\\/\\\/ecosupplements.be\\\/fr\\\/\"},{\"@type\":\"ListItem\",\"position\":2,\"name\":\"Boutique\",\"item\":\"https:\\\/\\\/ecosupplements.be\\\/fr\\\/boutique\\\/\"},{\"@type\":\"ListItem\",\"position\":3,\"name\":\"CinSulin avec InSea2 &#038; Crominex 3+ &#8211; 90 vcaps\"}]},{\"@type\":\"WebSite\",\"@id\":\"https:\\\/\\\/ecosupplements.be\\\/fr\\\/#website\",\"url\":\"https:\\\/\\\/ecosupplements.be\\\/fr\\\/\",\"name\":\"ECO Supplements\",\"description\":\"Eco Supplements - Gezonde supplementen\",\"publisher\":{\"@id\":\"https:\\\/\\\/ecosupplements.be\\\/fr\\\/#organization\"},\"potentialAction\":[{\"@type\":\"SearchAction\",\"target\":{\"@type\":\"EntryPoint\",\"urlTemplate\":\"https:\\\/\\\/ecosupplements.be\\\/fr\\\/?s={search_term_string}\"},\"query-input\":{\"@type\":\"PropertyValueSpecification\",\"valueRequired\":true,\"valueName\":\"search_term_string\"}}],\"inLanguage\":\"fr-FR\"},{\"@type\":\"Organization\",\"@id\":\"https:\\\/\\\/ecosupplements.be\\\/fr\\\/#organization\",\"name\":\"Eco Supplements\",\"url\":\"https:\\\/\\\/ecosupplements.be\\\/fr\\\/\",\"logo\":{\"@type\":\"ImageObject\",\"inLanguage\":\"fr-FR\",\"@id\":\"https:\\\/\\\/ecosupplements.be\\\/fr\\\/#\\\/schema\\\/logo\\\/image\\\/\",\"url\":\"https:\\\/\\\/ecosupplements.be\\\/wp-content\\\/uploads\\\/2022\\\/06\\\/ecosupplement-family.png\",\"contentUrl\":\"https:\\\/\\\/ecosupplements.be\\\/wp-content\\\/uploads\\\/2022\\\/06\\\/ecosupplement-family.png\",\"width\":593,\"height\":374,\"caption\":\"Eco Supplements\"},\"image\":{\"@id\":\"https:\\\/\\\/ecosupplements.be\\\/fr\\\/#\\\/schema\\\/logo\\\/image\\\/\"}}]}<\/script>\n<meta property=\"product:brand\" content=\"Life Extension\" \/>\n<meta property=\"product:price:amount\" content=\"28.56\" \/>\n<meta property=\"product:price:currency\" content=\"EUR\" \/>\n<meta property=\"og:availability\" content=\"instock\" \/>\n<meta property=\"product:availability\" content=\"instock\" \/>\n<meta property=\"product:retailer_item_id\" content=\"737870150398\" \/>\n<meta property=\"product:condition\" content=\"new\" \/>\n<!-- \/ Yoast SEO Premium plugin. -->","yoast_head_json":{"title":"CinSulin avec InSea2 & Crominex 3+ - 90 vcaps - ECO Supplements","description":"Wij hebben een ruime keuze aan producten van CinSulin avec InSea2 & Crominex 3+ - 90 vcaps . Winkel bij Eco Supplements altijd gratis verzending boven 100\u20ac","robots":{"index":"index","follow":"follow","max-snippet":"max-snippet:-1","max-image-preview":"max-image-preview:large","max-video-preview":"max-video-preview:-1"},"canonical":"https:\/\/ecosupplements.be\/fr\/produit\/cinsulin-avec-insea2-crominex-3-90-vcaps\/","og_locale":"fr_FR","og_type":"article","og_title":"CinSulin avec InSea2 & Crominex 3+ - 90 vcaps","og_description":"Wij hebben een ruime keuze aan producten van CinSulin avec InSea2 & Crominex 3+ - 90 vcaps . Winkel bij Eco Supplements altijd gratis verzending boven 100\u20ac","og_url":"https:\/\/ecosupplements.be\/fr\/produit\/cinsulin-avec-insea2-crominex-3-90-vcaps\/","og_site_name":"ECO Supplements","article_modified_time":"2025-08-27T10:18:09+00:00","og_image":[{"width":750,"height":750,"url":"https:\/\/ecosupplements.be\/wp-content\/uploads\/2025\/08\/Life-Extension-CinSulin-with-InSea2-Crominex-3-90-vcaps-1.jpg","type":"image\/jpeg"}],"twitter_card":"summary_large_image","twitter_misc":{"Prix":"28.56&nbsp;&euro;","Disponibilit\u00e9":"En stock"},"schema":{"@context":"https:\/\/schema.org","@graph":[{"@type":["WebPage","ItemPage"],"@id":"https:\/\/ecosupplements.be\/fr\/produit\/cinsulin-avec-insea2-crominex-3-90-vcaps\/","url":"https:\/\/ecosupplements.be\/fr\/produit\/cinsulin-avec-insea2-crominex-3-90-vcaps\/","name":"CinSulin avec InSea2 & Crominex 3+ - 90 vcaps - ECO Supplements","isPartOf":{"@id":"https:\/\/ecosupplements.be\/fr\/#website"},"primaryImageOfPage":{"@id":"https:\/\/ecosupplements.be\/fr\/produit\/cinsulin-avec-insea2-crominex-3-90-vcaps\/#primaryimage"},"image":{"@id":"https:\/\/ecosupplements.be\/fr\/produit\/cinsulin-avec-insea2-crominex-3-90-vcaps\/#primaryimage"},"thumbnailUrl":"https:\/\/ecosupplements.be\/wp-content\/uploads\/2025\/08\/Life-Extension-CinSulin-with-InSea2-Crominex-3-90-vcaps-1.jpg","datePublished":"2022-06-28T09:16:55+00:00","dateModified":"2025-08-27T10:18:09+00:00","description":"Wij hebben een ruime keuze aan producten van CinSulin avec InSea2 & Crominex 3+ - 90 vcaps . Winkel bij Eco Supplements altijd gratis verzending boven 100\u20ac","breadcrumb":{"@id":"https:\/\/ecosupplements.be\/fr\/produit\/cinsulin-avec-insea2-crominex-3-90-vcaps\/#breadcrumb"},"inLanguage":"fr-FR","potentialAction":[{"@type":"ReadAction","target":["https:\/\/ecosupplements.be\/fr\/produit\/cinsulin-avec-insea2-crominex-3-90-vcaps\/"]}]},{"@type":"ImageObject","inLanguage":"fr-FR","@id":"https:\/\/ecosupplements.be\/fr\/produit\/cinsulin-avec-insea2-crominex-3-90-vcaps\/#primaryimage","url":"https:\/\/ecosupplements.be\/wp-content\/uploads\/2025\/08\/Life-Extension-CinSulin-with-InSea2-Crominex-3-90-vcaps-1.jpg","contentUrl":"https:\/\/ecosupplements.be\/wp-content\/uploads\/2025\/08\/Life-Extension-CinSulin-with-InSea2-Crominex-3-90-vcaps-1.jpg","width":750,"height":750},{"@type":"BreadcrumbList","@id":"https:\/\/ecosupplements.be\/fr\/produit\/cinsulin-avec-insea2-crominex-3-90-vcaps\/#breadcrumb","itemListElement":[{"@type":"ListItem","position":1,"name":"Home","item":"https:\/\/ecosupplements.be\/fr\/"},{"@type":"ListItem","position":2,"name":"Boutique","item":"https:\/\/ecosupplements.be\/fr\/boutique\/"},{"@type":"ListItem","position":3,"name":"CinSulin avec InSea2 &#038; Crominex 3+ &#8211; 90 vcaps"}]},{"@type":"WebSite","@id":"https:\/\/ecosupplements.be\/fr\/#website","url":"https:\/\/ecosupplements.be\/fr\/","name":"ECO Supplements","description":"Eco Supplements - Gezonde supplementen","publisher":{"@id":"https:\/\/ecosupplements.be\/fr\/#organization"},"potentialAction":[{"@type":"SearchAction","target":{"@type":"EntryPoint","urlTemplate":"https:\/\/ecosupplements.be\/fr\/?s={search_term_string}"},"query-input":{"@type":"PropertyValueSpecification","valueRequired":true,"valueName":"search_term_string"}}],"inLanguage":"fr-FR"},{"@type":"Organization","@id":"https:\/\/ecosupplements.be\/fr\/#organization","name":"Eco Supplements","url":"https:\/\/ecosupplements.be\/fr\/","logo":{"@type":"ImageObject","inLanguage":"fr-FR","@id":"https:\/\/ecosupplements.be\/fr\/#\/schema\/logo\/image\/","url":"https:\/\/ecosupplements.be\/wp-content\/uploads\/2022\/06\/ecosupplement-family.png","contentUrl":"https:\/\/ecosupplements.be\/wp-content\/uploads\/2022\/06\/ecosupplement-family.png","width":593,"height":374,"caption":"Eco Supplements"},"image":{"@id":"https:\/\/ecosupplements.be\/fr\/#\/schema\/logo\/image\/"}}]},"product_brand":"Life Extension","product_price_amount":"28.56","product_price_currency":"EUR","og_availability":"instock","product_availability":"instock","product_retailer_item_id":"737870150398","product_condition":"new"},"_links":{"self":[{"href":"https:\/\/ecosupplements.be\/fr\/wp-json\/wp\/v2\/product\/281368","targetHints":{"allow":["GET"]}}],"collection":[{"href":"https:\/\/ecosupplements.be\/fr\/wp-json\/wp\/v2\/product"}],"about":[{"href":"https:\/\/ecosupplements.be\/fr\/wp-json\/wp\/v2\/types\/product"}],"replies":[{"embeddable":true,"href":"https:\/\/ecosupplements.be\/fr\/wp-json\/wp\/v2\/comments?post=281368"}],"wp:featuredmedia":[{"embeddable":true,"href":"https:\/\/ecosupplements.be\/fr\/wp-json\/wp\/v2\/media\/247205"}],"wp:attachment":[{"href":"https:\/\/ecosupplements.be\/fr\/wp-json\/wp\/v2\/media?parent=281368"}],"wp:term":[{"taxonomy":"product_brand","embeddable":true,"href":"https:\/\/ecosupplements.be\/fr\/wp-json\/wp\/v2\/product_brand?post=281368"},{"taxonomy":"product_cat","embeddable":true,"href":"https:\/\/ecosupplements.be\/fr\/wp-json\/wp\/v2\/product_cat?post=281368"},{"taxonomy":"product_tag","embeddable":true,"href":"https:\/\/ecosupplements.be\/fr\/wp-json\/wp\/v2\/product_tag?post=281368"}],"curies":[{"name":"wp","href":"https:\/\/api.w.org\/{rel}","templated":true}]}}