{"id":281371,"date":"2022-06-28T10:17:04","date_gmt":"2022-06-28T09:17:04","guid":{"rendered":"https:\/\/ecosupplements.be\/product\/cran-max-cranberry-concentre-de-fruits-entiers-500mg-60-vcaps\/"},"modified":"2025-08-27T11:18:21","modified_gmt":"2025-08-27T10:18:21","slug":"cran-max-cranberry-concentre-de-fruits-entiers-500mg-60-vcaps","status":"publish","type":"product","link":"https:\/\/ecosupplements.be\/fr\/produit\/cran-max-cranberry-concentre-de-fruits-entiers-500mg-60-vcaps\/","title":{"rendered":"Cran-Max Cranberry Concentr\u00e9 de Fruits Entiers, 500mg &#8211; 60 vcaps"},"content":{"rendered":"<h1 style=\"text-align: center;\">Life Extension &#8211; Cran-Max Cranberry Concentr\u00e9 de fruits entiers<\/h1>\n<p>L&#8217;anatomie de l&#8217;appareil urinaire f\u00e9minin est tr\u00e8s diff\u00e9rente de celle des hommes, d&#8217;o\u00f9 la n\u00e9cessit\u00e9 d&#8217;un soutien nutritionnel suppl\u00e9mentaire pour les femmes. Un grand nombre d&#8217;\u00e9tudes publi\u00e9es indiquent que les polyph\u00e9nols de la canneberge peuvent aider \u00e0 soutenir la sant\u00e9 des voies urinaires.<\/p>\n<p>Les canneberges sont connues depuis des d\u00e9cennies pour favoriser la sant\u00e9 des voies urinaires. La recherche clinique d\u00e9montre que les proanthocyanidines des canneberges sont de puissants antioxydants qui peuvent r\u00e9duire le stress oxydatif. Une \u00e9tude comparative en double aveugle confirme que Cran-Max aide \u00e0 soutenir un tractus urinaire sain. Chaque capsule Cran-Max de Life Extension contient 500 mg de concentr\u00e9 de canneberge pour favoriser la sant\u00e9 des voies urinaires. Chaque capsule Cran-Max contient \u00e9galement :<\/p>\n<p>&nbsp;L&#8217;activit\u00e9 synergique, \u00e0 spectre complet, du fruit entier de la canneberge<br \/>&nbsp;Un syst\u00e8me d&#8217;administration unique qui prot\u00e8ge ses composants de canneberge de la d\u00e9gradation.<br \/>&nbsp;Antioxydants<\/p>\n<p>Cran-Max contient un concentr\u00e9 de canneberge fabriqu\u00e9 \u00e0 partir de la canneberge compl\u00e8te gr\u00e2ce \u00e0 un proc\u00e9d\u00e9 unique en instance de brevet. Aucun sucre n&#8217;est ajout\u00e9. Chaque capsule de Cran-Max contient de puissants polyph\u00e9nols, des acides organiques et des antioxydants, offrant les m\u00eames avantages que de boire un cocktail de jus de canneberge, mais sans les calories. Un avantage de Cran-Max de Life Extension est qu&#8217;il ne n\u00e9cessite qu&#8217;une seule prise par jour !<\/p>\n<div class=\"facts-container\">\n<\/div>\n<\/p>\n<div class=\"tag-container\"><img decoding=\"async\" src=\"https:\/\/ecosupplements.se\/wp-content\/uploads\/2022\/02\/non-gmo-1.png\" title=\"Non-OGM\" alt=\"Non-GMO\">\n<\/div>\n","protected":false},"excerpt":{"rendered":"<p>Life Extension &#8211; Cran-Max Cranberry Concentr\u00e9 de fruits entiers L&#8217;anatomie de l&#8217;appareil urinaire f\u00e9minin est tr\u00e8s diff\u00e9rente de celle des hommes, d&#8217;o\u00f9 la n\u00e9cessit\u00e9 d&#8217;un soutien nutritionnel suppl\u00e9mentaire pour les femmes. Un grand nombre d&#8217;\u00e9tudes publi\u00e9es indiquent que les polyph\u00e9nols de la canneberge peuvent aider \u00e0 soutenir la sant\u00e9 des voies urinaires. Les canneberges sont [&#8230;]\n","protected":false},"featured_media":247222,"comment_status":"open","ping_status":"open","template":"","meta":[],"product_brand":[4723],"product_cat":[5052,5180],"product_tag":[],"class_list":{"0":"post-281371","1":"product","2":"type-product","3":"status-publish","4":"has-post-thumbnail","6":"product_brand-life-extension-2","7":"product_cat-sante-et-bien-etre","8":"product_cat-sante-urinaire","10":"first","11":"instock","12":"sale","13":"taxable","14":"shipping-taxable","15":"purchasable","16":"product-type-simple"},"yoast_head":"<!-- This site is optimized with the Yoast SEO Premium plugin v27.3 (Yoast SEO v27.3) - https:\/\/yoast.com\/product\/yoast-seo-premium-wordpress\/ -->\n<title>Cran-Max Cranberry Concentr\u00e9 de Fruits Entiers, 500mg - 60 vcaps - ECO Supplements<\/title>\n<meta name=\"description\" content=\"Wij hebben een ruime keuze aan producten van Cran-Max Cranberry Concentr\u00e9 de Fruits Entiers, 500mg - 60 vcaps . Winkel bij Eco Supplements altijd gratis verzending boven 100\u20ac\" \/>\n<meta name=\"robots\" content=\"index, follow, max-snippet:-1, max-image-preview:large, max-video-preview:-1\" \/>\n<link rel=\"canonical\" href=\"https:\/\/ecosupplements.be\/fr\/produit\/cran-max-cranberry-concentre-de-fruits-entiers-500mg-60-vcaps\/\" \/>\n<meta property=\"og:locale\" content=\"fr_FR\" \/>\n<meta property=\"og:type\" content=\"article\" \/>\n<meta property=\"og:title\" content=\"Cran-Max Cranberry Concentr\u00e9 de Fruits Entiers, 500mg - 60 vcaps\" \/>\n<meta property=\"og:description\" content=\"Wij hebben een ruime keuze aan producten van Cran-Max Cranberry Concentr\u00e9 de Fruits Entiers, 500mg - 60 vcaps . Winkel bij Eco Supplements altijd gratis verzending boven 100\u20ac\" \/>\n<meta property=\"og:url\" content=\"https:\/\/ecosupplements.be\/fr\/produit\/cran-max-cranberry-concentre-de-fruits-entiers-500mg-60-vcaps\/\" \/>\n<meta property=\"og:site_name\" content=\"ECO Supplements\" \/>\n<meta property=\"article:modified_time\" content=\"2025-08-27T10:18:21+00:00\" \/>\n<meta property=\"og:image\" content=\"https:\/\/ecosupplements.be\/wp-content\/uploads\/2025\/08\/Life-Extension-Cran-Max-Cranberry-Whole-Fruit-Concentrate-60-vcaps-1.jpg\" \/>\n\t<meta property=\"og:image:width\" content=\"750\" \/>\n\t<meta property=\"og:image:height\" content=\"750\" \/>\n\t<meta property=\"og:image:type\" content=\"image\/jpeg\" \/>\n<meta name=\"twitter:card\" content=\"summary_large_image\" \/>\n<meta name=\"twitter:label1\" content=\"Prix\" \/>\n\t<meta name=\"twitter:data1\" content=\"22.09&nbsp;&euro;\" \/>\n\t<meta name=\"twitter:label2\" content=\"Disponibilit\u00e9\" \/>\n\t<meta name=\"twitter:data2\" content=\"En stock\" \/>\n<script type=\"application\/ld+json\" class=\"yoast-schema-graph\">{\"@context\":\"https:\\\/\\\/schema.org\",\"@graph\":[{\"@type\":[\"WebPage\",\"ItemPage\"],\"@id\":\"https:\\\/\\\/ecosupplements.be\\\/fr\\\/produit\\\/cran-max-cranberry-concentre-de-fruits-entiers-500mg-60-vcaps\\\/\",\"url\":\"https:\\\/\\\/ecosupplements.be\\\/fr\\\/produit\\\/cran-max-cranberry-concentre-de-fruits-entiers-500mg-60-vcaps\\\/\",\"name\":\"Cran-Max Cranberry Concentr\u00e9 de Fruits Entiers, 500mg - 60 vcaps - ECO Supplements\",\"isPartOf\":{\"@id\":\"https:\\\/\\\/ecosupplements.be\\\/fr\\\/#website\"},\"primaryImageOfPage\":{\"@id\":\"https:\\\/\\\/ecosupplements.be\\\/fr\\\/produit\\\/cran-max-cranberry-concentre-de-fruits-entiers-500mg-60-vcaps\\\/#primaryimage\"},\"image\":{\"@id\":\"https:\\\/\\\/ecosupplements.be\\\/fr\\\/produit\\\/cran-max-cranberry-concentre-de-fruits-entiers-500mg-60-vcaps\\\/#primaryimage\"},\"thumbnailUrl\":\"https:\\\/\\\/ecosupplements.be\\\/wp-content\\\/uploads\\\/2025\\\/08\\\/Life-Extension-Cran-Max-Cranberry-Whole-Fruit-Concentrate-60-vcaps-1.jpg\",\"datePublished\":\"2022-06-28T09:17:04+00:00\",\"dateModified\":\"2025-08-27T10:18:21+00:00\",\"description\":\"Wij hebben een ruime keuze aan producten van Cran-Max Cranberry Concentr\u00e9 de Fruits Entiers, 500mg - 60 vcaps . Winkel bij Eco Supplements altijd gratis verzending boven 100\u20ac\",\"breadcrumb\":{\"@id\":\"https:\\\/\\\/ecosupplements.be\\\/fr\\\/produit\\\/cran-max-cranberry-concentre-de-fruits-entiers-500mg-60-vcaps\\\/#breadcrumb\"},\"inLanguage\":\"fr-FR\",\"potentialAction\":[{\"@type\":\"ReadAction\",\"target\":[\"https:\\\/\\\/ecosupplements.be\\\/fr\\\/produit\\\/cran-max-cranberry-concentre-de-fruits-entiers-500mg-60-vcaps\\\/\"]}]},{\"@type\":\"ImageObject\",\"inLanguage\":\"fr-FR\",\"@id\":\"https:\\\/\\\/ecosupplements.be\\\/fr\\\/produit\\\/cran-max-cranberry-concentre-de-fruits-entiers-500mg-60-vcaps\\\/#primaryimage\",\"url\":\"https:\\\/\\\/ecosupplements.be\\\/wp-content\\\/uploads\\\/2025\\\/08\\\/Life-Extension-Cran-Max-Cranberry-Whole-Fruit-Concentrate-60-vcaps-1.jpg\",\"contentUrl\":\"https:\\\/\\\/ecosupplements.be\\\/wp-content\\\/uploads\\\/2025\\\/08\\\/Life-Extension-Cran-Max-Cranberry-Whole-Fruit-Concentrate-60-vcaps-1.jpg\",\"width\":750,\"height\":750},{\"@type\":\"BreadcrumbList\",\"@id\":\"https:\\\/\\\/ecosupplements.be\\\/fr\\\/produit\\\/cran-max-cranberry-concentre-de-fruits-entiers-500mg-60-vcaps\\\/#breadcrumb\",\"itemListElement\":[{\"@type\":\"ListItem\",\"position\":1,\"name\":\"Home\",\"item\":\"https:\\\/\\\/ecosupplements.be\\\/fr\\\/\"},{\"@type\":\"ListItem\",\"position\":2,\"name\":\"Boutique\",\"item\":\"https:\\\/\\\/ecosupplements.be\\\/fr\\\/boutique\\\/\"},{\"@type\":\"ListItem\",\"position\":3,\"name\":\"Cran-Max Cranberry Concentr\u00e9 de Fruits Entiers, 500mg &#8211; 60 vcaps\"}]},{\"@type\":\"WebSite\",\"@id\":\"https:\\\/\\\/ecosupplements.be\\\/fr\\\/#website\",\"url\":\"https:\\\/\\\/ecosupplements.be\\\/fr\\\/\",\"name\":\"ECO Supplements\",\"description\":\"Eco Supplements - Gezonde supplementen\",\"publisher\":{\"@id\":\"https:\\\/\\\/ecosupplements.be\\\/fr\\\/#organization\"},\"potentialAction\":[{\"@type\":\"SearchAction\",\"target\":{\"@type\":\"EntryPoint\",\"urlTemplate\":\"https:\\\/\\\/ecosupplements.be\\\/fr\\\/?s={search_term_string}\"},\"query-input\":{\"@type\":\"PropertyValueSpecification\",\"valueRequired\":true,\"valueName\":\"search_term_string\"}}],\"inLanguage\":\"fr-FR\"},{\"@type\":\"Organization\",\"@id\":\"https:\\\/\\\/ecosupplements.be\\\/fr\\\/#organization\",\"name\":\"Eco Supplements\",\"url\":\"https:\\\/\\\/ecosupplements.be\\\/fr\\\/\",\"logo\":{\"@type\":\"ImageObject\",\"inLanguage\":\"fr-FR\",\"@id\":\"https:\\\/\\\/ecosupplements.be\\\/fr\\\/#\\\/schema\\\/logo\\\/image\\\/\",\"url\":\"https:\\\/\\\/ecosupplements.be\\\/wp-content\\\/uploads\\\/2022\\\/06\\\/ecosupplement-family.png\",\"contentUrl\":\"https:\\\/\\\/ecosupplements.be\\\/wp-content\\\/uploads\\\/2022\\\/06\\\/ecosupplement-family.png\",\"width\":593,\"height\":374,\"caption\":\"Eco Supplements\"},\"image\":{\"@id\":\"https:\\\/\\\/ecosupplements.be\\\/fr\\\/#\\\/schema\\\/logo\\\/image\\\/\"}}]}<\/script>\n<meta property=\"product:brand\" content=\"Life Extension\" \/>\n<meta property=\"product:price:amount\" content=\"22.09\" \/>\n<meta property=\"product:price:currency\" content=\"EUR\" \/>\n<meta property=\"og:availability\" content=\"instock\" \/>\n<meta property=\"product:availability\" content=\"instock\" \/>\n<meta property=\"product:retailer_item_id\" content=\"737870862062\" \/>\n<meta property=\"product:condition\" content=\"new\" \/>\n<!-- \/ Yoast SEO Premium plugin. -->","yoast_head_json":{"title":"Cran-Max Cranberry Concentr\u00e9 de Fruits Entiers, 500mg - 60 vcaps - ECO Supplements","description":"Wij hebben een ruime keuze aan producten van Cran-Max Cranberry Concentr\u00e9 de Fruits Entiers, 500mg - 60 vcaps . Winkel bij Eco Supplements altijd gratis verzending boven 100\u20ac","robots":{"index":"index","follow":"follow","max-snippet":"max-snippet:-1","max-image-preview":"max-image-preview:large","max-video-preview":"max-video-preview:-1"},"canonical":"https:\/\/ecosupplements.be\/fr\/produit\/cran-max-cranberry-concentre-de-fruits-entiers-500mg-60-vcaps\/","og_locale":"fr_FR","og_type":"article","og_title":"Cran-Max Cranberry Concentr\u00e9 de Fruits Entiers, 500mg - 60 vcaps","og_description":"Wij hebben een ruime keuze aan producten van Cran-Max Cranberry Concentr\u00e9 de Fruits Entiers, 500mg - 60 vcaps . Winkel bij Eco Supplements altijd gratis verzending boven 100\u20ac","og_url":"https:\/\/ecosupplements.be\/fr\/produit\/cran-max-cranberry-concentre-de-fruits-entiers-500mg-60-vcaps\/","og_site_name":"ECO Supplements","article_modified_time":"2025-08-27T10:18:21+00:00","og_image":[{"width":750,"height":750,"url":"https:\/\/ecosupplements.be\/wp-content\/uploads\/2025\/08\/Life-Extension-Cran-Max-Cranberry-Whole-Fruit-Concentrate-60-vcaps-1.jpg","type":"image\/jpeg"}],"twitter_card":"summary_large_image","twitter_misc":{"Prix":"22.09&nbsp;&euro;","Disponibilit\u00e9":"En stock"},"schema":{"@context":"https:\/\/schema.org","@graph":[{"@type":["WebPage","ItemPage"],"@id":"https:\/\/ecosupplements.be\/fr\/produit\/cran-max-cranberry-concentre-de-fruits-entiers-500mg-60-vcaps\/","url":"https:\/\/ecosupplements.be\/fr\/produit\/cran-max-cranberry-concentre-de-fruits-entiers-500mg-60-vcaps\/","name":"Cran-Max Cranberry Concentr\u00e9 de Fruits Entiers, 500mg - 60 vcaps - ECO Supplements","isPartOf":{"@id":"https:\/\/ecosupplements.be\/fr\/#website"},"primaryImageOfPage":{"@id":"https:\/\/ecosupplements.be\/fr\/produit\/cran-max-cranberry-concentre-de-fruits-entiers-500mg-60-vcaps\/#primaryimage"},"image":{"@id":"https:\/\/ecosupplements.be\/fr\/produit\/cran-max-cranberry-concentre-de-fruits-entiers-500mg-60-vcaps\/#primaryimage"},"thumbnailUrl":"https:\/\/ecosupplements.be\/wp-content\/uploads\/2025\/08\/Life-Extension-Cran-Max-Cranberry-Whole-Fruit-Concentrate-60-vcaps-1.jpg","datePublished":"2022-06-28T09:17:04+00:00","dateModified":"2025-08-27T10:18:21+00:00","description":"Wij hebben een ruime keuze aan producten van Cran-Max Cranberry Concentr\u00e9 de Fruits Entiers, 500mg - 60 vcaps . Winkel bij Eco Supplements altijd gratis verzending boven 100\u20ac","breadcrumb":{"@id":"https:\/\/ecosupplements.be\/fr\/produit\/cran-max-cranberry-concentre-de-fruits-entiers-500mg-60-vcaps\/#breadcrumb"},"inLanguage":"fr-FR","potentialAction":[{"@type":"ReadAction","target":["https:\/\/ecosupplements.be\/fr\/produit\/cran-max-cranberry-concentre-de-fruits-entiers-500mg-60-vcaps\/"]}]},{"@type":"ImageObject","inLanguage":"fr-FR","@id":"https:\/\/ecosupplements.be\/fr\/produit\/cran-max-cranberry-concentre-de-fruits-entiers-500mg-60-vcaps\/#primaryimage","url":"https:\/\/ecosupplements.be\/wp-content\/uploads\/2025\/08\/Life-Extension-Cran-Max-Cranberry-Whole-Fruit-Concentrate-60-vcaps-1.jpg","contentUrl":"https:\/\/ecosupplements.be\/wp-content\/uploads\/2025\/08\/Life-Extension-Cran-Max-Cranberry-Whole-Fruit-Concentrate-60-vcaps-1.jpg","width":750,"height":750},{"@type":"BreadcrumbList","@id":"https:\/\/ecosupplements.be\/fr\/produit\/cran-max-cranberry-concentre-de-fruits-entiers-500mg-60-vcaps\/#breadcrumb","itemListElement":[{"@type":"ListItem","position":1,"name":"Home","item":"https:\/\/ecosupplements.be\/fr\/"},{"@type":"ListItem","position":2,"name":"Boutique","item":"https:\/\/ecosupplements.be\/fr\/boutique\/"},{"@type":"ListItem","position":3,"name":"Cran-Max Cranberry Concentr\u00e9 de Fruits Entiers, 500mg &#8211; 60 vcaps"}]},{"@type":"WebSite","@id":"https:\/\/ecosupplements.be\/fr\/#website","url":"https:\/\/ecosupplements.be\/fr\/","name":"ECO Supplements","description":"Eco Supplements - Gezonde supplementen","publisher":{"@id":"https:\/\/ecosupplements.be\/fr\/#organization"},"potentialAction":[{"@type":"SearchAction","target":{"@type":"EntryPoint","urlTemplate":"https:\/\/ecosupplements.be\/fr\/?s={search_term_string}"},"query-input":{"@type":"PropertyValueSpecification","valueRequired":true,"valueName":"search_term_string"}}],"inLanguage":"fr-FR"},{"@type":"Organization","@id":"https:\/\/ecosupplements.be\/fr\/#organization","name":"Eco Supplements","url":"https:\/\/ecosupplements.be\/fr\/","logo":{"@type":"ImageObject","inLanguage":"fr-FR","@id":"https:\/\/ecosupplements.be\/fr\/#\/schema\/logo\/image\/","url":"https:\/\/ecosupplements.be\/wp-content\/uploads\/2022\/06\/ecosupplement-family.png","contentUrl":"https:\/\/ecosupplements.be\/wp-content\/uploads\/2022\/06\/ecosupplement-family.png","width":593,"height":374,"caption":"Eco Supplements"},"image":{"@id":"https:\/\/ecosupplements.be\/fr\/#\/schema\/logo\/image\/"}}]},"product_brand":"Life Extension","product_price_amount":"22.09","product_price_currency":"EUR","og_availability":"instock","product_availability":"instock","product_retailer_item_id":"737870862062","product_condition":"new"},"_links":{"self":[{"href":"https:\/\/ecosupplements.be\/fr\/wp-json\/wp\/v2\/product\/281371","targetHints":{"allow":["GET"]}}],"collection":[{"href":"https:\/\/ecosupplements.be\/fr\/wp-json\/wp\/v2\/product"}],"about":[{"href":"https:\/\/ecosupplements.be\/fr\/wp-json\/wp\/v2\/types\/product"}],"replies":[{"embeddable":true,"href":"https:\/\/ecosupplements.be\/fr\/wp-json\/wp\/v2\/comments?post=281371"}],"wp:featuredmedia":[{"embeddable":true,"href":"https:\/\/ecosupplements.be\/fr\/wp-json\/wp\/v2\/media\/247222"}],"wp:attachment":[{"href":"https:\/\/ecosupplements.be\/fr\/wp-json\/wp\/v2\/media?parent=281371"}],"wp:term":[{"taxonomy":"product_brand","embeddable":true,"href":"https:\/\/ecosupplements.be\/fr\/wp-json\/wp\/v2\/product_brand?post=281371"},{"taxonomy":"product_cat","embeddable":true,"href":"https:\/\/ecosupplements.be\/fr\/wp-json\/wp\/v2\/product_cat?post=281371"},{"taxonomy":"product_tag","embeddable":true,"href":"https:\/\/ecosupplements.be\/fr\/wp-json\/wp\/v2\/product_tag?post=281371"}],"curies":[{"name":"wp","href":"https:\/\/api.w.org\/{rel}","templated":true}]}}