{"id":281372,"date":"2022-06-28T10:17:04","date_gmt":"2022-06-28T09:17:04","guid":{"rendered":"https:\/\/ecosupplements.be\/product\/capsules-de-creatine-120-caps\/"},"modified":"2025-08-27T11:18:23","modified_gmt":"2025-08-27T10:18:23","slug":"capsules-de-creatine-120-caps","status":"publish","type":"product","link":"https:\/\/ecosupplements.be\/fr\/produit\/capsules-de-creatine-120-caps\/","title":{"rendered":"Capsules de cr\u00e9atine &#8211; 120 caps"},"content":{"rendered":"<h1 style=\"text-align: center;\">Life Extension &#8211; Capsules de cr\u00e9atine<\/h1>\n<h3 style=\"text-align: center;\">Fournit de l&#8217;\u00e9nergie et un soutien musculaire sain<\/h3>\n<p>Fournit de l&#8217;\u00e9nergie et un soutien musculaire sain<br \/>\nCreapure<br \/>\nSuppl\u00e9ment alimentaire<br \/>\nNon-OGM<\/p>\n<p>La cr\u00e9atine est naturellement produite dans le corps humain \u00e0 partir des acides amin\u00e9s L-arginine, glycine et L-m\u00e9thionine, principalement dans les reins et le foie, et transport\u00e9e dans le sang pour aider \u00e0 fournir de l&#8217;\u00e9nergie \u00e0 toutes les cellules du corps. La cr\u00e9atine est m\u00e9tabolis\u00e9e en phosphocr\u00e9atine, une forme de stockage importante utilis\u00e9e par le cerveau, le c\u0153ur et les muscles squelettiques. Chez les individus normaux en bonne sant\u00e9, la cr\u00e9atine musculaire est reconstitu\u00e9e \u00e0 raison d&#8217;environ deux grammes par jour. Il a \u00e9t\u00e9 d\u00e9montr\u00e9 que l&#8217;ingestion orale de cr\u00e9atine supprime la production naturelle de l&#8217;organisme, un effet qui s&#8217;inverse lorsqu&#8217;on cesse la suppl\u00e9mentation.<\/p>\n<p>La cr\u00e9atine exerce divers effets lorsqu&#8217;elle p\u00e9n\u00e8tre dans le muscle. Ce sont ces effets qui provoquent des am\u00e9liorations de la performance \u00e0 l&#8217;exercice et peuvent \u00eatre responsables des am\u00e9liorations de la fonction musculaire et du m\u00e9tabolisme \u00e9nerg\u00e9tique observ\u00e9es dans certaines conditions. Plusieurs m\u00e9canismes ont \u00e9t\u00e9 propos\u00e9s pour expliquer l&#8217;augmentation de la performance d&#8217;exercice observ\u00e9e apr\u00e8s la prise de cr\u00e9atine :<\/p>\n<p>Optimiser le m\u00e9tabolisme \u00e9nerg\u00e9tique en maintenant des niveaux plus \u00e9lev\u00e9s d&#8217;ad\u00e9nosine triphosphate, le compos\u00e9 \u00e9nerg\u00e9tique du corps, ou<br \/>\nAugmentation de la teneur en ARNm myofibrillaire et de la synth\u00e8se des prot\u00e9ines, et r\u00e9duction de l&#8217;oxydation des acides amin\u00e9s et de la d\u00e9gradation des prot\u00e9ines.<br \/>\nAugmentation du nombre et de l&#8217;activit\u00e9 des cellules satellites et des myonucl\u00e9aires dans le muscle squelettique humain.<br \/>\nPr\u00e9venir les dommages tissulaires en stabilisant les membranes cellulaires et en maintenant les r\u00e9serves d&#8217;ATP.<\/p>\n","protected":false},"excerpt":{"rendered":"<p>Life Extension &#8211; Capsules de cr\u00e9atine Fournit de l&#8217;\u00e9nergie et un soutien musculaire sain Fournit de l&#8217;\u00e9nergie et un soutien musculaire sain Creapure Suppl\u00e9ment alimentaire Non-OGM La cr\u00e9atine est naturellement produite dans le corps humain \u00e0 partir des acides amin\u00e9s L-arginine, glycine et L-m\u00e9thionine, principalement dans les reins et le foie, et transport\u00e9e dans le [&#8230;]\n","protected":false},"featured_media":247227,"comment_status":"open","ping_status":"open","template":"","meta":[],"product_brand":[4723],"product_cat":[5048,5205,5206,5052,5141,5207],"product_tag":[],"class_list":{"0":"post-281372","1":"product","2":"type-product","3":"status-publish","4":"has-post-thumbnail","6":"product_brand-life-extension-2","7":"product_cat-aptitude","8":"product_cat-creatine-monohydrate","9":"product_cat-monohydrate-de-creatine","10":"product_cat-sante-et-bien-etre","11":"product_cat-supplement-de-creatine","12":"product_cat-supplements-de-creatine","14":"first","15":"instock","16":"taxable","17":"shipping-taxable","18":"purchasable","19":"product-type-simple"},"yoast_head":"<!-- This site is optimized with the Yoast SEO Premium plugin v27.3 (Yoast SEO v27.3) - https:\/\/yoast.com\/product\/yoast-seo-premium-wordpress\/ -->\n<title>Capsules de cr\u00e9atine - 120 caps - ECO Supplements<\/title>\n<meta name=\"description\" content=\"Wij hebben een ruime keuze aan producten van Capsules de cr\u00e9atine - 120 caps . Winkel bij Eco Supplements altijd gratis verzending boven 100\u20ac\" \/>\n<meta name=\"robots\" content=\"index, follow, max-snippet:-1, max-image-preview:large, max-video-preview:-1\" \/>\n<link rel=\"canonical\" href=\"https:\/\/ecosupplements.be\/fr\/produit\/capsules-de-creatine-120-caps\/\" \/>\n<meta property=\"og:locale\" content=\"fr_FR\" \/>\n<meta property=\"og:type\" content=\"article\" \/>\n<meta property=\"og:title\" content=\"Capsules de cr\u00e9atine - 120 caps\" \/>\n<meta property=\"og:description\" content=\"Wij hebben een ruime keuze aan producten van Capsules de cr\u00e9atine - 120 caps . Winkel bij Eco Supplements altijd gratis verzending boven 100\u20ac\" \/>\n<meta property=\"og:url\" content=\"https:\/\/ecosupplements.be\/fr\/produit\/capsules-de-creatine-120-caps\/\" \/>\n<meta property=\"og:site_name\" content=\"ECO Supplements\" \/>\n<meta property=\"article:modified_time\" content=\"2025-08-27T10:18:23+00:00\" \/>\n<meta property=\"og:image\" content=\"https:\/\/ecosupplements.be\/wp-content\/uploads\/2025\/08\/Life-Extension-Creatine-Capsules-120-vcaps.jpg\" \/>\n\t<meta property=\"og:image:width\" content=\"750\" \/>\n\t<meta property=\"og:image:height\" content=\"750\" \/>\n\t<meta property=\"og:image:type\" content=\"image\/jpeg\" \/>\n<meta name=\"twitter:card\" content=\"summary_large_image\" \/>\n<meta name=\"twitter:label1\" content=\"Prix\" \/>\n\t<meta name=\"twitter:data1\" content=\"17.65&nbsp;&euro;\" \/>\n\t<meta name=\"twitter:label2\" content=\"Disponibilit\u00e9\" \/>\n\t<meta name=\"twitter:data2\" content=\"En stock\" \/>\n<script type=\"application\/ld+json\" class=\"yoast-schema-graph\">{\"@context\":\"https:\\\/\\\/schema.org\",\"@graph\":[{\"@type\":[\"WebPage\",\"ItemPage\"],\"@id\":\"https:\\\/\\\/ecosupplements.be\\\/fr\\\/produit\\\/capsules-de-creatine-120-caps\\\/\",\"url\":\"https:\\\/\\\/ecosupplements.be\\\/fr\\\/produit\\\/capsules-de-creatine-120-caps\\\/\",\"name\":\"Capsules de cr\u00e9atine - 120 caps - ECO Supplements\",\"isPartOf\":{\"@id\":\"https:\\\/\\\/ecosupplements.be\\\/fr\\\/#website\"},\"primaryImageOfPage\":{\"@id\":\"https:\\\/\\\/ecosupplements.be\\\/fr\\\/produit\\\/capsules-de-creatine-120-caps\\\/#primaryimage\"},\"image\":{\"@id\":\"https:\\\/\\\/ecosupplements.be\\\/fr\\\/produit\\\/capsules-de-creatine-120-caps\\\/#primaryimage\"},\"thumbnailUrl\":\"https:\\\/\\\/ecosupplements.be\\\/wp-content\\\/uploads\\\/2025\\\/08\\\/Life-Extension-Creatine-Capsules-120-vcaps-1.jpg\",\"datePublished\":\"2022-06-28T09:17:04+00:00\",\"dateModified\":\"2025-08-27T10:18:23+00:00\",\"description\":\"Wij hebben een ruime keuze aan producten van Capsules de cr\u00e9atine - 120 caps . Winkel bij Eco Supplements altijd gratis verzending boven 100\u20ac\",\"breadcrumb\":{\"@id\":\"https:\\\/\\\/ecosupplements.be\\\/fr\\\/produit\\\/capsules-de-creatine-120-caps\\\/#breadcrumb\"},\"inLanguage\":\"fr-FR\",\"potentialAction\":[{\"@type\":\"ReadAction\",\"target\":[\"https:\\\/\\\/ecosupplements.be\\\/fr\\\/produit\\\/capsules-de-creatine-120-caps\\\/\"]}]},{\"@type\":\"ImageObject\",\"inLanguage\":\"fr-FR\",\"@id\":\"https:\\\/\\\/ecosupplements.be\\\/fr\\\/produit\\\/capsules-de-creatine-120-caps\\\/#primaryimage\",\"url\":\"https:\\\/\\\/ecosupplements.be\\\/wp-content\\\/uploads\\\/2025\\\/08\\\/Life-Extension-Creatine-Capsules-120-vcaps-1.jpg\",\"contentUrl\":\"https:\\\/\\\/ecosupplements.be\\\/wp-content\\\/uploads\\\/2025\\\/08\\\/Life-Extension-Creatine-Capsules-120-vcaps-1.jpg\",\"width\":750,\"height\":750},{\"@type\":\"BreadcrumbList\",\"@id\":\"https:\\\/\\\/ecosupplements.be\\\/fr\\\/produit\\\/capsules-de-creatine-120-caps\\\/#breadcrumb\",\"itemListElement\":[{\"@type\":\"ListItem\",\"position\":1,\"name\":\"Home\",\"item\":\"https:\\\/\\\/ecosupplements.be\\\/fr\\\/\"},{\"@type\":\"ListItem\",\"position\":2,\"name\":\"Boutique\",\"item\":\"https:\\\/\\\/ecosupplements.be\\\/fr\\\/boutique\\\/\"},{\"@type\":\"ListItem\",\"position\":3,\"name\":\"Capsules de cr\u00e9atine &#8211; 120 caps\"}]},{\"@type\":\"WebSite\",\"@id\":\"https:\\\/\\\/ecosupplements.be\\\/fr\\\/#website\",\"url\":\"https:\\\/\\\/ecosupplements.be\\\/fr\\\/\",\"name\":\"ECO Supplements\",\"description\":\"Eco Supplements - Gezonde supplementen\",\"publisher\":{\"@id\":\"https:\\\/\\\/ecosupplements.be\\\/fr\\\/#organization\"},\"potentialAction\":[{\"@type\":\"SearchAction\",\"target\":{\"@type\":\"EntryPoint\",\"urlTemplate\":\"https:\\\/\\\/ecosupplements.be\\\/fr\\\/?s={search_term_string}\"},\"query-input\":{\"@type\":\"PropertyValueSpecification\",\"valueRequired\":true,\"valueName\":\"search_term_string\"}}],\"inLanguage\":\"fr-FR\"},{\"@type\":\"Organization\",\"@id\":\"https:\\\/\\\/ecosupplements.be\\\/fr\\\/#organization\",\"name\":\"Eco Supplements\",\"url\":\"https:\\\/\\\/ecosupplements.be\\\/fr\\\/\",\"logo\":{\"@type\":\"ImageObject\",\"inLanguage\":\"fr-FR\",\"@id\":\"https:\\\/\\\/ecosupplements.be\\\/fr\\\/#\\\/schema\\\/logo\\\/image\\\/\",\"url\":\"https:\\\/\\\/ecosupplements.be\\\/wp-content\\\/uploads\\\/2022\\\/06\\\/ecosupplement-family.png\",\"contentUrl\":\"https:\\\/\\\/ecosupplements.be\\\/wp-content\\\/uploads\\\/2022\\\/06\\\/ecosupplement-family.png\",\"width\":593,\"height\":374,\"caption\":\"Eco Supplements\"},\"image\":{\"@id\":\"https:\\\/\\\/ecosupplements.be\\\/fr\\\/#\\\/schema\\\/logo\\\/image\\\/\"}}]}<\/script>\n<meta property=\"product:brand\" content=\"Life Extension\" \/>\n<meta property=\"product:price:amount\" content=\"17.65\" \/>\n<meta property=\"product:price:currency\" content=\"EUR\" \/>\n<meta property=\"og:availability\" content=\"instock\" \/>\n<meta property=\"product:availability\" content=\"instock\" \/>\n<meta property=\"product:retailer_item_id\" content=\"737870152910\" \/>\n<meta property=\"product:condition\" content=\"new\" \/>\n<!-- \/ Yoast SEO Premium plugin. -->","yoast_head_json":{"title":"Capsules de cr\u00e9atine - 120 caps - ECO Supplements","description":"Wij hebben een ruime keuze aan producten van Capsules de cr\u00e9atine - 120 caps . Winkel bij Eco Supplements altijd gratis verzending boven 100\u20ac","robots":{"index":"index","follow":"follow","max-snippet":"max-snippet:-1","max-image-preview":"max-image-preview:large","max-video-preview":"max-video-preview:-1"},"canonical":"https:\/\/ecosupplements.be\/fr\/produit\/capsules-de-creatine-120-caps\/","og_locale":"fr_FR","og_type":"article","og_title":"Capsules de cr\u00e9atine - 120 caps","og_description":"Wij hebben een ruime keuze aan producten van Capsules de cr\u00e9atine - 120 caps . Winkel bij Eco Supplements altijd gratis verzending boven 100\u20ac","og_url":"https:\/\/ecosupplements.be\/fr\/produit\/capsules-de-creatine-120-caps\/","og_site_name":"ECO Supplements","article_modified_time":"2025-08-27T10:18:23+00:00","og_image":[{"width":750,"height":750,"url":"https:\/\/ecosupplements.be\/wp-content\/uploads\/2025\/08\/Life-Extension-Creatine-Capsules-120-vcaps.jpg","type":"image\/jpeg"}],"twitter_card":"summary_large_image","twitter_misc":{"Prix":"17.65&nbsp;&euro;","Disponibilit\u00e9":"En stock"},"schema":{"@context":"https:\/\/schema.org","@graph":[{"@type":["WebPage","ItemPage"],"@id":"https:\/\/ecosupplements.be\/fr\/produit\/capsules-de-creatine-120-caps\/","url":"https:\/\/ecosupplements.be\/fr\/produit\/capsules-de-creatine-120-caps\/","name":"Capsules de cr\u00e9atine - 120 caps - ECO Supplements","isPartOf":{"@id":"https:\/\/ecosupplements.be\/fr\/#website"},"primaryImageOfPage":{"@id":"https:\/\/ecosupplements.be\/fr\/produit\/capsules-de-creatine-120-caps\/#primaryimage"},"image":{"@id":"https:\/\/ecosupplements.be\/fr\/produit\/capsules-de-creatine-120-caps\/#primaryimage"},"thumbnailUrl":"https:\/\/ecosupplements.be\/wp-content\/uploads\/2025\/08\/Life-Extension-Creatine-Capsules-120-vcaps-1.jpg","datePublished":"2022-06-28T09:17:04+00:00","dateModified":"2025-08-27T10:18:23+00:00","description":"Wij hebben een ruime keuze aan producten van Capsules de cr\u00e9atine - 120 caps . Winkel bij Eco Supplements altijd gratis verzending boven 100\u20ac","breadcrumb":{"@id":"https:\/\/ecosupplements.be\/fr\/produit\/capsules-de-creatine-120-caps\/#breadcrumb"},"inLanguage":"fr-FR","potentialAction":[{"@type":"ReadAction","target":["https:\/\/ecosupplements.be\/fr\/produit\/capsules-de-creatine-120-caps\/"]}]},{"@type":"ImageObject","inLanguage":"fr-FR","@id":"https:\/\/ecosupplements.be\/fr\/produit\/capsules-de-creatine-120-caps\/#primaryimage","url":"https:\/\/ecosupplements.be\/wp-content\/uploads\/2025\/08\/Life-Extension-Creatine-Capsules-120-vcaps-1.jpg","contentUrl":"https:\/\/ecosupplements.be\/wp-content\/uploads\/2025\/08\/Life-Extension-Creatine-Capsules-120-vcaps-1.jpg","width":750,"height":750},{"@type":"BreadcrumbList","@id":"https:\/\/ecosupplements.be\/fr\/produit\/capsules-de-creatine-120-caps\/#breadcrumb","itemListElement":[{"@type":"ListItem","position":1,"name":"Home","item":"https:\/\/ecosupplements.be\/fr\/"},{"@type":"ListItem","position":2,"name":"Boutique","item":"https:\/\/ecosupplements.be\/fr\/boutique\/"},{"@type":"ListItem","position":3,"name":"Capsules de cr\u00e9atine &#8211; 120 caps"}]},{"@type":"WebSite","@id":"https:\/\/ecosupplements.be\/fr\/#website","url":"https:\/\/ecosupplements.be\/fr\/","name":"ECO Supplements","description":"Eco Supplements - Gezonde supplementen","publisher":{"@id":"https:\/\/ecosupplements.be\/fr\/#organization"},"potentialAction":[{"@type":"SearchAction","target":{"@type":"EntryPoint","urlTemplate":"https:\/\/ecosupplements.be\/fr\/?s={search_term_string}"},"query-input":{"@type":"PropertyValueSpecification","valueRequired":true,"valueName":"search_term_string"}}],"inLanguage":"fr-FR"},{"@type":"Organization","@id":"https:\/\/ecosupplements.be\/fr\/#organization","name":"Eco Supplements","url":"https:\/\/ecosupplements.be\/fr\/","logo":{"@type":"ImageObject","inLanguage":"fr-FR","@id":"https:\/\/ecosupplements.be\/fr\/#\/schema\/logo\/image\/","url":"https:\/\/ecosupplements.be\/wp-content\/uploads\/2022\/06\/ecosupplement-family.png","contentUrl":"https:\/\/ecosupplements.be\/wp-content\/uploads\/2022\/06\/ecosupplement-family.png","width":593,"height":374,"caption":"Eco Supplements"},"image":{"@id":"https:\/\/ecosupplements.be\/fr\/#\/schema\/logo\/image\/"}}]},"product_brand":"Life Extension","product_price_amount":"17.65","product_price_currency":"EUR","og_availability":"instock","product_availability":"instock","product_retailer_item_id":"737870152910","product_condition":"new"},"_links":{"self":[{"href":"https:\/\/ecosupplements.be\/fr\/wp-json\/wp\/v2\/product\/281372","targetHints":{"allow":["GET"]}}],"collection":[{"href":"https:\/\/ecosupplements.be\/fr\/wp-json\/wp\/v2\/product"}],"about":[{"href":"https:\/\/ecosupplements.be\/fr\/wp-json\/wp\/v2\/types\/product"}],"replies":[{"embeddable":true,"href":"https:\/\/ecosupplements.be\/fr\/wp-json\/wp\/v2\/comments?post=281372"}],"wp:featuredmedia":[{"embeddable":true,"href":"https:\/\/ecosupplements.be\/fr\/wp-json\/wp\/v2\/media\/247227"}],"wp:attachment":[{"href":"https:\/\/ecosupplements.be\/fr\/wp-json\/wp\/v2\/media?parent=281372"}],"wp:term":[{"taxonomy":"product_brand","embeddable":true,"href":"https:\/\/ecosupplements.be\/fr\/wp-json\/wp\/v2\/product_brand?post=281372"},{"taxonomy":"product_cat","embeddable":true,"href":"https:\/\/ecosupplements.be\/fr\/wp-json\/wp\/v2\/product_cat?post=281372"},{"taxonomy":"product_tag","embeddable":true,"href":"https:\/\/ecosupplements.be\/fr\/wp-json\/wp\/v2\/product_tag?post=281372"}],"curies":[{"name":"wp","href":"https:\/\/api.w.org\/{rel}","templated":true}]}}