{"id":281375,"date":"2022-06-28T10:17:04","date_gmt":"2022-06-28T09:17:04","guid":{"rendered":"https:\/\/ecosupplements.be\/product\/suppression-des-cytokines-avec-egcg-30-vcaps\/"},"modified":"2025-08-27T11:18:35","modified_gmt":"2025-08-27T10:18:35","slug":"suppression-des-cytokines-avec-egcg-30-vcaps","status":"publish","type":"product","link":"https:\/\/ecosupplements.be\/fr\/produit\/suppression-des-cytokines-avec-egcg-30-vcaps\/","title":{"rendered":"Suppression des cytokines avec EGCG &#8211; 30 vcaps"},"content":{"rendered":"<h1 style=\"text-align: center;\">Life Extension &#8211; Suppression des cytokines avec l&#8217;EGCG<\/h1>\n<p>Cytokine Suppress with EGCG comprend des haricots mungo et du th\u00e9 vert, qui soutiennent le processus naturel de l&#8217;activit\u00e9 inflammatoire du syst\u00e8me immunitaire. Cet avantage puissant est fourni par les flavono\u00efdes et autres mol\u00e9cules que l&#8217;on trouve principalement dans l&#8217;enveloppe de la graine du haricot mungo et le compos\u00e9 EGCG (\u00e9pigallocat\u00e9chine-3-gallate) dans le th\u00e9 vert. Ces compos\u00e9s travaillent ensemble pour aider \u00e0 moduler une r\u00e9ponse saine du syst\u00e8me immunitaire. Ajoutez d\u00e8s aujourd&#8217;hui Cytokine Suppress avec EGCG \u00e0 votre r\u00e9gime de suppl\u00e9ments pour favoriser une r\u00e9ponse inflammatoire \u00e9quilibr\u00e9e.<br \/>\nLes avantages en un coup d&#8217;\u0153il<br \/>\nContient un extrait de haricot mungo et de l&#8217;EGCG du th\u00e9 vert<br \/>\nAide \u00e0 r\u00e9guler les niveaux de la prot\u00e9ine HMGB1<br \/>\nAide \u00e0 contr\u00f4ler les niveaux de cytokines inflammatoires<br \/>\n\u00c9quilibre la r\u00e9ponse inflammatoire<br \/>\n\u00c0 mesure que vous vieillissez, le maintien d&#8217;une r\u00e9ponse inflammatoire \u00e9quilibr\u00e9e devient de plus en plus important pour pr\u00e9server la sant\u00e9 de l&#8217;ensemble de votre corps. C&#8217;est l\u00e0 que Cytokine Suppress avec EGCG entre en jeu.<br \/>\nLes haricots mungo et le th\u00e9 vert sont utilis\u00e9s depuis longtemps dans la cuisine et la m\u00e9decine traditionnelles asiatiques pour soutenir le processus naturel de l&#8217;activit\u00e9 inflammatoire du syst\u00e8me immunitaire. Agissant ensemble, ces compos\u00e9s aident \u00e0 r\u00e9guler les niveaux, parmi ceux de la gamme normale, d&#8217;une mol\u00e9cule prot\u00e9ique connue sous le nom de HMGB1. Cette mol\u00e9cule contr\u00f4le les compos\u00e9s de signalisation connus sous le nom de cytokines qui g\u00e9n\u00e8rent l&#8217;inflammation. De plus, il a \u00e9t\u00e9 d\u00e9montr\u00e9 que l&#8217;extrait d&#8217;enveloppe de graine de haricot mungo soutient le syst\u00e8me de d\u00e9fense antioxydant naturel de l&#8217;organisme.<br \/>\nLe r\u00e9sultat de ce soutien modulateur b\u00e9n\u00e9fique est une r\u00e9ponse inflammatoire saine et \u00e9quilibr\u00e9e, ce qui est particuli\u00e8rement important \u00e0 mesure que nous vieillissons. Ajoutez Cytokine Suppress avec EGCG \u00e0 votre r\u00e9gime de suppl\u00e9ments d\u00e8s aujourd&#8217;hui pour promouvoir une r\u00e9ponse inflammatoire \u00e9quilibr\u00e9e.<\/p>\n<p><img decoding=\"async\" src=\"https:\/\/ecosupplements.be\/wp-content\/uploads\/2025\/08\/non-gmo-1.png\" title=\"Non-OGM\" alt=\"Non-GMO\"><\/p>\n","protected":false},"excerpt":{"rendered":"<p>Life Extension &#8211; Suppression des cytokines avec l&#8217;EGCG Cytokine Suppress with EGCG comprend des haricots mungo et du th\u00e9 vert, qui soutiennent le processus naturel de l&#8217;activit\u00e9 inflammatoire du syst\u00e8me immunitaire. Cet avantage puissant est fourni par les flavono\u00efdes et autres mol\u00e9cules que l&#8217;on trouve principalement dans l&#8217;enveloppe de la graine du haricot mungo et [&#8230;]\n","protected":false},"featured_media":247244,"comment_status":"open","ping_status":"open","template":"","meta":[],"product_brand":[4723],"product_cat":[5052,5123,5124],"product_tag":[5069],"class_list":{"0":"post-281375","1":"product","2":"type-product","3":"status-publish","4":"has-post-thumbnail","6":"product_brand-life-extension-2","7":"product_cat-sante-et-bien-etre","8":"product_cat-soutien-du-systeme-immunitaire","9":"product_cat-systeme-immunitaire","10":"product_tag-topeco-2","12":"first","13":"instock","14":"sale","15":"taxable","16":"shipping-taxable","17":"purchasable","18":"product-type-simple"},"yoast_head":"<!-- This site is optimized with the Yoast SEO Premium plugin v27.3 (Yoast SEO v27.3) - https:\/\/yoast.com\/product\/yoast-seo-premium-wordpress\/ -->\n<title>Suppression des cytokines avec EGCG - 30 vcaps - ECO Supplements<\/title>\n<meta name=\"description\" content=\"Wij hebben een ruime keuze aan producten van Suppression des cytokines avec EGCG - 30 vcaps . Winkel bij Eco Supplements altijd gratis verzending boven 100\u20ac\" \/>\n<meta name=\"robots\" content=\"index, follow, max-snippet:-1, max-image-preview:large, max-video-preview:-1\" \/>\n<link rel=\"canonical\" href=\"https:\/\/ecosupplements.be\/fr\/produit\/suppression-des-cytokines-avec-egcg-30-vcaps\/\" \/>\n<meta property=\"og:locale\" content=\"fr_FR\" \/>\n<meta property=\"og:type\" content=\"article\" \/>\n<meta property=\"og:title\" content=\"Suppression des cytokines avec EGCG - 30 vcaps\" \/>\n<meta property=\"og:description\" content=\"Wij hebben een ruime keuze aan producten van Suppression des cytokines avec EGCG - 30 vcaps . Winkel bij Eco Supplements altijd gratis verzending boven 100\u20ac\" \/>\n<meta property=\"og:url\" content=\"https:\/\/ecosupplements.be\/fr\/produit\/suppression-des-cytokines-avec-egcg-30-vcaps\/\" \/>\n<meta property=\"og:site_name\" content=\"ECO Supplements\" \/>\n<meta property=\"article:modified_time\" content=\"2025-08-27T10:18:35+00:00\" \/>\n<meta property=\"og:image\" content=\"https:\/\/ecosupplements.be\/wp-content\/uploads\/2025\/08\/Life-Extension-Cytokine-Suppress-with-EGCG-30-vcaps-1.jpg\" \/>\n\t<meta property=\"og:image:width\" content=\"750\" \/>\n\t<meta property=\"og:image:height\" content=\"750\" \/>\n\t<meta property=\"og:image:type\" content=\"image\/jpeg\" \/>\n<meta name=\"twitter:card\" content=\"summary_large_image\" \/>\n<meta name=\"twitter:label1\" content=\"Prix\" \/>\n\t<meta name=\"twitter:data1\" content=\"22.58&nbsp;&euro;\" \/>\n\t<meta name=\"twitter:label2\" content=\"Disponibilit\u00e9\" \/>\n\t<meta name=\"twitter:data2\" content=\"En stock\" \/>\n<script type=\"application\/ld+json\" class=\"yoast-schema-graph\">{\"@context\":\"https:\\\/\\\/schema.org\",\"@graph\":[{\"@type\":[\"WebPage\",\"ItemPage\"],\"@id\":\"https:\\\/\\\/ecosupplements.be\\\/fr\\\/produit\\\/suppression-des-cytokines-avec-egcg-30-vcaps\\\/\",\"url\":\"https:\\\/\\\/ecosupplements.be\\\/fr\\\/produit\\\/suppression-des-cytokines-avec-egcg-30-vcaps\\\/\",\"name\":\"Suppression des cytokines avec EGCG - 30 vcaps - ECO Supplements\",\"isPartOf\":{\"@id\":\"https:\\\/\\\/ecosupplements.be\\\/fr\\\/#website\"},\"primaryImageOfPage\":{\"@id\":\"https:\\\/\\\/ecosupplements.be\\\/fr\\\/produit\\\/suppression-des-cytokines-avec-egcg-30-vcaps\\\/#primaryimage\"},\"image\":{\"@id\":\"https:\\\/\\\/ecosupplements.be\\\/fr\\\/produit\\\/suppression-des-cytokines-avec-egcg-30-vcaps\\\/#primaryimage\"},\"thumbnailUrl\":\"https:\\\/\\\/ecosupplements.be\\\/wp-content\\\/uploads\\\/2025\\\/08\\\/Life-Extension-Cytokine-Suppress-with-EGCG-30-vcaps-1.jpg\",\"datePublished\":\"2022-06-28T09:17:04+00:00\",\"dateModified\":\"2025-08-27T10:18:35+00:00\",\"description\":\"Wij hebben een ruime keuze aan producten van Suppression des cytokines avec EGCG - 30 vcaps . Winkel bij Eco Supplements altijd gratis verzending boven 100\u20ac\",\"breadcrumb\":{\"@id\":\"https:\\\/\\\/ecosupplements.be\\\/fr\\\/produit\\\/suppression-des-cytokines-avec-egcg-30-vcaps\\\/#breadcrumb\"},\"inLanguage\":\"fr-FR\",\"potentialAction\":[{\"@type\":\"ReadAction\",\"target\":[\"https:\\\/\\\/ecosupplements.be\\\/fr\\\/produit\\\/suppression-des-cytokines-avec-egcg-30-vcaps\\\/\"]}]},{\"@type\":\"ImageObject\",\"inLanguage\":\"fr-FR\",\"@id\":\"https:\\\/\\\/ecosupplements.be\\\/fr\\\/produit\\\/suppression-des-cytokines-avec-egcg-30-vcaps\\\/#primaryimage\",\"url\":\"https:\\\/\\\/ecosupplements.be\\\/wp-content\\\/uploads\\\/2025\\\/08\\\/Life-Extension-Cytokine-Suppress-with-EGCG-30-vcaps-1.jpg\",\"contentUrl\":\"https:\\\/\\\/ecosupplements.be\\\/wp-content\\\/uploads\\\/2025\\\/08\\\/Life-Extension-Cytokine-Suppress-with-EGCG-30-vcaps-1.jpg\",\"width\":750,\"height\":750},{\"@type\":\"BreadcrumbList\",\"@id\":\"https:\\\/\\\/ecosupplements.be\\\/fr\\\/produit\\\/suppression-des-cytokines-avec-egcg-30-vcaps\\\/#breadcrumb\",\"itemListElement\":[{\"@type\":\"ListItem\",\"position\":1,\"name\":\"Home\",\"item\":\"https:\\\/\\\/ecosupplements.be\\\/fr\\\/\"},{\"@type\":\"ListItem\",\"position\":2,\"name\":\"Boutique\",\"item\":\"https:\\\/\\\/ecosupplements.be\\\/fr\\\/boutique\\\/\"},{\"@type\":\"ListItem\",\"position\":3,\"name\":\"Suppression des cytokines avec EGCG &#8211; 30 vcaps\"}]},{\"@type\":\"WebSite\",\"@id\":\"https:\\\/\\\/ecosupplements.be\\\/fr\\\/#website\",\"url\":\"https:\\\/\\\/ecosupplements.be\\\/fr\\\/\",\"name\":\"ECO Supplements\",\"description\":\"Eco Supplements - Gezonde supplementen\",\"publisher\":{\"@id\":\"https:\\\/\\\/ecosupplements.be\\\/fr\\\/#organization\"},\"potentialAction\":[{\"@type\":\"SearchAction\",\"target\":{\"@type\":\"EntryPoint\",\"urlTemplate\":\"https:\\\/\\\/ecosupplements.be\\\/fr\\\/?s={search_term_string}\"},\"query-input\":{\"@type\":\"PropertyValueSpecification\",\"valueRequired\":true,\"valueName\":\"search_term_string\"}}],\"inLanguage\":\"fr-FR\"},{\"@type\":\"Organization\",\"@id\":\"https:\\\/\\\/ecosupplements.be\\\/fr\\\/#organization\",\"name\":\"Eco Supplements\",\"url\":\"https:\\\/\\\/ecosupplements.be\\\/fr\\\/\",\"logo\":{\"@type\":\"ImageObject\",\"inLanguage\":\"fr-FR\",\"@id\":\"https:\\\/\\\/ecosupplements.be\\\/fr\\\/#\\\/schema\\\/logo\\\/image\\\/\",\"url\":\"https:\\\/\\\/ecosupplements.be\\\/wp-content\\\/uploads\\\/2022\\\/06\\\/ecosupplement-family.png\",\"contentUrl\":\"https:\\\/\\\/ecosupplements.be\\\/wp-content\\\/uploads\\\/2022\\\/06\\\/ecosupplement-family.png\",\"width\":593,\"height\":374,\"caption\":\"Eco Supplements\"},\"image\":{\"@id\":\"https:\\\/\\\/ecosupplements.be\\\/fr\\\/#\\\/schema\\\/logo\\\/image\\\/\"}}]}<\/script>\n<meta property=\"product:brand\" content=\"Life Extension\" \/>\n<meta property=\"product:price:amount\" content=\"22.58\" \/>\n<meta property=\"product:price:currency\" content=\"EUR\" \/>\n<meta property=\"og:availability\" content=\"instock\" \/>\n<meta property=\"product:availability\" content=\"instock\" \/>\n<meta property=\"product:retailer_item_id\" content=\"737870180432\" \/>\n<meta property=\"product:condition\" content=\"new\" \/>\n<!-- \/ Yoast SEO Premium plugin. -->","yoast_head_json":{"title":"Suppression des cytokines avec EGCG - 30 vcaps - ECO Supplements","description":"Wij hebben een ruime keuze aan producten van Suppression des cytokines avec EGCG - 30 vcaps . Winkel bij Eco Supplements altijd gratis verzending boven 100\u20ac","robots":{"index":"index","follow":"follow","max-snippet":"max-snippet:-1","max-image-preview":"max-image-preview:large","max-video-preview":"max-video-preview:-1"},"canonical":"https:\/\/ecosupplements.be\/fr\/produit\/suppression-des-cytokines-avec-egcg-30-vcaps\/","og_locale":"fr_FR","og_type":"article","og_title":"Suppression des cytokines avec EGCG - 30 vcaps","og_description":"Wij hebben een ruime keuze aan producten van Suppression des cytokines avec EGCG - 30 vcaps . Winkel bij Eco Supplements altijd gratis verzending boven 100\u20ac","og_url":"https:\/\/ecosupplements.be\/fr\/produit\/suppression-des-cytokines-avec-egcg-30-vcaps\/","og_site_name":"ECO Supplements","article_modified_time":"2025-08-27T10:18:35+00:00","og_image":[{"width":750,"height":750,"url":"https:\/\/ecosupplements.be\/wp-content\/uploads\/2025\/08\/Life-Extension-Cytokine-Suppress-with-EGCG-30-vcaps-1.jpg","type":"image\/jpeg"}],"twitter_card":"summary_large_image","twitter_misc":{"Prix":"22.58&nbsp;&euro;","Disponibilit\u00e9":"En stock"},"schema":{"@context":"https:\/\/schema.org","@graph":[{"@type":["WebPage","ItemPage"],"@id":"https:\/\/ecosupplements.be\/fr\/produit\/suppression-des-cytokines-avec-egcg-30-vcaps\/","url":"https:\/\/ecosupplements.be\/fr\/produit\/suppression-des-cytokines-avec-egcg-30-vcaps\/","name":"Suppression des cytokines avec EGCG - 30 vcaps - ECO Supplements","isPartOf":{"@id":"https:\/\/ecosupplements.be\/fr\/#website"},"primaryImageOfPage":{"@id":"https:\/\/ecosupplements.be\/fr\/produit\/suppression-des-cytokines-avec-egcg-30-vcaps\/#primaryimage"},"image":{"@id":"https:\/\/ecosupplements.be\/fr\/produit\/suppression-des-cytokines-avec-egcg-30-vcaps\/#primaryimage"},"thumbnailUrl":"https:\/\/ecosupplements.be\/wp-content\/uploads\/2025\/08\/Life-Extension-Cytokine-Suppress-with-EGCG-30-vcaps-1.jpg","datePublished":"2022-06-28T09:17:04+00:00","dateModified":"2025-08-27T10:18:35+00:00","description":"Wij hebben een ruime keuze aan producten van Suppression des cytokines avec EGCG - 30 vcaps . Winkel bij Eco Supplements altijd gratis verzending boven 100\u20ac","breadcrumb":{"@id":"https:\/\/ecosupplements.be\/fr\/produit\/suppression-des-cytokines-avec-egcg-30-vcaps\/#breadcrumb"},"inLanguage":"fr-FR","potentialAction":[{"@type":"ReadAction","target":["https:\/\/ecosupplements.be\/fr\/produit\/suppression-des-cytokines-avec-egcg-30-vcaps\/"]}]},{"@type":"ImageObject","inLanguage":"fr-FR","@id":"https:\/\/ecosupplements.be\/fr\/produit\/suppression-des-cytokines-avec-egcg-30-vcaps\/#primaryimage","url":"https:\/\/ecosupplements.be\/wp-content\/uploads\/2025\/08\/Life-Extension-Cytokine-Suppress-with-EGCG-30-vcaps-1.jpg","contentUrl":"https:\/\/ecosupplements.be\/wp-content\/uploads\/2025\/08\/Life-Extension-Cytokine-Suppress-with-EGCG-30-vcaps-1.jpg","width":750,"height":750},{"@type":"BreadcrumbList","@id":"https:\/\/ecosupplements.be\/fr\/produit\/suppression-des-cytokines-avec-egcg-30-vcaps\/#breadcrumb","itemListElement":[{"@type":"ListItem","position":1,"name":"Home","item":"https:\/\/ecosupplements.be\/fr\/"},{"@type":"ListItem","position":2,"name":"Boutique","item":"https:\/\/ecosupplements.be\/fr\/boutique\/"},{"@type":"ListItem","position":3,"name":"Suppression des cytokines avec EGCG &#8211; 30 vcaps"}]},{"@type":"WebSite","@id":"https:\/\/ecosupplements.be\/fr\/#website","url":"https:\/\/ecosupplements.be\/fr\/","name":"ECO Supplements","description":"Eco Supplements - Gezonde supplementen","publisher":{"@id":"https:\/\/ecosupplements.be\/fr\/#organization"},"potentialAction":[{"@type":"SearchAction","target":{"@type":"EntryPoint","urlTemplate":"https:\/\/ecosupplements.be\/fr\/?s={search_term_string}"},"query-input":{"@type":"PropertyValueSpecification","valueRequired":true,"valueName":"search_term_string"}}],"inLanguage":"fr-FR"},{"@type":"Organization","@id":"https:\/\/ecosupplements.be\/fr\/#organization","name":"Eco Supplements","url":"https:\/\/ecosupplements.be\/fr\/","logo":{"@type":"ImageObject","inLanguage":"fr-FR","@id":"https:\/\/ecosupplements.be\/fr\/#\/schema\/logo\/image\/","url":"https:\/\/ecosupplements.be\/wp-content\/uploads\/2022\/06\/ecosupplement-family.png","contentUrl":"https:\/\/ecosupplements.be\/wp-content\/uploads\/2022\/06\/ecosupplement-family.png","width":593,"height":374,"caption":"Eco Supplements"},"image":{"@id":"https:\/\/ecosupplements.be\/fr\/#\/schema\/logo\/image\/"}}]},"product_brand":"Life Extension","product_price_amount":"22.58","product_price_currency":"EUR","og_availability":"instock","product_availability":"instock","product_retailer_item_id":"737870180432","product_condition":"new"},"_links":{"self":[{"href":"https:\/\/ecosupplements.be\/fr\/wp-json\/wp\/v2\/product\/281375","targetHints":{"allow":["GET"]}}],"collection":[{"href":"https:\/\/ecosupplements.be\/fr\/wp-json\/wp\/v2\/product"}],"about":[{"href":"https:\/\/ecosupplements.be\/fr\/wp-json\/wp\/v2\/types\/product"}],"replies":[{"embeddable":true,"href":"https:\/\/ecosupplements.be\/fr\/wp-json\/wp\/v2\/comments?post=281375"}],"wp:featuredmedia":[{"embeddable":true,"href":"https:\/\/ecosupplements.be\/fr\/wp-json\/wp\/v2\/media\/247244"}],"wp:attachment":[{"href":"https:\/\/ecosupplements.be\/fr\/wp-json\/wp\/v2\/media?parent=281375"}],"wp:term":[{"taxonomy":"product_brand","embeddable":true,"href":"https:\/\/ecosupplements.be\/fr\/wp-json\/wp\/v2\/product_brand?post=281375"},{"taxonomy":"product_cat","embeddable":true,"href":"https:\/\/ecosupplements.be\/fr\/wp-json\/wp\/v2\/product_cat?post=281375"},{"taxonomy":"product_tag","embeddable":true,"href":"https:\/\/ecosupplements.be\/fr\/wp-json\/wp\/v2\/product_tag?post=281375"}],"curies":[{"name":"wp","href":"https:\/\/api.w.org\/{rel}","templated":true}]}}