{"id":281381,"date":"2022-06-28T10:17:04","date_gmt":"2022-06-28T09:17:04","guid":{"rendered":"https:\/\/ecosupplements.be\/product\/energy-renew-30-vcaps\/"},"modified":"2025-08-27T11:18:50","modified_gmt":"2025-08-27T10:18:50","slug":"energy-renew-30-vcaps","status":"publish","type":"product","link":"https:\/\/ecosupplements.be\/fr\/produit\/energy-renew-30-vcaps\/","title":{"rendered":"Energy Renew &#8211; 30 vcaps"},"content":{"rendered":"<h1 style=\"text-align: center\">Life Extension &#8211; Energy Renew<\/h1>\n<h3 style=\"text-align: center\">Formule avanc\u00e9e contre la fatigue g\u00e9n\u00e9rale<\/h3>\n<p>L&#8217;extrait de bois de ch\u00eane fran\u00e7ais RiboGen aide \u00e0 r\u00e9duire la fatigue g\u00e9n\u00e9rale et \u00e0 maintenir des niveaux d&#8217;\u00e9nergie sains gr\u00e2ce \u00e0 des compos\u00e9s polyph\u00e9noliques bioactifs uniques appel\u00e9s roburines qui favorisent la sant\u00e9 des ribosomes, les petites usines mol\u00e9culaires de vos cellules qui cr\u00e9ent les prot\u00e9ines n\u00e9cessaires \u00e0 la production d&#8217;\u00e9nergie.<br \/>\nLes avantages en un coup d&#8217;\u0153il :<br \/>\nFavorise une production saine de ribosomes<br \/>\nAide \u00e0 r\u00e9duire les effets de la fatigue g\u00e9n\u00e9rale<br \/>\nAide \u00e0 maintenir l&#8217;\u00e9nergie au niveau cellulaire<br \/>\nFabriqu\u00e9 avec un extrait exclusif de ch\u00eane fran\u00e7ais<br \/>\nPlus d&#8217;informations sur l&#8217;extrait de bois de ch\u00eane fran\u00e7ais RiboGen<br \/>\nDes millions d&#8217;Am\u00e9ricains sont en proie aux effets de la fatigue g\u00e9n\u00e9rale &#8211; sommeil non r\u00e9parateur, manque d&#8217;\u00e9nergie, faiblesse physique et malaise. Mais vous n&#8217;avez pas \u00e0 \u00eatre l&#8217;un d&#8217;entre eux : il existe une solution efficace qui combat la fatigue g\u00e9n\u00e9rale au niveau cellulaire en favorisant la production saine d&#8217;un organite cellulaire peu connu appel\u00e9 ribosome.<br \/>\nUsines de prot\u00e9ines cellulaires<br \/>\nDans chacune de vos cellules, il peut y avoir jusqu&#8217;\u00e0 10 millions de ribosomes, chacun cr\u00e9ant des prot\u00e9ines essentielles \u00e0 la production d&#8217;\u00e9nergie cellulaire. RiboGen est un extrait exclusif de bois de ch\u00eane fran\u00e7ais (Quercus robur). Cet extrait unique favorise la biogen\u00e8se ribosomale6, la fa\u00e7on naturelle qu&#8217;a le corps de produire de nouveaux ribosomes pour rajeunir la fonction ribosomale.<br \/>\nL&#8217;extrait de bois de ch\u00eane fran\u00e7ais dans les \u00e9tudes cliniques<br \/>\nDans plusieurs \u00e9tudes cliniques, l&#8217;extrait de bois de ch\u00eane fran\u00e7ais a aid\u00e9 \u00e0 soulager bon nombre des effets caus\u00e9s par la fatigue g\u00e9n\u00e9rale : les chercheurs ont constat\u00e9 que cet extrait aidait \u00e0 r\u00e9duire la faiblesse, favorisait un sommeil sain et r\u00e9parateur, soutenait une humeur positive, encourageait les niveaux d&#8217;\u00e9nergie et soulageait l&#8217;inconfort au niveau de la t\u00eate, des articulations et des muscles. Il a \u00e9galement aid\u00e9 \u00e0 prot\u00e9ger contre le stress oxydatif souvent accru par la fatigue g\u00e9n\u00e9rale.<br \/>\nSoutenir une biog\u00e9n\u00e8se ribosomale saine<br \/>\nLa promotion d&#8217;une sant\u00e9 ribosomale jeune au niveau cellulaire aide \u00e0 maintenir les niveaux d&#8217;\u00e9nergie, \u00e0 soutenir la production de prot\u00e9ines cellulaires essentielles, \u00e0 maintenir des fonctions corporelles saines qui d\u00e9pendent du m\u00e9tabolisme \u00e9nerg\u00e9tique cellulaire et, bien s\u00fbr, \u00e0 r\u00e9duire la fatigue g\u00e9n\u00e9rale.<\/p>\n<p><img decoding=\"async\" src=\"https:\/\/ecosupplements.be\/wp-content\/uploads\/2025\/08\/non-gmo-1.png\" title=\"Non-OGM\" alt=\"Non-GMO\"><\/p>\n","protected":false},"excerpt":{"rendered":"<p>Life Extension &#8211; Energy Renew Formule avanc\u00e9e contre la fatigue g\u00e9n\u00e9rale L&#8217;extrait de bois de ch\u00eane fran\u00e7ais RiboGen aide \u00e0 r\u00e9duire la fatigue g\u00e9n\u00e9rale et \u00e0 maintenir des niveaux d&#8217;\u00e9nergie sains gr\u00e2ce \u00e0 des compos\u00e9s polyph\u00e9noliques bioactifs uniques appel\u00e9s roburines qui favorisent la sant\u00e9 des ribosomes, les petites usines mol\u00e9culaires de vos cellules qui cr\u00e9ent [&#8230;]\n","protected":false},"featured_media":247274,"comment_status":"open","ping_status":"open","template":"","meta":[],"product_brand":[4723],"product_cat":[5052,5105],"product_tag":[5069],"class_list":{"0":"post-281381","1":"product","2":"type-product","3":"status-publish","4":"has-post-thumbnail","6":"product_brand-life-extension-2","7":"product_cat-sante-et-bien-etre","8":"product_cat-vitalite","9":"product_tag-topeco-2","11":"first","12":"instock","13":"taxable","14":"shipping-taxable","15":"purchasable","16":"product-type-simple"},"yoast_head":"<!-- This site is optimized with the Yoast SEO Premium plugin v27.5 (Yoast SEO v27.5) - https:\/\/yoast.com\/product\/yoast-seo-premium-wordpress\/ -->\n<title>Energy Renew - 30 vcaps - ECO Supplements<\/title>\n<meta name=\"description\" content=\"Wij hebben een ruime keuze aan producten van Energy Renew - 30 vcaps . Winkel bij Eco Supplements altijd gratis verzending boven 100\u20ac\" \/>\n<meta name=\"robots\" content=\"index, follow, max-snippet:-1, max-image-preview:large, max-video-preview:-1\" \/>\n<link rel=\"canonical\" href=\"https:\/\/ecosupplements.be\/fr\/produit\/energy-renew-30-vcaps\/\" \/>\n<meta property=\"og:locale\" content=\"fr_FR\" \/>\n<meta property=\"og:type\" content=\"article\" \/>\n<meta property=\"og:title\" content=\"Energy Renew - 30 vcaps\" \/>\n<meta property=\"og:description\" content=\"Wij hebben een ruime keuze aan producten van Energy Renew - 30 vcaps . Winkel bij Eco Supplements altijd gratis verzending boven 100\u20ac\" \/>\n<meta property=\"og:url\" content=\"https:\/\/ecosupplements.be\/fr\/produit\/energy-renew-30-vcaps\/\" \/>\n<meta property=\"og:site_name\" content=\"ECO Supplements\" \/>\n<meta property=\"article:modified_time\" content=\"2025-08-27T10:18:50+00:00\" \/>\n<meta property=\"og:image\" content=\"https:\/\/ecosupplements.be\/wp-content\/uploads\/2025\/08\/Life-Extension-RiboGen-French-Oak-Wood-Extract-30-vcaps-1.jpg\" \/>\n\t<meta property=\"og:image:width\" content=\"750\" \/>\n\t<meta property=\"og:image:height\" content=\"750\" \/>\n\t<meta property=\"og:image:type\" content=\"image\/jpeg\" \/>\n<meta name=\"twitter:card\" content=\"summary_large_image\" \/>\n<meta name=\"twitter:label1\" content=\"Prix\" \/>\n\t<meta name=\"twitter:data1\" content=\"36.23&nbsp;&euro;\" \/>\n\t<meta name=\"twitter:label2\" content=\"Disponibilit\u00e9\" \/>\n\t<meta name=\"twitter:data2\" content=\"En stock\" \/>\n<script type=\"application\/ld+json\" class=\"yoast-schema-graph\">{\"@context\":\"https:\\\/\\\/schema.org\",\"@graph\":[{\"@type\":[\"WebPage\",\"ItemPage\"],\"@id\":\"https:\\\/\\\/ecosupplements.be\\\/fr\\\/produit\\\/energy-renew-30-vcaps\\\/\",\"url\":\"https:\\\/\\\/ecosupplements.be\\\/fr\\\/produit\\\/energy-renew-30-vcaps\\\/\",\"name\":\"Energy Renew - 30 vcaps - ECO Supplements\",\"isPartOf\":{\"@id\":\"https:\\\/\\\/ecosupplements.be\\\/fr\\\/#website\"},\"primaryImageOfPage\":{\"@id\":\"https:\\\/\\\/ecosupplements.be\\\/fr\\\/produit\\\/energy-renew-30-vcaps\\\/#primaryimage\"},\"image\":{\"@id\":\"https:\\\/\\\/ecosupplements.be\\\/fr\\\/produit\\\/energy-renew-30-vcaps\\\/#primaryimage\"},\"thumbnailUrl\":\"https:\\\/\\\/ecosupplements.be\\\/wp-content\\\/uploads\\\/2025\\\/08\\\/Life-Extension-RiboGen-French-Oak-Wood-Extract-30-vcaps-1.jpg\",\"datePublished\":\"2022-06-28T09:17:04+00:00\",\"dateModified\":\"2025-08-27T10:18:50+00:00\",\"description\":\"Wij hebben een ruime keuze aan producten van Energy Renew - 30 vcaps . Winkel bij Eco Supplements altijd gratis verzending boven 100\u20ac\",\"breadcrumb\":{\"@id\":\"https:\\\/\\\/ecosupplements.be\\\/fr\\\/produit\\\/energy-renew-30-vcaps\\\/#breadcrumb\"},\"inLanguage\":\"fr-FR\",\"potentialAction\":[{\"@type\":\"ReadAction\",\"target\":[\"https:\\\/\\\/ecosupplements.be\\\/fr\\\/produit\\\/energy-renew-30-vcaps\\\/\"]}]},{\"@type\":\"ImageObject\",\"inLanguage\":\"fr-FR\",\"@id\":\"https:\\\/\\\/ecosupplements.be\\\/fr\\\/produit\\\/energy-renew-30-vcaps\\\/#primaryimage\",\"url\":\"https:\\\/\\\/ecosupplements.be\\\/wp-content\\\/uploads\\\/2025\\\/08\\\/Life-Extension-RiboGen-French-Oak-Wood-Extract-30-vcaps-1.jpg\",\"contentUrl\":\"https:\\\/\\\/ecosupplements.be\\\/wp-content\\\/uploads\\\/2025\\\/08\\\/Life-Extension-RiboGen-French-Oak-Wood-Extract-30-vcaps-1.jpg\",\"width\":750,\"height\":750},{\"@type\":\"BreadcrumbList\",\"@id\":\"https:\\\/\\\/ecosupplements.be\\\/fr\\\/produit\\\/energy-renew-30-vcaps\\\/#breadcrumb\",\"itemListElement\":[{\"@type\":\"ListItem\",\"position\":1,\"name\":\"Home\",\"item\":\"https:\\\/\\\/ecosupplements.be\\\/fr\\\/\"},{\"@type\":\"ListItem\",\"position\":2,\"name\":\"Boutique\",\"item\":\"https:\\\/\\\/ecosupplements.be\\\/fr\\\/boutique\\\/\"},{\"@type\":\"ListItem\",\"position\":3,\"name\":\"Energy Renew &#8211; 30 vcaps\"}]},{\"@type\":\"WebSite\",\"@id\":\"https:\\\/\\\/ecosupplements.be\\\/fr\\\/#website\",\"url\":\"https:\\\/\\\/ecosupplements.be\\\/fr\\\/\",\"name\":\"ECO Supplements\",\"description\":\"Eco Supplements - Gezonde supplementen\",\"publisher\":{\"@id\":\"https:\\\/\\\/ecosupplements.be\\\/fr\\\/#organization\"},\"potentialAction\":[{\"@type\":\"SearchAction\",\"target\":{\"@type\":\"EntryPoint\",\"urlTemplate\":\"https:\\\/\\\/ecosupplements.be\\\/fr\\\/?s={search_term_string}\"},\"query-input\":{\"@type\":\"PropertyValueSpecification\",\"valueRequired\":true,\"valueName\":\"search_term_string\"}}],\"inLanguage\":\"fr-FR\"},{\"@type\":\"Organization\",\"@id\":\"https:\\\/\\\/ecosupplements.be\\\/fr\\\/#organization\",\"name\":\"Eco Supplements\",\"url\":\"https:\\\/\\\/ecosupplements.be\\\/fr\\\/\",\"logo\":{\"@type\":\"ImageObject\",\"inLanguage\":\"fr-FR\",\"@id\":\"https:\\\/\\\/ecosupplements.be\\\/fr\\\/#\\\/schema\\\/logo\\\/image\\\/\",\"url\":\"https:\\\/\\\/ecosupplements.be\\\/wp-content\\\/uploads\\\/2022\\\/06\\\/ecosupplement-family.png\",\"contentUrl\":\"https:\\\/\\\/ecosupplements.be\\\/wp-content\\\/uploads\\\/2022\\\/06\\\/ecosupplement-family.png\",\"width\":593,\"height\":374,\"caption\":\"Eco Supplements\"},\"image\":{\"@id\":\"https:\\\/\\\/ecosupplements.be\\\/fr\\\/#\\\/schema\\\/logo\\\/image\\\/\"}}]}<\/script>\n<meta property=\"product:brand\" content=\"Life Extension\" \/>\n<meta property=\"product:price:amount\" content=\"36.23\" \/>\n<meta property=\"product:price:currency\" content=\"EUR\" \/>\n<meta property=\"og:availability\" content=\"instock\" \/>\n<meta property=\"product:availability\" content=\"instock\" \/>\n<meta property=\"product:retailer_item_id\" content=\"737870190035\" \/>\n<meta property=\"product:condition\" content=\"new\" \/>\n<!-- \/ Yoast SEO Premium plugin. -->","yoast_head_json":{"title":"Energy Renew - 30 vcaps - ECO Supplements","description":"Wij hebben een ruime keuze aan producten van Energy Renew - 30 vcaps . Winkel bij Eco Supplements altijd gratis verzending boven 100\u20ac","robots":{"index":"index","follow":"follow","max-snippet":"max-snippet:-1","max-image-preview":"max-image-preview:large","max-video-preview":"max-video-preview:-1"},"canonical":"https:\/\/ecosupplements.be\/fr\/produit\/energy-renew-30-vcaps\/","og_locale":"fr_FR","og_type":"article","og_title":"Energy Renew - 30 vcaps","og_description":"Wij hebben een ruime keuze aan producten van Energy Renew - 30 vcaps . Winkel bij Eco Supplements altijd gratis verzending boven 100\u20ac","og_url":"https:\/\/ecosupplements.be\/fr\/produit\/energy-renew-30-vcaps\/","og_site_name":"ECO Supplements","article_modified_time":"2025-08-27T10:18:50+00:00","og_image":[{"width":750,"height":750,"url":"https:\/\/ecosupplements.be\/wp-content\/uploads\/2025\/08\/Life-Extension-RiboGen-French-Oak-Wood-Extract-30-vcaps-1.jpg","type":"image\/jpeg"}],"twitter_card":"summary_large_image","twitter_misc":{"Prix":"36.23&nbsp;&euro;","Disponibilit\u00e9":"En stock"},"schema":{"@context":"https:\/\/schema.org","@graph":[{"@type":["WebPage","ItemPage"],"@id":"https:\/\/ecosupplements.be\/fr\/produit\/energy-renew-30-vcaps\/","url":"https:\/\/ecosupplements.be\/fr\/produit\/energy-renew-30-vcaps\/","name":"Energy Renew - 30 vcaps - ECO Supplements","isPartOf":{"@id":"https:\/\/ecosupplements.be\/fr\/#website"},"primaryImageOfPage":{"@id":"https:\/\/ecosupplements.be\/fr\/produit\/energy-renew-30-vcaps\/#primaryimage"},"image":{"@id":"https:\/\/ecosupplements.be\/fr\/produit\/energy-renew-30-vcaps\/#primaryimage"},"thumbnailUrl":"https:\/\/ecosupplements.be\/wp-content\/uploads\/2025\/08\/Life-Extension-RiboGen-French-Oak-Wood-Extract-30-vcaps-1.jpg","datePublished":"2022-06-28T09:17:04+00:00","dateModified":"2025-08-27T10:18:50+00:00","description":"Wij hebben een ruime keuze aan producten van Energy Renew - 30 vcaps . Winkel bij Eco Supplements altijd gratis verzending boven 100\u20ac","breadcrumb":{"@id":"https:\/\/ecosupplements.be\/fr\/produit\/energy-renew-30-vcaps\/#breadcrumb"},"inLanguage":"fr-FR","potentialAction":[{"@type":"ReadAction","target":["https:\/\/ecosupplements.be\/fr\/produit\/energy-renew-30-vcaps\/"]}]},{"@type":"ImageObject","inLanguage":"fr-FR","@id":"https:\/\/ecosupplements.be\/fr\/produit\/energy-renew-30-vcaps\/#primaryimage","url":"https:\/\/ecosupplements.be\/wp-content\/uploads\/2025\/08\/Life-Extension-RiboGen-French-Oak-Wood-Extract-30-vcaps-1.jpg","contentUrl":"https:\/\/ecosupplements.be\/wp-content\/uploads\/2025\/08\/Life-Extension-RiboGen-French-Oak-Wood-Extract-30-vcaps-1.jpg","width":750,"height":750},{"@type":"BreadcrumbList","@id":"https:\/\/ecosupplements.be\/fr\/produit\/energy-renew-30-vcaps\/#breadcrumb","itemListElement":[{"@type":"ListItem","position":1,"name":"Home","item":"https:\/\/ecosupplements.be\/fr\/"},{"@type":"ListItem","position":2,"name":"Boutique","item":"https:\/\/ecosupplements.be\/fr\/boutique\/"},{"@type":"ListItem","position":3,"name":"Energy Renew &#8211; 30 vcaps"}]},{"@type":"WebSite","@id":"https:\/\/ecosupplements.be\/fr\/#website","url":"https:\/\/ecosupplements.be\/fr\/","name":"ECO Supplements","description":"Eco Supplements - Gezonde supplementen","publisher":{"@id":"https:\/\/ecosupplements.be\/fr\/#organization"},"potentialAction":[{"@type":"SearchAction","target":{"@type":"EntryPoint","urlTemplate":"https:\/\/ecosupplements.be\/fr\/?s={search_term_string}"},"query-input":{"@type":"PropertyValueSpecification","valueRequired":true,"valueName":"search_term_string"}}],"inLanguage":"fr-FR"},{"@type":"Organization","@id":"https:\/\/ecosupplements.be\/fr\/#organization","name":"Eco Supplements","url":"https:\/\/ecosupplements.be\/fr\/","logo":{"@type":"ImageObject","inLanguage":"fr-FR","@id":"https:\/\/ecosupplements.be\/fr\/#\/schema\/logo\/image\/","url":"https:\/\/ecosupplements.be\/wp-content\/uploads\/2022\/06\/ecosupplement-family.png","contentUrl":"https:\/\/ecosupplements.be\/wp-content\/uploads\/2022\/06\/ecosupplement-family.png","width":593,"height":374,"caption":"Eco Supplements"},"image":{"@id":"https:\/\/ecosupplements.be\/fr\/#\/schema\/logo\/image\/"}}]},"product_brand":"Life Extension","product_price_amount":"36.23","product_price_currency":"EUR","og_availability":"instock","product_availability":"instock","product_retailer_item_id":"737870190035","product_condition":"new"},"_links":{"self":[{"href":"https:\/\/ecosupplements.be\/fr\/wp-json\/wp\/v2\/product\/281381","targetHints":{"allow":["GET"]}}],"collection":[{"href":"https:\/\/ecosupplements.be\/fr\/wp-json\/wp\/v2\/product"}],"about":[{"href":"https:\/\/ecosupplements.be\/fr\/wp-json\/wp\/v2\/types\/product"}],"replies":[{"embeddable":true,"href":"https:\/\/ecosupplements.be\/fr\/wp-json\/wp\/v2\/comments?post=281381"}],"wp:featuredmedia":[{"embeddable":true,"href":"https:\/\/ecosupplements.be\/fr\/wp-json\/wp\/v2\/media\/247274"}],"wp:attachment":[{"href":"https:\/\/ecosupplements.be\/fr\/wp-json\/wp\/v2\/media?parent=281381"}],"wp:term":[{"taxonomy":"product_brand","embeddable":true,"href":"https:\/\/ecosupplements.be\/fr\/wp-json\/wp\/v2\/product_brand?post=281381"},{"taxonomy":"product_cat","embeddable":true,"href":"https:\/\/ecosupplements.be\/fr\/wp-json\/wp\/v2\/product_cat?post=281381"},{"taxonomy":"product_tag","embeddable":true,"href":"https:\/\/ecosupplements.be\/fr\/wp-json\/wp\/v2\/product_tag?post=281381"}],"curies":[{"name":"wp","href":"https:\/\/api.w.org\/{rel}","templated":true}]}}