{"id":281384,"date":"2022-06-28T10:17:11","date_gmt":"2022-06-28T09:17:11","guid":{"rendered":"https:\/\/ecosupplements.be\/product\/super-enzymes-digestives-ameliorees-60-vcaps\/"},"modified":"2025-08-27T11:19:00","modified_gmt":"2025-08-27T10:19:00","slug":"super-enzymes-digestives-ameliorees-60-vcaps","status":"publish","type":"product","link":"https:\/\/ecosupplements.be\/fr\/produit\/super-enzymes-digestives-ameliorees-60-vcaps\/","title":{"rendered":"Super enzymes digestives am\u00e9lior\u00e9es &#8211; 60 vcaps"},"content":{"rendered":"<h1 style=\"text-align: center;\">Life Extension &#8211; Super enzymes digestives am\u00e9lior\u00e9es<\/h1>\n<p>&#8211; Favorise une digestion optimale<br \/>\n&#8211; Suppl\u00e9ment alimentaire<br \/>\n&#8211; Sans OGM<br \/>\nRessentez-vous un inconfort digestif apr\u00e8s les repas ? L&#8217;une des raisons en est que votre organisme produit moins d&#8217;enzymes digestives \u00e0 mesure que vous vieillissez. Enhanced Super Digestive Enzymes fournit une dose puissante d&#8217;amylase, de prot\u00e9ase et de lipase &#8211; des enzymes digestives pancr\u00e9atiques qui fonctionnent dans diverses conditions de pH pour favoriser la digestion des glucides, des prot\u00e9ines et des graisses. Luttez contre l&#8217;inconfort digestif li\u00e9 \u00e0 l&#8217;\u00e2ge gr\u00e2ce \u00e0 cette formulation innovante.<\/p>\n<p><img decoding=\"async\" src=\"https:\/\/ecosupplements.be\/wp-content\/uploads\/2025\/08\/gluten-free-1.png\" title=\"Sans gluten\" alt=\"Gluten free\"><img decoding=\"async\" src=\"https:\/\/ecosupplements.be\/wp-content\/uploads\/2025\/08\/non-gmo-1.png\" title=\"Non-OGM\" alt=\"Non-GMO\"><\/p>\n","protected":false},"excerpt":{"rendered":"<p>Life Extension &#8211; Super enzymes digestives am\u00e9lior\u00e9es &#8211; Favorise une digestion optimale &#8211; Suppl\u00e9ment alimentaire &#8211; Sans OGM Ressentez-vous un inconfort digestif apr\u00e8s les repas ? L&#8217;une des raisons en est que votre organisme produit moins d&#8217;enzymes digestives \u00e0 mesure que vous vieillissez. Enhanced Super Digestive Enzymes fournit une dose puissante d&#8217;amylase, de prot\u00e9ase et [&#8230;]\n","protected":false},"featured_media":247289,"comment_status":"open","ping_status":"open","template":"","meta":[],"product_brand":[4723],"product_cat":[5088,5093,5087,5052,5053],"product_tag":[5069],"class_list":{"0":"post-281384","1":"product","2":"type-product","3":"status-publish","4":"has-post-thumbnail","6":"product_brand-life-extension-2","7":"product_cat-enzymes","8":"product_cat-sante-digestive","9":"product_cat-sante-digestive-fibres","10":"product_cat-sante-et-bien-etre","11":"product_cat-vitamines-et-mineraux","12":"product_tag-topeco-2","14":"first","15":"instock","16":"taxable","17":"shipping-taxable","18":"purchasable","19":"product-type-simple"},"yoast_head":"<!-- This site is optimized with the Yoast SEO Premium plugin v27.3 (Yoast SEO v27.3) - https:\/\/yoast.com\/product\/yoast-seo-premium-wordpress\/ -->\n<title>Super enzymes digestives am\u00e9lior\u00e9es - 60 vcaps - ECO Supplements<\/title>\n<meta name=\"description\" content=\"Wij hebben een ruime keuze aan producten van Super enzymes digestives am\u00e9lior\u00e9es - 60 vcaps . Winkel bij Eco Supplements altijd gratis verzending boven 100\u20ac\" \/>\n<meta name=\"robots\" content=\"index, follow, max-snippet:-1, max-image-preview:large, max-video-preview:-1\" \/>\n<link rel=\"canonical\" href=\"https:\/\/ecosupplements.be\/fr\/produit\/super-enzymes-digestives-ameliorees-60-vcaps\/\" \/>\n<meta property=\"og:locale\" content=\"fr_FR\" \/>\n<meta property=\"og:type\" content=\"article\" \/>\n<meta property=\"og:title\" content=\"Super enzymes digestives am\u00e9lior\u00e9es - 60 vcaps\" \/>\n<meta property=\"og:description\" content=\"Wij hebben een ruime keuze aan producten van Super enzymes digestives am\u00e9lior\u00e9es - 60 vcaps . Winkel bij Eco Supplements altijd gratis verzending boven 100\u20ac\" \/>\n<meta property=\"og:url\" content=\"https:\/\/ecosupplements.be\/fr\/produit\/super-enzymes-digestives-ameliorees-60-vcaps\/\" \/>\n<meta property=\"og:site_name\" content=\"ECO Supplements\" \/>\n<meta property=\"article:modified_time\" content=\"2025-08-27T10:19:00+00:00\" \/>\n<meta property=\"og:image\" content=\"https:\/\/ecosupplements.be\/wp-content\/uploads\/2025\/08\/Life-Extension-Enhanced-Super-Digestive-Enzymes-60-vcaps-1.jpg\" \/>\n\t<meta property=\"og:image:width\" content=\"750\" \/>\n\t<meta property=\"og:image:height\" content=\"750\" \/>\n\t<meta property=\"og:image:type\" content=\"image\/jpeg\" \/>\n<meta name=\"twitter:card\" content=\"summary_large_image\" \/>\n<meta name=\"twitter:label1\" content=\"Prix\" \/>\n\t<meta name=\"twitter:data1\" content=\"23.12&nbsp;&euro;\" \/>\n\t<meta name=\"twitter:label2\" content=\"Disponibilit\u00e9\" \/>\n\t<meta name=\"twitter:data2\" content=\"En stock\" \/>\n<script type=\"application\/ld+json\" class=\"yoast-schema-graph\">{\"@context\":\"https:\\\/\\\/schema.org\",\"@graph\":[{\"@type\":[\"WebPage\",\"ItemPage\"],\"@id\":\"https:\\\/\\\/ecosupplements.be\\\/fr\\\/produit\\\/super-enzymes-digestives-ameliorees-60-vcaps\\\/\",\"url\":\"https:\\\/\\\/ecosupplements.be\\\/fr\\\/produit\\\/super-enzymes-digestives-ameliorees-60-vcaps\\\/\",\"name\":\"Super enzymes digestives am\u00e9lior\u00e9es - 60 vcaps - ECO Supplements\",\"isPartOf\":{\"@id\":\"https:\\\/\\\/ecosupplements.be\\\/fr\\\/#website\"},\"primaryImageOfPage\":{\"@id\":\"https:\\\/\\\/ecosupplements.be\\\/fr\\\/produit\\\/super-enzymes-digestives-ameliorees-60-vcaps\\\/#primaryimage\"},\"image\":{\"@id\":\"https:\\\/\\\/ecosupplements.be\\\/fr\\\/produit\\\/super-enzymes-digestives-ameliorees-60-vcaps\\\/#primaryimage\"},\"thumbnailUrl\":\"https:\\\/\\\/ecosupplements.be\\\/wp-content\\\/uploads\\\/2025\\\/08\\\/Life-Extension-Enhanced-Super-Digestive-Enzymes-60-vcaps-1.jpg\",\"datePublished\":\"2022-06-28T09:17:11+00:00\",\"dateModified\":\"2025-08-27T10:19:00+00:00\",\"description\":\"Wij hebben een ruime keuze aan producten van Super enzymes digestives am\u00e9lior\u00e9es - 60 vcaps . Winkel bij Eco Supplements altijd gratis verzending boven 100\u20ac\",\"breadcrumb\":{\"@id\":\"https:\\\/\\\/ecosupplements.be\\\/fr\\\/produit\\\/super-enzymes-digestives-ameliorees-60-vcaps\\\/#breadcrumb\"},\"inLanguage\":\"fr-FR\",\"potentialAction\":[{\"@type\":\"ReadAction\",\"target\":[\"https:\\\/\\\/ecosupplements.be\\\/fr\\\/produit\\\/super-enzymes-digestives-ameliorees-60-vcaps\\\/\"]}]},{\"@type\":\"ImageObject\",\"inLanguage\":\"fr-FR\",\"@id\":\"https:\\\/\\\/ecosupplements.be\\\/fr\\\/produit\\\/super-enzymes-digestives-ameliorees-60-vcaps\\\/#primaryimage\",\"url\":\"https:\\\/\\\/ecosupplements.be\\\/wp-content\\\/uploads\\\/2025\\\/08\\\/Life-Extension-Enhanced-Super-Digestive-Enzymes-60-vcaps-1.jpg\",\"contentUrl\":\"https:\\\/\\\/ecosupplements.be\\\/wp-content\\\/uploads\\\/2025\\\/08\\\/Life-Extension-Enhanced-Super-Digestive-Enzymes-60-vcaps-1.jpg\",\"width\":750,\"height\":750},{\"@type\":\"BreadcrumbList\",\"@id\":\"https:\\\/\\\/ecosupplements.be\\\/fr\\\/produit\\\/super-enzymes-digestives-ameliorees-60-vcaps\\\/#breadcrumb\",\"itemListElement\":[{\"@type\":\"ListItem\",\"position\":1,\"name\":\"Home\",\"item\":\"https:\\\/\\\/ecosupplements.be\\\/fr\\\/\"},{\"@type\":\"ListItem\",\"position\":2,\"name\":\"Boutique\",\"item\":\"https:\\\/\\\/ecosupplements.be\\\/fr\\\/boutique\\\/\"},{\"@type\":\"ListItem\",\"position\":3,\"name\":\"Super enzymes digestives am\u00e9lior\u00e9es &#8211; 60 vcaps\"}]},{\"@type\":\"WebSite\",\"@id\":\"https:\\\/\\\/ecosupplements.be\\\/fr\\\/#website\",\"url\":\"https:\\\/\\\/ecosupplements.be\\\/fr\\\/\",\"name\":\"ECO Supplements\",\"description\":\"Eco Supplements - Gezonde supplementen\",\"publisher\":{\"@id\":\"https:\\\/\\\/ecosupplements.be\\\/fr\\\/#organization\"},\"potentialAction\":[{\"@type\":\"SearchAction\",\"target\":{\"@type\":\"EntryPoint\",\"urlTemplate\":\"https:\\\/\\\/ecosupplements.be\\\/fr\\\/?s={search_term_string}\"},\"query-input\":{\"@type\":\"PropertyValueSpecification\",\"valueRequired\":true,\"valueName\":\"search_term_string\"}}],\"inLanguage\":\"fr-FR\"},{\"@type\":\"Organization\",\"@id\":\"https:\\\/\\\/ecosupplements.be\\\/fr\\\/#organization\",\"name\":\"Eco Supplements\",\"url\":\"https:\\\/\\\/ecosupplements.be\\\/fr\\\/\",\"logo\":{\"@type\":\"ImageObject\",\"inLanguage\":\"fr-FR\",\"@id\":\"https:\\\/\\\/ecosupplements.be\\\/fr\\\/#\\\/schema\\\/logo\\\/image\\\/\",\"url\":\"https:\\\/\\\/ecosupplements.be\\\/wp-content\\\/uploads\\\/2022\\\/06\\\/ecosupplement-family.png\",\"contentUrl\":\"https:\\\/\\\/ecosupplements.be\\\/wp-content\\\/uploads\\\/2022\\\/06\\\/ecosupplement-family.png\",\"width\":593,\"height\":374,\"caption\":\"Eco Supplements\"},\"image\":{\"@id\":\"https:\\\/\\\/ecosupplements.be\\\/fr\\\/#\\\/schema\\\/logo\\\/image\\\/\"}}]}<\/script>\n<meta property=\"product:brand\" content=\"Life Extension\" \/>\n<meta property=\"product:price:amount\" content=\"23.12\" \/>\n<meta property=\"product:price:currency\" content=\"EUR\" \/>\n<meta property=\"og:availability\" content=\"instock\" \/>\n<meta property=\"product:availability\" content=\"instock\" \/>\n<meta property=\"product:retailer_item_id\" content=\"737870202165\" \/>\n<meta property=\"product:condition\" content=\"new\" \/>\n<!-- \/ Yoast SEO Premium plugin. -->","yoast_head_json":{"title":"Super enzymes digestives am\u00e9lior\u00e9es - 60 vcaps - ECO Supplements","description":"Wij hebben een ruime keuze aan producten van Super enzymes digestives am\u00e9lior\u00e9es - 60 vcaps . Winkel bij Eco Supplements altijd gratis verzending boven 100\u20ac","robots":{"index":"index","follow":"follow","max-snippet":"max-snippet:-1","max-image-preview":"max-image-preview:large","max-video-preview":"max-video-preview:-1"},"canonical":"https:\/\/ecosupplements.be\/fr\/produit\/super-enzymes-digestives-ameliorees-60-vcaps\/","og_locale":"fr_FR","og_type":"article","og_title":"Super enzymes digestives am\u00e9lior\u00e9es - 60 vcaps","og_description":"Wij hebben een ruime keuze aan producten van Super enzymes digestives am\u00e9lior\u00e9es - 60 vcaps . Winkel bij Eco Supplements altijd gratis verzending boven 100\u20ac","og_url":"https:\/\/ecosupplements.be\/fr\/produit\/super-enzymes-digestives-ameliorees-60-vcaps\/","og_site_name":"ECO Supplements","article_modified_time":"2025-08-27T10:19:00+00:00","og_image":[{"width":750,"height":750,"url":"https:\/\/ecosupplements.be\/wp-content\/uploads\/2025\/08\/Life-Extension-Enhanced-Super-Digestive-Enzymes-60-vcaps-1.jpg","type":"image\/jpeg"}],"twitter_card":"summary_large_image","twitter_misc":{"Prix":"23.12&nbsp;&euro;","Disponibilit\u00e9":"En stock"},"schema":{"@context":"https:\/\/schema.org","@graph":[{"@type":["WebPage","ItemPage"],"@id":"https:\/\/ecosupplements.be\/fr\/produit\/super-enzymes-digestives-ameliorees-60-vcaps\/","url":"https:\/\/ecosupplements.be\/fr\/produit\/super-enzymes-digestives-ameliorees-60-vcaps\/","name":"Super enzymes digestives am\u00e9lior\u00e9es - 60 vcaps - ECO Supplements","isPartOf":{"@id":"https:\/\/ecosupplements.be\/fr\/#website"},"primaryImageOfPage":{"@id":"https:\/\/ecosupplements.be\/fr\/produit\/super-enzymes-digestives-ameliorees-60-vcaps\/#primaryimage"},"image":{"@id":"https:\/\/ecosupplements.be\/fr\/produit\/super-enzymes-digestives-ameliorees-60-vcaps\/#primaryimage"},"thumbnailUrl":"https:\/\/ecosupplements.be\/wp-content\/uploads\/2025\/08\/Life-Extension-Enhanced-Super-Digestive-Enzymes-60-vcaps-1.jpg","datePublished":"2022-06-28T09:17:11+00:00","dateModified":"2025-08-27T10:19:00+00:00","description":"Wij hebben een ruime keuze aan producten van Super enzymes digestives am\u00e9lior\u00e9es - 60 vcaps . Winkel bij Eco Supplements altijd gratis verzending boven 100\u20ac","breadcrumb":{"@id":"https:\/\/ecosupplements.be\/fr\/produit\/super-enzymes-digestives-ameliorees-60-vcaps\/#breadcrumb"},"inLanguage":"fr-FR","potentialAction":[{"@type":"ReadAction","target":["https:\/\/ecosupplements.be\/fr\/produit\/super-enzymes-digestives-ameliorees-60-vcaps\/"]}]},{"@type":"ImageObject","inLanguage":"fr-FR","@id":"https:\/\/ecosupplements.be\/fr\/produit\/super-enzymes-digestives-ameliorees-60-vcaps\/#primaryimage","url":"https:\/\/ecosupplements.be\/wp-content\/uploads\/2025\/08\/Life-Extension-Enhanced-Super-Digestive-Enzymes-60-vcaps-1.jpg","contentUrl":"https:\/\/ecosupplements.be\/wp-content\/uploads\/2025\/08\/Life-Extension-Enhanced-Super-Digestive-Enzymes-60-vcaps-1.jpg","width":750,"height":750},{"@type":"BreadcrumbList","@id":"https:\/\/ecosupplements.be\/fr\/produit\/super-enzymes-digestives-ameliorees-60-vcaps\/#breadcrumb","itemListElement":[{"@type":"ListItem","position":1,"name":"Home","item":"https:\/\/ecosupplements.be\/fr\/"},{"@type":"ListItem","position":2,"name":"Boutique","item":"https:\/\/ecosupplements.be\/fr\/boutique\/"},{"@type":"ListItem","position":3,"name":"Super enzymes digestives am\u00e9lior\u00e9es &#8211; 60 vcaps"}]},{"@type":"WebSite","@id":"https:\/\/ecosupplements.be\/fr\/#website","url":"https:\/\/ecosupplements.be\/fr\/","name":"ECO Supplements","description":"Eco Supplements - Gezonde supplementen","publisher":{"@id":"https:\/\/ecosupplements.be\/fr\/#organization"},"potentialAction":[{"@type":"SearchAction","target":{"@type":"EntryPoint","urlTemplate":"https:\/\/ecosupplements.be\/fr\/?s={search_term_string}"},"query-input":{"@type":"PropertyValueSpecification","valueRequired":true,"valueName":"search_term_string"}}],"inLanguage":"fr-FR"},{"@type":"Organization","@id":"https:\/\/ecosupplements.be\/fr\/#organization","name":"Eco Supplements","url":"https:\/\/ecosupplements.be\/fr\/","logo":{"@type":"ImageObject","inLanguage":"fr-FR","@id":"https:\/\/ecosupplements.be\/fr\/#\/schema\/logo\/image\/","url":"https:\/\/ecosupplements.be\/wp-content\/uploads\/2022\/06\/ecosupplement-family.png","contentUrl":"https:\/\/ecosupplements.be\/wp-content\/uploads\/2022\/06\/ecosupplement-family.png","width":593,"height":374,"caption":"Eco Supplements"},"image":{"@id":"https:\/\/ecosupplements.be\/fr\/#\/schema\/logo\/image\/"}}]},"product_brand":"Life Extension","product_price_amount":"23.12","product_price_currency":"EUR","og_availability":"instock","product_availability":"instock","product_retailer_item_id":"737870202165","product_condition":"new"},"_links":{"self":[{"href":"https:\/\/ecosupplements.be\/fr\/wp-json\/wp\/v2\/product\/281384","targetHints":{"allow":["GET"]}}],"collection":[{"href":"https:\/\/ecosupplements.be\/fr\/wp-json\/wp\/v2\/product"}],"about":[{"href":"https:\/\/ecosupplements.be\/fr\/wp-json\/wp\/v2\/types\/product"}],"replies":[{"embeddable":true,"href":"https:\/\/ecosupplements.be\/fr\/wp-json\/wp\/v2\/comments?post=281384"}],"wp:featuredmedia":[{"embeddable":true,"href":"https:\/\/ecosupplements.be\/fr\/wp-json\/wp\/v2\/media\/247289"}],"wp:attachment":[{"href":"https:\/\/ecosupplements.be\/fr\/wp-json\/wp\/v2\/media?parent=281384"}],"wp:term":[{"taxonomy":"product_brand","embeddable":true,"href":"https:\/\/ecosupplements.be\/fr\/wp-json\/wp\/v2\/product_brand?post=281384"},{"taxonomy":"product_cat","embeddable":true,"href":"https:\/\/ecosupplements.be\/fr\/wp-json\/wp\/v2\/product_cat?post=281384"},{"taxonomy":"product_tag","embeddable":true,"href":"https:\/\/ecosupplements.be\/fr\/wp-json\/wp\/v2\/product_tag?post=281384"}],"curies":[{"name":"wp","href":"https:\/\/api.w.org\/{rel}","templated":true}]}}