{"id":281385,"date":"2022-06-28T10:17:11","date_gmt":"2022-06-28T09:17:11","guid":{"rendered":"https:\/\/ecosupplements.be\/product\/super-enzymes-digestives-et-probiotiques-ameliores-60-vcaps\/"},"modified":"2025-08-27T11:19:04","modified_gmt":"2025-08-27T10:19:04","slug":"super-enzymes-digestives-et-probiotiques-ameliores-60-vcaps","status":"publish","type":"product","link":"https:\/\/ecosupplements.be\/fr\/produit\/super-enzymes-digestives-et-probiotiques-ameliores-60-vcaps\/","title":{"rendered":"Super enzymes digestives et probiotiques am\u00e9lior\u00e9s &#8211; 60 vcaps"},"content":{"rendered":"<h1 style=\"text-align: center;\">Life Extension &#8211; Super enzymes digestives et probiotiques am\u00e9lior\u00e9s<\/h1>\n<p>Les enzymes digestives sont essentielles \u00e0 l&#8217;absorption et \u00e0 l&#8217;utilisation optimale par l&#8217;organisme des aliments et de tous leurs nutriments.<br \/>\nLe vieillissement normal peut inhiber la production d&#8217;enzymes digestives, ce qui entra\u00eene une sensation de ballonnement et d&#8217;autres d\u00e9sagr\u00e9ments apr\u00e8s avoir mang\u00e9 un repas copieux.<br \/>\nEnhanced Super Digestive Enzymes fournit les enzymes sp\u00e9cifiques n\u00e9cessaires pour soutenir les r\u00e9actions naturelles qui d\u00e9composent les aliments &#8211; ce qui a \u00e9t\u00e9 d\u00e9montr\u00e9 pour optimiser la digestion et l&#8217;absorption des nutriments. Voici le large \u00e9ventail d&#8217;enzymes contenues dans cette formule :<br \/>\nProt\u00e9ases pour aider \u00e0 d\u00e9composer les prot\u00e9ines,<br \/>\nAmylase pour d\u00e9composer l&#8217;amidon et les courtes cha\u00eenes de sucre appel\u00e9es oligosaccharides,<br \/>\nLipase pour d\u00e9composer les graisses,<br \/>\nCellulase pour d\u00e9composer le polysaccharide indigeste de la cellulose alimentaire et<br \/>\nLactase pour d\u00e9composer le lactose.<br \/>\nLes Super enzymes digestives am\u00e9lior\u00e9es avec probiotiques fournissent les m\u00eames enzymes que les Super enzymes digestives am\u00e9lior\u00e9es, mais avec les avantages suppl\u00e9mentaires du probiotique B. coagulans.<br \/>\nCe probiotique cr\u00e9e un bouclier protecteur naturel qui r\u00e9siste \u00e0 la digestion dans l&#8217;estomac, ce qui lui permet de se coloniser pleinement dans les intestins.9 Les probiotiques tels que B. coagulans soutiennent la sant\u00e9 digestive et suppriment les bact\u00e9ries moins b\u00e9n\u00e9fiques. Ces derniers ont d\u00e9montr\u00e9 qu&#8217;ils am\u00e9lioraient le confort digestif.<\/p>\n<p><img decoding=\"async\" src=\"https:\/\/ecosupplements.be\/wp-content\/uploads\/2025\/08\/gluten-free-1.png\" title=\"Sans gluten\" alt=\"Gluten free\"><img decoding=\"async\" src=\"https:\/\/ecosupplements.be\/wp-content\/uploads\/2025\/08\/non-gmo-1.png\" title=\"Non-OGM\" alt=\"Non-GMO\"><\/p>\n<p>Compl\u00e9ment alimentaire :<br \/>\nPortion : 1 Capsule V\u00e9g\u00e9tarienne<br \/>\nPortions par conteneur : 60<br \/>\nQuantit\u00e9 par portion :<br \/>\nM\u00e9lange v\u00e9g\u00e9tarien d&#8217;enzymes digestives 140mg<br \/>\nProt\u00e9ase SP (A. oryzae, B. subtilis) 25 000 FCC (HUT)&nbsp;&nbsp; &nbsp;<br \/>\nBrom\u00e9la\u00efne (A. comosus) 800 000 FCC (PU)&nbsp;&nbsp; &nbsp;<br \/>\nLactase (A. oryzae) 2 000 FCC (ALU)&nbsp;&nbsp; &nbsp;<br \/>\nCellulase (A. niger) 2 000 FCC (CU)&nbsp;&nbsp; &nbsp;<br \/>\nLipase (C. rugosa) 2,500 FCC (FIP)&nbsp;&nbsp; &nbsp;<br \/>\nAlpha Galactosidase (A. niger) 150 (GalU)&nbsp;&nbsp; &nbsp;<br \/>\nH\u00e9micellulase (A. niger) 4 000 (HCU)&nbsp;&nbsp; &nbsp;<br \/>\nPectinase (A. niger) 25 (endo-PGU)&nbsp;&nbsp; &nbsp;<br \/>\nProt\u00e9ase 3.0 (A. niger) 10 (SAPU)&nbsp;&nbsp; &nbsp;<br \/>\nXylanase (T. longibrachiatum) 500 (XU)&nbsp;&nbsp; &nbsp;<br \/>\nLactospore B. coagulans MTCC5856 (1 milliard CFU) 10 mg<br \/>\nSuper enzymes digestives am\u00e9lior\u00e9es avec probiotiques Autres ingr\u00e9dients :<br \/>\nCellulose microcristalline, cellulose v\u00e9g\u00e9tale (capsule), maltodextrine, triglyc\u00e9rides \u00e0 cha\u00eene moyenne. Contient du soja.<br \/>\nSuper enzymes digestives am\u00e9lior\u00e9es avec probiotiques Utilisation recommand\u00e9e :<br \/>\nPrendre une (1) capsule une \u00e0 deux fois par jour avant les repas les plus lourds, ou selon les recommandations d&#8217;un professionnel de la sant\u00e9.<br \/>\nAvertissements :<br \/>\nTenir hors de port\u00e9e des enfants. Ne pas d\u00e9passer la dose recommand\u00e9e. Ne pas acheter si le sceau ext\u00e9rieur est bris\u00e9 ou endommag\u00e9.<br \/>\nLorsque vous utilisez des compl\u00e9ments alimentaires, veuillez consulter votre m\u00e9decin si vous suivez un traitement pour un probl\u00e8me m\u00e9dical ou si vous \u00eates enceinte ou allaitante.<\/p>\n","protected":false},"excerpt":{"rendered":"<p>Life Extension &#8211; Super enzymes digestives et probiotiques am\u00e9lior\u00e9s Les enzymes digestives sont essentielles \u00e0 l&#8217;absorption et \u00e0 l&#8217;utilisation optimale par l&#8217;organisme des aliments et de tous leurs nutriments. Le vieillissement normal peut inhiber la production d&#8217;enzymes digestives, ce qui entra\u00eene une sensation de ballonnement et d&#8217;autres d\u00e9sagr\u00e9ments apr\u00e8s avoir mang\u00e9 un repas copieux. Enhanced [&#8230;]\n","protected":false},"featured_media":247294,"comment_status":"open","ping_status":"open","template":"","meta":[],"product_brand":[4723],"product_cat":[5088,5086,5093,5087,5052],"product_tag":[5069],"class_list":{"0":"post-281385","1":"product","2":"type-product","3":"status-publish","4":"has-post-thumbnail","6":"product_brand-life-extension-2","7":"product_cat-enzymes","8":"product_cat-probiotiques","9":"product_cat-sante-digestive","10":"product_cat-sante-digestive-fibres","11":"product_cat-sante-et-bien-etre","12":"product_tag-topeco-2","14":"first","15":"instock","16":"sale","17":"taxable","18":"shipping-taxable","19":"purchasable","20":"product-type-simple"},"yoast_head":"<!-- This site is optimized with the Yoast SEO Premium plugin v27.5 (Yoast SEO v27.5) - https:\/\/yoast.com\/product\/yoast-seo-premium-wordpress\/ -->\n<title>Super enzymes digestives et probiotiques am\u00e9lior\u00e9s - 60 vcaps - ECO Supplements<\/title>\n<meta name=\"description\" content=\"Wij hebben een ruime keuze aan producten van Super enzymes digestives et probiotiques am\u00e9lior\u00e9s - 60 vcaps . Winkel bij Eco Supplements altijd gratis verzending boven 100\u20ac\" \/>\n<meta name=\"robots\" content=\"index, follow, max-snippet:-1, max-image-preview:large, max-video-preview:-1\" \/>\n<link rel=\"canonical\" href=\"https:\/\/ecosupplements.be\/fr\/produit\/super-enzymes-digestives-et-probiotiques-ameliores-60-vcaps\/\" \/>\n<meta property=\"og:locale\" content=\"fr_FR\" \/>\n<meta property=\"og:type\" content=\"article\" \/>\n<meta property=\"og:title\" content=\"Super enzymes digestives et probiotiques am\u00e9lior\u00e9s - 60 vcaps\" \/>\n<meta property=\"og:description\" content=\"Wij hebben een ruime keuze aan producten van Super enzymes digestives et probiotiques am\u00e9lior\u00e9s - 60 vcaps . Winkel bij Eco Supplements altijd gratis verzending boven 100\u20ac\" \/>\n<meta property=\"og:url\" content=\"https:\/\/ecosupplements.be\/fr\/produit\/super-enzymes-digestives-et-probiotiques-ameliores-60-vcaps\/\" \/>\n<meta property=\"og:site_name\" content=\"ECO Supplements\" \/>\n<meta property=\"article:modified_time\" content=\"2025-08-27T10:19:04+00:00\" \/>\n<meta property=\"og:image\" content=\"https:\/\/ecosupplements.be\/wp-content\/uploads\/2025\/08\/Life-Extension-Enhanced-Super-Digestive-Enzymes-with-Probiotics-60-vcaps-1.jpg\" \/>\n\t<meta property=\"og:image:width\" content=\"750\" \/>\n\t<meta property=\"og:image:height\" content=\"750\" \/>\n\t<meta property=\"og:image:type\" content=\"image\/jpeg\" \/>\n<meta name=\"twitter:card\" content=\"summary_large_image\" \/>\n<meta name=\"twitter:label1\" content=\"Prix\" \/>\n\t<meta name=\"twitter:data1\" content=\"26.81&nbsp;&euro;\" \/>\n\t<meta name=\"twitter:label2\" content=\"Disponibilit\u00e9\" \/>\n\t<meta name=\"twitter:data2\" content=\"En stock\" \/>\n<script type=\"application\/ld+json\" class=\"yoast-schema-graph\">{\"@context\":\"https:\\\/\\\/schema.org\",\"@graph\":[{\"@type\":[\"WebPage\",\"ItemPage\"],\"@id\":\"https:\\\/\\\/ecosupplements.be\\\/fr\\\/produit\\\/super-enzymes-digestives-et-probiotiques-ameliores-60-vcaps\\\/\",\"url\":\"https:\\\/\\\/ecosupplements.be\\\/fr\\\/produit\\\/super-enzymes-digestives-et-probiotiques-ameliores-60-vcaps\\\/\",\"name\":\"Super enzymes digestives et probiotiques am\u00e9lior\u00e9s - 60 vcaps - ECO Supplements\",\"isPartOf\":{\"@id\":\"https:\\\/\\\/ecosupplements.be\\\/fr\\\/#website\"},\"primaryImageOfPage\":{\"@id\":\"https:\\\/\\\/ecosupplements.be\\\/fr\\\/produit\\\/super-enzymes-digestives-et-probiotiques-ameliores-60-vcaps\\\/#primaryimage\"},\"image\":{\"@id\":\"https:\\\/\\\/ecosupplements.be\\\/fr\\\/produit\\\/super-enzymes-digestives-et-probiotiques-ameliores-60-vcaps\\\/#primaryimage\"},\"thumbnailUrl\":\"https:\\\/\\\/ecosupplements.be\\\/wp-content\\\/uploads\\\/2025\\\/08\\\/Life-Extension-Enhanced-Super-Digestive-Enzymes-with-Probiotics-60-vcaps-1.jpg\",\"datePublished\":\"2022-06-28T09:17:11+00:00\",\"dateModified\":\"2025-08-27T10:19:04+00:00\",\"description\":\"Wij hebben een ruime keuze aan producten van Super enzymes digestives et probiotiques am\u00e9lior\u00e9s - 60 vcaps . Winkel bij Eco Supplements altijd gratis verzending boven 100\u20ac\",\"breadcrumb\":{\"@id\":\"https:\\\/\\\/ecosupplements.be\\\/fr\\\/produit\\\/super-enzymes-digestives-et-probiotiques-ameliores-60-vcaps\\\/#breadcrumb\"},\"inLanguage\":\"fr-FR\",\"potentialAction\":[{\"@type\":\"ReadAction\",\"target\":[\"https:\\\/\\\/ecosupplements.be\\\/fr\\\/produit\\\/super-enzymes-digestives-et-probiotiques-ameliores-60-vcaps\\\/\"]}]},{\"@type\":\"ImageObject\",\"inLanguage\":\"fr-FR\",\"@id\":\"https:\\\/\\\/ecosupplements.be\\\/fr\\\/produit\\\/super-enzymes-digestives-et-probiotiques-ameliores-60-vcaps\\\/#primaryimage\",\"url\":\"https:\\\/\\\/ecosupplements.be\\\/wp-content\\\/uploads\\\/2025\\\/08\\\/Life-Extension-Enhanced-Super-Digestive-Enzymes-with-Probiotics-60-vcaps-1.jpg\",\"contentUrl\":\"https:\\\/\\\/ecosupplements.be\\\/wp-content\\\/uploads\\\/2025\\\/08\\\/Life-Extension-Enhanced-Super-Digestive-Enzymes-with-Probiotics-60-vcaps-1.jpg\",\"width\":750,\"height\":750},{\"@type\":\"BreadcrumbList\",\"@id\":\"https:\\\/\\\/ecosupplements.be\\\/fr\\\/produit\\\/super-enzymes-digestives-et-probiotiques-ameliores-60-vcaps\\\/#breadcrumb\",\"itemListElement\":[{\"@type\":\"ListItem\",\"position\":1,\"name\":\"Home\",\"item\":\"https:\\\/\\\/ecosupplements.be\\\/fr\\\/\"},{\"@type\":\"ListItem\",\"position\":2,\"name\":\"Boutique\",\"item\":\"https:\\\/\\\/ecosupplements.be\\\/fr\\\/boutique\\\/\"},{\"@type\":\"ListItem\",\"position\":3,\"name\":\"Super enzymes digestives et probiotiques am\u00e9lior\u00e9s &#8211; 60 vcaps\"}]},{\"@type\":\"WebSite\",\"@id\":\"https:\\\/\\\/ecosupplements.be\\\/fr\\\/#website\",\"url\":\"https:\\\/\\\/ecosupplements.be\\\/fr\\\/\",\"name\":\"ECO Supplements\",\"description\":\"Eco Supplements - Gezonde supplementen\",\"publisher\":{\"@id\":\"https:\\\/\\\/ecosupplements.be\\\/fr\\\/#organization\"},\"potentialAction\":[{\"@type\":\"SearchAction\",\"target\":{\"@type\":\"EntryPoint\",\"urlTemplate\":\"https:\\\/\\\/ecosupplements.be\\\/fr\\\/?s={search_term_string}\"},\"query-input\":{\"@type\":\"PropertyValueSpecification\",\"valueRequired\":true,\"valueName\":\"search_term_string\"}}],\"inLanguage\":\"fr-FR\"},{\"@type\":\"Organization\",\"@id\":\"https:\\\/\\\/ecosupplements.be\\\/fr\\\/#organization\",\"name\":\"Eco Supplements\",\"url\":\"https:\\\/\\\/ecosupplements.be\\\/fr\\\/\",\"logo\":{\"@type\":\"ImageObject\",\"inLanguage\":\"fr-FR\",\"@id\":\"https:\\\/\\\/ecosupplements.be\\\/fr\\\/#\\\/schema\\\/logo\\\/image\\\/\",\"url\":\"https:\\\/\\\/ecosupplements.be\\\/wp-content\\\/uploads\\\/2022\\\/06\\\/ecosupplement-family.png\",\"contentUrl\":\"https:\\\/\\\/ecosupplements.be\\\/wp-content\\\/uploads\\\/2022\\\/06\\\/ecosupplement-family.png\",\"width\":593,\"height\":374,\"caption\":\"Eco Supplements\"},\"image\":{\"@id\":\"https:\\\/\\\/ecosupplements.be\\\/fr\\\/#\\\/schema\\\/logo\\\/image\\\/\"}}]}<\/script>\n<meta property=\"product:brand\" content=\"Life Extension\" \/>\n<meta property=\"product:price:amount\" content=\"26.81\" \/>\n<meta property=\"product:price:currency\" content=\"EUR\" \/>\n<meta property=\"og:availability\" content=\"instock\" \/>\n<meta property=\"product:availability\" content=\"instock\" \/>\n<meta property=\"product:retailer_item_id\" content=\"737870202264\" \/>\n<meta property=\"product:condition\" content=\"new\" \/>\n<!-- \/ Yoast SEO Premium plugin. -->","yoast_head_json":{"title":"Super enzymes digestives et probiotiques am\u00e9lior\u00e9s - 60 vcaps - ECO Supplements","description":"Wij hebben een ruime keuze aan producten van Super enzymes digestives et probiotiques am\u00e9lior\u00e9s - 60 vcaps . Winkel bij Eco Supplements altijd gratis verzending boven 100\u20ac","robots":{"index":"index","follow":"follow","max-snippet":"max-snippet:-1","max-image-preview":"max-image-preview:large","max-video-preview":"max-video-preview:-1"},"canonical":"https:\/\/ecosupplements.be\/fr\/produit\/super-enzymes-digestives-et-probiotiques-ameliores-60-vcaps\/","og_locale":"fr_FR","og_type":"article","og_title":"Super enzymes digestives et probiotiques am\u00e9lior\u00e9s - 60 vcaps","og_description":"Wij hebben een ruime keuze aan producten van Super enzymes digestives et probiotiques am\u00e9lior\u00e9s - 60 vcaps . Winkel bij Eco Supplements altijd gratis verzending boven 100\u20ac","og_url":"https:\/\/ecosupplements.be\/fr\/produit\/super-enzymes-digestives-et-probiotiques-ameliores-60-vcaps\/","og_site_name":"ECO Supplements","article_modified_time":"2025-08-27T10:19:04+00:00","og_image":[{"width":750,"height":750,"url":"https:\/\/ecosupplements.be\/wp-content\/uploads\/2025\/08\/Life-Extension-Enhanced-Super-Digestive-Enzymes-with-Probiotics-60-vcaps-1.jpg","type":"image\/jpeg"}],"twitter_card":"summary_large_image","twitter_misc":{"Prix":"26.81&nbsp;&euro;","Disponibilit\u00e9":"En stock"},"schema":{"@context":"https:\/\/schema.org","@graph":[{"@type":["WebPage","ItemPage"],"@id":"https:\/\/ecosupplements.be\/fr\/produit\/super-enzymes-digestives-et-probiotiques-ameliores-60-vcaps\/","url":"https:\/\/ecosupplements.be\/fr\/produit\/super-enzymes-digestives-et-probiotiques-ameliores-60-vcaps\/","name":"Super enzymes digestives et probiotiques am\u00e9lior\u00e9s - 60 vcaps - ECO Supplements","isPartOf":{"@id":"https:\/\/ecosupplements.be\/fr\/#website"},"primaryImageOfPage":{"@id":"https:\/\/ecosupplements.be\/fr\/produit\/super-enzymes-digestives-et-probiotiques-ameliores-60-vcaps\/#primaryimage"},"image":{"@id":"https:\/\/ecosupplements.be\/fr\/produit\/super-enzymes-digestives-et-probiotiques-ameliores-60-vcaps\/#primaryimage"},"thumbnailUrl":"https:\/\/ecosupplements.be\/wp-content\/uploads\/2025\/08\/Life-Extension-Enhanced-Super-Digestive-Enzymes-with-Probiotics-60-vcaps-1.jpg","datePublished":"2022-06-28T09:17:11+00:00","dateModified":"2025-08-27T10:19:04+00:00","description":"Wij hebben een ruime keuze aan producten van Super enzymes digestives et probiotiques am\u00e9lior\u00e9s - 60 vcaps . Winkel bij Eco Supplements altijd gratis verzending boven 100\u20ac","breadcrumb":{"@id":"https:\/\/ecosupplements.be\/fr\/produit\/super-enzymes-digestives-et-probiotiques-ameliores-60-vcaps\/#breadcrumb"},"inLanguage":"fr-FR","potentialAction":[{"@type":"ReadAction","target":["https:\/\/ecosupplements.be\/fr\/produit\/super-enzymes-digestives-et-probiotiques-ameliores-60-vcaps\/"]}]},{"@type":"ImageObject","inLanguage":"fr-FR","@id":"https:\/\/ecosupplements.be\/fr\/produit\/super-enzymes-digestives-et-probiotiques-ameliores-60-vcaps\/#primaryimage","url":"https:\/\/ecosupplements.be\/wp-content\/uploads\/2025\/08\/Life-Extension-Enhanced-Super-Digestive-Enzymes-with-Probiotics-60-vcaps-1.jpg","contentUrl":"https:\/\/ecosupplements.be\/wp-content\/uploads\/2025\/08\/Life-Extension-Enhanced-Super-Digestive-Enzymes-with-Probiotics-60-vcaps-1.jpg","width":750,"height":750},{"@type":"BreadcrumbList","@id":"https:\/\/ecosupplements.be\/fr\/produit\/super-enzymes-digestives-et-probiotiques-ameliores-60-vcaps\/#breadcrumb","itemListElement":[{"@type":"ListItem","position":1,"name":"Home","item":"https:\/\/ecosupplements.be\/fr\/"},{"@type":"ListItem","position":2,"name":"Boutique","item":"https:\/\/ecosupplements.be\/fr\/boutique\/"},{"@type":"ListItem","position":3,"name":"Super enzymes digestives et probiotiques am\u00e9lior\u00e9s &#8211; 60 vcaps"}]},{"@type":"WebSite","@id":"https:\/\/ecosupplements.be\/fr\/#website","url":"https:\/\/ecosupplements.be\/fr\/","name":"ECO Supplements","description":"Eco Supplements - Gezonde supplementen","publisher":{"@id":"https:\/\/ecosupplements.be\/fr\/#organization"},"potentialAction":[{"@type":"SearchAction","target":{"@type":"EntryPoint","urlTemplate":"https:\/\/ecosupplements.be\/fr\/?s={search_term_string}"},"query-input":{"@type":"PropertyValueSpecification","valueRequired":true,"valueName":"search_term_string"}}],"inLanguage":"fr-FR"},{"@type":"Organization","@id":"https:\/\/ecosupplements.be\/fr\/#organization","name":"Eco Supplements","url":"https:\/\/ecosupplements.be\/fr\/","logo":{"@type":"ImageObject","inLanguage":"fr-FR","@id":"https:\/\/ecosupplements.be\/fr\/#\/schema\/logo\/image\/","url":"https:\/\/ecosupplements.be\/wp-content\/uploads\/2022\/06\/ecosupplement-family.png","contentUrl":"https:\/\/ecosupplements.be\/wp-content\/uploads\/2022\/06\/ecosupplement-family.png","width":593,"height":374,"caption":"Eco Supplements"},"image":{"@id":"https:\/\/ecosupplements.be\/fr\/#\/schema\/logo\/image\/"}}]},"product_brand":"Life Extension","product_price_amount":"26.81","product_price_currency":"EUR","og_availability":"instock","product_availability":"instock","product_retailer_item_id":"737870202264","product_condition":"new"},"_links":{"self":[{"href":"https:\/\/ecosupplements.be\/fr\/wp-json\/wp\/v2\/product\/281385","targetHints":{"allow":["GET"]}}],"collection":[{"href":"https:\/\/ecosupplements.be\/fr\/wp-json\/wp\/v2\/product"}],"about":[{"href":"https:\/\/ecosupplements.be\/fr\/wp-json\/wp\/v2\/types\/product"}],"replies":[{"embeddable":true,"href":"https:\/\/ecosupplements.be\/fr\/wp-json\/wp\/v2\/comments?post=281385"}],"wp:featuredmedia":[{"embeddable":true,"href":"https:\/\/ecosupplements.be\/fr\/wp-json\/wp\/v2\/media\/247294"}],"wp:attachment":[{"href":"https:\/\/ecosupplements.be\/fr\/wp-json\/wp\/v2\/media?parent=281385"}],"wp:term":[{"taxonomy":"product_brand","embeddable":true,"href":"https:\/\/ecosupplements.be\/fr\/wp-json\/wp\/v2\/product_brand?post=281385"},{"taxonomy":"product_cat","embeddable":true,"href":"https:\/\/ecosupplements.be\/fr\/wp-json\/wp\/v2\/product_cat?post=281385"},{"taxonomy":"product_tag","embeddable":true,"href":"https:\/\/ecosupplements.be\/fr\/wp-json\/wp\/v2\/product_tag?post=281385"}],"curies":[{"name":"wp","href":"https:\/\/api.w.org\/{rel}","templated":true}]}}